{"id":9995,"date":"2019-05-02T09:43:46","date_gmt":"2020-06-25T14:54:19","guid":{"rendered":"https:\/\/www.cascade.it\/?post_type=product&#038;p=9995"},"modified":"2021-09-29T16:40:57","modified_gmt":"2021-09-29T14:40:57","slug":"traversees-a-etanche-ip68","status":"publish","type":"product","link":"https:\/\/www.cascade.it\/fr\/prodotto\/traversees-a-etanche-ip68\/","title":{"rendered":"Travers\u00e9es \u00e0 \u00e9tanche IP68"},"content":{"rendered":"<p>[vc_row][vc_column][vc_empty_space height=\u00a0\u00bb50&Prime; height_mobile=\u00a0\u00bb150&Prime;][vc_column_text spacing_heading=\u00a0\u00bb\u00a0\u00bb spacing_heading_tab=\u00a0\u00bb\u00a0\u00bb spacing_heading_mobile=\u00a0\u00bb\u00a0\u00bb]<div class=\"carousel-slider-outer carousel-slider-outer-image-carousel carousel-slider-outer-1174\" style=\"--carousel-slider-nav-color:#f1f1f1;--carousel-slider-active-nav-color:#00d1b2;--carousel-slider-arrow-size:48px;--carousel-slider-bullet-size:10px\">\n<div id=\"&#039;id-1174\" class=\"carousel-slider carousel-slider-1174 arrows-visibility-hover dots-visibility-never arrows-outside dots-center dots-square owl-carousel\" data-slide-type=\"image-carousel\" data-owl-settings='{\"nav\":true,\"dots\":false,\"slideBy\":1,\"stagePadding\":0,\"margin\":10,\"loop\":true,\"lazyLoad\":true,\"autoplay\":true,\"autoplayTimeout\":5000,\"autoplaySpeed\":500,\"autoplayHoverPause\":true,\"autoWidth\":false,\"responsive\":{\"300\":{\"items\":1},\"576\":{\"items\":2},\"768\":{\"items\":2},\"1024\":{\"items\":3},\"1280\":{\"items\":3},\"1536\":{\"items\":3}}}'>\n<div class=\"carousel-slider__item\">\n\t<img class=\"owl-lazy\" data-src=\"https:\/\/www.cascade.it\/new\/wp-content\/uploads\/2019\/07\/Passanti-subacquei-IP68.jpg\" alt=\"\"><\/a><\/div>\n\n<div class=\"carousel-slider__item\">\n\t<img class=\"owl-lazy\" data-src=\"https:\/\/www.cascade.it\/new\/wp-content\/uploads\/2019\/07\/Passanti-subacquei-IP68-1.jpg\" alt=\"\"><\/a><\/div>\n\n<div class=\"carousel-slider__item\">\n\t<img class=\"owl-lazy\" data-src=\"https:\/\/www.cascade.it\/new\/wp-content\/uploads\/2019\/07\/2-Passanti-subacquei-IP68.jpg\" alt=\"\"><\/a><\/div>\n\n<\/div><!-- .carousel-slider-1174 -->\n<\/div><!-- .carousel-slider-outer-1174 -->\n<\/p>\n<h1><span style=\"color: #1e73be;\">Travers\u00e9es \u00e0 \u00e9tanche IP68 pour fontaines<\/span><\/h1>\n<p>Les traverses \u00e0 \u00e9tanche IP68 sont con\u00e7ues pour le passage des <a href=\"https:\/\/www.cascade.it\/fr\/prodotto\/cables-submersibles\/\"><span style=\"text-decoration: underline;\"><strong>c\u00e2bles submersibles<\/strong><\/span><\/a> \u00e9lectriques \u00e0 travers les parois ou le fond du r\u00e9servoir et sont <strong>\u00e9tanches IP68<\/strong> pour <strong>immersion permanente<\/strong>.<\/p>\n<p>Les versions simples sont disponibles en acier inoxydable, compos\u00e9 d&rsquo;une presse-\u00e9toupe en laiton nickel\u00e9, d&rsquo;un ancrage en acier inoxydable et d&rsquo;un presse-gaine en PVC \u00f8 25 mm, ou en PVC compos\u00e9s d&rsquo;un presse-\u00e9toupe en laiton nickel\u00e9 sur un capuchon en PVC coll\u00e9 \u00d8 32 mm. Garnitures de remplacement \u00f8 11 mm incluses dans les deux versions.<\/p>\n<p>Les versions multiples, en laiton et PVC, sont \u00e9quip\u00e9es de presse-\u00e9toupes en laiton nickel\u00e9 et adapt\u00e9es aux c\u00e2bles de 5 mm \u00e0 14 mm. Les sorties varient de 2 \u00e0 6.<\/p>\n<p>Nombre de sorties plus \u00e9lev\u00e9 sur demande.<\/p>\n<p>&nbsp;<\/p>\n<h3>Donn\u00e9es techniques<\/h3>\n<div style=\"overflow-x: auto;\">\n<table width=\"100%\">\n<tbody>\n<tr>\n<td width=\"12%\"><strong>\u00a0<\/strong><\/td>\n<td class=\"thHorz\" style=\"border-right: 1px solid #fff;\" colspan=\"2\" width=\"25%\">Travers\u00e9e simple IP68<\/td>\n<td class=\"thHorz\" style=\"border-left: 1px solid #fff;\" colspan=\"5\" width=\"61%\">Travers\u00e9e multiple IP68<\/td>\n<\/tr>\n<tr>\n<td class=\"thVert\" width=\"12%\">Code<\/td>\n<td width=\"12%\">PASINOX<\/td>\n<td width=\"12%\">PASPVC<\/td>\n<td width=\"12%\">PAS2<\/td>\n<td width=\"12%\">PAS3<\/td>\n<td width=\"12%\">PAS4<\/td>\n<td colspan=\"2\" width=\"12%\">PAS5<\/td>\n<\/tr>\n<tr>\n<td class=\"thVert\" width=\"12%\">\u00f8 presse-gaine<\/td>\n<td width=\"12%\">25 mm<\/td>\n<td width=\"12%\">&#8211;<\/td>\n<td width=\"12%\">&#8211;<\/td>\n<td width=\"12%\">&#8211;<\/td>\n<td width=\"12%\">&#8211;<\/td>\n<td width=\"12%\">&#8211;<\/td>\n<\/tr>\n<tr>\n<td class=\"thVert\" width=\"12%\">\u00f8 capuchon<\/td>\n<td width=\"12%\">&#8211;<\/td>\n<td width=\"12%\">32 mm<\/td>\n<td width=\"12%\">&#8211;<\/td>\n<td width=\"12%\">&#8211;<\/td>\n<td width=\"12%\">&#8211;<\/td>\n<td width=\"12%\">&#8211;<\/td>\n<\/tr>\n<tr>\n<td class=\"thVert\" width=\"12%\">\u00f8 garniture<\/td>\n<td width=\"12%\">14 mm<\/td>\n<td width=\"12%\">14 mm<\/td>\n<td width=\"12%\">8 &#8211; 14 mm<\/td>\n<td width=\"12%\">8 &#8211; 14 mm<\/td>\n<td width=\"12%\">8 &#8211; 14 mm<\/td>\n<td width=\"12%\">8 &#8211; 14 mm<\/td>\n<\/tr>\n<tr>\n<td class=\"thVert\" width=\"12%\">\u00f8 connexion<\/td>\n<td width=\"12%\">&#8211;<\/td>\n<td width=\"12%\">&#8211;<\/td>\n<td width=\"12%\">63 mm<\/td>\n<td width=\"12%\">63 mm<\/td>\n<td width=\"12%\">63 mm<\/td>\n<td width=\"12%\">63 mm<\/td>\n<\/tr>\n<tr>\n<td class=\"thVert\" width=\"12%\">Mat\u00e9riel<\/td>\n<td width=\"12%\">Inox<\/td>\n<td width=\"12%\">PVC<\/td>\n<td width=\"12%\">PVC\/Laiton<\/td>\n<td width=\"12%\">PVC\/Laiton<\/td>\n<td width=\"12%\">PVC\/Laiton<\/td>\n<td width=\"12%\">PVC\/Laiton<\/td>\n<\/tr>\n<\/tbody>\n<\/table>\n<\/div>\n<p>&nbsp;<\/p>\n<h3>Downloads<\/h3>\n<div class=\"divide-line text-left\"><\/div>\n<div>\n<div style=\"float: left; padding: 5px; text-align: center; width: 150px;\"><a href=\"https:\/\/www.cascade.it\/new\/wp-content\/uploads\/2021\/09\/CASCADE-Traversees-a-etanche-IP68-FR.pdf\" target=\"_blank\" rel=\"noopener\"><img loading=\"lazy\" decoding=\"async\" class=\"alignnone wp-image-783\" src=\"https:\/\/www.cascade.it\/new\/wp-content\/uploads\/2019\/02\/pdf-icon-png-7.jpg\" alt=\"\" width=\"91\" height=\"91\" srcset=\"https:\/\/www.cascade.it\/new\/wp-content\/uploads\/2019\/02\/pdf-icon-png-7.jpg 254w, https:\/\/www.cascade.it\/new\/wp-content\/uploads\/2019\/02\/pdf-icon-png-7-150x150.jpg 150w, https:\/\/www.cascade.it\/new\/wp-content\/uploads\/2019\/02\/pdf-icon-png-7-100x100.jpg 100w\" sizes=\"auto, (max-width: 91px) 100vw, 91px\" \/><\/a><br \/>\nFiche technique<\/div>\n<div style=\"clear: both;\"><\/div>\n<\/div>\n","protected":false},"excerpt":{"rendered":"<p>[vc_row][vc_column][vc_empty_space height=\u00a0\u00bb50&Prime; height_mobile=\u00a0\u00bb150&Prime;][vc_column_text spacing_heading=\u00a0\u00bb\u00a0\u00bb spacing_heading_tab=\u00a0\u00bb\u00a0\u00bb spacing_heading_mobile=\u00a0\u00bb\u00a0\u00bb] Travers\u00e9es \u00e0 \u00e9tanche IP68 pour fontaines Les traverses \u00e0 \u00e9tanche IP68 sont con\u00e7ues pour le passage des c\u00e2bles submersibles \u00e9lectriques \u00e0 travers les parois ou le fond du r\u00e9servoir et sont \u00e9tanches IP68 pour immersion permanente. Les versions simples sont disponibles en acier inoxydable, compos\u00e9 d&rsquo;une presse-\u00e9toupe en laiton [&hellip;]<\/p>\n","protected":false},"featured_media":9994,"template":"","meta":[],"product_brand":[],"product_cat":[346,308],"product_tag":[],"class_list":{"0":"post-9995","1":"product","2":"type-product","3":"status-publish","4":"has-post-thumbnail","6":"product_cat-accessoires-electriques-fontaines","7":"product_cat-accessoires-electriques-pompes","9":"first","10":"instock","11":"shipping-taxable","12":"product-type-simple"},"yoast_head":"<!-- This site is optimized with the Yoast SEO plugin v26.7 - https:\/\/yoast.com\/wordpress\/plugins\/seo\/ -->\n<title>Travers\u00e9es \u00e0 \u00e9tanche IP68 - Cascade<\/title>\n<meta name=\"description\" content=\"Les travers\u00e9es \u00e0 \u00e9tanche IP68 sont con\u00e7ues pour le passage des c\u00e2bles utilisateurs submersibles \u00e0 travers les parois ou le fond du r\u00e9servoir.\" \/>\n<meta name=\"robots\" content=\"index, follow, max-snippet:-1, max-image-preview:large, max-video-preview:-1\" \/>\n<link rel=\"canonical\" href=\"https:\/\/www.cascade.it\/fr\/prodotto\/traversees-a-etanche-ip68\/\" \/>\n<meta property=\"og:locale\" content=\"fr_FR\" \/>\n<meta property=\"og:type\" content=\"article\" \/>\n<meta property=\"og:title\" content=\"Travers\u00e9es \u00e0 \u00e9tanche IP68 - Cascade\" \/>\n<meta property=\"og:description\" content=\"Les travers\u00e9es \u00e0 \u00e9tanche IP68 sont con\u00e7ues pour le passage des c\u00e2bles utilisateurs submersibles \u00e0 travers les parois ou le fond du r\u00e9servoir.\" \/>\n<meta property=\"og:url\" content=\"https:\/\/www.cascade.it\/fr\/prodotto\/traversees-a-etanche-ip68\/\" \/>\n<meta property=\"og:site_name\" content=\"Cascade\" \/>\n<meta property=\"article:modified_time\" content=\"2021-09-29T14:40:57+00:00\" \/>\n<meta property=\"og:image\" content=\"https:\/\/www.cascade.it\/new\/wp-content\/uploads\/Prodotti\/Accessori_per_fontane\/Accessori_elettrici\/PASSANTI-SUBACQUEI-IP68.jpg\" \/>\n\t<meta property=\"og:image:width\" content=\"1300\" \/>\n\t<meta property=\"og:image:height\" content=\"1300\" \/>\n\t<meta property=\"og:image:type\" content=\"image\/jpeg\" \/>\n<meta name=\"twitter:card\" content=\"summary_large_image\" \/>\n<meta name=\"twitter:label1\" content=\"Dur\u00e9e de lecture estim\u00e9e\" \/>\n\t<meta name=\"twitter:data1\" content=\"2 minutes\" \/>\n<!-- \/ Yoast SEO plugin. -->","yoast_head_json":{"title":"Travers\u00e9es \u00e0 \u00e9tanche IP68 - Cascade","description":"Les travers\u00e9es \u00e0 \u00e9tanche IP68 sont con\u00e7ues pour le passage des c\u00e2bles utilisateurs submersibles \u00e0 travers les parois ou le fond du r\u00e9servoir.","robots":{"index":"index","follow":"follow","max-snippet":"max-snippet:-1","max-image-preview":"max-image-preview:large","max-video-preview":"max-video-preview:-1"},"canonical":"https:\/\/www.cascade.it\/fr\/prodotto\/traversees-a-etanche-ip68\/","og_locale":"fr_FR","og_type":"article","og_title":"Travers\u00e9es \u00e0 \u00e9tanche IP68 - Cascade","og_description":"Les travers\u00e9es \u00e0 \u00e9tanche IP68 sont con\u00e7ues pour le passage des c\u00e2bles utilisateurs submersibles \u00e0 travers les parois ou le fond du r\u00e9servoir.","og_url":"https:\/\/www.cascade.it\/fr\/prodotto\/traversees-a-etanche-ip68\/","og_site_name":"Cascade","article_modified_time":"2021-09-29T14:40:57+00:00","og_image":[{"width":1300,"height":1300,"url":"https:\/\/www.cascade.it\/new\/wp-content\/uploads\/Prodotti\/Accessori_per_fontane\/Accessori_elettrici\/PASSANTI-SUBACQUEI-IP68.jpg","type":"image\/jpeg"}],"twitter_card":"summary_large_image","twitter_misc":{"Dur\u00e9e de lecture estim\u00e9e":"2 minutes"},"schema":{"@context":"https:\/\/schema.org","@graph":[{"@type":"WebPage","@id":"https:\/\/www.cascade.it\/fr\/prodotto\/traversees-a-etanche-ip68\/","url":"https:\/\/www.cascade.it\/fr\/prodotto\/traversees-a-etanche-ip68\/","name":"Travers\u00e9es \u00e0 \u00e9tanche IP68 - Cascade","isPartOf":{"@id":"https:\/\/www.cascade.it\/fr\/#website"},"primaryImageOfPage":{"@id":"https:\/\/www.cascade.it\/fr\/prodotto\/traversees-a-etanche-ip68\/#primaryimage"},"image":{"@id":"https:\/\/www.cascade.it\/fr\/prodotto\/traversees-a-etanche-ip68\/#primaryimage"},"thumbnailUrl":"https:\/\/www.cascade.it\/new\/wp-content\/uploads\/Prodotti\/Accessori_per_fontane\/Accessori_elettrici\/PASSANTI-SUBACQUEI-IP68.jpg","datePublished":"2020-06-25T14:54:19+00:00","dateModified":"2021-09-29T14:40:57+00:00","description":"Les travers\u00e9es \u00e0 \u00e9tanche IP68 sont con\u00e7ues pour le passage des c\u00e2bles utilisateurs submersibles \u00e0 travers les parois ou le fond du r\u00e9servoir.","breadcrumb":{"@id":"https:\/\/www.cascade.it\/fr\/prodotto\/traversees-a-etanche-ip68\/#breadcrumb"},"inLanguage":"fr-FR","potentialAction":[{"@type":"ReadAction","target":["https:\/\/www.cascade.it\/fr\/prodotto\/traversees-a-etanche-ip68\/"]}]},{"@type":"ImageObject","inLanguage":"fr-FR","@id":"https:\/\/www.cascade.it\/fr\/prodotto\/traversees-a-etanche-ip68\/#primaryimage","url":"https:\/\/www.cascade.it\/new\/wp-content\/uploads\/Prodotti\/Accessori_per_fontane\/Accessori_elettrici\/PASSANTI-SUBACQUEI-IP68.jpg","contentUrl":"https:\/\/www.cascade.it\/new\/wp-content\/uploads\/Prodotti\/Accessori_per_fontane\/Accessori_elettrici\/PASSANTI-SUBACQUEI-IP68.jpg","width":1300,"height":1300},{"@type":"BreadcrumbList","@id":"https:\/\/www.cascade.it\/fr\/prodotto\/traversees-a-etanche-ip68\/#breadcrumb","itemListElement":[{"@type":"ListItem","position":1,"name":"Home","item":"https:\/\/www.cascade.it\/fr\/"},{"@type":"ListItem","position":2,"name":"Boutique","item":"https:\/\/www.cascade.it\/fr\/boutique\/"},{"@type":"ListItem","position":3,"name":"Travers\u00e9es \u00e0 \u00e9tanche IP68"}]},{"@type":"WebSite","@id":"https:\/\/www.cascade.it\/fr\/#website","url":"https:\/\/www.cascade.it\/fr\/","name":"Cascade","description":"More than a fountain","potentialAction":[{"@type":"SearchAction","target":{"@type":"EntryPoint","urlTemplate":"https:\/\/www.cascade.it\/fr\/?s={search_term_string}"},"query-input":{"@type":"PropertyValueSpecification","valueRequired":true,"valueName":"search_term_string"}}],"inLanguage":"fr-FR"}]}},"_links":{"self":[{"href":"https:\/\/www.cascade.it\/fr\/wp-json\/wp\/v2\/product\/9995","targetHints":{"allow":["GET"]}}],"collection":[{"href":"https:\/\/www.cascade.it\/fr\/wp-json\/wp\/v2\/product"}],"about":[{"href":"https:\/\/www.cascade.it\/fr\/wp-json\/wp\/v2\/types\/product"}],"wp:featuredmedia":[{"embeddable":true,"href":"https:\/\/www.cascade.it\/fr\/wp-json\/wp\/v2\/media\/9994"}],"wp:attachment":[{"href":"https:\/\/www.cascade.it\/fr\/wp-json\/wp\/v2\/media?parent=9995"}],"wp:term":[{"taxonomy":"product_brand","embeddable":true,"href":"https:\/\/www.cascade.it\/fr\/wp-json\/wp\/v2\/product_brand?post=9995"},{"taxonomy":"product_cat","embeddable":true,"href":"https:\/\/www.cascade.it\/fr\/wp-json\/wp\/v2\/product_cat?post=9995"},{"taxonomy":"product_tag","embeddable":true,"href":"https:\/\/www.cascade.it\/fr\/wp-json\/wp\/v2\/product_tag?post=9995"}],"curies":[{"name":"wp","href":"https:\/\/api.w.org\/{rel}","templated":true}]}}