{"id":9975,"date":"2019-05-02T09:39:48","date_gmt":"2020-06-25T11:06:38","guid":{"rendered":"https:\/\/www.cascade.it\/?post_type=product&#038;p=9975"},"modified":"2021-09-29T16:01:32","modified_gmt":"2021-09-29T14:01:32","slug":"alimentateurs-resines-a-24-vdc","status":"publish","type":"product","link":"https:\/\/www.cascade.it\/fr\/prodotto\/alimentateurs-resines-a-24-vdc\/","title":{"rendered":"Alimentateurs r\u00e9sin\u00e9s AC-DC"},"content":{"rendered":"<p>[vc_row][vc_column][vc_empty_space height=\u00a0\u00bb50&Prime; height_mobile=\u00a0\u00bb150&Prime;][vc_column_text spacing_heading=\u00a0\u00bb\u00a0\u00bb spacing_heading_tab=\u00a0\u00bb\u00a0\u00bb spacing_heading_mobile=\u00a0\u00bb\u00a0\u00bb]<div class=\"carousel-slider-outer carousel-slider-outer-image-carousel carousel-slider-outer-1158\" style=\"--carousel-slider-nav-color:#f1f1f1;--carousel-slider-active-nav-color:#00d1b2;--carousel-slider-arrow-size:48px;--carousel-slider-bullet-size:10px\">\n<div id=\"&#039;id-1158\" class=\"carousel-slider carousel-slider-1158 arrows-visibility-hover dots-visibility-never arrows-outside dots-center dots-square owl-carousel\" data-slide-type=\"image-carousel\" data-owl-settings='{\"nav\":true,\"dots\":false,\"slideBy\":1,\"stagePadding\":0,\"margin\":10,\"loop\":true,\"lazyLoad\":true,\"autoplay\":true,\"autoplayTimeout\":5000,\"autoplaySpeed\":500,\"autoplayHoverPause\":true,\"autoWidth\":false,\"responsive\":{\"300\":{\"items\":1},\"576\":{\"items\":2},\"768\":{\"items\":2},\"1024\":{\"items\":2},\"1280\":{\"items\":2},\"1536\":{\"items\":2}}}'>\n<div class=\"carousel-slider__item\">\n\t<img class=\"owl-lazy\" data-src=\"https:\/\/www.cascade.it\/new\/wp-content\/uploads\/2019\/07\/Alimentatori-resinati-a-24-VDC.jpg\" alt=\"\"><\/a><\/div>\n\n<div class=\"carousel-slider__item\">\n\t<img class=\"owl-lazy\" data-src=\"https:\/\/www.cascade.it\/new\/wp-content\/uploads\/2019\/07\/Alimentatori-resnati-a-24-VDC.jpg\" alt=\"\"><\/a><\/div>\n\n<\/div><!-- .carousel-slider-1158 -->\n<\/div><!-- .carousel-slider-outer-1158 -->\n<\/p>\n<h1><span style=\"color: #1e73be;\">Alimentateurs r\u00e9sin\u00e9s AC-DC<\/span><\/h1>\n<p>Alimentateurs adapt\u00e9s aux <strong>endroits humides<\/strong> et <strong>non ventil\u00e9s<\/strong> et \u00e0 risque <strong>d&rsquo;inondation temporaire<\/strong>.<\/p>\n<p>Entr\u00e9e 230 Vca et sortie 24Vcc stabilis\u00e9e.<\/p>\n<p>Utilis\u00e9s pour alimenter les <span style=\"text-decoration: underline;\"><a href=\"https:\/\/www.cascade.it\/fr\/produits\/eclairage-immerge-led\/projecteurs-led-mizar\/\"><strong>projecteurs LED immerg\u00e9s pour fontaines Mizar<\/strong><\/a><\/span>, <span style=\"text-decoration: underline;\"><a href=\"https:\/\/www.cascade.it\/fr\/produits\/pompes-pour-fontaines\/pompes-submersibles-basse-tension\/\"><strong>pompes submersibles basse tension<\/strong><\/a><\/span> pour fontaines et tous les <span style=\"text-decoration: underline;\"><a href=\"https:\/\/www.cascade.it\/fr\/produits\/systemes-de-controle-pour-fontaines\/systemes-de-controle-fontaines-dynamiques-musicales\/\"><strong>composants \u00e9lectroniques de contr\u00f4le<\/strong><\/a><\/span> \u00e0 24 Vcc.<\/p>\n<p>Niveau de protection<strong> IP67<\/strong>.<\/p>\n<p>&nbsp;<\/p>\n<h3>Donn\u00e9es techniques<\/h3>\n<div style=\"overflow-x: auto;\">\n<table>\n<tbody>\n<tr>\n<td width=\"99\"><strong>\u00a0<\/strong><\/td>\n<td class=\"thHorz\" width=\"190\">Alimentateur r\u00e9sin\u00e9 200<\/td>\n<td class=\"thHorz\" width=\"218\">Alimentateur r\u00e9sin\u00e9 300<\/td>\n<\/tr>\n<tr>\n<td class=\"thVert\" width=\"99\">Code<\/td>\n<td width=\"190\">ALRES200<\/td>\n<td width=\"218\">ALRES300<\/td>\n<\/tr>\n<tr>\n<td class=\"thVert\" width=\"99\">Tension d\u2019entr\u00e9e<\/td>\n<td width=\"190\">230 Vca<\/td>\n<td width=\"218\">230 Vca<\/td>\n<\/tr>\n<tr>\n<td class=\"thVert\" width=\"99\">Tension de sortie<\/td>\n<td width=\"190\">24 Vcc<\/td>\n<td width=\"218\">24 Vcc<\/td>\n<\/tr>\n<tr>\n<td class=\"thVert\" width=\"99\">Puissance de sortie<\/td>\n<td width=\"190\">200 VA<\/td>\n<td width=\"218\">300 VA<\/td>\n<\/tr>\n<tr>\n<td class=\"thVert\" width=\"99\">Protection<\/td>\n<td width=\"190\">IP67<\/td>\n<td width=\"218\">IP67<\/td>\n<\/tr>\n<\/tbody>\n<\/table>\n<\/div>\n<p>&nbsp;<\/p>\n<h3>Downloads<\/h3>\n<div>\n<div style=\"float: left; padding: 5px; text-align: center; width: 150px;\"><a href=\"https:\/\/www.cascade.it\/new\/wp-content\/uploads\/2021\/09\/CASCADE-Alimentateurs-resines-AC-DC.pdf\" target=\"_blank\" rel=\"noopener\"><img loading=\"lazy\" decoding=\"async\" class=\"alignnone wp-image-783\" src=\"https:\/\/www.cascade.it\/new\/wp-content\/uploads\/2019\/02\/pdf-icon-png-7.jpg\" alt=\"\" width=\"91\" height=\"91\" srcset=\"https:\/\/www.cascade.it\/new\/wp-content\/uploads\/2019\/02\/pdf-icon-png-7.jpg 254w, https:\/\/www.cascade.it\/new\/wp-content\/uploads\/2019\/02\/pdf-icon-png-7-150x150.jpg 150w, https:\/\/www.cascade.it\/new\/wp-content\/uploads\/2019\/02\/pdf-icon-png-7-100x100.jpg 100w\" sizes=\"auto, (max-width: 91px) 100vw, 91px\" \/><\/a><br \/>\nFiche technique<\/div>\n<div style=\"clear: both;\"><\/div>\n<\/div>\n","protected":false},"excerpt":{"rendered":"<p>[vc_row][vc_column][vc_empty_space height=\u00a0\u00bb50&Prime; height_mobile=\u00a0\u00bb150&Prime;][vc_column_text spacing_heading=\u00a0\u00bb\u00a0\u00bb spacing_heading_tab=\u00a0\u00bb\u00a0\u00bb spacing_heading_mobile=\u00a0\u00bb\u00a0\u00bb] Alimentateurs r\u00e9sin\u00e9s AC-DC Alimentateurs adapt\u00e9s aux endroits humides et non ventil\u00e9s et \u00e0 risque d&rsquo;inondation temporaire. Entr\u00e9e 230 Vca et sortie 24Vcc stabilis\u00e9e. Utilis\u00e9s pour alimenter les projecteurs LED immerg\u00e9s pour fontaines Mizar, pompes submersibles basse tension pour fontaines et tous les composants \u00e9lectroniques de contr\u00f4le \u00e0 24 Vcc. [&hellip;]<\/p>\n","protected":false},"featured_media":9974,"template":"","meta":[],"product_brand":[],"product_cat":[346,308],"product_tag":[],"class_list":{"0":"post-9975","1":"product","2":"type-product","3":"status-publish","4":"has-post-thumbnail","6":"product_cat-accessoires-electriques-fontaines","7":"product_cat-accessoires-electriques-pompes","9":"first","10":"instock","11":"shipping-taxable","12":"product-type-simple"},"yoast_head":"<!-- This site is optimized with the Yoast SEO plugin v26.7 - https:\/\/yoast.com\/wordpress\/plugins\/seo\/ -->\n<title>Alimentateurs r\u00e9sin\u00e9s AC-DC - Cascade<\/title>\n<meta name=\"description\" content=\"Alimentateurs adapt\u00e9s aux endroits humides et non ventil\u00e9s et \u00e0 risque d&#039;inondation temporaire. Entr\u00e9e 230 Vca et sortie 24Vcc stabilis\u00e9e.\" \/>\n<meta name=\"robots\" content=\"index, follow, max-snippet:-1, max-image-preview:large, max-video-preview:-1\" \/>\n<link rel=\"canonical\" href=\"https:\/\/www.cascade.it\/fr\/prodotto\/alimentateurs-resines-a-24-vdc\/\" \/>\n<meta property=\"og:locale\" content=\"fr_FR\" \/>\n<meta property=\"og:type\" content=\"article\" \/>\n<meta property=\"og:title\" content=\"Alimentateurs r\u00e9sin\u00e9s AC-DC - Cascade\" \/>\n<meta property=\"og:description\" content=\"Alimentateurs adapt\u00e9s aux endroits humides et non ventil\u00e9s et \u00e0 risque d&#039;inondation temporaire. Entr\u00e9e 230 Vca et sortie 24Vcc stabilis\u00e9e.\" \/>\n<meta property=\"og:url\" content=\"https:\/\/www.cascade.it\/fr\/prodotto\/alimentateurs-resines-a-24-vdc\/\" \/>\n<meta property=\"og:site_name\" content=\"Cascade\" \/>\n<meta property=\"article:modified_time\" content=\"2021-09-29T14:01:32+00:00\" \/>\n<meta property=\"og:image\" content=\"https:\/\/www.cascade.it\/new\/wp-content\/uploads\/Prodotti\/Accessori_per_fontane\/Accessori_elettrici\/ALIMENTATORI-RESINATI-A-24-VDC-1.jpg\" \/>\n\t<meta property=\"og:image:width\" content=\"1300\" \/>\n\t<meta property=\"og:image:height\" content=\"1300\" \/>\n\t<meta property=\"og:image:type\" content=\"image\/jpeg\" \/>\n<meta name=\"twitter:card\" content=\"summary_large_image\" \/>\n<meta name=\"twitter:label1\" content=\"Dur\u00e9e de lecture estim\u00e9e\" \/>\n\t<meta name=\"twitter:data1\" content=\"1 minute\" \/>\n<!-- \/ Yoast SEO plugin. -->","yoast_head_json":{"title":"Alimentateurs r\u00e9sin\u00e9s AC-DC - Cascade","description":"Alimentateurs adapt\u00e9s aux endroits humides et non ventil\u00e9s et \u00e0 risque d'inondation temporaire. Entr\u00e9e 230 Vca et sortie 24Vcc stabilis\u00e9e.","robots":{"index":"index","follow":"follow","max-snippet":"max-snippet:-1","max-image-preview":"max-image-preview:large","max-video-preview":"max-video-preview:-1"},"canonical":"https:\/\/www.cascade.it\/fr\/prodotto\/alimentateurs-resines-a-24-vdc\/","og_locale":"fr_FR","og_type":"article","og_title":"Alimentateurs r\u00e9sin\u00e9s AC-DC - Cascade","og_description":"Alimentateurs adapt\u00e9s aux endroits humides et non ventil\u00e9s et \u00e0 risque d'inondation temporaire. Entr\u00e9e 230 Vca et sortie 24Vcc stabilis\u00e9e.","og_url":"https:\/\/www.cascade.it\/fr\/prodotto\/alimentateurs-resines-a-24-vdc\/","og_site_name":"Cascade","article_modified_time":"2021-09-29T14:01:32+00:00","og_image":[{"width":1300,"height":1300,"url":"https:\/\/www.cascade.it\/new\/wp-content\/uploads\/Prodotti\/Accessori_per_fontane\/Accessori_elettrici\/ALIMENTATORI-RESINATI-A-24-VDC-1.jpg","type":"image\/jpeg"}],"twitter_card":"summary_large_image","twitter_misc":{"Dur\u00e9e de lecture estim\u00e9e":"1 minute"},"schema":{"@context":"https:\/\/schema.org","@graph":[{"@type":"WebPage","@id":"https:\/\/www.cascade.it\/fr\/prodotto\/alimentateurs-resines-a-24-vdc\/","url":"https:\/\/www.cascade.it\/fr\/prodotto\/alimentateurs-resines-a-24-vdc\/","name":"Alimentateurs r\u00e9sin\u00e9s AC-DC - Cascade","isPartOf":{"@id":"https:\/\/www.cascade.it\/fr\/#website"},"primaryImageOfPage":{"@id":"https:\/\/www.cascade.it\/fr\/prodotto\/alimentateurs-resines-a-24-vdc\/#primaryimage"},"image":{"@id":"https:\/\/www.cascade.it\/fr\/prodotto\/alimentateurs-resines-a-24-vdc\/#primaryimage"},"thumbnailUrl":"https:\/\/www.cascade.it\/new\/wp-content\/uploads\/Prodotti\/Accessori_per_fontane\/Accessori_elettrici\/ALIMENTATORI-RESINATI-A-24-VDC-1.jpg","datePublished":"2020-06-25T11:06:38+00:00","dateModified":"2021-09-29T14:01:32+00:00","description":"Alimentateurs adapt\u00e9s aux endroits humides et non ventil\u00e9s et \u00e0 risque d'inondation temporaire. Entr\u00e9e 230 Vca et sortie 24Vcc stabilis\u00e9e.","breadcrumb":{"@id":"https:\/\/www.cascade.it\/fr\/prodotto\/alimentateurs-resines-a-24-vdc\/#breadcrumb"},"inLanguage":"fr-FR","potentialAction":[{"@type":"ReadAction","target":["https:\/\/www.cascade.it\/fr\/prodotto\/alimentateurs-resines-a-24-vdc\/"]}]},{"@type":"ImageObject","inLanguage":"fr-FR","@id":"https:\/\/www.cascade.it\/fr\/prodotto\/alimentateurs-resines-a-24-vdc\/#primaryimage","url":"https:\/\/www.cascade.it\/new\/wp-content\/uploads\/Prodotti\/Accessori_per_fontane\/Accessori_elettrici\/ALIMENTATORI-RESINATI-A-24-VDC-1.jpg","contentUrl":"https:\/\/www.cascade.it\/new\/wp-content\/uploads\/Prodotti\/Accessori_per_fontane\/Accessori_elettrici\/ALIMENTATORI-RESINATI-A-24-VDC-1.jpg","width":1300,"height":1300},{"@type":"BreadcrumbList","@id":"https:\/\/www.cascade.it\/fr\/prodotto\/alimentateurs-resines-a-24-vdc\/#breadcrumb","itemListElement":[{"@type":"ListItem","position":1,"name":"Home","item":"https:\/\/www.cascade.it\/fr\/"},{"@type":"ListItem","position":2,"name":"Boutique","item":"https:\/\/www.cascade.it\/fr\/boutique\/"},{"@type":"ListItem","position":3,"name":"Alimentateurs r\u00e9sin\u00e9s AC-DC"}]},{"@type":"WebSite","@id":"https:\/\/www.cascade.it\/fr\/#website","url":"https:\/\/www.cascade.it\/fr\/","name":"Cascade","description":"More than a fountain","potentialAction":[{"@type":"SearchAction","target":{"@type":"EntryPoint","urlTemplate":"https:\/\/www.cascade.it\/fr\/?s={search_term_string}"},"query-input":{"@type":"PropertyValueSpecification","valueRequired":true,"valueName":"search_term_string"}}],"inLanguage":"fr-FR"}]}},"_links":{"self":[{"href":"https:\/\/www.cascade.it\/fr\/wp-json\/wp\/v2\/product\/9975","targetHints":{"allow":["GET"]}}],"collection":[{"href":"https:\/\/www.cascade.it\/fr\/wp-json\/wp\/v2\/product"}],"about":[{"href":"https:\/\/www.cascade.it\/fr\/wp-json\/wp\/v2\/types\/product"}],"wp:featuredmedia":[{"embeddable":true,"href":"https:\/\/www.cascade.it\/fr\/wp-json\/wp\/v2\/media\/9974"}],"wp:attachment":[{"href":"https:\/\/www.cascade.it\/fr\/wp-json\/wp\/v2\/media?parent=9975"}],"wp:term":[{"taxonomy":"product_brand","embeddable":true,"href":"https:\/\/www.cascade.it\/fr\/wp-json\/wp\/v2\/product_brand?post=9975"},{"taxonomy":"product_cat","embeddable":true,"href":"https:\/\/www.cascade.it\/fr\/wp-json\/wp\/v2\/product_cat?post=9975"},{"taxonomy":"product_tag","embeddable":true,"href":"https:\/\/www.cascade.it\/fr\/wp-json\/wp\/v2\/product_tag?post=9975"}],"curies":[{"name":"wp","href":"https:\/\/api.w.org\/{rel}","templated":true}]}}