{"id":3436,"date":"2019-02-18T09:44:59","date_gmt":"2019-02-18T08:44:59","guid":{"rendered":"https:\/\/www.cascade.it\/new\/prodotto\/ventaglio-11-su-collettore\/"},"modified":"2022-07-01T17:38:49","modified_gmt":"2022-07-01T15:38:49","slug":"ajutage-ventaglio-11-sur-collecteur","status":"publish","type":"product","link":"https:\/\/www.cascade.it\/fr\/prodotto\/ajutage-ventaglio-11-sur-collecteur\/","title":{"rendered":"Ventaglio 11 sur collecteur"},"content":{"rendered":"<p>&nbsp;<\/p>\n<div class=\"carousel-slider-outer carousel-slider-outer-image-carousel carousel-slider-outer-1637\" style=\"--carousel-slider-nav-color:#f1f1f1;--carousel-slider-active-nav-color:#00d1b2;--carousel-slider-arrow-size:48px;--carousel-slider-bullet-size:10px\">\n<div id=\"&#039;id-1637\" class=\"carousel-slider carousel-slider-1637 arrows-visibility-hover dots-visibility-never arrows-outside dots-center dots-square owl-carousel\" data-slide-type=\"image-carousel\" data-owl-settings='{\"nav\":true,\"dots\":false,\"slideBy\":1,\"stagePadding\":0,\"margin\":10,\"loop\":true,\"lazyLoad\":true,\"autoplay\":true,\"autoplayTimeout\":5000,\"autoplaySpeed\":500,\"autoplayHoverPause\":true,\"autoWidth\":false,\"responsive\":{\"300\":{\"items\":1},\"576\":{\"items\":2},\"768\":{\"items\":2},\"1024\":{\"items\":3},\"1280\":{\"items\":3},\"1536\":{\"items\":3}}}'>\n<div class=\"carousel-slider__item\">\n\t<img class=\"owl-lazy\" data-src=\"https:\/\/www.cascade.it\/new\/wp-content\/uploads\/2019\/07\/Ventaglio-11.jpg\" alt=\"\"><\/a><\/div>\n\n<div class=\"carousel-slider__item\">\n\t<img class=\"owl-lazy\" data-src=\"https:\/\/www.cascade.it\/new\/wp-content\/uploads\/2019\/12\/1-Ugello-per-fontane-Ventaglio-11.jpg\" alt=\"\"><\/a><\/div>\n\n<div class=\"carousel-slider__item\">\n\t<img class=\"owl-lazy\" data-src=\"https:\/\/www.cascade.it\/new\/wp-content\/uploads\/2019\/12\/2-Ugello-per-fontane-Ventaglio-11.jpg\" alt=\"\"><\/a><\/div>\n\n<div class=\"carousel-slider__item\">\n\t<img class=\"owl-lazy\" data-src=\"https:\/\/www.cascade.it\/new\/wp-content\/uploads\/2019\/12\/3-Ugello-per-fontane-Ventaglio-11.jpg\" alt=\"\"><\/a><\/div>\n\n<div class=\"carousel-slider__item\">\n\t<img class=\"owl-lazy\" data-src=\"https:\/\/www.cascade.it\/new\/wp-content\/uploads\/2019\/12\/4-Ugello-per-fontane-Ventaglio-11.jpg\" alt=\"\"><\/a><\/div>\n\n<\/div><!-- .carousel-slider-1637 -->\n<\/div><!-- .carousel-slider-outer-1637 -->\n\n<h1><span style=\"color: #1e73be;\">Ajutage Ventaglio 11 pour fontaines<\/span><\/h1>\n<p>Le <strong>Ventaglio 11 sur collecteur<\/strong> est en <strong>acier inoxydable, laiton<\/strong> et <strong>bronze.<\/strong><\/p>\n<p>L&rsquo;effet est un <strong>\u00e9ventail suggestif<\/strong> de jets cristallins cors\u00e9s, compos\u00e9s de <strong>11 jets<\/strong> dont <strong>10 ajutages Cometa<\/strong> \u00f8 10 mm et <strong>1 ajutage Cometa central<\/strong>\u00a0\u00f8 12 mm.<\/p>\n<p>Tous les jets, \u00e9quip\u00e9s d&rsquo;une <a href=\"https:\/\/www.cascade.it\/fr\/prodotto\/bride-reglage\/\"><strong><span style=\"text-decoration: underline;\">bride de r\u00e9glage<\/span><\/strong><\/a>, sont dispos\u00e9s sur un collecteur en acier inoxydable d&rsquo;une longueur totale de 120 cm et raccord 2 1\/2&Prime; M et \u00e9quip\u00e9s de <strong>vannes de r\u00e9gulation<\/strong> et de montants profil\u00e9s avec <strong>stabilisateurs de d\u00e9bit<\/strong>.<\/p>\n<p>Deux supports d&rsquo;ancrage sont inclus.<\/p>\n<p><strong>Hauteur d&rsquo;eau minimale de 45 cm<\/strong> requise.<\/p>\n<p>&nbsp;<\/p>\n<h3>Conseils d&rsquo;utilisation et applications<\/h3>\n<p>L&rsquo;<strong>ajutage pour fontaines<\/strong> Ventaglio 11, par rapport aux Ventaglio traditionnels, utilise des <strong>jets<\/strong> cristallins <strong>plus cors\u00e9s<\/strong>, ce qui permet une <strong>plus grande hauteur<\/strong> et <strong>visibilit\u00e9.<\/strong><\/p>\n<p>De plus, la <strong>large ouverture<\/strong> de l&rsquo;\u00e9ventail (jusqu&rsquo;\u00e0 <strong>5 m<\/strong>) le rend id\u00e9al pour <strong>remplir la sc\u00e8ne<\/strong> aquatique avec un <strong>emcombrement relativement petit<\/strong>.<\/p>\n<p>Les brides de r\u00e9glage incluses dans les ajutages et les vannes permettent d&rsquo;obtenir les formes<strong> les plus vari\u00e9es<\/strong>.<\/p>\n<p>La structure hydraulique particuli\u00e8re de cet ajutage permet d&rsquo;obtenir des <strong>port\u00e9es importantes<\/strong> avec une <strong>excellente coh\u00e9rence<\/strong> des <strong>jets.<\/strong><\/p>\n<p>Id\u00e9al pour les <strong>bassins moyens<\/strong> et <strong>grands.<\/strong><\/p>\n<p><strong>\u00c9clairage immerg\u00e9<\/strong>: pour enrichir l&rsquo;effet d\u2019eau avec des jeux de lumi\u00e8re monochromatique ou RGBW, nous recommandons l&rsquo;utilisation des <a href=\"https:\/\/www.cascade.it\/fr\/produits\/eclairage-immerge-led\/projecteurs-led-mizar\/\"><span style=\"text-decoration: underline;\"><strong>projecteurs LED immerg\u00e9s pour fontaines de la s\u00e9rie Mizar<\/strong><\/span><\/a>, des produits professionnels sp\u00e9cifiques pour une utilisation dans les fontaines, avec un design \u00e9l\u00e9gant, une technologie \u00e0 la pointe et extraordinaire effets de lumi\u00e8re.<\/p>\n<p>&nbsp;<\/p>\n<h3>Donn\u00e9es techniques<\/h3>\n<div style=\"overflow-x: auto;\">\n<table width=\"0\">\n<tbody>\n<tr>\n<td width=\"164\"><strong>\u00a0<\/strong><\/td>\n<td class=\"thHorz\" width=\"673\">Ventaglio 11<\/td>\n<\/tr>\n<tr>\n<td class=\"thVert\" width=\"164\">Code<\/td>\n<td width=\"673\">VE11COL<\/td>\n<\/tr>\n<tr>\n<td class=\"thVert\" width=\"164\">N\u00b0 jets<\/td>\n<td width=\"673\">11<\/td>\n<\/tr>\n<tr>\n<td class=\"thVert\" width=\"164\">\u00f8 jets lat\u00e9raux | central<\/td>\n<td width=\"673\">10 mm | 12 mm<\/td>\n<\/tr>\n<tr>\n<td class=\"thVert\" width=\"164\">Ampleur max effet*<\/td>\n<td width=\"673\">5 m<\/td>\n<\/tr>\n<tr>\n<td class=\"thVert\" width=\"164\">Connexion<\/td>\n<td width=\"673\">2 1\/2\u201d M<\/td>\n<\/tr>\n<tr>\n<td class=\"thVert\" width=\"164\">Mat\u00e9riel<\/td>\n<td width=\"673\">Acier inox, laiton et bronze<\/td>\n<\/tr>\n<tr>\n<td class=\"thVert\" width=\"164\">Poids<\/td>\n<td width=\"673\">27,6 Kg<\/td>\n<\/tr>\n<\/tbody>\n<\/table>\n<\/div>\n<p>*Ampleur max conseill\u00e9e de l&rsquo;effet d&rsquo;eau.<\/p>\n<div>\n<div style=\"float: left; padding: 5px; text-align: center; width: 150px;\"><\/div>\n<\/div>\n<p>&nbsp;<\/p>\n<h3>Downloads<\/h3>\n<div class=\"divide-line text-left\"><\/div>\n<div>\n<div style=\"float: left; padding: 5px; text-align: center; width: 150px;\"><a href=\"https:\/\/www.cascade.it\/new\/wp-content\/uploads\/2022\/07\/CASCADE-Ventaglio-11-FR.pdf\" target=\"_blank\" rel=\"noopener\"><img loading=\"lazy\" decoding=\"async\" class=\"alignnone wp-image-783\" src=\"https:\/\/www.cascade.it\/new\/wp-content\/uploads\/2019\/02\/pdf-icon-png-7.jpg\" alt=\"\" width=\"91\" height=\"91\" srcset=\"https:\/\/www.cascade.it\/new\/wp-content\/uploads\/2019\/02\/pdf-icon-png-7.jpg 254w, https:\/\/www.cascade.it\/new\/wp-content\/uploads\/2019\/02\/pdf-icon-png-7-150x150.jpg 150w, https:\/\/www.cascade.it\/new\/wp-content\/uploads\/2019\/02\/pdf-icon-png-7-100x100.jpg 100w\" sizes=\"auto, (max-width: 91px) 100vw, 91px\" \/><\/a><br \/>\nFiche technique<\/div>\n<div style=\"clear: both;\"><\/div>\n<\/div>\n","protected":false},"excerpt":{"rendered":"<p>&nbsp; Ajutage Ventaglio 11 pour fontaines Le Ventaglio 11 sur collecteur est en acier inoxydable, laiton et bronze. L&rsquo;effet est un \u00e9ventail suggestif de jets cristallins cors\u00e9s, compos\u00e9s de 11 jets dont 10 ajutages Cometa \u00f8 10 mm et 1 ajutage Cometa central\u00a0\u00f8 12 mm. Tous les jets, \u00e9quip\u00e9s d&rsquo;une bride de r\u00e9glage, sont dispos\u00e9s [&hellip;]<\/p>\n","protected":false},"featured_media":9782,"template":"","meta":[],"product_brand":[],"product_cat":[321],"product_tag":[],"class_list":{"0":"post-3436","1":"product","2":"type-product","3":"status-publish","4":"has-post-thumbnail","6":"product_cat-ajutages-speciaux","8":"first","9":"instock","10":"shipping-taxable","11":"product-type-simple"},"yoast_head":"<!-- This site is optimized with the Yoast SEO plugin v26.7 - https:\/\/yoast.com\/wordpress\/plugins\/seo\/ -->\n<title>Ajutage pour fontaines Ventaglio 11 sur collecteur - Cascade<\/title>\n<meta name=\"description\" content=\"Le Ventaglio 11 sur collecteur est en acier inoxydable, laiton et bronze. L&#039;effet est un \u00e9ventail suggestif de jets cristallins cors\u00e9s, compos\u00e9s de 11 jets.\" \/>\n<meta name=\"robots\" content=\"index, follow, max-snippet:-1, max-image-preview:large, max-video-preview:-1\" \/>\n<link rel=\"canonical\" href=\"https:\/\/www.cascade.it\/fr\/prodotto\/ajutage-ventaglio-11-sur-collecteur\/\" \/>\n<meta property=\"og:locale\" content=\"fr_FR\" \/>\n<meta property=\"og:type\" content=\"article\" \/>\n<meta property=\"og:title\" content=\"Ajutage pour fontaines Ventaglio 11 sur collecteur - Cascade\" \/>\n<meta property=\"og:description\" content=\"Le Ventaglio 11 sur collecteur est en acier inoxydable, laiton et bronze. L&#039;effet est un \u00e9ventail suggestif de jets cristallins cors\u00e9s, compos\u00e9s de 11 jets.\" \/>\n<meta property=\"og:url\" content=\"https:\/\/www.cascade.it\/fr\/prodotto\/ajutage-ventaglio-11-sur-collecteur\/\" \/>\n<meta property=\"og:site_name\" content=\"Cascade\" \/>\n<meta property=\"article:modified_time\" content=\"2022-07-01T15:38:49+00:00\" \/>\n<meta property=\"og:image\" content=\"https:\/\/www.cascade.it\/new\/wp-content\/uploads\/2020\/06\/VENTAGLIO-11.jpg\" \/>\n\t<meta property=\"og:image:width\" content=\"800\" \/>\n\t<meta property=\"og:image:height\" content=\"600\" \/>\n\t<meta property=\"og:image:type\" content=\"image\/jpeg\" \/>\n<meta name=\"twitter:card\" content=\"summary_large_image\" \/>\n<meta name=\"twitter:label1\" content=\"Dur\u00e9e de lecture estim\u00e9e\" \/>\n\t<meta name=\"twitter:data1\" content=\"2 minutes\" \/>\n<!-- \/ Yoast SEO plugin. -->","yoast_head_json":{"title":"Ajutage pour fontaines Ventaglio 11 sur collecteur - Cascade","description":"Le Ventaglio 11 sur collecteur est en acier inoxydable, laiton et bronze. L'effet est un \u00e9ventail suggestif de jets cristallins cors\u00e9s, compos\u00e9s de 11 jets.","robots":{"index":"index","follow":"follow","max-snippet":"max-snippet:-1","max-image-preview":"max-image-preview:large","max-video-preview":"max-video-preview:-1"},"canonical":"https:\/\/www.cascade.it\/fr\/prodotto\/ajutage-ventaglio-11-sur-collecteur\/","og_locale":"fr_FR","og_type":"article","og_title":"Ajutage pour fontaines Ventaglio 11 sur collecteur - Cascade","og_description":"Le Ventaglio 11 sur collecteur est en acier inoxydable, laiton et bronze. L'effet est un \u00e9ventail suggestif de jets cristallins cors\u00e9s, compos\u00e9s de 11 jets.","og_url":"https:\/\/www.cascade.it\/fr\/prodotto\/ajutage-ventaglio-11-sur-collecteur\/","og_site_name":"Cascade","article_modified_time":"2022-07-01T15:38:49+00:00","og_image":[{"width":800,"height":600,"url":"https:\/\/www.cascade.it\/new\/wp-content\/uploads\/2020\/06\/VENTAGLIO-11.jpg","type":"image\/jpeg"}],"twitter_card":"summary_large_image","twitter_misc":{"Dur\u00e9e de lecture estim\u00e9e":"2 minutes"},"schema":{"@context":"https:\/\/schema.org","@graph":[{"@type":"WebPage","@id":"https:\/\/www.cascade.it\/fr\/prodotto\/ajutage-ventaglio-11-sur-collecteur\/","url":"https:\/\/www.cascade.it\/fr\/prodotto\/ajutage-ventaglio-11-sur-collecteur\/","name":"Ajutage pour fontaines Ventaglio 11 sur collecteur - Cascade","isPartOf":{"@id":"https:\/\/www.cascade.it\/fr\/#website"},"primaryImageOfPage":{"@id":"https:\/\/www.cascade.it\/fr\/prodotto\/ajutage-ventaglio-11-sur-collecteur\/#primaryimage"},"image":{"@id":"https:\/\/www.cascade.it\/fr\/prodotto\/ajutage-ventaglio-11-sur-collecteur\/#primaryimage"},"thumbnailUrl":"https:\/\/www.cascade.it\/new\/wp-content\/uploads\/2020\/06\/VENTAGLIO-11.jpg","datePublished":"2019-02-18T08:44:59+00:00","dateModified":"2022-07-01T15:38:49+00:00","description":"Le Ventaglio 11 sur collecteur est en acier inoxydable, laiton et bronze. L'effet est un \u00e9ventail suggestif de jets cristallins cors\u00e9s, compos\u00e9s de 11 jets.","breadcrumb":{"@id":"https:\/\/www.cascade.it\/fr\/prodotto\/ajutage-ventaglio-11-sur-collecteur\/#breadcrumb"},"inLanguage":"fr-FR","potentialAction":[{"@type":"ReadAction","target":["https:\/\/www.cascade.it\/fr\/prodotto\/ajutage-ventaglio-11-sur-collecteur\/"]}]},{"@type":"ImageObject","inLanguage":"fr-FR","@id":"https:\/\/www.cascade.it\/fr\/prodotto\/ajutage-ventaglio-11-sur-collecteur\/#primaryimage","url":"https:\/\/www.cascade.it\/new\/wp-content\/uploads\/2020\/06\/VENTAGLIO-11.jpg","contentUrl":"https:\/\/www.cascade.it\/new\/wp-content\/uploads\/2020\/06\/VENTAGLIO-11.jpg","width":800,"height":600},{"@type":"BreadcrumbList","@id":"https:\/\/www.cascade.it\/fr\/prodotto\/ajutage-ventaglio-11-sur-collecteur\/#breadcrumb","itemListElement":[{"@type":"ListItem","position":1,"name":"Home","item":"https:\/\/www.cascade.it\/fr\/"},{"@type":"ListItem","position":2,"name":"Boutique","item":"https:\/\/www.cascade.it\/fr\/boutique\/"},{"@type":"ListItem","position":3,"name":"Ventaglio 11 sur collecteur"}]},{"@type":"WebSite","@id":"https:\/\/www.cascade.it\/fr\/#website","url":"https:\/\/www.cascade.it\/fr\/","name":"Cascade","description":"More than a fountain","potentialAction":[{"@type":"SearchAction","target":{"@type":"EntryPoint","urlTemplate":"https:\/\/www.cascade.it\/fr\/?s={search_term_string}"},"query-input":{"@type":"PropertyValueSpecification","valueRequired":true,"valueName":"search_term_string"}}],"inLanguage":"fr-FR"}]}},"_links":{"self":[{"href":"https:\/\/www.cascade.it\/fr\/wp-json\/wp\/v2\/product\/3436","targetHints":{"allow":["GET"]}}],"collection":[{"href":"https:\/\/www.cascade.it\/fr\/wp-json\/wp\/v2\/product"}],"about":[{"href":"https:\/\/www.cascade.it\/fr\/wp-json\/wp\/v2\/types\/product"}],"wp:featuredmedia":[{"embeddable":true,"href":"https:\/\/www.cascade.it\/fr\/wp-json\/wp\/v2\/media\/9782"}],"wp:attachment":[{"href":"https:\/\/www.cascade.it\/fr\/wp-json\/wp\/v2\/media?parent=3436"}],"wp:term":[{"taxonomy":"product_brand","embeddable":true,"href":"https:\/\/www.cascade.it\/fr\/wp-json\/wp\/v2\/product_brand?post=3436"},{"taxonomy":"product_cat","embeddable":true,"href":"https:\/\/www.cascade.it\/fr\/wp-json\/wp\/v2\/product_cat?post=3436"},{"taxonomy":"product_tag","embeddable":true,"href":"https:\/\/www.cascade.it\/fr\/wp-json\/wp\/v2\/product_tag?post=3436"}],"curies":[{"name":"wp","href":"https:\/\/api.w.org\/{rel}","templated":true}]}}