{"id":3432,"date":"2019-02-18T09:43:59","date_gmt":"2019-02-18T08:43:59","guid":{"rendered":"https:\/\/www.cascade.it\/new\/prodotto\/twister\/"},"modified":"2020-07-23T15:52:24","modified_gmt":"2020-07-23T13:52:24","slug":"ajutage-twister","status":"publish","type":"product","link":"https:\/\/www.cascade.it\/fr\/prodotto\/ajutage-twister\/","title":{"rendered":"Twister"},"content":{"rendered":"<p>&nbsp;<\/p>\n<div class=\"carousel-slider-outer carousel-slider-outer-image-carousel carousel-slider-outer-1632\" style=\"--carousel-slider-nav-color:#f1f1f1;--carousel-slider-active-nav-color:#00d1b2;--carousel-slider-arrow-size:48px;--carousel-slider-bullet-size:10px\">\n<div id=\"&#039;id-1632\" class=\"carousel-slider carousel-slider-1632 arrows-visibility-hover dots-visibility-never arrows-outside dots-center dots-square owl-carousel\" data-slide-type=\"image-carousel\" data-owl-settings='{\"nav\":true,\"dots\":false,\"slideBy\":1,\"stagePadding\":0,\"margin\":10,\"loop\":true,\"lazyLoad\":true,\"autoplay\":true,\"autoplayTimeout\":5000,\"autoplaySpeed\":500,\"autoplayHoverPause\":true,\"autoWidth\":false,\"responsive\":{\"300\":{\"items\":1},\"576\":{\"items\":2},\"768\":{\"items\":2},\"1024\":{\"items\":3},\"1280\":{\"items\":3},\"1536\":{\"items\":3}}}'>\n<div class=\"carousel-slider__item\">\n\t<img class=\"owl-lazy\" data-src=\"https:\/\/www.cascade.it\/new\/wp-content\/uploads\/2019\/07\/Twister-1.jpg\" alt=\"\"><\/a><\/div>\n\n<div class=\"carousel-slider__item\">\n\t<img class=\"owl-lazy\" data-src=\"https:\/\/www.cascade.it\/new\/wp-content\/uploads\/2019\/07\/2-Twister.jpg\" alt=\"\"><\/a><\/div>\n\n<div class=\"carousel-slider__item\">\n\t<img class=\"owl-lazy\" data-src=\"https:\/\/www.cascade.it\/new\/wp-content\/uploads\/2019\/07\/1-Twister.jpg\" alt=\"\"><\/a><\/div>\n\n<\/div><!-- .carousel-slider-1632 -->\n<\/div><!-- .carousel-slider-outer-1632 -->\n\n<h1><span style=\"color: #1e73be;\">Ajutage Twister pour fontaines<\/span><\/h1>\n<p><strong>Ajutage pour fontaines<\/strong> ind\u00e9pendant du niveau de l&rsquo;eau, en <strong>acier inoxydable, laiton<\/strong> et <strong>bronze.<\/strong><\/p>\n<p>L&rsquo;ajutage <strong>Twister<\/strong> permet d&rsquo;obtenir un <strong>effet d&rsquo;eau dynamique<\/strong> bas\u00e9 sur la <strong>rotation<\/strong> de l&rsquo;ajutage. Ceci est r\u00e9alis\u00e9 de mani\u00e8re simple en exploitant la pouss\u00e9e de l&rsquo;eau.<\/p>\n<p>Compos\u00e9 d&rsquo;un corps central et de <strong>cinq ajutages<\/strong> Cometa <strong>CO10 orientables<\/strong> pour obtenir diff\u00e9rentes configurations et amplitudes d&rsquo;effet variables.<\/p>\n<p>&nbsp;<\/p>\n<h3>Conseils d&rsquo;utilisation et applications<\/h3>\n<p>L&rsquo;ajutage sp\u00e9cial Twister a \u00e9t\u00e9 <strong>con\u00e7u<\/strong> avec une attention particuli\u00e8re \u00e0 l&rsquo;efficacit\u00e9 de la <strong>structure m\u00e9canique,<\/strong> afin d&rsquo;obtenir une <strong>rotation<\/strong> aussi <strong>fluide<\/strong> que possible, <strong>minimisant<\/strong> le <strong>frottement<\/strong> et les <strong>sources critiques<\/strong> qui, au fil du temps, peuvent compromettre la rotation.<\/p>\n<p>Recommand\u00e9 pour ajouter du <strong>dynamisme<\/strong> et du <strong>mouvement<\/strong> \u00e0 la sc\u00e9nographie aquatique d&rsquo;une mani\u00e8re simple mais efficace.<\/p>\n<p>Nous recommandons l&rsquo;utilisation de la <a href=\"https:\/\/www.cascade.it\/fr\/prodotto\/bride-reglage\/\"><span style=\"text-decoration: underline;\"><strong>bride de r\u00e9glage<\/strong><\/span><\/a> axial.<\/p>\n<p><strong>\u00c9clairage immerg\u00e9<\/strong>: pour enrichir l&rsquo;effet d\u2019eau avec des jeux de lumi\u00e8re monochromatique ou RGBW, nous recommandons l&rsquo;utilisation des <a href=\"https:\/\/www.cascade.it\/fr\/produits\/eclairage-immerge-led\/projecteurs-led-mizar\/\"><span style=\"text-decoration: underline;\"><strong>projecteurs LED immerg\u00e9s pour fontaines de la s\u00e9rie Mizar<\/strong><\/span><\/a>, des produits professionnels sp\u00e9cifiques pour une utilisation dans les fontaines, avec un design \u00e9l\u00e9gant, une technologie \u00e0 la pointe et extraordinaire effets de lumi\u00e8re.<\/p>\n<p>&nbsp;<\/p>\n<h3>Donn\u00e9es techniques<\/h3>\n<div style=\"overflow-x: auto;\">\n<table width=\"0\">\n<tbody>\n<tr>\n<td width=\"164\"><strong>\u00a0<\/strong><\/td>\n<td class=\"thHorz\" width=\"673\">Twister<\/td>\n<\/tr>\n<tr>\n<td class=\"thVert\" width=\"164\">Code<\/td>\n<td width=\"673\">TW250<\/td>\n<\/tr>\n<tr>\n<td class=\"thVert\" width=\"164\">N\u00b0 jets sup\u00e9rieurs | lat\u00e9raux<\/td>\n<td width=\"673\">5 | 3<\/td>\n<\/tr>\n<tr>\n<td class=\"thVert\" width=\"164\">\u00f8 jets sup\u00e9rieurs | lateraux<\/td>\n<td width=\"673\">10 mm | 6 mm<\/td>\n<\/tr>\n<tr>\n<td class=\"thVert\" width=\"164\">Hauteur max effet*<\/td>\n<td width=\"673\">5 m<\/td>\n<\/tr>\n<tr>\n<td class=\"thVert\" width=\"164\">Connexion<\/td>\n<td width=\"673\">2 1\/2\u201d M<\/td>\n<\/tr>\n<tr>\n<td class=\"thVert\" width=\"164\">Mat\u00e9riel<\/td>\n<td width=\"673\">Acier inox, laiton et bronze<\/td>\n<\/tr>\n<\/tbody>\n<\/table>\n<\/div>\n<p>*Hauteur max conseill\u00e9e de l&rsquo;effet d&rsquo;eau.<\/p>\n","protected":false},"excerpt":{"rendered":"<p>&nbsp; Ajutage Twister pour fontaines Ajutage pour fontaines ind\u00e9pendant du niveau de l&rsquo;eau, en acier inoxydable, laiton et bronze. L&rsquo;ajutage Twister permet d&rsquo;obtenir un effet d&rsquo;eau dynamique bas\u00e9 sur la rotation de l&rsquo;ajutage. Ceci est r\u00e9alis\u00e9 de mani\u00e8re simple en exploitant la pouss\u00e9e de l&rsquo;eau. Compos\u00e9 d&rsquo;un corps central et de cinq ajutages Cometa CO10 [&hellip;]<\/p>\n","protected":false},"featured_media":3433,"template":"","meta":[],"product_brand":[],"product_cat":[321],"product_tag":[],"class_list":{"0":"post-3432","1":"product","2":"type-product","3":"status-publish","4":"has-post-thumbnail","6":"product_cat-ajutages-speciaux","8":"first","9":"instock","10":"shipping-taxable","11":"product-type-simple"},"yoast_head":"<!-- This site is optimized with the Yoast SEO plugin v26.7 - https:\/\/yoast.com\/wordpress\/plugins\/seo\/ -->\n<title>Ajutage pour fontaines Twister - Cascade<\/title>\n<meta name=\"description\" content=\"L&#039;ajutage Twister permet d&#039;obtenir un effet d&#039;eau dynamique bas\u00e9 sur la rotation de l&#039;ajutage. Ceci est r\u00e9alis\u00e9 en exploitant la pouss\u00e9e de l&#039;eau.\" \/>\n<meta name=\"robots\" content=\"index, follow, max-snippet:-1, max-image-preview:large, max-video-preview:-1\" \/>\n<link rel=\"canonical\" href=\"https:\/\/www.cascade.it\/fr\/prodotto\/ajutage-twister\/\" \/>\n<meta property=\"og:locale\" content=\"fr_FR\" \/>\n<meta property=\"og:type\" content=\"article\" \/>\n<meta property=\"og:title\" content=\"Ajutage pour fontaines Twister - Cascade\" \/>\n<meta property=\"og:description\" content=\"L&#039;ajutage Twister permet d&#039;obtenir un effet d&#039;eau dynamique bas\u00e9 sur la rotation de l&#039;ajutage. Ceci est r\u00e9alis\u00e9 en exploitant la pouss\u00e9e de l&#039;eau.\" \/>\n<meta property=\"og:url\" content=\"https:\/\/www.cascade.it\/fr\/prodotto\/ajutage-twister\/\" \/>\n<meta property=\"og:site_name\" content=\"Cascade\" \/>\n<meta property=\"article:modified_time\" content=\"2020-07-23T13:52:24+00:00\" \/>\n<meta property=\"og:image\" content=\"https:\/\/www.cascade.it\/new\/wp-content\/uploads\/Prodotti\/Ugelli_per_fontane\/Ugelli_speciali\/TWISTER-e1550479056937.jpg\" \/>\n\t<meta property=\"og:image:width\" content=\"1300\" \/>\n\t<meta property=\"og:image:height\" content=\"975\" \/>\n\t<meta property=\"og:image:type\" content=\"image\/jpeg\" \/>\n<meta name=\"twitter:card\" content=\"summary_large_image\" \/>\n<meta name=\"twitter:label1\" content=\"Dur\u00e9e de lecture estim\u00e9e\" \/>\n\t<meta name=\"twitter:data1\" content=\"1 minute\" \/>\n<!-- \/ Yoast SEO plugin. -->","yoast_head_json":{"title":"Ajutage pour fontaines Twister - Cascade","description":"L'ajutage Twister permet d'obtenir un effet d'eau dynamique bas\u00e9 sur la rotation de l'ajutage. Ceci est r\u00e9alis\u00e9 en exploitant la pouss\u00e9e de l'eau.","robots":{"index":"index","follow":"follow","max-snippet":"max-snippet:-1","max-image-preview":"max-image-preview:large","max-video-preview":"max-video-preview:-1"},"canonical":"https:\/\/www.cascade.it\/fr\/prodotto\/ajutage-twister\/","og_locale":"fr_FR","og_type":"article","og_title":"Ajutage pour fontaines Twister - Cascade","og_description":"L'ajutage Twister permet d'obtenir un effet d'eau dynamique bas\u00e9 sur la rotation de l'ajutage. Ceci est r\u00e9alis\u00e9 en exploitant la pouss\u00e9e de l'eau.","og_url":"https:\/\/www.cascade.it\/fr\/prodotto\/ajutage-twister\/","og_site_name":"Cascade","article_modified_time":"2020-07-23T13:52:24+00:00","og_image":[{"width":1300,"height":975,"url":"https:\/\/www.cascade.it\/new\/wp-content\/uploads\/Prodotti\/Ugelli_per_fontane\/Ugelli_speciali\/TWISTER-e1550479056937.jpg","type":"image\/jpeg"}],"twitter_card":"summary_large_image","twitter_misc":{"Dur\u00e9e de lecture estim\u00e9e":"1 minute"},"schema":{"@context":"https:\/\/schema.org","@graph":[{"@type":"WebPage","@id":"https:\/\/www.cascade.it\/fr\/prodotto\/ajutage-twister\/","url":"https:\/\/www.cascade.it\/fr\/prodotto\/ajutage-twister\/","name":"Ajutage pour fontaines Twister - Cascade","isPartOf":{"@id":"https:\/\/www.cascade.it\/fr\/#website"},"primaryImageOfPage":{"@id":"https:\/\/www.cascade.it\/fr\/prodotto\/ajutage-twister\/#primaryimage"},"image":{"@id":"https:\/\/www.cascade.it\/fr\/prodotto\/ajutage-twister\/#primaryimage"},"thumbnailUrl":"https:\/\/www.cascade.it\/new\/wp-content\/uploads\/Prodotti\/Ugelli_per_fontane\/Ugelli_speciali\/TWISTER-e1550479056937.jpg","datePublished":"2019-02-18T08:43:59+00:00","dateModified":"2020-07-23T13:52:24+00:00","description":"L'ajutage Twister permet d'obtenir un effet d'eau dynamique bas\u00e9 sur la rotation de l'ajutage. Ceci est r\u00e9alis\u00e9 en exploitant la pouss\u00e9e de l'eau.","breadcrumb":{"@id":"https:\/\/www.cascade.it\/fr\/prodotto\/ajutage-twister\/#breadcrumb"},"inLanguage":"fr-FR","potentialAction":[{"@type":"ReadAction","target":["https:\/\/www.cascade.it\/fr\/prodotto\/ajutage-twister\/"]}]},{"@type":"ImageObject","inLanguage":"fr-FR","@id":"https:\/\/www.cascade.it\/fr\/prodotto\/ajutage-twister\/#primaryimage","url":"https:\/\/www.cascade.it\/new\/wp-content\/uploads\/Prodotti\/Ugelli_per_fontane\/Ugelli_speciali\/TWISTER-e1550479056937.jpg","contentUrl":"https:\/\/www.cascade.it\/new\/wp-content\/uploads\/Prodotti\/Ugelli_per_fontane\/Ugelli_speciali\/TWISTER-e1550479056937.jpg","width":1300,"height":975},{"@type":"BreadcrumbList","@id":"https:\/\/www.cascade.it\/fr\/prodotto\/ajutage-twister\/#breadcrumb","itemListElement":[{"@type":"ListItem","position":1,"name":"Home","item":"https:\/\/www.cascade.it\/fr\/"},{"@type":"ListItem","position":2,"name":"Boutique","item":"https:\/\/www.cascade.it\/fr\/boutique\/"},{"@type":"ListItem","position":3,"name":"Twister"}]},{"@type":"WebSite","@id":"https:\/\/www.cascade.it\/fr\/#website","url":"https:\/\/www.cascade.it\/fr\/","name":"Cascade","description":"More than a fountain","potentialAction":[{"@type":"SearchAction","target":{"@type":"EntryPoint","urlTemplate":"https:\/\/www.cascade.it\/fr\/?s={search_term_string}"},"query-input":{"@type":"PropertyValueSpecification","valueRequired":true,"valueName":"search_term_string"}}],"inLanguage":"fr-FR"}]}},"_links":{"self":[{"href":"https:\/\/www.cascade.it\/fr\/wp-json\/wp\/v2\/product\/3432","targetHints":{"allow":["GET"]}}],"collection":[{"href":"https:\/\/www.cascade.it\/fr\/wp-json\/wp\/v2\/product"}],"about":[{"href":"https:\/\/www.cascade.it\/fr\/wp-json\/wp\/v2\/types\/product"}],"wp:featuredmedia":[{"embeddable":true,"href":"https:\/\/www.cascade.it\/fr\/wp-json\/wp\/v2\/media\/3433"}],"wp:attachment":[{"href":"https:\/\/www.cascade.it\/fr\/wp-json\/wp\/v2\/media?parent=3432"}],"wp:term":[{"taxonomy":"product_brand","embeddable":true,"href":"https:\/\/www.cascade.it\/fr\/wp-json\/wp\/v2\/product_brand?post=3432"},{"taxonomy":"product_cat","embeddable":true,"href":"https:\/\/www.cascade.it\/fr\/wp-json\/wp\/v2\/product_cat?post=3432"},{"taxonomy":"product_tag","embeddable":true,"href":"https:\/\/www.cascade.it\/fr\/wp-json\/wp\/v2\/product_tag?post=3432"}],"curies":[{"name":"wp","href":"https:\/\/api.w.org\/{rel}","templated":true}]}}