{"id":3428,"date":"2019-02-18T09:43:06","date_gmt":"2019-02-18T08:43:06","guid":{"rendered":"https:\/\/www.cascade.it\/new\/prodotto\/spirale\/"},"modified":"2022-07-01T17:39:50","modified_gmt":"2022-07-01T15:39:50","slug":"ajutage-spirale","status":"publish","type":"product","link":"https:\/\/www.cascade.it\/fr\/prodotto\/ajutage-spirale\/","title":{"rendered":"Spirale"},"content":{"rendered":"<p>&nbsp;<\/p>\n<div class=\"carousel-slider-outer carousel-slider-outer-image-carousel carousel-slider-outer-1627\" style=\"--carousel-slider-nav-color:#f1f1f1;--carousel-slider-active-nav-color:#00d1b2;--carousel-slider-arrow-size:48px;--carousel-slider-bullet-size:10px\">\n<div id=\"&#039;id-1627\" class=\"carousel-slider carousel-slider-1627 arrows-visibility-hover dots-visibility-never arrows-outside dots-center dots-square owl-carousel\" data-slide-type=\"image-carousel\" data-owl-settings='{\"nav\":true,\"dots\":false,\"slideBy\":1,\"stagePadding\":0,\"margin\":10,\"loop\":true,\"lazyLoad\":true,\"autoplay\":true,\"autoplayTimeout\":5000,\"autoplaySpeed\":500,\"autoplayHoverPause\":true,\"autoWidth\":false,\"responsive\":{\"300\":{\"items\":1},\"576\":{\"items\":2},\"768\":{\"items\":2},\"1024\":{\"items\":3},\"1280\":{\"items\":3},\"1536\":{\"items\":3}}}'>\n<div class=\"carousel-slider__item\">\n\t<img class=\"owl-lazy\" data-src=\"https:\/\/www.cascade.it\/new\/wp-content\/uploads\/2019\/07\/Spirale.jpg\" alt=\"\"><\/a><\/div>\n\n<div class=\"carousel-slider__item\">\n\t<img class=\"owl-lazy\" data-src=\"https:\/\/www.cascade.it\/new\/wp-content\/uploads\/2019\/12\/1-Ugello-per-fontane-Spirale-80.jpg\" alt=\"\"><\/a><\/div>\n\n<div class=\"carousel-slider__item\">\n\t<img class=\"owl-lazy\" data-src=\"https:\/\/www.cascade.it\/new\/wp-content\/uploads\/2019\/12\/2-Ugello-per-fontane-Spirale-80.jpg\" alt=\"\"><\/a><\/div>\n\n<\/div><!-- .carousel-slider-1627 -->\n<\/div><!-- .carousel-slider-outer-1627 -->\n\n<h1><span style=\"color: #1e73be;\">Ajutage Spirale pour fontaines<\/span><\/h1>\n<p>L&rsquo;<strong>ajutage pour fontaines Spirale<\/strong> est en <strong>acier inoxydable<\/strong> et en <strong>laiton<\/strong> et est <strong>ind\u00e9pendant<\/strong> du niveau d&rsquo;eau.<\/p>\n<p>Compos\u00e9 d&rsquo;un <strong>collecteur<\/strong> en acier inoxydable avec des supports sur lesquels sont distribu\u00e9s <strong>20<\/strong> ou <strong>35 jets cristallins<\/strong> Cometa \u00f8 4 mm et <strong>un jet central<\/strong> Cometa Plus \u00f8 12 mm, tous \u00e9quip\u00e9s de montants avec <strong>stabilisateurs<\/strong> et <strong>r\u00e9gulateurs de d\u00e9bit.<\/strong><\/p>\n<p>Les jets sont r\u00e9partis en composition pour former <strong>une spirale croissante<\/strong>.<\/p>\n<p>&nbsp;<\/p>\n<h3>Conseils d&rsquo;utilisation et applications<\/h3>\n<p>L&rsquo;ajutage Spirale, par rapport \u00e0 un syst\u00e8me similaire mais obtenu avec des jets simples, a l&rsquo;avantage de fournir une <strong>composition<\/strong> d&rsquo;effets d&rsquo;eau d\u00e9j\u00e0 <strong>calibr\u00e9e, pr\u00e9dispos\u00e9e,<\/strong> avec des <strong>d\u00e9bits d\u00e9j\u00e0 \u00e9quilibr\u00e9s<\/strong> et avec des niveaux d&rsquo;eau d\u00e9j\u00e0 r\u00e9gl\u00e9s gr\u00e2ce aux r\u00e9gulateurs de d\u00e9bit.<\/p>\n<p>La disposition des jets sur le collecteur, d\u00e9j\u00e0 dimensionn\u00e9s convenablement et une seule alimentation centrale permettent de simplifier consid\u00e9rablement l&rsquo;installation et l&rsquo;installation.<\/p>\n<p>Gr\u00e2ce \u00e0 sa tr\u00e8s petite taille, cet ajutage a le principal avantage de permettre d&rsquo;obtenir l&rsquo;effet spirale dans un tr\u00e8s petit espace.<\/p>\n<p>Id\u00e9al pour les <strong>bassins petits<\/strong> et <strong>moyens<\/strong> (voir la section <a href=\"https:\/\/www.cascade.it\/fr\/produits\/fontaines-pretes-preassemblees\/\"><span style=\"text-decoration: underline;\"><strong>FONTAINES PR\u00caTES PR\u00c9-ASSEMBL\u00c9ES<\/strong><\/span><\/a>).<\/p>\n<p>Si n\u00e9cessaire, les r\u00e9gulateurs de d\u00e9bit sous chaque jet permettent de faire <strong>varier la g\u00e9om\u00e9trie<\/strong> de l&rsquo;effet d&rsquo;eau \u00e0 volont\u00e9.<\/p>\n<p>N\u00e9cessitant un d\u00e9bit relativement faible, cet ajutage peut \u00eatre fourni aussi avec une <span style=\"text-decoration: underline;\"><a href=\"https:\/\/www.cascade.it\/fr\/produits\/pompes-pour-fontaines\/pompes-submersibles-basse-tension\/\"><strong>pompe submersible basse tension pour fontaines<\/strong><\/a><\/span>, rendant l&rsquo;installation encore plus facile.<\/p>\n<p><strong>\u00c9clairage immerg\u00e9<\/strong>: pour enrichir l&rsquo;effet d\u2019eau avec des jeux de lumi\u00e8re monochromatique ou RGBW, nous recommandons l&rsquo;utilisation des <a href=\"https:\/\/www.cascade.it\/fr\/produits\/eclairage-immerge-led\/projecteurs-led-mizar\/\"><span style=\"text-decoration: underline;\"><strong>projecteurs LED immerg\u00e9s pour fontaines de la s\u00e9rie Mizar<\/strong><\/span><\/a>, des produits professionnels sp\u00e9cifiques pour une utilisation dans les fontaines, avec un design \u00e9l\u00e9gant, une technologie \u00e0 la pointe et extraordinaire effets de lumi\u00e8re.<\/p>\n<p>&nbsp;<\/p>\n<h3>Donn\u00e9es techniques<\/h3>\n<div style=\"overflow-x: auto;\">\n<table width=\"0\">\n<tbody>\n<tr>\n<td width=\"202\"><strong>\u00a0<\/strong><\/td>\n<td class=\"thHorz\" width=\"316\">Spirale 60<\/td>\n<td class=\"thHorz\" width=\"352\">Spirale 80<\/td>\n<\/tr>\n<tr>\n<td class=\"thVert\" width=\"202\">Code<\/td>\n<td width=\"316\">SR60<\/td>\n<td width=\"352\">SR80<\/td>\n<\/tr>\n<tr>\n<td class=\"thVert\" width=\"202\">N\u00b0 jets<\/td>\n<td width=\"316\">21<\/td>\n<td width=\"352\">36<\/td>\n<\/tr>\n<tr>\n<td class=\"thVert\" width=\"202\">\u00f8 jets lat\u00e9raux | central<\/td>\n<td width=\"316\">4 mm | 12 mm<\/td>\n<td width=\"352\">4 mm | 12 mm<\/td>\n<\/tr>\n<tr>\n<td class=\"thVert\" width=\"202\">Hauteur max effet*<\/td>\n<td width=\"316\">2,5 m<\/td>\n<td width=\"352\">3 m<\/td>\n<\/tr>\n<tr>\n<td class=\"thVert\" width=\"202\">Connexion<\/td>\n<td width=\"316\">1 1\/2\u201d M<\/td>\n<td width=\"352\">2\u201d M<\/td>\n<\/tr>\n<tr>\n<td class=\"thVert\" width=\"202\">Mat\u00e9riel<\/td>\n<td width=\"316\">Acier inox et laiton<\/td>\n<td width=\"352\">Acier inox et laiton<\/td>\n<\/tr>\n<tr>\n<td class=\"thVert\" width=\"202\">Diam\u00e8tre global<\/td>\n<td width=\"316\">1 m<\/td>\n<td width=\"352\">1,2 m<\/td>\n<\/tr>\n<tr>\n<td class=\"thVert\" width=\"202\">Poids<\/td>\n<td width=\"316\">30 Kg<\/td>\n<td width=\"352\">50 Kg<\/td>\n<\/tr>\n<\/tbody>\n<\/table>\n<\/div>\n<p>*Hauteur max conseill\u00e9e de l&rsquo;effet d&rsquo;eau.<\/p>\n<div>\n<div style=\"float: left; padding: 5px; text-align: center; width: 150px;\"><\/div>\n<\/div>\n<p>&nbsp;<\/p>\n<h3>Downloads<\/h3>\n<div class=\"divide-line text-left\"><\/div>\n<div>\n<div style=\"float: left; padding: 5px; text-align: center; width: 150px;\"><a href=\"https:\/\/www.cascade.it\/new\/wp-content\/uploads\/2022\/07\/CASCADE-Spirale-FR.pdf\" target=\"_blank\" rel=\"noopener\"><img loading=\"lazy\" decoding=\"async\" class=\"alignnone wp-image-783\" src=\"https:\/\/www.cascade.it\/new\/wp-content\/uploads\/2019\/02\/pdf-icon-png-7.jpg\" alt=\"\" width=\"91\" height=\"91\" srcset=\"https:\/\/www.cascade.it\/new\/wp-content\/uploads\/2019\/02\/pdf-icon-png-7.jpg 254w, https:\/\/www.cascade.it\/new\/wp-content\/uploads\/2019\/02\/pdf-icon-png-7-150x150.jpg 150w, https:\/\/www.cascade.it\/new\/wp-content\/uploads\/2019\/02\/pdf-icon-png-7-100x100.jpg 100w\" sizes=\"auto, (max-width: 91px) 100vw, 91px\" \/><\/a><br \/>\nFiche technique<\/div>\n<div style=\"clear: both;\"><\/div>\n<\/div>\n","protected":false},"excerpt":{"rendered":"<p>&nbsp; Ajutage Spirale pour fontaines L&rsquo;ajutage pour fontaines Spirale est en acier inoxydable et en laiton et est ind\u00e9pendant du niveau d&rsquo;eau. Compos\u00e9 d&rsquo;un collecteur en acier inoxydable avec des supports sur lesquels sont distribu\u00e9s 20 ou 35 jets cristallins Cometa \u00f8 4 mm et un jet central Cometa Plus \u00f8 12 mm, tous \u00e9quip\u00e9s [&hellip;]<\/p>\n","protected":false},"featured_media":3429,"template":"","meta":[],"product_brand":[],"product_cat":[321],"product_tag":[],"class_list":{"0":"post-3428","1":"product","2":"type-product","3":"status-publish","4":"has-post-thumbnail","6":"product_cat-ajutages-speciaux","8":"first","9":"instock","10":"shipping-taxable","11":"product-type-simple"},"yoast_head":"<!-- This site is optimized with the Yoast SEO plugin v26.7 - https:\/\/yoast.com\/wordpress\/plugins\/seo\/ -->\n<title>Ajutage pour fontaines Spirale - Cascade<\/title>\n<meta name=\"description\" content=\"L&#039;ajutage pour fontaines Spirale est en inox et laiton, ind\u00e9pendant du niveau d&#039;eau. Les jets sont r\u00e9partis pour former une spirale croissante.\" \/>\n<meta name=\"robots\" content=\"index, follow, max-snippet:-1, max-image-preview:large, max-video-preview:-1\" \/>\n<link rel=\"canonical\" href=\"https:\/\/www.cascade.it\/fr\/prodotto\/ajutage-spirale\/\" \/>\n<meta property=\"og:locale\" content=\"fr_FR\" \/>\n<meta property=\"og:type\" content=\"article\" \/>\n<meta property=\"og:title\" content=\"Ajutage pour fontaines Spirale - Cascade\" \/>\n<meta property=\"og:description\" content=\"L&#039;ajutage pour fontaines Spirale est en inox et laiton, ind\u00e9pendant du niveau d&#039;eau. Les jets sont r\u00e9partis pour former une spirale croissante.\" \/>\n<meta property=\"og:url\" content=\"https:\/\/www.cascade.it\/fr\/prodotto\/ajutage-spirale\/\" \/>\n<meta property=\"og:site_name\" content=\"Cascade\" \/>\n<meta property=\"article:modified_time\" content=\"2022-07-01T15:39:50+00:00\" \/>\n<meta property=\"og:image\" content=\"https:\/\/www.cascade.it\/new\/wp-content\/uploads\/Prodotti\/Ugelli_per_fontane\/Ugelli_speciali\/SPIRALE-e1550479014727.jpg\" \/>\n\t<meta property=\"og:image:width\" content=\"1300\" \/>\n\t<meta property=\"og:image:height\" content=\"975\" \/>\n\t<meta property=\"og:image:type\" content=\"image\/jpeg\" \/>\n<meta name=\"twitter:card\" content=\"summary_large_image\" \/>\n<meta name=\"twitter:label1\" content=\"Dur\u00e9e de lecture estim\u00e9e\" \/>\n\t<meta name=\"twitter:data1\" content=\"2 minutes\" \/>\n<!-- \/ Yoast SEO plugin. -->","yoast_head_json":{"title":"Ajutage pour fontaines Spirale - Cascade","description":"L'ajutage pour fontaines Spirale est en inox et laiton, ind\u00e9pendant du niveau d'eau. Les jets sont r\u00e9partis pour former une spirale croissante.","robots":{"index":"index","follow":"follow","max-snippet":"max-snippet:-1","max-image-preview":"max-image-preview:large","max-video-preview":"max-video-preview:-1"},"canonical":"https:\/\/www.cascade.it\/fr\/prodotto\/ajutage-spirale\/","og_locale":"fr_FR","og_type":"article","og_title":"Ajutage pour fontaines Spirale - Cascade","og_description":"L'ajutage pour fontaines Spirale est en inox et laiton, ind\u00e9pendant du niveau d'eau. Les jets sont r\u00e9partis pour former une spirale croissante.","og_url":"https:\/\/www.cascade.it\/fr\/prodotto\/ajutage-spirale\/","og_site_name":"Cascade","article_modified_time":"2022-07-01T15:39:50+00:00","og_image":[{"width":1300,"height":975,"url":"https:\/\/www.cascade.it\/new\/wp-content\/uploads\/Prodotti\/Ugelli_per_fontane\/Ugelli_speciali\/SPIRALE-e1550479014727.jpg","type":"image\/jpeg"}],"twitter_card":"summary_large_image","twitter_misc":{"Dur\u00e9e de lecture estim\u00e9e":"2 minutes"},"schema":{"@context":"https:\/\/schema.org","@graph":[{"@type":"WebPage","@id":"https:\/\/www.cascade.it\/fr\/prodotto\/ajutage-spirale\/","url":"https:\/\/www.cascade.it\/fr\/prodotto\/ajutage-spirale\/","name":"Ajutage pour fontaines Spirale - Cascade","isPartOf":{"@id":"https:\/\/www.cascade.it\/fr\/#website"},"primaryImageOfPage":{"@id":"https:\/\/www.cascade.it\/fr\/prodotto\/ajutage-spirale\/#primaryimage"},"image":{"@id":"https:\/\/www.cascade.it\/fr\/prodotto\/ajutage-spirale\/#primaryimage"},"thumbnailUrl":"https:\/\/www.cascade.it\/new\/wp-content\/uploads\/Prodotti\/Ugelli_per_fontane\/Ugelli_speciali\/SPIRALE-e1550479014727.jpg","datePublished":"2019-02-18T08:43:06+00:00","dateModified":"2022-07-01T15:39:50+00:00","description":"L'ajutage pour fontaines Spirale est en inox et laiton, ind\u00e9pendant du niveau d'eau. Les jets sont r\u00e9partis pour former une spirale croissante.","breadcrumb":{"@id":"https:\/\/www.cascade.it\/fr\/prodotto\/ajutage-spirale\/#breadcrumb"},"inLanguage":"fr-FR","potentialAction":[{"@type":"ReadAction","target":["https:\/\/www.cascade.it\/fr\/prodotto\/ajutage-spirale\/"]}]},{"@type":"ImageObject","inLanguage":"fr-FR","@id":"https:\/\/www.cascade.it\/fr\/prodotto\/ajutage-spirale\/#primaryimage","url":"https:\/\/www.cascade.it\/new\/wp-content\/uploads\/Prodotti\/Ugelli_per_fontane\/Ugelli_speciali\/SPIRALE-e1550479014727.jpg","contentUrl":"https:\/\/www.cascade.it\/new\/wp-content\/uploads\/Prodotti\/Ugelli_per_fontane\/Ugelli_speciali\/SPIRALE-e1550479014727.jpg","width":1300,"height":975},{"@type":"BreadcrumbList","@id":"https:\/\/www.cascade.it\/fr\/prodotto\/ajutage-spirale\/#breadcrumb","itemListElement":[{"@type":"ListItem","position":1,"name":"Home","item":"https:\/\/www.cascade.it\/fr\/"},{"@type":"ListItem","position":2,"name":"Boutique","item":"https:\/\/www.cascade.it\/fr\/boutique\/"},{"@type":"ListItem","position":3,"name":"Spirale"}]},{"@type":"WebSite","@id":"https:\/\/www.cascade.it\/fr\/#website","url":"https:\/\/www.cascade.it\/fr\/","name":"Cascade","description":"More than a fountain","potentialAction":[{"@type":"SearchAction","target":{"@type":"EntryPoint","urlTemplate":"https:\/\/www.cascade.it\/fr\/?s={search_term_string}"},"query-input":{"@type":"PropertyValueSpecification","valueRequired":true,"valueName":"search_term_string"}}],"inLanguage":"fr-FR"}]}},"_links":{"self":[{"href":"https:\/\/www.cascade.it\/fr\/wp-json\/wp\/v2\/product\/3428","targetHints":{"allow":["GET"]}}],"collection":[{"href":"https:\/\/www.cascade.it\/fr\/wp-json\/wp\/v2\/product"}],"about":[{"href":"https:\/\/www.cascade.it\/fr\/wp-json\/wp\/v2\/types\/product"}],"wp:featuredmedia":[{"embeddable":true,"href":"https:\/\/www.cascade.it\/fr\/wp-json\/wp\/v2\/media\/3429"}],"wp:attachment":[{"href":"https:\/\/www.cascade.it\/fr\/wp-json\/wp\/v2\/media?parent=3428"}],"wp:term":[{"taxonomy":"product_brand","embeddable":true,"href":"https:\/\/www.cascade.it\/fr\/wp-json\/wp\/v2\/product_brand?post=3428"},{"taxonomy":"product_cat","embeddable":true,"href":"https:\/\/www.cascade.it\/fr\/wp-json\/wp\/v2\/product_cat?post=3428"},{"taxonomy":"product_tag","embeddable":true,"href":"https:\/\/www.cascade.it\/fr\/wp-json\/wp\/v2\/product_tag?post=3428"}],"curies":[{"name":"wp","href":"https:\/\/api.w.org\/{rel}","templated":true}]}}