{"id":3424,"date":"2019-02-18T09:41:11","date_gmt":"2019-02-18T08:41:11","guid":{"rendered":"https:\/\/www.cascade.it\/new\/prodotto\/piramide\/"},"modified":"2022-07-01T17:37:48","modified_gmt":"2022-07-01T15:37:48","slug":"ajutage-piramide","status":"publish","type":"product","link":"https:\/\/www.cascade.it\/fr\/prodotto\/ajutage-piramide\/","title":{"rendered":"Piramide"},"content":{"rendered":"<p>&nbsp;<\/p>\n<div class=\"carousel-slider-outer carousel-slider-outer-image-carousel carousel-slider-outer-1618\" style=\"--carousel-slider-nav-color:#f1f1f1;--carousel-slider-active-nav-color:#00d1b2;--carousel-slider-arrow-size:48px;--carousel-slider-bullet-size:10px\">\n<div id=\"&#039;id-1618\" class=\"carousel-slider carousel-slider-1618 arrows-visibility-hover dots-visibility-never arrows-outside dots-center dots-square owl-carousel\" data-slide-type=\"image-carousel\" data-owl-settings='{\"nav\":true,\"dots\":false,\"slideBy\":1,\"stagePadding\":0,\"margin\":10,\"loop\":true,\"lazyLoad\":true,\"autoplay\":true,\"autoplayTimeout\":5000,\"autoplaySpeed\":500,\"autoplayHoverPause\":true,\"autoWidth\":false,\"responsive\":{\"300\":{\"items\":1},\"576\":{\"items\":2},\"768\":{\"items\":2},\"1024\":{\"items\":3},\"1280\":{\"items\":3},\"1536\":{\"items\":3}}}'>\n<div class=\"carousel-slider__item\">\n\t<img class=\"owl-lazy\" data-src=\"https:\/\/www.cascade.it\/new\/wp-content\/uploads\/2019\/07\/Piramide.jpg\" alt=\"\"><\/a><\/div>\n\n<div class=\"carousel-slider__item\">\n\t<img class=\"owl-lazy\" data-src=\"https:\/\/www.cascade.it\/new\/wp-content\/uploads\/2019\/12\/1-Ugello-per-fontane-Piramide-10.jpg\" alt=\"\"><\/a><\/div>\n\n<div class=\"carousel-slider__item\">\n\t<img class=\"owl-lazy\" data-src=\"https:\/\/www.cascade.it\/new\/wp-content\/uploads\/2019\/12\/2-Ugello-per-fontane-Piramide-10.jpg\" alt=\"\"><\/a><\/div>\n\n<div class=\"carousel-slider__item\">\n\t<img class=\"owl-lazy\" data-src=\"https:\/\/www.cascade.it\/new\/wp-content\/uploads\/2019\/12\/3-Ugello-per-fontane-Piramide-12.jpg\" alt=\"\"><\/a><\/div>\n\n<div class=\"carousel-slider__item\">\n\t<img class=\"owl-lazy\" data-src=\"https:\/\/www.cascade.it\/new\/wp-content\/uploads\/2019\/12\/4-Ugello-per-fontane-Piramide-12.jpg\" alt=\"\"><\/a><\/div>\n\n<div class=\"carousel-slider__item\">\n\t<img class=\"owl-lazy\" data-src=\"https:\/\/www.cascade.it\/new\/wp-content\/uploads\/2019\/12\/5-Ugello-per-fontane-Piramide-12.jpg\" alt=\"\"><\/a><\/div>\n\n<div class=\"carousel-slider__item\">\n\t<img class=\"owl-lazy\" data-src=\"https:\/\/www.cascade.it\/new\/wp-content\/uploads\/2019\/12\/6-Ugello-per-fontane-Piramide-12.jpg\" alt=\"\"><\/a><\/div>\n\n<\/div><!-- .carousel-slider-1618 -->\n<\/div><!-- .carousel-slider-outer-1618 -->\n\n<h1><span style=\"color: #1e73be;\">Ajutage Piramide pour fontaines<\/span><\/h1>\n<p id=\"tw-target-text\" class=\"tw-data-text tw-text-large XcVN5d tw-ta\" dir=\"ltr\" data-placeholder=\"Traduzione\"><span lang=\"fr\">L&rsquo;<strong>ajutage pour fontaines Piramide<\/strong>, en <strong>acier inoxydable<\/strong> et <strong>laiton,<\/strong> est <strong>ind\u00e9pendant<\/strong>\u00a0du niveau d&rsquo;eau. <\/span><\/p>\n<p class=\"tw-data-text tw-text-large XcVN5d tw-ta\" dir=\"ltr\" data-placeholder=\"Traduzione\"><span lang=\"fr\">L&rsquo;effet est une <strong>pyramide<\/strong> de <strong>48 ou 84 jets cristallins<\/strong> \u00f8 4 mm et <strong>un jet central<\/strong> de type <strong>Cometa<\/strong> \u00f8 10 mm. <\/span><\/p>\n<p class=\"tw-data-text tw-text-large XcVN5d tw-ta\" dir=\"ltr\" data-placeholder=\"Traduzione\"><span lang=\"fr\">Les jets sont r\u00e9partis sur <strong>2 ou 3 collecteurs<\/strong> en acier inoxydable de taille appropri\u00e9e et dispos\u00e9s sur <strong>3 ou 4 niveaux<\/strong>.<\/span><\/p>\n<p>&nbsp;<\/p>\n<h3>Conseils d&rsquo;utilisation et applications<\/h3>\n<p id=\"tw-target-text\" class=\"tw-data-text tw-text-large XcVN5d tw-ta\" dir=\"ltr\" data-placeholder=\"Traduzione\"><span lang=\"fr\">L&rsquo;ajutage Piramide, par rapport \u00e0 un syst\u00e8me similaire mais obtenu avec des jets simples, il a l&rsquo;avantage de fournir une <strong>composition<\/strong> d&rsquo;effets d&rsquo;eau d\u00e9j\u00e0 <strong>calibr\u00e9e, pr\u00e9par\u00e9e,<\/strong> avec des <strong>d\u00e9bits<\/strong> d\u00e9j\u00e0 <strong>\u00e9quilibr\u00e9s<\/strong> et des niveaux d&rsquo;eau d\u00e9j\u00e0 fix\u00e9s. <\/span><\/p>\n<p class=\"tw-data-text tw-text-large XcVN5d tw-ta\" dir=\"ltr\" data-placeholder=\"Traduzione\"><span lang=\"fr\">La disposition des jets sur des collecteurs d\u00e9j\u00e0 dimensionn\u00e9s de mani\u00e8re appropri\u00e9e et <strong>une alimentation centrale unique<\/strong> permettent de simplifier consid\u00e9rablement l&rsquo;installation.<\/span><\/p>\n<p class=\"tw-data-text tw-text-large XcVN5d tw-ta\" dir=\"ltr\" data-placeholder=\"Traduzione\"><span lang=\"fr\">Id\u00e9al pour les <strong>bassins<\/strong> de <strong>petite<\/strong> et <strong>moyenne taille<\/strong> (voir la section <a href=\"https:\/\/www.cascade.it\/fr\/produits\/fontaines-pretes-preassemblees\/\"><span style=\"text-decoration: underline;\"><strong>FONTAINES PR\u00caTES PR\u00c9-ASSEMBL\u00c9ES<\/strong><\/span><\/a>).<\/span><\/p>\n<p><strong>\u00c9clairage immerg\u00e9<\/strong>: pour enrichir l&rsquo;effet d\u2019eau avec des jeux de lumi\u00e8re monochromatique ou RGBW, nous recommandons l&rsquo;utilisation des <a href=\"https:\/\/www.cascade.it\/fr\/produits\/eclairage-immerge-led\/projecteurs-led-mizar\/\"><span style=\"text-decoration: underline;\"><strong>projecteurs LED immerg\u00e9s pour fontaines de la s\u00e9rie Mizar<\/strong><\/span><\/a>, des produits professionnels sp\u00e9cifiques pour une utilisation dans les fontaines, avec un design \u00e9l\u00e9gant, une technologie \u00e0 la pointe et extraordinaire effets de lumi\u00e8re.<\/p>\n<p>&nbsp;<\/p>\n<h3>Donn\u00e9es techniques<\/h3>\n<div style=\"overflow-x: auto;\">\n<table width=\"870\">\n<tbody>\n<tr>\n<td width=\"164\"><strong>\u00a0<\/strong><\/td>\n<td class=\"thHorz\" width=\"340\">Piramide 10<\/td>\n<td class=\"thHorz\" width=\"366\">Piramide 12<\/td>\n<\/tr>\n<tr>\n<td class=\"thVert\" width=\"164\">Code<\/td>\n<td width=\"340\">PR10<\/td>\n<td width=\"366\">PR12<\/td>\n<\/tr>\n<tr>\n<td class=\"thVert\" width=\"164\">N\u00b0 jets<\/td>\n<td width=\"340\">49<\/td>\n<td width=\"366\">85<\/td>\n<\/tr>\n<tr>\n<td class=\"thVert\" width=\"164\">\u00f8 jets lat\u00e9raux | central<\/td>\n<td width=\"340\">4 mm | 10 mm<\/td>\n<td width=\"366\">4 mm | 10 mm<\/td>\n<\/tr>\n<tr>\n<td class=\"thVert\" width=\"164\">N\u00b0 niveau d&rsquo;eau<\/td>\n<td width=\"340\">3<\/td>\n<td width=\"366\">4<\/td>\n<\/tr>\n<tr>\n<td class=\"thVert\" width=\"164\">Hauteur max effet*<\/td>\n<td width=\"340\">2,5 m<\/td>\n<td width=\"366\">3 m<\/td>\n<\/tr>\n<tr>\n<td class=\"thVert\" width=\"164\">Connexion<\/td>\n<td width=\"340\">1 1\/2\u201d M<\/td>\n<td width=\"366\">2 1\/2\u201d M<\/td>\n<\/tr>\n<tr>\n<td class=\"thVert\" width=\"164\">Mat\u00e9riel<\/td>\n<td width=\"340\">Acier inox et laiton<\/td>\n<td width=\"366\">Acier inox et laiton<\/td>\n<\/tr>\n<tr>\n<td class=\"thVert\" width=\"164\">Dimensions<\/td>\n<td width=\"340\">850 mm x 850 mm<\/td>\n<td width=\"366\">1200 mm x 1200 mm<\/td>\n<\/tr>\n<tr>\n<td class=\"thVert\" width=\"164\">Poids<\/td>\n<td width=\"340\">41 Kg<\/td>\n<td width=\"366\">51 Kg<\/td>\n<\/tr>\n<\/tbody>\n<\/table>\n<\/div>\n<p>*Hauteur max conseill\u00e9e de l&rsquo;effet d&rsquo;eau.<\/p>\n<div>\n<div style=\"float: left; padding: 5px; text-align: center; width: 150px;\"><\/div>\n<\/div>\n<p>&nbsp;<\/p>\n<h3>Downloads<\/h3>\n<div class=\"divide-line text-left\"><\/div>\n<div>\n<div style=\"float: left; padding: 5px; text-align: center; width: 150px;\"><a href=\"https:\/\/www.cascade.it\/new\/wp-content\/uploads\/2022\/07\/CASCADE-Piramide-FR.pdf\" target=\"_blank\" rel=\"noopener\"><img loading=\"lazy\" decoding=\"async\" class=\"alignnone wp-image-783\" src=\"https:\/\/www.cascade.it\/new\/wp-content\/uploads\/2019\/02\/pdf-icon-png-7.jpg\" alt=\"\" width=\"91\" height=\"91\" srcset=\"https:\/\/www.cascade.it\/new\/wp-content\/uploads\/2019\/02\/pdf-icon-png-7.jpg 254w, https:\/\/www.cascade.it\/new\/wp-content\/uploads\/2019\/02\/pdf-icon-png-7-150x150.jpg 150w, https:\/\/www.cascade.it\/new\/wp-content\/uploads\/2019\/02\/pdf-icon-png-7-100x100.jpg 100w\" sizes=\"auto, (max-width: 91px) 100vw, 91px\" \/><\/a><br \/>\nFiche technique<\/div>\n<div style=\"clear: both;\"><\/div>\n<\/div>\n","protected":false},"excerpt":{"rendered":"<p>&nbsp; Ajutage Piramide pour fontaines L&rsquo;ajutage pour fontaines Piramide, en acier inoxydable et laiton, est ind\u00e9pendant\u00a0du niveau d&rsquo;eau. L&rsquo;effet est une pyramide de 48 ou 84 jets cristallins \u00f8 4 mm et un jet central de type Cometa \u00f8 10 mm. Les jets sont r\u00e9partis sur 2 ou 3 collecteurs en acier inoxydable de taille [&hellip;]<\/p>\n","protected":false},"featured_media":3425,"template":"","meta":[],"product_brand":[],"product_cat":[321],"product_tag":[],"class_list":{"0":"post-3424","1":"product","2":"type-product","3":"status-publish","4":"has-post-thumbnail","6":"product_cat-ajutages-speciaux","8":"first","9":"instock","10":"shipping-taxable","11":"product-type-simple"},"yoast_head":"<!-- This site is optimized with the Yoast SEO plugin v26.7 - https:\/\/yoast.com\/wordpress\/plugins\/seo\/ -->\n<title>Ajutage pour fontaines Piramide - Cascade<\/title>\n<meta name=\"description\" content=\"L&#039;ajutage pour fontaines Piramide, en acier inoxydable et laiton, est ind\u00e9pendant\u00a0du niveau d&#039;eau. L&#039;effet est une pyramide de 48 ou 84 jets cristallins.\" \/>\n<meta name=\"robots\" content=\"index, follow, max-snippet:-1, max-image-preview:large, max-video-preview:-1\" \/>\n<link rel=\"canonical\" href=\"https:\/\/www.cascade.it\/fr\/prodotto\/ajutage-piramide\/\" \/>\n<meta property=\"og:locale\" content=\"fr_FR\" \/>\n<meta property=\"og:type\" content=\"article\" \/>\n<meta property=\"og:title\" content=\"Ajutage pour fontaines Piramide - Cascade\" \/>\n<meta property=\"og:description\" content=\"L&#039;ajutage pour fontaines Piramide, en acier inoxydable et laiton, est ind\u00e9pendant\u00a0du niveau d&#039;eau. L&#039;effet est une pyramide de 48 ou 84 jets cristallins.\" \/>\n<meta property=\"og:url\" content=\"https:\/\/www.cascade.it\/fr\/prodotto\/ajutage-piramide\/\" \/>\n<meta property=\"og:site_name\" content=\"Cascade\" \/>\n<meta property=\"article:modified_time\" content=\"2022-07-01T15:37:48+00:00\" \/>\n<meta property=\"og:image\" content=\"https:\/\/www.cascade.it\/new\/wp-content\/uploads\/Prodotti\/Ugelli_per_fontane\/Ugelli_speciali\/PIRAMIDE-e1550479138248.jpg\" \/>\n\t<meta property=\"og:image:width\" content=\"1300\" \/>\n\t<meta property=\"og:image:height\" content=\"975\" \/>\n\t<meta property=\"og:image:type\" content=\"image\/jpeg\" \/>\n<meta name=\"twitter:card\" content=\"summary_large_image\" \/>\n<meta name=\"twitter:label1\" content=\"Dur\u00e9e de lecture estim\u00e9e\" \/>\n\t<meta name=\"twitter:data1\" content=\"2 minutes\" \/>\n<!-- \/ Yoast SEO plugin. -->","yoast_head_json":{"title":"Ajutage pour fontaines Piramide - Cascade","description":"L'ajutage pour fontaines Piramide, en acier inoxydable et laiton, est ind\u00e9pendant\u00a0du niveau d'eau. L'effet est une pyramide de 48 ou 84 jets cristallins.","robots":{"index":"index","follow":"follow","max-snippet":"max-snippet:-1","max-image-preview":"max-image-preview:large","max-video-preview":"max-video-preview:-1"},"canonical":"https:\/\/www.cascade.it\/fr\/prodotto\/ajutage-piramide\/","og_locale":"fr_FR","og_type":"article","og_title":"Ajutage pour fontaines Piramide - Cascade","og_description":"L'ajutage pour fontaines Piramide, en acier inoxydable et laiton, est ind\u00e9pendant\u00a0du niveau d'eau. L'effet est une pyramide de 48 ou 84 jets cristallins.","og_url":"https:\/\/www.cascade.it\/fr\/prodotto\/ajutage-piramide\/","og_site_name":"Cascade","article_modified_time":"2022-07-01T15:37:48+00:00","og_image":[{"width":1300,"height":975,"url":"https:\/\/www.cascade.it\/new\/wp-content\/uploads\/Prodotti\/Ugelli_per_fontane\/Ugelli_speciali\/PIRAMIDE-e1550479138248.jpg","type":"image\/jpeg"}],"twitter_card":"summary_large_image","twitter_misc":{"Dur\u00e9e de lecture estim\u00e9e":"2 minutes"},"schema":{"@context":"https:\/\/schema.org","@graph":[{"@type":"WebPage","@id":"https:\/\/www.cascade.it\/fr\/prodotto\/ajutage-piramide\/","url":"https:\/\/www.cascade.it\/fr\/prodotto\/ajutage-piramide\/","name":"Ajutage pour fontaines Piramide - Cascade","isPartOf":{"@id":"https:\/\/www.cascade.it\/fr\/#website"},"primaryImageOfPage":{"@id":"https:\/\/www.cascade.it\/fr\/prodotto\/ajutage-piramide\/#primaryimage"},"image":{"@id":"https:\/\/www.cascade.it\/fr\/prodotto\/ajutage-piramide\/#primaryimage"},"thumbnailUrl":"https:\/\/www.cascade.it\/new\/wp-content\/uploads\/Prodotti\/Ugelli_per_fontane\/Ugelli_speciali\/PIRAMIDE-e1550479138248.jpg","datePublished":"2019-02-18T08:41:11+00:00","dateModified":"2022-07-01T15:37:48+00:00","description":"L'ajutage pour fontaines Piramide, en acier inoxydable et laiton, est ind\u00e9pendant\u00a0du niveau d'eau. L'effet est une pyramide de 48 ou 84 jets cristallins.","breadcrumb":{"@id":"https:\/\/www.cascade.it\/fr\/prodotto\/ajutage-piramide\/#breadcrumb"},"inLanguage":"fr-FR","potentialAction":[{"@type":"ReadAction","target":["https:\/\/www.cascade.it\/fr\/prodotto\/ajutage-piramide\/"]}]},{"@type":"ImageObject","inLanguage":"fr-FR","@id":"https:\/\/www.cascade.it\/fr\/prodotto\/ajutage-piramide\/#primaryimage","url":"https:\/\/www.cascade.it\/new\/wp-content\/uploads\/Prodotti\/Ugelli_per_fontane\/Ugelli_speciali\/PIRAMIDE-e1550479138248.jpg","contentUrl":"https:\/\/www.cascade.it\/new\/wp-content\/uploads\/Prodotti\/Ugelli_per_fontane\/Ugelli_speciali\/PIRAMIDE-e1550479138248.jpg","width":1300,"height":975},{"@type":"BreadcrumbList","@id":"https:\/\/www.cascade.it\/fr\/prodotto\/ajutage-piramide\/#breadcrumb","itemListElement":[{"@type":"ListItem","position":1,"name":"Home","item":"https:\/\/www.cascade.it\/fr\/"},{"@type":"ListItem","position":2,"name":"Boutique","item":"https:\/\/www.cascade.it\/fr\/boutique\/"},{"@type":"ListItem","position":3,"name":"Piramide"}]},{"@type":"WebSite","@id":"https:\/\/www.cascade.it\/fr\/#website","url":"https:\/\/www.cascade.it\/fr\/","name":"Cascade","description":"More than a fountain","potentialAction":[{"@type":"SearchAction","target":{"@type":"EntryPoint","urlTemplate":"https:\/\/www.cascade.it\/fr\/?s={search_term_string}"},"query-input":{"@type":"PropertyValueSpecification","valueRequired":true,"valueName":"search_term_string"}}],"inLanguage":"fr-FR"}]}},"_links":{"self":[{"href":"https:\/\/www.cascade.it\/fr\/wp-json\/wp\/v2\/product\/3424","targetHints":{"allow":["GET"]}}],"collection":[{"href":"https:\/\/www.cascade.it\/fr\/wp-json\/wp\/v2\/product"}],"about":[{"href":"https:\/\/www.cascade.it\/fr\/wp-json\/wp\/v2\/types\/product"}],"wp:featuredmedia":[{"embeddable":true,"href":"https:\/\/www.cascade.it\/fr\/wp-json\/wp\/v2\/media\/3425"}],"wp:attachment":[{"href":"https:\/\/www.cascade.it\/fr\/wp-json\/wp\/v2\/media?parent=3424"}],"wp:term":[{"taxonomy":"product_brand","embeddable":true,"href":"https:\/\/www.cascade.it\/fr\/wp-json\/wp\/v2\/product_brand?post=3424"},{"taxonomy":"product_cat","embeddable":true,"href":"https:\/\/www.cascade.it\/fr\/wp-json\/wp\/v2\/product_cat?post=3424"},{"taxonomy":"product_tag","embeddable":true,"href":"https:\/\/www.cascade.it\/fr\/wp-json\/wp\/v2\/product_tag?post=3424"}],"curies":[{"name":"wp","href":"https:\/\/api.w.org\/{rel}","templated":true}]}}