{"id":3420,"date":"2019-02-18T09:48:20","date_gmt":"2019-02-18T08:48:20","guid":{"rendered":"https:\/\/www.cascade.it\/new\/prodotto\/lotus-2\/"},"modified":"2020-11-24T18:22:33","modified_gmt":"2020-11-24T17:22:33","slug":"ajutage-lotus","status":"publish","type":"product","link":"https:\/\/www.cascade.it\/fr\/prodotto\/ajutage-lotus\/","title":{"rendered":"Lotus"},"content":{"rendered":"<p>&nbsp;<\/p>\n<div class=\"carousel-slider-outer carousel-slider-outer-image-carousel carousel-slider-outer-1612\" style=\"--carousel-slider-nav-color:#f1f1f1;--carousel-slider-active-nav-color:#00d1b2;--carousel-slider-arrow-size:48px;--carousel-slider-bullet-size:10px\">\n<div id=\"&#039;id-1612\" class=\"carousel-slider carousel-slider-1612 arrows-visibility-hover dots-visibility-never arrows-outside dots-center dots-square owl-carousel\" data-slide-type=\"image-carousel\" data-owl-settings='{\"nav\":true,\"dots\":false,\"slideBy\":1,\"stagePadding\":0,\"margin\":10,\"loop\":true,\"lazyLoad\":true,\"autoplay\":true,\"autoplayTimeout\":5000,\"autoplaySpeed\":500,\"autoplayHoverPause\":true,\"autoWidth\":false,\"responsive\":{\"300\":{\"items\":1},\"576\":{\"items\":2},\"768\":{\"items\":2},\"1024\":{\"items\":3},\"1280\":{\"items\":3},\"1536\":{\"items\":3}}}'>\n<div class=\"carousel-slider__item\">\n\t<img class=\"owl-lazy\" data-src=\"https:\/\/www.cascade.it\/new\/wp-content\/uploads\/2019\/07\/Lotus.jpg\" alt=\"Ugello Rotante per Fontane Lotus - Cascade\"><\/a><\/div>\n\n<div class=\"carousel-slider__item\">\n\t<img class=\"owl-lazy\" data-src=\"https:\/\/www.cascade.it\/new\/wp-content\/uploads\/2019\/12\/1-Ugello-per-fontane-Lotus.jpg\" alt=\"Ugello Rotante per Fontane Lotus - Cascade\"><\/a><\/div>\n\n<div class=\"carousel-slider__item\">\n\t<img class=\"owl-lazy\" data-src=\"https:\/\/www.cascade.it\/new\/wp-content\/uploads\/2019\/12\/2-Ugello-per-fontane-Lotus.jpg\" alt=\"\"><\/a><\/div>\n\n<div class=\"carousel-slider__item\">\n\t<img class=\"owl-lazy\" data-src=\"https:\/\/www.cascade.it\/new\/wp-content\/uploads\/2019\/12\/3-Ugello-per-fontane-Lotus.jpg\" alt=\"Ugello Rotante per Fontane Lotus - Cascade\"><\/a><\/div>\n\n<\/div><!-- .carousel-slider-1612 -->\n<\/div><!-- .carousel-slider-outer-1612 -->\n\n<h1><span style=\"color: #1e73be;\">Ajutage Lotus pour fontaines<\/span><\/h1>\n<p id=\"tw-target-text\" class=\"tw-data-text tw-text-large XcVN5d tw-ta\" dir=\"ltr\" data-placeholder=\"Traduzione\"><span lang=\"fr\">Fabriqu\u00e9 en <strong>acier inoxydable<\/strong>, <strong>laiton<\/strong> et <strong>bronze,<\/strong> avec ses rayons verticaux, il produit un <strong>effet visuel rotatif suggestif<\/strong> qui reproduit la forme des p\u00e9tales d&rsquo;une fleur. <\/span><\/p>\n<p class=\"tw-data-text tw-text-large XcVN5d tw-ta\" dir=\"ltr\" data-placeholder=\"Traduzione\"><span lang=\"fr\">Diam\u00e8tre 570 mm. <\/span><\/p>\n<p class=\"tw-data-text tw-text-large XcVN5d tw-ta\" dir=\"ltr\" data-placeholder=\"Traduzione\"><span lang=\"fr\">Avec <strong>32 jets<\/strong> \u00f8 6 mm, dispos\u00e9s en 2 rang\u00e9es, avec rotation des ajutages <strong>concordante ou oppos\u00e9e<\/strong>.<\/span><\/p>\n<p class=\"tw-data-text tw-text-large XcVN5d tw-ta\" dir=\"ltr\" data-placeholder=\"Traduzione\"><span lang=\"fr\">Connexion de base 2 1\/2&Prime; M.<\/span><\/p>\n<p>&nbsp;<\/p>\n<h3>Conseils d&rsquo;utilisation et applications<\/h3>\n<p id=\"tw-target-text\" class=\"tw-data-text tw-text-large XcVN5d tw-ta\" dir=\"ltr\" data-placeholder=\"Traduzione\"><span lang=\"fr\">L&rsquo;<strong>ajutage pour fontaines Lotus<\/strong>, gr\u00e2ce \u00e0 sa g\u00e9om\u00e9trie con\u00e7ue pour exploiter la pouss\u00e9e de l&rsquo;eau pour obtenir une rotation, permet de donner du <strong>dynamisme<\/strong> \u00e0 la fontaine de mani\u00e8re <strong>simple<\/strong> et <strong>efficace<\/strong>. <\/span><\/p>\n<p class=\"tw-data-text tw-text-large XcVN5d tw-ta\" dir=\"ltr\" data-placeholder=\"Traduzione\"><span lang=\"fr\">\u00c0 des vitesses de rotation particuli\u00e8rement \u00e9lev\u00e9es, l&rsquo;effet obtenu est similaire \u00e0 un <strong>\u00e9cran \u00e0 eau<\/strong>, avec un diam\u00e8tre pouvant atteindre <strong>12 m<\/strong>, avec l&rsquo;avantage de n\u00e9cessiter des d\u00e9bits beaucoup <strong>plus faibles<\/strong> que les \u00e9crans \u00e0 eau traditionnels. <\/span><\/p>\n<p class=\"tw-data-text tw-text-large XcVN5d tw-ta\" dir=\"ltr\" data-placeholder=\"Traduzione\"><span lang=\"fr\">Id\u00e9al pour les <a href=\"https:\/\/www.cascade.it\/fr\/prodotto\/fontaines-musicales-et-dynamiques\/\"><span style=\"text-decoration: underline;\"><strong>syst\u00e8mes musicaux ou dynamiques<\/strong><\/span><\/a>. <\/span><\/p>\n<p class=\"tw-data-text tw-text-large XcVN5d tw-ta\" dir=\"ltr\" data-placeholder=\"Traduzione\"><span lang=\"fr\">Id\u00e9al pour les <strong>bassins moyens<\/strong> et <strong>grands.<\/strong><\/span><\/p>\n<p><strong>\u00c9clairage immerg\u00e9<\/strong>: pour enrichir l&rsquo;effet d\u2019eau avec des jeux de lumi\u00e8re monochromatique ou RGBW, nous recommandons l&rsquo;utilisation des <a href=\"https:\/\/www.cascade.it\/fr\/produits\/eclairage-immerge-led\/projecteurs-led-mizar\/\"><span style=\"text-decoration: underline;\"><strong>projecteurs LED immerg\u00e9s pour fontaines de la s\u00e9rie Mizar<\/strong><\/span><\/a>, des produits professionnels sp\u00e9cifiques pour une utilisation dans les fontaines, avec un design \u00e9l\u00e9gant, une technologie \u00e0 la pointe et extraordinaire effets de lumi\u00e8re.<\/p>\n<p>&nbsp;<\/p>\n<h3>Donn\u00e9es techniques<\/h3>\n<div style=\"overflow-x: auto;\">\n<table width=\"0\">\n<tbody>\n<tr>\n<td width=\"164\"><strong>\u00a0<\/strong><\/td>\n<td class=\"thHorz\" width=\"673\">Lotus<\/td>\n<\/tr>\n<tr>\n<td class=\"thVert\" width=\"164\">Code<\/td>\n<td width=\"673\">LO32<\/td>\n<\/tr>\n<tr>\n<td class=\"thVert\" width=\"164\">N\u00b0 jets<\/td>\n<td width=\"673\">32<\/td>\n<\/tr>\n<tr>\n<td class=\"thVert\" width=\"164\">\u00f8 jets<\/td>\n<td width=\"673\">6 mm<\/td>\n<\/tr>\n<tr>\n<td class=\"thVert\" width=\"164\">Diam\u00e8tre ajutage<\/td>\n<td width=\"673\">570 mm<\/td>\n<\/tr>\n<tr>\n<td class=\"thVert\" width=\"164\">Diam\u00e8tre max effet*<\/td>\n<td width=\"673\">12 m<\/td>\n<\/tr>\n<tr>\n<td class=\"thVert\" width=\"164\">Connexion<\/td>\n<td width=\"673\">2 1\/2\u201d M<\/td>\n<\/tr>\n<tr>\n<td class=\"thVert\" width=\"164\">Mat\u00e9riel<\/td>\n<td width=\"673\">Acier inox, laiton et bronze<\/td>\n<\/tr>\n<\/tbody>\n<\/table>\n<\/div>\n<p>*Diam\u00e8tre max conseill\u00e9 de l&rsquo;effet d&rsquo;eau.<\/p>\n","protected":false},"excerpt":{"rendered":"<p>&nbsp; Ajutage Lotus pour fontaines Fabriqu\u00e9 en acier inoxydable, laiton et bronze, avec ses rayons verticaux, il produit un effet visuel rotatif suggestif qui reproduit la forme des p\u00e9tales d&rsquo;une fleur. Diam\u00e8tre 570 mm. Avec 32 jets \u00f8 6 mm, dispos\u00e9s en 2 rang\u00e9es, avec rotation des ajutages concordante ou oppos\u00e9e. Connexion de base 2 [&hellip;]<\/p>\n","protected":false},"featured_media":3421,"template":"","meta":[],"product_brand":[],"product_cat":[321],"product_tag":[],"class_list":{"0":"post-3420","1":"product","2":"type-product","3":"status-publish","4":"has-post-thumbnail","6":"product_cat-ajutages-speciaux","8":"first","9":"instock","10":"shipping-taxable","11":"product-type-simple"},"yoast_head":"<!-- This site is optimized with the Yoast SEO plugin v26.7 - https:\/\/yoast.com\/wordpress\/plugins\/seo\/ -->\n<title>Ajutage pour fontaines Lotus - Cascade<\/title>\n<meta name=\"description\" content=\"Fabriqu\u00e9 en inox, laiton et bronze, avec ses rayons verticaux, il produit un effet visuel rotatif suggestif qui reproduit la forme des p\u00e9tales d&#039;une fleur.\" \/>\n<meta name=\"robots\" content=\"index, follow, max-snippet:-1, max-image-preview:large, max-video-preview:-1\" \/>\n<link rel=\"canonical\" href=\"https:\/\/www.cascade.it\/fr\/prodotto\/ajutage-lotus\/\" \/>\n<meta property=\"og:locale\" content=\"fr_FR\" \/>\n<meta property=\"og:type\" content=\"article\" \/>\n<meta property=\"og:title\" content=\"Ajutage pour fontaines Lotus - Cascade\" \/>\n<meta property=\"og:description\" content=\"Fabriqu\u00e9 en inox, laiton et bronze, avec ses rayons verticaux, il produit un effet visuel rotatif suggestif qui reproduit la forme des p\u00e9tales d&#039;une fleur.\" \/>\n<meta property=\"og:url\" content=\"https:\/\/www.cascade.it\/fr\/prodotto\/ajutage-lotus\/\" \/>\n<meta property=\"og:site_name\" content=\"Cascade\" \/>\n<meta property=\"article:modified_time\" content=\"2020-11-24T17:22:33+00:00\" \/>\n<meta property=\"og:image\" content=\"https:\/\/www.cascade.it\/new\/wp-content\/uploads\/Prodotti\/Ugelli_per_fontane\/Ugelli_speciali\/LOTUS-e1550479038734.jpg\" \/>\n\t<meta property=\"og:image:width\" content=\"1300\" \/>\n\t<meta property=\"og:image:height\" content=\"975\" \/>\n\t<meta property=\"og:image:type\" content=\"image\/jpeg\" \/>\n<meta name=\"twitter:card\" content=\"summary_large_image\" \/>\n<meta name=\"twitter:label1\" content=\"Dur\u00e9e de lecture estim\u00e9e\" \/>\n\t<meta name=\"twitter:data1\" content=\"1 minute\" \/>\n<!-- \/ Yoast SEO plugin. -->","yoast_head_json":{"title":"Ajutage pour fontaines Lotus - Cascade","description":"Fabriqu\u00e9 en inox, laiton et bronze, avec ses rayons verticaux, il produit un effet visuel rotatif suggestif qui reproduit la forme des p\u00e9tales d'une fleur.","robots":{"index":"index","follow":"follow","max-snippet":"max-snippet:-1","max-image-preview":"max-image-preview:large","max-video-preview":"max-video-preview:-1"},"canonical":"https:\/\/www.cascade.it\/fr\/prodotto\/ajutage-lotus\/","og_locale":"fr_FR","og_type":"article","og_title":"Ajutage pour fontaines Lotus - Cascade","og_description":"Fabriqu\u00e9 en inox, laiton et bronze, avec ses rayons verticaux, il produit un effet visuel rotatif suggestif qui reproduit la forme des p\u00e9tales d'une fleur.","og_url":"https:\/\/www.cascade.it\/fr\/prodotto\/ajutage-lotus\/","og_site_name":"Cascade","article_modified_time":"2020-11-24T17:22:33+00:00","og_image":[{"width":1300,"height":975,"url":"https:\/\/www.cascade.it\/new\/wp-content\/uploads\/Prodotti\/Ugelli_per_fontane\/Ugelli_speciali\/LOTUS-e1550479038734.jpg","type":"image\/jpeg"}],"twitter_card":"summary_large_image","twitter_misc":{"Dur\u00e9e de lecture estim\u00e9e":"1 minute"},"schema":{"@context":"https:\/\/schema.org","@graph":[{"@type":"WebPage","@id":"https:\/\/www.cascade.it\/fr\/prodotto\/ajutage-lotus\/","url":"https:\/\/www.cascade.it\/fr\/prodotto\/ajutage-lotus\/","name":"Ajutage pour fontaines Lotus - Cascade","isPartOf":{"@id":"https:\/\/www.cascade.it\/fr\/#website"},"primaryImageOfPage":{"@id":"https:\/\/www.cascade.it\/fr\/prodotto\/ajutage-lotus\/#primaryimage"},"image":{"@id":"https:\/\/www.cascade.it\/fr\/prodotto\/ajutage-lotus\/#primaryimage"},"thumbnailUrl":"https:\/\/www.cascade.it\/new\/wp-content\/uploads\/Prodotti\/Ugelli_per_fontane\/Ugelli_speciali\/LOTUS-e1550479038734.jpg","datePublished":"2019-02-18T08:48:20+00:00","dateModified":"2020-11-24T17:22:33+00:00","description":"Fabriqu\u00e9 en inox, laiton et bronze, avec ses rayons verticaux, il produit un effet visuel rotatif suggestif qui reproduit la forme des p\u00e9tales d'une fleur.","breadcrumb":{"@id":"https:\/\/www.cascade.it\/fr\/prodotto\/ajutage-lotus\/#breadcrumb"},"inLanguage":"fr-FR","potentialAction":[{"@type":"ReadAction","target":["https:\/\/www.cascade.it\/fr\/prodotto\/ajutage-lotus\/"]}]},{"@type":"ImageObject","inLanguage":"fr-FR","@id":"https:\/\/www.cascade.it\/fr\/prodotto\/ajutage-lotus\/#primaryimage","url":"https:\/\/www.cascade.it\/new\/wp-content\/uploads\/Prodotti\/Ugelli_per_fontane\/Ugelli_speciali\/LOTUS-e1550479038734.jpg","contentUrl":"https:\/\/www.cascade.it\/new\/wp-content\/uploads\/Prodotti\/Ugelli_per_fontane\/Ugelli_speciali\/LOTUS-e1550479038734.jpg","width":1300,"height":975,"caption":"Ugello Rotante per Fontane Lotus - Cascade"},{"@type":"BreadcrumbList","@id":"https:\/\/www.cascade.it\/fr\/prodotto\/ajutage-lotus\/#breadcrumb","itemListElement":[{"@type":"ListItem","position":1,"name":"Home","item":"https:\/\/www.cascade.it\/fr\/"},{"@type":"ListItem","position":2,"name":"Boutique","item":"https:\/\/www.cascade.it\/fr\/boutique\/"},{"@type":"ListItem","position":3,"name":"Lotus"}]},{"@type":"WebSite","@id":"https:\/\/www.cascade.it\/fr\/#website","url":"https:\/\/www.cascade.it\/fr\/","name":"Cascade","description":"More than a fountain","potentialAction":[{"@type":"SearchAction","target":{"@type":"EntryPoint","urlTemplate":"https:\/\/www.cascade.it\/fr\/?s={search_term_string}"},"query-input":{"@type":"PropertyValueSpecification","valueRequired":true,"valueName":"search_term_string"}}],"inLanguage":"fr-FR"}]}},"_links":{"self":[{"href":"https:\/\/www.cascade.it\/fr\/wp-json\/wp\/v2\/product\/3420","targetHints":{"allow":["GET"]}}],"collection":[{"href":"https:\/\/www.cascade.it\/fr\/wp-json\/wp\/v2\/product"}],"about":[{"href":"https:\/\/www.cascade.it\/fr\/wp-json\/wp\/v2\/types\/product"}],"wp:featuredmedia":[{"embeddable":true,"href":"https:\/\/www.cascade.it\/fr\/wp-json\/wp\/v2\/media\/3421"}],"wp:attachment":[{"href":"https:\/\/www.cascade.it\/fr\/wp-json\/wp\/v2\/media?parent=3420"}],"wp:term":[{"taxonomy":"product_brand","embeddable":true,"href":"https:\/\/www.cascade.it\/fr\/wp-json\/wp\/v2\/product_brand?post=3420"},{"taxonomy":"product_cat","embeddable":true,"href":"https:\/\/www.cascade.it\/fr\/wp-json\/wp\/v2\/product_cat?post=3420"},{"taxonomy":"product_tag","embeddable":true,"href":"https:\/\/www.cascade.it\/fr\/wp-json\/wp\/v2\/product_tag?post=3420"}],"curies":[{"name":"wp","href":"https:\/\/api.w.org\/{rel}","templated":true}]}}