{"id":3412,"date":"2019-02-15T10:33:07","date_gmt":"2019-02-15T09:33:07","guid":{"rendered":"https:\/\/www.cascade.it\/new\/prodotto\/valvola-pneumatica-v-fast100\/"},"modified":"2022-07-01T17:57:57","modified_gmt":"2022-07-01T15:57:57","slug":"vanne-pneumatique-v-fast100","status":"publish","type":"product","link":"https:\/\/www.cascade.it\/fr\/prodotto\/vanne-pneumatique-v-fast100\/","title":{"rendered":"Vanne pneumatique V-Fast 100"},"content":{"rendered":"<p>[vc_row][vc_column][vc_empty_space height=\u00a0\u00bb50&Prime; height_mobile=\u00a0\u00bb130&Prime;][vc_column_text spacing_heading=\u00a0\u00bb\u00a0\u00bb spacing_heading_tab=\u00a0\u00bb\u00a0\u00bb spacing_heading_mobile=\u00a0\u00bb\u00a0\u00bb]<\/p>\n<div class=\"carousel-slider-outer carousel-slider-outer-image-carousel carousel-slider-outer-1591\" style=\"--carousel-slider-nav-color:#f1f1f1;--carousel-slider-active-nav-color:#00d1b2;--carousel-slider-arrow-size:48px;--carousel-slider-bullet-size:10px\">\n<div id=\"&#039;id-1591\" class=\"carousel-slider carousel-slider-1591 arrows-visibility-hover dots-visibility-never arrows-outside dots-center dots-square owl-carousel\" data-slide-type=\"image-carousel\" data-owl-settings='{\"nav\":true,\"dots\":false,\"slideBy\":1,\"stagePadding\":0,\"margin\":10,\"loop\":true,\"lazyLoad\":true,\"autoplay\":true,\"autoplayTimeout\":5000,\"autoplaySpeed\":500,\"autoplayHoverPause\":true,\"autoWidth\":false,\"responsive\":{\"300\":{\"items\":1},\"576\":{\"items\":2},\"768\":{\"items\":2},\"1024\":{\"items\":3},\"1280\":{\"items\":3},\"1536\":{\"items\":3}}}'>\n<div class=\"carousel-slider__item\">\n\t<img class=\"owl-lazy\" data-src=\"https:\/\/www.cascade.it\/new\/wp-content\/uploads\/2019\/07\/V-Fast-100.jpg\" alt=\"\"><\/a><\/div>\n\n<div class=\"carousel-slider__item\">\n\t<img class=\"owl-lazy\" data-src=\"https:\/\/www.cascade.it\/new\/wp-content\/uploads\/2019\/12\/1-Valvola-pneumatica-per-fontane-V-Fast-100.jpg\" alt=\"\"><\/a><\/div>\n\n<div class=\"carousel-slider__item\">\n\t<img class=\"owl-lazy\" data-src=\"https:\/\/www.cascade.it\/new\/wp-content\/uploads\/2019\/12\/2-Valvola-pneumatica-per-fontane-V-Fast-100.jpg\" alt=\"\"><\/a><\/div>\n\n<div class=\"carousel-slider__item\">\n\t<img class=\"owl-lazy\" data-src=\"https:\/\/www.cascade.it\/new\/wp-content\/uploads\/2019\/12\/3-Valvola-pneumatica-per-fontane-V-Fast-100.jpg\" alt=\"\"><\/a><\/div>\n\n<div class=\"carousel-slider__item\">\n\t<img class=\"owl-lazy\" data-src=\"https:\/\/www.cascade.it\/new\/wp-content\/uploads\/2019\/12\/4-Valvola-pneumatica-per-fontane-V-Fast-100.jpg\" alt=\"\"><\/a><\/div>\n\n<div class=\"carousel-slider__item\">\n\t<img class=\"owl-lazy\" data-src=\"https:\/\/www.cascade.it\/new\/wp-content\/uploads\/2019\/12\/5-Valvola-pneumatica-per-fontane-V-Fast-100.jpg\" alt=\"\"><\/a><\/div>\n\n<\/div><!-- .carousel-slider-1591 -->\n<\/div><!-- .carousel-slider-outer-1591 -->\n\n<h1><span style=\"color: #1e73be;\">Vanne pneumatique V-Fast 100 pour fontaines<\/span><\/h1>\n<p id=\"tw-target-text\" class=\"tw-data-text tw-text-large XcVN5d tw-ta\" dir=\"ltr\" data-placeholder=\"Traduzione\"><span lang=\"fr\">La <strong>vanne pneumatique \u00e0 trois voies V-Fast 100<\/strong> est en <strong>laiton nickel\u00e9,<\/strong> avec connexions de <strong>1&Prime;<\/strong> et la possibilit\u00e9 de tourner la troisi\u00e8me voie dans 4 positions diff\u00e9rentes sur un angle de 360\u200b\u200b\u00b0. <\/span><\/p>\n<p class=\"tw-data-text tw-text-large XcVN5d tw-ta\" dir=\"ltr\" data-placeholder=\"Traduzione\"><span lang=\"fr\"><strong>Actionneur<\/strong> avec corps et parties internes en <strong>acier inoxydable<\/strong> ou <strong>laiton,<\/strong> complet avec deux connexions M5 pour raccords rapides. <\/span><\/p>\n<p class=\"tw-data-text tw-text-large XcVN5d tw-ta\" dir=\"ltr\" data-placeholder=\"Traduzione\"><span lang=\"fr\">Temps\u00a0minimum de r\u00e9ponse de l&rsquo;air <strong>inf\u00e9rieur au dixi\u00e8me de seconde<\/strong>. <\/span><\/p>\n<p class=\"tw-data-text tw-text-large XcVN5d tw-ta\" dir=\"ltr\" data-placeholder=\"Traduzione\"><span lang=\"fr\">Pression de service de l&rsquo;actionneur: <strong>minimum 1 bar<\/strong> &#8211; <strong>maximum 10 bar<\/strong>. <\/span><\/p>\n<p class=\"tw-data-text tw-text-large XcVN5d tw-ta\" dir=\"ltr\" data-placeholder=\"Traduzione\"><span lang=\"fr\"><strong>Electrovanne pilote<\/strong> monostable 5\/2 voies avec retour par ressort, pression de service de <strong>2 \u00e0 10 Bar<\/strong>, raccords de 1\/8&Prime;, corps en aluminium anodis\u00e9 peint, joints en <strong>NBR<\/strong>. Tension sol\u00e9no\u00efde de <strong>24Vcc<\/strong>, puissance minimum <strong>3VA<\/strong>. Temperature de travail de -10 \u00b0 C \u00e0 + 60 \u00b0 C. \u00c0 placer dans le <strong>local technique<\/strong>. <\/span><\/p>\n<p class=\"tw-data-text tw-text-large XcVN5d tw-ta\" dir=\"ltr\" data-placeholder=\"Traduzione\"><span lang=\"fr\"><strong>Raccords rapides en laiton nickel\u00e9<\/strong>, dont deux M5 x 6 c\u00f4t\u00e9 actionneur et trois de 1\/8&Prime; x 6 c\u00f4t\u00e9 \u00e9lectrovanne. <\/span><\/p>\n<p class=\"tw-data-text tw-text-large XcVN5d tw-ta\" dir=\"ltr\" data-placeholder=\"Traduzione\"><span lang=\"fr\"><strong>Silencieux<\/strong> en <strong>laiton,<\/strong> raccord 1\/8&Prime;, \u00e0 monter sur deux \u00e9chappements de l&rsquo;\u00e9lectrovanne. <\/span><\/p>\n<p class=\"tw-data-text tw-text-large XcVN5d tw-ta\" dir=\"ltr\" data-placeholder=\"Traduzione\"><span lang=\"fr\"><strong>Compresseur<\/strong> industriel compact, haute efficacit\u00e9 et faible niveau sonore, complet avec r\u00e9servoir et s\u00e9cheur. <strong>Pression maximale 8 bar<\/strong>. Article disponible <strong>sur demande<\/strong>.<\/span><\/p>\n<p>&nbsp;<\/p>\n<h3>Conseils d&rsquo;utilisation et applications<\/h3>\n<p id=\"tw-target-text\" class=\"tw-data-text tw-text-large XcVN5d tw-ta\" dir=\"ltr\" data-placeholder=\"Traduzione\"><span lang=\"fr\">Vanne pneumatique <strong>unique en son genre<\/strong>, particuli\u00e8rement adapt\u00e9e aux fontaines musicales ou dynamiques, lorsqu&rsquo;une <strong>grande vitesse d&rsquo;activation et de d\u00e9sactivation<\/strong> du jet est requise. <\/span><\/p>\n<p class=\"tw-data-text tw-text-large XcVN5d tw-ta\" dir=\"ltr\" data-placeholder=\"Traduzione\"><span lang=\"fr\">Utilis\u00e9e pour des effets s\u00e9quentiels, elle g\u00e9n\u00e8re des <strong>effets impressionnants<\/strong>. <\/span><\/p>\n<p class=\"tw-data-text tw-text-large XcVN5d tw-ta\" dir=\"ltr\" data-placeholder=\"Traduzione\"><span lang=\"fr\">Une attention particuli\u00e8re a \u00e9t\u00e9 port\u00e9e \u00e0 la fois \u00e0 la <strong>conception<\/strong> de la vanne et \u00e0 son utilisation. \u00c0 l&rsquo;aide d&rsquo;un <strong>adaptateur,<\/strong> la vanne peut \u00eatre utilis\u00e9e avec <strong>2 ou 3 voies<\/strong>. <\/span><\/p>\n<p class=\"tw-data-text tw-text-large XcVN5d tw-ta\" dir=\"ltr\" data-placeholder=\"Traduzione\"><span lang=\"fr\">La troisi\u00e8me voie, qui peut tourner, vous permet <strong>d&rsquo;\u00e9quilibrer le d\u00e9bit<\/strong> du jet m\u00eame lorsque la vanne est ferm\u00e9e; de cette mani\u00e8re, le fonctionnement de la vanne <strong>n&rsquo;affecte pas celui des autres jets<\/strong> lorsqu&rsquo;il y a plusieurs ajutages mont\u00e9s en s\u00e9quence sur un m\u00eame collecteur.<\/span><\/p>\n<p class=\"tw-data-text tw-text-large XcVN5d tw-ta\" dir=\"ltr\" data-placeholder=\"Traduzione\"><span lang=\"fr\">Le corps en <strong>laiton nickel\u00e9<\/strong> et <strong>l&rsquo;actionneur IP68<\/strong> permettent l&rsquo;utilisation de la vanne <strong>enti\u00e8rementimmerg\u00e9e<\/strong>. <\/span><\/p>\n<p class=\"tw-data-text tw-text-large XcVN5d tw-ta\" dir=\"ltr\" data-placeholder=\"Traduzione\"><span lang=\"fr\">La structure interne avec <strong>passage total de l&rsquo;eau<\/strong> permet de limiter les chutes de pression et donc d&rsquo;atteindre des <strong>hauteurs importantes<\/strong> avec des <strong>jets<\/strong> et des <strong>d\u00e9bits plus pertinents<\/strong> que les autres d\u00e9viateurs hydrauliques courants (voir <strong>fiche technique<\/strong> pour plus d&rsquo;informations).<\/span><\/p>\n<p class=\"tw-data-text tw-text-large XcVN5d tw-ta\" dir=\"ltr\" data-placeholder=\"Traduzione\"><span lang=\"fr\">Elle peut \u00eatre rendue compatible et contr\u00f4lable avec le protocole <strong>DMX-RDM<\/strong> en utilisant le <a href=\"https:\/\/www.cascade.it\/fr\/prodotto\/convertisseur-dmx-pwm4\/\"><span style=\"text-decoration: underline;\"><strong>Convertisseur DMX-PWM4<\/strong><\/span><\/a> (voir la section <a href=\"https:\/\/www.cascade.it\/fr\/produits\/systemes-de-controle-pour-fontaines\/systemes-de-controle-fontaines-dynamiques-musicales\/\"><span style=\"text-decoration: underline;\"><strong>SYST\u00c8MES DE CONTR\u00d4LE \u00c9LECTRONIQUE DES FONTAINES<\/strong><\/span><\/a>).<\/span><\/p>\n<p>&nbsp;<\/p>\n<h3>Donn\u00e9es techniques<\/h3>\n<div style=\"overflow-x: auto;\">\n<table width=\"0\">\n<tbody>\n<tr>\n<td width=\"168\"><strong>\u00a0<\/strong><\/td>\n<td class=\"thHorz\" width=\"217\">Vanne pneumatique V-Fast 100<\/td>\n<td class=\"thHorz\" width=\"161\">Electrovanne pilote<\/td>\n<td class=\"thHorz\" width=\"123\">Raccords<\/td>\n<td class=\"thHorz\" width=\"104\">Silencieux<\/td>\n<td class=\"thHorz\" width=\"122\">Compresseur<\/td>\n<\/tr>\n<tr>\n<td class=\"thVert\" width=\"168\">Code<\/td>\n<td width=\"217\">FAST100<\/td>\n<td width=\"161\">FAST100PI<\/td>\n<td width=\"123\">FAST100RA<\/td>\n<td width=\"104\">FAST100SI<\/td>\n<td width=\"122\">Sur demande<\/td>\n<\/tr>\n<tr>\n<td class=\"thVert\" width=\"168\">N\u00b0 voies<\/td>\n<td width=\"217\">2 o 3<\/td>\n<td width=\"161\">5\/2<\/td>\n<td width=\"123\">&#8211;<\/td>\n<td width=\"104\">&#8211;<\/td>\n<td width=\"122\">&#8211;<\/td>\n<\/tr>\n<tr>\n<td class=\"thVert\" width=\"168\">Tension d&rsquo;alimentation<\/td>\n<td width=\"217\">&#8211;<\/td>\n<td width=\"161\">24 Vcc<\/td>\n<td width=\"123\">&#8211;<\/td>\n<td width=\"104\">&#8211;<\/td>\n<td width=\"122\">&#8211;<\/td>\n<\/tr>\n<tr>\n<td class=\"thVert\" width=\"168\">Puissance minimale absorb\u00e9e<\/td>\n<td width=\"217\">&#8211;<\/td>\n<td width=\"161\">3 VA<\/td>\n<td width=\"123\"><\/td>\n<td width=\"104\"><\/td>\n<td width=\"122\"><\/td>\n<\/tr>\n<tr>\n<td class=\"thVert\" width=\"168\">Pression de service min. | max<\/td>\n<td width=\"217\">1 bar | 10 bar<\/td>\n<td width=\"161\">2 bar | 10 bar<\/td>\n<td width=\"123\">&#8211;<\/td>\n<td width=\"104\">&#8211;<\/td>\n<td width=\"122\">&#8211;<\/td>\n<\/tr>\n<tr>\n<td class=\"thVert\" width=\"168\">Temps minimum de commutation<\/td>\n<td width=\"217\">&lt; 0,1 s<\/td>\n<td width=\"161\">&lt; 0,1 s<\/td>\n<td width=\"123\">&#8211;<\/td>\n<td width=\"104\">&#8211;<\/td>\n<td width=\"122\">&#8211;<\/td>\n<\/tr>\n<tr>\n<td class=\"thVert\" width=\"168\">Connexions<\/td>\n<td width=\"217\">1\u201d<\/td>\n<td width=\"161\">1\/8\u201d<\/td>\n<td width=\"123\">&#8211;<\/td>\n<td width=\"104\">1\/8\u201d<\/td>\n<td width=\"122\">&#8211;<\/td>\n<\/tr>\n<tr>\n<td class=\"thVert\" width=\"168\">Niveau de protection<\/td>\n<td width=\"217\">IP68 (actionneur)<\/td>\n<td width=\"161\">&#8211;<\/td>\n<td width=\"123\">&#8211;<\/td>\n<td width=\"104\">&#8211;<\/td>\n<td width=\"122\">&#8211;<\/td>\n<\/tr>\n<tr>\n<td class=\"thVert\" width=\"168\">Mat\u00e9riel<\/td>\n<td width=\"217\">Laiton nickel\u00e9 et acier inox<\/td>\n<td width=\"161\"><span lang=\"fr\">Aluminium anodis\u00e9<\/span><\/td>\n<td width=\"123\">Laiton nickel\u00e9<\/td>\n<td width=\"104\">Laiton<\/td>\n<td width=\"122\">&#8211;<\/td>\n<\/tr>\n<tr>\n<td class=\"thVert\" width=\"168\">Poids<\/td>\n<td width=\"217\">2,2 Kg<\/td>\n<td width=\"161\">&#8211;<\/td>\n<td width=\"123\">&#8211;<\/td>\n<td width=\"104\">&#8211;<\/td>\n<td width=\"122\">&#8211;<\/td>\n<\/tr>\n<\/tbody>\n<\/table>\n<div>\n<div style=\"float: left; padding: 5px; text-align: center; width: 150px;\"><\/div>\n<\/div>\n<\/div>\n<p>&nbsp;<\/p>\n<h3>Downloads<\/h3>\n<div class=\"divide-line text-left\"><\/div>\n<div>\n<div style=\"float: left; padding: 5px; text-align: center; width: 150px;\"><a href=\"https:\/\/www.cascade.it\/new\/wp-content\/uploads\/2022\/07\/CASCADE-V-Fast-100-FR.pdf\" target=\"_blank\" rel=\"noopener\"><img loading=\"lazy\" decoding=\"async\" class=\"alignnone wp-image-783\" src=\"https:\/\/www.cascade.it\/new\/wp-content\/uploads\/2019\/02\/pdf-icon-png-7.jpg\" alt=\"\" width=\"91\" height=\"91\" srcset=\"https:\/\/www.cascade.it\/new\/wp-content\/uploads\/2019\/02\/pdf-icon-png-7.jpg 254w, https:\/\/www.cascade.it\/new\/wp-content\/uploads\/2019\/02\/pdf-icon-png-7-150x150.jpg 150w, https:\/\/www.cascade.it\/new\/wp-content\/uploads\/2019\/02\/pdf-icon-png-7-100x100.jpg 100w\" sizes=\"auto, (max-width: 91px) 100vw, 91px\" \/><\/a><br \/>\nFiche technique<\/div>\n<div style=\"clear: both;\"><\/div>\n<\/div>\n","protected":false},"excerpt":{"rendered":"<p>[vc_row][vc_column][vc_empty_space height=\u00a0\u00bb50&Prime; height_mobile=\u00a0\u00bb130&Prime;][vc_column_text spacing_heading=\u00a0\u00bb\u00a0\u00bb spacing_heading_tab=\u00a0\u00bb\u00a0\u00bb spacing_heading_mobile=\u00a0\u00bb\u00a0\u00bb] Vanne pneumatique V-Fast 100 pour fontaines La vanne pneumatique \u00e0 trois voies V-Fast 100 est en laiton nickel\u00e9, avec connexions de 1&Prime; et la possibilit\u00e9 de tourner la troisi\u00e8me voie dans 4 positions diff\u00e9rentes sur un angle de 360\u200b\u200b\u00b0. Actionneur avec corps et parties internes en acier inoxydable ou [&hellip;]<\/p>\n","protected":false},"featured_media":3413,"template":"","meta":[],"product_brand":[],"product_cat":[320],"product_tag":[],"class_list":{"0":"post-3412","1":"product","2":"type-product","3":"status-publish","4":"has-post-thumbnail","6":"product_cat-ajutages-dynamiques-controlables","8":"first","9":"instock","10":"shipping-taxable","11":"product-type-simple"},"yoast_head":"<!-- This site is optimized with the Yoast SEO plugin v26.7 - https:\/\/yoast.com\/wordpress\/plugins\/seo\/ -->\n<title>Vanne pneumatique V-Fast 100 pour fontaines - Cascade<\/title>\n<meta name=\"description\" content=\"Vanne pneumatique unique en son genre, particuli\u00e8rement adapt\u00e9e aux fontaines dynamiques, lorsqu&#039;une grande vitesse d&#039;activation du jet est requise.\" \/>\n<meta name=\"robots\" content=\"index, follow, max-snippet:-1, max-image-preview:large, max-video-preview:-1\" \/>\n<link rel=\"canonical\" href=\"https:\/\/www.cascade.it\/fr\/prodotto\/vanne-pneumatique-v-fast100\/\" \/>\n<meta property=\"og:locale\" content=\"fr_FR\" \/>\n<meta property=\"og:type\" content=\"article\" \/>\n<meta property=\"og:title\" content=\"Vanne pneumatique V-Fast 100 pour fontaines - Cascade\" \/>\n<meta property=\"og:description\" content=\"Vanne pneumatique unique en son genre, particuli\u00e8rement adapt\u00e9e aux fontaines dynamiques, lorsqu&#039;une grande vitesse d&#039;activation du jet est requise.\" \/>\n<meta property=\"og:url\" content=\"https:\/\/www.cascade.it\/fr\/prodotto\/vanne-pneumatique-v-fast100\/\" \/>\n<meta property=\"og:site_name\" content=\"Cascade\" \/>\n<meta property=\"article:modified_time\" content=\"2022-07-01T15:57:57+00:00\" \/>\n<meta property=\"og:image\" content=\"https:\/\/www.cascade.it\/new\/wp-content\/uploads\/Prodotti\/Ugelli_per_fontane\/Ugelli_dinamici_controllabili\/VALVOLA-PNEUMATICA-FAST100-e1550478326719.jpg\" \/>\n\t<meta property=\"og:image:width\" content=\"1300\" \/>\n\t<meta property=\"og:image:height\" content=\"975\" \/>\n\t<meta property=\"og:image:type\" content=\"image\/jpeg\" \/>\n<meta name=\"twitter:card\" content=\"summary_large_image\" \/>\n<meta name=\"twitter:label1\" content=\"Dur\u00e9e de lecture estim\u00e9e\" \/>\n\t<meta name=\"twitter:data1\" content=\"3 minutes\" \/>\n<!-- \/ Yoast SEO plugin. -->","yoast_head_json":{"title":"Vanne pneumatique V-Fast 100 pour fontaines - Cascade","description":"Vanne pneumatique unique en son genre, particuli\u00e8rement adapt\u00e9e aux fontaines dynamiques, lorsqu'une grande vitesse d'activation du jet est requise.","robots":{"index":"index","follow":"follow","max-snippet":"max-snippet:-1","max-image-preview":"max-image-preview:large","max-video-preview":"max-video-preview:-1"},"canonical":"https:\/\/www.cascade.it\/fr\/prodotto\/vanne-pneumatique-v-fast100\/","og_locale":"fr_FR","og_type":"article","og_title":"Vanne pneumatique V-Fast 100 pour fontaines - Cascade","og_description":"Vanne pneumatique unique en son genre, particuli\u00e8rement adapt\u00e9e aux fontaines dynamiques, lorsqu'une grande vitesse d'activation du jet est requise.","og_url":"https:\/\/www.cascade.it\/fr\/prodotto\/vanne-pneumatique-v-fast100\/","og_site_name":"Cascade","article_modified_time":"2022-07-01T15:57:57+00:00","og_image":[{"width":1300,"height":975,"url":"https:\/\/www.cascade.it\/new\/wp-content\/uploads\/Prodotti\/Ugelli_per_fontane\/Ugelli_dinamici_controllabili\/VALVOLA-PNEUMATICA-FAST100-e1550478326719.jpg","type":"image\/jpeg"}],"twitter_card":"summary_large_image","twitter_misc":{"Dur\u00e9e de lecture estim\u00e9e":"3 minutes"},"schema":{"@context":"https:\/\/schema.org","@graph":[{"@type":"WebPage","@id":"https:\/\/www.cascade.it\/fr\/prodotto\/vanne-pneumatique-v-fast100\/","url":"https:\/\/www.cascade.it\/fr\/prodotto\/vanne-pneumatique-v-fast100\/","name":"Vanne pneumatique V-Fast 100 pour fontaines - Cascade","isPartOf":{"@id":"https:\/\/www.cascade.it\/fr\/#website"},"primaryImageOfPage":{"@id":"https:\/\/www.cascade.it\/fr\/prodotto\/vanne-pneumatique-v-fast100\/#primaryimage"},"image":{"@id":"https:\/\/www.cascade.it\/fr\/prodotto\/vanne-pneumatique-v-fast100\/#primaryimage"},"thumbnailUrl":"https:\/\/www.cascade.it\/new\/wp-content\/uploads\/Prodotti\/Ugelli_per_fontane\/Ugelli_dinamici_controllabili\/VALVOLA-PNEUMATICA-FAST100-e1550478326719.jpg","datePublished":"2019-02-15T09:33:07+00:00","dateModified":"2022-07-01T15:57:57+00:00","description":"Vanne pneumatique unique en son genre, particuli\u00e8rement adapt\u00e9e aux fontaines dynamiques, lorsqu'une grande vitesse d'activation du jet est requise.","breadcrumb":{"@id":"https:\/\/www.cascade.it\/fr\/prodotto\/vanne-pneumatique-v-fast100\/#breadcrumb"},"inLanguage":"fr-FR","potentialAction":[{"@type":"ReadAction","target":["https:\/\/www.cascade.it\/fr\/prodotto\/vanne-pneumatique-v-fast100\/"]}]},{"@type":"ImageObject","inLanguage":"fr-FR","@id":"https:\/\/www.cascade.it\/fr\/prodotto\/vanne-pneumatique-v-fast100\/#primaryimage","url":"https:\/\/www.cascade.it\/new\/wp-content\/uploads\/Prodotti\/Ugelli_per_fontane\/Ugelli_dinamici_controllabili\/VALVOLA-PNEUMATICA-FAST100-e1550478326719.jpg","contentUrl":"https:\/\/www.cascade.it\/new\/wp-content\/uploads\/Prodotti\/Ugelli_per_fontane\/Ugelli_dinamici_controllabili\/VALVOLA-PNEUMATICA-FAST100-e1550478326719.jpg","width":1300,"height":975},{"@type":"BreadcrumbList","@id":"https:\/\/www.cascade.it\/fr\/prodotto\/vanne-pneumatique-v-fast100\/#breadcrumb","itemListElement":[{"@type":"ListItem","position":1,"name":"Home","item":"https:\/\/www.cascade.it\/fr\/"},{"@type":"ListItem","position":2,"name":"Boutique","item":"https:\/\/www.cascade.it\/fr\/boutique\/"},{"@type":"ListItem","position":3,"name":"Vanne pneumatique V-Fast 100"}]},{"@type":"WebSite","@id":"https:\/\/www.cascade.it\/fr\/#website","url":"https:\/\/www.cascade.it\/fr\/","name":"Cascade","description":"More than a fountain","potentialAction":[{"@type":"SearchAction","target":{"@type":"EntryPoint","urlTemplate":"https:\/\/www.cascade.it\/fr\/?s={search_term_string}"},"query-input":{"@type":"PropertyValueSpecification","valueRequired":true,"valueName":"search_term_string"}}],"inLanguage":"fr-FR"}]}},"_links":{"self":[{"href":"https:\/\/www.cascade.it\/fr\/wp-json\/wp\/v2\/product\/3412","targetHints":{"allow":["GET"]}}],"collection":[{"href":"https:\/\/www.cascade.it\/fr\/wp-json\/wp\/v2\/product"}],"about":[{"href":"https:\/\/www.cascade.it\/fr\/wp-json\/wp\/v2\/types\/product"}],"wp:featuredmedia":[{"embeddable":true,"href":"https:\/\/www.cascade.it\/fr\/wp-json\/wp\/v2\/media\/3413"}],"wp:attachment":[{"href":"https:\/\/www.cascade.it\/fr\/wp-json\/wp\/v2\/media?parent=3412"}],"wp:term":[{"taxonomy":"product_brand","embeddable":true,"href":"https:\/\/www.cascade.it\/fr\/wp-json\/wp\/v2\/product_brand?post=3412"},{"taxonomy":"product_cat","embeddable":true,"href":"https:\/\/www.cascade.it\/fr\/wp-json\/wp\/v2\/product_cat?post=3412"},{"taxonomy":"product_tag","embeddable":true,"href":"https:\/\/www.cascade.it\/fr\/wp-json\/wp\/v2\/product_tag?post=3412"}],"curies":[{"name":"wp","href":"https:\/\/api.w.org\/{rel}","templated":true}]}}