{"id":3408,"date":"2019-02-18T09:28:33","date_gmt":"2019-02-18T08:28:33","guid":{"rendered":"https:\/\/www.cascade.it\/new\/prodotto\/water-switch-hd100\/"},"modified":"2022-07-01T18:00:18","modified_gmt":"2022-07-01T16:00:18","slug":"water-switch-hd-100","status":"publish","type":"product","link":"https:\/\/www.cascade.it\/fr\/prodotto\/water-switch-hd-100\/","title":{"rendered":"Water Switch HD-100"},"content":{"rendered":"<p>&nbsp;<\/p>\n<div class=\"carousel-slider-outer carousel-slider-outer-image-carousel carousel-slider-outer-1599\" style=\"--carousel-slider-nav-color:#f1f1f1;--carousel-slider-active-nav-color:#00d1b2;--carousel-slider-arrow-size:48px;--carousel-slider-bullet-size:10px\">\n<div id=\"&#039;id-1599\" class=\"carousel-slider carousel-slider-1599 arrows-visibility-hover dots-visibility-never arrows-outside dots-center dots-square owl-carousel\" data-slide-type=\"image-carousel\" data-owl-settings='{\"nav\":true,\"dots\":false,\"slideBy\":1,\"stagePadding\":0,\"margin\":10,\"loop\":true,\"lazyLoad\":true,\"autoplay\":true,\"autoplayTimeout\":5000,\"autoplaySpeed\":500,\"autoplayHoverPause\":true,\"autoWidth\":false,\"responsive\":{\"300\":{\"items\":1},\"576\":{\"items\":2},\"768\":{\"items\":2},\"1024\":{\"items\":3},\"1280\":{\"items\":3},\"1536\":{\"items\":3}}}'>\n<div class=\"carousel-slider__item\">\n\t<img class=\"owl-lazy\" data-src=\"https:\/\/www.cascade.it\/new\/wp-content\/uploads\/2019\/07\/Water-Switch-HD-100.jpg\" alt=\"\"><\/a><\/div>\n\n<div class=\"carousel-slider__item\">\n\t<img class=\"owl-lazy\" data-src=\"https:\/\/www.cascade.it\/new\/wp-content\/uploads\/2019\/07\/5-Water-Switch-HD-100.jpg\" alt=\"\"><\/a><\/div>\n\n<div class=\"carousel-slider__item\">\n\t<img class=\"owl-lazy\" data-src=\"https:\/\/www.cascade.it\/new\/wp-content\/uploads\/2019\/07\/4-Water-Switch-HD-100.jpg\" alt=\"\"><\/a><\/div>\n\n<div class=\"carousel-slider__item\">\n\t<img class=\"owl-lazy\" data-src=\"https:\/\/www.cascade.it\/new\/wp-content\/uploads\/2019\/07\/3-Water-Switch-HD-100.jpg\" alt=\"\"><\/a><\/div>\n\n<div class=\"carousel-slider__item\">\n\t<img class=\"owl-lazy\" data-src=\"https:\/\/www.cascade.it\/new\/wp-content\/uploads\/2019\/07\/2-Water-Switch-HD-100.jpg\" alt=\"\"><\/a><\/div>\n\n<div class=\"carousel-slider__item\">\n\t<img class=\"owl-lazy\" data-src=\"https:\/\/www.cascade.it\/new\/wp-content\/uploads\/2019\/07\/1-Water-Switch-HD-100.jpg\" alt=\"\"><\/a><\/div>\n\n<\/div><!-- .carousel-slider-1599 -->\n<\/div><!-- .carousel-slider-outer-1599 -->\n\n<h1><span style=\"color: #1e73be;\">Water Switch HD-100 pour fontaines<\/span><\/h1>\n<p id=\"tw-target-text\" class=\"tw-data-text tw-text-large XcVN5d tw-ta\" dir=\"ltr\" data-placeholder=\"Traduzione\"><span lang=\"fr\">Le <strong>Water Switch HD-100<\/strong> est un dispositif de commutation sp\u00e9cialement con\u00e7u pour r\u00e9aliser la <strong>commutation ON-OFF rapide<\/strong> des jets d&rsquo;eau dans les fontaines. <\/span><\/p>\n<p class=\"tw-data-text tw-text-large XcVN5d tw-ta\" dir=\"ltr\" data-placeholder=\"Traduzione\"><span lang=\"fr\">En <strong>laiton nickel\u00e9<\/strong> et <strong>acier inoxydable<\/strong>, aliment\u00e9 en basse tension <strong>24 Vcc<\/strong>. <\/span><\/p>\n<p class=\"tw-data-text tw-text-large XcVN5d tw-ta\" dir=\"ltr\" data-placeholder=\"Traduzione\"><span lang=\"fr\">Il convient pour une <strong>immersion permanente<\/strong> avec un niveau de protection <strong>IP68<\/strong>. <\/span><\/p>\n<p class=\"tw-data-text tw-text-large XcVN5d tw-ta\" dir=\"ltr\" data-placeholder=\"Traduzione\"><span lang=\"fr\">Connexions de 1&Prime;. Fourni avec 1,5 m de c\u00e2ble standard 2 x 0,8 mm<sup>2<\/sup>. <\/span><\/p>\n<p class=\"tw-data-text tw-text-large XcVN5d tw-ta\" dir=\"ltr\" data-placeholder=\"Traduzione\"><span lang=\"fr\">Sur demande, fourni avec <a href=\"https:\/\/www.cascade.it\/fr\/prodotto\/jonctions-submersibles-ip68\/\"><span style=\"text-decoration: underline;\"><strong>jonction submersible IP68<\/strong><\/span><\/a>\u00a0pour une connexion rapide.<\/span><\/p>\n<p>&nbsp;<\/p>\n<h3>Conseils d&rsquo;utilisation et applications<\/h3>\n<p id=\"tw-target-text\" class=\"tw-data-text tw-text-large XcVN5d tw-ta\" dir=\"ltr\" data-placeholder=\"Traduzione\"><span lang=\"fr\">Compar\u00e9 aux syst\u00e8mes courants, le <strong>Water Switch HD-100<\/strong> permet d&rsquo;obtenir une commutation rapide du jet <strong>sans l&rsquo;utilisation de composants m\u00e9caniques<\/strong>, soumis \u00e0 l&rsquo;usure dans le temps et <strong>sans l&rsquo;utilisation d&rsquo;air comprim\u00e9<\/strong>; l&rsquo;alignement axial de l&rsquo;entr\u00e9e et de la sortie permet de r\u00e9duire les <strong>dimensions hors tout<\/strong> et les <strong>d\u00e9salignements<\/strong>. <\/span><\/p>\n<p class=\"tw-data-text tw-text-large XcVN5d tw-ta\" dir=\"ltr\" data-placeholder=\"Traduzione\"><span lang=\"fr\"><strong>Facile \u00e0 installer<\/strong>, aussi gr\u00e2ce au connecteur Plug &amp; Play (sur demande). <\/span><\/p>\n<p class=\"tw-data-text tw-text-large XcVN5d tw-ta\" dir=\"ltr\" data-placeholder=\"Traduzione\"><span lang=\"fr\">Particuli\u00e8rement adapt\u00e9 aux <strong>fontaines ludiques<\/strong>, o\u00f9 l&rsquo;effet de commutation ON-OFF rapide est pr\u00e9dominant par rapport aux autres effets traditionnels. <\/span><\/p>\n<p class=\"tw-data-text tw-text-large XcVN5d tw-ta\" dir=\"ltr\" data-placeholder=\"Traduzione\"><span lang=\"fr\">Il convient pour une utilisation avec des jets d&rsquo;eau avec des <strong>d\u00e9bits et hauteurs limit\u00e9s<\/strong> (voir la <strong>fiche technique<\/strong> pour plus d&rsquo;informations). <\/span><\/p>\n<p class=\"tw-data-text tw-text-large XcVN5d tw-ta\" dir=\"ltr\" data-placeholder=\"Traduzione\"><span lang=\"fr\">Il peut \u00eatre rendu compatible et contr\u00f4lable avec le protocole <strong>DMX-RDM<\/strong> \u00e0 l&rsquo;aide du <a href=\"https:\/\/www.cascade.it\/fr\/prodotto\/convertisseur-dmx-pwm4\/\"><span style=\"text-decoration: underline;\"><strong>Convertisseur DMX-PWM4<\/strong><\/span><\/a> (voir la section <a href=\"https:\/\/www.cascade.it\/fr\/produits\/systemes-de-controle-pour-fontaines\/systemes-de-controle-fontaines-dynamiques-musicales\/\"><span style=\"text-decoration: underline;\"><strong>SYST\u00c8MES DE CONTR\u00d4LE \u00c9LECTRONIQUE DES FONTAINES<\/strong><\/span><\/a>).<\/span><\/p>\n<p>&nbsp;<\/p>\n<h3>Donn\u00e9es techniques<\/h3>\n<div style=\"overflow-x: auto;\">\n<table width=\"0\">\n<tbody>\n<tr>\n<td width=\"164\"><strong>\u00a0<\/strong><\/td>\n<td class=\"thHorz\" width=\"673\">Water Switch HD-100<\/td>\n<\/tr>\n<tr>\n<td class=\"thVert\" width=\"164\">Code<\/td>\n<td width=\"673\">HD100<\/td>\n<\/tr>\n<tr>\n<td class=\"thVert\" width=\"164\">Tension d&rsquo;alimentation<\/td>\n<td width=\"673\">24 Vcc<\/td>\n<\/tr>\n<tr>\n<td class=\"thVert\" width=\"164\">Puissance maximale absorb\u00e9e<\/td>\n<td width=\"673\">10 W &#8211; 400 mA<\/td>\n<\/tr>\n<tr>\n<td class=\"thVert\" width=\"164\">Temps minimum de commutation<\/td>\n<td width=\"673\">0,2 s<\/td>\n<\/tr>\n<tr>\n<td class=\"thVert\" width=\"164\">Connexions<\/td>\n<td width=\"673\">1\u201d<\/td>\n<\/tr>\n<tr>\n<td class=\"thVert\" width=\"164\">Longueur c\u00e2ble standard<\/td>\n<td width=\"673\">1,5 m<\/td>\n<\/tr>\n<tr>\n<td class=\"thVert\" width=\"164\">Niveau de protection<\/td>\n<td width=\"673\">IP68<\/td>\n<\/tr>\n<tr>\n<td class=\"thVert\" width=\"164\">Mat\u00e9riel<\/td>\n<td width=\"673\">Acier inox et laiton nickel\u00e9<\/td>\n<\/tr>\n<tr>\n<td class=\"thVert\" width=\"164\">Poids<\/td>\n<td width=\"673\">2 Kg<\/td>\n<\/tr>\n<\/tbody>\n<\/table>\n<div>\n<div style=\"float: left; padding: 5px; text-align: center; width: 150px;\"><\/div>\n<\/div>\n<\/div>\n<p>&nbsp;<\/p>\n<h3>Downloads<\/h3>\n<div class=\"divide-line text-left\"><\/div>\n<div>\n<div style=\"float: left; padding: 5px; text-align: center; width: 150px;\"><a href=\"https:\/\/www.cascade.it\/new\/wp-content\/uploads\/2022\/07\/CASCADE-Water-Switch-HD-100-FR.pdf\" target=\"_blank\" rel=\"noopener\"><img loading=\"lazy\" decoding=\"async\" class=\"alignnone wp-image-783\" src=\"https:\/\/www.cascade.it\/new\/wp-content\/uploads\/2019\/02\/pdf-icon-png-7.jpg\" alt=\"\" width=\"91\" height=\"91\" srcset=\"https:\/\/www.cascade.it\/new\/wp-content\/uploads\/2019\/02\/pdf-icon-png-7.jpg 254w, https:\/\/www.cascade.it\/new\/wp-content\/uploads\/2019\/02\/pdf-icon-png-7-150x150.jpg 150w, https:\/\/www.cascade.it\/new\/wp-content\/uploads\/2019\/02\/pdf-icon-png-7-100x100.jpg 100w\" sizes=\"auto, (max-width: 91px) 100vw, 91px\" \/><\/a><br \/>\nFiche technique<\/div>\n<div style=\"clear: both;\"><\/div>\n<\/div>\n","protected":false},"excerpt":{"rendered":"<p>&nbsp; Water Switch HD-100 pour fontaines Le Water Switch HD-100 est un dispositif de commutation sp\u00e9cialement con\u00e7u pour r\u00e9aliser la commutation ON-OFF rapide des jets d&rsquo;eau dans les fontaines. En laiton nickel\u00e9 et acier inoxydable, aliment\u00e9 en basse tension 24 Vcc. Il convient pour une immersion permanente avec un niveau de protection IP68. Connexions de [&hellip;]<\/p>\n","protected":false},"featured_media":3409,"template":"","meta":[],"product_brand":[],"product_cat":[320],"product_tag":[],"class_list":{"0":"post-3408","1":"product","2":"type-product","3":"status-publish","4":"has-post-thumbnail","6":"product_cat-ajutages-dynamiques-controlables","8":"first","9":"instock","10":"shipping-taxable","11":"product-type-simple"},"yoast_head":"<!-- This site is optimized with the Yoast SEO plugin v26.7 - https:\/\/yoast.com\/wordpress\/plugins\/seo\/ -->\n<title>Water Switch HD-100 pour fontaines - Cascade<\/title>\n<meta name=\"description\" content=\"Le Water Switch HD-100 est un dispositif de commutation sp\u00e9cialement con\u00e7u pour r\u00e9aliser la commutation ON-OFF rapide des jets d&#039;eau dans les fontaines.\" \/>\n<meta name=\"robots\" content=\"index, follow, max-snippet:-1, max-image-preview:large, max-video-preview:-1\" \/>\n<link rel=\"canonical\" href=\"https:\/\/www.cascade.it\/fr\/prodotto\/water-switch-hd-100\/\" \/>\n<meta property=\"og:locale\" content=\"fr_FR\" \/>\n<meta property=\"og:type\" content=\"article\" \/>\n<meta property=\"og:title\" content=\"Water Switch HD-100 pour fontaines - Cascade\" \/>\n<meta property=\"og:description\" content=\"Le Water Switch HD-100 est un dispositif de commutation sp\u00e9cialement con\u00e7u pour r\u00e9aliser la commutation ON-OFF rapide des jets d&#039;eau dans les fontaines.\" \/>\n<meta property=\"og:url\" content=\"https:\/\/www.cascade.it\/fr\/prodotto\/water-switch-hd-100\/\" \/>\n<meta property=\"og:site_name\" content=\"Cascade\" \/>\n<meta property=\"article:modified_time\" content=\"2022-07-01T16:00:18+00:00\" \/>\n<meta property=\"og:image\" content=\"https:\/\/www.cascade.it\/new\/wp-content\/uploads\/Prodotti\/Ugelli_per_fontane\/Ugelli_dinamici_controllabili\/WATER-SWITCH-HD100-e1550478347301.jpg\" \/>\n\t<meta property=\"og:image:width\" content=\"1300\" \/>\n\t<meta property=\"og:image:height\" content=\"975\" \/>\n\t<meta property=\"og:image:type\" content=\"image\/jpeg\" \/>\n<meta name=\"twitter:card\" content=\"summary_large_image\" \/>\n<meta name=\"twitter:label1\" content=\"Dur\u00e9e de lecture estim\u00e9e\" \/>\n\t<meta name=\"twitter:data1\" content=\"1 minute\" \/>\n<!-- \/ Yoast SEO plugin. -->","yoast_head_json":{"title":"Water Switch HD-100 pour fontaines - Cascade","description":"Le Water Switch HD-100 est un dispositif de commutation sp\u00e9cialement con\u00e7u pour r\u00e9aliser la commutation ON-OFF rapide des jets d'eau dans les fontaines.","robots":{"index":"index","follow":"follow","max-snippet":"max-snippet:-1","max-image-preview":"max-image-preview:large","max-video-preview":"max-video-preview:-1"},"canonical":"https:\/\/www.cascade.it\/fr\/prodotto\/water-switch-hd-100\/","og_locale":"fr_FR","og_type":"article","og_title":"Water Switch HD-100 pour fontaines - Cascade","og_description":"Le Water Switch HD-100 est un dispositif de commutation sp\u00e9cialement con\u00e7u pour r\u00e9aliser la commutation ON-OFF rapide des jets d'eau dans les fontaines.","og_url":"https:\/\/www.cascade.it\/fr\/prodotto\/water-switch-hd-100\/","og_site_name":"Cascade","article_modified_time":"2022-07-01T16:00:18+00:00","og_image":[{"width":1300,"height":975,"url":"https:\/\/www.cascade.it\/new\/wp-content\/uploads\/Prodotti\/Ugelli_per_fontane\/Ugelli_dinamici_controllabili\/WATER-SWITCH-HD100-e1550478347301.jpg","type":"image\/jpeg"}],"twitter_card":"summary_large_image","twitter_misc":{"Dur\u00e9e de lecture estim\u00e9e":"1 minute"},"schema":{"@context":"https:\/\/schema.org","@graph":[{"@type":"WebPage","@id":"https:\/\/www.cascade.it\/fr\/prodotto\/water-switch-hd-100\/","url":"https:\/\/www.cascade.it\/fr\/prodotto\/water-switch-hd-100\/","name":"Water Switch HD-100 pour fontaines - Cascade","isPartOf":{"@id":"https:\/\/www.cascade.it\/fr\/#website"},"primaryImageOfPage":{"@id":"https:\/\/www.cascade.it\/fr\/prodotto\/water-switch-hd-100\/#primaryimage"},"image":{"@id":"https:\/\/www.cascade.it\/fr\/prodotto\/water-switch-hd-100\/#primaryimage"},"thumbnailUrl":"https:\/\/www.cascade.it\/new\/wp-content\/uploads\/Prodotti\/Ugelli_per_fontane\/Ugelli_dinamici_controllabili\/WATER-SWITCH-HD100-e1550478347301.jpg","datePublished":"2019-02-18T08:28:33+00:00","dateModified":"2022-07-01T16:00:18+00:00","description":"Le Water Switch HD-100 est un dispositif de commutation sp\u00e9cialement con\u00e7u pour r\u00e9aliser la commutation ON-OFF rapide des jets d'eau dans les fontaines.","breadcrumb":{"@id":"https:\/\/www.cascade.it\/fr\/prodotto\/water-switch-hd-100\/#breadcrumb"},"inLanguage":"fr-FR","potentialAction":[{"@type":"ReadAction","target":["https:\/\/www.cascade.it\/fr\/prodotto\/water-switch-hd-100\/"]}]},{"@type":"ImageObject","inLanguage":"fr-FR","@id":"https:\/\/www.cascade.it\/fr\/prodotto\/water-switch-hd-100\/#primaryimage","url":"https:\/\/www.cascade.it\/new\/wp-content\/uploads\/Prodotti\/Ugelli_per_fontane\/Ugelli_dinamici_controllabili\/WATER-SWITCH-HD100-e1550478347301.jpg","contentUrl":"https:\/\/www.cascade.it\/new\/wp-content\/uploads\/Prodotti\/Ugelli_per_fontane\/Ugelli_dinamici_controllabili\/WATER-SWITCH-HD100-e1550478347301.jpg","width":1300,"height":975},{"@type":"BreadcrumbList","@id":"https:\/\/www.cascade.it\/fr\/prodotto\/water-switch-hd-100\/#breadcrumb","itemListElement":[{"@type":"ListItem","position":1,"name":"Home","item":"https:\/\/www.cascade.it\/fr\/"},{"@type":"ListItem","position":2,"name":"Boutique","item":"https:\/\/www.cascade.it\/fr\/boutique\/"},{"@type":"ListItem","position":3,"name":"Water Switch HD-100"}]},{"@type":"WebSite","@id":"https:\/\/www.cascade.it\/fr\/#website","url":"https:\/\/www.cascade.it\/fr\/","name":"Cascade","description":"More than a fountain","potentialAction":[{"@type":"SearchAction","target":{"@type":"EntryPoint","urlTemplate":"https:\/\/www.cascade.it\/fr\/?s={search_term_string}"},"query-input":{"@type":"PropertyValueSpecification","valueRequired":true,"valueName":"search_term_string"}}],"inLanguage":"fr-FR"}]}},"_links":{"self":[{"href":"https:\/\/www.cascade.it\/fr\/wp-json\/wp\/v2\/product\/3408","targetHints":{"allow":["GET"]}}],"collection":[{"href":"https:\/\/www.cascade.it\/fr\/wp-json\/wp\/v2\/product"}],"about":[{"href":"https:\/\/www.cascade.it\/fr\/wp-json\/wp\/v2\/types\/product"}],"wp:featuredmedia":[{"embeddable":true,"href":"https:\/\/www.cascade.it\/fr\/wp-json\/wp\/v2\/media\/3409"}],"wp:attachment":[{"href":"https:\/\/www.cascade.it\/fr\/wp-json\/wp\/v2\/media?parent=3408"}],"wp:term":[{"taxonomy":"product_brand","embeddable":true,"href":"https:\/\/www.cascade.it\/fr\/wp-json\/wp\/v2\/product_brand?post=3408"},{"taxonomy":"product_cat","embeddable":true,"href":"https:\/\/www.cascade.it\/fr\/wp-json\/wp\/v2\/product_cat?post=3408"},{"taxonomy":"product_tag","embeddable":true,"href":"https:\/\/www.cascade.it\/fr\/wp-json\/wp\/v2\/product_tag?post=3408"}],"curies":[{"name":"wp","href":"https:\/\/api.w.org\/{rel}","templated":true}]}}