{"id":3398,"date":"2019-02-15T10:12:19","date_gmt":"2019-02-15T09:12:19","guid":{"rendered":"https:\/\/www.cascade.it\/new\/prodotto\/vulcano-15-16-20-21\/"},"modified":"2022-07-01T12:52:10","modified_gmt":"2022-07-01T10:52:10","slug":"ajutage-vulcano-15-16-20-21","status":"publish","type":"product","link":"https:\/\/www.cascade.it\/fr\/prodotto\/ajutage-vulcano-15-16-20-21\/","title":{"rendered":"Vulcano 15-16-20-21"},"content":{"rendered":"<p>&nbsp;<\/p>\n<div class=\"carousel-slider-outer carousel-slider-outer-image-carousel carousel-slider-outer-1571\" style=\"--carousel-slider-nav-color:#f1f1f1;--carousel-slider-active-nav-color:#00d1b2;--carousel-slider-arrow-size:48px;--carousel-slider-bullet-size:10px\">\n<div id=\"&#039;id-1571\" class=\"carousel-slider carousel-slider-1571 arrows-visibility-hover dots-visibility-never arrows-outside dots-center dots-square owl-carousel\" data-slide-type=\"image-carousel\" data-owl-settings='{\"nav\":true,\"dots\":false,\"slideBy\":1,\"stagePadding\":0,\"margin\":10,\"loop\":true,\"lazyLoad\":true,\"autoplay\":true,\"autoplayTimeout\":5000,\"autoplaySpeed\":500,\"autoplayHoverPause\":true,\"autoWidth\":false,\"responsive\":{\"300\":{\"items\":1},\"576\":{\"items\":2},\"768\":{\"items\":2},\"1024\":{\"items\":3},\"1280\":{\"items\":3},\"1536\":{\"items\":3}}}'>\n<div class=\"carousel-slider__item\">\n\t<img class=\"owl-lazy\" data-src=\"https:\/\/www.cascade.it\/new\/wp-content\/uploads\/2019\/07\/Vulcano-15-16-20-21.jpg\" alt=\"Ugelli per fontane Vulcano 15-16-20-21 - Cascade\"><\/a><\/div>\n\n<div class=\"carousel-slider__item\">\n\t<img class=\"owl-lazy\" data-src=\"https:\/\/www.cascade.it\/new\/wp-content\/uploads\/2019\/12\/1-Ugello-per-fontane-Vulcano-15.jpg\" alt=\"Ugelli per fontane Vulcano 15-16-20-21 - Cascade\"><\/a><\/div>\n\n<div class=\"carousel-slider__item\">\n\t<img class=\"owl-lazy\" data-src=\"https:\/\/www.cascade.it\/new\/wp-content\/uploads\/2019\/12\/2-Ugello-per-fontane-Vulcano-16.jpg\" alt=\"\"><\/a><\/div>\n\n<div class=\"carousel-slider__item\">\n\t<img class=\"owl-lazy\" data-src=\"https:\/\/www.cascade.it\/new\/wp-content\/uploads\/2019\/12\/3-Ugello-per-fontane-Vulcano-20.jpg\" alt=\"\"><\/a><\/div>\n\n<div class=\"carousel-slider__item\">\n\t<img class=\"owl-lazy\" data-src=\"https:\/\/www.cascade.it\/new\/wp-content\/uploads\/2019\/12\/4-Ugello-per-fontane-Vulcano-21.jpg\" alt=\"Ugelli per fontane Vulcano 15-16-20-21 - Cascade\"><\/a><\/div>\n\n<\/div><!-- .carousel-slider-1571 -->\n<\/div><!-- .carousel-slider-outer-1571 -->\n\n<h1><span style=\"color: #1e73be;\">Ajutage Vulcano 15-16-20-21 pour fontaines<\/span><\/h1>\n<p id=\"tw-target-text\" class=\"tw-data-text tw-text-large XcVN5d tw-ta\" dir=\"ltr\" data-placeholder=\"Traduzione\"><span lang=\"fr\">Les <strong>Vulcano 15-16-20-21<\/strong> sont des <strong>ajutages pour fontaines<\/strong> en <strong>laiton<\/strong> et <strong>ind\u00e9pendants<\/strong> du niveau d&rsquo;eau. <\/span><\/p>\n<p class=\"tw-data-text tw-text-large XcVN5d tw-ta\" dir=\"ltr\" data-placeholder=\"Traduzione\"><span lang=\"fr\">Ces ajutages font partie de la large gamme des Vulcano Cascade. <\/span><\/p>\n<p class=\"tw-data-text tw-text-large XcVN5d tw-ta\" dir=\"ltr\" data-placeholder=\"Traduzione\"><span lang=\"fr\">L&rsquo;effet est un ensemble de <strong>jets cristallins<\/strong> qui cr\u00e9ent un <strong>volcan d&rsquo;eau sur<\/strong> <strong>1<\/strong>, <strong>2<\/strong> ou <strong>3 niveaux<\/strong>. <\/span><\/p>\n<p class=\"tw-data-text tw-text-large XcVN5d tw-ta\" dir=\"ltr\" data-placeholder=\"Traduzione\"><span lang=\"fr\">Ils peuvent \u00eatre <strong>ouverts<\/strong> pour faciliter le <strong>nettoyage.<\/strong><\/span><\/p>\n<p>&nbsp;<\/p>\n<h3>Conseils d&rsquo;utilisation et applications<\/h3>\n<p id=\"tw-target-text\" class=\"tw-data-text tw-text-large XcVN5d tw-ta\" dir=\"ltr\" data-placeholder=\"Traduzione\"><span lang=\"fr\">Ces ajutages, les plus petits de la gamme, gr\u00e2ce \u00e0 la <strong>faible hauteur<\/strong> des jets, sont bien adapt\u00e9s aux installations dans les <strong>fontaines classiques<\/strong> ou dans les <strong>petits<\/strong> et<strong> tr\u00e8s petits bassins<\/strong> (voir la section <a href=\"https:\/\/www.cascade.it\/fr\/produits\/fontaines-pretes-preassemblees\/\"><span style=\"text-decoration: underline;\"><strong>FONTAINES PR\u00caTES PR\u00c9-ASSEMBL\u00c9ES<\/strong><\/span><\/a>). <\/span><\/p>\n<p class=\"tw-data-text tw-text-large XcVN5d tw-ta\" dir=\"ltr\" data-placeholder=\"Traduzione\"><span lang=\"fr\">Nous recommandons l&rsquo;utilisation de la <a href=\"https:\/\/www.cascade.it\/fr\/prodotto\/bride-reglage\/\"><span style=\"text-decoration: underline;\"><strong>bride de r\u00e9glage<\/strong><\/span><\/a> axial.<\/span><\/p>\n<p><strong>\u00c9clairage immerg\u00e9<\/strong>: pour enrichir l&rsquo;effet d\u2019eau avec des jeux de lumi\u00e8re monochromatique ou RGBW, nous recommandons l&rsquo;utilisation des <a href=\"https:\/\/www.cascade.it\/fr\/produits\/eclairage-immerge-led\/projecteurs-led-mizar\/\"><span style=\"text-decoration: underline;\"><strong>projecteurs LED immerg\u00e9s pour fontaines de la s\u00e9rie Mizar<\/strong><\/span><\/a>, des produits professionnels sp\u00e9cifiques pour une utilisation dans les fontaines, avec un design \u00e9l\u00e9gant, une technologie \u00e0 la pointe et extraordinaire effets de lumi\u00e8re.<\/p>\n<p>&nbsp;<\/p>\n<h3>Donn\u00e9es techniques<\/h3>\n<div style=\"overflow-x: auto;\">\n<table width=\"0\">\n<tbody>\n<tr>\n<td width=\"145\"><strong>\u00a0<\/strong><\/td>\n<td class=\"thHorz\" width=\"153\">Vulcano 15<\/td>\n<td class=\"thHorz\" width=\"202\">Vulcano 16<\/td>\n<td class=\"thHorz\" width=\"192\">Vulcano 20<\/td>\n<td class=\"thHorz\" width=\"192\">Vulcano 21<\/td>\n<\/tr>\n<tr>\n<td class=\"thVert\" width=\"145\">Code<\/td>\n<td width=\"153\">VU15<\/td>\n<td width=\"202\">VU16<\/td>\n<td width=\"192\">VU20<\/td>\n<td width=\"192\">VU21<\/td>\n<\/tr>\n<tr>\n<td class=\"thVert\" width=\"145\">N\u00b0 jets<\/td>\n<td width=\"153\">15 lat\u00e9raux<\/td>\n<td width=\"202\">15 lat\u00e9raux | 1 central<\/td>\n<td width=\"192\">20\u00a0lat\u00e9raux<\/td>\n<td width=\"192\">20 lat\u00e9raux | 1 central<\/td>\n<\/tr>\n<tr>\n<td class=\"thVert\" width=\"145\">\u00f8 jets lat\u00e9raux | central<\/td>\n<td width=\"153\">2,8 mm<\/td>\n<td width=\"202\">2,8 mm | 4 mm<\/td>\n<td width=\"192\">2,8 mm<\/td>\n<td width=\"192\">2,8 mm | 4 mm<\/td>\n<\/tr>\n<tr>\n<td class=\"thVert\" width=\"145\">N\u00b0 niveaux d&rsquo;eau<\/td>\n<td width=\"153\">1<\/td>\n<td width=\"202\">2<\/td>\n<td width=\"192\">2<\/td>\n<td width=\"192\">3<\/td>\n<\/tr>\n<tr>\n<td class=\"thVert\" width=\"145\">Diam\u00e8tre max effet*<\/td>\n<td width=\"153\">1,55 m<\/td>\n<td width=\"202\">1,2 m<\/td>\n<td width=\"192\">1,5 m<\/td>\n<td width=\"192\">1,65 m<\/td>\n<\/tr>\n<tr>\n<td class=\"thVert\" width=\"145\">Hauteur max effet*<\/td>\n<td width=\"153\">1,5 m<\/td>\n<td width=\"202\">2 m<\/td>\n<td width=\"192\">1,5 m<\/td>\n<td width=\"192\">2 m<\/td>\n<\/tr>\n<tr>\n<td class=\"thVert\" width=\"145\">Connexion<\/td>\n<td width=\"153\">1\/2\u201d M<\/td>\n<td width=\"202\">1\/2\u201d M<\/td>\n<td width=\"192\">1\/2\u201d M<\/td>\n<td width=\"192\">1\/2\u201d M<\/td>\n<\/tr>\n<tr>\n<td class=\"thVert\" width=\"145\">Mat\u00e9riel<\/td>\n<td width=\"153\">Laiton<\/td>\n<td width=\"202\">Laiton<\/td>\n<td width=\"192\">Laiton<\/td>\n<td width=\"192\">Laiton<\/td>\n<\/tr>\n<tr>\n<td class=\"thVert\" width=\"145\">Poids<\/td>\n<td width=\"153\">400 g<\/td>\n<td width=\"202\">400 g<\/td>\n<td width=\"192\">400 g<\/td>\n<td width=\"192\">400 g<\/td>\n<\/tr>\n<\/tbody>\n<\/table>\n<\/div>\n<p>*Valeurs max conseill\u00e9es.<\/p>\n<div>\n<div style=\"float: left; padding: 5px; text-align: center; width: 150px;\"><\/div>\n<\/div>\n<p>&nbsp;<\/p>\n<h3>Downloads<\/h3>\n<div class=\"divide-line text-left\"><\/div>\n<div>\n<div style=\"float: left; padding: 5px; text-align: center; width: 150px;\"><a href=\"https:\/\/www.cascade.it\/new\/wp-content\/uploads\/2022\/07\/CASCADE-Vulcano-15-16-20-21-FR.pdf\" target=\"_blank\" rel=\"noopener\"><img loading=\"lazy\" decoding=\"async\" class=\"alignnone wp-image-783\" src=\"https:\/\/www.cascade.it\/new\/wp-content\/uploads\/2019\/02\/pdf-icon-png-7.jpg\" alt=\"\" width=\"91\" height=\"91\" srcset=\"https:\/\/www.cascade.it\/new\/wp-content\/uploads\/2019\/02\/pdf-icon-png-7.jpg 254w, https:\/\/www.cascade.it\/new\/wp-content\/uploads\/2019\/02\/pdf-icon-png-7-150x150.jpg 150w, https:\/\/www.cascade.it\/new\/wp-content\/uploads\/2019\/02\/pdf-icon-png-7-100x100.jpg 100w\" sizes=\"auto, (max-width: 91px) 100vw, 91px\" \/><\/a><br \/>\nFiche technique<\/div>\n<div style=\"clear: both;\"><\/div>\n<\/div>\n","protected":false},"excerpt":{"rendered":"<p>&nbsp; Ajutage Vulcano 15-16-20-21 pour fontaines Les Vulcano 15-16-20-21 sont des ajutages pour fontaines en laiton et ind\u00e9pendants du niveau d&rsquo;eau. Ces ajutages font partie de la large gamme des Vulcano Cascade. L&rsquo;effet est un ensemble de jets cristallins qui cr\u00e9ent un volcan d&rsquo;eau sur 1, 2 ou 3 niveaux. Ils peuvent \u00eatre ouverts pour [&hellip;]<\/p>\n","protected":false},"featured_media":3399,"template":"","meta":[],"product_brand":[],"product_cat":[319],"product_tag":[],"class_list":{"0":"post-3398","1":"product","2":"type-product","3":"status-publish","4":"has-post-thumbnail","6":"product_cat-ajutages-classiques","8":"first","9":"instock","10":"shipping-taxable","11":"product-type-simple"},"yoast_head":"<!-- This site is optimized with the Yoast SEO plugin v26.7 - https:\/\/yoast.com\/wordpress\/plugins\/seo\/ -->\n<title>Ajutages pour fontaines Vulcano 15-16-20-21 - Cascade<\/title>\n<meta name=\"description\" content=\"Les Vulcano 15-16-20-21 sont des ajutages pour fontaines en laiton et ind\u00e9pendants du niveau d&#039;eau. L&#039;effet est un volcan d&#039;eau sur 1, 2 ou 3 niveaux.\" \/>\n<meta name=\"robots\" content=\"index, follow, max-snippet:-1, max-image-preview:large, max-video-preview:-1\" \/>\n<link rel=\"canonical\" href=\"https:\/\/www.cascade.it\/fr\/prodotto\/ajutage-vulcano-15-16-20-21\/\" \/>\n<meta property=\"og:locale\" content=\"fr_FR\" \/>\n<meta property=\"og:type\" content=\"article\" \/>\n<meta property=\"og:title\" content=\"Ajutages pour fontaines Vulcano 15-16-20-21 - Cascade\" \/>\n<meta property=\"og:description\" content=\"Les Vulcano 15-16-20-21 sont des ajutages pour fontaines en laiton et ind\u00e9pendants du niveau d&#039;eau. L&#039;effet est un volcan d&#039;eau sur 1, 2 ou 3 niveaux.\" \/>\n<meta property=\"og:url\" content=\"https:\/\/www.cascade.it\/fr\/prodotto\/ajutage-vulcano-15-16-20-21\/\" \/>\n<meta property=\"og:site_name\" content=\"Cascade\" \/>\n<meta property=\"article:modified_time\" content=\"2022-07-01T10:52:10+00:00\" \/>\n<meta property=\"og:image\" content=\"https:\/\/www.cascade.it\/new\/wp-content\/uploads\/Prodotti\/Ugelli_per_fontane\/Ugelli_Classici\/VULCANO-15-16-20-21.jpg\" \/>\n\t<meta property=\"og:image:width\" content=\"1300\" \/>\n\t<meta property=\"og:image:height\" content=\"975\" \/>\n\t<meta property=\"og:image:type\" content=\"image\/jpeg\" \/>\n<meta name=\"twitter:card\" content=\"summary_large_image\" \/>\n<meta name=\"twitter:label1\" content=\"Dur\u00e9e de lecture estim\u00e9e\" \/>\n\t<meta name=\"twitter:data1\" content=\"1 minute\" \/>\n<!-- \/ Yoast SEO plugin. -->","yoast_head_json":{"title":"Ajutages pour fontaines Vulcano 15-16-20-21 - Cascade","description":"Les Vulcano 15-16-20-21 sont des ajutages pour fontaines en laiton et ind\u00e9pendants du niveau d'eau. L'effet est un volcan d'eau sur 1, 2 ou 3 niveaux.","robots":{"index":"index","follow":"follow","max-snippet":"max-snippet:-1","max-image-preview":"max-image-preview:large","max-video-preview":"max-video-preview:-1"},"canonical":"https:\/\/www.cascade.it\/fr\/prodotto\/ajutage-vulcano-15-16-20-21\/","og_locale":"fr_FR","og_type":"article","og_title":"Ajutages pour fontaines Vulcano 15-16-20-21 - Cascade","og_description":"Les Vulcano 15-16-20-21 sont des ajutages pour fontaines en laiton et ind\u00e9pendants du niveau d'eau. L'effet est un volcan d'eau sur 1, 2 ou 3 niveaux.","og_url":"https:\/\/www.cascade.it\/fr\/prodotto\/ajutage-vulcano-15-16-20-21\/","og_site_name":"Cascade","article_modified_time":"2022-07-01T10:52:10+00:00","og_image":[{"width":1300,"height":975,"url":"https:\/\/www.cascade.it\/new\/wp-content\/uploads\/Prodotti\/Ugelli_per_fontane\/Ugelli_Classici\/VULCANO-15-16-20-21.jpg","type":"image\/jpeg"}],"twitter_card":"summary_large_image","twitter_misc":{"Dur\u00e9e de lecture estim\u00e9e":"1 minute"},"schema":{"@context":"https:\/\/schema.org","@graph":[{"@type":"WebPage","@id":"https:\/\/www.cascade.it\/fr\/prodotto\/ajutage-vulcano-15-16-20-21\/","url":"https:\/\/www.cascade.it\/fr\/prodotto\/ajutage-vulcano-15-16-20-21\/","name":"Ajutages pour fontaines Vulcano 15-16-20-21 - Cascade","isPartOf":{"@id":"https:\/\/www.cascade.it\/fr\/#website"},"primaryImageOfPage":{"@id":"https:\/\/www.cascade.it\/fr\/prodotto\/ajutage-vulcano-15-16-20-21\/#primaryimage"},"image":{"@id":"https:\/\/www.cascade.it\/fr\/prodotto\/ajutage-vulcano-15-16-20-21\/#primaryimage"},"thumbnailUrl":"https:\/\/www.cascade.it\/new\/wp-content\/uploads\/Prodotti\/Ugelli_per_fontane\/Ugelli_Classici\/VULCANO-15-16-20-21.jpg","datePublished":"2019-02-15T09:12:19+00:00","dateModified":"2022-07-01T10:52:10+00:00","description":"Les Vulcano 15-16-20-21 sont des ajutages pour fontaines en laiton et ind\u00e9pendants du niveau d'eau. L'effet est un volcan d'eau sur 1, 2 ou 3 niveaux.","breadcrumb":{"@id":"https:\/\/www.cascade.it\/fr\/prodotto\/ajutage-vulcano-15-16-20-21\/#breadcrumb"},"inLanguage":"fr-FR","potentialAction":[{"@type":"ReadAction","target":["https:\/\/www.cascade.it\/fr\/prodotto\/ajutage-vulcano-15-16-20-21\/"]}]},{"@type":"ImageObject","inLanguage":"fr-FR","@id":"https:\/\/www.cascade.it\/fr\/prodotto\/ajutage-vulcano-15-16-20-21\/#primaryimage","url":"https:\/\/www.cascade.it\/new\/wp-content\/uploads\/Prodotti\/Ugelli_per_fontane\/Ugelli_Classici\/VULCANO-15-16-20-21.jpg","contentUrl":"https:\/\/www.cascade.it\/new\/wp-content\/uploads\/Prodotti\/Ugelli_per_fontane\/Ugelli_Classici\/VULCANO-15-16-20-21.jpg","width":1300,"height":975,"caption":"Ugelli per fontane Vulcano 15-16-20-21 - Cascade"},{"@type":"BreadcrumbList","@id":"https:\/\/www.cascade.it\/fr\/prodotto\/ajutage-vulcano-15-16-20-21\/#breadcrumb","itemListElement":[{"@type":"ListItem","position":1,"name":"Home","item":"https:\/\/www.cascade.it\/fr\/"},{"@type":"ListItem","position":2,"name":"Boutique","item":"https:\/\/www.cascade.it\/fr\/boutique\/"},{"@type":"ListItem","position":3,"name":"Vulcano 15-16-20-21"}]},{"@type":"WebSite","@id":"https:\/\/www.cascade.it\/fr\/#website","url":"https:\/\/www.cascade.it\/fr\/","name":"Cascade","description":"More than a fountain","potentialAction":[{"@type":"SearchAction","target":{"@type":"EntryPoint","urlTemplate":"https:\/\/www.cascade.it\/fr\/?s={search_term_string}"},"query-input":{"@type":"PropertyValueSpecification","valueRequired":true,"valueName":"search_term_string"}}],"inLanguage":"fr-FR"}]}},"_links":{"self":[{"href":"https:\/\/www.cascade.it\/fr\/wp-json\/wp\/v2\/product\/3398","targetHints":{"allow":["GET"]}}],"collection":[{"href":"https:\/\/www.cascade.it\/fr\/wp-json\/wp\/v2\/product"}],"about":[{"href":"https:\/\/www.cascade.it\/fr\/wp-json\/wp\/v2\/types\/product"}],"wp:featuredmedia":[{"embeddable":true,"href":"https:\/\/www.cascade.it\/fr\/wp-json\/wp\/v2\/media\/3399"}],"wp:attachment":[{"href":"https:\/\/www.cascade.it\/fr\/wp-json\/wp\/v2\/media?parent=3398"}],"wp:term":[{"taxonomy":"product_brand","embeddable":true,"href":"https:\/\/www.cascade.it\/fr\/wp-json\/wp\/v2\/product_brand?post=3398"},{"taxonomy":"product_cat","embeddable":true,"href":"https:\/\/www.cascade.it\/fr\/wp-json\/wp\/v2\/product_cat?post=3398"},{"taxonomy":"product_tag","embeddable":true,"href":"https:\/\/www.cascade.it\/fr\/wp-json\/wp\/v2\/product_tag?post=3398"}],"curies":[{"name":"wp","href":"https:\/\/api.w.org\/{rel}","templated":true}]}}