{"id":3394,"date":"2019-02-15T10:11:17","date_gmt":"2019-02-15T09:11:17","guid":{"rendered":"https:\/\/www.cascade.it\/new\/prodotto\/ventaglio\/"},"modified":"2022-07-01T12:51:15","modified_gmt":"2022-07-01T10:51:15","slug":"ajutage-ventaglio","status":"publish","type":"product","link":"https:\/\/www.cascade.it\/fr\/prodotto\/ajutage-ventaglio\/","title":{"rendered":"Ventaglio"},"content":{"rendered":"<p>&nbsp;<\/p>\n<div class=\"carousel-slider-outer carousel-slider-outer-image-carousel carousel-slider-outer-1561\" style=\"--carousel-slider-nav-color:#f1f1f1;--carousel-slider-active-nav-color:#00d1b2;--carousel-slider-arrow-size:48px;--carousel-slider-bullet-size:10px\">\n<div id=\"&#039;id-1561\" class=\"carousel-slider carousel-slider-1561 arrows-visibility-hover dots-visibility-never arrows-outside dots-center dots-square owl-carousel\" data-slide-type=\"image-carousel\" data-owl-settings='{\"nav\":true,\"dots\":false,\"slideBy\":1,\"stagePadding\":0,\"margin\":10,\"loop\":true,\"lazyLoad\":true,\"autoplay\":true,\"autoplayTimeout\":5000,\"autoplaySpeed\":500,\"autoplayHoverPause\":true,\"autoWidth\":false,\"responsive\":{\"300\":{\"items\":1},\"576\":{\"items\":2},\"768\":{\"items\":2},\"1024\":{\"items\":3},\"1280\":{\"items\":3},\"1536\":{\"items\":3}}}'>\n<div class=\"carousel-slider__item\">\n\t<img class=\"owl-lazy\" data-src=\"https:\/\/www.cascade.it\/new\/wp-content\/uploads\/2019\/07\/Ventaglio.jpg\" alt=\"\"><\/a><\/div>\n\n<div class=\"carousel-slider__item\">\n\t<img class=\"owl-lazy\" data-src=\"https:\/\/www.cascade.it\/new\/wp-content\/uploads\/2019\/12\/1-Ugello-per-fontane-Ventaglio-6-6.jpg\" alt=\"\"><\/a><\/div>\n\n<div class=\"carousel-slider__item\">\n\t<img class=\"owl-lazy\" data-src=\"https:\/\/www.cascade.it\/new\/wp-content\/uploads\/2019\/12\/2-Ugello-per-fontane-Ventaglio-9-4.jpg\" alt=\"\"><\/a><\/div>\n\n<div class=\"carousel-slider__item\">\n\t<img class=\"owl-lazy\" data-src=\"https:\/\/www.cascade.it\/new\/wp-content\/uploads\/2019\/12\/3-Ugello-per-fontane-Ventaglio-13-4.jpg\" alt=\"\"><\/a><\/div>\n\n<div class=\"carousel-slider__item\">\n\t<img class=\"owl-lazy\" data-src=\"https:\/\/www.cascade.it\/new\/wp-content\/uploads\/2019\/12\/4-Ugello-per-fontane-Ventaglio-25-4.jpg\" alt=\"\"><\/a><\/div>\n\n<div class=\"carousel-slider__item\">\n\t<img class=\"owl-lazy\" data-src=\"https:\/\/www.cascade.it\/new\/wp-content\/uploads\/2019\/12\/5-Ugello-per-fontane-Ventaglio-13-6.jpg\" alt=\"\"><\/a><\/div>\n\n<div class=\"carousel-slider__item\">\n\t<img class=\"owl-lazy\" data-src=\"https:\/\/www.cascade.it\/new\/wp-content\/uploads\/2019\/12\/6-Ugello-per-fontane-Ventaglio-25-6.jpg\" alt=\"\"><\/a><\/div>\n\n<div class=\"carousel-slider__item\">\n\t<img class=\"owl-lazy\" data-src=\"https:\/\/www.cascade.it\/new\/wp-content\/uploads\/2019\/12\/7-Ugello-per-fontane-Ventaglio-8-8.jpg\" alt=\"\"><\/a><\/div>\n\n<div class=\"carousel-slider__item\">\n\t<img class=\"owl-lazy\" data-src=\"https:\/\/www.cascade.it\/new\/wp-content\/uploads\/2019\/12\/9-Ugello-per-fontane-Ventaglio-8-6-incrociato.jpg\" alt=\"\"><\/a><\/div>\n\n<\/div><!-- .carousel-slider-1561 -->\n<\/div><!-- .carousel-slider-outer-1561 -->\n\n<h1><span style=\"color: #1e73be;\">Ajutage Ventaglio pour fontaines<\/span><\/h1>\n<p id=\"tw-target-text\" class=\"tw-data-text tw-text-large XcVN5d tw-ta\" dir=\"ltr\" data-placeholder=\"Traduzione\"><span lang=\"fr\">L&rsquo;<strong>ajutage pour fontaines Ventaglio<\/strong> est en <strong>laiton<\/strong> et est <strong>ind\u00e9pendant<\/strong>\u00a0du niveau d&rsquo;eau. <\/span><\/p>\n<p class=\"tw-data-text tw-text-large XcVN5d tw-ta\" dir=\"ltr\" data-placeholder=\"Traduzione\"><span lang=\"fr\">L&rsquo;effet g\u00e9n\u00e9r\u00e9 est celui d&rsquo;un <strong>\u00e9ventail<\/strong> de <strong>jets cristallins. <\/strong><\/span><\/p>\n<p class=\"tw-data-text tw-text-large XcVN5d tw-ta\" dir=\"ltr\" data-placeholder=\"Traduzione\"><span lang=\"fr\">La gamme des Ventaglio Cascade est <strong>tr\u00e8s large<\/strong> pour le nombre de jets (de 6 \u00e0 25 pour chaque ajutage), le diam\u00e8tre des jets (4 mm, 6 mm et 8 mm) et pour offrir la possibilit\u00e9 de <strong>faire croiser les jets<\/strong>.<\/span><\/p>\n<p>&nbsp;<\/p>\n<h3>Conseils d&rsquo;utilisation et applications<\/h3>\n<p id=\"tw-target-text\" class=\"tw-data-text tw-text-large XcVN5d tw-ta\" dir=\"ltr\" data-placeholder=\"Traduzione\"><span lang=\"fr\">Le Ventaglio permet d&rsquo;obtenir des jeux d&rsquo;eau paraboliques, avec un bon nombre de jets cristallins, similaire \u00e0 l&rsquo;effet obtenu avec un anneau de jets inclin\u00e9s. <\/span><\/p>\n<p class=\"tw-data-text tw-text-large XcVN5d tw-ta\" dir=\"ltr\" data-placeholder=\"Traduzione\"><span lang=\"fr\">Id\u00e9al pour les bassins de <strong>petite<\/strong> et <strong>moyenne taille<\/strong> (voir la section <a href=\"https:\/\/www.cascade.it\/fr\/produits\/fontaines-pretes-preassemblees\/\"><span style=\"text-decoration: underline;\"><strong>FONTAINES PR\u00caTES PR\u00c9-ASSEMBL\u00c9ES<\/strong><\/span><\/a>). <\/span><\/p>\n<p class=\"tw-data-text tw-text-large XcVN5d tw-ta\" dir=\"ltr\" data-placeholder=\"Traduzione\"><span lang=\"fr\">En cas d&rsquo;utilisation en position inclin\u00e9e, nous sugg\u00e9rons l&rsquo;utilisation du <a href=\"https:\/\/www.cascade.it\/fr\/prodotto\/coude-45-pour-ajutages-lama-et-ventaglio\/\"><span style=\"text-decoration: underline;\"><strong>coude \u00e0 45\u00b0<\/strong><\/span><\/a>. <\/span><\/p>\n<p class=\"tw-data-text tw-text-large XcVN5d tw-ta\" dir=\"ltr\" data-placeholder=\"Traduzione\"><span lang=\"fr\">Nous recommandons aussi l&rsquo;utilisation de la <a href=\"https:\/\/www.cascade.it\/fr\/prodotto\/bride-reglage\/\"><span style=\"text-decoration: underline;\"><strong>bride de r\u00e9glage<\/strong><\/span><\/a> axial.<\/span><\/p>\n<p><strong>\u00c9clairage immerg\u00e9<\/strong>: pour enrichir l&rsquo;effet d\u2019eau avec des jeux de lumi\u00e8re monochromatique ou RGBW, nous recommandons l&rsquo;utilisation des <a href=\"https:\/\/www.cascade.it\/fr\/produits\/eclairage-immerge-led\/projecteurs-led-mizar\/\"><span style=\"text-decoration: underline;\"><strong>projecteurs LED immerg\u00e9s pour fontaines de la s\u00e9rie Mizar<\/strong><\/span><\/a>, des produits professionnels sp\u00e9cifiques pour une utilisation dans les fontaines, avec un design \u00e9l\u00e9gant, une technologie \u00e0 la pointe et extraordinaire effets de lumi\u00e8re.<\/p>\n<p>&nbsp;<\/p>\n<h3>Donn\u00e9es techniques<\/h3>\n<div style=\"overflow-x: auto;\">\n<table width=\"0\">\n<tbody>\n<tr>\n<td width=\"111\"><strong>\u00a0<\/strong><\/td>\n<td class=\"thHorz\" width=\"104\">Ventaglio 6-6<\/td>\n<td class=\"thHorz\" width=\"104\">Ventaglio 9-4<\/td>\n<td class=\"thHorz\" width=\"98\">Ventaglio 13-4<\/td>\n<td class=\"thHorz\" width=\"116\">Ventaglio 25-4<\/td>\n<td class=\"thHorz\" width=\"116\">Ventaglio 13-6<\/td>\n<td class=\"thHorz\" width=\"116\">Ventaglio 25-6<\/td>\n<td class=\"thHorz\" width=\"116\">Ventaglio 8-8<\/td>\n<td class=\"thHorz\" width=\"116\">Ventaglio 8-6\u00a0 crois\u00e9<\/td>\n<\/tr>\n<tr>\n<td class=\"thVert\" width=\"111\">Code<\/td>\n<td width=\"104\">VE6-6<\/td>\n<td width=\"104\">VE9-4<\/td>\n<td width=\"98\">VE13-4<\/td>\n<td width=\"116\">VE25-4<\/td>\n<td width=\"116\">VE13-6<\/td>\n<td width=\"116\">VE25-6<\/td>\n<td width=\"116\">VE8-8<\/td>\n<td width=\"116\">VE8-6X<\/td>\n<\/tr>\n<tr>\n<td class=\"thVert\" width=\"111\">N\u00b0 jets<\/td>\n<td width=\"104\">6<\/td>\n<td width=\"104\">9<\/td>\n<td width=\"98\">13<\/td>\n<td width=\"116\">25<\/td>\n<td width=\"116\">13<\/td>\n<td width=\"116\">25<\/td>\n<td width=\"116\">8<\/td>\n<td width=\"116\">8<\/td>\n<\/tr>\n<tr>\n<td class=\"thVert\" width=\"111\">\u00f8 jets<\/td>\n<td width=\"104\">6 mm<\/td>\n<td width=\"104\">4 mm<\/td>\n<td width=\"98\">4 mm<\/td>\n<td width=\"116\">4 mm<\/td>\n<td width=\"116\">6 mm<\/td>\n<td width=\"116\">6 mm<\/td>\n<td width=\"116\">8 mm<\/td>\n<td width=\"116\">6 mm<\/td>\n<\/tr>\n<tr>\n<td class=\"thVert\" width=\"111\">Port\u00e9e max*<\/td>\n<td width=\"104\">3,5 m<\/td>\n<td width=\"104\">2,5 m<\/td>\n<td width=\"98\">5 m<\/td>\n<td width=\"116\">5 m<\/td>\n<td width=\"116\">3,5 m<\/td>\n<td width=\"116\">3,5 m<\/td>\n<td width=\"116\">4 m<\/td>\n<td width=\"116\">3,5 m<\/td>\n<\/tr>\n<tr>\n<td class=\"thVert\" width=\"111\">Connexion<\/td>\n<td width=\"104\">1\u201d M<\/td>\n<td width=\"104\">1\u201d M<\/td>\n<td width=\"98\">1 1\/4\u201d M<\/td>\n<td width=\"116\">1 1\/4\u201d M<\/td>\n<td width=\"116\">2\u201d M<\/td>\n<td width=\"116\">2\u201d M<\/td>\n<td width=\"116\">2\u201d M<\/td>\n<td width=\"116\">2\u201d M<\/td>\n<\/tr>\n<tr>\n<td class=\"thVert\" width=\"111\">Mat\u00e9riel<\/td>\n<td width=\"104\">Laiton<\/td>\n<td width=\"104\">Laiton<\/td>\n<td width=\"98\">Laiton<\/td>\n<td width=\"116\">Laiton<\/td>\n<td width=\"116\">Laiton<\/td>\n<td width=\"116\">Laiton<\/td>\n<td width=\"116\">Laiton<\/td>\n<td width=\"116\">Laiton<\/td>\n<\/tr>\n<tr>\n<td class=\"thVert\" width=\"111\">Poids<\/td>\n<td width=\"104\">0,65 Kg<\/td>\n<td width=\"104\">0,65 Kg<\/td>\n<td width=\"98\">1,29 Kg<\/td>\n<td width=\"116\">1,3 Kg<\/td>\n<td width=\"116\">2,5 Kg<\/td>\n<td width=\"116\">2,6 Kg<\/td>\n<td width=\"116\">2,5 Kg<\/td>\n<td width=\"116\">2,5 Kg<\/td>\n<\/tr>\n<\/tbody>\n<\/table>\n<\/div>\n<p>*Longueur max conseill\u00e9e de la parabole avec coude \u00e0 45\u00b0.<\/p>\n<div>\n<div style=\"float: left; padding: 5px; text-align: center; width: 150px;\"><\/div>\n<\/div>\n<p>&nbsp;<\/p>\n<h3>Downloads<\/h3>\n<div class=\"divide-line text-left\"><\/div>\n<div>\n<div style=\"float: left; padding: 5px; text-align: center; width: 150px;\"><a href=\"https:\/\/www.cascade.it\/new\/wp-content\/uploads\/2022\/07\/CASCADE-Ventaglio-FR.pdf\" target=\"_blank\" rel=\"noopener\"><img loading=\"lazy\" decoding=\"async\" class=\"alignnone wp-image-783\" src=\"https:\/\/www.cascade.it\/new\/wp-content\/uploads\/2019\/02\/pdf-icon-png-7.jpg\" alt=\"\" width=\"91\" height=\"91\" srcset=\"https:\/\/www.cascade.it\/new\/wp-content\/uploads\/2019\/02\/pdf-icon-png-7.jpg 254w, https:\/\/www.cascade.it\/new\/wp-content\/uploads\/2019\/02\/pdf-icon-png-7-150x150.jpg 150w, https:\/\/www.cascade.it\/new\/wp-content\/uploads\/2019\/02\/pdf-icon-png-7-100x100.jpg 100w\" sizes=\"auto, (max-width: 91px) 100vw, 91px\" \/><\/a><br \/>\nFiche technique<\/div>\n<div style=\"clear: both;\"><\/div>\n<\/div>\n","protected":false},"excerpt":{"rendered":"<p>&nbsp; Ajutage Ventaglio pour fontaines L&rsquo;ajutage pour fontaines Ventaglio est en laiton et est ind\u00e9pendant\u00a0du niveau d&rsquo;eau. L&rsquo;effet g\u00e9n\u00e9r\u00e9 est celui d&rsquo;un \u00e9ventail de jets cristallins. La gamme des Ventaglio Cascade est tr\u00e8s large pour le nombre de jets (de 6 \u00e0 25 pour chaque ajutage), le diam\u00e8tre des jets (4 mm, 6 mm et [&hellip;]<\/p>\n","protected":false},"featured_media":3395,"template":"","meta":[],"product_brand":[],"product_cat":[319],"product_tag":[],"class_list":{"0":"post-3394","1":"product","2":"type-product","3":"status-publish","4":"has-post-thumbnail","6":"product_cat-ajutages-classiques","8":"first","9":"instock","10":"shipping-taxable","11":"product-type-simple"},"yoast_head":"<!-- This site is optimized with the Yoast SEO plugin v26.7 - https:\/\/yoast.com\/wordpress\/plugins\/seo\/ -->\n<title>Ajutage pour fontaines Ventaglio - Cascade<\/title>\n<meta name=\"description\" content=\"L&#039;ajutage pour fontaines Ventaglio est en laiton et est ind\u00e9pendant\u00a0du niveau d&#039;eau. L&#039;effet g\u00e9n\u00e9r\u00e9 est celui d&#039;un \u00e9ventail de jets cristallins.\" \/>\n<meta name=\"robots\" content=\"index, follow, max-snippet:-1, max-image-preview:large, max-video-preview:-1\" \/>\n<link rel=\"canonical\" href=\"https:\/\/www.cascade.it\/fr\/prodotto\/ajutage-ventaglio\/\" \/>\n<meta property=\"og:locale\" content=\"fr_FR\" \/>\n<meta property=\"og:type\" content=\"article\" \/>\n<meta property=\"og:title\" content=\"Ajutage pour fontaines Ventaglio - Cascade\" \/>\n<meta property=\"og:description\" content=\"L&#039;ajutage pour fontaines Ventaglio est en laiton et est ind\u00e9pendant\u00a0du niveau d&#039;eau. L&#039;effet g\u00e9n\u00e9r\u00e9 est celui d&#039;un \u00e9ventail de jets cristallins.\" \/>\n<meta property=\"og:url\" content=\"https:\/\/www.cascade.it\/fr\/prodotto\/ajutage-ventaglio\/\" \/>\n<meta property=\"og:site_name\" content=\"Cascade\" \/>\n<meta property=\"article:modified_time\" content=\"2022-07-01T10:51:15+00:00\" \/>\n<meta property=\"og:image\" content=\"https:\/\/www.cascade.it\/new\/wp-content\/uploads\/Prodotti\/Ugelli_per_fontane\/Ugelli_Classici\/VENTAGLIO.jpg\" \/>\n\t<meta property=\"og:image:width\" content=\"1300\" \/>\n\t<meta property=\"og:image:height\" content=\"975\" \/>\n\t<meta property=\"og:image:type\" content=\"image\/jpeg\" \/>\n<meta name=\"twitter:card\" content=\"summary_large_image\" \/>\n<meta name=\"twitter:label1\" content=\"Dur\u00e9e de lecture estim\u00e9e\" \/>\n\t<meta name=\"twitter:data1\" content=\"2 minutes\" \/>\n<!-- \/ Yoast SEO plugin. -->","yoast_head_json":{"title":"Ajutage pour fontaines Ventaglio - Cascade","description":"L'ajutage pour fontaines Ventaglio est en laiton et est ind\u00e9pendant\u00a0du niveau d'eau. L'effet g\u00e9n\u00e9r\u00e9 est celui d'un \u00e9ventail de jets cristallins.","robots":{"index":"index","follow":"follow","max-snippet":"max-snippet:-1","max-image-preview":"max-image-preview:large","max-video-preview":"max-video-preview:-1"},"canonical":"https:\/\/www.cascade.it\/fr\/prodotto\/ajutage-ventaglio\/","og_locale":"fr_FR","og_type":"article","og_title":"Ajutage pour fontaines Ventaglio - Cascade","og_description":"L'ajutage pour fontaines Ventaglio est en laiton et est ind\u00e9pendant\u00a0du niveau d'eau. L'effet g\u00e9n\u00e9r\u00e9 est celui d'un \u00e9ventail de jets cristallins.","og_url":"https:\/\/www.cascade.it\/fr\/prodotto\/ajutage-ventaglio\/","og_site_name":"Cascade","article_modified_time":"2022-07-01T10:51:15+00:00","og_image":[{"width":1300,"height":975,"url":"https:\/\/www.cascade.it\/new\/wp-content\/uploads\/Prodotti\/Ugelli_per_fontane\/Ugelli_Classici\/VENTAGLIO.jpg","type":"image\/jpeg"}],"twitter_card":"summary_large_image","twitter_misc":{"Dur\u00e9e de lecture estim\u00e9e":"2 minutes"},"schema":{"@context":"https:\/\/schema.org","@graph":[{"@type":"WebPage","@id":"https:\/\/www.cascade.it\/fr\/prodotto\/ajutage-ventaglio\/","url":"https:\/\/www.cascade.it\/fr\/prodotto\/ajutage-ventaglio\/","name":"Ajutage pour fontaines Ventaglio - Cascade","isPartOf":{"@id":"https:\/\/www.cascade.it\/fr\/#website"},"primaryImageOfPage":{"@id":"https:\/\/www.cascade.it\/fr\/prodotto\/ajutage-ventaglio\/#primaryimage"},"image":{"@id":"https:\/\/www.cascade.it\/fr\/prodotto\/ajutage-ventaglio\/#primaryimage"},"thumbnailUrl":"https:\/\/www.cascade.it\/new\/wp-content\/uploads\/Prodotti\/Ugelli_per_fontane\/Ugelli_Classici\/VENTAGLIO.jpg","datePublished":"2019-02-15T09:11:17+00:00","dateModified":"2022-07-01T10:51:15+00:00","description":"L'ajutage pour fontaines Ventaglio est en laiton et est ind\u00e9pendant\u00a0du niveau d'eau. L'effet g\u00e9n\u00e9r\u00e9 est celui d'un \u00e9ventail de jets cristallins.","breadcrumb":{"@id":"https:\/\/www.cascade.it\/fr\/prodotto\/ajutage-ventaglio\/#breadcrumb"},"inLanguage":"fr-FR","potentialAction":[{"@type":"ReadAction","target":["https:\/\/www.cascade.it\/fr\/prodotto\/ajutage-ventaglio\/"]}]},{"@type":"ImageObject","inLanguage":"fr-FR","@id":"https:\/\/www.cascade.it\/fr\/prodotto\/ajutage-ventaglio\/#primaryimage","url":"https:\/\/www.cascade.it\/new\/wp-content\/uploads\/Prodotti\/Ugelli_per_fontane\/Ugelli_Classici\/VENTAGLIO.jpg","contentUrl":"https:\/\/www.cascade.it\/new\/wp-content\/uploads\/Prodotti\/Ugelli_per_fontane\/Ugelli_Classici\/VENTAGLIO.jpg","width":1300,"height":975},{"@type":"BreadcrumbList","@id":"https:\/\/www.cascade.it\/fr\/prodotto\/ajutage-ventaglio\/#breadcrumb","itemListElement":[{"@type":"ListItem","position":1,"name":"Home","item":"https:\/\/www.cascade.it\/fr\/"},{"@type":"ListItem","position":2,"name":"Boutique","item":"https:\/\/www.cascade.it\/fr\/boutique\/"},{"@type":"ListItem","position":3,"name":"Ventaglio"}]},{"@type":"WebSite","@id":"https:\/\/www.cascade.it\/fr\/#website","url":"https:\/\/www.cascade.it\/fr\/","name":"Cascade","description":"More than a fountain","potentialAction":[{"@type":"SearchAction","target":{"@type":"EntryPoint","urlTemplate":"https:\/\/www.cascade.it\/fr\/?s={search_term_string}"},"query-input":{"@type":"PropertyValueSpecification","valueRequired":true,"valueName":"search_term_string"}}],"inLanguage":"fr-FR"}]}},"_links":{"self":[{"href":"https:\/\/www.cascade.it\/fr\/wp-json\/wp\/v2\/product\/3394","targetHints":{"allow":["GET"]}}],"collection":[{"href":"https:\/\/www.cascade.it\/fr\/wp-json\/wp\/v2\/product"}],"about":[{"href":"https:\/\/www.cascade.it\/fr\/wp-json\/wp\/v2\/types\/product"}],"wp:featuredmedia":[{"embeddable":true,"href":"https:\/\/www.cascade.it\/fr\/wp-json\/wp\/v2\/media\/3395"}],"wp:attachment":[{"href":"https:\/\/www.cascade.it\/fr\/wp-json\/wp\/v2\/media?parent=3394"}],"wp:term":[{"taxonomy":"product_brand","embeddable":true,"href":"https:\/\/www.cascade.it\/fr\/wp-json\/wp\/v2\/product_brand?post=3394"},{"taxonomy":"product_cat","embeddable":true,"href":"https:\/\/www.cascade.it\/fr\/wp-json\/wp\/v2\/product_cat?post=3394"},{"taxonomy":"product_tag","embeddable":true,"href":"https:\/\/www.cascade.it\/fr\/wp-json\/wp\/v2\/product_tag?post=3394"}],"curies":[{"name":"wp","href":"https:\/\/api.w.org\/{rel}","templated":true}]}}