{"id":3390,"date":"2019-02-15T10:10:18","date_gmt":"2019-02-15T09:10:18","guid":{"rendered":"https:\/\/www.cascade.it\/new\/prodotto\/spumeggiante\/"},"modified":"2022-07-01T12:50:08","modified_gmt":"2022-07-01T10:50:08","slug":"ajutage-spumeggiante","status":"publish","type":"product","link":"https:\/\/www.cascade.it\/fr\/prodotto\/ajutage-spumeggiante\/","title":{"rendered":"Spumeggiante"},"content":{"rendered":"<p>&nbsp;<\/p>\n<div class=\"carousel-slider-outer carousel-slider-outer-image-carousel carousel-slider-outer-1546\" style=\"--carousel-slider-nav-color:#f1f1f1;--carousel-slider-active-nav-color:#00d1b2;--carousel-slider-arrow-size:48px;--carousel-slider-bullet-size:10px\">\n<div id=\"&#039;id-1546\" class=\"carousel-slider carousel-slider-1546 arrows-visibility-hover dots-visibility-never arrows-outside dots-center dots-square owl-carousel\" data-slide-type=\"image-carousel\" data-owl-settings='{\"nav\":true,\"dots\":false,\"slideBy\":1,\"stagePadding\":0,\"margin\":10,\"loop\":true,\"lazyLoad\":true,\"autoplay\":true,\"autoplayTimeout\":5000,\"autoplaySpeed\":500,\"autoplayHoverPause\":true,\"autoWidth\":false,\"responsive\":{\"300\":{\"items\":1},\"576\":{\"items\":2},\"768\":{\"items\":2},\"1024\":{\"items\":3},\"1280\":{\"items\":3},\"1536\":{\"items\":3}}}'>\n<div class=\"carousel-slider__item\">\n\t<img class=\"owl-lazy\" data-src=\"https:\/\/www.cascade.it\/new\/wp-content\/uploads\/2019\/07\/Spumeggianti-1.jpg\" alt=\"\"><\/a><\/div>\n\n<div class=\"carousel-slider__item\">\n\t<img class=\"owl-lazy\" data-src=\"https:\/\/www.cascade.it\/new\/wp-content\/uploads\/2019\/12\/6-Ugello-per-fontane-Spumeggiante-50.jpg\" alt=\"\"><\/a><\/div>\n\n<div class=\"carousel-slider__item\">\n\t<img class=\"owl-lazy\" data-src=\"https:\/\/www.cascade.it\/new\/wp-content\/uploads\/2019\/12\/8-Ugello-per-fontane-Spumeggiante-75.jpg\" alt=\"\"><\/a><\/div>\n\n<div class=\"carousel-slider__item\">\n\t<img class=\"owl-lazy\" data-src=\"https:\/\/www.cascade.it\/new\/wp-content\/uploads\/2019\/12\/4-Ugello-per-fontane-Spumeggiante-32.jpg\" alt=\"\"><\/a><\/div>\n\n<div class=\"carousel-slider__item\">\n\t<img class=\"owl-lazy\" data-src=\"https:\/\/www.cascade.it\/new\/wp-content\/uploads\/2019\/12\/9-Ugello-per-fontane-Spumeggiante-75.jpg\" alt=\"\"><\/a><\/div>\n\n<div class=\"carousel-slider__item\">\n\t<img class=\"owl-lazy\" data-src=\"https:\/\/www.cascade.it\/new\/wp-content\/uploads\/2019\/12\/5-Ugello-per-fontane-Spumeggiante-32.jpg\" alt=\"\"><\/a><\/div>\n\n<div class=\"carousel-slider__item\">\n\t<img class=\"owl-lazy\" data-src=\"https:\/\/www.cascade.it\/new\/wp-content\/uploads\/2019\/12\/7-Ugello-per-fontane-Spumeggiante-50.jpg\" alt=\"\"><\/a><\/div>\n\n<div class=\"carousel-slider__item\">\n\t<img class=\"owl-lazy\" data-src=\"https:\/\/www.cascade.it\/new\/wp-content\/uploads\/2019\/12\/10-Ugello-per-fontane-Spumeggiante-75.jpg\" alt=\"\"><\/a><\/div>\n\n<div class=\"carousel-slider__item\">\n\t<img class=\"owl-lazy\" data-src=\"https:\/\/www.cascade.it\/new\/wp-content\/uploads\/2019\/12\/1-Ugello-per-fontane-Spumeggiante-20.jpg\" alt=\"\"><\/a><\/div>\n\n<div class=\"carousel-slider__item\">\n\t<img class=\"owl-lazy\" data-src=\"https:\/\/www.cascade.it\/new\/wp-content\/uploads\/2019\/12\/2-Ugello-per-fontane-Spumeggiante-20.jpg\" alt=\"\"><\/a><\/div>\n\n<div class=\"carousel-slider__item\">\n\t<img class=\"owl-lazy\" data-src=\"https:\/\/www.cascade.it\/new\/wp-content\/uploads\/2019\/12\/3-Ugello-per-fontane-Spumeggiante-20.jpg\" alt=\"\"><\/a><\/div>\n\n<\/div><!-- .carousel-slider-1546 -->\n<\/div><!-- .carousel-slider-outer-1546 -->\n\n<h1><span style=\"color: #1e73be;\">Ajutage Spumeggiante pour fontaines<\/span><\/h1>\n<p id=\"tw-target-text\" class=\"tw-data-text tw-text-large XcVN5d tw-ta\" dir=\"ltr\" data-placeholder=\"Traduzione\"><span lang=\"fr\">Le <strong>Spumeggiante<\/strong> est un <strong>ajutage pour fontaines<\/strong> en <strong>acier inoxydable<\/strong> et <strong>laiton<\/strong> et il est ind\u00e9pendant du niveau d&rsquo;eau. <\/span><\/p>\n<p class=\"tw-data-text tw-text-large XcVN5d tw-ta\" dir=\"ltr\" data-placeholder=\"Traduzione\"><span lang=\"fr\">L&rsquo;effet produit par cet ajutage est un jet <strong>mousseux<\/strong> et <strong>compact,<\/strong> obtenu gr\u00e2ce \u00e0 un <strong>m\u00e9lange air-eau \u00e9lev\u00e9. <\/strong><\/span><\/p>\n<p class=\"tw-data-text tw-text-large XcVN5d tw-ta\" dir=\"ltr\" data-placeholder=\"Traduzione\"><span lang=\"fr\">Le <strong>Spumeggiante 20<\/strong> (\u00f8 20 mm), la <strong>plus petite<\/strong> version de cet ajutage du march\u00e9 compl\u00e8te la gamme qui atteint juasqu&rsquo;\u00e0 75 mm de diam\u00e8tre en sortie.<\/span><\/p>\n<p>&nbsp;<\/p>\n<h3>Conseils d&rsquo;utilisation et applications<\/h3>\n<p id=\"tw-target-text\" class=\"tw-data-text tw-text-large XcVN5d tw-ta\" dir=\"ltr\" data-placeholder=\"Traduzione\"><span lang=\"fr\">L&rsquo;ajutage Spumeggiante s&rsquo;adapte \u00e0 <strong>tout<\/strong> <strong>type de fontaine<\/strong> et de sc\u00e9nographie aquatique, gr\u00e2ce au <strong>jet moussant, cors\u00e9<\/strong> et <strong>visuellement saisissant.\u00a0\u00a0<\/strong><\/span><span lang=\"fr\">Gr\u00e2ce \u00e0 <strong>l&rsquo;excellente r\u00e9gularit\u00e9<\/strong> de fonctionnement et au corps du jet, cet ajutage garantit un bon fonctionnement pour les <strong>petites<\/strong> et <strong>grandes hauteurs<\/strong> avec des mod\u00e8les plus grands. <\/span><\/p>\n<p class=\"tw-data-text tw-text-large XcVN5d tw-ta\" dir=\"ltr\" data-placeholder=\"Traduzione\"><span lang=\"fr\">Dans la version plus petite, le Spumeggiante 20 convient \u00e9galement aux jeux d&rsquo;eau <strong>paraboliques<\/strong>. <\/span><\/p>\n<p class=\"tw-data-text tw-text-large XcVN5d tw-ta\" dir=\"ltr\" data-placeholder=\"Traduzione\"><span lang=\"fr\">Tr\u00e8s utilis\u00e9 dans les <a href=\"https:\/\/www.cascade.it\/fr\/produits\/fontaines-seches\/box-pour-fontaines-seches\/\"><span style=\"text-decoration: underline;\"><strong>Boxes pour les fontaines s\u00e8ches<\/strong><\/span><\/a>. <\/span><\/p>\n<p class=\"tw-data-text tw-text-large XcVN5d tw-ta\" dir=\"ltr\" data-placeholder=\"Traduzione\"><span lang=\"fr\">Id\u00e9al pour les vasques de toutes tailles (voir la section <a href=\"https:\/\/www.cascade.it\/fr\/produits\/fontaines-pretes-preassemblees\/\"><span style=\"text-decoration: underline;\"><strong>FONTAINES PR\u00caTES PR\u00c9-ASSEMBL\u00c9ES<\/strong><\/span><\/a>). <\/span><\/p>\n<p class=\"tw-data-text tw-text-large XcVN5d tw-ta\" dir=\"ltr\" data-placeholder=\"Traduzione\"><span lang=\"fr\">Nous recommandons l&rsquo;utilisation de la <a href=\"https:\/\/www.cascade.it\/fr\/prodotto\/bride-reglage\/\"><span style=\"text-decoration: underline;\"><strong>bride de r\u00e9glage<\/strong><\/span><\/a> axial.<\/span><\/p>\n<p><strong>\u00c9clairage immerg\u00e9<\/strong>: pour enrichir l&rsquo;effet d\u2019eau avec des jeux de lumi\u00e8re monochromatique ou RGBW, nous recommandons l&rsquo;utilisation des <a href=\"https:\/\/www.cascade.it\/fr\/produits\/eclairage-immerge-led\/projecteurs-led-mizar\/\"><span style=\"text-decoration: underline;\"><strong>projecteurs LED immerg\u00e9s pour fontaines de la s\u00e9rie Mizar<\/strong><\/span><\/a>, des produits professionnels sp\u00e9cifiques pour une utilisation dans les fontaines, avec un design \u00e9l\u00e9gant, une technologie \u00e0 la pointe et extraordinaire effets de lumi\u00e8re.<\/p>\n<p>&nbsp;<\/p>\n<h3>Donn\u00e9es techniques<\/h3>\n<div style=\"overflow-x: auto;\">\n<table width=\"0\">\n<tbody>\n<tr>\n<td width=\"145\"><strong>\u00a0<\/strong><\/td>\n<td class=\"thHorz\" width=\"153\">Spumeggiante 20<\/td>\n<td class=\"thHorz\" width=\"202\">Spumeggiante 32<\/td>\n<td class=\"thHorz\" width=\"192\">Spumeggiante 50<\/td>\n<td class=\"thHorz\" width=\"192\">Spumeggiante 75<\/td>\n<\/tr>\n<tr>\n<td class=\"thVert\" width=\"145\">Code<\/td>\n<td width=\"153\">SP20<\/td>\n<td width=\"202\">SP32<\/td>\n<td width=\"192\">SP50<\/td>\n<td width=\"192\">SP75<\/td>\n<\/tr>\n<tr>\n<td class=\"thVert\" width=\"145\">\u00f8 jet<\/td>\n<td width=\"153\">20 mm<\/td>\n<td width=\"202\">32 mm<\/td>\n<td width=\"192\">50 mm<\/td>\n<td width=\"192\">75 mm<\/td>\n<\/tr>\n<tr>\n<td class=\"thVert\" width=\"145\">Hauteur max jet*<\/td>\n<td width=\"153\">3 m<\/td>\n<td width=\"202\">3 m<\/td>\n<td width=\"192\">5 m<\/td>\n<td width=\"192\">6 m<\/td>\n<\/tr>\n<tr>\n<td class=\"thVert\" width=\"145\">Connexion<\/td>\n<td width=\"153\">1\/2\u201d M<\/td>\n<td width=\"202\">1\u201d M<\/td>\n<td width=\"192\">1 1\/2\u201d M<\/td>\n<td width=\"192\">2\u201d M<\/td>\n<\/tr>\n<tr>\n<td class=\"thVert\" width=\"145\">Mat\u00e9riel<\/td>\n<td width=\"153\">Acier inox et laiton<\/td>\n<td width=\"202\">Acier inox et laiton<\/td>\n<td width=\"192\">Acier inox et laiton<\/td>\n<td width=\"192\">Acier inox et laiton<\/td>\n<\/tr>\n<tr>\n<td class=\"thVert\" width=\"145\">Poids<\/td>\n<td width=\"153\">0,3 Kg<\/td>\n<td width=\"202\">0,92 Kg<\/td>\n<td width=\"192\">2,9 Kg<\/td>\n<td width=\"192\">4,3 Kg<\/td>\n<\/tr>\n<\/tbody>\n<\/table>\n<\/div>\n<p>*Hauteur max conseill\u00e9e du jet d&rsquo;eau.<\/p>\n<div>\n<div style=\"float: left; padding: 5px; text-align: center; width: 150px;\"><\/div>\n<\/div>\n<p>&nbsp;<\/p>\n<h3>Downloads<\/h3>\n<div class=\"divide-line text-left\"><\/div>\n<div>\n<div style=\"float: left; padding: 5px; text-align: center; width: 150px;\"><a href=\"https:\/\/www.cascade.it\/new\/wp-content\/uploads\/2022\/07\/CASCADE-Spumeggiante-FR.pdf\" target=\"_blank\" rel=\"noopener\"><img loading=\"lazy\" decoding=\"async\" class=\"alignnone wp-image-783\" src=\"https:\/\/www.cascade.it\/new\/wp-content\/uploads\/2019\/02\/pdf-icon-png-7.jpg\" alt=\"\" width=\"91\" height=\"91\" srcset=\"https:\/\/www.cascade.it\/new\/wp-content\/uploads\/2019\/02\/pdf-icon-png-7.jpg 254w, https:\/\/www.cascade.it\/new\/wp-content\/uploads\/2019\/02\/pdf-icon-png-7-150x150.jpg 150w, https:\/\/www.cascade.it\/new\/wp-content\/uploads\/2019\/02\/pdf-icon-png-7-100x100.jpg 100w\" sizes=\"auto, (max-width: 91px) 100vw, 91px\" \/><\/a><br \/>\nFiche technique<\/div>\n<div style=\"clear: both;\"><\/div>\n<\/div>\n","protected":false},"excerpt":{"rendered":"<p>&nbsp; Ajutage Spumeggiante pour fontaines Le Spumeggiante est un ajutage pour fontaines en acier inoxydable et laiton et il est ind\u00e9pendant du niveau d&rsquo;eau. L&rsquo;effet produit par cet ajutage est un jet mousseux et compact, obtenu gr\u00e2ce \u00e0 un m\u00e9lange air-eau \u00e9lev\u00e9. Le Spumeggiante 20 (\u00f8 20 mm), la plus petite version de cet ajutage [&hellip;]<\/p>\n","protected":false},"featured_media":3391,"template":"","meta":[],"product_brand":[],"product_cat":[319],"product_tag":[],"class_list":{"0":"post-3390","1":"product","2":"type-product","3":"status-publish","4":"has-post-thumbnail","6":"product_cat-ajutages-classiques","8":"first","9":"instock","10":"shipping-taxable","11":"product-type-simple"},"yoast_head":"<!-- This site is optimized with the Yoast SEO plugin v26.7 - https:\/\/yoast.com\/wordpress\/plugins\/seo\/ -->\n<title>Ajutage pour fontaines Spumeggiante - Cascade<\/title>\n<meta name=\"description\" content=\"Le Spumeggiante est un ajutage pour fontaines en inox et laiton. L&#039;effet produit est un jet mousseux et compact, obtenu gr\u00e2ce \u00e0 un m\u00e9lange air-eau \u00e9lev\u00e9.\" \/>\n<meta name=\"robots\" content=\"index, follow, max-snippet:-1, max-image-preview:large, max-video-preview:-1\" \/>\n<link rel=\"canonical\" href=\"https:\/\/www.cascade.it\/fr\/prodotto\/ajutage-spumeggiante\/\" \/>\n<meta property=\"og:locale\" content=\"fr_FR\" \/>\n<meta property=\"og:type\" content=\"article\" \/>\n<meta property=\"og:title\" content=\"Ajutage pour fontaines Spumeggiante - Cascade\" \/>\n<meta property=\"og:description\" content=\"Le Spumeggiante est un ajutage pour fontaines en inox et laiton. L&#039;effet produit est un jet mousseux et compact, obtenu gr\u00e2ce \u00e0 un m\u00e9lange air-eau \u00e9lev\u00e9.\" \/>\n<meta property=\"og:url\" content=\"https:\/\/www.cascade.it\/fr\/prodotto\/ajutage-spumeggiante\/\" \/>\n<meta property=\"og:site_name\" content=\"Cascade\" \/>\n<meta property=\"article:modified_time\" content=\"2022-07-01T10:50:08+00:00\" \/>\n<meta property=\"og:image\" content=\"https:\/\/www.cascade.it\/new\/wp-content\/uploads\/Prodotti\/Ugelli_per_fontane\/Ugelli_Classici\/SPUMEGGIANTE.jpg\" \/>\n\t<meta property=\"og:image:width\" content=\"1300\" \/>\n\t<meta property=\"og:image:height\" content=\"975\" \/>\n\t<meta property=\"og:image:type\" content=\"image\/jpeg\" \/>\n<meta name=\"twitter:card\" content=\"summary_large_image\" \/>\n<meta name=\"twitter:label1\" content=\"Dur\u00e9e de lecture estim\u00e9e\" \/>\n\t<meta name=\"twitter:data1\" content=\"2 minutes\" \/>\n<!-- \/ Yoast SEO plugin. -->","yoast_head_json":{"title":"Ajutage pour fontaines Spumeggiante - Cascade","description":"Le Spumeggiante est un ajutage pour fontaines en inox et laiton. L'effet produit est un jet mousseux et compact, obtenu gr\u00e2ce \u00e0 un m\u00e9lange air-eau \u00e9lev\u00e9.","robots":{"index":"index","follow":"follow","max-snippet":"max-snippet:-1","max-image-preview":"max-image-preview:large","max-video-preview":"max-video-preview:-1"},"canonical":"https:\/\/www.cascade.it\/fr\/prodotto\/ajutage-spumeggiante\/","og_locale":"fr_FR","og_type":"article","og_title":"Ajutage pour fontaines Spumeggiante - Cascade","og_description":"Le Spumeggiante est un ajutage pour fontaines en inox et laiton. L'effet produit est un jet mousseux et compact, obtenu gr\u00e2ce \u00e0 un m\u00e9lange air-eau \u00e9lev\u00e9.","og_url":"https:\/\/www.cascade.it\/fr\/prodotto\/ajutage-spumeggiante\/","og_site_name":"Cascade","article_modified_time":"2022-07-01T10:50:08+00:00","og_image":[{"width":1300,"height":975,"url":"https:\/\/www.cascade.it\/new\/wp-content\/uploads\/Prodotti\/Ugelli_per_fontane\/Ugelli_Classici\/SPUMEGGIANTE.jpg","type":"image\/jpeg"}],"twitter_card":"summary_large_image","twitter_misc":{"Dur\u00e9e de lecture estim\u00e9e":"2 minutes"},"schema":{"@context":"https:\/\/schema.org","@graph":[{"@type":"WebPage","@id":"https:\/\/www.cascade.it\/fr\/prodotto\/ajutage-spumeggiante\/","url":"https:\/\/www.cascade.it\/fr\/prodotto\/ajutage-spumeggiante\/","name":"Ajutage pour fontaines Spumeggiante - Cascade","isPartOf":{"@id":"https:\/\/www.cascade.it\/fr\/#website"},"primaryImageOfPage":{"@id":"https:\/\/www.cascade.it\/fr\/prodotto\/ajutage-spumeggiante\/#primaryimage"},"image":{"@id":"https:\/\/www.cascade.it\/fr\/prodotto\/ajutage-spumeggiante\/#primaryimage"},"thumbnailUrl":"https:\/\/www.cascade.it\/new\/wp-content\/uploads\/Prodotti\/Ugelli_per_fontane\/Ugelli_Classici\/SPUMEGGIANTE.jpg","datePublished":"2019-02-15T09:10:18+00:00","dateModified":"2022-07-01T10:50:08+00:00","description":"Le Spumeggiante est un ajutage pour fontaines en inox et laiton. L'effet produit est un jet mousseux et compact, obtenu gr\u00e2ce \u00e0 un m\u00e9lange air-eau \u00e9lev\u00e9.","breadcrumb":{"@id":"https:\/\/www.cascade.it\/fr\/prodotto\/ajutage-spumeggiante\/#breadcrumb"},"inLanguage":"fr-FR","potentialAction":[{"@type":"ReadAction","target":["https:\/\/www.cascade.it\/fr\/prodotto\/ajutage-spumeggiante\/"]}]},{"@type":"ImageObject","inLanguage":"fr-FR","@id":"https:\/\/www.cascade.it\/fr\/prodotto\/ajutage-spumeggiante\/#primaryimage","url":"https:\/\/www.cascade.it\/new\/wp-content\/uploads\/Prodotti\/Ugelli_per_fontane\/Ugelli_Classici\/SPUMEGGIANTE.jpg","contentUrl":"https:\/\/www.cascade.it\/new\/wp-content\/uploads\/Prodotti\/Ugelli_per_fontane\/Ugelli_Classici\/SPUMEGGIANTE.jpg","width":1300,"height":975},{"@type":"BreadcrumbList","@id":"https:\/\/www.cascade.it\/fr\/prodotto\/ajutage-spumeggiante\/#breadcrumb","itemListElement":[{"@type":"ListItem","position":1,"name":"Home","item":"https:\/\/www.cascade.it\/fr\/"},{"@type":"ListItem","position":2,"name":"Boutique","item":"https:\/\/www.cascade.it\/fr\/boutique\/"},{"@type":"ListItem","position":3,"name":"Spumeggiante"}]},{"@type":"WebSite","@id":"https:\/\/www.cascade.it\/fr\/#website","url":"https:\/\/www.cascade.it\/fr\/","name":"Cascade","description":"More than a fountain","potentialAction":[{"@type":"SearchAction","target":{"@type":"EntryPoint","urlTemplate":"https:\/\/www.cascade.it\/fr\/?s={search_term_string}"},"query-input":{"@type":"PropertyValueSpecification","valueRequired":true,"valueName":"search_term_string"}}],"inLanguage":"fr-FR"}]}},"_links":{"self":[{"href":"https:\/\/www.cascade.it\/fr\/wp-json\/wp\/v2\/product\/3390","targetHints":{"allow":["GET"]}}],"collection":[{"href":"https:\/\/www.cascade.it\/fr\/wp-json\/wp\/v2\/product"}],"about":[{"href":"https:\/\/www.cascade.it\/fr\/wp-json\/wp\/v2\/types\/product"}],"wp:featuredmedia":[{"embeddable":true,"href":"https:\/\/www.cascade.it\/fr\/wp-json\/wp\/v2\/media\/3391"}],"wp:attachment":[{"href":"https:\/\/www.cascade.it\/fr\/wp-json\/wp\/v2\/media?parent=3390"}],"wp:term":[{"taxonomy":"product_brand","embeddable":true,"href":"https:\/\/www.cascade.it\/fr\/wp-json\/wp\/v2\/product_brand?post=3390"},{"taxonomy":"product_cat","embeddable":true,"href":"https:\/\/www.cascade.it\/fr\/wp-json\/wp\/v2\/product_cat?post=3390"},{"taxonomy":"product_tag","embeddable":true,"href":"https:\/\/www.cascade.it\/fr\/wp-json\/wp\/v2\/product_tag?post=3390"}],"curies":[{"name":"wp","href":"https:\/\/api.w.org\/{rel}","templated":true}]}}