{"id":3386,"date":"2019-02-15T10:09:21","date_gmt":"2019-02-15T09:09:21","guid":{"rendered":"https:\/\/www.cascade.it\/new\/prodotto\/sfera-dacqua\/"},"modified":"2022-07-01T12:47:46","modified_gmt":"2022-07-01T10:47:46","slug":"ajutage-sfera-dacqua","status":"publish","type":"product","link":"https:\/\/www.cascade.it\/fr\/prodotto\/ajutage-sfera-dacqua\/","title":{"rendered":"Sfera d&rsquo;acqua"},"content":{"rendered":"<p>&nbsp;<\/p>\n<div class=\"carousel-slider-outer carousel-slider-outer-image-carousel carousel-slider-outer-1537\" style=\"--carousel-slider-nav-color:#f1f1f1;--carousel-slider-active-nav-color:#00d1b2;--carousel-slider-arrow-size:48px;--carousel-slider-bullet-size:10px\">\n<div id=\"&#039;id-1537\" class=\"carousel-slider carousel-slider-1537 arrows-visibility-hover dots-visibility-never arrows-outside dots-center dots-square owl-carousel\" data-slide-type=\"image-carousel\" data-owl-settings='{\"nav\":true,\"dots\":false,\"slideBy\":1,\"stagePadding\":0,\"margin\":10,\"loop\":true,\"lazyLoad\":true,\"autoplay\":true,\"autoplayTimeout\":5000,\"autoplaySpeed\":500,\"autoplayHoverPause\":true,\"autoWidth\":false,\"responsive\":{\"300\":{\"items\":1},\"576\":{\"items\":2},\"768\":{\"items\":2},\"1024\":{\"items\":3},\"1280\":{\"items\":3},\"1536\":{\"items\":3}}}'>\n<div class=\"carousel-slider__item\">\n\t<img class=\"owl-lazy\" data-src=\"https:\/\/www.cascade.it\/new\/wp-content\/uploads\/2019\/07\/Sfera-dacqua.jpg\" alt=\"\"><\/a><\/div>\n\n<div class=\"carousel-slider__item\">\n\t<img class=\"owl-lazy\" data-src=\"https:\/\/www.cascade.it\/new\/wp-content\/uploads\/2019\/07\/4-Sfera-200.jpg\" alt=\"\"><\/a><\/div>\n\n<div class=\"carousel-slider__item\">\n\t<img class=\"owl-lazy\" data-src=\"https:\/\/www.cascade.it\/new\/wp-content\/uploads\/2019\/07\/3-Sfera-200.jpg\" alt=\"\"><\/a><\/div>\n\n<div class=\"carousel-slider__item\">\n\t<img class=\"owl-lazy\" data-src=\"https:\/\/www.cascade.it\/new\/wp-content\/uploads\/2019\/07\/2-Sfera-200.jpg\" alt=\"\"><\/a><\/div>\n\n<div class=\"carousel-slider__item\">\n\t<img class=\"owl-lazy\" data-src=\"https:\/\/www.cascade.it\/new\/wp-content\/uploads\/2019\/07\/1-Sfera-200.jpg\" alt=\"\"><\/a><\/div>\n\n<div class=\"carousel-slider__item\">\n\t<img class=\"owl-lazy\" data-src=\"https:\/\/www.cascade.it\/new\/wp-content\/uploads\/2019\/07\/6-Sfera-300.jpg\" alt=\"\"><\/a><\/div>\n\n<div class=\"carousel-slider__item\">\n\t<img class=\"owl-lazy\" data-src=\"https:\/\/www.cascade.it\/new\/wp-content\/uploads\/2019\/07\/5-Sfera-90.jpg\" alt=\"\"><\/a><\/div>\n\n<\/div><!-- .carousel-slider-1537 -->\n<\/div><!-- .carousel-slider-outer-1537 -->\n\n<h1><span style=\"color: #1e73be;\">Ajutage Sfera d\u2019acqua pour fontaines<\/span><\/h1>\n<p id=\"tw-target-text\" class=\"tw-data-text tw-text-large XcVN5d tw-ta\" dir=\"ltr\" data-placeholder=\"Traduzione\"><span lang=\"fr\"><strong>L&rsquo;ajutage pour fontaines Sfera,<\/strong> en <strong>acier inoxydable<\/strong> et en <strong>laiton,<\/strong> est compos\u00e9 d&rsquo;un noyau central \u00e0 partir duquel partent des bras de num\u00e9ros et de longueurs diff\u00e9rentes, selon le mod\u00e8le. De plus, il est soutenu par un poteau de support en acier inoxydable. <\/span><\/p>\n<p class=\"tw-data-text tw-text-large XcVN5d tw-ta\" dir=\"ltr\" data-placeholder=\"Traduzione\"><span lang=\"fr\">Chaque bras est un ajutage qui presse l&rsquo;eau pour former un <strong>disque transparent.<\/strong> <\/span><span lang=\"fr\">L&rsquo;union de disques d&rsquo;eau transparents forme la surface de l&rsquo;h\u00e9misph\u00e8re. <\/span><\/p>\n<p class=\"tw-data-text tw-text-large XcVN5d tw-ta\" dir=\"ltr\" data-placeholder=\"Traduzione\"><span lang=\"fr\">L&rsquo;effet est une\u00a0<strong>sph\u00e8re transparente d&rsquo;eau. <\/strong><\/span><\/p>\n<p class=\"tw-data-text tw-text-large XcVN5d tw-ta\" dir=\"ltr\" data-placeholder=\"Traduzione\"><span lang=\"fr\">Sur demande, <strong>ancrage<\/strong> en <strong>acier inoxydable<\/strong> disponible, encastr\u00e9, pour fixer l&rsquo;ajutage au sol.<\/span><\/p>\n<p>&nbsp;<\/p>\n<h3>Conseils d&rsquo;utilisation et applications<\/h3>\n<p id=\"tw-target-text\" class=\"tw-data-text tw-text-large XcVN5d tw-ta\" dir=\"ltr\" data-placeholder=\"Traduzione\"><span lang=\"fr\">Le <strong>Sfera<\/strong> est un ajutage pour fontaines <strong>complexe,<\/strong> avec lequel est cr\u00e9\u00e9 un effet <strong>hautement suggestif,<\/strong> particuli\u00e8rement mis en \u00e9vidence par le jeu des lumi\u00e8res la nuit. <\/span><\/p>\n<p class=\"tw-data-text tw-text-large XcVN5d tw-ta\" dir=\"ltr\" data-placeholder=\"Traduzione\"><span lang=\"fr\">Contrairement aux autres solutions du march\u00e9, le Sfera Cascade a des bras \u00e0 <strong>passage d&rsquo;eau total,<\/strong> avec une <strong>possibilit\u00e9<\/strong> de <strong>colmatagetr\u00e8sfaible<\/strong>. <\/span><\/p>\n<p class=\"tw-data-text tw-text-large XcVN5d tw-ta\" dir=\"ltr\" data-placeholder=\"Traduzione\"><span lang=\"fr\">Facile \u00e0 entretenir gr\u00e2ce aux <strong>bras amovibles.<\/strong><\/span><\/p>\n<p><strong>\u00c9clairage immerg\u00e9<\/strong>: pour enrichir l&rsquo;effet d\u2019eau avec des jeux de lumi\u00e8re monochromatique ou RGBW, nous recommandons l&rsquo;utilisation des <a href=\"https:\/\/www.cascade.it\/fr\/produits\/eclairage-immerge-led\/projecteurs-led-mizar\/\"><span style=\"text-decoration: underline;\"><strong>projecteurs LED immerg\u00e9s pour fontaines de la s\u00e9rie Mizar<\/strong><\/span><\/a>, des produits professionnels sp\u00e9cifiques pour une utilisation dans les fontaines, avec un design \u00e9l\u00e9gant, une technologie \u00e0 la pointe et extraordinaire effets de lumi\u00e8re.<\/p>\n<p>&nbsp;<\/p>\n<h3>Donn\u00e9es techniques<\/h3>\n<div style=\"overflow-x: auto;\">\n<table width=\"0\">\n<tbody>\n<tr>\n<td width=\"111\"><strong>\u00a0<\/strong><\/td>\n<td class=\"thHorz\" width=\"116\">Sfera 90<\/td>\n<td class=\"thHorz\" width=\"122\">Sfera 120<\/td>\n<td class=\"thHorz\" width=\"134\">Sfera 150<\/td>\n<td class=\"thHorz\" width=\"134\">Sfera 200<\/td>\n<td class=\"thHorz\" width=\"134\">Sfera 300<\/td>\n<td class=\"thHorz\" width=\"134\">Ancrage<\/td>\n<\/tr>\n<tr>\n<td class=\"thVert\" width=\"111\">Code<\/td>\n<td width=\"116\">SA90<\/td>\n<td width=\"122\">SA120<\/td>\n<td width=\"134\">SA150<\/td>\n<td width=\"134\">SA200<\/td>\n<td width=\"134\">SA300<\/td>\n<td width=\"134\">ANS<\/td>\n<\/tr>\n<tr>\n<td class=\"thVert\" width=\"111\">\u00f8 sph\u00e8re<\/td>\n<td width=\"116\">90 cm<\/td>\n<td width=\"122\">120 cm<\/td>\n<td width=\"134\">150 cm<\/td>\n<td width=\"134\">200 cm<\/td>\n<td width=\"134\">300 cm<\/td>\n<td width=\"134\">&#8211;<\/td>\n<\/tr>\n<tr>\n<td class=\"thVert\" width=\"111\">N\u00b0 ajutages<\/td>\n<td width=\"116\">53<\/td>\n<td width=\"122\">58<\/td>\n<td width=\"134\">81<\/td>\n<td width=\"134\">100<\/td>\n<td width=\"134\">180<\/td>\n<td width=\"134\">&#8211;<\/td>\n<\/tr>\n<tr>\n<td class=\"thVert\" width=\"111\">Connexion<\/td>\n<td width=\"116\">2 1\/2\u201d M<\/td>\n<td width=\"122\">2 1\/2\u201d M<\/td>\n<td width=\"134\">3\u201d M<\/td>\n<td width=\"134\">3\u201d M<\/td>\n<td width=\"134\">4\u201d M<\/td>\n<td width=\"134\">&#8211;<\/td>\n<\/tr>\n<tr>\n<td class=\"thVert\" width=\"111\">Mat\u00e9riel<\/td>\n<td width=\"116\">Acier inox et laiton<\/td>\n<td width=\"122\">Acier inox et laiton<\/td>\n<td width=\"134\">Acier inox et laiton<\/td>\n<td width=\"134\">Acier inox et laiton<\/td>\n<td width=\"134\">Acier inox et laiton<\/td>\n<td width=\"134\">Acier inox<\/td>\n<\/tr>\n<tr>\n<td class=\"thVert\" width=\"111\">Poids<\/td>\n<td width=\"116\">32,5 Kg<\/td>\n<td width=\"122\">44,1 Kg<\/td>\n<td width=\"134\">60,9 Kg<\/td>\n<td width=\"134\">92,2 Kg<\/td>\n<td width=\"134\">211,6 Kg<\/td>\n<td width=\"134\">&#8211;<\/td>\n<\/tr>\n<\/tbody>\n<\/table>\n<div>\n<div style=\"float: left; padding: 5px; text-align: center; width: 150px;\"><\/div>\n<\/div>\n<\/div>\n<p>&nbsp;<\/p>\n<h3>Downloads<\/h3>\n<div class=\"divide-line text-left\"><\/div>\n<div>\n<div style=\"float: left; padding: 5px; text-align: center; width: 150px;\"><a href=\"https:\/\/www.cascade.it\/new\/wp-content\/uploads\/2022\/07\/CASCADE-Sfera-dacqua-FR.pdf\" target=\"_blank\" rel=\"noopener\"><img loading=\"lazy\" decoding=\"async\" class=\"alignnone wp-image-783\" src=\"https:\/\/www.cascade.it\/new\/wp-content\/uploads\/2019\/02\/pdf-icon-png-7.jpg\" alt=\"\" width=\"91\" height=\"91\" srcset=\"https:\/\/www.cascade.it\/new\/wp-content\/uploads\/2019\/02\/pdf-icon-png-7.jpg 254w, https:\/\/www.cascade.it\/new\/wp-content\/uploads\/2019\/02\/pdf-icon-png-7-150x150.jpg 150w, https:\/\/www.cascade.it\/new\/wp-content\/uploads\/2019\/02\/pdf-icon-png-7-100x100.jpg 100w\" sizes=\"auto, (max-width: 91px) 100vw, 91px\" \/><\/a><br \/>\nFiche technique<\/div>\n<div style=\"clear: both;\"><\/div>\n<\/div>\n","protected":false},"excerpt":{"rendered":"<p>&nbsp; Ajutage Sfera d\u2019acqua pour fontaines L&rsquo;ajutage pour fontaines Sfera, en acier inoxydable et en laiton, est compos\u00e9 d&rsquo;un noyau central \u00e0 partir duquel partent des bras de num\u00e9ros et de longueurs diff\u00e9rentes, selon le mod\u00e8le. De plus, il est soutenu par un poteau de support en acier inoxydable. Chaque bras est un ajutage qui [&hellip;]<\/p>\n","protected":false},"featured_media":3387,"template":"","meta":[],"product_brand":[],"product_cat":[319],"product_tag":[],"class_list":{"0":"post-3386","1":"product","2":"type-product","3":"status-publish","4":"has-post-thumbnail","6":"product_cat-ajutages-classiques","8":"first","9":"instock","10":"shipping-taxable","11":"product-type-simple"},"yoast_head":"<!-- This site is optimized with the Yoast SEO plugin v26.7 - https:\/\/yoast.com\/wordpress\/plugins\/seo\/ -->\n<title>Ajutage pour fontaines Sfera d&#039;acqua - Cascade<\/title>\n<meta name=\"description\" content=\"L&#039;ajutage pour fontaines Sfera, en inox et laiton, est compos\u00e9 d&#039;un noyau central et de bras qui forment une sph\u00e8re d&#039;eau.\" \/>\n<meta name=\"robots\" content=\"index, follow, max-snippet:-1, max-image-preview:large, max-video-preview:-1\" \/>\n<link rel=\"canonical\" href=\"https:\/\/www.cascade.it\/fr\/prodotto\/ajutage-sfera-dacqua\/\" \/>\n<meta property=\"og:locale\" content=\"fr_FR\" \/>\n<meta property=\"og:type\" content=\"article\" \/>\n<meta property=\"og:title\" content=\"Ajutage pour fontaines Sfera d&#039;acqua - Cascade\" \/>\n<meta property=\"og:description\" content=\"L&#039;ajutage pour fontaines Sfera, en inox et laiton, est compos\u00e9 d&#039;un noyau central et de bras qui forment une sph\u00e8re d&#039;eau.\" \/>\n<meta property=\"og:url\" content=\"https:\/\/www.cascade.it\/fr\/prodotto\/ajutage-sfera-dacqua\/\" \/>\n<meta property=\"og:site_name\" content=\"Cascade\" \/>\n<meta property=\"article:modified_time\" content=\"2022-07-01T10:47:46+00:00\" \/>\n<meta property=\"og:image\" content=\"https:\/\/www.cascade.it\/new\/wp-content\/uploads\/Prodotti\/Ugelli_per_fontane\/Ugelli_Classici\/SFERA-DACQUA.jpg\" \/>\n\t<meta property=\"og:image:width\" content=\"1300\" \/>\n\t<meta property=\"og:image:height\" content=\"975\" \/>\n\t<meta property=\"og:image:type\" content=\"image\/jpeg\" \/>\n<meta name=\"twitter:card\" content=\"summary_large_image\" \/>\n<meta name=\"twitter:label1\" content=\"Dur\u00e9e de lecture estim\u00e9e\" \/>\n\t<meta name=\"twitter:data1\" content=\"1 minute\" \/>\n<!-- \/ Yoast SEO plugin. -->","yoast_head_json":{"title":"Ajutage pour fontaines Sfera d'acqua - Cascade","description":"L'ajutage pour fontaines Sfera, en inox et laiton, est compos\u00e9 d'un noyau central et de bras qui forment une sph\u00e8re d'eau.","robots":{"index":"index","follow":"follow","max-snippet":"max-snippet:-1","max-image-preview":"max-image-preview:large","max-video-preview":"max-video-preview:-1"},"canonical":"https:\/\/www.cascade.it\/fr\/prodotto\/ajutage-sfera-dacqua\/","og_locale":"fr_FR","og_type":"article","og_title":"Ajutage pour fontaines Sfera d'acqua - Cascade","og_description":"L'ajutage pour fontaines Sfera, en inox et laiton, est compos\u00e9 d'un noyau central et de bras qui forment une sph\u00e8re d'eau.","og_url":"https:\/\/www.cascade.it\/fr\/prodotto\/ajutage-sfera-dacqua\/","og_site_name":"Cascade","article_modified_time":"2022-07-01T10:47:46+00:00","og_image":[{"width":1300,"height":975,"url":"https:\/\/www.cascade.it\/new\/wp-content\/uploads\/Prodotti\/Ugelli_per_fontane\/Ugelli_Classici\/SFERA-DACQUA.jpg","type":"image\/jpeg"}],"twitter_card":"summary_large_image","twitter_misc":{"Dur\u00e9e de lecture estim\u00e9e":"1 minute"},"schema":{"@context":"https:\/\/schema.org","@graph":[{"@type":"WebPage","@id":"https:\/\/www.cascade.it\/fr\/prodotto\/ajutage-sfera-dacqua\/","url":"https:\/\/www.cascade.it\/fr\/prodotto\/ajutage-sfera-dacqua\/","name":"Ajutage pour fontaines Sfera d'acqua - Cascade","isPartOf":{"@id":"https:\/\/www.cascade.it\/fr\/#website"},"primaryImageOfPage":{"@id":"https:\/\/www.cascade.it\/fr\/prodotto\/ajutage-sfera-dacqua\/#primaryimage"},"image":{"@id":"https:\/\/www.cascade.it\/fr\/prodotto\/ajutage-sfera-dacqua\/#primaryimage"},"thumbnailUrl":"https:\/\/www.cascade.it\/new\/wp-content\/uploads\/Prodotti\/Ugelli_per_fontane\/Ugelli_Classici\/SFERA-DACQUA.jpg","datePublished":"2019-02-15T09:09:21+00:00","dateModified":"2022-07-01T10:47:46+00:00","description":"L'ajutage pour fontaines Sfera, en inox et laiton, est compos\u00e9 d'un noyau central et de bras qui forment une sph\u00e8re d'eau.","breadcrumb":{"@id":"https:\/\/www.cascade.it\/fr\/prodotto\/ajutage-sfera-dacqua\/#breadcrumb"},"inLanguage":"fr-FR","potentialAction":[{"@type":"ReadAction","target":["https:\/\/www.cascade.it\/fr\/prodotto\/ajutage-sfera-dacqua\/"]}]},{"@type":"ImageObject","inLanguage":"fr-FR","@id":"https:\/\/www.cascade.it\/fr\/prodotto\/ajutage-sfera-dacqua\/#primaryimage","url":"https:\/\/www.cascade.it\/new\/wp-content\/uploads\/Prodotti\/Ugelli_per_fontane\/Ugelli_Classici\/SFERA-DACQUA.jpg","contentUrl":"https:\/\/www.cascade.it\/new\/wp-content\/uploads\/Prodotti\/Ugelli_per_fontane\/Ugelli_Classici\/SFERA-DACQUA.jpg","width":1300,"height":975},{"@type":"BreadcrumbList","@id":"https:\/\/www.cascade.it\/fr\/prodotto\/ajutage-sfera-dacqua\/#breadcrumb","itemListElement":[{"@type":"ListItem","position":1,"name":"Home","item":"https:\/\/www.cascade.it\/fr\/"},{"@type":"ListItem","position":2,"name":"Boutique","item":"https:\/\/www.cascade.it\/fr\/boutique\/"},{"@type":"ListItem","position":3,"name":"Sfera d&rsquo;acqua"}]},{"@type":"WebSite","@id":"https:\/\/www.cascade.it\/fr\/#website","url":"https:\/\/www.cascade.it\/fr\/","name":"Cascade","description":"More than a fountain","potentialAction":[{"@type":"SearchAction","target":{"@type":"EntryPoint","urlTemplate":"https:\/\/www.cascade.it\/fr\/?s={search_term_string}"},"query-input":{"@type":"PropertyValueSpecification","valueRequired":true,"valueName":"search_term_string"}}],"inLanguage":"fr-FR"}]}},"_links":{"self":[{"href":"https:\/\/www.cascade.it\/fr\/wp-json\/wp\/v2\/product\/3386","targetHints":{"allow":["GET"]}}],"collection":[{"href":"https:\/\/www.cascade.it\/fr\/wp-json\/wp\/v2\/product"}],"about":[{"href":"https:\/\/www.cascade.it\/fr\/wp-json\/wp\/v2\/types\/product"}],"wp:featuredmedia":[{"embeddable":true,"href":"https:\/\/www.cascade.it\/fr\/wp-json\/wp\/v2\/media\/3387"}],"wp:attachment":[{"href":"https:\/\/www.cascade.it\/fr\/wp-json\/wp\/v2\/media?parent=3386"}],"wp:term":[{"taxonomy":"product_brand","embeddable":true,"href":"https:\/\/www.cascade.it\/fr\/wp-json\/wp\/v2\/product_brand?post=3386"},{"taxonomy":"product_cat","embeddable":true,"href":"https:\/\/www.cascade.it\/fr\/wp-json\/wp\/v2\/product_cat?post=3386"},{"taxonomy":"product_tag","embeddable":true,"href":"https:\/\/www.cascade.it\/fr\/wp-json\/wp\/v2\/product_tag?post=3386"}],"curies":[{"name":"wp","href":"https:\/\/api.w.org\/{rel}","templated":true}]}}