{"id":3378,"date":"2019-02-15T10:07:28","date_gmt":"2019-02-15T09:07:28","guid":{"rendered":"https:\/\/www.cascade.it\/new\/prodotto\/polverizzatore\/"},"modified":"2022-07-01T12:44:58","modified_gmt":"2022-07-01T10:44:58","slug":"ajutage-polverizzatore","status":"publish","type":"product","link":"https:\/\/www.cascade.it\/fr\/prodotto\/ajutage-polverizzatore\/","title":{"rendered":"Polverizzatore"},"content":{"rendered":"<p>&nbsp;<\/p>\n<div class=\"carousel-slider-outer carousel-slider-outer-image-carousel carousel-slider-outer-1521\" style=\"--carousel-slider-nav-color:#f1f1f1;--carousel-slider-active-nav-color:#00d1b2;--carousel-slider-arrow-size:48px;--carousel-slider-bullet-size:10px\">\n<div id=\"&#039;id-1521\" class=\"carousel-slider carousel-slider-1521 arrows-visibility-hover dots-visibility-never arrows-outside dots-center dots-square owl-carousel\" data-slide-type=\"image-carousel\" data-owl-settings='{\"nav\":true,\"dots\":false,\"slideBy\":1,\"stagePadding\":0,\"margin\":10,\"loop\":true,\"lazyLoad\":true,\"autoplay\":true,\"autoplayTimeout\":5000,\"autoplaySpeed\":500,\"autoplayHoverPause\":true,\"autoWidth\":false,\"responsive\":{\"300\":{\"items\":1},\"576\":{\"items\":2},\"768\":{\"items\":2},\"1024\":{\"items\":3},\"1280\":{\"items\":3},\"1536\":{\"items\":3}}}'>\n<div class=\"carousel-slider__item\">\n\t<img class=\"owl-lazy\" data-src=\"https:\/\/www.cascade.it\/new\/wp-content\/uploads\/2019\/07\/Polverizzatori.jpg\" alt=\"\"><\/a><\/div>\n\n<div class=\"carousel-slider__item\">\n\t<img class=\"owl-lazy\" data-src=\"https:\/\/www.cascade.it\/new\/wp-content\/uploads\/2019\/12\/1-Ugello-per-fontane-Polverizzatore-75.jpg\" alt=\"\"><\/a><\/div>\n\n<div class=\"carousel-slider__item\">\n\t<img class=\"owl-lazy\" data-src=\"https:\/\/www.cascade.it\/new\/wp-content\/uploads\/2019\/12\/2-Ugello-per-fontane-Polverizzatore-75.jpg\" alt=\"\"><\/a><\/div>\n\n<div class=\"carousel-slider__item\">\n\t<img class=\"owl-lazy\" data-src=\"https:\/\/www.cascade.it\/new\/wp-content\/uploads\/2019\/12\/3-Ugello-per-fontane-Polverizzatore-75.jpg\" alt=\"\"><\/a><\/div>\n\n<div class=\"carousel-slider__item\">\n\t<img class=\"owl-lazy\" data-src=\"https:\/\/www.cascade.it\/new\/wp-content\/uploads\/2019\/12\/4-Ugello-per-fontane-Polverizzatore-75.jpg\" alt=\"\"><\/a><\/div>\n\n<\/div><!-- .carousel-slider-1521 -->\n<\/div><!-- .carousel-slider-outer-1521 -->\n\n<h1><span style=\"color: #1e73be;\">Ajutage Polverizzatore pour fontaines<\/span><\/h1>\n<p id=\"tw-target-text\" class=\"tw-data-text tw-text-large XcVN5d tw-ta\" dir=\"ltr\" data-placeholder=\"Traduzione\"><span lang=\"fr\"><strong>Ajutage pour fontaines Polverizzatore \u00e0 effet de brouillard<\/strong>, en <strong>laiton, ind\u00e9pendant<\/strong> du niveau de l&rsquo;eau. <\/span><\/p>\n<p class=\"tw-data-text tw-text-large XcVN5d tw-ta\" dir=\"ltr\" data-placeholder=\"Traduzione\"><span lang=\"fr\">Il vous permet de <strong>pulv\u00e9riser l&rsquo;eau<\/strong> avec seulement la pression hydraulique, en obtenant un <strong>nuage d&rsquo;eau.<\/strong><\/span><\/p>\n<p>&nbsp;<\/p>\n<h3>Conseils d&rsquo;utilisation et applications<\/h3>\n<p id=\"tw-target-text\" class=\"tw-data-text tw-text-large XcVN5d tw-ta\" dir=\"ltr\" data-placeholder=\"Traduzione\"><span lang=\"fr\">Le Polverizzatore vous permet de pulv\u00e9riser l&rsquo;eau \u00e0 des <strong>pressions<\/strong> relativement <strong>basses<\/strong> tout en gardant les <strong>gouttes intactes,<\/strong> contrairement \u00e0 <strong><a href=\"https:\/\/www.cascade.it\/fr\/prodotto\/ajutage-atomizzatore\/\"><span style=\"text-decoration: underline;\">l&rsquo;Atomizzatore<\/span><\/a>. <\/strong><\/span><\/p>\n<p class=\"tw-data-text tw-text-large XcVN5d tw-ta\" dir=\"ltr\" data-placeholder=\"Traduzione\"><span lang=\"fr\">L&rsquo;effet de l&rsquo;eau est <strong>particuli\u00e8rement suggestif<\/strong> si les ajutages sont mont\u00e9s en groupes avec des <strong>entraxes assez petits<\/strong> (voir la section <a href=\"https:\/\/www.cascade.it\/fr\/produits\/anneaux-et-collecteurs-inox-pour-fontaines\/\"><span style=\"text-decoration: underline;\"><strong>ANNEAUX ET COLLECTEURS INOX POUR FONTAINES<\/strong><\/span><\/a>).<\/span><\/p>\n<p><strong>\u00c9clairage immerg\u00e9<\/strong>: pour enrichir l&rsquo;effet d\u2019eau avec des jeux de lumi\u00e8re monochromatique ou RGBW, nous recommandons l&rsquo;utilisation des <a href=\"https:\/\/www.cascade.it\/fr\/produits\/eclairage-immerge-led\/projecteurs-led-mizar\/\"><span style=\"text-decoration: underline;\"><strong>projecteurs LED immerg\u00e9s pour fontaines de la s\u00e9rie Mizar<\/strong><\/span><\/a>, des produits professionnels sp\u00e9cifiques pour une utilisation dans les fontaines, avec un design \u00e9l\u00e9gant, une technologie \u00e0 la pointe et extraordinaire effets de lumi\u00e8re.<\/p>\n<p>&nbsp;<\/p>\n<h3>Donn\u00e9es techniques<\/h3>\n<div style=\"overflow-x: auto;\">\n<table width=\"0\">\n<tbody>\n<tr>\n<td width=\"145\"><strong>\u00a0<\/strong><\/td>\n<td class=\"thHorz\" width=\"153\">Polverizzatore 38<\/td>\n<td class=\"thHorz\" width=\"202\">Polverizzatore 50<\/td>\n<td class=\"thHorz\" width=\"192\">Polverizzatore 75<\/td>\n<td class=\"thHorz\" width=\"192\">Polverizzatore 100<\/td>\n<\/tr>\n<tr>\n<td class=\"thVert\" width=\"145\">Code<\/td>\n<td width=\"153\">PO38<\/td>\n<td width=\"202\">PO50<\/td>\n<td width=\"192\">PO75<\/td>\n<td width=\"192\">PO100<\/td>\n<\/tr>\n<tr>\n<td class=\"thVert\" width=\"145\">\u00f8 jet<\/td>\n<td width=\"153\">3,5 mm<\/td>\n<td width=\"202\">5 mm<\/td>\n<td width=\"192\">6,5 mm<\/td>\n<td width=\"192\">8 mm<\/td>\n<\/tr>\n<tr>\n<td class=\"thVert\" width=\"145\">Angle d&rsquo;ouverture \u00e0 50 mce<\/td>\n<td width=\"153\">60\u00b0<\/td>\n<td width=\"202\">60\u00b0<\/td>\n<td width=\"192\">65\u00b0<\/td>\n<td width=\"192\">45\u00b0<\/td>\n<\/tr>\n<tr>\n<td class=\"thVert\" width=\"145\">Connexion<\/td>\n<td width=\"153\">3\/8\u201d M<\/td>\n<td width=\"202\">1\/2\u201d M<\/td>\n<td width=\"192\">3\/4\u201d M<\/td>\n<td width=\"192\">1\u201d M<\/td>\n<\/tr>\n<tr>\n<td class=\"thVert\" width=\"145\">Mat\u00e9riel<\/td>\n<td width=\"153\">Laiton<\/td>\n<td width=\"202\">\u00a0Laiton<\/td>\n<td width=\"192\">\u00a0Laiton<\/td>\n<td width=\"192\">\u00a0Laiton<\/td>\n<\/tr>\n<tr>\n<td class=\"thVert\" width=\"145\">Poids<\/td>\n<td width=\"153\">30 g<\/td>\n<td width=\"202\">44 g<\/td>\n<td width=\"192\">108 g<\/td>\n<td width=\"192\">212 g<\/td>\n<\/tr>\n<\/tbody>\n<\/table>\n<h3><\/h3>\n<\/div>\n<p>&nbsp;<\/p>\n<h3>Downloads<\/h3>\n<div class=\"divide-line text-left\"><\/div>\n<div>\n<div style=\"float: left; padding: 5px; text-align: center; width: 150px;\"><a href=\"https:\/\/www.cascade.it\/new\/wp-content\/uploads\/2022\/07\/CASCADE-Polverizzatore-FR.pdf\" target=\"_blank\" rel=\"noopener\"><img loading=\"lazy\" decoding=\"async\" class=\"alignnone wp-image-783\" src=\"https:\/\/www.cascade.it\/new\/wp-content\/uploads\/2019\/02\/pdf-icon-png-7.jpg\" alt=\"\" width=\"91\" height=\"91\" srcset=\"https:\/\/www.cascade.it\/new\/wp-content\/uploads\/2019\/02\/pdf-icon-png-7.jpg 254w, https:\/\/www.cascade.it\/new\/wp-content\/uploads\/2019\/02\/pdf-icon-png-7-150x150.jpg 150w, https:\/\/www.cascade.it\/new\/wp-content\/uploads\/2019\/02\/pdf-icon-png-7-100x100.jpg 100w\" sizes=\"auto, (max-width: 91px) 100vw, 91px\" \/><\/a><br \/>\nFiche technique<\/div>\n<div style=\"clear: both;\"><\/div>\n<\/div>\n","protected":false},"excerpt":{"rendered":"<p>&nbsp; Ajutage Polverizzatore pour fontaines Ajutage pour fontaines Polverizzatore \u00e0 effet de brouillard, en laiton, ind\u00e9pendant du niveau de l&rsquo;eau. Il vous permet de pulv\u00e9riser l&rsquo;eau avec seulement la pression hydraulique, en obtenant un nuage d&rsquo;eau. &nbsp; Conseils d&rsquo;utilisation et applications Le Polverizzatore vous permet de pulv\u00e9riser l&rsquo;eau \u00e0 des pressions relativement basses tout en [&hellip;]<\/p>\n","protected":false},"featured_media":3379,"template":"","meta":[],"product_brand":[],"product_cat":[319],"product_tag":[],"class_list":{"0":"post-3378","1":"product","2":"type-product","3":"status-publish","4":"has-post-thumbnail","6":"product_cat-ajutages-classiques","8":"first","9":"instock","10":"shipping-taxable","11":"product-type-simple"},"yoast_head":"<!-- This site is optimized with the Yoast SEO plugin v26.7 - https:\/\/yoast.com\/wordpress\/plugins\/seo\/ -->\n<title>Ajutage pour fontaines Polverizzatore - Cascade<\/title>\n<meta name=\"description\" content=\"Ajutage pour fontaines Polverizzatore \u00e0 effet de brouillard, en laiton, ind\u00e9pendant du niveau de l&#039;eau, qui permet de pulv\u00e9riser l&#039;eau.\" \/>\n<meta name=\"robots\" content=\"index, follow, max-snippet:-1, max-image-preview:large, max-video-preview:-1\" \/>\n<link rel=\"canonical\" href=\"https:\/\/www.cascade.it\/fr\/prodotto\/ajutage-polverizzatore\/\" \/>\n<meta property=\"og:locale\" content=\"fr_FR\" \/>\n<meta property=\"og:type\" content=\"article\" \/>\n<meta property=\"og:title\" content=\"Ajutage pour fontaines Polverizzatore - Cascade\" \/>\n<meta property=\"og:description\" content=\"Ajutage pour fontaines Polverizzatore \u00e0 effet de brouillard, en laiton, ind\u00e9pendant du niveau de l&#039;eau, qui permet de pulv\u00e9riser l&#039;eau.\" \/>\n<meta property=\"og:url\" content=\"https:\/\/www.cascade.it\/fr\/prodotto\/ajutage-polverizzatore\/\" \/>\n<meta property=\"og:site_name\" content=\"Cascade\" \/>\n<meta property=\"article:modified_time\" content=\"2022-07-01T10:44:58+00:00\" \/>\n<meta property=\"og:image\" content=\"https:\/\/www.cascade.it\/new\/wp-content\/uploads\/Prodotti\/Ugelli_per_fontane\/Ugelli_Classici\/POLVERIZZATORE.jpg\" \/>\n\t<meta property=\"og:image:width\" content=\"1300\" \/>\n\t<meta property=\"og:image:height\" content=\"975\" \/>\n\t<meta property=\"og:image:type\" content=\"image\/jpeg\" \/>\n<meta name=\"twitter:card\" content=\"summary_large_image\" \/>\n<meta name=\"twitter:label1\" content=\"Dur\u00e9e de lecture estim\u00e9e\" \/>\n\t<meta name=\"twitter:data1\" content=\"1 minute\" \/>\n<!-- \/ Yoast SEO plugin. -->","yoast_head_json":{"title":"Ajutage pour fontaines Polverizzatore - Cascade","description":"Ajutage pour fontaines Polverizzatore \u00e0 effet de brouillard, en laiton, ind\u00e9pendant du niveau de l'eau, qui permet de pulv\u00e9riser l'eau.","robots":{"index":"index","follow":"follow","max-snippet":"max-snippet:-1","max-image-preview":"max-image-preview:large","max-video-preview":"max-video-preview:-1"},"canonical":"https:\/\/www.cascade.it\/fr\/prodotto\/ajutage-polverizzatore\/","og_locale":"fr_FR","og_type":"article","og_title":"Ajutage pour fontaines Polverizzatore - Cascade","og_description":"Ajutage pour fontaines Polverizzatore \u00e0 effet de brouillard, en laiton, ind\u00e9pendant du niveau de l'eau, qui permet de pulv\u00e9riser l'eau.","og_url":"https:\/\/www.cascade.it\/fr\/prodotto\/ajutage-polverizzatore\/","og_site_name":"Cascade","article_modified_time":"2022-07-01T10:44:58+00:00","og_image":[{"width":1300,"height":975,"url":"https:\/\/www.cascade.it\/new\/wp-content\/uploads\/Prodotti\/Ugelli_per_fontane\/Ugelli_Classici\/POLVERIZZATORE.jpg","type":"image\/jpeg"}],"twitter_card":"summary_large_image","twitter_misc":{"Dur\u00e9e de lecture estim\u00e9e":"1 minute"},"schema":{"@context":"https:\/\/schema.org","@graph":[{"@type":"WebPage","@id":"https:\/\/www.cascade.it\/fr\/prodotto\/ajutage-polverizzatore\/","url":"https:\/\/www.cascade.it\/fr\/prodotto\/ajutage-polverizzatore\/","name":"Ajutage pour fontaines Polverizzatore - Cascade","isPartOf":{"@id":"https:\/\/www.cascade.it\/fr\/#website"},"primaryImageOfPage":{"@id":"https:\/\/www.cascade.it\/fr\/prodotto\/ajutage-polverizzatore\/#primaryimage"},"image":{"@id":"https:\/\/www.cascade.it\/fr\/prodotto\/ajutage-polverizzatore\/#primaryimage"},"thumbnailUrl":"https:\/\/www.cascade.it\/new\/wp-content\/uploads\/Prodotti\/Ugelli_per_fontane\/Ugelli_Classici\/POLVERIZZATORE.jpg","datePublished":"2019-02-15T09:07:28+00:00","dateModified":"2022-07-01T10:44:58+00:00","description":"Ajutage pour fontaines Polverizzatore \u00e0 effet de brouillard, en laiton, ind\u00e9pendant du niveau de l'eau, qui permet de pulv\u00e9riser l'eau.","breadcrumb":{"@id":"https:\/\/www.cascade.it\/fr\/prodotto\/ajutage-polverizzatore\/#breadcrumb"},"inLanguage":"fr-FR","potentialAction":[{"@type":"ReadAction","target":["https:\/\/www.cascade.it\/fr\/prodotto\/ajutage-polverizzatore\/"]}]},{"@type":"ImageObject","inLanguage":"fr-FR","@id":"https:\/\/www.cascade.it\/fr\/prodotto\/ajutage-polverizzatore\/#primaryimage","url":"https:\/\/www.cascade.it\/new\/wp-content\/uploads\/Prodotti\/Ugelli_per_fontane\/Ugelli_Classici\/POLVERIZZATORE.jpg","contentUrl":"https:\/\/www.cascade.it\/new\/wp-content\/uploads\/Prodotti\/Ugelli_per_fontane\/Ugelli_Classici\/POLVERIZZATORE.jpg","width":1300,"height":975},{"@type":"BreadcrumbList","@id":"https:\/\/www.cascade.it\/fr\/prodotto\/ajutage-polverizzatore\/#breadcrumb","itemListElement":[{"@type":"ListItem","position":1,"name":"Home","item":"https:\/\/www.cascade.it\/fr\/"},{"@type":"ListItem","position":2,"name":"Boutique","item":"https:\/\/www.cascade.it\/fr\/boutique\/"},{"@type":"ListItem","position":3,"name":"Polverizzatore"}]},{"@type":"WebSite","@id":"https:\/\/www.cascade.it\/fr\/#website","url":"https:\/\/www.cascade.it\/fr\/","name":"Cascade","description":"More than a fountain","potentialAction":[{"@type":"SearchAction","target":{"@type":"EntryPoint","urlTemplate":"https:\/\/www.cascade.it\/fr\/?s={search_term_string}"},"query-input":{"@type":"PropertyValueSpecification","valueRequired":true,"valueName":"search_term_string"}}],"inLanguage":"fr-FR"}]}},"_links":{"self":[{"href":"https:\/\/www.cascade.it\/fr\/wp-json\/wp\/v2\/product\/3378","targetHints":{"allow":["GET"]}}],"collection":[{"href":"https:\/\/www.cascade.it\/fr\/wp-json\/wp\/v2\/product"}],"about":[{"href":"https:\/\/www.cascade.it\/fr\/wp-json\/wp\/v2\/types\/product"}],"wp:featuredmedia":[{"embeddable":true,"href":"https:\/\/www.cascade.it\/fr\/wp-json\/wp\/v2\/media\/3379"}],"wp:attachment":[{"href":"https:\/\/www.cascade.it\/fr\/wp-json\/wp\/v2\/media?parent=3378"}],"wp:term":[{"taxonomy":"product_brand","embeddable":true,"href":"https:\/\/www.cascade.it\/fr\/wp-json\/wp\/v2\/product_brand?post=3378"},{"taxonomy":"product_cat","embeddable":true,"href":"https:\/\/www.cascade.it\/fr\/wp-json\/wp\/v2\/product_cat?post=3378"},{"taxonomy":"product_tag","embeddable":true,"href":"https:\/\/www.cascade.it\/fr\/wp-json\/wp\/v2\/product_tag?post=3378"}],"curies":[{"name":"wp","href":"https:\/\/api.w.org\/{rel}","templated":true}]}}