{"id":3374,"date":"2019-02-15T10:06:30","date_gmt":"2019-02-15T09:06:30","guid":{"rendered":"https:\/\/www.cascade.it\/new\/prodotto\/pirouette\/"},"modified":"2022-09-27T18:00:57","modified_gmt":"2022-09-27T16:00:57","slug":"ajutage-pirouette","status":"publish","type":"product","link":"https:\/\/www.cascade.it\/fr\/prodotto\/ajutage-pirouette\/","title":{"rendered":"Pirouette"},"content":{"rendered":"<p>&nbsp;<\/p>\n<div class=\"carousel-slider-outer carousel-slider-outer-image-carousel carousel-slider-outer-1513\" style=\"--carousel-slider-nav-color:#f1f1f1;--carousel-slider-active-nav-color:#00d1b2;--carousel-slider-arrow-size:48px;--carousel-slider-bullet-size:10px\">\n<div id=\"&#039;id-1513\" class=\"carousel-slider carousel-slider-1513 arrows-visibility-hover dots-visibility-never arrows-outside dots-center dots-square owl-carousel\" data-slide-type=\"image-carousel\" data-owl-settings='{\"nav\":true,\"dots\":false,\"slideBy\":1,\"stagePadding\":0,\"margin\":10,\"loop\":true,\"lazyLoad\":true,\"autoplay\":true,\"autoplayTimeout\":5000,\"autoplaySpeed\":500,\"autoplayHoverPause\":true,\"autoWidth\":false,\"responsive\":{\"300\":{\"items\":1},\"576\":{\"items\":2},\"768\":{\"items\":2},\"1024\":{\"items\":3},\"1280\":{\"items\":3},\"1536\":{\"items\":3}}}'>\n<div class=\"carousel-slider__item\">\n\t<img class=\"owl-lazy\" data-src=\"https:\/\/www.cascade.it\/new\/wp-content\/uploads\/2019\/07\/Pirouette.jpg\" alt=\"\"><\/a><\/div>\n\n<div class=\"carousel-slider__item\">\n\t<img class=\"owl-lazy\" data-src=\"https:\/\/www.cascade.it\/new\/wp-content\/uploads\/2019\/07\/5-Pirouette.jpg\" alt=\"\"><\/a><\/div>\n\n<div class=\"carousel-slider__item\">\n\t<img class=\"owl-lazy\" data-src=\"https:\/\/www.cascade.it\/new\/wp-content\/uploads\/2019\/07\/4-Pirouette.jpg\" alt=\"\"><\/a><\/div>\n\n<div class=\"carousel-slider__item\">\n\t<img class=\"owl-lazy\" data-src=\"https:\/\/www.cascade.it\/new\/wp-content\/uploads\/2019\/07\/3-Pirouette.jpg\" alt=\"\"><\/a><\/div>\n\n<div class=\"carousel-slider__item\">\n\t<img class=\"owl-lazy\" data-src=\"https:\/\/www.cascade.it\/new\/wp-content\/uploads\/2019\/07\/2-Pirouette.jpg\" alt=\"\"><\/a><\/div>\n\n<div class=\"carousel-slider__item\">\n\t<img class=\"owl-lazy\" data-src=\"https:\/\/www.cascade.it\/new\/wp-content\/uploads\/2019\/07\/1-Pirouette.jpg\" alt=\"\"><\/a><\/div>\n\n<\/div><!-- .carousel-slider-1513 -->\n<\/div><!-- .carousel-slider-outer-1513 -->\n\n<h1><span style=\"color: #1e73be;\">Ajutage Pirouette pour fontaines<\/span><\/h1>\n<p id=\"tw-target-text\" class=\"tw-data-text tw-text-large XcVN5d tw-ta\" dir=\"ltr\" data-placeholder=\"Traduzione\"><span lang=\"fr\"><strong>L&rsquo;ajutage pour fontaines Pirouette<\/strong> est en <strong>laiton<\/strong> et est <strong>ind\u00e9pendant<\/strong>\u00a0du niveau d&rsquo;eau.<\/span><\/p>\n<p class=\"tw-data-text tw-text-large XcVN5d tw-ta\" dir=\"ltr\" data-placeholder=\"Traduzione\"><span lang=\"fr\">Il cr\u00e9e un <strong>effet rotatif<\/strong> compos\u00e9 de <strong>6 jets<\/strong> \u00f8 8 mm et <strong>1 jet central<\/strong> \u00f8 8 mm.<\/span><\/p>\n<p>&nbsp;<\/p>\n<h3>Conseils d&rsquo;utilisation et applications<\/h3>\n<p id=\"tw-target-text\" class=\"tw-data-text tw-text-large XcVN5d tw-ta\" dir=\"ltr\" data-placeholder=\"Traduzione\"><span lang=\"fr\">La Pirouette est un ajutage d&rsquo;une <strong>grande valeur esth\u00e9tique<\/strong> \u00e9galement dans sa structure et sa g\u00e9om\u00e9trie, obtenue par des <strong>proc\u00e9d\u00e9s visant<\/strong> \u00e0 rendre son aspect agr\u00e9able. <\/span><\/p>\n<p class=\"tw-data-text tw-text-large XcVN5d tw-ta\" dir=\"ltr\" data-placeholder=\"Traduzione\"><span lang=\"fr\"><strong>L&rsquo;effet d&rsquo;eau \u00e9vocateur<\/strong> g\u00e9n\u00e9r\u00e9 contribue \u00e0 <strong>dynamiser<\/strong> la sc\u00e9nographie aquatique, surtout lorsqu&rsquo;il est utilis\u00e9 en groupe. <\/span><\/p>\n<p class=\"tw-data-text tw-text-large XcVN5d tw-ta\" dir=\"ltr\" data-placeholder=\"Traduzione\"><span lang=\"fr\">Id\u00e9al pour les bassins <strong>moyens<\/strong> et <strong>grands<\/strong> (voir la section <a href=\"https:\/\/www.cascade.it\/fr\/produits\/fontaines-pretes-preassemblees\/\"><span style=\"text-decoration: underline;\"><strong>FONTAINES PR\u00caTES PR\u00c9-ASSEMBL\u00c9ES<\/strong><\/span><\/a>). <\/span><\/p>\n<p class=\"tw-data-text tw-text-large XcVN5d tw-ta\" dir=\"ltr\" data-placeholder=\"Traduzione\"><span lang=\"fr\">Nous recommandons l&rsquo;utilisation de la <a href=\"https:\/\/www.cascade.it\/fr\/prodotto\/bride-reglage\/\"><span style=\"text-decoration: underline;\"><strong>bride de r\u00e9glage<\/strong><\/span><\/a> axial.<\/span><\/p>\n<p><strong>\u00c9clairage immerg\u00e9<\/strong>: pour enrichir l&rsquo;effet d\u2019eau avec des jeux de lumi\u00e8re monochromatique ou RGBW, nous recommandons l&rsquo;utilisation des <a href=\"https:\/\/www.cascade.it\/fr\/produits\/eclairage-immerge-led\/projecteurs-led-mizar\/\"><span style=\"text-decoration: underline;\"><strong>projecteurs LED immerg\u00e9s pour fontaines de la s\u00e9rie Mizar<\/strong><\/span><\/a>, des produits professionnels sp\u00e9cifiques pour une utilisation dans les fontaines, avec un design \u00e9l\u00e9gant, une technologie \u00e0 la pointe et extraordinaire effets de lumi\u00e8re.<\/p>\n<p>&nbsp;<\/p>\n<h3>Donn\u00e9es techniques<\/h3>\n<div style=\"overflow-x: auto;\">\n<table width=\"0\">\n<tbody>\n<tr>\n<td width=\"149\"><strong>\u00a0<\/strong><\/td>\n<td class=\"thHorz\" width=\"718\">Pirouette<\/td>\n<\/tr>\n<tr>\n<td class=\"thVert\" width=\"149\">Code<\/td>\n<td width=\"718\">PI100<\/td>\n<\/tr>\n<tr>\n<td class=\"thVert\" width=\"149\">\u00f8 jets<\/td>\n<td width=\"718\">8 mm<\/td>\n<\/tr>\n<tr>\n<td class=\"thVert\" width=\"149\">Hauteur max*<\/td>\n<td width=\"718\">3 m<\/td>\n<\/tr>\n<tr>\n<td class=\"thVert\" width=\"149\">Diam\u00e8tre max effet*<\/td>\n<td width=\"718\">2,2 m<\/td>\n<\/tr>\n<tr>\n<td class=\"thVert\" width=\"149\">Connexion<\/td>\n<td width=\"718\">1\u201d M<\/td>\n<\/tr>\n<tr>\n<td class=\"thVert\" width=\"149\">Mat\u00e9riel<\/td>\n<td width=\"718\">Laiton<\/td>\n<\/tr>\n<tr>\n<td class=\"thVert\" width=\"149\">Poids<\/td>\n<td width=\"718\">1,85 Kg<\/td>\n<\/tr>\n<\/tbody>\n<\/table>\n<\/div>\n<p>*Valeurs max conseill\u00e9es.<\/p>\n<div>\n<div style=\"float: left; padding: 5px; text-align: center; width: 150px;\"><\/div>\n<\/div>\n<p>&nbsp;<\/p>\n<h3>Downloads<\/h3>\n<div class=\"divide-line text-left\"><\/div>\n<div>\n<div style=\"float: left; padding: 5px; text-align: center; width: 150px;\"><a href=\"https:\/\/www.cascade.it\/new\/wp-content\/uploads\/2022\/09\/CASCADE-Pirouette-FR.pdf\" target=\"_blank\" rel=\"noopener\"><img loading=\"lazy\" decoding=\"async\" class=\"alignnone wp-image-783\" src=\"https:\/\/www.cascade.it\/new\/wp-content\/uploads\/2019\/02\/pdf-icon-png-7.jpg\" alt=\"\" width=\"91\" height=\"91\" srcset=\"https:\/\/www.cascade.it\/new\/wp-content\/uploads\/2019\/02\/pdf-icon-png-7.jpg 254w, https:\/\/www.cascade.it\/new\/wp-content\/uploads\/2019\/02\/pdf-icon-png-7-150x150.jpg 150w, https:\/\/www.cascade.it\/new\/wp-content\/uploads\/2019\/02\/pdf-icon-png-7-100x100.jpg 100w\" sizes=\"auto, (max-width: 91px) 100vw, 91px\" \/><\/a><br \/>\nFiche technique<\/div>\n<div style=\"clear: both;\"><\/div>\n<\/div>\n","protected":false},"excerpt":{"rendered":"<p>&nbsp; Ajutage Pirouette pour fontaines L&rsquo;ajutage pour fontaines Pirouette est en laiton et est ind\u00e9pendant\u00a0du niveau d&rsquo;eau. Il cr\u00e9e un effet rotatif compos\u00e9 de 6 jets \u00f8 8 mm et 1 jet central \u00f8 8 mm. &nbsp; Conseils d&rsquo;utilisation et applications La Pirouette est un ajutage d&rsquo;une grande valeur esth\u00e9tique \u00e9galement dans sa structure et [&hellip;]<\/p>\n","protected":false},"featured_media":3375,"template":"","meta":[],"product_brand":[],"product_cat":[319],"product_tag":[],"class_list":{"0":"post-3374","1":"product","2":"type-product","3":"status-publish","4":"has-post-thumbnail","6":"product_cat-ajutages-classiques","8":"first","9":"instock","10":"shipping-taxable","11":"product-type-simple"},"yoast_head":"<!-- This site is optimized with the Yoast SEO plugin v26.7 - https:\/\/yoast.com\/wordpress\/plugins\/seo\/ -->\n<title>Ajutage rotatif pour fontaines Pirouette - Cascade<\/title>\n<meta name=\"description\" content=\"L&#039;ajutage pour fontaines Pirouette est en laiton et est ind\u00e9pendant\u00a0du niveau d&#039;eau. Il cr\u00e9e un effet rotatif compos\u00e9 de 6 jets lat\u00e9raux et 1 jet central.\" \/>\n<meta name=\"robots\" content=\"index, follow, max-snippet:-1, max-image-preview:large, max-video-preview:-1\" \/>\n<link rel=\"canonical\" href=\"https:\/\/www.cascade.it\/fr\/prodotto\/ajutage-pirouette\/\" \/>\n<meta property=\"og:locale\" content=\"fr_FR\" \/>\n<meta property=\"og:type\" content=\"article\" \/>\n<meta property=\"og:title\" content=\"Ajutage rotatif pour fontaines Pirouette - Cascade\" \/>\n<meta property=\"og:description\" content=\"L&#039;ajutage pour fontaines Pirouette est en laiton et est ind\u00e9pendant\u00a0du niveau d&#039;eau. Il cr\u00e9e un effet rotatif compos\u00e9 de 6 jets lat\u00e9raux et 1 jet central.\" \/>\n<meta property=\"og:url\" content=\"https:\/\/www.cascade.it\/fr\/prodotto\/ajutage-pirouette\/\" \/>\n<meta property=\"og:site_name\" content=\"Cascade\" \/>\n<meta property=\"article:modified_time\" content=\"2022-09-27T16:00:57+00:00\" \/>\n<meta property=\"og:image\" content=\"https:\/\/www.cascade.it\/new\/wp-content\/uploads\/Prodotti\/Ugelli_per_fontane\/Ugelli_Classici\/PIROUETTE.jpg\" \/>\n\t<meta property=\"og:image:width\" content=\"1300\" \/>\n\t<meta property=\"og:image:height\" content=\"975\" \/>\n\t<meta property=\"og:image:type\" content=\"image\/jpeg\" \/>\n<meta name=\"twitter:card\" content=\"summary_large_image\" \/>\n<meta name=\"twitter:label1\" content=\"Dur\u00e9e de lecture estim\u00e9e\" \/>\n\t<meta name=\"twitter:data1\" content=\"2 minutes\" \/>\n<!-- \/ Yoast SEO plugin. -->","yoast_head_json":{"title":"Ajutage rotatif pour fontaines Pirouette - Cascade","description":"L'ajutage pour fontaines Pirouette est en laiton et est ind\u00e9pendant\u00a0du niveau d'eau. Il cr\u00e9e un effet rotatif compos\u00e9 de 6 jets lat\u00e9raux et 1 jet central.","robots":{"index":"index","follow":"follow","max-snippet":"max-snippet:-1","max-image-preview":"max-image-preview:large","max-video-preview":"max-video-preview:-1"},"canonical":"https:\/\/www.cascade.it\/fr\/prodotto\/ajutage-pirouette\/","og_locale":"fr_FR","og_type":"article","og_title":"Ajutage rotatif pour fontaines Pirouette - Cascade","og_description":"L'ajutage pour fontaines Pirouette est en laiton et est ind\u00e9pendant\u00a0du niveau d'eau. Il cr\u00e9e un effet rotatif compos\u00e9 de 6 jets lat\u00e9raux et 1 jet central.","og_url":"https:\/\/www.cascade.it\/fr\/prodotto\/ajutage-pirouette\/","og_site_name":"Cascade","article_modified_time":"2022-09-27T16:00:57+00:00","og_image":[{"width":1300,"height":975,"url":"https:\/\/www.cascade.it\/new\/wp-content\/uploads\/Prodotti\/Ugelli_per_fontane\/Ugelli_Classici\/PIROUETTE.jpg","type":"image\/jpeg"}],"twitter_card":"summary_large_image","twitter_misc":{"Dur\u00e9e de lecture estim\u00e9e":"2 minutes"},"schema":{"@context":"https:\/\/schema.org","@graph":[{"@type":"WebPage","@id":"https:\/\/www.cascade.it\/fr\/prodotto\/ajutage-pirouette\/","url":"https:\/\/www.cascade.it\/fr\/prodotto\/ajutage-pirouette\/","name":"Ajutage rotatif pour fontaines Pirouette - Cascade","isPartOf":{"@id":"https:\/\/www.cascade.it\/fr\/#website"},"primaryImageOfPage":{"@id":"https:\/\/www.cascade.it\/fr\/prodotto\/ajutage-pirouette\/#primaryimage"},"image":{"@id":"https:\/\/www.cascade.it\/fr\/prodotto\/ajutage-pirouette\/#primaryimage"},"thumbnailUrl":"https:\/\/www.cascade.it\/new\/wp-content\/uploads\/Prodotti\/Ugelli_per_fontane\/Ugelli_Classici\/PIROUETTE.jpg","datePublished":"2019-02-15T09:06:30+00:00","dateModified":"2022-09-27T16:00:57+00:00","description":"L'ajutage pour fontaines Pirouette est en laiton et est ind\u00e9pendant\u00a0du niveau d'eau. Il cr\u00e9e un effet rotatif compos\u00e9 de 6 jets lat\u00e9raux et 1 jet central.","breadcrumb":{"@id":"https:\/\/www.cascade.it\/fr\/prodotto\/ajutage-pirouette\/#breadcrumb"},"inLanguage":"fr-FR","potentialAction":[{"@type":"ReadAction","target":["https:\/\/www.cascade.it\/fr\/prodotto\/ajutage-pirouette\/"]}]},{"@type":"ImageObject","inLanguage":"fr-FR","@id":"https:\/\/www.cascade.it\/fr\/prodotto\/ajutage-pirouette\/#primaryimage","url":"https:\/\/www.cascade.it\/new\/wp-content\/uploads\/Prodotti\/Ugelli_per_fontane\/Ugelli_Classici\/PIROUETTE.jpg","contentUrl":"https:\/\/www.cascade.it\/new\/wp-content\/uploads\/Prodotti\/Ugelli_per_fontane\/Ugelli_Classici\/PIROUETTE.jpg","width":1300,"height":975},{"@type":"BreadcrumbList","@id":"https:\/\/www.cascade.it\/fr\/prodotto\/ajutage-pirouette\/#breadcrumb","itemListElement":[{"@type":"ListItem","position":1,"name":"Home","item":"https:\/\/www.cascade.it\/fr\/"},{"@type":"ListItem","position":2,"name":"Boutique","item":"https:\/\/www.cascade.it\/fr\/boutique\/"},{"@type":"ListItem","position":3,"name":"Pirouette"}]},{"@type":"WebSite","@id":"https:\/\/www.cascade.it\/fr\/#website","url":"https:\/\/www.cascade.it\/fr\/","name":"Cascade","description":"More than a fountain","potentialAction":[{"@type":"SearchAction","target":{"@type":"EntryPoint","urlTemplate":"https:\/\/www.cascade.it\/fr\/?s={search_term_string}"},"query-input":{"@type":"PropertyValueSpecification","valueRequired":true,"valueName":"search_term_string"}}],"inLanguage":"fr-FR"}]}},"_links":{"self":[{"href":"https:\/\/www.cascade.it\/fr\/wp-json\/wp\/v2\/product\/3374","targetHints":{"allow":["GET"]}}],"collection":[{"href":"https:\/\/www.cascade.it\/fr\/wp-json\/wp\/v2\/product"}],"about":[{"href":"https:\/\/www.cascade.it\/fr\/wp-json\/wp\/v2\/types\/product"}],"wp:featuredmedia":[{"embeddable":true,"href":"https:\/\/www.cascade.it\/fr\/wp-json\/wp\/v2\/media\/3375"}],"wp:attachment":[{"href":"https:\/\/www.cascade.it\/fr\/wp-json\/wp\/v2\/media?parent=3374"}],"wp:term":[{"taxonomy":"product_brand","embeddable":true,"href":"https:\/\/www.cascade.it\/fr\/wp-json\/wp\/v2\/product_brand?post=3374"},{"taxonomy":"product_cat","embeddable":true,"href":"https:\/\/www.cascade.it\/fr\/wp-json\/wp\/v2\/product_cat?post=3374"},{"taxonomy":"product_tag","embeddable":true,"href":"https:\/\/www.cascade.it\/fr\/wp-json\/wp\/v2\/product_tag?post=3374"}],"curies":[{"name":"wp","href":"https:\/\/api.w.org\/{rel}","templated":true}]}}