{"id":3370,"date":"2019-02-15T10:05:34","date_gmt":"2019-02-15T09:05:34","guid":{"rendered":"https:\/\/www.cascade.it\/new\/prodotto\/ossigenatore\/"},"modified":"2022-07-01T12:42:54","modified_gmt":"2022-07-01T10:42:54","slug":"ajutage-ossigenatore","status":"publish","type":"product","link":"https:\/\/www.cascade.it\/fr\/prodotto\/ajutage-ossigenatore\/","title":{"rendered":"Ossigenatore"},"content":{"rendered":"<p>&nbsp;<\/p>\n<div class=\"carousel-slider-outer carousel-slider-outer-image-carousel carousel-slider-outer-1508\" style=\"--carousel-slider-nav-color:#f1f1f1;--carousel-slider-active-nav-color:#00d1b2;--carousel-slider-arrow-size:48px;--carousel-slider-bullet-size:10px\">\n<div id=\"&#039;id-1508\" class=\"carousel-slider carousel-slider-1508 arrows-visibility-hover dots-visibility-never arrows-outside dots-center dots-square owl-carousel\" data-slide-type=\"image-carousel\" data-owl-settings='{\"nav\":true,\"dots\":false,\"slideBy\":1,\"stagePadding\":0,\"margin\":10,\"loop\":true,\"lazyLoad\":true,\"autoplay\":true,\"autoplayTimeout\":5000,\"autoplaySpeed\":500,\"autoplayHoverPause\":true,\"autoWidth\":false,\"responsive\":{\"300\":{\"items\":1},\"576\":{\"items\":2},\"768\":{\"items\":2},\"1024\":{\"items\":3},\"1280\":{\"items\":3},\"1536\":{\"items\":3}}}'>\n<div class=\"carousel-slider__item\">\n\t<img class=\"owl-lazy\" data-src=\"https:\/\/www.cascade.it\/new\/wp-content\/uploads\/2019\/07\/Ossigenatore.jpg\" alt=\"\"><\/a><\/div>\n\n<div class=\"carousel-slider__item\">\n\t<img class=\"owl-lazy\" data-src=\"https:\/\/www.cascade.it\/new\/wp-content\/uploads\/2019\/07\/3-Ossigenatore.jpg\" alt=\"\"><\/a><\/div>\n\n<div class=\"carousel-slider__item\">\n\t<img class=\"owl-lazy\" data-src=\"https:\/\/www.cascade.it\/new\/wp-content\/uploads\/2019\/07\/2-Ossigenatore.jpg\" alt=\"\"><\/a><\/div>\n\n<div class=\"carousel-slider__item\">\n\t<img class=\"owl-lazy\" data-src=\"https:\/\/www.cascade.it\/new\/wp-content\/uploads\/2019\/07\/1-Ossigenatore.jpg\" alt=\"\"><\/a><\/div>\n\n<\/div><!-- .carousel-slider-1508 -->\n<\/div><!-- .carousel-slider-outer-1508 -->\n\n<h1><span style=\"color: #1e73be;\">Ajutage Ossigenatore pour fontaines<\/span><\/h1>\n<p id=\"tw-target-text\" class=\"tw-data-text tw-text-large XcVN5d tw-ta\" dir=\"ltr\" data-placeholder=\"Traduzione\"><span lang=\"fr\">Ajutage en <strong>acier inoxydable<\/strong> et <strong>laiton, ind\u00e9pendant<\/strong> du niveau d&rsquo;eau. <\/span><\/p>\n<p class=\"tw-data-text tw-text-large XcVN5d tw-ta\" dir=\"ltr\" data-placeholder=\"Traduzione\"><span lang=\"fr\">\u00c0 utiliser <strong>totalement immerg\u00e9<\/strong> dans l&rsquo;eau. <\/span><\/p>\n<p class=\"tw-data-text tw-text-large XcVN5d tw-ta\" dir=\"ltr\" data-placeholder=\"Traduzione\"><span lang=\"fr\">Il convient pour une <strong>excellente oxyg\u00e9nation<\/strong> de l&rsquo;eau.<\/span><\/p>\n<p>&nbsp;<\/p>\n<h3>Conseils d&rsquo;utilisation et applications<\/h3>\n<p id=\"tw-target-text\" class=\"tw-data-text tw-text-large XcVN5d tw-ta\" dir=\"ltr\" data-placeholder=\"Traduzione\"><span lang=\"fr\">L&rsquo;Ossigenatore convient aux <strong>petits plans d&rsquo;eau <\/strong>ou<strong>\u00a0\u00e9tangs<\/strong> (voir la section FONTAINES MONT\u00c9ES AVEC R\u00c9SERVOIR). <\/span><\/p>\n<p class=\"tw-data-text tw-text-large XcVN5d tw-ta\" dir=\"ltr\" data-placeholder=\"Traduzione\"><span lang=\"fr\">Utile lorsqu&rsquo;un traitement chimique de l&rsquo;eau n&rsquo;est pas possible, en raison de la pr\u00e9sence de poissons, plantes ou autres, pour assurer l&rsquo;oxyg\u00e9nation.<\/span><\/p>\n<p><strong>\u00c9clairage immerg\u00e9<\/strong>: pour enrichir l&rsquo;effet d\u2019eau avec des jeux de lumi\u00e8re monochromatique ou RGBW, nous recommandons l&rsquo;utilisation des <a href=\"https:\/\/www.cascade.it\/fr\/produits\/eclairage-immerge-led\/projecteurs-led-mizar\/\"><span style=\"text-decoration: underline;\"><strong>projecteurs LED immerg\u00e9s pour fontaines de la s\u00e9rie Mizar<\/strong><\/span><\/a>, des produits professionnels sp\u00e9cifiques pour une utilisation dans les fontaines, avec un design \u00e9l\u00e9gant, une technologie \u00e0 la pointe et extraordinaire effets de lumi\u00e8re.<\/p>\n<p>&nbsp;<\/p>\n<h3>Donn\u00e9es techniques<\/h3>\n<div style=\"overflow-x: auto;\">\n<table width=\"0\">\n<tbody>\n<tr>\n<td width=\"130\"><strong>\u00a0<\/strong><\/td>\n<td class=\"thHorz\" width=\"737\">Ossigenatore<\/td>\n<\/tr>\n<tr>\n<td class=\"thVert\" width=\"130\">Code<\/td>\n<td width=\"737\">OS100<\/td>\n<\/tr>\n<tr>\n<td class=\"thVert\" width=\"130\">\u00f8 jet<\/td>\n<td width=\"737\">32 mm<\/td>\n<\/tr>\n<tr>\n<td class=\"thVert\" width=\"130\">Connexion<\/td>\n<td width=\"737\">1\u201d M<\/td>\n<\/tr>\n<tr>\n<td class=\"thVert\" width=\"130\">Mat\u00e9riel<\/td>\n<td width=\"737\">Acier inox et laiton<\/td>\n<\/tr>\n<tr>\n<td class=\"thVert\" width=\"130\">Poids<\/td>\n<td width=\"737\">0,92 Kg<\/td>\n<\/tr>\n<\/tbody>\n<\/table>\n<div>\n<div style=\"float: left; padding: 5px; text-align: center; width: 150px;\"><\/div>\n<\/div>\n<\/div>\n<p>&nbsp;<\/p>\n<h3>Downloads<\/h3>\n<div class=\"divide-line text-left\"><\/div>\n<div>\n<div style=\"float: left; padding: 5px; text-align: center; width: 150px;\"><a href=\"https:\/\/www.cascade.it\/new\/wp-content\/uploads\/2022\/07\/CASCADE-Ossigenatore-FR.pdf\" target=\"_blank\" rel=\"noopener\"><img loading=\"lazy\" decoding=\"async\" class=\"alignnone wp-image-783\" src=\"https:\/\/www.cascade.it\/new\/wp-content\/uploads\/2019\/02\/pdf-icon-png-7.jpg\" alt=\"\" width=\"91\" height=\"91\" srcset=\"https:\/\/www.cascade.it\/new\/wp-content\/uploads\/2019\/02\/pdf-icon-png-7.jpg 254w, https:\/\/www.cascade.it\/new\/wp-content\/uploads\/2019\/02\/pdf-icon-png-7-150x150.jpg 150w, https:\/\/www.cascade.it\/new\/wp-content\/uploads\/2019\/02\/pdf-icon-png-7-100x100.jpg 100w\" sizes=\"auto, (max-width: 91px) 100vw, 91px\" \/><\/a><br \/>\nFiche technique<\/div>\n<div style=\"clear: both;\"><\/div>\n<\/div>\n","protected":false},"excerpt":{"rendered":"<p>&nbsp; Ajutage Ossigenatore pour fontaines Ajutage en acier inoxydable et laiton, ind\u00e9pendant du niveau d&rsquo;eau. \u00c0 utiliser totalement immerg\u00e9 dans l&rsquo;eau. Il convient pour une excellente oxyg\u00e9nation de l&rsquo;eau. &nbsp; Conseils d&rsquo;utilisation et applications L&rsquo;Ossigenatore convient aux petits plans d&rsquo;eau ou\u00a0\u00e9tangs (voir la section FONTAINES MONT\u00c9ES AVEC R\u00c9SERVOIR). Utile lorsqu&rsquo;un traitement chimique de l&rsquo;eau n&rsquo;est [&hellip;]<\/p>\n","protected":false},"featured_media":3371,"template":"","meta":[],"product_brand":[],"product_cat":[319],"product_tag":[],"class_list":{"0":"post-3370","1":"product","2":"type-product","3":"status-publish","4":"has-post-thumbnail","6":"product_cat-ajutages-classiques","8":"first","9":"instock","10":"shipping-taxable","11":"product-type-simple"},"yoast_head":"<!-- This site is optimized with the Yoast SEO plugin v26.7 - https:\/\/yoast.com\/wordpress\/plugins\/seo\/ -->\n<title>Ajutage pour fontaines \u00e9tangs Ossigenatore - Cascade<\/title>\n<meta name=\"description\" content=\"Ajutage en inox et laiton, ind\u00e9pendant du niveau d&#039;eau. \u00c0 utiliser totalement immerg\u00e9 dans l&#039;eau. Il convient pour une excellente oxyg\u00e9nation des \u00e9tangs.\" \/>\n<meta name=\"robots\" content=\"index, follow, max-snippet:-1, max-image-preview:large, max-video-preview:-1\" \/>\n<link rel=\"canonical\" href=\"https:\/\/www.cascade.it\/fr\/prodotto\/ajutage-ossigenatore\/\" \/>\n<meta property=\"og:locale\" content=\"fr_FR\" \/>\n<meta property=\"og:type\" content=\"article\" \/>\n<meta property=\"og:title\" content=\"Ajutage pour fontaines \u00e9tangs Ossigenatore - Cascade\" \/>\n<meta property=\"og:description\" content=\"Ajutage en inox et laiton, ind\u00e9pendant du niveau d&#039;eau. \u00c0 utiliser totalement immerg\u00e9 dans l&#039;eau. Il convient pour une excellente oxyg\u00e9nation des \u00e9tangs.\" \/>\n<meta property=\"og:url\" content=\"https:\/\/www.cascade.it\/fr\/prodotto\/ajutage-ossigenatore\/\" \/>\n<meta property=\"og:site_name\" content=\"Cascade\" \/>\n<meta property=\"article:modified_time\" content=\"2022-07-01T10:42:54+00:00\" \/>\n<meta property=\"og:image\" content=\"https:\/\/www.cascade.it\/new\/wp-content\/uploads\/Prodotti\/Ugelli_per_fontane\/Ugelli_Classici\/OSSIGENATORE.jpg\" \/>\n\t<meta property=\"og:image:width\" content=\"1300\" \/>\n\t<meta property=\"og:image:height\" content=\"975\" \/>\n\t<meta property=\"og:image:type\" content=\"image\/jpeg\" \/>\n<meta name=\"twitter:card\" content=\"summary_large_image\" \/>\n<meta name=\"twitter:label1\" content=\"Dur\u00e9e de lecture estim\u00e9e\" \/>\n\t<meta name=\"twitter:data1\" content=\"1 minute\" \/>\n<!-- \/ Yoast SEO plugin. -->","yoast_head_json":{"title":"Ajutage pour fontaines \u00e9tangs Ossigenatore - Cascade","description":"Ajutage en inox et laiton, ind\u00e9pendant du niveau d'eau. \u00c0 utiliser totalement immerg\u00e9 dans l'eau. Il convient pour une excellente oxyg\u00e9nation des \u00e9tangs.","robots":{"index":"index","follow":"follow","max-snippet":"max-snippet:-1","max-image-preview":"max-image-preview:large","max-video-preview":"max-video-preview:-1"},"canonical":"https:\/\/www.cascade.it\/fr\/prodotto\/ajutage-ossigenatore\/","og_locale":"fr_FR","og_type":"article","og_title":"Ajutage pour fontaines \u00e9tangs Ossigenatore - Cascade","og_description":"Ajutage en inox et laiton, ind\u00e9pendant du niveau d'eau. \u00c0 utiliser totalement immerg\u00e9 dans l'eau. Il convient pour une excellente oxyg\u00e9nation des \u00e9tangs.","og_url":"https:\/\/www.cascade.it\/fr\/prodotto\/ajutage-ossigenatore\/","og_site_name":"Cascade","article_modified_time":"2022-07-01T10:42:54+00:00","og_image":[{"width":1300,"height":975,"url":"https:\/\/www.cascade.it\/new\/wp-content\/uploads\/Prodotti\/Ugelli_per_fontane\/Ugelli_Classici\/OSSIGENATORE.jpg","type":"image\/jpeg"}],"twitter_card":"summary_large_image","twitter_misc":{"Dur\u00e9e de lecture estim\u00e9e":"1 minute"},"schema":{"@context":"https:\/\/schema.org","@graph":[{"@type":"WebPage","@id":"https:\/\/www.cascade.it\/fr\/prodotto\/ajutage-ossigenatore\/","url":"https:\/\/www.cascade.it\/fr\/prodotto\/ajutage-ossigenatore\/","name":"Ajutage pour fontaines \u00e9tangs Ossigenatore - Cascade","isPartOf":{"@id":"https:\/\/www.cascade.it\/fr\/#website"},"primaryImageOfPage":{"@id":"https:\/\/www.cascade.it\/fr\/prodotto\/ajutage-ossigenatore\/#primaryimage"},"image":{"@id":"https:\/\/www.cascade.it\/fr\/prodotto\/ajutage-ossigenatore\/#primaryimage"},"thumbnailUrl":"https:\/\/www.cascade.it\/new\/wp-content\/uploads\/Prodotti\/Ugelli_per_fontane\/Ugelli_Classici\/OSSIGENATORE.jpg","datePublished":"2019-02-15T09:05:34+00:00","dateModified":"2022-07-01T10:42:54+00:00","description":"Ajutage en inox et laiton, ind\u00e9pendant du niveau d'eau. \u00c0 utiliser totalement immerg\u00e9 dans l'eau. Il convient pour une excellente oxyg\u00e9nation des \u00e9tangs.","breadcrumb":{"@id":"https:\/\/www.cascade.it\/fr\/prodotto\/ajutage-ossigenatore\/#breadcrumb"},"inLanguage":"fr-FR","potentialAction":[{"@type":"ReadAction","target":["https:\/\/www.cascade.it\/fr\/prodotto\/ajutage-ossigenatore\/"]}]},{"@type":"ImageObject","inLanguage":"fr-FR","@id":"https:\/\/www.cascade.it\/fr\/prodotto\/ajutage-ossigenatore\/#primaryimage","url":"https:\/\/www.cascade.it\/new\/wp-content\/uploads\/Prodotti\/Ugelli_per_fontane\/Ugelli_Classici\/OSSIGENATORE.jpg","contentUrl":"https:\/\/www.cascade.it\/new\/wp-content\/uploads\/Prodotti\/Ugelli_per_fontane\/Ugelli_Classici\/OSSIGENATORE.jpg","width":1300,"height":975},{"@type":"BreadcrumbList","@id":"https:\/\/www.cascade.it\/fr\/prodotto\/ajutage-ossigenatore\/#breadcrumb","itemListElement":[{"@type":"ListItem","position":1,"name":"Home","item":"https:\/\/www.cascade.it\/fr\/"},{"@type":"ListItem","position":2,"name":"Boutique","item":"https:\/\/www.cascade.it\/fr\/boutique\/"},{"@type":"ListItem","position":3,"name":"Ossigenatore"}]},{"@type":"WebSite","@id":"https:\/\/www.cascade.it\/fr\/#website","url":"https:\/\/www.cascade.it\/fr\/","name":"Cascade","description":"More than a fountain","potentialAction":[{"@type":"SearchAction","target":{"@type":"EntryPoint","urlTemplate":"https:\/\/www.cascade.it\/fr\/?s={search_term_string}"},"query-input":{"@type":"PropertyValueSpecification","valueRequired":true,"valueName":"search_term_string"}}],"inLanguage":"fr-FR"}]}},"_links":{"self":[{"href":"https:\/\/www.cascade.it\/fr\/wp-json\/wp\/v2\/product\/3370","targetHints":{"allow":["GET"]}}],"collection":[{"href":"https:\/\/www.cascade.it\/fr\/wp-json\/wp\/v2\/product"}],"about":[{"href":"https:\/\/www.cascade.it\/fr\/wp-json\/wp\/v2\/types\/product"}],"wp:featuredmedia":[{"embeddable":true,"href":"https:\/\/www.cascade.it\/fr\/wp-json\/wp\/v2\/media\/3371"}],"wp:attachment":[{"href":"https:\/\/www.cascade.it\/fr\/wp-json\/wp\/v2\/media?parent=3370"}],"wp:term":[{"taxonomy":"product_brand","embeddable":true,"href":"https:\/\/www.cascade.it\/fr\/wp-json\/wp\/v2\/product_brand?post=3370"},{"taxonomy":"product_cat","embeddable":true,"href":"https:\/\/www.cascade.it\/fr\/wp-json\/wp\/v2\/product_cat?post=3370"},{"taxonomy":"product_tag","embeddable":true,"href":"https:\/\/www.cascade.it\/fr\/wp-json\/wp\/v2\/product_tag?post=3370"}],"curies":[{"name":"wp","href":"https:\/\/api.w.org\/{rel}","templated":true}]}}