{"id":3362,"date":"2019-02-15T10:03:28","date_gmt":"2019-02-15T09:03:28","guid":{"rendered":"https:\/\/www.cascade.it\/new\/prodotto\/lama-dacqua\/"},"modified":"2022-07-01T12:40:56","modified_gmt":"2022-07-01T10:40:56","slug":"ajutage-lama-dacqua","status":"publish","type":"product","link":"https:\/\/www.cascade.it\/fr\/prodotto\/ajutage-lama-dacqua\/","title":{"rendered":"Lama d&rsquo;acqua"},"content":{"rendered":"<p>&nbsp;<\/p>\n<div class=\"carousel-slider-outer carousel-slider-outer-image-carousel carousel-slider-outer-1492\" style=\"--carousel-slider-nav-color:#f1f1f1;--carousel-slider-active-nav-color:#00d1b2;--carousel-slider-arrow-size:48px;--carousel-slider-bullet-size:10px\">\n<div id=\"&#039;id-1492\" class=\"carousel-slider carousel-slider-1492 arrows-visibility-hover dots-visibility-never arrows-outside dots-center dots-square owl-carousel\" data-slide-type=\"image-carousel\" data-owl-settings='{\"nav\":true,\"dots\":false,\"slideBy\":1,\"stagePadding\":0,\"margin\":10,\"loop\":true,\"lazyLoad\":true,\"autoplay\":true,\"autoplayTimeout\":5000,\"autoplaySpeed\":500,\"autoplayHoverPause\":true,\"autoWidth\":false,\"responsive\":{\"300\":{\"items\":1},\"576\":{\"items\":2},\"768\":{\"items\":2},\"1024\":{\"items\":3},\"1280\":{\"items\":3},\"1536\":{\"items\":3}}}'>\n<div class=\"carousel-slider__item\">\n\t<img class=\"owl-lazy\" data-src=\"https:\/\/www.cascade.it\/new\/wp-content\/uploads\/2019\/07\/Lama.jpg\" alt=\"\"><\/a><\/div>\n\n<div class=\"carousel-slider__item\">\n\t<img class=\"owl-lazy\" data-src=\"https:\/\/www.cascade.it\/new\/wp-content\/uploads\/2019\/12\/1-Ugello-per-fontane-Lama-120.jpg\" alt=\"\"><\/a><\/div>\n\n<div class=\"carousel-slider__item\">\n\t<img class=\"owl-lazy\" data-src=\"https:\/\/www.cascade.it\/new\/wp-content\/uploads\/2019\/12\/2-Ugello-per-fontane-Lama-85.jpg\" alt=\"\"><\/a><\/div>\n\n<div class=\"carousel-slider__item\">\n\t<img class=\"owl-lazy\" data-src=\"https:\/\/www.cascade.it\/new\/wp-content\/uploads\/2019\/12\/3-Ugello-per-fontane-Lama-65.jpg\" alt=\"\"><\/a><\/div>\n\n<div class=\"carousel-slider__item\">\n\t<img class=\"owl-lazy\" data-src=\"https:\/\/www.cascade.it\/new\/wp-content\/uploads\/2019\/12\/4-Ugello-per-fontane-Lama-85.jpg\" alt=\"\"><\/a><\/div>\n\n<div class=\"carousel-slider__item\">\n\t<img class=\"owl-lazy\" data-src=\"https:\/\/www.cascade.it\/new\/wp-content\/uploads\/2019\/12\/5-Ugello-per-fontane-Lama-120.jpg\" alt=\"\"><\/a><\/div>\n\n<div class=\"carousel-slider__item\">\n\t<img class=\"owl-lazy\" data-src=\"https:\/\/www.cascade.it\/new\/wp-content\/uploads\/2019\/12\/6-Ugello-per-fontane-Lama-200.jpg\" alt=\"\"><\/a><\/div>\n\n<\/div><!-- .carousel-slider-1492 -->\n<\/div><!-- .carousel-slider-outer-1492 -->\n\n<h1><span style=\"color: #1e73be;\">Ajutage Lama d\u2019acqua pour fontaines<\/span><\/h1>\n<p id=\"tw-target-text\" class=\"tw-data-text tw-text-large XcVN5d tw-ta\" dir=\"ltr\" data-placeholder=\"Traduzione\"><span lang=\"fr\">Le <strong>Lama d&rsquo;acqua<\/strong> est un <strong>ajutage pour fontaines<\/strong> en <strong>laiton, ind\u00e9pendant<\/strong> du niveau d&rsquo;eau. <\/span><\/p>\n<p class=\"tw-data-text tw-text-large XcVN5d tw-ta\" dir=\"ltr\" data-placeholder=\"Traduzione\"><span lang=\"fr\">L&rsquo;effet est une <strong>grande lame d&rsquo;eau compacte<\/strong>. <\/span><\/p>\n<p class=\"tw-data-text tw-text-large XcVN5d tw-ta\" dir=\"ltr\" data-placeholder=\"Traduzione\"><span lang=\"fr\">L&rsquo;ajutage est disponible dans une <strong>large gamme<\/strong> de mod\u00e8les, de la version plus <strong>petite<\/strong> avec une connexion de <strong>1\/2&Prime;<\/strong> (sur demande) \u00e0 la version plus <strong>grande<\/strong> avec une connexion de <strong>2&Prime;<\/strong>.<\/span><\/p>\n<p>&nbsp;<\/p>\n<h3>Conseils d&rsquo;utilisation et applications<\/h3>\n<p id=\"tw-target-text\" class=\"tw-data-text tw-text-large XcVN5d tw-ta\" dir=\"ltr\" data-placeholder=\"Traduzione\"><span lang=\"fr\">Ajutage id\u00e9al pour <strong>enrichir<\/strong> et <strong>varier<\/strong> la sc\u00e9nographie aquatique, surtout si il est install\u00e9 dans des compositions. <\/span><\/p>\n<p class=\"tw-data-text tw-text-large XcVN5d tw-ta\" dir=\"ltr\" data-placeholder=\"Traduzione\"><span lang=\"fr\">Id\u00e9al pour les bassins de <strong>petite<\/strong> et <strong>moyenne<\/strong> taille (voir la section <a href=\"https:\/\/www.cascade.it\/fr\/produits\/fontaines-pretes-preassemblees\/\"><span style=\"text-decoration: underline;\"><strong>FONTAINES PR\u00caTES PR\u00c9-ASSEMBL\u00c9ES<\/strong><\/span><\/a>). <\/span><\/p>\n<p class=\"tw-data-text tw-text-large XcVN5d tw-ta\" dir=\"ltr\" data-placeholder=\"Traduzione\"><span lang=\"fr\">La g\u00e9om\u00e9trie de l&rsquo;ajutage Lama d&rsquo;acqua Cascade convient \u00e0 la fois au <strong>montage horizontal<\/strong> et au <strong>montage<\/strong> de <strong>coudes externes<\/strong> pour obtenir <strong>l&rsquo;angle souhait\u00e9,<\/strong> contrairement aux autres versions du march\u00e9 avec un angle d\u00e9j\u00e0 r\u00e9gl\u00e9 et non modifiable. <\/span><\/p>\n<p class=\"tw-data-text tw-text-large XcVN5d tw-ta\" dir=\"ltr\" data-placeholder=\"Traduzione\"><span lang=\"fr\">En cas d&rsquo;utilisation en position inclin\u00e9e, nous sugg\u00e9rons l&rsquo;utilisation du <a href=\"https:\/\/www.cascade.it\/fr\/prodotto\/coude-45-pour-ajutages-lama-et-ventaglio\/\"><span style=\"text-decoration: underline;\"><strong>coude \u00e0 45\u00b0<\/strong><\/span><\/a>. <\/span><\/p>\n<p class=\"tw-data-text tw-text-large XcVN5d tw-ta\" dir=\"ltr\" data-placeholder=\"Traduzione\"><span lang=\"fr\">Nous recommandons l&rsquo;utilisation de la\u00a0<\/span><a href=\"https:\/\/www.cascade.it\/fr\/prodotto\/bride-reglage\/\"><span style=\"text-decoration: underline;\"><strong>bride de r\u00e9glage<\/strong><\/span><\/a> axial.<\/p>\n<p dir=\"ltr\" data-placeholder=\"Traduzione\"><strong>\u00c9clairage immerg\u00e9<\/strong>: pour enrichir l&rsquo;effet d\u2019eau avec des jeux de lumi\u00e8re monochromatique ou RGBW, nous recommandons l&rsquo;utilisation des <a href=\"https:\/\/www.cascade.it\/fr\/produits\/eclairage-immerge-led\/projecteurs-led-mizar\/\"><span style=\"text-decoration: underline;\"><strong>projecteurs LED immerg\u00e9s pour fontaines de la s\u00e9rie Mizar<\/strong><\/span><\/a>, des produits professionnels sp\u00e9cifiques pour une utilisation dans les fontaines, avec un design \u00e9l\u00e9gant, une technologie \u00e0 la pointe et extraordinaire effets de lumi\u00e8re.<\/p>\n<p>&nbsp;<\/p>\n<h3>Donn\u00e9es techniques<\/h3>\n<div style=\"overflow-x: auto;\">\n<table width=\"0\">\n<tbody>\n<tr>\n<td width=\"135\"><strong>\u00a0<\/strong><\/td>\n<td class=\"thHorz\" width=\"163\">Lama d\u2019acqua 65<\/td>\n<td class=\"thHorz\" width=\"202\">Lama d\u2019acqua 85<\/td>\n<td class=\"thHorz\" width=\"192\">Lama d\u2019acqua 120<\/td>\n<td class=\"thHorz\" width=\"192\">Lama d\u2019acqua 200<\/td>\n<\/tr>\n<tr>\n<td class=\"thVert\" width=\"135\">Code<\/td>\n<td width=\"163\">LAMA65<\/td>\n<td width=\"202\">LAMA85<\/td>\n<td width=\"192\">LAMA120<\/td>\n<td width=\"192\">LAMA200<\/td>\n<\/tr>\n<tr>\n<td class=\"thVert\" width=\"135\">\u00c9paisseur du jet<\/td>\n<td width=\"163\">3,5 mm<\/td>\n<td width=\"202\">4 mm<\/td>\n<td width=\"192\">6 mm<\/td>\n<td width=\"192\">6 mm<\/td>\n<\/tr>\n<tr>\n<td class=\"thVert\" width=\"135\">Largeur lame en sortie<\/td>\n<td width=\"163\">65 mm<\/td>\n<td width=\"202\">85 mm<\/td>\n<td width=\"192\">120 mm<\/td>\n<td width=\"192\">195 mm<\/td>\n<\/tr>\n<tr>\n<td class=\"thVert\" width=\"135\">Port\u00e9e max*<\/td>\n<td width=\"163\">2 m<\/td>\n<td width=\"202\">2 m<\/td>\n<td width=\"192\">3 m<\/td>\n<td width=\"192\">2 m<\/td>\n<\/tr>\n<tr>\n<td class=\"thVert\" width=\"135\">Connexion<\/td>\n<td width=\"163\">3\/4\u201d M\u00a0\u00a0 (1\/2\u201d F sur demande)<\/td>\n<td width=\"202\">1\u201d M<\/td>\n<td width=\"192\">1 1\/2\u201d M<\/td>\n<td width=\"192\">2\u201d M<\/td>\n<\/tr>\n<tr>\n<td class=\"thVert\" width=\"135\">Mat\u00e9riel<\/td>\n<td width=\"163\">Laiton<\/td>\n<td width=\"202\">Laiton<\/td>\n<td width=\"192\">Laiton<\/td>\n<td width=\"192\">Laiton<\/td>\n<\/tr>\n<tr>\n<td class=\"thVert\" width=\"135\">Poids<\/td>\n<td width=\"163\">0,3 Kg<\/td>\n<td width=\"202\">0,6 Kg<\/td>\n<td width=\"192\">1,2 Kg<\/td>\n<td width=\"192\">3,5 Kg<\/td>\n<\/tr>\n<\/tbody>\n<\/table>\n<\/div>\n<p>*Longueur max conseill\u00e9e de la parabole d&rsquo;eau avec coude \u00e0 45\u00b0.<\/p>\n<div>\n<div style=\"float: left; padding: 5px; text-align: center; width: 150px;\"><\/div>\n<div style=\"clear: both;\"><\/div>\n<\/div>\n<p>&nbsp;<\/p>\n<h3>Downloads<\/h3>\n<div class=\"divide-line text-left\"><\/div>\n<div>\n<div style=\"float: left; padding: 5px; text-align: center; width: 150px;\"><a href=\"https:\/\/www.cascade.it\/new\/wp-content\/uploads\/2022\/07\/CASCADE-Lama-dacqua-FR.pdf\" target=\"_blank\" rel=\"noopener\"><img loading=\"lazy\" decoding=\"async\" class=\"alignnone wp-image-783\" src=\"https:\/\/www.cascade.it\/new\/wp-content\/uploads\/2019\/02\/pdf-icon-png-7.jpg\" alt=\"\" width=\"91\" height=\"91\" srcset=\"https:\/\/www.cascade.it\/new\/wp-content\/uploads\/2019\/02\/pdf-icon-png-7.jpg 254w, https:\/\/www.cascade.it\/new\/wp-content\/uploads\/2019\/02\/pdf-icon-png-7-150x150.jpg 150w, https:\/\/www.cascade.it\/new\/wp-content\/uploads\/2019\/02\/pdf-icon-png-7-100x100.jpg 100w\" sizes=\"auto, (max-width: 91px) 100vw, 91px\" \/><\/a><br \/>\nFiche technique<\/div>\n<div style=\"clear: both;\"><\/div>\n<\/div>\n","protected":false},"excerpt":{"rendered":"<p>&nbsp; Ajutage Lama d\u2019acqua pour fontaines Le Lama d&rsquo;acqua est un ajutage pour fontaines en laiton, ind\u00e9pendant du niveau d&rsquo;eau. L&rsquo;effet est une grande lame d&rsquo;eau compacte. L&rsquo;ajutage est disponible dans une large gamme de mod\u00e8les, de la version plus petite avec une connexion de 1\/2&Prime; (sur demande) \u00e0 la version plus grande avec une [&hellip;]<\/p>\n","protected":false},"featured_media":3363,"template":"","meta":[],"product_brand":[],"product_cat":[319],"product_tag":[],"class_list":{"0":"post-3362","1":"product","2":"type-product","3":"status-publish","4":"has-post-thumbnail","6":"product_cat-ajutages-classiques","8":"first","9":"instock","10":"shipping-taxable","11":"product-type-simple"},"yoast_head":"<!-- This site is optimized with the Yoast SEO plugin v26.7 - https:\/\/yoast.com\/wordpress\/plugins\/seo\/ -->\n<title>Ajutage pour fontaines Lama d&#039;acqua - Cascade<\/title>\n<meta name=\"description\" content=\"Le Lama d&#039;acqua est un ajutage pour fontaines en laiton, ind\u00e9pendant du niveau d&#039;eau. L&#039;effet est une grande lame d&#039;eau compacte.\" \/>\n<meta name=\"robots\" content=\"index, follow, max-snippet:-1, max-image-preview:large, max-video-preview:-1\" \/>\n<link rel=\"canonical\" href=\"https:\/\/www.cascade.it\/fr\/prodotto\/ajutage-lama-dacqua\/\" \/>\n<meta property=\"og:locale\" content=\"fr_FR\" \/>\n<meta property=\"og:type\" content=\"article\" \/>\n<meta property=\"og:title\" content=\"Ajutage pour fontaines Lama d&#039;acqua - Cascade\" \/>\n<meta property=\"og:description\" content=\"Le Lama d&#039;acqua est un ajutage pour fontaines en laiton, ind\u00e9pendant du niveau d&#039;eau. L&#039;effet est une grande lame d&#039;eau compacte.\" \/>\n<meta property=\"og:url\" content=\"https:\/\/www.cascade.it\/fr\/prodotto\/ajutage-lama-dacqua\/\" \/>\n<meta property=\"og:site_name\" content=\"Cascade\" \/>\n<meta property=\"article:modified_time\" content=\"2022-07-01T10:40:56+00:00\" \/>\n<meta property=\"og:image\" content=\"https:\/\/www.cascade.it\/new\/wp-content\/uploads\/Prodotti\/Ugelli_per_fontane\/Ugelli_Classici\/LAMA-DACQUA.jpg\" \/>\n\t<meta property=\"og:image:width\" content=\"1300\" \/>\n\t<meta property=\"og:image:height\" content=\"975\" \/>\n\t<meta property=\"og:image:type\" content=\"image\/jpeg\" \/>\n<meta name=\"twitter:card\" content=\"summary_large_image\" \/>\n<meta name=\"twitter:label1\" content=\"Dur\u00e9e de lecture estim\u00e9e\" \/>\n\t<meta name=\"twitter:data1\" content=\"2 minutes\" \/>\n<!-- \/ Yoast SEO plugin. -->","yoast_head_json":{"title":"Ajutage pour fontaines Lama d'acqua - Cascade","description":"Le Lama d'acqua est un ajutage pour fontaines en laiton, ind\u00e9pendant du niveau d'eau. L'effet est une grande lame d'eau compacte.","robots":{"index":"index","follow":"follow","max-snippet":"max-snippet:-1","max-image-preview":"max-image-preview:large","max-video-preview":"max-video-preview:-1"},"canonical":"https:\/\/www.cascade.it\/fr\/prodotto\/ajutage-lama-dacqua\/","og_locale":"fr_FR","og_type":"article","og_title":"Ajutage pour fontaines Lama d'acqua - Cascade","og_description":"Le Lama d'acqua est un ajutage pour fontaines en laiton, ind\u00e9pendant du niveau d'eau. L'effet est une grande lame d'eau compacte.","og_url":"https:\/\/www.cascade.it\/fr\/prodotto\/ajutage-lama-dacqua\/","og_site_name":"Cascade","article_modified_time":"2022-07-01T10:40:56+00:00","og_image":[{"width":1300,"height":975,"url":"https:\/\/www.cascade.it\/new\/wp-content\/uploads\/Prodotti\/Ugelli_per_fontane\/Ugelli_Classici\/LAMA-DACQUA.jpg","type":"image\/jpeg"}],"twitter_card":"summary_large_image","twitter_misc":{"Dur\u00e9e de lecture estim\u00e9e":"2 minutes"},"schema":{"@context":"https:\/\/schema.org","@graph":[{"@type":"WebPage","@id":"https:\/\/www.cascade.it\/fr\/prodotto\/ajutage-lama-dacqua\/","url":"https:\/\/www.cascade.it\/fr\/prodotto\/ajutage-lama-dacqua\/","name":"Ajutage pour fontaines Lama d'acqua - Cascade","isPartOf":{"@id":"https:\/\/www.cascade.it\/fr\/#website"},"primaryImageOfPage":{"@id":"https:\/\/www.cascade.it\/fr\/prodotto\/ajutage-lama-dacqua\/#primaryimage"},"image":{"@id":"https:\/\/www.cascade.it\/fr\/prodotto\/ajutage-lama-dacqua\/#primaryimage"},"thumbnailUrl":"https:\/\/www.cascade.it\/new\/wp-content\/uploads\/Prodotti\/Ugelli_per_fontane\/Ugelli_Classici\/LAMA-DACQUA.jpg","datePublished":"2019-02-15T09:03:28+00:00","dateModified":"2022-07-01T10:40:56+00:00","description":"Le Lama d'acqua est un ajutage pour fontaines en laiton, ind\u00e9pendant du niveau d'eau. L'effet est une grande lame d'eau compacte.","breadcrumb":{"@id":"https:\/\/www.cascade.it\/fr\/prodotto\/ajutage-lama-dacqua\/#breadcrumb"},"inLanguage":"fr-FR","potentialAction":[{"@type":"ReadAction","target":["https:\/\/www.cascade.it\/fr\/prodotto\/ajutage-lama-dacqua\/"]}]},{"@type":"ImageObject","inLanguage":"fr-FR","@id":"https:\/\/www.cascade.it\/fr\/prodotto\/ajutage-lama-dacqua\/#primaryimage","url":"https:\/\/www.cascade.it\/new\/wp-content\/uploads\/Prodotti\/Ugelli_per_fontane\/Ugelli_Classici\/LAMA-DACQUA.jpg","contentUrl":"https:\/\/www.cascade.it\/new\/wp-content\/uploads\/Prodotti\/Ugelli_per_fontane\/Ugelli_Classici\/LAMA-DACQUA.jpg","width":1300,"height":975},{"@type":"BreadcrumbList","@id":"https:\/\/www.cascade.it\/fr\/prodotto\/ajutage-lama-dacqua\/#breadcrumb","itemListElement":[{"@type":"ListItem","position":1,"name":"Home","item":"https:\/\/www.cascade.it\/fr\/"},{"@type":"ListItem","position":2,"name":"Boutique","item":"https:\/\/www.cascade.it\/fr\/boutique\/"},{"@type":"ListItem","position":3,"name":"Lama d&rsquo;acqua"}]},{"@type":"WebSite","@id":"https:\/\/www.cascade.it\/fr\/#website","url":"https:\/\/www.cascade.it\/fr\/","name":"Cascade","description":"More than a fountain","potentialAction":[{"@type":"SearchAction","target":{"@type":"EntryPoint","urlTemplate":"https:\/\/www.cascade.it\/fr\/?s={search_term_string}"},"query-input":{"@type":"PropertyValueSpecification","valueRequired":true,"valueName":"search_term_string"}}],"inLanguage":"fr-FR"}]}},"_links":{"self":[{"href":"https:\/\/www.cascade.it\/fr\/wp-json\/wp\/v2\/product\/3362","targetHints":{"allow":["GET"]}}],"collection":[{"href":"https:\/\/www.cascade.it\/fr\/wp-json\/wp\/v2\/product"}],"about":[{"href":"https:\/\/www.cascade.it\/fr\/wp-json\/wp\/v2\/types\/product"}],"wp:featuredmedia":[{"embeddable":true,"href":"https:\/\/www.cascade.it\/fr\/wp-json\/wp\/v2\/media\/3363"}],"wp:attachment":[{"href":"https:\/\/www.cascade.it\/fr\/wp-json\/wp\/v2\/media?parent=3362"}],"wp:term":[{"taxonomy":"product_brand","embeddable":true,"href":"https:\/\/www.cascade.it\/fr\/wp-json\/wp\/v2\/product_brand?post=3362"},{"taxonomy":"product_cat","embeddable":true,"href":"https:\/\/www.cascade.it\/fr\/wp-json\/wp\/v2\/product_cat?post=3362"},{"taxonomy":"product_tag","embeddable":true,"href":"https:\/\/www.cascade.it\/fr\/wp-json\/wp\/v2\/product_tag?post=3362"}],"curies":[{"name":"wp","href":"https:\/\/api.w.org\/{rel}","templated":true}]}}