{"id":3350,"date":"2019-02-15T10:00:49","date_gmt":"2019-02-15T09:00:49","guid":{"rendered":"https:\/\/www.cascade.it\/new\/prodotto\/geiser\/"},"modified":"2023-01-09T12:42:55","modified_gmt":"2023-01-09T11:42:55","slug":"ajutage-geiser","status":"publish","type":"product","link":"https:\/\/www.cascade.it\/fr\/prodotto\/ajutage-geiser\/","title":{"rendered":"Geiser"},"content":{"rendered":"<p>&nbsp;<\/p>\n<div class=\"carousel-slider-outer carousel-slider-outer-image-carousel carousel-slider-outer-1469\" style=\"--carousel-slider-nav-color:#f1f1f1;--carousel-slider-active-nav-color:#00d1b2;--carousel-slider-arrow-size:48px;--carousel-slider-bullet-size:10px\">\n<div id=\"&#039;id-1469\" class=\"carousel-slider carousel-slider-1469 arrows-visibility-hover dots-visibility-never arrows-outside dots-center dots-square owl-carousel\" data-slide-type=\"image-carousel\" data-owl-settings='{\"nav\":true,\"dots\":false,\"slideBy\":1,\"stagePadding\":0,\"margin\":10,\"loop\":true,\"lazyLoad\":true,\"autoplay\":true,\"autoplayTimeout\":5000,\"autoplaySpeed\":500,\"autoplayHoverPause\":true,\"autoWidth\":false,\"responsive\":{\"300\":{\"items\":1},\"576\":{\"items\":2},\"768\":{\"items\":2},\"1024\":{\"items\":3},\"1280\":{\"items\":3},\"1536\":{\"items\":3}}}'>\n<div class=\"carousel-slider__item\">\n\t<img class=\"owl-lazy\" data-src=\"https:\/\/www.cascade.it\/new\/wp-content\/uploads\/2019\/07\/Geiser-20-40-60.jpg\" alt=\"\"><\/a><\/div>\n\n<div class=\"carousel-slider__item\">\n\t<img class=\"owl-lazy\" data-src=\"https:\/\/www.cascade.it\/new\/wp-content\/uploads\/2019\/07\/Geiser-80-100.jpg\" alt=\"\"><\/a><\/div>\n\n<div class=\"carousel-slider__item\">\n\t<img class=\"owl-lazy\" data-src=\"https:\/\/www.cascade.it\/new\/wp-content\/uploads\/2019\/07\/5-Geiser-60.jpg\" alt=\"\"><\/a><\/div>\n\n<div class=\"carousel-slider__item\">\n\t<img class=\"owl-lazy\" data-src=\"https:\/\/www.cascade.it\/new\/wp-content\/uploads\/2019\/07\/4-Geiser-60.jpg\" alt=\"\"><\/a><\/div>\n\n<div class=\"carousel-slider__item\">\n\t<img class=\"owl-lazy\" data-src=\"https:\/\/www.cascade.it\/new\/wp-content\/uploads\/2019\/07\/3-Geiser-40.jpg\" alt=\"\"><\/a><\/div>\n\n<div class=\"carousel-slider__item\">\n\t<img class=\"owl-lazy\" data-src=\"https:\/\/www.cascade.it\/new\/wp-content\/uploads\/2019\/07\/2-Geiser-40.jpg\" alt=\"\"><\/a><\/div>\n\n<div class=\"carousel-slider__item\">\n\t<img class=\"owl-lazy\" data-src=\"https:\/\/www.cascade.it\/new\/wp-content\/uploads\/2019\/07\/1-Geiser-20.jpg\" alt=\"\"><\/a><\/div>\n\n<div class=\"carousel-slider__item\">\n\t<img class=\"owl-lazy\" data-src=\"https:\/\/www.cascade.it\/new\/wp-content\/uploads\/2019\/07\/7-Geiser-100.jpg\" alt=\"\"><\/a><\/div>\n\n<div class=\"carousel-slider__item\">\n\t<img class=\"owl-lazy\" data-src=\"https:\/\/www.cascade.it\/new\/wp-content\/uploads\/2019\/07\/6-Geiser-80.jpg\" alt=\"\"><\/a><\/div>\n\n<\/div><!-- .carousel-slider-1469 -->\n<\/div><!-- .carousel-slider-outer-1469 -->\n\n<h1><span style=\"color: #1e73be;\">Ajutage Geiser pour fontaines<\/span><\/h1>\n<p><strong>L\u2019ajutage pour fontaines<\/strong> de type <strong>Geiser<\/strong> est enti\u00e8rement en <strong>laiton et bronze<\/strong> et il est <strong>\u00e9quip\u00e9 d&rsquo;une bride<\/strong> pour un r\u00e9glage axial.<\/p>\n<p>Son fonctionnement <strong>d\u00e9pend<\/strong> du niveau d&rsquo;eau et repose sur un <strong>m\u00e9lange air-eau \u00e9lev\u00e9<\/strong>.<\/p>\n<p>L&rsquo;effet obtenu est un <strong>jet moussant compact<\/strong>.<\/p>\n<p>&nbsp;<\/p>\n<h3>Conseils d&rsquo;utilisation et applications<\/h3>\n<p>La <strong>bride incluse<\/strong> dans l\u2019ajutage rend le r\u00e9glage axial du jet <strong>facile<\/strong>, <strong>rapide<\/strong> et <strong>durable<\/strong>. Une fois le jet r\u00e9gl\u00e9, la bride boulonn\u00e9e <strong>emp\u00eache<\/strong> l\u2019ajutage de <strong>se d\u00e9placer<\/strong> accidentellement.<\/p>\n<p>Le m\u00e9lange \u00e9lev\u00e9 d&rsquo;air et d&rsquo;eau rend le jet tr\u00e8s <strong>cors\u00e9<\/strong> et <strong>clairement visible<\/strong>, m\u00eame \u00e0 distance en fonction de l\u2019hauteur. Id\u00e9al pour les <strong>bassins moyens et grands<\/strong>, gr\u00e2ce au grand mouvement de l&rsquo;eau produite (voir la section <a href=\"https:\/\/www.cascade.it\/fr\/produits\/fontaines-pretes-preassemblees\/\"><span style=\"text-decoration: underline;\"><strong>FONTAINES PR<\/strong><strong>\u00ca<\/strong><strong>TES PR<\/strong><strong>\u00c9<\/strong><strong>-ASSEMBL<\/strong><strong>\u00c9<\/strong><strong>ES<\/strong><\/span><\/a>).<\/p>\n<p>Le corps du jet le rend \u00e9galement <strong>r\u00e9sistant au vent mod\u00e9r\u00e9<\/strong>.<\/p>\n<p>Pour obtenir un fonctionnement correct du jet, qui d\u00e9pend du niveau de l&rsquo;eau, et pour \u00e9viter \u00ab\u00a0<strong>l&rsquo;effet de vague<\/strong>\u00a0\u00bb avec un hoquet croissant du jet, nous recommandons d&rsquo;utiliser l\u2019ajutage Geiser dans les <strong>grands bassins<\/strong> et \u00e9ventuellement <strong>\u00e0<\/strong> <strong>d\u00e9bordement<\/strong>. Lorsque cela n&rsquo;est pas possible, nous recommandons l&rsquo;utilisation de <a href=\"https:\/\/www.cascade.it\/fr\/prodotto\/anneau-brise-lames\/\"><span style=\"text-decoration: underline;\"><strong>l&rsquo;anneau brise-lames<\/strong><\/span><\/a> (voir la section <a href=\"https:\/\/www.cascade.it\/fr\/produits\/accessoires-hydrauliques-pour-fontaines\/\"><span style=\"text-decoration: underline;\"><strong>ACCESSOIRES HYDRAULIQUES POUR FONTAINES<\/strong><\/span><\/a>).<\/p>\n<p><strong>\u00c9clairage immerg\u00e9<\/strong>: pour enrichir l&rsquo;effet d\u2019eau avec des jeux de lumi\u00e8re monochromatique ou RGBW, nous recommandons l&rsquo;utilisation des <a href=\"https:\/\/www.cascade.it\/fr\/produits\/eclairage-immerge-led\/projecteurs-led-mizar\/\"><span style=\"text-decoration: underline;\"><strong>projecteurs LED immerg\u00e9s pour fontaines de la s\u00e9rie Mizar<\/strong><\/span><\/a>, des produits professionnels sp\u00e9cifiques pour une utilisation dans les fontaines, avec un design \u00e9l\u00e9gant, une technologie \u00e0 la pointe et extraordinaire effets de lumi\u00e8re.<\/p>\n<p>&nbsp;<\/p>\n<h3>Donn\u00e9es techniques<\/h3>\n<div style=\"overflow-x: auto;\">\n<table width=\"895\">\n<tbody>\n<tr>\n<td width=\"93\"><strong>\u00a0<\/strong><\/td>\n<td class=\"thHorz\" width=\"155\">Geiser 20<\/td>\n<td class=\"thHorz\" width=\"168\">Geiser 40<\/td>\n<td class=\"thHorz\" width=\"160\">Geiser 60<\/td>\n<td class=\"thHorz\" width=\"160\">Geiser 80<\/td>\n<td class=\"thHorz\" width=\"160\">Geiser 100<\/td>\n<\/tr>\n<tr>\n<td class=\"thVert\" width=\"93\">Code<\/td>\n<td width=\"155\">GE20<\/td>\n<td width=\"168\">GE40<\/td>\n<td width=\"160\">GE60<\/td>\n<td width=\"160\">GE80<\/td>\n<td width=\"160\">GE100<\/td>\n<\/tr>\n<tr>\n<td class=\"thVert\" width=\"93\">\u00f8 jet<\/td>\n<td width=\"155\">24 mm<\/td>\n<td width=\"168\">45 mm<\/td>\n<td width=\"160\">60 mm<\/td>\n<td width=\"160\">80 mm<\/td>\n<td width=\"160\">100 mm<\/td>\n<\/tr>\n<tr>\n<td class=\"thVert\" width=\"93\">Hauteur max*<\/td>\n<td width=\"155\">6 m<\/td>\n<td width=\"168\">10 m<\/td>\n<td width=\"160\">10 m<\/td>\n<td width=\"160\">10 m<\/td>\n<td width=\"160\">30 m<\/td>\n<\/tr>\n<tr>\n<td class=\"thVert\" width=\"93\">Connexion<\/td>\n<td width=\"155\">1\u201d F<\/td>\n<td width=\"168\">1 1\/2\u201d F<\/td>\n<td width=\"160\">2\u201d F<\/td>\n<td width=\"160\">2 1\/2\u201d F<\/td>\n<td width=\"160\">3\u201d F<\/td>\n<\/tr>\n<tr>\n<td class=\"thVert\" width=\"93\">Mat\u00e9riel<\/td>\n<td width=\"155\">Laiton et bronze<\/td>\n<td width=\"168\">Laiton et bronze<\/td>\n<td width=\"160\">Laiton et bronze<\/td>\n<td width=\"160\">Laiton et bronze<\/td>\n<td width=\"160\">Laiton et bronze<\/td>\n<\/tr>\n<tr>\n<td class=\"thVert\" width=\"93\">Poids<\/td>\n<td width=\"155\">1,8 Kg<\/td>\n<td width=\"168\">4,2 Kg<\/td>\n<td width=\"160\">8 Kg<\/td>\n<td width=\"160\">12,5 Kg<\/td>\n<td width=\"160\">25,7 Kg<\/td>\n<\/tr>\n<\/tbody>\n<\/table>\n<\/div>\n<p>*Hauteur max conseill\u00e9e du jet d&rsquo;eau.<\/p>\n<p>&nbsp;<\/p>\n<h3>Downloads<\/h3>\n<div class=\"divide-line text-left\"><\/div>\n<div>\n<div style=\"float: left; padding: 5px; text-align: center; width: 150px;\"><a href=\"https:\/\/www.cascade.it\/new\/wp-content\/uploads\/2023\/01\/CASCADE-Geiser-FR.pdf\" target=\"_blank\" rel=\"noopener\"><img loading=\"lazy\" decoding=\"async\" class=\"alignnone wp-image-783\" src=\"https:\/\/www.cascade.it\/new\/wp-content\/uploads\/2019\/02\/pdf-icon-png-7.jpg\" alt=\"\" width=\"91\" height=\"91\" srcset=\"https:\/\/www.cascade.it\/new\/wp-content\/uploads\/2019\/02\/pdf-icon-png-7.jpg 254w, https:\/\/www.cascade.it\/new\/wp-content\/uploads\/2019\/02\/pdf-icon-png-7-150x150.jpg 150w, https:\/\/www.cascade.it\/new\/wp-content\/uploads\/2019\/02\/pdf-icon-png-7-100x100.jpg 100w\" sizes=\"auto, (max-width: 91px) 100vw, 91px\" \/><\/a><br \/>\nFiche technique<\/div>\n<div style=\"clear: both;\"><\/div>\n<\/div>\n","protected":false},"excerpt":{"rendered":"<p>&nbsp; Ajutage Geiser pour fontaines L\u2019ajutage pour fontaines de type Geiser est enti\u00e8rement en laiton et bronze et il est \u00e9quip\u00e9 d&rsquo;une bride pour un r\u00e9glage axial. Son fonctionnement d\u00e9pend du niveau d&rsquo;eau et repose sur un m\u00e9lange air-eau \u00e9lev\u00e9. L&rsquo;effet obtenu est un jet moussant compact. &nbsp; Conseils d&rsquo;utilisation et applications La bride incluse [&hellip;]<\/p>\n","protected":false},"featured_media":3351,"template":"","meta":[],"product_brand":[],"product_cat":[319],"product_tag":[],"class_list":{"0":"post-3350","1":"product","2":"type-product","3":"status-publish","4":"has-post-thumbnail","6":"product_cat-ajutages-classiques","8":"first","9":"instock","10":"shipping-taxable","11":"product-type-simple"},"yoast_head":"<!-- This site is optimized with the Yoast SEO plugin v26.7 - https:\/\/yoast.com\/wordpress\/plugins\/seo\/ -->\n<title>Ajutage pour fontaines Geiser - Cascade<\/title>\n<meta name=\"description\" content=\"L\u2019ajutage pour fontaines de type Geiser est enti\u00e8rement en laiton et bronze, \u00e9quip\u00e9 d&#039;une bride pour un r\u00e9glage axial. L&#039;effet est un jet moussant compact.\" \/>\n<meta name=\"robots\" content=\"index, follow, max-snippet:-1, max-image-preview:large, max-video-preview:-1\" \/>\n<link rel=\"canonical\" href=\"https:\/\/www.cascade.it\/fr\/prodotto\/ajutage-geiser\/\" \/>\n<meta property=\"og:locale\" content=\"fr_FR\" \/>\n<meta property=\"og:type\" content=\"article\" \/>\n<meta property=\"og:title\" content=\"Ajutage pour fontaines Geiser - Cascade\" \/>\n<meta property=\"og:description\" content=\"L\u2019ajutage pour fontaines de type Geiser est enti\u00e8rement en laiton et bronze, \u00e9quip\u00e9 d&#039;une bride pour un r\u00e9glage axial. L&#039;effet est un jet moussant compact.\" \/>\n<meta property=\"og:url\" content=\"https:\/\/www.cascade.it\/fr\/prodotto\/ajutage-geiser\/\" \/>\n<meta property=\"og:site_name\" content=\"Cascade\" \/>\n<meta property=\"article:modified_time\" content=\"2023-01-09T11:42:55+00:00\" \/>\n<meta property=\"og:image\" content=\"https:\/\/www.cascade.it\/new\/wp-content\/uploads\/Prodotti\/Ugelli_per_fontane\/Ugelli_Classici\/GEISER.jpg\" \/>\n\t<meta property=\"og:image:width\" content=\"1300\" \/>\n\t<meta property=\"og:image:height\" content=\"975\" \/>\n\t<meta property=\"og:image:type\" content=\"image\/jpeg\" \/>\n<meta name=\"twitter:card\" content=\"summary_large_image\" \/>\n<meta name=\"twitter:label1\" content=\"Dur\u00e9e de lecture estim\u00e9e\" \/>\n\t<meta name=\"twitter:data1\" content=\"2 minutes\" \/>\n<!-- \/ Yoast SEO plugin. -->","yoast_head_json":{"title":"Ajutage pour fontaines Geiser - Cascade","description":"L\u2019ajutage pour fontaines de type Geiser est enti\u00e8rement en laiton et bronze, \u00e9quip\u00e9 d'une bride pour un r\u00e9glage axial. L'effet est un jet moussant compact.","robots":{"index":"index","follow":"follow","max-snippet":"max-snippet:-1","max-image-preview":"max-image-preview:large","max-video-preview":"max-video-preview:-1"},"canonical":"https:\/\/www.cascade.it\/fr\/prodotto\/ajutage-geiser\/","og_locale":"fr_FR","og_type":"article","og_title":"Ajutage pour fontaines Geiser - Cascade","og_description":"L\u2019ajutage pour fontaines de type Geiser est enti\u00e8rement en laiton et bronze, \u00e9quip\u00e9 d'une bride pour un r\u00e9glage axial. L'effet est un jet moussant compact.","og_url":"https:\/\/www.cascade.it\/fr\/prodotto\/ajutage-geiser\/","og_site_name":"Cascade","article_modified_time":"2023-01-09T11:42:55+00:00","og_image":[{"width":1300,"height":975,"url":"https:\/\/www.cascade.it\/new\/wp-content\/uploads\/Prodotti\/Ugelli_per_fontane\/Ugelli_Classici\/GEISER.jpg","type":"image\/jpeg"}],"twitter_card":"summary_large_image","twitter_misc":{"Dur\u00e9e de lecture estim\u00e9e":"2 minutes"},"schema":{"@context":"https:\/\/schema.org","@graph":[{"@type":"WebPage","@id":"https:\/\/www.cascade.it\/fr\/prodotto\/ajutage-geiser\/","url":"https:\/\/www.cascade.it\/fr\/prodotto\/ajutage-geiser\/","name":"Ajutage pour fontaines Geiser - Cascade","isPartOf":{"@id":"https:\/\/www.cascade.it\/fr\/#website"},"primaryImageOfPage":{"@id":"https:\/\/www.cascade.it\/fr\/prodotto\/ajutage-geiser\/#primaryimage"},"image":{"@id":"https:\/\/www.cascade.it\/fr\/prodotto\/ajutage-geiser\/#primaryimage"},"thumbnailUrl":"https:\/\/www.cascade.it\/new\/wp-content\/uploads\/Prodotti\/Ugelli_per_fontane\/Ugelli_Classici\/GEISER.jpg","datePublished":"2019-02-15T09:00:49+00:00","dateModified":"2023-01-09T11:42:55+00:00","description":"L\u2019ajutage pour fontaines de type Geiser est enti\u00e8rement en laiton et bronze, \u00e9quip\u00e9 d'une bride pour un r\u00e9glage axial. L'effet est un jet moussant compact.","breadcrumb":{"@id":"https:\/\/www.cascade.it\/fr\/prodotto\/ajutage-geiser\/#breadcrumb"},"inLanguage":"fr-FR","potentialAction":[{"@type":"ReadAction","target":["https:\/\/www.cascade.it\/fr\/prodotto\/ajutage-geiser\/"]}]},{"@type":"ImageObject","inLanguage":"fr-FR","@id":"https:\/\/www.cascade.it\/fr\/prodotto\/ajutage-geiser\/#primaryimage","url":"https:\/\/www.cascade.it\/new\/wp-content\/uploads\/Prodotti\/Ugelli_per_fontane\/Ugelli_Classici\/GEISER.jpg","contentUrl":"https:\/\/www.cascade.it\/new\/wp-content\/uploads\/Prodotti\/Ugelli_per_fontane\/Ugelli_Classici\/GEISER.jpg","width":1300,"height":975},{"@type":"BreadcrumbList","@id":"https:\/\/www.cascade.it\/fr\/prodotto\/ajutage-geiser\/#breadcrumb","itemListElement":[{"@type":"ListItem","position":1,"name":"Home","item":"https:\/\/www.cascade.it\/fr\/"},{"@type":"ListItem","position":2,"name":"Boutique","item":"https:\/\/www.cascade.it\/fr\/boutique\/"},{"@type":"ListItem","position":3,"name":"Geiser"}]},{"@type":"WebSite","@id":"https:\/\/www.cascade.it\/fr\/#website","url":"https:\/\/www.cascade.it\/fr\/","name":"Cascade","description":"More than a fountain","potentialAction":[{"@type":"SearchAction","target":{"@type":"EntryPoint","urlTemplate":"https:\/\/www.cascade.it\/fr\/?s={search_term_string}"},"query-input":{"@type":"PropertyValueSpecification","valueRequired":true,"valueName":"search_term_string"}}],"inLanguage":"fr-FR"}]}},"_links":{"self":[{"href":"https:\/\/www.cascade.it\/fr\/wp-json\/wp\/v2\/product\/3350","targetHints":{"allow":["GET"]}}],"collection":[{"href":"https:\/\/www.cascade.it\/fr\/wp-json\/wp\/v2\/product"}],"about":[{"href":"https:\/\/www.cascade.it\/fr\/wp-json\/wp\/v2\/types\/product"}],"wp:featuredmedia":[{"embeddable":true,"href":"https:\/\/www.cascade.it\/fr\/wp-json\/wp\/v2\/media\/3351"}],"wp:attachment":[{"href":"https:\/\/www.cascade.it\/fr\/wp-json\/wp\/v2\/media?parent=3350"}],"wp:term":[{"taxonomy":"product_brand","embeddable":true,"href":"https:\/\/www.cascade.it\/fr\/wp-json\/wp\/v2\/product_brand?post=3350"},{"taxonomy":"product_cat","embeddable":true,"href":"https:\/\/www.cascade.it\/fr\/wp-json\/wp\/v2\/product_cat?post=3350"},{"taxonomy":"product_tag","embeddable":true,"href":"https:\/\/www.cascade.it\/fr\/wp-json\/wp\/v2\/product_tag?post=3350"}],"curies":[{"name":"wp","href":"https:\/\/api.w.org\/{rel}","templated":true}]}}