{"id":3346,"date":"2019-02-15T09:59:59","date_gmt":"2019-02-15T08:59:59","guid":{"rendered":"https:\/\/www.cascade.it\/new\/prodotto\/fontana-a-fili\/"},"modified":"2020-07-23T16:11:22","modified_gmt":"2020-07-23T14:11:22","slug":"ajutage-fontaine-fils","status":"publish","type":"product","link":"https:\/\/www.cascade.it\/fr\/prodotto\/ajutage-fontaine-fils\/","title":{"rendered":"Fontaine \u00e0 fils"},"content":{"rendered":"<p>&nbsp;<\/p>\n<div class=\"carousel-slider-outer carousel-slider-outer-image-carousel carousel-slider-outer-1466\" style=\"--carousel-slider-nav-color:#f1f1f1;--carousel-slider-active-nav-color:#00d1b2;--carousel-slider-arrow-size:48px;--carousel-slider-bullet-size:10px\">\n<div id=\"&#039;id-1466\" class=\"carousel-slider carousel-slider-1466 arrows-visibility-hover dots-visibility-never arrows-outside dots-center dots-square owl-carousel\" data-slide-type=\"image-carousel\" data-owl-settings='{\"nav\":true,\"dots\":false,\"slideBy\":1,\"stagePadding\":0,\"margin\":10,\"loop\":true,\"lazyLoad\":true,\"autoplay\":true,\"autoplayTimeout\":5000,\"autoplaySpeed\":500,\"autoplayHoverPause\":true,\"autoWidth\":false,\"responsive\":{\"300\":{\"items\":1},\"576\":{\"items\":2},\"768\":{\"items\":2},\"1024\":{\"items\":3},\"1280\":{\"items\":3},\"1536\":{\"items\":3}}}'>\n<div class=\"carousel-slider__item\">\n\t<img class=\"owl-lazy\" data-src=\"https:\/\/www.cascade.it\/new\/wp-content\/uploads\/2020\/06\/Ugello-per-fontana-a-fili.jpg\" alt=\"\"><\/a><\/div>\n\n<div class=\"carousel-slider__item\">\n\t<img class=\"owl-lazy\" data-src=\"https:\/\/www.cascade.it\/new\/wp-content\/uploads\/2019\/07\/2-Fontana-a-fili.jpg\" alt=\"\"><\/a><\/div>\n\n<div class=\"carousel-slider__item\">\n\t<img class=\"owl-lazy\" data-src=\"https:\/\/www.cascade.it\/new\/wp-content\/uploads\/2019\/07\/1-Fontana-a-fili.jpg\" alt=\"\"><\/a><\/div>\n\n<\/div><!-- .carousel-slider-1466 -->\n<\/div><!-- .carousel-slider-outer-1466 -->\n\n<h1><span style=\"color: #1e73be;\">Fontaine \u00e0 fils<\/span><\/h1>\n<p>La <strong>Fontaine \u00e0 fils<\/strong> est compos\u00e9e d&rsquo;une s\u00e9rie de fils en <strong>mat\u00e9riau sp\u00e9cial<\/strong>, sur lesquels coule de l&rsquo;eau.<\/p>\n<p>Composants pour la r\u00e9alisation de la Fontaine \u00e0 fils:<\/p>\n<ul>\n<li><strong>Ajutage en laiton<\/strong> \u00e0 monter en s\u00e9rie sur un collecteur sp\u00e9cifique. Connexion <strong>3\/8&Prime;<\/strong>. \u00c9galement disponible dans la version avec dispositif de <strong>contr\u00f4le de d\u00e9bit<\/strong>.<\/li>\n<li><strong>Fil sp\u00e9cial<\/strong> en mat\u00e9riau transparent, sur lequel coule de l&rsquo;eau.<\/li>\n<li><strong>Poids du tendeur<\/strong>, en <strong>laiton<\/strong>, il est indispensable pour \u00e9tirer le fil sp\u00e9cial et le maintenir vertical.<\/li>\n<li><strong>Barre d&rsquo;espacement<\/strong>, \u00e0 immerger dans l&rsquo;eau, en <strong>acier inoxydable<\/strong> et indispensable pour maintenir la distance centrale des fils constante et les emp\u00eacher de se balancer.<\/li>\n<li><strong>Le collecteur<\/strong>, en <strong>acier inoxydable<\/strong> et <strong>perfor\u00e9<\/strong> pour la fixation des ajutages, il est fabriqu\u00e9 <strong>sur demande<\/strong> du client.<\/li>\n<\/ul>\n<p>&nbsp;<\/p>\n<h3>Conseils d&rsquo;utilisation et applications<\/h3>\n<p>Le Fontaine \u00e0 fils est un effet <strong>id\u00e9al pour les int\u00e9rieurs<\/strong>, car elle est <strong>silencieuse<\/strong> et <strong>sans \u00e9claboussures<\/strong>.<\/p>\n<p>Il suffit d&rsquo;avoir un petit <strong>bassin de collecte d&rsquo;eau<\/strong> comme, par exemple, notre vasque <a href=\"https:\/\/www.cascade.it\/fr\/prodotto\/lipari\/\"><span style=\"text-decoration: underline;\"><strong>Lipari<\/strong><\/span><\/a> (voir la section <a href=\"https:\/\/www.cascade.it\/fr\/produits\/fontaines-pretes-preassemblees\/\"><span style=\"text-decoration: underline;\"><strong>FONTAINES PR<\/strong><strong>\u00ca<\/strong><strong>TES PR<\/strong><strong>\u00c9<\/strong><strong>-ASSEMBL<\/strong><strong>\u00c9<\/strong><strong>ES<\/strong><\/span><\/a>).<\/p>\n<p>Les ajutages pour la Fontaine \u00e0 fils sont adapt\u00e9s au <strong>montage sur des collecteurs<\/strong> en pression: cela vous permet de choisir d&rsquo;avoir <strong>plus ou moins d&rsquo;eau<\/strong>, contrairement \u00e0 d&rsquo;autres solutions o\u00f9 l&rsquo;eau coule en tombant d&rsquo;un canal ou d&rsquo;un plateau.<\/p>\n<p><strong>\u00c9clairage immerg\u00e9<\/strong>: pour enrichir l&rsquo;effet d\u2019eau avec des jeux de lumi\u00e8re monochromatique ou RGBW, nous recommandons l&rsquo;utilisation des <a href=\"https:\/\/www.cascade.it\/fr\/produits\/eclairage-immerge-led\/projecteurs-led-mizar\/\"><span style=\"text-decoration: underline;\"><strong>projecteurs LED immerg\u00e9s pour fontaines de la s\u00e9rie Mizar<\/strong><\/span><\/a>, des produits professionnels sp\u00e9cifiques pour une utilisation dans les fontaines, avec un design \u00e9l\u00e9gant, une technologie \u00e0 la pointe et extraordinaire effets de lumi\u00e8re.<\/p>\n<p>&nbsp;<\/p>\n<h3>Donn\u00e9es techniques<\/h3>\n<div style=\"overflow-x: auto;\">\n<table width=\"837\">\n<tbody>\n<tr>\n<td width=\"111\"><strong>\u00a0<\/strong><\/td>\n<td class=\"thHorz\" width=\"97\">Ajutage base<\/td>\n<td class=\"thHorz\" width=\"130\">Ajutage avec r\u00e9glage<\/td>\n<td class=\"thHorz\" width=\"119\">Fil sp\u00e9cial<\/td>\n<td class=\"thHorz\" width=\"127\">Poids tendeur<\/td>\n<td class=\"thHorz\" width=\"127\">Barre d&rsquo;espacement<\/td>\n<td class=\"thHorz\" width=\"127\">Collecteur<\/td>\n<\/tr>\n<tr>\n<td class=\"thVert\" width=\"111\">Code<\/td>\n<td width=\"97\">FF1<\/td>\n<td width=\"130\">FF1R<\/td>\n<td width=\"119\">FF2<\/td>\n<td width=\"127\">FF3<\/td>\n<td width=\"127\">FF4<\/td>\n<td width=\"127\">Su richiesta<\/td>\n<\/tr>\n<tr>\n<td class=\"thVert\" width=\"111\">Mat\u00e9riel<\/td>\n<td width=\"97\">Laiton<\/td>\n<td width=\"130\">Laiton<\/td>\n<td width=\"119\">Mat\u00e9riel sp\u00e9cial<\/td>\n<td width=\"127\">Laiton<\/td>\n<td width=\"127\">Acier inox<\/td>\n<td width=\"127\">Acier inox<\/td>\n<\/tr>\n<\/tbody>\n<\/table>\n<\/div>\n","protected":false},"excerpt":{"rendered":"<p>&nbsp; Fontaine \u00e0 fils La Fontaine \u00e0 fils est compos\u00e9e d&rsquo;une s\u00e9rie de fils en mat\u00e9riau sp\u00e9cial, sur lesquels coule de l&rsquo;eau. Composants pour la r\u00e9alisation de la Fontaine \u00e0 fils: Ajutage en laiton \u00e0 monter en s\u00e9rie sur un collecteur sp\u00e9cifique. Connexion 3\/8&Prime;. \u00c9galement disponible dans la version avec dispositif de contr\u00f4le de d\u00e9bit. [&hellip;]<\/p>\n","protected":false},"featured_media":3347,"template":"","meta":[],"product_brand":[],"product_cat":[319],"product_tag":[],"class_list":{"0":"post-3346","1":"product","2":"type-product","3":"status-publish","4":"has-post-thumbnail","6":"product_cat-ajutages-classiques","8":"first","9":"instock","10":"shipping-taxable","11":"product-type-simple"},"yoast_head":"<!-- This site is optimized with the Yoast SEO plugin v26.7 - https:\/\/yoast.com\/wordpress\/plugins\/seo\/ -->\n<title>Fontaine \u00e0 fils - Cascade<\/title>\n<meta name=\"description\" content=\"La Fontaine \u00e0 fils est compos\u00e9e d&#039;une s\u00e9rie de fils en mat\u00e9riau sp\u00e9cial, sur lesquels coule de l&#039;eau. Effet id\u00e9al pour les int\u00e9rieurs\" \/>\n<meta name=\"robots\" content=\"index, follow, max-snippet:-1, max-image-preview:large, max-video-preview:-1\" \/>\n<link rel=\"canonical\" href=\"https:\/\/www.cascade.it\/fr\/prodotto\/ajutage-fontaine-fils\/\" \/>\n<meta property=\"og:locale\" content=\"fr_FR\" \/>\n<meta property=\"og:type\" content=\"article\" \/>\n<meta property=\"og:title\" content=\"Fontaine \u00e0 fils - Cascade\" \/>\n<meta property=\"og:description\" content=\"La Fontaine \u00e0 fils est compos\u00e9e d&#039;une s\u00e9rie de fils en mat\u00e9riau sp\u00e9cial, sur lesquels coule de l&#039;eau. Effet id\u00e9al pour les int\u00e9rieurs\" \/>\n<meta property=\"og:url\" content=\"https:\/\/www.cascade.it\/fr\/prodotto\/ajutage-fontaine-fils\/\" \/>\n<meta property=\"og:site_name\" content=\"Cascade\" \/>\n<meta property=\"article:modified_time\" content=\"2020-07-23T14:11:22+00:00\" \/>\n<meta property=\"og:image\" content=\"https:\/\/www.cascade.it\/new\/wp-content\/uploads\/Prodotti\/Ugelli_per_fontane\/Ugelli_Classici\/FONTANA-A-FILI.jpg\" \/>\n\t<meta property=\"og:image:width\" content=\"1300\" \/>\n\t<meta property=\"og:image:height\" content=\"975\" \/>\n\t<meta property=\"og:image:type\" content=\"image\/jpeg\" \/>\n<meta name=\"twitter:card\" content=\"summary_large_image\" \/>\n<meta name=\"twitter:label1\" content=\"Dur\u00e9e de lecture estim\u00e9e\" \/>\n\t<meta name=\"twitter:data1\" content=\"2 minutes\" \/>\n<!-- \/ Yoast SEO plugin. -->","yoast_head_json":{"title":"Fontaine \u00e0 fils - Cascade","description":"La Fontaine \u00e0 fils est compos\u00e9e d'une s\u00e9rie de fils en mat\u00e9riau sp\u00e9cial, sur lesquels coule de l'eau. Effet id\u00e9al pour les int\u00e9rieurs","robots":{"index":"index","follow":"follow","max-snippet":"max-snippet:-1","max-image-preview":"max-image-preview:large","max-video-preview":"max-video-preview:-1"},"canonical":"https:\/\/www.cascade.it\/fr\/prodotto\/ajutage-fontaine-fils\/","og_locale":"fr_FR","og_type":"article","og_title":"Fontaine \u00e0 fils - Cascade","og_description":"La Fontaine \u00e0 fils est compos\u00e9e d'une s\u00e9rie de fils en mat\u00e9riau sp\u00e9cial, sur lesquels coule de l'eau. Effet id\u00e9al pour les int\u00e9rieurs","og_url":"https:\/\/www.cascade.it\/fr\/prodotto\/ajutage-fontaine-fils\/","og_site_name":"Cascade","article_modified_time":"2020-07-23T14:11:22+00:00","og_image":[{"width":1300,"height":975,"url":"https:\/\/www.cascade.it\/new\/wp-content\/uploads\/Prodotti\/Ugelli_per_fontane\/Ugelli_Classici\/FONTANA-A-FILI.jpg","type":"image\/jpeg"}],"twitter_card":"summary_large_image","twitter_misc":{"Dur\u00e9e de lecture estim\u00e9e":"2 minutes"},"schema":{"@context":"https:\/\/schema.org","@graph":[{"@type":"WebPage","@id":"https:\/\/www.cascade.it\/fr\/prodotto\/ajutage-fontaine-fils\/","url":"https:\/\/www.cascade.it\/fr\/prodotto\/ajutage-fontaine-fils\/","name":"Fontaine \u00e0 fils - Cascade","isPartOf":{"@id":"https:\/\/www.cascade.it\/fr\/#website"},"primaryImageOfPage":{"@id":"https:\/\/www.cascade.it\/fr\/prodotto\/ajutage-fontaine-fils\/#primaryimage"},"image":{"@id":"https:\/\/www.cascade.it\/fr\/prodotto\/ajutage-fontaine-fils\/#primaryimage"},"thumbnailUrl":"https:\/\/www.cascade.it\/new\/wp-content\/uploads\/Prodotti\/Ugelli_per_fontane\/Ugelli_Classici\/FONTANA-A-FILI.jpg","datePublished":"2019-02-15T08:59:59+00:00","dateModified":"2020-07-23T14:11:22+00:00","description":"La Fontaine \u00e0 fils est compos\u00e9e d'une s\u00e9rie de fils en mat\u00e9riau sp\u00e9cial, sur lesquels coule de l'eau. Effet id\u00e9al pour les int\u00e9rieurs","breadcrumb":{"@id":"https:\/\/www.cascade.it\/fr\/prodotto\/ajutage-fontaine-fils\/#breadcrumb"},"inLanguage":"fr-FR","potentialAction":[{"@type":"ReadAction","target":["https:\/\/www.cascade.it\/fr\/prodotto\/ajutage-fontaine-fils\/"]}]},{"@type":"ImageObject","inLanguage":"fr-FR","@id":"https:\/\/www.cascade.it\/fr\/prodotto\/ajutage-fontaine-fils\/#primaryimage","url":"https:\/\/www.cascade.it\/new\/wp-content\/uploads\/Prodotti\/Ugelli_per_fontane\/Ugelli_Classici\/FONTANA-A-FILI.jpg","contentUrl":"https:\/\/www.cascade.it\/new\/wp-content\/uploads\/Prodotti\/Ugelli_per_fontane\/Ugelli_Classici\/FONTANA-A-FILI.jpg","width":1300,"height":975},{"@type":"BreadcrumbList","@id":"https:\/\/www.cascade.it\/fr\/prodotto\/ajutage-fontaine-fils\/#breadcrumb","itemListElement":[{"@type":"ListItem","position":1,"name":"Home","item":"https:\/\/www.cascade.it\/fr\/"},{"@type":"ListItem","position":2,"name":"Boutique","item":"https:\/\/www.cascade.it\/fr\/boutique\/"},{"@type":"ListItem","position":3,"name":"Fontaine \u00e0 fils"}]},{"@type":"WebSite","@id":"https:\/\/www.cascade.it\/fr\/#website","url":"https:\/\/www.cascade.it\/fr\/","name":"Cascade","description":"More than a fountain","potentialAction":[{"@type":"SearchAction","target":{"@type":"EntryPoint","urlTemplate":"https:\/\/www.cascade.it\/fr\/?s={search_term_string}"},"query-input":{"@type":"PropertyValueSpecification","valueRequired":true,"valueName":"search_term_string"}}],"inLanguage":"fr-FR"}]}},"_links":{"self":[{"href":"https:\/\/www.cascade.it\/fr\/wp-json\/wp\/v2\/product\/3346","targetHints":{"allow":["GET"]}}],"collection":[{"href":"https:\/\/www.cascade.it\/fr\/wp-json\/wp\/v2\/product"}],"about":[{"href":"https:\/\/www.cascade.it\/fr\/wp-json\/wp\/v2\/types\/product"}],"wp:featuredmedia":[{"embeddable":true,"href":"https:\/\/www.cascade.it\/fr\/wp-json\/wp\/v2\/media\/3347"}],"wp:attachment":[{"href":"https:\/\/www.cascade.it\/fr\/wp-json\/wp\/v2\/media?parent=3346"}],"wp:term":[{"taxonomy":"product_brand","embeddable":true,"href":"https:\/\/www.cascade.it\/fr\/wp-json\/wp\/v2\/product_brand?post=3346"},{"taxonomy":"product_cat","embeddable":true,"href":"https:\/\/www.cascade.it\/fr\/wp-json\/wp\/v2\/product_cat?post=3346"},{"taxonomy":"product_tag","embeddable":true,"href":"https:\/\/www.cascade.it\/fr\/wp-json\/wp\/v2\/product_tag?post=3346"}],"curies":[{"name":"wp","href":"https:\/\/api.w.org\/{rel}","templated":true}]}}