{"id":3342,"date":"2019-02-15T09:59:05","date_gmt":"2019-02-15T08:59:05","guid":{"rendered":"https:\/\/www.cascade.it\/new\/prodotto\/corona\/"},"modified":"2022-07-01T12:36:31","modified_gmt":"2022-07-01T10:36:31","slug":"ajutage-corona","status":"publish","type":"product","link":"https:\/\/www.cascade.it\/fr\/prodotto\/ajutage-corona\/","title":{"rendered":"Corona"},"content":{"rendered":"<p>&nbsp;<\/p>\n<div class=\"carousel-slider-outer carousel-slider-outer-image-carousel carousel-slider-outer-1455\" style=\"--carousel-slider-nav-color:#f1f1f1;--carousel-slider-active-nav-color:#00d1b2;--carousel-slider-arrow-size:48px;--carousel-slider-bullet-size:10px\">\n<div id=\"&#039;id-1455\" class=\"carousel-slider carousel-slider-1455 arrows-visibility-hover dots-visibility-never arrows-outside dots-center dots-square owl-carousel\" data-slide-type=\"image-carousel\" data-owl-settings='{\"nav\":true,\"dots\":false,\"slideBy\":1,\"stagePadding\":0,\"margin\":10,\"loop\":true,\"lazyLoad\":true,\"autoplay\":true,\"autoplayTimeout\":5000,\"autoplaySpeed\":500,\"autoplayHoverPause\":true,\"autoWidth\":false,\"responsive\":{\"300\":{\"items\":1},\"576\":{\"items\":2},\"768\":{\"items\":2},\"1024\":{\"items\":3},\"1280\":{\"items\":3},\"1536\":{\"items\":3}}}'>\n<div class=\"carousel-slider__item\">\n\t<img class=\"owl-lazy\" data-src=\"https:\/\/www.cascade.it\/new\/wp-content\/uploads\/2019\/07\/Corona.jpg\" alt=\"\"><\/a><\/div>\n\n<div class=\"carousel-slider__item\">\n\t<img class=\"owl-lazy\" data-src=\"https:\/\/www.cascade.it\/new\/wp-content\/uploads\/2019\/07\/4-Corona-24.jpg\" alt=\"\"><\/a><\/div>\n\n<div class=\"carousel-slider__item\">\n\t<img class=\"owl-lazy\" data-src=\"https:\/\/www.cascade.it\/new\/wp-content\/uploads\/2019\/07\/3-Corona-19.jpg\" alt=\"\"><\/a><\/div>\n\n<div class=\"carousel-slider__item\">\n\t<img class=\"owl-lazy\" data-src=\"https:\/\/www.cascade.it\/new\/wp-content\/uploads\/2019\/07\/2-Corona-18.jpg\" alt=\"\"><\/a><\/div>\n\n<div class=\"carousel-slider__item\">\n\t<img class=\"owl-lazy\" data-src=\"https:\/\/www.cascade.it\/new\/wp-content\/uploads\/2019\/07\/1-Corona-18.jpg\" alt=\"\"><\/a><\/div>\n\n<div class=\"carousel-slider__item\">\n\t<img class=\"owl-lazy\" data-src=\"https:\/\/www.cascade.it\/new\/wp-content\/uploads\/2019\/07\/5-Corona-25.jpg\" alt=\"\"><\/a><\/div>\n\n<\/div><!-- .carousel-slider-1455 -->\n<\/div><!-- .carousel-slider-outer-1455 -->\n\n<h1><span style=\"color: #1e73be;\">Ajutage Corona pour fontaines<\/span><\/h1>\n<p><strong>L\u2019ajutage pour fontaines Corona<\/strong> est en <strong>laiton<\/strong>, avec un fonctionnement <strong>ind\u00e9pendant<\/strong> du niveau d&rsquo;eau.<\/p>\n<p>Il se compose d&rsquo;un collecteur central et d&rsquo;une s\u00e9rie de bras dispos\u00e9s radialement, complets avec ajutages <a href=\"https:\/\/www.cascade.it\/fr\/prodotto\/ajutage-cometa\/\"><span style=\"text-decoration: underline;\"><strong>Cometa<\/strong><\/span><\/a> directionnelles.<\/p>\n<p>L&rsquo;effet est une <strong>couronne de jets cristallins<\/strong>.<\/p>\n<p>Disponible en diff\u00e9rentes versions, avec <strong>18<\/strong> ou <strong>19<\/strong> <strong>jets lat\u00e9raux<\/strong>, avec ou sans jet Cometa central.<\/p>\n<p>&nbsp;<\/p>\n<h3>Conseils d&rsquo;utilisation et applications<\/h3>\n<p>L\u2019ajutage Corona vous permet d&rsquo;obtenir des jeux d&rsquo;eau <strong>circulaires<\/strong> sur un <strong>tr\u00e8s petit diam\u00e8tre<\/strong>.<\/p>\n<p>Des <strong>g\u00e9om\u00e9tries variables<\/strong> peuvent \u00eatre cr\u00e9\u00e9es gr\u00e2ce aux jets directionnels Cometa.<\/p>\n<p>Id\u00e9al pour les <strong>bassins de petite et moyenne taille<\/strong> (voir la section <a href=\"https:\/\/www.cascade.it\/fr\/produits\/fontaines-pretes-preassemblees\/\"><span style=\"text-decoration: underline;\"><strong>FONTAINES PR<\/strong><strong>\u00ca<\/strong><strong>TES PR<\/strong><strong>\u00c9<\/strong><strong>-ASSEMBL<\/strong><strong>\u00c9<\/strong><strong>ES<\/strong><\/span><\/a>).<\/p>\n<p>Nous recommandons l&rsquo;utilisation de la <a href=\"https:\/\/www.cascade.it\/fr\/prodotto\/bride-reglage\/\"><span style=\"text-decoration: underline;\"><strong>bride de r\u00e9glage<\/strong><\/span><\/a> axial (voir la section <a href=\"https:\/\/www.cascade.it\/fr\/produits\/accessoires-hydrauliques-pour-fontaines\/\"><span style=\"text-decoration: underline;\"><strong>ACCESSOIRES HYDRAULIQUES POUR FONTAINES<\/strong><\/span><\/a>).<\/p>\n<p><strong>\u00c9clairage immerg\u00e9<\/strong>: pour enrichir l&rsquo;effet d\u2019eau avec des jeux de lumi\u00e8re monochromatique ou RGBW, nous recommandons l&rsquo;utilisation des <a href=\"https:\/\/www.cascade.it\/fr\/produits\/eclairage-immerge-led\/projecteurs-led-mizar\/\"><span style=\"text-decoration: underline;\"><strong>projecteurs LED immerg\u00e9s pour fontaines de la s\u00e9rie Mizar<\/strong><\/span><\/a>, des produits professionnels sp\u00e9cifiques pour une utilisation dans les fontaines, avec un design \u00e9l\u00e9gant, une technologie \u00e0 la pointe et extraordinaire effets de lumi\u00e8re.<\/p>\n<p>&nbsp;<\/p>\n<h3>Donn\u00e9es techniques<\/h3>\n<div style=\"overflow-x: auto;\">\n<table style=\"height: 403px;\" width=\"1356\">\n<tbody>\n<tr>\n<td width=\"130\"><strong>\u00a0<\/strong><\/td>\n<td class=\"thHorz\" width=\"95\">Corona 18-4<\/td>\n<td class=\"thHorz\" width=\"94\">Corona 18-6<\/td>\n<td class=\"thHorz\" width=\"98\">Corona 24-4<\/td>\n<td class=\"thHorz\" width=\"116\">Corona 24-6<\/td>\n<td class=\"thHorz\" width=\"116\">Corona 19-4<\/td>\n<td class=\"thHorz\" width=\"116\">Corona 19-6<\/td>\n<td class=\"thHorz\" width=\"116\">Corona 25-4<\/td>\n<td class=\"thHorz\" width=\"116\">Corona 25-6<\/td>\n<\/tr>\n<tr>\n<td class=\"thVert\" width=\"130\">Code<\/td>\n<td width=\"95\">CR18-4<\/td>\n<td width=\"94\">CR18-6<\/td>\n<td width=\"98\">CR24-4<\/td>\n<td width=\"116\">CR24-6<\/td>\n<td width=\"116\">CR19-4<\/td>\n<td width=\"116\">CR19-6<\/td>\n<td width=\"116\">CR25-4<\/td>\n<td width=\"116\">CR25-6<\/td>\n<\/tr>\n<tr>\n<td class=\"thVert\" width=\"130\">N\u00b0 jets<\/td>\n<td width=\"95\">18 lat\u00e9raux<\/td>\n<td width=\"94\">18 lat\u00e9raux<\/td>\n<td width=\"98\">24 lat\u00e9raux<\/td>\n<td width=\"116\">24 lat\u00e9raux<\/td>\n<td width=\"116\">18 lat. | 1 centraux<\/td>\n<td width=\"116\">18 lat. | 1 centraux<\/td>\n<td width=\"116\">24 lat. | 1 centraux<\/td>\n<td width=\"116\">24 lat. | 1 centraux<\/td>\n<\/tr>\n<tr>\n<td class=\"thVert\" width=\"130\">\u00f8 jets lateraux | centraux<\/td>\n<td width=\"95\">4 mm<\/td>\n<td width=\"94\">6 mm<\/td>\n<td width=\"98\">4 mm<\/td>\n<td width=\"116\">6 mm<\/td>\n<td width=\"116\">4 mm | 8 mm<\/td>\n<td width=\"116\">6 mm | 10 mm<\/td>\n<td width=\"116\">4 mm | 8 mm<\/td>\n<td width=\"116\">6 mm | 10 mm<\/td>\n<\/tr>\n<tr>\n<td class=\"thVert\" width=\"130\">Hauteur max jet*<\/td>\n<td width=\"95\">2,5 m<\/td>\n<td width=\"94\">4,5 m<\/td>\n<td width=\"98\">2,5 m<\/td>\n<td width=\"116\">4,5 m<\/td>\n<td width=\"116\">2 m | 4 m<\/td>\n<td width=\"116\">2,5 m | 5 m<\/td>\n<td width=\"116\">2 m | 4 m<\/td>\n<td width=\"116\">2,5 m | 5 m<\/td>\n<\/tr>\n<tr>\n<td class=\"thVert\" width=\"130\">Connexion<\/td>\n<td width=\"95\">1\u201d M<\/td>\n<td width=\"94\">2\u201d M<\/td>\n<td width=\"98\">1\u201d M<\/td>\n<td width=\"116\">2\u201d M<\/td>\n<td width=\"116\">2\u201d M<\/td>\n<td width=\"116\">2\u201d M<\/td>\n<td width=\"116\">2\u201d M<\/td>\n<td width=\"116\">2\u201d M<\/td>\n<\/tr>\n<tr>\n<td class=\"thVert\" width=\"130\">Mat\u00e9riel<\/td>\n<td width=\"95\">Laiton<\/td>\n<td width=\"94\">Laiton<\/td>\n<td width=\"98\">Laiton<\/td>\n<td width=\"116\">Laiton<\/td>\n<td width=\"116\">Laiton<\/td>\n<td width=\"116\">Laiton<\/td>\n<td width=\"116\">Laiton<\/td>\n<td width=\"116\">Laiton<\/td>\n<\/tr>\n<tr>\n<td class=\"thVert\" width=\"130\">Poids<\/td>\n<td width=\"95\">5 Kg<\/td>\n<td width=\"94\">5 Kg<\/td>\n<td width=\"98\">6,5 Kg<\/td>\n<td width=\"116\">6,5 Kg<\/td>\n<td width=\"116\">5,5 Kg<\/td>\n<td width=\"116\">5,5 Kg<\/td>\n<td width=\"116\">7 Kg<\/td>\n<td width=\"116\">7 Kg<\/td>\n<\/tr>\n<\/tbody>\n<\/table>\n<\/div>\n<p>*Hauteur max conseill\u00e9e du jet d&rsquo;eau.<\/p>\n<div>\n<div style=\"float: left; padding: 5px; text-align: center; width: 150px;\"><\/div>\n<div style=\"clear: both;\"><\/div>\n<\/div>\n<p>&nbsp;<\/p>\n<h3>Downloads<\/h3>\n<div class=\"divide-line text-left\"><\/div>\n<div>\n<div style=\"float: left; padding: 5px; text-align: center; width: 150px;\"><a href=\"https:\/\/www.cascade.it\/new\/wp-content\/uploads\/2022\/07\/CASCADE-Corona-FR.pdf\" target=\"_blank\" rel=\"noopener\"><img loading=\"lazy\" decoding=\"async\" class=\"alignnone wp-image-783\" src=\"https:\/\/www.cascade.it\/new\/wp-content\/uploads\/2019\/02\/pdf-icon-png-7.jpg\" alt=\"\" width=\"91\" height=\"91\" srcset=\"https:\/\/www.cascade.it\/new\/wp-content\/uploads\/2019\/02\/pdf-icon-png-7.jpg 254w, https:\/\/www.cascade.it\/new\/wp-content\/uploads\/2019\/02\/pdf-icon-png-7-150x150.jpg 150w, https:\/\/www.cascade.it\/new\/wp-content\/uploads\/2019\/02\/pdf-icon-png-7-100x100.jpg 100w\" sizes=\"auto, (max-width: 91px) 100vw, 91px\" \/><\/a><br \/>\nFiche technique<\/div>\n<div style=\"clear: both;\"><\/div>\n<\/div>\n","protected":false},"excerpt":{"rendered":"<p>&nbsp; Ajutage Corona pour fontaines L\u2019ajutage pour fontaines Corona est en laiton, avec un fonctionnement ind\u00e9pendant du niveau d&rsquo;eau. Il se compose d&rsquo;un collecteur central et d&rsquo;une s\u00e9rie de bras dispos\u00e9s radialement, complets avec ajutages Cometa directionnelles. L&rsquo;effet est une couronne de jets cristallins. Disponible en diff\u00e9rentes versions, avec 18 ou 19 jets lat\u00e9raux, avec [&hellip;]<\/p>\n","protected":false},"featured_media":3343,"template":"","meta":[],"product_brand":[],"product_cat":[319],"product_tag":[],"class_list":{"0":"post-3342","1":"product","2":"type-product","3":"status-publish","4":"has-post-thumbnail","6":"product_cat-ajutages-classiques","8":"first","9":"instock","10":"shipping-taxable","11":"product-type-simple"},"yoast_head":"<!-- This site is optimized with the Yoast SEO plugin v26.7 - https:\/\/yoast.com\/wordpress\/plugins\/seo\/ -->\n<title>Ajutage pour fontaines Corona - Cascade<\/title>\n<meta name=\"description\" content=\"L\u2019ajutage pour fontaines Corona est en laiton, avec un fonctionnement ind\u00e9pendant du niveau d&#039;eau. L&#039;effet est une couronne de jets cristallins.\" \/>\n<meta name=\"robots\" content=\"index, follow, max-snippet:-1, max-image-preview:large, max-video-preview:-1\" \/>\n<link rel=\"canonical\" href=\"https:\/\/www.cascade.it\/fr\/prodotto\/ajutage-corona\/\" \/>\n<meta property=\"og:locale\" content=\"fr_FR\" \/>\n<meta property=\"og:type\" content=\"article\" \/>\n<meta property=\"og:title\" content=\"Ajutage pour fontaines Corona - Cascade\" \/>\n<meta property=\"og:description\" content=\"L\u2019ajutage pour fontaines Corona est en laiton, avec un fonctionnement ind\u00e9pendant du niveau d&#039;eau. L&#039;effet est une couronne de jets cristallins.\" \/>\n<meta property=\"og:url\" content=\"https:\/\/www.cascade.it\/fr\/prodotto\/ajutage-corona\/\" \/>\n<meta property=\"og:site_name\" content=\"Cascade\" \/>\n<meta property=\"article:modified_time\" content=\"2022-07-01T10:36:31+00:00\" \/>\n<meta property=\"og:image\" content=\"https:\/\/www.cascade.it\/new\/wp-content\/uploads\/Prodotti\/Ugelli_per_fontane\/Ugelli_Classici\/CORONA.jpg\" \/>\n\t<meta property=\"og:image:width\" content=\"1300\" \/>\n\t<meta property=\"og:image:height\" content=\"975\" \/>\n\t<meta property=\"og:image:type\" content=\"image\/jpeg\" \/>\n<meta name=\"twitter:card\" content=\"summary_large_image\" \/>\n<meta name=\"twitter:label1\" content=\"Dur\u00e9e de lecture estim\u00e9e\" \/>\n\t<meta name=\"twitter:data1\" content=\"2 minutes\" \/>\n<!-- \/ Yoast SEO plugin. -->","yoast_head_json":{"title":"Ajutage pour fontaines Corona - Cascade","description":"L\u2019ajutage pour fontaines Corona est en laiton, avec un fonctionnement ind\u00e9pendant du niveau d'eau. L'effet est une couronne de jets cristallins.","robots":{"index":"index","follow":"follow","max-snippet":"max-snippet:-1","max-image-preview":"max-image-preview:large","max-video-preview":"max-video-preview:-1"},"canonical":"https:\/\/www.cascade.it\/fr\/prodotto\/ajutage-corona\/","og_locale":"fr_FR","og_type":"article","og_title":"Ajutage pour fontaines Corona - Cascade","og_description":"L\u2019ajutage pour fontaines Corona est en laiton, avec un fonctionnement ind\u00e9pendant du niveau d'eau. L'effet est une couronne de jets cristallins.","og_url":"https:\/\/www.cascade.it\/fr\/prodotto\/ajutage-corona\/","og_site_name":"Cascade","article_modified_time":"2022-07-01T10:36:31+00:00","og_image":[{"width":1300,"height":975,"url":"https:\/\/www.cascade.it\/new\/wp-content\/uploads\/Prodotti\/Ugelli_per_fontane\/Ugelli_Classici\/CORONA.jpg","type":"image\/jpeg"}],"twitter_card":"summary_large_image","twitter_misc":{"Dur\u00e9e de lecture estim\u00e9e":"2 minutes"},"schema":{"@context":"https:\/\/schema.org","@graph":[{"@type":"WebPage","@id":"https:\/\/www.cascade.it\/fr\/prodotto\/ajutage-corona\/","url":"https:\/\/www.cascade.it\/fr\/prodotto\/ajutage-corona\/","name":"Ajutage pour fontaines Corona - Cascade","isPartOf":{"@id":"https:\/\/www.cascade.it\/fr\/#website"},"primaryImageOfPage":{"@id":"https:\/\/www.cascade.it\/fr\/prodotto\/ajutage-corona\/#primaryimage"},"image":{"@id":"https:\/\/www.cascade.it\/fr\/prodotto\/ajutage-corona\/#primaryimage"},"thumbnailUrl":"https:\/\/www.cascade.it\/new\/wp-content\/uploads\/Prodotti\/Ugelli_per_fontane\/Ugelli_Classici\/CORONA.jpg","datePublished":"2019-02-15T08:59:05+00:00","dateModified":"2022-07-01T10:36:31+00:00","description":"L\u2019ajutage pour fontaines Corona est en laiton, avec un fonctionnement ind\u00e9pendant du niveau d'eau. L'effet est une couronne de jets cristallins.","breadcrumb":{"@id":"https:\/\/www.cascade.it\/fr\/prodotto\/ajutage-corona\/#breadcrumb"},"inLanguage":"fr-FR","potentialAction":[{"@type":"ReadAction","target":["https:\/\/www.cascade.it\/fr\/prodotto\/ajutage-corona\/"]}]},{"@type":"ImageObject","inLanguage":"fr-FR","@id":"https:\/\/www.cascade.it\/fr\/prodotto\/ajutage-corona\/#primaryimage","url":"https:\/\/www.cascade.it\/new\/wp-content\/uploads\/Prodotti\/Ugelli_per_fontane\/Ugelli_Classici\/CORONA.jpg","contentUrl":"https:\/\/www.cascade.it\/new\/wp-content\/uploads\/Prodotti\/Ugelli_per_fontane\/Ugelli_Classici\/CORONA.jpg","width":1300,"height":975},{"@type":"BreadcrumbList","@id":"https:\/\/www.cascade.it\/fr\/prodotto\/ajutage-corona\/#breadcrumb","itemListElement":[{"@type":"ListItem","position":1,"name":"Home","item":"https:\/\/www.cascade.it\/fr\/"},{"@type":"ListItem","position":2,"name":"Boutique","item":"https:\/\/www.cascade.it\/fr\/boutique\/"},{"@type":"ListItem","position":3,"name":"Corona"}]},{"@type":"WebSite","@id":"https:\/\/www.cascade.it\/fr\/#website","url":"https:\/\/www.cascade.it\/fr\/","name":"Cascade","description":"More than a fountain","potentialAction":[{"@type":"SearchAction","target":{"@type":"EntryPoint","urlTemplate":"https:\/\/www.cascade.it\/fr\/?s={search_term_string}"},"query-input":{"@type":"PropertyValueSpecification","valueRequired":true,"valueName":"search_term_string"}}],"inLanguage":"fr-FR"}]}},"_links":{"self":[{"href":"https:\/\/www.cascade.it\/fr\/wp-json\/wp\/v2\/product\/3342","targetHints":{"allow":["GET"]}}],"collection":[{"href":"https:\/\/www.cascade.it\/fr\/wp-json\/wp\/v2\/product"}],"about":[{"href":"https:\/\/www.cascade.it\/fr\/wp-json\/wp\/v2\/types\/product"}],"wp:featuredmedia":[{"embeddable":true,"href":"https:\/\/www.cascade.it\/fr\/wp-json\/wp\/v2\/media\/3343"}],"wp:attachment":[{"href":"https:\/\/www.cascade.it\/fr\/wp-json\/wp\/v2\/media?parent=3342"}],"wp:term":[{"taxonomy":"product_brand","embeddable":true,"href":"https:\/\/www.cascade.it\/fr\/wp-json\/wp\/v2\/product_brand?post=3342"},{"taxonomy":"product_cat","embeddable":true,"href":"https:\/\/www.cascade.it\/fr\/wp-json\/wp\/v2\/product_cat?post=3342"},{"taxonomy":"product_tag","embeddable":true,"href":"https:\/\/www.cascade.it\/fr\/wp-json\/wp\/v2\/product_tag?post=3342"}],"curies":[{"name":"wp","href":"https:\/\/api.w.org\/{rel}","templated":true}]}}