{"id":3338,"date":"2019-02-15T09:58:04","date_gmt":"2019-02-15T08:58:04","guid":{"rendered":"https:\/\/www.cascade.it\/new\/prodotto\/cometa-plus\/"},"modified":"2023-06-29T17:51:01","modified_gmt":"2023-06-29T15:51:01","slug":"ajutage-cometa-plus","status":"publish","type":"product","link":"https:\/\/www.cascade.it\/fr\/prodotto\/ajutage-cometa-plus\/","title":{"rendered":"Cometa Plus"},"content":{"rendered":"<p>&nbsp;<\/p>\n<div class=\"carousel-slider-outer carousel-slider-outer-image-carousel carousel-slider-outer-1447\" style=\"--carousel-slider-nav-color:#f1f1f1;--carousel-slider-active-nav-color:#00d1b2;--carousel-slider-arrow-size:48px;--carousel-slider-bullet-size:10px\">\n<div id=\"&#039;id-1447\" class=\"carousel-slider carousel-slider-1447 arrows-visibility-hover dots-visibility-never arrows-outside dots-center dots-square owl-carousel\" data-slide-type=\"image-carousel\" data-owl-settings='{\"nav\":true,\"dots\":false,\"slideBy\":1,\"stagePadding\":0,\"margin\":10,\"loop\":true,\"lazyLoad\":true,\"autoplay\":true,\"autoplayTimeout\":5000,\"autoplaySpeed\":500,\"autoplayHoverPause\":true,\"autoWidth\":false,\"responsive\":{\"300\":{\"items\":1},\"576\":{\"items\":2},\"768\":{\"items\":2},\"1024\":{\"items\":3},\"1280\":{\"items\":3},\"1536\":{\"items\":3}}}'>\n<div class=\"carousel-slider__item\">\n\t<img class=\"owl-lazy\" data-src=\"https:\/\/www.cascade.it\/new\/wp-content\/uploads\/2023\/06\/UGELLO-COMETA-PLUS.jpg\" alt=\"\"><\/a><\/div>\n\n<div class=\"carousel-slider__item\">\n\t<img class=\"owl-lazy\" data-src=\"https:\/\/www.cascade.it\/new\/wp-content\/uploads\/2023\/06\/UGELLO-COMETA-PLUS-INOX.jpg\" alt=\"\"><\/a><\/div>\n\n<div class=\"carousel-slider__item\">\n\t<img class=\"owl-lazy\" data-src=\"https:\/\/www.cascade.it\/new\/wp-content\/uploads\/2019\/07\/2-Cometa-Plus-14.jpg\" alt=\"\"><\/a><\/div>\n\n<div class=\"carousel-slider__item\">\n\t<img class=\"owl-lazy\" data-src=\"https:\/\/www.cascade.it\/new\/wp-content\/uploads\/2019\/07\/6-Cometa-Plus-20.jpg\" alt=\"\"><\/a><\/div>\n\n<div class=\"carousel-slider__item\">\n\t<img class=\"owl-lazy\" data-src=\"https:\/\/www.cascade.it\/new\/wp-content\/uploads\/2019\/07\/5-Cometa-Plus-17.jpg\" alt=\"\"><\/a><\/div>\n\n<div class=\"carousel-slider__item\">\n\t<img class=\"owl-lazy\" data-src=\"https:\/\/www.cascade.it\/new\/wp-content\/uploads\/2019\/07\/4-Cometa-Plus-15.jpg\" alt=\"\"><\/a><\/div>\n\n<div class=\"carousel-slider__item\">\n\t<img class=\"owl-lazy\" data-src=\"https:\/\/www.cascade.it\/new\/wp-content\/uploads\/2019\/07\/3-Cometa-Plus-14.jpg\" alt=\"\"><\/a><\/div>\n\n<div class=\"carousel-slider__item\">\n\t<img class=\"owl-lazy\" data-src=\"https:\/\/www.cascade.it\/new\/wp-content\/uploads\/2019\/07\/1-Cometa-Plus-14.jpg\" alt=\"\"><\/a><\/div>\n\n<\/div><!-- .carousel-slider-1447 -->\n<\/div><!-- .carousel-slider-outer-1447 -->\n\n<h1><span style=\"color: #1e73be;\">Ajutage Cometa Plus pour fontaines<\/span><\/h1>\n<p><strong>L\u2019ajutage pour fontaines Cometa Plus<\/strong> est en <strong>laiton<\/strong> et <strong>bronze<\/strong>, ou <strong>acier inox AISI316L<\/strong>, \u00e0 jet unique, avec un fonctionnement <strong>ind\u00e9pendant<\/strong> du niveau d&rsquo;eau.<\/p>\n<p>La <strong>bride incluse<\/strong> dans l\u2019ajutage rend le r\u00e9glage axial du jet <strong>facile<\/strong>, <strong>rapide<\/strong> et <strong>durable<\/strong>. Une fois le jet r\u00e9gl\u00e9, la bride boulonn\u00e9e emp\u00eache l\u2019ajutage de <strong>se d\u00e9placer accidentellement<\/strong>. R\u00e9glable jusqu&rsquo;\u00e0 <strong>7\u00b0<\/strong> maximum.<\/p>\n<p>L&rsquo;effet est un jet <strong>cristallin<\/strong>.<\/p>\n<p>La <strong>large gamme<\/strong> de ces ajutages compl\u00e8te les s\u00e9ries <a href=\"https:\/\/www.cascade.it\/fr\/prodotto\/ajutage-cometa\/\"><span style=\"text-decoration: underline;\"><strong>Cometa<\/strong><\/span><\/a> et <a href=\"https:\/\/www.cascade.it\/fr\/prodotto\/ajutage-cometa-big\/\"><span style=\"text-decoration: underline;\"><strong>Cometa Big<\/strong><\/span><\/a> avec des diam\u00e8tres de jet de sortie allant de <strong>10 mm<\/strong> \u00e0 <strong>20 mm<\/strong>.<\/p>\n<p>&nbsp;<\/p>\n<h3>Conseils d&rsquo;utilisation et applications<\/h3>\n<p>Bien que classique, le jet de type Cometa Plus s&rsquo;adapte aux <strong>compositions les plus vari\u00e9es<\/strong>.<\/p>\n<p>Sa <strong>polyvalence<\/strong> lui permet d&rsquo;\u00eatre utilis\u00e9 en orientation <strong>verticale<\/strong> ou <strong>inclin\u00e9e<\/strong> et <strong>parabolique<\/strong>, mont\u00e9 sur des <strong>collecteurs<\/strong> lin\u00e9aires, en forme ou en anneau (voir la section <a href=\"https:\/\/www.cascade.it\/fr\/produits\/anneaux-et-collecteurs-inox-pour-fontaines\/\"><span style=\"text-decoration: underline;\"><strong>ANNEAUX ET COLLECTEURS INOX POUR FONTAINES<\/strong><\/span><\/a>). Cela vous permet d&rsquo;obtenir des effets d&rsquo;eau cristalline avec d&rsquo;innombrables <strong>variations g\u00e9om\u00e9triques<\/strong>.<\/p>\n<p>Largement utilis\u00e9 dans les <a href=\"https:\/\/www.cascade.it\/fr\/produits\/fontaines-seches\/box-pour-fontaines-seches\/\"><span style=\"text-decoration: underline;\"><strong>Box pour fontaines s\u00e8ches<\/strong><\/span><\/a> (voir la section <a href=\"https:\/\/www.cascade.it\/fr\/produits\/fontaines-seches\/\"><span style=\"text-decoration: underline;\"><strong>FONTAINES S<\/strong><strong>\u00c8<\/strong><strong>CHES<\/strong><\/span><\/a>).<\/p>\n<p><strong>\u00c9clairage immerg\u00e9<\/strong>: pour enrichir l&rsquo;effet d\u2019eau avec des jeux de lumi\u00e8re monochromatique ou RGBW, nous recommandons l&rsquo;utilisation des <a href=\"https:\/\/www.cascade.it\/fr\/produits\/eclairage-immerge-led\/projecteurs-led-mizar\/\"><span style=\"text-decoration: underline;\"><strong>projecteurs LED immerg\u00e9s pour fontaines de la s\u00e9rie Mizar<\/strong><\/span><\/a>, des produits professionnels sp\u00e9cifiques pour une utilisation dans les fontaines, avec un design \u00e9l\u00e9gant, une technologie \u00e0 la pointe et extraordinaire effets de lumi\u00e8re.<\/p>\n<p>&nbsp;<\/p>\n<h3>Donn\u00e9es techniques<\/h3>\n<div style=\"overflow-x: auto;\">\n<table width=\"994\">\n<tbody>\n<tr>\n<td width=\"102\"><strong>\u00a0<\/strong><\/td>\n<td class=\"thHorz\" width=\"94\">Cometa Plus 10<\/td>\n<td class=\"thHorz\" width=\"105\">Cometa Plus 12<\/td>\n<td class=\"thHorz\" width=\"116\">Cometa Plus 14<\/td>\n<td class=\"thHorz\" width=\"116\">Cometa Plus 15<\/td>\n<td class=\"thHorz\" width=\"116\">Cometa Plus 16<\/td>\n<td class=\"thHorz\" width=\"116\">Cometa Plus 17<\/td>\n<td class=\"thHorz\" width=\"116\">Cometa Plus 18<\/td>\n<td class=\"thHorz\" width=\"116\">Cometa Plus 20<\/td>\n<\/tr>\n<tr>\n<td class=\"thVert\" width=\"102\">Code<\/td>\n<td width=\"94\">CO10P<\/td>\n<td width=\"105\">CO12<\/td>\n<td width=\"116\">CO14<\/td>\n<td width=\"116\">CO15<\/td>\n<td width=\"116\">CO16<\/td>\n<td width=\"116\">CO17<\/td>\n<td width=\"116\">CO18<\/td>\n<td width=\"116\">CO20<\/td>\n<\/tr>\n<tr>\n<td class=\"thVert\" width=\"102\">\u00f8 jet<\/td>\n<td width=\"94\">10 mm<\/td>\n<td width=\"105\">12 mm<\/td>\n<td width=\"116\">14 mm<\/td>\n<td width=\"116\">15 mm<\/td>\n<td width=\"116\">16 mm<\/td>\n<td width=\"116\">17 mm<\/td>\n<td width=\"116\">18 mm<\/td>\n<td width=\"116\">20 mm<\/td>\n<\/tr>\n<tr>\n<td class=\"thVert\" width=\"102\">Hauteur max*<\/td>\n<td width=\"94\">6 m<\/td>\n<td width=\"105\">6 m<\/td>\n<td width=\"116\">6 m<\/td>\n<td width=\"116\">6 m<\/td>\n<td width=\"116\">7 m<\/td>\n<td width=\"116\">7 m<\/td>\n<td width=\"116\">7 m<\/td>\n<td width=\"116\">10 m<\/td>\n<\/tr>\n<tr>\n<td class=\"thVert\" width=\"102\">Connexion<\/td>\n<td width=\"94\">1\u201d M<\/td>\n<td width=\"105\">1\u201d M<\/td>\n<td width=\"116\">1\u201d M<\/td>\n<td width=\"116\">1\u201d M<\/td>\n<td width=\"116\">1 1\/2\u201d M<\/td>\n<td width=\"116\">1 1\/2\u201d M<\/td>\n<td width=\"116\">1 1\/2\u201d M<\/td>\n<td width=\"116\">1 1\/2\u201d M<\/td>\n<\/tr>\n<tr>\n<td class=\"thVert\" width=\"102\">Mat\u00e9riel<\/td>\n<td width=\"94\">Laiton et bronze<\/td>\n<td width=\"105\">Laiton et bronze<\/td>\n<td width=\"116\">Laiton et bronze<\/td>\n<td width=\"116\">Laiton et bronze<\/td>\n<td width=\"116\">Laiton et bronze<\/td>\n<td width=\"116\">Laiton et bronze<\/td>\n<td width=\"116\">Laiton et bronze<\/td>\n<td width=\"116\">Laiton et bronze<\/td>\n<\/tr>\n<tr>\n<td class=\"thVert\" width=\"102\">Poids<\/td>\n<td width=\"94\">700 g<\/td>\n<td width=\"105\">700 g<\/td>\n<td width=\"116\">700 g<\/td>\n<td width=\"116\">700 g<\/td>\n<td width=\"116\">950 g<\/td>\n<td width=\"116\">950 g<\/td>\n<td width=\"116\">950 g<\/td>\n<td width=\"116\">950 g<\/td>\n<\/tr>\n<\/tbody>\n<\/table>\n<\/div>\n<p>*Hauteur max conseill\u00e9e du jet d&rsquo;eau.<\/p>\n<table width=\"990\">\n<tbody>\n<tr>\n<td width=\"102\"><strong>\u00a0<\/strong><\/td>\n<td class=\"thHorz\" width=\"227\">Cometa Plus 10 Inox<\/td>\n<td class=\"thHorz\" width=\"217\">Cometa Plus 12\u00a0 Inox<\/td>\n<td class=\"thHorz\" width=\"227\">Cometa Plus 14\u00a0 Inox<\/td>\n<td class=\"thHorz\" width=\"217\">Cometa Plus 15\u00a0 Inox<\/td>\n<\/tr>\n<tr>\n<td class=\"thVert\" width=\"102\">Code<\/td>\n<td width=\"227\">COX10P<\/td>\n<td width=\"217\">COX12<\/td>\n<td width=\"227\">COX14<\/td>\n<td width=\"217\">COX15<\/td>\n<\/tr>\n<tr>\n<td class=\"thVert\" width=\"102\">\u00f8 jet<\/td>\n<td width=\"227\">10 mm<\/td>\n<td width=\"217\">12 mm<\/td>\n<td width=\"227\">14 mm<\/td>\n<td width=\"217\">15 mm<\/td>\n<\/tr>\n<tr>\n<td class=\"thVert\" width=\"102\">Hauteur max*<\/td>\n<td width=\"227\">6 m<\/td>\n<td width=\"217\">6 m<\/td>\n<td width=\"227\">6 m<\/td>\n<td width=\"217\">6 m<\/td>\n<\/tr>\n<tr>\n<td class=\"thVert\" width=\"102\">Connexion<\/td>\n<td width=\"227\">1\u201d<\/td>\n<td width=\"217\">1\u201d<\/td>\n<td width=\"227\">1\u201d<\/td>\n<td width=\"217\">1\u201d<\/td>\n<\/tr>\n<tr>\n<td class=\"thVert\" width=\"102\">Mat\u00e9riel<\/td>\n<td width=\"227\">Acier inox AISI316L<\/td>\n<td width=\"217\">Acier inox AISI316L<\/td>\n<td width=\"227\">Acier inox AISI316L<\/td>\n<td width=\"217\">Acier inox AISI316L<\/td>\n<\/tr>\n<tr>\n<td class=\"thVert\" width=\"102\">Poids<\/td>\n<td width=\"227\">500 g<\/td>\n<td width=\"217\">500 g<\/td>\n<td width=\"227\">500 g<\/td>\n<td width=\"217\">500 g<\/td>\n<\/tr>\n<\/tbody>\n<\/table>\n<p>*Hauteur max conseill\u00e9e du jet d&rsquo;eau.<\/p>\n<div>\n<div style=\"float: left; padding: 5px; text-align: center; width: 150px;\"><\/div>\n<\/div>\n<p>&nbsp;<\/p>\n<h3>Downloads<\/h3>\n<div class=\"divide-line text-left\"><\/div>\n<div>\n<div style=\"float: left; padding: 5px; text-align: center; width: 150px;\"><a href=\"https:\/\/www.cascade.it\/new\/wp-content\/uploads\/2023\/06\/CASCADE-Cometa-Plus-FR.pdf\" target=\"_blank\" rel=\"noopener\"><img loading=\"lazy\" decoding=\"async\" class=\"alignnone wp-image-783\" src=\"https:\/\/www.cascade.it\/new\/wp-content\/uploads\/2019\/02\/pdf-icon-png-7.jpg\" alt=\"\" width=\"91\" height=\"91\" srcset=\"https:\/\/www.cascade.it\/new\/wp-content\/uploads\/2019\/02\/pdf-icon-png-7.jpg 254w, https:\/\/www.cascade.it\/new\/wp-content\/uploads\/2019\/02\/pdf-icon-png-7-150x150.jpg 150w, https:\/\/www.cascade.it\/new\/wp-content\/uploads\/2019\/02\/pdf-icon-png-7-100x100.jpg 100w\" sizes=\"auto, (max-width: 91px) 100vw, 91px\" \/><\/a><br \/>\nCometa Plus Fiche<\/div>\n<div style=\"padding: 5px; text-align: center; float: left; margin-left: 20px;\"><a href=\"https:\/\/www.cascade.it\/new\/wp-content\/uploads\/2023\/06\/CASCADE-Cometa-Plus-Inox-FR.pdf\" target=\"_blank\" rel=\"noopener\"><img loading=\"lazy\" decoding=\"async\" class=\"alignnone wp-image-783\" src=\"https:\/\/www.cascade.it\/new\/wp-content\/uploads\/2019\/02\/pdf-icon-png-7.jpg\" alt=\"\" width=\"91\" height=\"91\" srcset=\"https:\/\/www.cascade.it\/new\/wp-content\/uploads\/2019\/02\/pdf-icon-png-7.jpg 254w, https:\/\/www.cascade.it\/new\/wp-content\/uploads\/2019\/02\/pdf-icon-png-7-150x150.jpg 150w, https:\/\/www.cascade.it\/new\/wp-content\/uploads\/2019\/02\/pdf-icon-png-7-100x100.jpg 100w\" sizes=\"auto, (max-width: 91px) 100vw, 91px\" \/><\/a><br \/>\nCometa Plus Inox Fiche<\/div>\n<\/div>\n","protected":false},"excerpt":{"rendered":"<p>&nbsp; Ajutage Cometa Plus pour fontaines L\u2019ajutage pour fontaines Cometa Plus est en laiton et bronze, ou acier inox AISI316L, \u00e0 jet unique, avec un fonctionnement ind\u00e9pendant du niveau d&rsquo;eau. La bride incluse dans l\u2019ajutage rend le r\u00e9glage axial du jet facile, rapide et durable. Une fois le jet r\u00e9gl\u00e9, la bride boulonn\u00e9e emp\u00eache l\u2019ajutage [&hellip;]<\/p>\n","protected":false},"featured_media":3339,"template":"","meta":[],"product_brand":[],"product_cat":[319],"product_tag":[],"class_list":{"0":"post-3338","1":"product","2":"type-product","3":"status-publish","4":"has-post-thumbnail","6":"product_cat-ajutages-classiques","8":"first","9":"instock","10":"shipping-taxable","11":"product-type-simple"},"yoast_head":"<!-- This site is optimized with the Yoast SEO plugin v26.7 - https:\/\/yoast.com\/wordpress\/plugins\/seo\/ -->\n<title>Ajutage pour fontaines Cometa Plus - Cascade<\/title>\n<meta name=\"description\" content=\"L\u2019ajutage pour fontaines Cometa Plus est en laiton et bronze, ou acier inox AISI316L, \u00e0 jet unique, avec bride de r\u00e9glage incluse.\" \/>\n<meta name=\"robots\" content=\"index, follow, max-snippet:-1, max-image-preview:large, max-video-preview:-1\" \/>\n<link rel=\"canonical\" href=\"https:\/\/www.cascade.it\/fr\/prodotto\/ajutage-cometa-plus\/\" \/>\n<meta property=\"og:locale\" content=\"fr_FR\" \/>\n<meta property=\"og:type\" content=\"article\" \/>\n<meta property=\"og:title\" content=\"Ajutage pour fontaines Cometa Plus - Cascade\" \/>\n<meta property=\"og:description\" content=\"L\u2019ajutage pour fontaines Cometa Plus est en laiton et bronze, ou acier inox AISI316L, \u00e0 jet unique, avec bride de r\u00e9glage incluse.\" \/>\n<meta property=\"og:url\" content=\"https:\/\/www.cascade.it\/fr\/prodotto\/ajutage-cometa-plus\/\" \/>\n<meta property=\"og:site_name\" content=\"Cascade\" \/>\n<meta property=\"article:modified_time\" content=\"2023-06-29T15:51:01+00:00\" \/>\n<meta property=\"og:image\" content=\"https:\/\/www.cascade.it\/new\/wp-content\/uploads\/Prodotti\/Ugelli_per_fontane\/Ugelli_Classici\/COMETA-PLUS.jpg\" \/>\n\t<meta property=\"og:image:width\" content=\"1300\" \/>\n\t<meta property=\"og:image:height\" content=\"975\" \/>\n\t<meta property=\"og:image:type\" content=\"image\/jpeg\" \/>\n<meta name=\"twitter:card\" content=\"summary_large_image\" \/>\n<meta name=\"twitter:label1\" content=\"Dur\u00e9e de lecture estim\u00e9e\" \/>\n\t<meta name=\"twitter:data1\" content=\"3 minutes\" \/>\n<!-- \/ Yoast SEO plugin. -->","yoast_head_json":{"title":"Ajutage pour fontaines Cometa Plus - Cascade","description":"L\u2019ajutage pour fontaines Cometa Plus est en laiton et bronze, ou acier inox AISI316L, \u00e0 jet unique, avec bride de r\u00e9glage incluse.","robots":{"index":"index","follow":"follow","max-snippet":"max-snippet:-1","max-image-preview":"max-image-preview:large","max-video-preview":"max-video-preview:-1"},"canonical":"https:\/\/www.cascade.it\/fr\/prodotto\/ajutage-cometa-plus\/","og_locale":"fr_FR","og_type":"article","og_title":"Ajutage pour fontaines Cometa Plus - Cascade","og_description":"L\u2019ajutage pour fontaines Cometa Plus est en laiton et bronze, ou acier inox AISI316L, \u00e0 jet unique, avec bride de r\u00e9glage incluse.","og_url":"https:\/\/www.cascade.it\/fr\/prodotto\/ajutage-cometa-plus\/","og_site_name":"Cascade","article_modified_time":"2023-06-29T15:51:01+00:00","og_image":[{"width":1300,"height":975,"url":"https:\/\/www.cascade.it\/new\/wp-content\/uploads\/Prodotti\/Ugelli_per_fontane\/Ugelli_Classici\/COMETA-PLUS.jpg","type":"image\/jpeg"}],"twitter_card":"summary_large_image","twitter_misc":{"Dur\u00e9e de lecture estim\u00e9e":"3 minutes"},"schema":{"@context":"https:\/\/schema.org","@graph":[{"@type":"WebPage","@id":"https:\/\/www.cascade.it\/fr\/prodotto\/ajutage-cometa-plus\/","url":"https:\/\/www.cascade.it\/fr\/prodotto\/ajutage-cometa-plus\/","name":"Ajutage pour fontaines Cometa Plus - Cascade","isPartOf":{"@id":"https:\/\/www.cascade.it\/fr\/#website"},"primaryImageOfPage":{"@id":"https:\/\/www.cascade.it\/fr\/prodotto\/ajutage-cometa-plus\/#primaryimage"},"image":{"@id":"https:\/\/www.cascade.it\/fr\/prodotto\/ajutage-cometa-plus\/#primaryimage"},"thumbnailUrl":"https:\/\/www.cascade.it\/new\/wp-content\/uploads\/Prodotti\/Ugelli_per_fontane\/Ugelli_Classici\/COMETA-PLUS.jpg","datePublished":"2019-02-15T08:58:04+00:00","dateModified":"2023-06-29T15:51:01+00:00","description":"L\u2019ajutage pour fontaines Cometa Plus est en laiton et bronze, ou acier inox AISI316L, \u00e0 jet unique, avec bride de r\u00e9glage incluse.","breadcrumb":{"@id":"https:\/\/www.cascade.it\/fr\/prodotto\/ajutage-cometa-plus\/#breadcrumb"},"inLanguage":"fr-FR","potentialAction":[{"@type":"ReadAction","target":["https:\/\/www.cascade.it\/fr\/prodotto\/ajutage-cometa-plus\/"]}]},{"@type":"ImageObject","inLanguage":"fr-FR","@id":"https:\/\/www.cascade.it\/fr\/prodotto\/ajutage-cometa-plus\/#primaryimage","url":"https:\/\/www.cascade.it\/new\/wp-content\/uploads\/Prodotti\/Ugelli_per_fontane\/Ugelli_Classici\/COMETA-PLUS.jpg","contentUrl":"https:\/\/www.cascade.it\/new\/wp-content\/uploads\/Prodotti\/Ugelli_per_fontane\/Ugelli_Classici\/COMETA-PLUS.jpg","width":1300,"height":975},{"@type":"BreadcrumbList","@id":"https:\/\/www.cascade.it\/fr\/prodotto\/ajutage-cometa-plus\/#breadcrumb","itemListElement":[{"@type":"ListItem","position":1,"name":"Home","item":"https:\/\/www.cascade.it\/fr\/"},{"@type":"ListItem","position":2,"name":"Boutique","item":"https:\/\/www.cascade.it\/fr\/boutique\/"},{"@type":"ListItem","position":3,"name":"Cometa Plus"}]},{"@type":"WebSite","@id":"https:\/\/www.cascade.it\/fr\/#website","url":"https:\/\/www.cascade.it\/fr\/","name":"Cascade","description":"More than a fountain","potentialAction":[{"@type":"SearchAction","target":{"@type":"EntryPoint","urlTemplate":"https:\/\/www.cascade.it\/fr\/?s={search_term_string}"},"query-input":{"@type":"PropertyValueSpecification","valueRequired":true,"valueName":"search_term_string"}}],"inLanguage":"fr-FR"}]}},"_links":{"self":[{"href":"https:\/\/www.cascade.it\/fr\/wp-json\/wp\/v2\/product\/3338","targetHints":{"allow":["GET"]}}],"collection":[{"href":"https:\/\/www.cascade.it\/fr\/wp-json\/wp\/v2\/product"}],"about":[{"href":"https:\/\/www.cascade.it\/fr\/wp-json\/wp\/v2\/types\/product"}],"wp:featuredmedia":[{"embeddable":true,"href":"https:\/\/www.cascade.it\/fr\/wp-json\/wp\/v2\/media\/3339"}],"wp:attachment":[{"href":"https:\/\/www.cascade.it\/fr\/wp-json\/wp\/v2\/media?parent=3338"}],"wp:term":[{"taxonomy":"product_brand","embeddable":true,"href":"https:\/\/www.cascade.it\/fr\/wp-json\/wp\/v2\/product_brand?post=3338"},{"taxonomy":"product_cat","embeddable":true,"href":"https:\/\/www.cascade.it\/fr\/wp-json\/wp\/v2\/product_cat?post=3338"},{"taxonomy":"product_tag","embeddable":true,"href":"https:\/\/www.cascade.it\/fr\/wp-json\/wp\/v2\/product_tag?post=3338"}],"curies":[{"name":"wp","href":"https:\/\/api.w.org\/{rel}","templated":true}]}}