{"id":3328,"date":"2019-02-15T09:54:58","date_gmt":"2019-02-15T08:54:58","guid":{"rendered":"https:\/\/www.cascade.it\/new\/prodotto\/cometa\/"},"modified":"2025-03-18T16:04:57","modified_gmt":"2025-03-18T15:04:57","slug":"ajutage-cometa","status":"publish","type":"product","link":"https:\/\/www.cascade.it\/fr\/prodotto\/ajutage-cometa\/","title":{"rendered":"Cometa"},"content":{"rendered":"<p>&nbsp;<\/p>\n<div class=\"carousel-slider-outer carousel-slider-outer-image-carousel carousel-slider-outer-1430\" style=\"--carousel-slider-nav-color:#f1f1f1;--carousel-slider-active-nav-color:#00d1b2;--carousel-slider-arrow-size:48px;--carousel-slider-bullet-size:10px\">\n<div id=\"&#039;id-1430\" class=\"carousel-slider carousel-slider-1430 arrows-visibility-hover dots-visibility-never arrows-outside dots-center dots-square owl-carousel\" data-slide-type=\"image-carousel\" data-owl-settings='{\"nav\":true,\"dots\":false,\"slideBy\":1,\"stagePadding\":0,\"margin\":10,\"loop\":true,\"lazyLoad\":true,\"autoplay\":true,\"autoplayTimeout\":5000,\"autoplaySpeed\":500,\"autoplayHoverPause\":true,\"autoWidth\":false,\"responsive\":{\"300\":{\"items\":1},\"576\":{\"items\":2},\"768\":{\"items\":2},\"1024\":{\"items\":3},\"1280\":{\"items\":3},\"1536\":{\"items\":3}}}'>\n<div class=\"carousel-slider__item\">\n\t<img class=\"owl-lazy\" data-src=\"https:\/\/www.cascade.it\/new\/wp-content\/uploads\/2023\/01\/COMETA-L.jpg\" alt=\"\"><\/a><\/div>\n\n<div class=\"carousel-slider__item\">\n\t<img class=\"owl-lazy\" data-src=\"https:\/\/www.cascade.it\/new\/wp-content\/uploads\/2019\/12\/1-Ugello-per-fontane-Cometa-2.jpg\" alt=\"\"><\/a><\/div>\n\n<div class=\"carousel-slider__item\">\n\t<img class=\"owl-lazy\" data-src=\"https:\/\/www.cascade.it\/new\/wp-content\/uploads\/2019\/12\/2-Ugello-per-fontane-Cometa-4.jpg\" alt=\"\"><\/a><\/div>\n\n<div class=\"carousel-slider__item\">\n\t<img class=\"owl-lazy\" data-src=\"https:\/\/www.cascade.it\/new\/wp-content\/uploads\/2019\/12\/3-Ugello-per-fontane-Cometa-6.jpg\" alt=\"\"><\/a><\/div>\n\n<div class=\"carousel-slider__item\">\n\t<img class=\"owl-lazy\" data-src=\"https:\/\/www.cascade.it\/new\/wp-content\/uploads\/2019\/12\/4-Ugello-per-fontane-Cometa-8.jpg\" alt=\"\"><\/a><\/div>\n\n<div class=\"carousel-slider__item\">\n\t<img class=\"owl-lazy\" data-src=\"https:\/\/www.cascade.it\/new\/wp-content\/uploads\/2019\/12\/5-Ugello-per-fontane-Cometa-10-1.jpg\" alt=\"\"><\/a><\/div>\n\n<\/div><!-- .carousel-slider-1430 -->\n<\/div><!-- .carousel-slider-outer-1430 -->\n\n<h1><span style=\"color: #1e73be;\">Ajutage pour fontaines Cometa<\/span><\/h1>\n<p><strong>L\u2019ajutage pour fontaines Cometa<\/strong> est enti\u00e8rement en <strong>laiton<\/strong> pour toutes les versions ou, seulement pour les versions de 8-10 mm, en<strong> acier inox AISI316L<\/strong>. Il est \u00e0 jet unique, avec un fonctionnement <strong>ind\u00e9pendant<\/strong> du niveau d&rsquo;eau.<\/p>\n<p>Il est <strong>r\u00e9glable<\/strong>, gr\u00e2ce au joint, jusqu&rsquo;\u00e0 <strong>10\u00b0 &#8211; 15\u00b0<\/strong>.<\/p>\n<p>La <strong>large gamme<\/strong> disponible de ces ajutages est compl\u00e9t\u00e9e par de <strong>tr\u00e8s petites<\/strong> versions, avec des trous de <strong>2 et 3 mm<\/strong> et une connexion de <strong>1\/8&Prime;<\/strong>.<\/p>\n<p>L&rsquo;effet est un <strong>mince jet cristallin<\/strong>.<\/p>\n<p>&nbsp;<\/p>\n<h3>Conseils d&rsquo;utilisation et applications<\/h3>\n<p>Bien que classique, le jet de type Cometa s&rsquo;adapte aux compositions les plus vari\u00e9es.<\/p>\n<p>Sa <strong>polyvalence<\/strong> lui permet d&rsquo;\u00eatre utilis\u00e9 en orientation <strong>verticale<\/strong> ou <strong>inclin\u00e9e<\/strong> et <strong>parabolique<\/strong>, mont\u00e9 sur des <strong>collecteurs<\/strong> lin\u00e9aires, en forme ou en anneau (voir la section <a href=\"https:\/\/www.cascade.it\/fr\/produits\/anneaux-et-collecteurs-inox-pour-fontaines\/\"><span style=\"text-decoration: underline;\"><strong>ANNEAUX ET COLLECTEURS INOX POUR FONTAINES<\/strong><\/span><\/a>). Cela vous permet d&rsquo;obtenir des effets d&rsquo;eau cristalline avec d&rsquo;innombrables <strong>variations g\u00e9om\u00e9triques<\/strong>.<\/p>\n<p>La disponibilit\u00e9 de tr\u00e8s petites versions permet l&rsquo;utilisation d&rsquo;un <strong>grand nombre d\u2019ajutages<\/strong> m\u00eame dans de <strong>petits espaces<\/strong>.<\/p>\n<p><strong>\u00c9clairage immerg\u00e9<\/strong>: pour enrichir l&rsquo;effet d\u2019eau avec des jeux de lumi\u00e8re monochromatique ou RGBW, nous recommandons l&rsquo;utilisation des <a href=\"https:\/\/www.cascade.it\/fr\/produits\/eclairage-immerge-led\/projecteurs-led-mizar\/\"><span style=\"text-decoration: underline;\"><strong>projecteurs LED immerg\u00e9s pour fontaines de la s\u00e9rie Mizar<\/strong><\/span><\/a>, des produits professionnels sp\u00e9cifiques pour une utilisation dans les fontaines, avec un design \u00e9l\u00e9gant, une technologie \u00e0 la pointe et extraordinaire effets de lumi\u00e8re.<\/p>\n<p>&nbsp;<\/p>\n<h3>Donn\u00e9es techniques<\/h3>\n<table width=\"983\">\n<tbody>\n<tr>\n<td width=\"93\"><strong>\u00a0<\/strong><\/td>\n<td class=\"thHorz\" width=\"81\">Cometa 2<\/td>\n<td class=\"thHorz\" width=\"79\">Cometa 3\/1<\/td>\n<td class=\"thHorz\" width=\"79\">Cometa 3<\/td>\n<td class=\"thHorz\" width=\"79\">Cometa 4<\/td>\n<td class=\"thHorz\" width=\"79\">Cometa 4 inox<\/td>\n<td class=\"thHorz\" width=\"79\">Cometa 6<\/td>\n<td class=\"thHorz\" width=\"79\">Cometa 6 inox<\/td>\n<td class=\"thHorz\" width=\"79\">Cometa 8<\/td>\n<td class=\"thHorz\" width=\"79\">Cometa 8 inox<\/td>\n<td class=\"thHorz\" width=\"88\">Cometa 10<\/td>\n<td class=\"thHorz\" width=\"88\">Cometa 10 inox<\/td>\n<\/tr>\n<tr>\n<td class=\"thVert\" width=\"93\">Code<\/td>\n<td width=\"81\">CO2<\/td>\n<td width=\"79\">CO3\/1<\/td>\n<td width=\"79\">CO3<\/td>\n<td width=\"79\">CO4<\/td>\n<td width=\"79\">COX4<\/td>\n<td width=\"79\">CO6<\/td>\n<td width=\"79\">COX6<\/td>\n<td width=\"79\">CO8<\/td>\n<td width=\"79\">COX8<\/td>\n<td width=\"88\">CO10<\/td>\n<td width=\"88\">COX10<\/td>\n<\/tr>\n<tr>\n<td class=\"thVert\" width=\"93\">\u00f8 jet<\/td>\n<td width=\"81\">2 mm<\/td>\n<td width=\"79\">3 mm<\/td>\n<td width=\"79\">3 mm<\/td>\n<td width=\"79\">4 mm<\/td>\n<td width=\"79\">4 mm<\/td>\n<td width=\"79\">6 mm<\/td>\n<td width=\"79\">6 mm<\/td>\n<td width=\"79\">8 mm<\/td>\n<td width=\"79\">8 mm<\/td>\n<td width=\"88\">10 mm<\/td>\n<td width=\"88\">10 mm<\/td>\n<\/tr>\n<tr>\n<td class=\"thVert\" width=\"93\">Hauteur max*<\/td>\n<td width=\"81\">2 m<\/td>\n<td width=\"79\">2 m<\/td>\n<td width=\"79\">2 m<\/td>\n<td width=\"79\">2,5 m<\/td>\n<td width=\"79\">2,5 m<\/td>\n<td width=\"79\">4 m<\/td>\n<td width=\"79\">4 m<\/td>\n<td width=\"79\">5 m<\/td>\n<td width=\"79\">5 m<\/td>\n<td width=\"88\">6 m<\/td>\n<td width=\"88\">6 m<\/td>\n<\/tr>\n<tr>\n<td class=\"thVert\" width=\"93\">Connexion<\/td>\n<td width=\"81\">1\/8\u201d M<\/td>\n<td width=\"79\">1\/8\u201d M<\/td>\n<td width=\"79\">3\/8\u201d M<\/td>\n<td width=\"79\">3\/8\u201d M<\/td>\n<td width=\"79\">3\/8\u201d M<\/td>\n<td width=\"79\">3\/8\u201d M<\/td>\n<td width=\"79\">3\/8\u201d M<\/td>\n<td width=\"79\">1\/2\u201d M<\/td>\n<td width=\"79\">1\/2\u201d M<\/td>\n<td width=\"88\">1\/2\u201d M<\/td>\n<td width=\"88\">1\/2\u201d M<\/td>\n<\/tr>\n<tr>\n<td class=\"thVert\" width=\"93\">Mat\u00e9riel<\/td>\n<td width=\"81\">Laiton<\/td>\n<td width=\"79\">Laiton<\/td>\n<td width=\"79\">Laiton<\/td>\n<td width=\"79\">Laiton<\/td>\n<td width=\"79\">AISI316L<\/td>\n<td width=\"79\">Laiton<\/td>\n<td width=\"79\">AISI316L<\/td>\n<td width=\"79\">Laiton<\/td>\n<td width=\"79\">AISI316L<\/td>\n<td width=\"88\">Laiton<\/td>\n<td width=\"88\">AISI316L<\/td>\n<\/tr>\n<tr>\n<td class=\"thVert\" width=\"93\">Poids<\/td>\n<td width=\"81\">13 g<\/td>\n<td width=\"79\">13 g<\/td>\n<td width=\"79\">64 g<\/td>\n<td width=\"79\">62 g<\/td>\n<td width=\"79\">59 g<\/td>\n<td width=\"79\">60 g<\/td>\n<td width=\"79\">57 g<\/td>\n<td width=\"79\">118 g<\/td>\n<td width=\"79\">112 g<\/td>\n<td width=\"88\">111 g<\/td>\n<td width=\"88\">105 g<\/td>\n<\/tr>\n<\/tbody>\n<\/table>\n<p>*Hauteur max conseill\u00e9e du jet d&rsquo;eau.<\/p>\n<p>&nbsp;<\/p>\n<h3>Downloads<\/h3>\n<div class=\"divide-line text-left\"><\/div>\n<div>\n<div style=\"float: left; padding: 5px; text-align: center; width: 150px;\"><a href=\"https:\/\/www.cascade.it\/new\/wp-content\/uploads\/2025\/03\/CASCADE-Cometa-FR.pdf\" target=\"_blank\" rel=\"noopener\"><img loading=\"lazy\" decoding=\"async\" class=\"alignnone wp-image-783\" src=\"https:\/\/www.cascade.it\/new\/wp-content\/uploads\/2019\/02\/pdf-icon-png-7.jpg\" alt=\"\" width=\"91\" height=\"91\" srcset=\"https:\/\/www.cascade.it\/new\/wp-content\/uploads\/2019\/02\/pdf-icon-png-7.jpg 254w, https:\/\/www.cascade.it\/new\/wp-content\/uploads\/2019\/02\/pdf-icon-png-7-150x150.jpg 150w, https:\/\/www.cascade.it\/new\/wp-content\/uploads\/2019\/02\/pdf-icon-png-7-100x100.jpg 100w\" sizes=\"auto, (max-width: 91px) 100vw, 91px\" \/><\/a><br \/>\nFiche technique<\/div>\n<div style=\"clear: both;\"><\/div>\n<\/div>\n","protected":false},"excerpt":{"rendered":"<p>&nbsp; Ajutage pour fontaines Cometa L\u2019ajutage pour fontaines Cometa est enti\u00e8rement en laiton pour toutes les versions ou, seulement pour les versions de 8-10 mm, en acier inox AISI316L. Il est \u00e0 jet unique, avec un fonctionnement ind\u00e9pendant du niveau d&rsquo;eau. Il est r\u00e9glable, gr\u00e2ce au joint, jusqu&rsquo;\u00e0 10\u00b0 &#8211; 15\u00b0. La large gamme disponible [&hellip;]<\/p>\n","protected":false},"featured_media":3329,"template":"","meta":[],"product_brand":[],"product_cat":[319],"product_tag":[],"class_list":{"0":"post-3328","1":"product","2":"type-product","3":"status-publish","4":"has-post-thumbnail","6":"product_cat-ajutages-classiques","8":"first","9":"instock","10":"shipping-taxable","11":"product-type-simple"},"yoast_head":"<!-- This site is optimized with the Yoast SEO plugin v26.7 - https:\/\/yoast.com\/wordpress\/plugins\/seo\/ -->\n<title>Ajutage pour fontaines Cometa - Cascade<\/title>\n<meta name=\"description\" content=\"L\u2019ajutage pour fontaines Cometa est enti\u00e8rement en laiton, \u00e0 jet unique, avec un fonctionnement ind\u00e9pendant du niveau d&#039;eau.\" \/>\n<meta name=\"robots\" content=\"index, follow, max-snippet:-1, max-image-preview:large, max-video-preview:-1\" \/>\n<link rel=\"canonical\" href=\"https:\/\/www.cascade.it\/fr\/prodotto\/ajutage-cometa\/\" \/>\n<meta property=\"og:locale\" content=\"fr_FR\" \/>\n<meta property=\"og:type\" content=\"article\" \/>\n<meta property=\"og:title\" content=\"Ajutage pour fontaines Cometa - Cascade\" \/>\n<meta property=\"og:description\" content=\"L\u2019ajutage pour fontaines Cometa est enti\u00e8rement en laiton, \u00e0 jet unique, avec un fonctionnement ind\u00e9pendant du niveau d&#039;eau.\" \/>\n<meta property=\"og:url\" content=\"https:\/\/www.cascade.it\/fr\/prodotto\/ajutage-cometa\/\" \/>\n<meta property=\"og:site_name\" content=\"Cascade\" \/>\n<meta property=\"article:modified_time\" content=\"2025-03-18T15:04:57+00:00\" \/>\n<meta property=\"og:image\" content=\"https:\/\/www.cascade.it\/new\/wp-content\/uploads\/Prodotti\/Ugelli_per_fontane\/Ugelli_Classici\/COMETA.jpg\" \/>\n\t<meta property=\"og:image:width\" content=\"1300\" \/>\n\t<meta property=\"og:image:height\" content=\"975\" \/>\n\t<meta property=\"og:image:type\" content=\"image\/jpeg\" \/>\n<meta name=\"twitter:card\" content=\"summary_large_image\" \/>\n<meta name=\"twitter:label1\" content=\"Dur\u00e9e de lecture estim\u00e9e\" \/>\n\t<meta name=\"twitter:data1\" content=\"3 minutes\" \/>\n<!-- \/ Yoast SEO plugin. -->","yoast_head_json":{"title":"Ajutage pour fontaines Cometa - Cascade","description":"L\u2019ajutage pour fontaines Cometa est enti\u00e8rement en laiton, \u00e0 jet unique, avec un fonctionnement ind\u00e9pendant du niveau d'eau.","robots":{"index":"index","follow":"follow","max-snippet":"max-snippet:-1","max-image-preview":"max-image-preview:large","max-video-preview":"max-video-preview:-1"},"canonical":"https:\/\/www.cascade.it\/fr\/prodotto\/ajutage-cometa\/","og_locale":"fr_FR","og_type":"article","og_title":"Ajutage pour fontaines Cometa - Cascade","og_description":"L\u2019ajutage pour fontaines Cometa est enti\u00e8rement en laiton, \u00e0 jet unique, avec un fonctionnement ind\u00e9pendant du niveau d'eau.","og_url":"https:\/\/www.cascade.it\/fr\/prodotto\/ajutage-cometa\/","og_site_name":"Cascade","article_modified_time":"2025-03-18T15:04:57+00:00","og_image":[{"width":1300,"height":975,"url":"https:\/\/www.cascade.it\/new\/wp-content\/uploads\/Prodotti\/Ugelli_per_fontane\/Ugelli_Classici\/COMETA.jpg","type":"image\/jpeg"}],"twitter_card":"summary_large_image","twitter_misc":{"Dur\u00e9e de lecture estim\u00e9e":"3 minutes"},"schema":{"@context":"https:\/\/schema.org","@graph":[{"@type":"WebPage","@id":"https:\/\/www.cascade.it\/fr\/prodotto\/ajutage-cometa\/","url":"https:\/\/www.cascade.it\/fr\/prodotto\/ajutage-cometa\/","name":"Ajutage pour fontaines Cometa - Cascade","isPartOf":{"@id":"https:\/\/www.cascade.it\/fr\/#website"},"primaryImageOfPage":{"@id":"https:\/\/www.cascade.it\/fr\/prodotto\/ajutage-cometa\/#primaryimage"},"image":{"@id":"https:\/\/www.cascade.it\/fr\/prodotto\/ajutage-cometa\/#primaryimage"},"thumbnailUrl":"https:\/\/www.cascade.it\/new\/wp-content\/uploads\/Prodotti\/Ugelli_per_fontane\/Ugelli_Classici\/COMETA.jpg","datePublished":"2019-02-15T08:54:58+00:00","dateModified":"2025-03-18T15:04:57+00:00","description":"L\u2019ajutage pour fontaines Cometa est enti\u00e8rement en laiton, \u00e0 jet unique, avec un fonctionnement ind\u00e9pendant du niveau d'eau.","breadcrumb":{"@id":"https:\/\/www.cascade.it\/fr\/prodotto\/ajutage-cometa\/#breadcrumb"},"inLanguage":"fr-FR","potentialAction":[{"@type":"ReadAction","target":["https:\/\/www.cascade.it\/fr\/prodotto\/ajutage-cometa\/"]}]},{"@type":"ImageObject","inLanguage":"fr-FR","@id":"https:\/\/www.cascade.it\/fr\/prodotto\/ajutage-cometa\/#primaryimage","url":"https:\/\/www.cascade.it\/new\/wp-content\/uploads\/Prodotti\/Ugelli_per_fontane\/Ugelli_Classici\/COMETA.jpg","contentUrl":"https:\/\/www.cascade.it\/new\/wp-content\/uploads\/Prodotti\/Ugelli_per_fontane\/Ugelli_Classici\/COMETA.jpg","width":1300,"height":975},{"@type":"BreadcrumbList","@id":"https:\/\/www.cascade.it\/fr\/prodotto\/ajutage-cometa\/#breadcrumb","itemListElement":[{"@type":"ListItem","position":1,"name":"Home","item":"https:\/\/www.cascade.it\/fr\/"},{"@type":"ListItem","position":2,"name":"Boutique","item":"https:\/\/www.cascade.it\/fr\/boutique\/"},{"@type":"ListItem","position":3,"name":"Cometa"}]},{"@type":"WebSite","@id":"https:\/\/www.cascade.it\/fr\/#website","url":"https:\/\/www.cascade.it\/fr\/","name":"Cascade","description":"More than a fountain","potentialAction":[{"@type":"SearchAction","target":{"@type":"EntryPoint","urlTemplate":"https:\/\/www.cascade.it\/fr\/?s={search_term_string}"},"query-input":{"@type":"PropertyValueSpecification","valueRequired":true,"valueName":"search_term_string"}}],"inLanguage":"fr-FR"}]}},"_links":{"self":[{"href":"https:\/\/www.cascade.it\/fr\/wp-json\/wp\/v2\/product\/3328","targetHints":{"allow":["GET"]}}],"collection":[{"href":"https:\/\/www.cascade.it\/fr\/wp-json\/wp\/v2\/product"}],"about":[{"href":"https:\/\/www.cascade.it\/fr\/wp-json\/wp\/v2\/types\/product"}],"wp:featuredmedia":[{"embeddable":true,"href":"https:\/\/www.cascade.it\/fr\/wp-json\/wp\/v2\/media\/3329"}],"wp:attachment":[{"href":"https:\/\/www.cascade.it\/fr\/wp-json\/wp\/v2\/media?parent=3328"}],"wp:term":[{"taxonomy":"product_brand","embeddable":true,"href":"https:\/\/www.cascade.it\/fr\/wp-json\/wp\/v2\/product_brand?post=3328"},{"taxonomy":"product_cat","embeddable":true,"href":"https:\/\/www.cascade.it\/fr\/wp-json\/wp\/v2\/product_cat?post=3328"},{"taxonomy":"product_tag","embeddable":true,"href":"https:\/\/www.cascade.it\/fr\/wp-json\/wp\/v2\/product_tag?post=3328"}],"curies":[{"name":"wp","href":"https:\/\/api.w.org\/{rel}","templated":true}]}}