{"id":3324,"date":"2019-02-15T09:54:01","date_gmt":"2019-02-15T08:54:01","guid":{"rendered":"https:\/\/www.cascade.it\/new\/prodotto\/coda-di-pavone\/"},"modified":"2022-07-01T12:31:28","modified_gmt":"2022-07-01T10:31:28","slug":"ajutage-coda-di-pavone","status":"publish","type":"product","link":"https:\/\/www.cascade.it\/fr\/prodotto\/ajutage-coda-di-pavone\/","title":{"rendered":"Coda di Pavone"},"content":{"rendered":"<p>&nbsp;<\/p>\n<div class=\"carousel-slider-outer carousel-slider-outer-image-carousel carousel-slider-outer-1423\" style=\"--carousel-slider-nav-color:#f1f1f1;--carousel-slider-active-nav-color:#00d1b2;--carousel-slider-arrow-size:48px;--carousel-slider-bullet-size:10px\">\n<div id=\"&#039;id-1423\" class=\"carousel-slider carousel-slider-1423 arrows-visibility-hover dots-visibility-never arrows-outside dots-center dots-square owl-carousel\" data-slide-type=\"image-carousel\" data-owl-settings='{\"nav\":true,\"dots\":false,\"slideBy\":1,\"stagePadding\":0,\"margin\":10,\"loop\":true,\"lazyLoad\":true,\"autoplay\":true,\"autoplayTimeout\":5000,\"autoplaySpeed\":500,\"autoplayHoverPause\":true,\"autoWidth\":false,\"responsive\":{\"300\":{\"items\":1},\"576\":{\"items\":2},\"768\":{\"items\":2},\"1024\":{\"items\":3},\"1280\":{\"items\":3},\"1536\":{\"items\":3}}}'>\n<div class=\"carousel-slider__item\">\n\t<img class=\"owl-lazy\" data-src=\"https:\/\/www.cascade.it\/new\/wp-content\/uploads\/2019\/07\/CODA-DI-PAVONE.jpg\" alt=\"\"><\/a><\/div>\n\n<div class=\"carousel-slider__item\">\n\t<img class=\"owl-lazy\" data-src=\"https:\/\/www.cascade.it\/new\/wp-content\/uploads\/2019\/12\/1-Ugello-per-fontane-Coda-di-Pavone.jpg\" alt=\"\"><\/a><\/div>\n\n<div class=\"carousel-slider__item\">\n\t<img class=\"owl-lazy\" data-src=\"https:\/\/www.cascade.it\/new\/wp-content\/uploads\/2019\/12\/2-Ugello-per-fontane-Coda-di-Pavone.jpg\" alt=\"\"><\/a><\/div>\n\n<div class=\"carousel-slider__item\">\n\t<img class=\"owl-lazy\" data-src=\"https:\/\/www.cascade.it\/new\/wp-content\/uploads\/2019\/12\/3-Ugello-per-fontane-Coda-di-Pavone.jpg\" alt=\"\"><\/a><\/div>\n\n<div class=\"carousel-slider__item\">\n\t<img class=\"owl-lazy\" data-src=\"https:\/\/www.cascade.it\/new\/wp-content\/uploads\/2019\/12\/4-Ugello-per-fontane-Coda-di-pavone.jpg\" alt=\"\"><\/a><\/div>\n\n<\/div><!-- .carousel-slider-1423 -->\n<\/div><!-- .carousel-slider-outer-1423 -->\n\n<h1><span style=\"color: #1e73be;\">Ajutage Coda di Pavone pour fontaines<\/span><\/h1>\n<p><strong>L\u2019ajutage pour fontaines Coda di Pavone<\/strong> est en <strong>acier inoxydable<\/strong> et a une ouverture de jet de <strong>180\u00b0<\/strong>.<\/p>\n<p>Il est <strong>ind\u00e9pendant<\/strong> du niveau de l&rsquo;eau.<\/p>\n<p>L&rsquo;effet est un <strong>demi-cercle vertical d&rsquo;eau laminaire<\/strong>, en forme de queue de paon.<\/p>\n<p>&nbsp;<\/p>\n<h3>Conseils d&rsquo;utilisation et applications<\/h3>\n<p><strong>Proposition unique Cascade<\/strong>, le Coda di Pavone est un effet <strong>simple<\/strong> mais <strong>\u00e9l\u00e9gant<\/strong>.<\/p>\n<p>Install\u00e9e en groupe, il peut produire des sc\u00e9nographies aquatiques suggestives et agr\u00e9ables.<\/p>\n<p><strong>Petits \u00e9claboussures<\/strong>: l\u2019ajutage Coda di Pavone se distingue par les petits \u00e9claboussures d&rsquo;eau.<\/p>\n<p>Nous recommandons l&rsquo;utilisation de la <a href=\"https:\/\/www.cascade.it\/fr\/prodotto\/bride-reglage\/\"><span style=\"text-decoration: underline;\"><strong>bride de r\u00e9glage<\/strong><\/span><\/a> axial (voir la section <a href=\"https:\/\/www.cascade.it\/fr\/produits\/accessoires-hydrauliques-pour-fontaines\/\"><span style=\"text-decoration: underline;\"><strong>ACCESSOIRES HYDRAULIQUES POUR FONTAINES<\/strong><\/span><\/a>).<\/p>\n<p><strong>\u00c9clairage immerg\u00e9<\/strong>: pour enrichir l&rsquo;effet d\u2019eau avec des jeux de lumi\u00e8re monochromatique ou RGBW, nous recommandons l&rsquo;utilisation des <a href=\"https:\/\/www.cascade.it\/fr\/produits\/eclairage-immerge-led\/projecteurs-led-mizar\/\"><span style=\"text-decoration: underline;\"><strong>projecteurs LED immerg\u00e9s pour fontaines de la s\u00e9rie Mizar<\/strong><\/span><\/a>, des produits professionnels sp\u00e9cifiques pour une utilisation dans les fontaines, avec un design \u00e9l\u00e9gant, une technologie \u00e0 la pointe et extraordinaire effets de lumi\u00e8re.<\/p>\n<p>&nbsp;<\/p>\n<h3>Donn\u00e9es techniques<\/h3>\n<div style=\"overflow-x: auto;\">\n<table width=\"867\">\n<tbody>\n<tr>\n<td width=\"124\"><strong>\u00a0<\/strong><\/td>\n<td class=\"thHorz\" width=\"743\">Coda di Pavone<\/td>\n<\/tr>\n<tr>\n<td class=\"thVert\" width=\"124\">Code<\/td>\n<td width=\"743\">PAV150<\/td>\n<\/tr>\n<tr>\n<td class=\"thVert\" width=\"124\">Hauteur jet<\/td>\n<td width=\"743\">0,75 m<\/td>\n<\/tr>\n<tr>\n<td class=\"thVert\" width=\"124\">Largeur max effet*<\/td>\n<td width=\"743\">1,5 m<\/td>\n<\/tr>\n<tr>\n<td class=\"thVert\" width=\"124\">Connexion<\/td>\n<td width=\"743\">1 1\/2\u201d M<\/td>\n<\/tr>\n<tr>\n<td class=\"thVert\" width=\"124\">Mat\u00e9riel<\/td>\n<td width=\"743\">Acier inox<\/td>\n<\/tr>\n<tr>\n<td class=\"thVert\" width=\"124\">Poids<\/td>\n<td width=\"743\">1,9 Kg<\/td>\n<\/tr>\n<\/tbody>\n<\/table>\n<\/div>\n<p>*Largeur max conseill\u00e9e.<\/p>\n<div>\n<div style=\"float: left; padding: 5px; text-align: center; width: 150px;\"><\/div>\n<\/div>\n<p>&nbsp;<\/p>\n<h3>Downloads<\/h3>\n<div class=\"divide-line text-left\"><\/div>\n<div>\n<div style=\"float: left; padding: 5px; text-align: center; width: 150px;\"><a href=\"https:\/\/www.cascade.it\/new\/wp-content\/uploads\/2022\/07\/CASCADE-Coda-di-Pavone-FR.pdf\" target=\"_blank\" rel=\"noopener\"><img loading=\"lazy\" decoding=\"async\" class=\"alignnone wp-image-783\" src=\"https:\/\/www.cascade.it\/new\/wp-content\/uploads\/2019\/02\/pdf-icon-png-7.jpg\" alt=\"\" width=\"91\" height=\"91\" srcset=\"https:\/\/www.cascade.it\/new\/wp-content\/uploads\/2019\/02\/pdf-icon-png-7.jpg 254w, https:\/\/www.cascade.it\/new\/wp-content\/uploads\/2019\/02\/pdf-icon-png-7-150x150.jpg 150w, https:\/\/www.cascade.it\/new\/wp-content\/uploads\/2019\/02\/pdf-icon-png-7-100x100.jpg 100w\" sizes=\"auto, (max-width: 91px) 100vw, 91px\" \/><\/a><br \/>\nFiche technique<\/div>\n<div style=\"clear: both;\"><\/div>\n<\/div>\n","protected":false},"excerpt":{"rendered":"<p>&nbsp; Ajutage Coda di Pavone pour fontaines L\u2019ajutage pour fontaines Coda di Pavone est en acier inoxydable et a une ouverture de jet de 180\u00b0. Il est ind\u00e9pendant du niveau de l&rsquo;eau. L&rsquo;effet est un demi-cercle vertical d&rsquo;eau laminaire, en forme de queue de paon. &nbsp; Conseils d&rsquo;utilisation et applications Proposition unique Cascade, le Coda [&hellip;]<\/p>\n","protected":false},"featured_media":3325,"template":"","meta":[],"product_brand":[],"product_cat":[319],"product_tag":[],"class_list":{"0":"post-3324","1":"product","2":"type-product","3":"status-publish","4":"has-post-thumbnail","6":"product_cat-ajutages-classiques","8":"first","9":"instock","10":"shipping-taxable","11":"product-type-simple"},"yoast_head":"<!-- This site is optimized with the Yoast SEO plugin v26.7 - https:\/\/yoast.com\/wordpress\/plugins\/seo\/ -->\n<title>Ajutage pour fontaines Coda di Pavone - Cascade<\/title>\n<meta name=\"description\" content=\"L\u2019ajutage pour fontaines Coda di Pavone est en acier inox, ouverture de jet de 180\u00b0. L&#039;effet est un demi-cercle vertical d&#039;eau, en forme de queue de paon.\" \/>\n<meta name=\"robots\" content=\"index, follow, max-snippet:-1, max-image-preview:large, max-video-preview:-1\" \/>\n<link rel=\"canonical\" href=\"https:\/\/www.cascade.it\/fr\/prodotto\/ajutage-coda-di-pavone\/\" \/>\n<meta property=\"og:locale\" content=\"fr_FR\" \/>\n<meta property=\"og:type\" content=\"article\" \/>\n<meta property=\"og:title\" content=\"Ajutage pour fontaines Coda di Pavone - Cascade\" \/>\n<meta property=\"og:description\" content=\"L\u2019ajutage pour fontaines Coda di Pavone est en acier inox, ouverture de jet de 180\u00b0. L&#039;effet est un demi-cercle vertical d&#039;eau, en forme de queue de paon.\" \/>\n<meta property=\"og:url\" content=\"https:\/\/www.cascade.it\/fr\/prodotto\/ajutage-coda-di-pavone\/\" \/>\n<meta property=\"og:site_name\" content=\"Cascade\" \/>\n<meta property=\"article:modified_time\" content=\"2022-07-01T10:31:28+00:00\" \/>\n<meta property=\"og:image\" content=\"https:\/\/www.cascade.it\/new\/wp-content\/uploads\/Prodotti\/Ugelli_per_fontane\/Ugelli_Classici\/CODA-DI-PAVONE.jpg\" \/>\n\t<meta property=\"og:image:width\" content=\"1300\" \/>\n\t<meta property=\"og:image:height\" content=\"975\" \/>\n\t<meta property=\"og:image:type\" content=\"image\/jpeg\" \/>\n<meta name=\"twitter:card\" content=\"summary_large_image\" \/>\n<meta name=\"twitter:label1\" content=\"Dur\u00e9e de lecture estim\u00e9e\" \/>\n\t<meta name=\"twitter:data1\" content=\"1 minute\" \/>\n<!-- \/ Yoast SEO plugin. -->","yoast_head_json":{"title":"Ajutage pour fontaines Coda di Pavone - Cascade","description":"L\u2019ajutage pour fontaines Coda di Pavone est en acier inox, ouverture de jet de 180\u00b0. L'effet est un demi-cercle vertical d'eau, en forme de queue de paon.","robots":{"index":"index","follow":"follow","max-snippet":"max-snippet:-1","max-image-preview":"max-image-preview:large","max-video-preview":"max-video-preview:-1"},"canonical":"https:\/\/www.cascade.it\/fr\/prodotto\/ajutage-coda-di-pavone\/","og_locale":"fr_FR","og_type":"article","og_title":"Ajutage pour fontaines Coda di Pavone - Cascade","og_description":"L\u2019ajutage pour fontaines Coda di Pavone est en acier inox, ouverture de jet de 180\u00b0. L'effet est un demi-cercle vertical d'eau, en forme de queue de paon.","og_url":"https:\/\/www.cascade.it\/fr\/prodotto\/ajutage-coda-di-pavone\/","og_site_name":"Cascade","article_modified_time":"2022-07-01T10:31:28+00:00","og_image":[{"width":1300,"height":975,"url":"https:\/\/www.cascade.it\/new\/wp-content\/uploads\/Prodotti\/Ugelli_per_fontane\/Ugelli_Classici\/CODA-DI-PAVONE.jpg","type":"image\/jpeg"}],"twitter_card":"summary_large_image","twitter_misc":{"Dur\u00e9e de lecture estim\u00e9e":"1 minute"},"schema":{"@context":"https:\/\/schema.org","@graph":[{"@type":"WebPage","@id":"https:\/\/www.cascade.it\/fr\/prodotto\/ajutage-coda-di-pavone\/","url":"https:\/\/www.cascade.it\/fr\/prodotto\/ajutage-coda-di-pavone\/","name":"Ajutage pour fontaines Coda di Pavone - Cascade","isPartOf":{"@id":"https:\/\/www.cascade.it\/fr\/#website"},"primaryImageOfPage":{"@id":"https:\/\/www.cascade.it\/fr\/prodotto\/ajutage-coda-di-pavone\/#primaryimage"},"image":{"@id":"https:\/\/www.cascade.it\/fr\/prodotto\/ajutage-coda-di-pavone\/#primaryimage"},"thumbnailUrl":"https:\/\/www.cascade.it\/new\/wp-content\/uploads\/Prodotti\/Ugelli_per_fontane\/Ugelli_Classici\/CODA-DI-PAVONE.jpg","datePublished":"2019-02-15T08:54:01+00:00","dateModified":"2022-07-01T10:31:28+00:00","description":"L\u2019ajutage pour fontaines Coda di Pavone est en acier inox, ouverture de jet de 180\u00b0. L'effet est un demi-cercle vertical d'eau, en forme de queue de paon.","breadcrumb":{"@id":"https:\/\/www.cascade.it\/fr\/prodotto\/ajutage-coda-di-pavone\/#breadcrumb"},"inLanguage":"fr-FR","potentialAction":[{"@type":"ReadAction","target":["https:\/\/www.cascade.it\/fr\/prodotto\/ajutage-coda-di-pavone\/"]}]},{"@type":"ImageObject","inLanguage":"fr-FR","@id":"https:\/\/www.cascade.it\/fr\/prodotto\/ajutage-coda-di-pavone\/#primaryimage","url":"https:\/\/www.cascade.it\/new\/wp-content\/uploads\/Prodotti\/Ugelli_per_fontane\/Ugelli_Classici\/CODA-DI-PAVONE.jpg","contentUrl":"https:\/\/www.cascade.it\/new\/wp-content\/uploads\/Prodotti\/Ugelli_per_fontane\/Ugelli_Classici\/CODA-DI-PAVONE.jpg","width":1300,"height":975},{"@type":"BreadcrumbList","@id":"https:\/\/www.cascade.it\/fr\/prodotto\/ajutage-coda-di-pavone\/#breadcrumb","itemListElement":[{"@type":"ListItem","position":1,"name":"Home","item":"https:\/\/www.cascade.it\/fr\/"},{"@type":"ListItem","position":2,"name":"Boutique","item":"https:\/\/www.cascade.it\/fr\/boutique\/"},{"@type":"ListItem","position":3,"name":"Coda di Pavone"}]},{"@type":"WebSite","@id":"https:\/\/www.cascade.it\/fr\/#website","url":"https:\/\/www.cascade.it\/fr\/","name":"Cascade","description":"More than a fountain","potentialAction":[{"@type":"SearchAction","target":{"@type":"EntryPoint","urlTemplate":"https:\/\/www.cascade.it\/fr\/?s={search_term_string}"},"query-input":{"@type":"PropertyValueSpecification","valueRequired":true,"valueName":"search_term_string"}}],"inLanguage":"fr-FR"}]}},"_links":{"self":[{"href":"https:\/\/www.cascade.it\/fr\/wp-json\/wp\/v2\/product\/3324","targetHints":{"allow":["GET"]}}],"collection":[{"href":"https:\/\/www.cascade.it\/fr\/wp-json\/wp\/v2\/product"}],"about":[{"href":"https:\/\/www.cascade.it\/fr\/wp-json\/wp\/v2\/types\/product"}],"wp:featuredmedia":[{"embeddable":true,"href":"https:\/\/www.cascade.it\/fr\/wp-json\/wp\/v2\/media\/3325"}],"wp:attachment":[{"href":"https:\/\/www.cascade.it\/fr\/wp-json\/wp\/v2\/media?parent=3324"}],"wp:term":[{"taxonomy":"product_brand","embeddable":true,"href":"https:\/\/www.cascade.it\/fr\/wp-json\/wp\/v2\/product_brand?post=3324"},{"taxonomy":"product_cat","embeddable":true,"href":"https:\/\/www.cascade.it\/fr\/wp-json\/wp\/v2\/product_cat?post=3324"},{"taxonomy":"product_tag","embeddable":true,"href":"https:\/\/www.cascade.it\/fr\/wp-json\/wp\/v2\/product_tag?post=3324"}],"curies":[{"name":"wp","href":"https:\/\/api.w.org\/{rel}","templated":true}]}}