{"id":3320,"date":"2019-02-15T09:53:04","date_gmt":"2019-02-15T08:53:04","guid":{"rendered":"https:\/\/www.cascade.it\/new\/prodotto\/cascade\/"},"modified":"2023-01-09T12:37:23","modified_gmt":"2023-01-09T11:37:23","slug":"ajutage-cascade","status":"publish","type":"product","link":"https:\/\/www.cascade.it\/fr\/prodotto\/ajutage-cascade\/","title":{"rendered":"Cascade"},"content":{"rendered":"<p>&nbsp;<\/p>\n<div class=\"carousel-slider-outer carousel-slider-outer-image-carousel carousel-slider-outer-1413\" style=\"--carousel-slider-nav-color:#f1f1f1;--carousel-slider-active-nav-color:#00d1b2;--carousel-slider-arrow-size:48px;--carousel-slider-bullet-size:10px\">\n<div id=\"&#039;id-1413\" class=\"carousel-slider carousel-slider-1413 arrows-visibility-hover dots-visibility-never arrows-outside dots-center dots-square owl-carousel\" data-slide-type=\"image-carousel\" data-owl-settings='{\"nav\":true,\"dots\":false,\"slideBy\":1,\"stagePadding\":0,\"margin\":10,\"loop\":true,\"lazyLoad\":true,\"autoplay\":true,\"autoplayTimeout\":5000,\"autoplaySpeed\":500,\"autoplayHoverPause\":true,\"autoWidth\":false,\"responsive\":{\"300\":{\"items\":1},\"576\":{\"items\":2},\"768\":{\"items\":2},\"1024\":{\"items\":3},\"1280\":{\"items\":3},\"1536\":{\"items\":3}}}'>\n<div class=\"carousel-slider__item\">\n\t<img class=\"owl-lazy\" data-src=\"https:\/\/www.cascade.it\/new\/wp-content\/uploads\/2019\/07\/CASCADE.jpg\" alt=\"Ugello per Fontane Modello Cascade - Cascade\"><\/a><\/div>\n\n<div class=\"carousel-slider__item\">\n\t<img class=\"owl-lazy\" data-src=\"https:\/\/www.cascade.it\/new\/wp-content\/uploads\/2019\/12\/1-Ugello-per-fontane-Cascade-50.jpg\" alt=\"Ugello per Fontane Modello Cascade - Cascade\"><\/a><\/div>\n\n<div class=\"carousel-slider__item\">\n\t<img class=\"owl-lazy\" data-src=\"https:\/\/www.cascade.it\/new\/wp-content\/uploads\/2019\/12\/2-Ugello-per-fontane-Cascade-70.jpg\" alt=\"Ugello per Fontane Modello Cascade - Cascade\"><\/a><\/div>\n\n<div class=\"carousel-slider__item\">\n\t<img class=\"owl-lazy\" data-src=\"https:\/\/www.cascade.it\/new\/wp-content\/uploads\/2019\/12\/3-Ugello-per-fontane-Cascade-70.jpg\" alt=\"Progettazione e Realizzazione - Cascade\"><\/a><\/div>\n\n<div class=\"carousel-slider__item\">\n\t<img class=\"owl-lazy\" data-src=\"https:\/\/www.cascade.it\/new\/wp-content\/uploads\/2019\/12\/4-Ugello-per-fontane-Cascade-70.jpg\" alt=\"Progettazione e Realizzazione - Cascade\"><\/a><\/div>\n\n<div class=\"carousel-slider__item\">\n\t<img class=\"owl-lazy\" data-src=\"https:\/\/www.cascade.it\/new\/wp-content\/uploads\/2019\/12\/4-Ugello-per-fontane-Cascade-90.jpg\" alt=\"Ugello per Fontane Modello Cascade - Cascade\"><\/a><\/div>\n\n<div class=\"carousel-slider__item\">\n\t<img class=\"owl-lazy\" data-src=\"https:\/\/www.cascade.it\/new\/wp-content\/uploads\/2019\/12\/5-Ugello-per-fontane-Cascade-90.jpg\" alt=\"Progettazione e Realizzazione - Cascade\"><\/a><\/div>\n\n<div class=\"carousel-slider__item\">\n\t<img class=\"owl-lazy\" data-src=\"https:\/\/www.cascade.it\/new\/wp-content\/uploads\/2019\/12\/6-Ugello-per-fontane-Cascade-90.jpg\" alt=\"Progettazione e Realizzazione Fontane - Cascade\"><\/a><\/div>\n\n<div class=\"carousel-slider__item\">\n\t<img class=\"owl-lazy\" data-src=\"https:\/\/www.cascade.it\/new\/wp-content\/uploads\/2019\/12\/8-Ugello-per-fontane-Cascade-110.jpg\" alt=\"Ugello per Fontane Modello Cascade - Cascade\"><\/a><\/div>\n\n<div class=\"carousel-slider__item\">\n\t<img class=\"owl-lazy\" data-src=\"https:\/\/www.cascade.it\/new\/wp-content\/uploads\/2019\/12\/9-Ugello-per-fontane-Cascade-130.jpg\" alt=\"Ugello per Fontane Modello Cascade - Cascade\"><\/a><\/div>\n\n<\/div><!-- .carousel-slider-1413 -->\n<\/div><!-- .carousel-slider-outer-1413 -->\n\n<h1><span style=\"color: #1e73be;\">Ajutage Cascade pour fontaines<\/span><\/h1>\n<p><strong>L\u2019ajutage pour fontaines<\/strong> de type <strong>Cascade<\/strong> est enti\u00e8rement en <strong>laiton et bronze<\/strong> et il est <strong>\u00e9quip\u00e9 de bride<\/strong> pour le r\u00e9glage axial.<\/p>\n<p>Son fonctionnement <strong>d\u00e9pend<\/strong> du niveau d&rsquo;eau et est bas\u00e9 sur un <strong>m\u00e9lange air-eau \u00e9lev\u00e9<\/strong>.<\/p>\n<p>L&rsquo;effet obtenu est un jet mousseux en <strong>forme de sapin<\/strong>.<\/p>\n<p>&nbsp;<\/p>\n<h3>Conseils d&rsquo;utilisation et applications<\/h3>\n<p>La <strong>bride incluse<\/strong> dans l\u2019ajutage rend le r\u00e9glage axial du jet <strong>facile<\/strong>, <strong>rapide<\/strong> et <strong>durable<\/strong>. Une fois le jet r\u00e9gl\u00e9, la bride boulonn\u00e9e <strong>emp\u00eache<\/strong> l\u2019ajutage de se <strong>d\u00e9placer<\/strong> accidentellement.<\/p>\n<p>Le m\u00e9lange \u00e9lev\u00e9 d&rsquo;air et d&rsquo;eau rend le jet tr\u00e8s <strong>cors\u00e9<\/strong> et <strong>clairement visible<\/strong>, m\u00eame \u00e0 distance en fonction de l\u2019hauteur. Id\u00e9al pour les <strong>bassins moyens et grands<\/strong> gr\u00e2ce au grand mouvement de l&rsquo;eau produite (voir la section <a href=\"https:\/\/www.cascade.it\/fr\/produits\/fontaines-pretes-preassemblees\/\"><span style=\"text-decoration: underline;\"><strong>FONTAINES PR<\/strong><strong>\u00ca<\/strong><strong>TES PR\u00c9-ASSEMBL\u00c9ES<\/strong><\/span><\/a>).<\/p>\n<p>Le corps du jet le rend \u00e9galement <strong>r\u00e9sistant au vent mod\u00e9r\u00e9<\/strong>.<\/p>\n<p>Pour obtenir le bon fonctionnement du jet, qui d\u00e9pend du niveau de l&rsquo;eau, et pour \u00e9viter \u00ab\u00a0<strong>l&rsquo;effet de vague<\/strong>\u00a0\u00bb avec un rebond croissant du jet, nous vous recommandons d&rsquo;utiliser le Cascade dans de <strong>grands bassins<\/strong> \u00e9ventuellement \u00e0 <strong>d\u00e9bordement<\/strong>. Lorsque cela n&rsquo;est pas possible, nous recommandons l&rsquo;utilisation de <a href=\"https:\/\/www.cascade.it\/fr\/prodotto\/anneau-brise-lames\/\"><span style=\"text-decoration: underline;\"><strong>l&rsquo;anneau brise-lames<\/strong><\/span><\/a> (voir la section <a href=\"https:\/\/www.cascade.it\/fr\/produits\/accessoires-hydrauliques-pour-fontaines\/\"><span style=\"text-decoration: underline;\"><strong>ACCESSOIRES HYDRAULIQUES POUR FONTAINES<\/strong><\/span><\/a>).<\/p>\n<p><strong>\u00c9clairage immerg\u00e9<\/strong>: pour enrichir l&rsquo;effet d\u2019eau avec des jeux de lumi\u00e8re monochromatique ou RGBW, nous recommandons l&rsquo;utilisation des <a href=\"https:\/\/www.cascade.it\/fr\/produits\/eclairage-immerge-led\/projecteurs-led-mizar\/\"><span style=\"text-decoration: underline;\"><strong>projecteurs LED immerg\u00e9s pour fontaines de la s\u00e9rie Mizar<\/strong><\/span><\/a>, des produits professionnels sp\u00e9cifiques pour une utilisation dans les fontaines, avec un design \u00e9l\u00e9gant, une technologie \u00e0 la pointe et extraordinaire effets de lumi\u00e8re.<\/p>\n<p>&nbsp;<\/p>\n<h3>Donn\u00e9es techniques<\/h3>\n<table width=\"895\">\n<tbody>\n<tr>\n<td width=\"93\"><strong>\u00a0<\/strong><\/td>\n<td class=\"thHorz\" width=\"155\">Cascade 50<\/td>\n<td class=\"thHorz\" width=\"168\">Cascade 70<\/td>\n<td class=\"thHorz\" width=\"160\">Cascade 90<\/td>\n<td class=\"thHorz\" width=\"160\">Cascade 110<\/td>\n<td class=\"thHorz\" width=\"160\">Cascade 130<\/td>\n<\/tr>\n<tr>\n<td class=\"thVert\" width=\"93\">Code<\/td>\n<td width=\"155\">CS50<\/td>\n<td width=\"168\">CS70<\/td>\n<td width=\"160\">CS90<\/td>\n<td width=\"160\">CS110<\/td>\n<td width=\"160\">CS130<\/td>\n<\/tr>\n<tr>\n<td class=\"thVert\" width=\"93\">\u00f8 jet<\/td>\n<td width=\"155\">50 mm<\/td>\n<td width=\"168\">75 mm<\/td>\n<td width=\"160\">91 mm<\/td>\n<td width=\"160\">111 mm<\/td>\n<td width=\"160\">130 mm<\/td>\n<\/tr>\n<tr>\n<td class=\"thVert\" width=\"93\">Hauteur max*<\/td>\n<td width=\"155\">3 m<\/td>\n<td width=\"168\">6 m<\/td>\n<td width=\"160\">10 m<\/td>\n<td width=\"160\">14 m<\/td>\n<td width=\"160\">20 m<\/td>\n<\/tr>\n<tr>\n<td class=\"thVert\" width=\"93\">Connexion<\/td>\n<td width=\"155\">1\u201d F<\/td>\n<td width=\"168\">1 1\/2\u201d F<\/td>\n<td width=\"160\">2\u201d F<\/td>\n<td width=\"160\">2 1\/2\u201d F<\/td>\n<td width=\"160\">3\u201d F<\/td>\n<\/tr>\n<tr>\n<td class=\"thVert\" width=\"93\">Mat\u00e9riel<\/td>\n<td width=\"155\">Laiton et bronze<\/td>\n<td width=\"168\">Laiton et bronze<\/td>\n<td width=\"160\">Laiton et bronze<\/td>\n<td width=\"160\">Laiton et bronze<\/td>\n<td width=\"160\">Laiton et bronze<\/td>\n<\/tr>\n<tr>\n<td class=\"thVert\" width=\"93\">Poids<\/td>\n<td width=\"155\">1,05 Kg<\/td>\n<td width=\"168\">2,4 Kg<\/td>\n<td width=\"160\">4,4 Kg<\/td>\n<td width=\"160\">8,5 Kg<\/td>\n<td width=\"160\">11,3 Kg<\/td>\n<\/tr>\n<\/tbody>\n<\/table>\n<p>*Hauteur max conseill\u00e9e du jet d&rsquo;eau.<\/p>\n<div>\n<div style=\"float: left; padding: 5px; text-align: center; width: 150px;\"><\/div>\n<\/div>\n<p>&nbsp;<\/p>\n<h3>Downloads<\/h3>\n<div class=\"divide-line text-left\"><\/div>\n<div>\n<div style=\"float: left; padding: 5px; text-align: center; width: 150px;\"><a href=\"https:\/\/www.cascade.it\/new\/wp-content\/uploads\/2023\/01\/CASCADE-Cascade-ajutage-FR.pdf\" target=\"_blank\" rel=\"noopener\"><img loading=\"lazy\" decoding=\"async\" class=\"alignnone wp-image-783\" src=\"https:\/\/www.cascade.it\/new\/wp-content\/uploads\/2019\/02\/pdf-icon-png-7.jpg\" alt=\"\" width=\"91\" height=\"91\" srcset=\"https:\/\/www.cascade.it\/new\/wp-content\/uploads\/2019\/02\/pdf-icon-png-7.jpg 254w, https:\/\/www.cascade.it\/new\/wp-content\/uploads\/2019\/02\/pdf-icon-png-7-150x150.jpg 150w, https:\/\/www.cascade.it\/new\/wp-content\/uploads\/2019\/02\/pdf-icon-png-7-100x100.jpg 100w\" sizes=\"auto, (max-width: 91px) 100vw, 91px\" \/><\/a><br \/>\nFiche technique<\/div>\n<div style=\"clear: both;\"><\/div>\n<\/div>\n","protected":false},"excerpt":{"rendered":"<p>&nbsp; Ajutage Cascade pour fontaines L\u2019ajutage pour fontaines de type Cascade est enti\u00e8rement en laiton et bronze et il est \u00e9quip\u00e9 de bride pour le r\u00e9glage axial. Son fonctionnement d\u00e9pend du niveau d&rsquo;eau et est bas\u00e9 sur un m\u00e9lange air-eau \u00e9lev\u00e9. L&rsquo;effet obtenu est un jet mousseux en forme de sapin. &nbsp; Conseils d&rsquo;utilisation et [&hellip;]<\/p>\n","protected":false},"featured_media":3321,"template":"","meta":[],"product_brand":[],"product_cat":[319],"product_tag":[],"class_list":{"0":"post-3320","1":"product","2":"type-product","3":"status-publish","4":"has-post-thumbnail","6":"product_cat-ajutages-classiques","8":"first","9":"instock","10":"shipping-taxable","11":"product-type-simple"},"yoast_head":"<!-- This site is optimized with the Yoast SEO plugin v26.7 - https:\/\/yoast.com\/wordpress\/plugins\/seo\/ -->\n<title>Ajutage pour fontaines Cascade - Cascade<\/title>\n<meta name=\"description\" content=\"L\u2019ajutage pour fontaines de type Cascade est enti\u00e8rement en laiton et bronze, \u00e9quip\u00e9e de bride pour le r\u00e9glage axial, jet mousseux en forme de sapin.\" \/>\n<meta name=\"robots\" content=\"index, follow, max-snippet:-1, max-image-preview:large, max-video-preview:-1\" \/>\n<link rel=\"canonical\" href=\"https:\/\/www.cascade.it\/fr\/prodotto\/ajutage-cascade\/\" \/>\n<meta property=\"og:locale\" content=\"fr_FR\" \/>\n<meta property=\"og:type\" content=\"article\" \/>\n<meta property=\"og:title\" content=\"Ajutage pour fontaines Cascade - Cascade\" \/>\n<meta property=\"og:description\" content=\"L\u2019ajutage pour fontaines de type Cascade est enti\u00e8rement en laiton et bronze, \u00e9quip\u00e9e de bride pour le r\u00e9glage axial, jet mousseux en forme de sapin.\" \/>\n<meta property=\"og:url\" content=\"https:\/\/www.cascade.it\/fr\/prodotto\/ajutage-cascade\/\" \/>\n<meta property=\"og:site_name\" content=\"Cascade\" \/>\n<meta property=\"article:modified_time\" content=\"2023-01-09T11:37:23+00:00\" \/>\n<meta property=\"og:image\" content=\"https:\/\/www.cascade.it\/new\/wp-content\/uploads\/Prodotti\/Ugelli_per_fontane\/Ugelli_Classici\/CASCADE.jpg\" \/>\n\t<meta property=\"og:image:width\" content=\"1300\" \/>\n\t<meta property=\"og:image:height\" content=\"975\" \/>\n\t<meta property=\"og:image:type\" content=\"image\/jpeg\" \/>\n<meta name=\"twitter:card\" content=\"summary_large_image\" \/>\n<meta name=\"twitter:label1\" content=\"Dur\u00e9e de lecture estim\u00e9e\" \/>\n\t<meta name=\"twitter:data1\" content=\"2 minutes\" \/>\n<!-- \/ Yoast SEO plugin. -->","yoast_head_json":{"title":"Ajutage pour fontaines Cascade - Cascade","description":"L\u2019ajutage pour fontaines de type Cascade est enti\u00e8rement en laiton et bronze, \u00e9quip\u00e9e de bride pour le r\u00e9glage axial, jet mousseux en forme de sapin.","robots":{"index":"index","follow":"follow","max-snippet":"max-snippet:-1","max-image-preview":"max-image-preview:large","max-video-preview":"max-video-preview:-1"},"canonical":"https:\/\/www.cascade.it\/fr\/prodotto\/ajutage-cascade\/","og_locale":"fr_FR","og_type":"article","og_title":"Ajutage pour fontaines Cascade - Cascade","og_description":"L\u2019ajutage pour fontaines de type Cascade est enti\u00e8rement en laiton et bronze, \u00e9quip\u00e9e de bride pour le r\u00e9glage axial, jet mousseux en forme de sapin.","og_url":"https:\/\/www.cascade.it\/fr\/prodotto\/ajutage-cascade\/","og_site_name":"Cascade","article_modified_time":"2023-01-09T11:37:23+00:00","og_image":[{"width":1300,"height":975,"url":"https:\/\/www.cascade.it\/new\/wp-content\/uploads\/Prodotti\/Ugelli_per_fontane\/Ugelli_Classici\/CASCADE.jpg","type":"image\/jpeg"}],"twitter_card":"summary_large_image","twitter_misc":{"Dur\u00e9e de lecture estim\u00e9e":"2 minutes"},"schema":{"@context":"https:\/\/schema.org","@graph":[{"@type":"WebPage","@id":"https:\/\/www.cascade.it\/fr\/prodotto\/ajutage-cascade\/","url":"https:\/\/www.cascade.it\/fr\/prodotto\/ajutage-cascade\/","name":"Ajutage pour fontaines Cascade - Cascade","isPartOf":{"@id":"https:\/\/www.cascade.it\/fr\/#website"},"primaryImageOfPage":{"@id":"https:\/\/www.cascade.it\/fr\/prodotto\/ajutage-cascade\/#primaryimage"},"image":{"@id":"https:\/\/www.cascade.it\/fr\/prodotto\/ajutage-cascade\/#primaryimage"},"thumbnailUrl":"https:\/\/www.cascade.it\/new\/wp-content\/uploads\/Prodotti\/Ugelli_per_fontane\/Ugelli_Classici\/CASCADE.jpg","datePublished":"2019-02-15T08:53:04+00:00","dateModified":"2023-01-09T11:37:23+00:00","description":"L\u2019ajutage pour fontaines de type Cascade est enti\u00e8rement en laiton et bronze, \u00e9quip\u00e9e de bride pour le r\u00e9glage axial, jet mousseux en forme de sapin.","breadcrumb":{"@id":"https:\/\/www.cascade.it\/fr\/prodotto\/ajutage-cascade\/#breadcrumb"},"inLanguage":"fr-FR","potentialAction":[{"@type":"ReadAction","target":["https:\/\/www.cascade.it\/fr\/prodotto\/ajutage-cascade\/"]}]},{"@type":"ImageObject","inLanguage":"fr-FR","@id":"https:\/\/www.cascade.it\/fr\/prodotto\/ajutage-cascade\/#primaryimage","url":"https:\/\/www.cascade.it\/new\/wp-content\/uploads\/Prodotti\/Ugelli_per_fontane\/Ugelli_Classici\/CASCADE.jpg","contentUrl":"https:\/\/www.cascade.it\/new\/wp-content\/uploads\/Prodotti\/Ugelli_per_fontane\/Ugelli_Classici\/CASCADE.jpg","width":1300,"height":975,"caption":"Ugello per Fontane Modello Cascade - Cascade"},{"@type":"BreadcrumbList","@id":"https:\/\/www.cascade.it\/fr\/prodotto\/ajutage-cascade\/#breadcrumb","itemListElement":[{"@type":"ListItem","position":1,"name":"Home","item":"https:\/\/www.cascade.it\/fr\/"},{"@type":"ListItem","position":2,"name":"Boutique","item":"https:\/\/www.cascade.it\/fr\/boutique\/"},{"@type":"ListItem","position":3,"name":"Cascade"}]},{"@type":"WebSite","@id":"https:\/\/www.cascade.it\/fr\/#website","url":"https:\/\/www.cascade.it\/fr\/","name":"Cascade","description":"More than a fountain","potentialAction":[{"@type":"SearchAction","target":{"@type":"EntryPoint","urlTemplate":"https:\/\/www.cascade.it\/fr\/?s={search_term_string}"},"query-input":{"@type":"PropertyValueSpecification","valueRequired":true,"valueName":"search_term_string"}}],"inLanguage":"fr-FR"}]}},"_links":{"self":[{"href":"https:\/\/www.cascade.it\/fr\/wp-json\/wp\/v2\/product\/3320","targetHints":{"allow":["GET"]}}],"collection":[{"href":"https:\/\/www.cascade.it\/fr\/wp-json\/wp\/v2\/product"}],"about":[{"href":"https:\/\/www.cascade.it\/fr\/wp-json\/wp\/v2\/types\/product"}],"wp:featuredmedia":[{"embeddable":true,"href":"https:\/\/www.cascade.it\/fr\/wp-json\/wp\/v2\/media\/3321"}],"wp:attachment":[{"href":"https:\/\/www.cascade.it\/fr\/wp-json\/wp\/v2\/media?parent=3320"}],"wp:term":[{"taxonomy":"product_brand","embeddable":true,"href":"https:\/\/www.cascade.it\/fr\/wp-json\/wp\/v2\/product_brand?post=3320"},{"taxonomy":"product_cat","embeddable":true,"href":"https:\/\/www.cascade.it\/fr\/wp-json\/wp\/v2\/product_cat?post=3320"},{"taxonomy":"product_tag","embeddable":true,"href":"https:\/\/www.cascade.it\/fr\/wp-json\/wp\/v2\/product_tag?post=3320"}],"curies":[{"name":"wp","href":"https:\/\/api.w.org\/{rel}","templated":true}]}}