{"id":3315,"date":"2019-02-15T09:51:28","date_gmt":"2019-02-15T08:51:28","guid":{"rendered":"https:\/\/www.cascade.it\/new\/prodotto\/campana\/"},"modified":"2022-07-01T12:20:13","modified_gmt":"2022-07-01T10:20:13","slug":"ajutage-campana","status":"publish","type":"product","link":"https:\/\/www.cascade.it\/fr\/prodotto\/ajutage-campana\/","title":{"rendered":"Campana"},"content":{"rendered":"<p>&nbsp;<\/p>\n<div class=\"carousel-slider-outer carousel-slider-outer-image-carousel carousel-slider-outer-1410\" style=\"--carousel-slider-nav-color:#f1f1f1;--carousel-slider-active-nav-color:#00d1b2;--carousel-slider-arrow-size:48px;--carousel-slider-bullet-size:10px\">\n<div id=\"&#039;id-1410\" class=\"carousel-slider carousel-slider-1410 arrows-visibility-hover dots-visibility-never arrows-outside dots-center dots-square owl-carousel\" data-slide-type=\"image-carousel\" data-owl-settings='{\"nav\":true,\"dots\":false,\"slideBy\":1,\"stagePadding\":0,\"margin\":10,\"loop\":true,\"lazyLoad\":true,\"autoplay\":true,\"autoplayTimeout\":5000,\"autoplaySpeed\":500,\"autoplayHoverPause\":true,\"autoWidth\":false,\"responsive\":{\"300\":{\"items\":1},\"576\":{\"items\":2},\"768\":{\"items\":2},\"1024\":{\"items\":3},\"1280\":{\"items\":3},\"1536\":{\"items\":3}}}'>\n<div class=\"carousel-slider__item\">\n\t<img class=\"owl-lazy\" data-src=\"https:\/\/www.cascade.it\/new\/wp-content\/uploads\/2019\/02\/Campane.jpg\" alt=\"\"><\/a><\/div>\n\n<div class=\"carousel-slider__item\">\n\t<img class=\"owl-lazy\" data-src=\"https:\/\/www.cascade.it\/new\/wp-content\/uploads\/2019\/12\/1-Ugello-per-fontane-Campana-25.jpg\" alt=\"\"><\/a><\/div>\n\n<div class=\"carousel-slider__item\">\n\t<img class=\"owl-lazy\" data-src=\"https:\/\/www.cascade.it\/new\/wp-content\/uploads\/2019\/12\/2-Ugello-per-fontane-Campana-25.jpg\" alt=\"\"><\/a><\/div>\n\n<div class=\"carousel-slider__item\">\n\t<img class=\"owl-lazy\" data-src=\"https:\/\/www.cascade.it\/new\/wp-content\/uploads\/2019\/12\/3-Ugello-per-fontane-Campana-30.jpg\" alt=\"\"><\/a><\/div>\n\n<div class=\"carousel-slider__item\">\n\t<img class=\"owl-lazy\" data-src=\"https:\/\/www.cascade.it\/new\/wp-content\/uploads\/2019\/12\/4-Ugello-per-fontane-Campana-30.jpg\" alt=\"\"><\/a><\/div>\n\n<div class=\"carousel-slider__item\">\n\t<img class=\"owl-lazy\" data-src=\"https:\/\/www.cascade.it\/new\/wp-content\/uploads\/2019\/12\/5-Ugello-per-fontane-Campana-45.jpg\" alt=\"\"><\/a><\/div>\n\n<div class=\"carousel-slider__item\">\n\t<img class=\"owl-lazy\" data-src=\"https:\/\/www.cascade.it\/new\/wp-content\/uploads\/2019\/12\/6-Ugello-per-fontane-Campana-60.jpg\" alt=\"\"><\/a><\/div>\n\n<\/div><!-- .carousel-slider-1410 -->\n<\/div><!-- .carousel-slider-outer-1410 -->\n\n<h1><span style=\"color: #1e73be;\">Ajutage Campana pour fontaines<\/span><\/h1>\n<p>L\u2019ajutage pour fontaines <strong>Campana<\/strong> Cascade est enti\u00e8rement en <strong>acier inoxydable<\/strong> et <strong>laiton<\/strong>. L&rsquo;effet est un <strong>voile d&rsquo;eau transparent<\/strong> en forme de bulle.<\/p>\n<p>L&rsquo;ouverture du jet de bulle est <strong>r\u00e9glable<\/strong> depuis le haut de l\u2019ajutage.<\/p>\n<p>La structure interne du Campana Cascade permet le <strong>passage total<\/strong> de l&rsquo;eau \u00e0 l&rsquo;int\u00e9rieur de l\u2019ajutage, ce qui le rend tr\u00e8s <strong>r\u00e9sistante au colmatage<\/strong>.<\/p>\n<p>Le fonctionnement de l\u2019ajutage est <strong>ind\u00e9pendant<\/strong> du niveau d&rsquo;eau.<\/p>\n<p>&nbsp;<\/p>\n<h3>Conseils d&rsquo;utilisation et applications<\/h3>\n<p>L\u2019ajutage Campana produit un jet d&rsquo;eau particuli\u00e8rement <strong>calme<\/strong>, <strong>silencieux<\/strong> et, surtout, <strong>\u00e9l\u00e9gant<\/strong>.<\/p>\n<p><strong>L&rsquo;absence<\/strong> presque totale de <strong>projections d&rsquo;eau<\/strong> et sa <strong>petite taille<\/strong> le rendent id\u00e9al pour les <strong>fontaines d&rsquo;int\u00e9rieur<\/strong>.<\/p>\n<p>Nous recommandons l&rsquo;utilisation de la <a href=\"https:\/\/www.cascade.it\/fr\/prodotto\/bride-reglage\/\"><span style=\"text-decoration: underline;\"><strong>bride de r\u00e9glage<\/strong><\/span><\/a> axial (voir la section <a href=\"https:\/\/www.cascade.it\/fr\/produits\/accessoires-hydrauliques-pour-fontaines\/\"><span style=\"text-decoration: underline;\"><strong>ACCESSOIRES HYDRAULIQUES POUR FONTAINES<\/strong><\/span><\/a>).<\/p>\n<p><strong>\u00c9clairage immerg\u00e9<\/strong>: pour enrichir l&rsquo;effet d\u2019eau avec des jeux de lumi\u00e8re monochromatique ou RGBW, nous recommandons l&rsquo;utilisation des <a href=\"https:\/\/www.cascade.it\/fr\/produits\/eclairage-immerge-led\/projecteurs-led-mizar\/\"><span style=\"text-decoration: underline;\"><strong>projecteurs LED immerg\u00e9s pour fontaines de la s\u00e9rie Mizar<\/strong><\/span><\/a>, des produits professionnels sp\u00e9cifiques pour une utilisation dans les fontaines, avec un design \u00e9l\u00e9gant, une technologie \u00e0 la pointe et extraordinaire effets de lumi\u00e8re.<\/p>\n<p>&nbsp;<\/p>\n<h3>Donn\u00e9es techniques<\/h3>\n<div style=\"overflow-x: auto;\">\n<table width=\"884\">\n<tbody>\n<tr>\n<td width=\"112\"><strong>\u00a0<\/strong><\/td>\n<td class=\"thHorz\" width=\"186\">Campana 25<\/td>\n<td class=\"thHorz\" width=\"202\">Campana 30<\/td>\n<td class=\"thHorz\" width=\"192\">Campana 45<\/td>\n<td class=\"thHorz\" width=\"192\">Campana 60<\/td>\n<\/tr>\n<tr>\n<td class=\"thVert\" width=\"112\">Code<\/td>\n<td width=\"186\">CA25<\/td>\n<td width=\"202\">CA30<\/td>\n<td width=\"192\">CA45<\/td>\n<td width=\"192\">CA60<\/td>\n<\/tr>\n<tr>\n<td class=\"thVert\" width=\"112\">Diam. bulle max*<\/td>\n<td width=\"186\">0,6 m<\/td>\n<td width=\"202\">0,7 m<\/td>\n<td width=\"192\">0,9 m<\/td>\n<td width=\"192\">1,1 m<\/td>\n<\/tr>\n<tr>\n<td class=\"thVert\" width=\"112\">Connexion<\/td>\n<td width=\"186\">1\/2\u201d M<\/td>\n<td width=\"202\">1\u201d M<\/td>\n<td width=\"192\">1\u201d M<\/td>\n<td width=\"192\">1\u201d M<\/td>\n<\/tr>\n<tr>\n<td class=\"thVert\" width=\"112\">Mat\u00e9riel<\/td>\n<td width=\"186\">Acier inox et laiton<\/td>\n<td width=\"202\">Acier inox et laiton<\/td>\n<td width=\"192\">Acier inox et laiton<\/td>\n<td width=\"192\">Acier inox et laiton<\/td>\n<\/tr>\n<tr>\n<td class=\"thVert\" width=\"112\">Poids<\/td>\n<td width=\"186\">0,8 Kg<\/td>\n<td width=\"202\">1,5 Kg<\/td>\n<td width=\"192\">1,7 Kg<\/td>\n<td width=\"192\">2 Kg<\/td>\n<\/tr>\n<\/tbody>\n<\/table>\n<\/div>\n<p>*Diam\u00e8tre max conseill\u00e9.<\/p>\n<div>\n<div style=\"float: left; padding: 5px; text-align: center; width: 150px;\"><\/div>\n<\/div>\n<p>&nbsp;<\/p>\n<h3>Downloads<\/h3>\n<div class=\"divide-line text-left\"><\/div>\n<div>\n<div style=\"float: left; padding: 5px; text-align: center; width: 150px;\"><a href=\"https:\/\/www.cascade.it\/new\/wp-content\/uploads\/2022\/07\/CASCADE-Campana-FR.pdf\" target=\"_blank\" rel=\"noopener\"><img loading=\"lazy\" decoding=\"async\" class=\"alignnone wp-image-783\" src=\"https:\/\/www.cascade.it\/new\/wp-content\/uploads\/2019\/02\/pdf-icon-png-7.jpg\" alt=\"\" width=\"91\" height=\"91\" srcset=\"https:\/\/www.cascade.it\/new\/wp-content\/uploads\/2019\/02\/pdf-icon-png-7.jpg 254w, https:\/\/www.cascade.it\/new\/wp-content\/uploads\/2019\/02\/pdf-icon-png-7-150x150.jpg 150w, https:\/\/www.cascade.it\/new\/wp-content\/uploads\/2019\/02\/pdf-icon-png-7-100x100.jpg 100w\" sizes=\"auto, (max-width: 91px) 100vw, 91px\" \/><\/a><br \/>\nFiche technique<\/div>\n<div style=\"clear: both;\"><\/div>\n<\/div>\n","protected":false},"excerpt":{"rendered":"<p>&nbsp; Ajutage Campana pour fontaines L\u2019ajutage pour fontaines Campana Cascade est enti\u00e8rement en acier inoxydable et laiton. L&rsquo;effet est un voile d&rsquo;eau transparent en forme de bulle. L&rsquo;ouverture du jet de bulle est r\u00e9glable depuis le haut de l\u2019ajutage. La structure interne du Campana Cascade permet le passage total de l&rsquo;eau \u00e0 l&rsquo;int\u00e9rieur de l\u2019ajutage, [&hellip;]<\/p>\n","protected":false},"featured_media":3317,"template":"","meta":[],"product_brand":[],"product_cat":[319],"product_tag":[],"class_list":{"0":"post-3315","1":"product","2":"type-product","3":"status-publish","4":"has-post-thumbnail","6":"product_cat-ajutages-classiques","8":"first","9":"instock","10":"shipping-taxable","11":"product-type-simple"},"yoast_head":"<!-- This site is optimized with the Yoast SEO plugin v26.7 - https:\/\/yoast.com\/wordpress\/plugins\/seo\/ -->\n<title>Ajutage pour fontaines Campana - Cascade<\/title>\n<meta name=\"description\" content=\"L\u2019ajutage pour fontaines Campana Cascade est enti\u00e8rement en acier inoxydable et laiton. L&#039;effet est un voile d&#039;eau transparent en forme de bulle.\" \/>\n<meta name=\"robots\" content=\"index, follow, max-snippet:-1, max-image-preview:large, max-video-preview:-1\" \/>\n<link rel=\"canonical\" href=\"https:\/\/www.cascade.it\/fr\/prodotto\/ajutage-campana\/\" \/>\n<meta property=\"og:locale\" content=\"fr_FR\" \/>\n<meta property=\"og:type\" content=\"article\" \/>\n<meta property=\"og:title\" content=\"Ajutage pour fontaines Campana - Cascade\" \/>\n<meta property=\"og:description\" content=\"L\u2019ajutage pour fontaines Campana Cascade est enti\u00e8rement en acier inoxydable et laiton. L&#039;effet est un voile d&#039;eau transparent en forme de bulle.\" \/>\n<meta property=\"og:url\" content=\"https:\/\/www.cascade.it\/fr\/prodotto\/ajutage-campana\/\" \/>\n<meta property=\"og:site_name\" content=\"Cascade\" \/>\n<meta property=\"article:modified_time\" content=\"2022-07-01T10:20:13+00:00\" \/>\n<meta property=\"og:image\" content=\"https:\/\/www.cascade.it\/new\/wp-content\/uploads\/Prodotti\/Ugelli_per_fontane\/Ugelli_Classici\/CAMPANA.jpg\" \/>\n\t<meta property=\"og:image:width\" content=\"1300\" \/>\n\t<meta property=\"og:image:height\" content=\"975\" \/>\n\t<meta property=\"og:image:type\" content=\"image\/jpeg\" \/>\n<meta name=\"twitter:card\" content=\"summary_large_image\" \/>\n<meta name=\"twitter:label1\" content=\"Dur\u00e9e de lecture estim\u00e9e\" \/>\n\t<meta name=\"twitter:data1\" content=\"1 minute\" \/>\n<!-- \/ Yoast SEO plugin. -->","yoast_head_json":{"title":"Ajutage pour fontaines Campana - Cascade","description":"L\u2019ajutage pour fontaines Campana Cascade est enti\u00e8rement en acier inoxydable et laiton. L'effet est un voile d'eau transparent en forme de bulle.","robots":{"index":"index","follow":"follow","max-snippet":"max-snippet:-1","max-image-preview":"max-image-preview:large","max-video-preview":"max-video-preview:-1"},"canonical":"https:\/\/www.cascade.it\/fr\/prodotto\/ajutage-campana\/","og_locale":"fr_FR","og_type":"article","og_title":"Ajutage pour fontaines Campana - Cascade","og_description":"L\u2019ajutage pour fontaines Campana Cascade est enti\u00e8rement en acier inoxydable et laiton. L'effet est un voile d'eau transparent en forme de bulle.","og_url":"https:\/\/www.cascade.it\/fr\/prodotto\/ajutage-campana\/","og_site_name":"Cascade","article_modified_time":"2022-07-01T10:20:13+00:00","og_image":[{"width":1300,"height":975,"url":"https:\/\/www.cascade.it\/new\/wp-content\/uploads\/Prodotti\/Ugelli_per_fontane\/Ugelli_Classici\/CAMPANA.jpg","type":"image\/jpeg"}],"twitter_card":"summary_large_image","twitter_misc":{"Dur\u00e9e de lecture estim\u00e9e":"1 minute"},"schema":{"@context":"https:\/\/schema.org","@graph":[{"@type":"WebPage","@id":"https:\/\/www.cascade.it\/fr\/prodotto\/ajutage-campana\/","url":"https:\/\/www.cascade.it\/fr\/prodotto\/ajutage-campana\/","name":"Ajutage pour fontaines Campana - Cascade","isPartOf":{"@id":"https:\/\/www.cascade.it\/fr\/#website"},"primaryImageOfPage":{"@id":"https:\/\/www.cascade.it\/fr\/prodotto\/ajutage-campana\/#primaryimage"},"image":{"@id":"https:\/\/www.cascade.it\/fr\/prodotto\/ajutage-campana\/#primaryimage"},"thumbnailUrl":"https:\/\/www.cascade.it\/new\/wp-content\/uploads\/Prodotti\/Ugelli_per_fontane\/Ugelli_Classici\/CAMPANA.jpg","datePublished":"2019-02-15T08:51:28+00:00","dateModified":"2022-07-01T10:20:13+00:00","description":"L\u2019ajutage pour fontaines Campana Cascade est enti\u00e8rement en acier inoxydable et laiton. L'effet est un voile d'eau transparent en forme de bulle.","breadcrumb":{"@id":"https:\/\/www.cascade.it\/fr\/prodotto\/ajutage-campana\/#breadcrumb"},"inLanguage":"fr-FR","potentialAction":[{"@type":"ReadAction","target":["https:\/\/www.cascade.it\/fr\/prodotto\/ajutage-campana\/"]}]},{"@type":"ImageObject","inLanguage":"fr-FR","@id":"https:\/\/www.cascade.it\/fr\/prodotto\/ajutage-campana\/#primaryimage","url":"https:\/\/www.cascade.it\/new\/wp-content\/uploads\/Prodotti\/Ugelli_per_fontane\/Ugelli_Classici\/CAMPANA.jpg","contentUrl":"https:\/\/www.cascade.it\/new\/wp-content\/uploads\/Prodotti\/Ugelli_per_fontane\/Ugelli_Classici\/CAMPANA.jpg","width":1300,"height":975},{"@type":"BreadcrumbList","@id":"https:\/\/www.cascade.it\/fr\/prodotto\/ajutage-campana\/#breadcrumb","itemListElement":[{"@type":"ListItem","position":1,"name":"Home","item":"https:\/\/www.cascade.it\/fr\/"},{"@type":"ListItem","position":2,"name":"Boutique","item":"https:\/\/www.cascade.it\/fr\/boutique\/"},{"@type":"ListItem","position":3,"name":"Campana"}]},{"@type":"WebSite","@id":"https:\/\/www.cascade.it\/fr\/#website","url":"https:\/\/www.cascade.it\/fr\/","name":"Cascade","description":"More than a fountain","potentialAction":[{"@type":"SearchAction","target":{"@type":"EntryPoint","urlTemplate":"https:\/\/www.cascade.it\/fr\/?s={search_term_string}"},"query-input":{"@type":"PropertyValueSpecification","valueRequired":true,"valueName":"search_term_string"}}],"inLanguage":"fr-FR"}]}},"_links":{"self":[{"href":"https:\/\/www.cascade.it\/fr\/wp-json\/wp\/v2\/product\/3315","targetHints":{"allow":["GET"]}}],"collection":[{"href":"https:\/\/www.cascade.it\/fr\/wp-json\/wp\/v2\/product"}],"about":[{"href":"https:\/\/www.cascade.it\/fr\/wp-json\/wp\/v2\/types\/product"}],"wp:featuredmedia":[{"embeddable":true,"href":"https:\/\/www.cascade.it\/fr\/wp-json\/wp\/v2\/media\/3317"}],"wp:attachment":[{"href":"https:\/\/www.cascade.it\/fr\/wp-json\/wp\/v2\/media?parent=3315"}],"wp:term":[{"taxonomy":"product_brand","embeddable":true,"href":"https:\/\/www.cascade.it\/fr\/wp-json\/wp\/v2\/product_brand?post=3315"},{"taxonomy":"product_cat","embeddable":true,"href":"https:\/\/www.cascade.it\/fr\/wp-json\/wp\/v2\/product_cat?post=3315"},{"taxonomy":"product_tag","embeddable":true,"href":"https:\/\/www.cascade.it\/fr\/wp-json\/wp\/v2\/product_tag?post=3315"}],"curies":[{"name":"wp","href":"https:\/\/api.w.org\/{rel}","templated":true}]}}