{"id":3309,"date":"2019-02-15T09:50:27","date_gmt":"2019-02-15T08:50:27","guid":{"rendered":"https:\/\/www.cascade.it\/new\/prodotto\/calice\/"},"modified":"2022-11-18T09:46:47","modified_gmt":"2022-11-18T08:46:47","slug":"ajutage-calice","status":"publish","type":"product","link":"https:\/\/www.cascade.it\/fr\/prodotto\/ajutage-calice\/","title":{"rendered":"Calice"},"content":{"rendered":"<p>&nbsp;<\/p>\n<div class=\"carousel-slider-outer carousel-slider-outer-image-carousel carousel-slider-outer-1126\" style=\"--carousel-slider-nav-color:#f1f1f1;--carousel-slider-active-nav-color:#00d1b2;--carousel-slider-arrow-size:48px;--carousel-slider-bullet-size:10px\">\n<div id=\"&#039;id-1126\" class=\"carousel-slider carousel-slider-1126 arrows-visibility-hover dots-visibility-never arrows-outside dots-center dots-square owl-carousel\" data-slide-type=\"image-carousel\" data-owl-settings='{\"nav\":true,\"dots\":false,\"slideBy\":1,\"stagePadding\":0,\"margin\":10,\"loop\":true,\"lazyLoad\":true,\"autoplay\":true,\"autoplayTimeout\":5000,\"autoplaySpeed\":500,\"autoplayHoverPause\":true,\"autoWidth\":false,\"responsive\":{\"300\":{\"items\":1},\"576\":{\"items\":2},\"768\":{\"items\":2},\"1024\":{\"items\":3},\"1280\":{\"items\":3},\"1536\":{\"items\":3}}}'>\n<div class=\"carousel-slider__item\">\n\t<img class=\"owl-lazy\" data-src=\"https:\/\/www.cascade.it\/new\/wp-content\/uploads\/2019\/09\/Calici.jpg\" alt=\"\"><\/a><\/div>\n\n<div class=\"carousel-slider__item\">\n\t<img class=\"owl-lazy\" data-src=\"https:\/\/www.cascade.it\/new\/wp-content\/uploads\/2019\/12\/1-Ugello-per-fontane-Calice-300.jpg\" alt=\"\"><\/a><\/div>\n\n<div class=\"carousel-slider__item\">\n\t<img class=\"owl-lazy\" data-src=\"https:\/\/www.cascade.it\/new\/wp-content\/uploads\/2019\/12\/2-Ugello-per-fontane-Calice-300.jpg\" alt=\"\"><\/a><\/div>\n\n<div class=\"carousel-slider__item\">\n\t<img class=\"owl-lazy\" data-src=\"https:\/\/www.cascade.it\/new\/wp-content\/uploads\/2019\/12\/3-Ugello-per-fontane-Calice-200.jpg\" alt=\"\"><\/a><\/div>\n\n<div class=\"carousel-slider__item\">\n\t<img class=\"owl-lazy\" data-src=\"https:\/\/www.cascade.it\/new\/wp-content\/uploads\/2019\/12\/4-Ugello-per-fontane-Calice-100.jpg\" alt=\"\"><\/a><\/div>\n\n<\/div><!-- .carousel-slider-1126 -->\n<\/div><!-- .carousel-slider-outer-1126 -->\n\n<h1><span style=\"color: #1e73be;\">Ajutage Calice pour fontaines<\/span><\/h1>\n<p>L\u2019ajutage pour fontaines <strong>Calice<\/strong> Cascade est enti\u00e8rement en <strong>acier inoxydable<\/strong> et en <strong>laiton<\/strong>.<\/p>\n<p>L&rsquo;effet est un <strong>voile d&rsquo;eau<\/strong> en forme de <strong>calice<\/strong>, <strong>cors\u00e9<\/strong> et <strong>uniforme<\/strong>, particuli\u00e8rement frappant lorsqu&rsquo;il est \u00e9clair\u00e9.<\/p>\n<p>L&rsquo;ouverture du film d&rsquo;eau est <strong>r\u00e9glable<\/strong>.<\/p>\n<p>L\u2019ajutage est <strong>ind\u00e9pendant<\/strong> du niveau d&rsquo;eau.<\/p>\n<p>&nbsp;<\/p>\n<h3>Conseils d&rsquo;utilisation et applications<\/h3>\n<p>La largeur de l&rsquo;ouverture du calice permet de remplir la sc\u00e9nographie, ce qui rend cet ajutage appropri\u00e9 pour \u00eatre <strong>utilis\u00e9 seul<\/strong> ou <strong>combin\u00e9 dans des compositions<\/strong>.<\/p>\n<p><strong>R\u00e9sistant au vent<\/strong>: l\u2019hauteur contenue de l&rsquo;effet et le corps du calice d&rsquo;eau le rendent adapt\u00e9 au fonctionnement m\u00eame en pr\u00e9sence de vent mod\u00e9r\u00e9.<\/p>\n<p><strong>Absence d\u2019\u00e9claboussures<\/strong>: le Calice Cascade se distingue par l&rsquo;absence quasi totale de projections d&rsquo;eau.<\/p>\n<p>L\u2019hauteur limit\u00e9e et l&rsquo;absence d&rsquo;\u00e9claboussures le rendent id\u00e9al pour les <strong>bassins de petite et moyenne taille<\/strong> (voir la section <a href=\"https:\/\/www.cascade.it\/fr\/produits\/fontaines-pretes-preassemblees\/\"><span style=\"text-decoration: underline;\"><strong>FONTAINES PR<\/strong><strong>\u00ca<\/strong><strong>TES PR\u00c9-ASSEMBL\u00c9ES<\/strong><\/span><\/a>).<\/p>\n<p>Nous recommandons l&rsquo;utilisation de la <a href=\"https:\/\/www.cascade.it\/fr\/prodotto\/bride-reglage\/\"><span style=\"text-decoration: underline;\"><strong>bride de r\u00e9glage<\/strong><\/span><\/a> axial (voir la section <a href=\"https:\/\/www.cascade.it\/fr\/produits\/accessoires-hydrauliques-pour-fontaines\/\"><span style=\"text-decoration: underline;\"><strong>ACCESSOIRES HYDRAULIQUES POUR FONTAINES<\/strong><\/span><\/a>).<\/p>\n<p><strong>\u00c9clairage immerg\u00e9<\/strong>: pour enrichir l&rsquo;effet d\u2019eau avec des jeux de lumi\u00e8re monochromatique ou RGBW, nous recommandons l&rsquo;utilisation des <a href=\"https:\/\/www.cascade.it\/fr\/produits\/eclairage-immerge-led\/projecteurs-led-mizar\/\"><span style=\"text-decoration: underline;\"><strong>projecteurs LED immerg\u00e9s pour fontaines de la s\u00e9rie Mizar<\/strong><\/span><\/a>, des produits professionnels sp\u00e9cifiques pour une utilisation dans les fontaines, avec un design \u00e9l\u00e9gant, une technologie \u00e0 la pointe et extraordinaire effets de lumi\u00e8re.<\/p>\n<p>&nbsp;<\/p>\n<h3>Donn\u00e9es techniques<\/h3>\n<div style=\"overflow-x: auto;\">\n<table>\n<tbody>\n<tr>\n<td width=\"133\"><strong>\u00a0<\/strong><\/td>\n<td class=\"thHorz\" width=\"244\">Calice 100<\/td>\n<td class=\"thHorz\" width=\"258\">Calice 200<\/td>\n<td class=\"thHorz\" width=\"244\">Calice 300<\/td>\n<\/tr>\n<tr>\n<td class=\"thVert\" width=\"133\">Code<\/td>\n<td width=\"244\">CL100<\/td>\n<td width=\"258\">CL200<\/td>\n<td width=\"244\">CL300<\/td>\n<\/tr>\n<tr>\n<td class=\"thVert\" width=\"133\">Diam\u00e8tre max calice*<\/td>\n<td width=\"244\">0,6 m<\/td>\n<td width=\"258\">1 m<\/td>\n<td width=\"244\">1,6 m<\/td>\n<\/tr>\n<tr>\n<td class=\"thVert\" width=\"133\">Connexion<\/td>\n<td width=\"244\">1\u201d M<\/td>\n<td width=\"258\">2\u201d M<\/td>\n<td width=\"244\">3\u201d M<\/td>\n<\/tr>\n<tr>\n<td class=\"thVert\" width=\"133\">Mat\u00e9riel<\/td>\n<td width=\"244\">Acier inox et laiton<\/td>\n<td width=\"258\">Acier inox et laiton<\/td>\n<td width=\"244\">Acier inox et laiton<\/td>\n<\/tr>\n<tr>\n<td class=\"thVert\" width=\"133\">Poids<\/td>\n<td width=\"244\">2 Kg<\/td>\n<td width=\"258\">2,9 Kg<\/td>\n<td width=\"244\">4 Kg<\/td>\n<\/tr>\n<\/tbody>\n<\/table>\n<\/div>\n<p>*Diam\u00e8tre max conseill\u00e9.<\/p>\n<div>\n<div style=\"float: left; padding: 5px; text-align: center; width: 150px;\"><\/div>\n<\/div>\n<p>&nbsp;<\/p>\n<h3>Downloads<\/h3>\n<div class=\"divide-line text-left\"><\/div>\n<div>\n<div style=\"float: left; padding: 5px; text-align: center; width: 150px;\"><a href=\"https:\/\/www.cascade.it\/new\/wp-content\/uploads\/2022\/11\/CASCADE-Calice-FR.pdf\" target=\"_blank\" rel=\"noopener\"><img loading=\"lazy\" decoding=\"async\" class=\"alignnone wp-image-783\" src=\"https:\/\/www.cascade.it\/new\/wp-content\/uploads\/2019\/02\/pdf-icon-png-7.jpg\" alt=\"\" width=\"91\" height=\"91\" srcset=\"https:\/\/www.cascade.it\/new\/wp-content\/uploads\/2019\/02\/pdf-icon-png-7.jpg 254w, https:\/\/www.cascade.it\/new\/wp-content\/uploads\/2019\/02\/pdf-icon-png-7-150x150.jpg 150w, https:\/\/www.cascade.it\/new\/wp-content\/uploads\/2019\/02\/pdf-icon-png-7-100x100.jpg 100w\" sizes=\"auto, (max-width: 91px) 100vw, 91px\" \/><\/a><br \/>\nFiche technique<\/div>\n<div style=\"clear: both;\"><\/div>\n<\/div>\n","protected":false},"excerpt":{"rendered":"<p>&nbsp; Ajutage Calice pour fontaines L\u2019ajutage pour fontaines Calice Cascade est enti\u00e8rement en acier inoxydable et en laiton. L&rsquo;effet est un voile d&rsquo;eau en forme de calice, cors\u00e9 et uniforme, particuli\u00e8rement frappant lorsqu&rsquo;il est \u00e9clair\u00e9. L&rsquo;ouverture du film d&rsquo;eau est r\u00e9glable. L\u2019ajutage est ind\u00e9pendant du niveau d&rsquo;eau. &nbsp; Conseils d&rsquo;utilisation et applications La largeur de [&hellip;]<\/p>\n","protected":false},"featured_media":3311,"template":"","meta":[],"product_brand":[],"product_cat":[319],"product_tag":[],"class_list":{"0":"post-3309","1":"product","2":"type-product","3":"status-publish","4":"has-post-thumbnail","6":"product_cat-ajutages-classiques","8":"first","9":"instock","10":"shipping-taxable","11":"product-type-simple"},"yoast_head":"<!-- This site is optimized with the Yoast SEO plugin v26.7 - https:\/\/yoast.com\/wordpress\/plugins\/seo\/ -->\n<title>Ajutage Calice pour fontaines - Cascade<\/title>\n<meta name=\"description\" content=\"L\u2019ajutage pour fontaines Calice Cascade est enti\u00e8rement en acier inoxydable et en bronze. L&#039;effet est un voile d&#039;eau en forme de calice, cors\u00e9 et uniforme.\" \/>\n<meta name=\"robots\" content=\"index, follow, max-snippet:-1, max-image-preview:large, max-video-preview:-1\" \/>\n<link rel=\"canonical\" href=\"https:\/\/www.cascade.it\/fr\/prodotto\/ajutage-calice\/\" \/>\n<meta property=\"og:locale\" content=\"fr_FR\" \/>\n<meta property=\"og:type\" content=\"article\" \/>\n<meta property=\"og:title\" content=\"Ajutage Calice pour fontaines - Cascade\" \/>\n<meta property=\"og:description\" content=\"L\u2019ajutage pour fontaines Calice Cascade est enti\u00e8rement en acier inoxydable et en bronze. L&#039;effet est un voile d&#039;eau en forme de calice, cors\u00e9 et uniforme.\" \/>\n<meta property=\"og:url\" content=\"https:\/\/www.cascade.it\/fr\/prodotto\/ajutage-calice\/\" \/>\n<meta property=\"og:site_name\" content=\"Cascade\" \/>\n<meta property=\"article:modified_time\" content=\"2022-11-18T08:46:47+00:00\" \/>\n<meta property=\"og:image\" content=\"https:\/\/www.cascade.it\/new\/wp-content\/uploads\/Prodotti\/Ugelli_per_fontane\/Ugelli_Classici\/CALICE.jpg\" \/>\n\t<meta property=\"og:image:width\" content=\"1300\" \/>\n\t<meta property=\"og:image:height\" content=\"975\" \/>\n\t<meta property=\"og:image:type\" content=\"image\/jpeg\" \/>\n<meta name=\"twitter:card\" content=\"summary_large_image\" \/>\n<meta name=\"twitter:label1\" content=\"Dur\u00e9e de lecture estim\u00e9e\" \/>\n\t<meta name=\"twitter:data1\" content=\"2 minutes\" \/>\n<!-- \/ Yoast SEO plugin. -->","yoast_head_json":{"title":"Ajutage Calice pour fontaines - Cascade","description":"L\u2019ajutage pour fontaines Calice Cascade est enti\u00e8rement en acier inoxydable et en bronze. L'effet est un voile d'eau en forme de calice, cors\u00e9 et uniforme.","robots":{"index":"index","follow":"follow","max-snippet":"max-snippet:-1","max-image-preview":"max-image-preview:large","max-video-preview":"max-video-preview:-1"},"canonical":"https:\/\/www.cascade.it\/fr\/prodotto\/ajutage-calice\/","og_locale":"fr_FR","og_type":"article","og_title":"Ajutage Calice pour fontaines - Cascade","og_description":"L\u2019ajutage pour fontaines Calice Cascade est enti\u00e8rement en acier inoxydable et en bronze. L'effet est un voile d'eau en forme de calice, cors\u00e9 et uniforme.","og_url":"https:\/\/www.cascade.it\/fr\/prodotto\/ajutage-calice\/","og_site_name":"Cascade","article_modified_time":"2022-11-18T08:46:47+00:00","og_image":[{"width":1300,"height":975,"url":"https:\/\/www.cascade.it\/new\/wp-content\/uploads\/Prodotti\/Ugelli_per_fontane\/Ugelli_Classici\/CALICE.jpg","type":"image\/jpeg"}],"twitter_card":"summary_large_image","twitter_misc":{"Dur\u00e9e de lecture estim\u00e9e":"2 minutes"},"schema":{"@context":"https:\/\/schema.org","@graph":[{"@type":"WebPage","@id":"https:\/\/www.cascade.it\/fr\/prodotto\/ajutage-calice\/","url":"https:\/\/www.cascade.it\/fr\/prodotto\/ajutage-calice\/","name":"Ajutage Calice pour fontaines - Cascade","isPartOf":{"@id":"https:\/\/www.cascade.it\/fr\/#website"},"primaryImageOfPage":{"@id":"https:\/\/www.cascade.it\/fr\/prodotto\/ajutage-calice\/#primaryimage"},"image":{"@id":"https:\/\/www.cascade.it\/fr\/prodotto\/ajutage-calice\/#primaryimage"},"thumbnailUrl":"https:\/\/www.cascade.it\/new\/wp-content\/uploads\/Prodotti\/Ugelli_per_fontane\/Ugelli_Classici\/CALICE.jpg","datePublished":"2019-02-15T08:50:27+00:00","dateModified":"2022-11-18T08:46:47+00:00","description":"L\u2019ajutage pour fontaines Calice Cascade est enti\u00e8rement en acier inoxydable et en bronze. L'effet est un voile d'eau en forme de calice, cors\u00e9 et uniforme.","breadcrumb":{"@id":"https:\/\/www.cascade.it\/fr\/prodotto\/ajutage-calice\/#breadcrumb"},"inLanguage":"fr-FR","potentialAction":[{"@type":"ReadAction","target":["https:\/\/www.cascade.it\/fr\/prodotto\/ajutage-calice\/"]}]},{"@type":"ImageObject","inLanguage":"fr-FR","@id":"https:\/\/www.cascade.it\/fr\/prodotto\/ajutage-calice\/#primaryimage","url":"https:\/\/www.cascade.it\/new\/wp-content\/uploads\/Prodotti\/Ugelli_per_fontane\/Ugelli_Classici\/CALICE.jpg","contentUrl":"https:\/\/www.cascade.it\/new\/wp-content\/uploads\/Prodotti\/Ugelli_per_fontane\/Ugelli_Classici\/CALICE.jpg","width":1300,"height":975,"caption":"Ugelli per Fontane"},{"@type":"BreadcrumbList","@id":"https:\/\/www.cascade.it\/fr\/prodotto\/ajutage-calice\/#breadcrumb","itemListElement":[{"@type":"ListItem","position":1,"name":"Home","item":"https:\/\/www.cascade.it\/fr\/"},{"@type":"ListItem","position":2,"name":"Boutique","item":"https:\/\/www.cascade.it\/fr\/boutique\/"},{"@type":"ListItem","position":3,"name":"Calice"}]},{"@type":"WebSite","@id":"https:\/\/www.cascade.it\/fr\/#website","url":"https:\/\/www.cascade.it\/fr\/","name":"Cascade","description":"More than a fountain","potentialAction":[{"@type":"SearchAction","target":{"@type":"EntryPoint","urlTemplate":"https:\/\/www.cascade.it\/fr\/?s={search_term_string}"},"query-input":{"@type":"PropertyValueSpecification","valueRequired":true,"valueName":"search_term_string"}}],"inLanguage":"fr-FR"}]}},"_links":{"self":[{"href":"https:\/\/www.cascade.it\/fr\/wp-json\/wp\/v2\/product\/3309","targetHints":{"allow":["GET"]}}],"collection":[{"href":"https:\/\/www.cascade.it\/fr\/wp-json\/wp\/v2\/product"}],"about":[{"href":"https:\/\/www.cascade.it\/fr\/wp-json\/wp\/v2\/types\/product"}],"wp:featuredmedia":[{"embeddable":true,"href":"https:\/\/www.cascade.it\/fr\/wp-json\/wp\/v2\/media\/3311"}],"wp:attachment":[{"href":"https:\/\/www.cascade.it\/fr\/wp-json\/wp\/v2\/media?parent=3309"}],"wp:term":[{"taxonomy":"product_brand","embeddable":true,"href":"https:\/\/www.cascade.it\/fr\/wp-json\/wp\/v2\/product_brand?post=3309"},{"taxonomy":"product_cat","embeddable":true,"href":"https:\/\/www.cascade.it\/fr\/wp-json\/wp\/v2\/product_cat?post=3309"},{"taxonomy":"product_tag","embeddable":true,"href":"https:\/\/www.cascade.it\/fr\/wp-json\/wp\/v2\/product_tag?post=3309"}],"curies":[{"name":"wp","href":"https:\/\/api.w.org\/{rel}","templated":true}]}}