{"id":3304,"date":"2019-02-15T09:49:39","date_gmt":"2019-02-15T08:49:39","guid":{"rendered":"https:\/\/www.cascade.it\/new\/prodotto\/bocchetta-a-parete\/"},"modified":"2022-07-01T12:17:01","modified_gmt":"2022-07-01T10:17:01","slug":"buse-bocchetta","status":"publish","type":"product","link":"https:\/\/www.cascade.it\/fr\/prodotto\/buse-bocchetta\/","title":{"rendered":"Bocchetta"},"content":{"rendered":"<p>&nbsp;<\/p>\n<div class=\"carousel-slider-outer carousel-slider-outer-image-carousel carousel-slider-outer-1397\" style=\"--carousel-slider-nav-color:#f1f1f1;--carousel-slider-active-nav-color:#00d1b2;--carousel-slider-arrow-size:48px;--carousel-slider-bullet-size:10px\">\n<div id=\"&#039;id-1397\" class=\"carousel-slider carousel-slider-1397 arrows-visibility-hover dots-visibility-never arrows-outside dots-center dots-square owl-carousel\" data-slide-type=\"image-carousel\" data-owl-settings='{\"nav\":true,\"dots\":false,\"slideBy\":1,\"stagePadding\":0,\"margin\":10,\"loop\":true,\"lazyLoad\":true,\"autoplay\":true,\"autoplayTimeout\":5000,\"autoplaySpeed\":500,\"autoplayHoverPause\":true,\"autoWidth\":false,\"responsive\":{\"300\":{\"items\":1},\"576\":{\"items\":2},\"768\":{\"items\":2},\"1024\":{\"items\":3},\"1280\":{\"items\":3},\"1536\":{\"items\":3}}}'>\n<div class=\"carousel-slider__item\">\n\t<img class=\"owl-lazy\" data-src=\"https:\/\/www.cascade.it\/new\/wp-content\/uploads\/2019\/07\/BOCCHETTA.jpg\" alt=\"\"><\/a><\/div>\n\n<div class=\"carousel-slider__item\">\n\t<img class=\"owl-lazy\" data-src=\"https:\/\/www.cascade.it\/new\/wp-content\/uploads\/2019\/12\/2-Ugello-bocchetta-a-parete.jpg\" alt=\"\"><\/a><\/div>\n\n<div class=\"carousel-slider__item\">\n\t<img class=\"owl-lazy\" data-src=\"https:\/\/www.cascade.it\/new\/wp-content\/uploads\/2019\/12\/1-Ugello-bocchetta-a-parete.jpg\" alt=\"\"><\/a><\/div>\n\n<\/div><!-- .carousel-slider-1397 -->\n<\/div><!-- .carousel-slider-outer-1397 -->\n\n<h1><span style=\"color: #1e73be;\">Buse \u00e0 mur Bocchetta<\/span><\/h1>\n<p>Buse en\u00a0<strong>bronze<\/strong>,\u00a0<strong>en forme<\/strong>, avec\u00a0<strong>rosace<\/strong>\u00a0couvrant la fixation murale.<\/p>\n<p>&nbsp;<\/p>\n<h3>Conseils d&rsquo;utilisation et applications<\/h3>\n<p>Le mat\u00e9riau de fabrication et l&rsquo;esth\u00e9tique particuli\u00e8re font de cette buse un <strong>\u00e9l\u00e9ment de d\u00e9coration<\/strong> qui peut am\u00e9liorer esth\u00e9tiquement le contexte dans lequel elle est ins\u00e9r\u00e9e, m\u00eame lorsqu&rsquo;elle n&rsquo;est pas utilis\u00e9e.<\/p>\n<p>&nbsp;<\/p>\n<h3>Donn\u00e9es techniques<\/h3>\n<div style=\"overflow-x: auto;\">\n<table width=\"884\">\n<tbody>\n<tr>\n<td width=\"112\"><strong>\u00a0<\/strong><\/td>\n<td class=\"thHorz\" width=\"186\">Bocchetta 50<\/td>\n<td class=\"thHorz\" width=\"202\">Bocchetta 100<\/td>\n<td class=\"thHorz\" width=\"192\">Bocchetta 125<\/td>\n<td class=\"thHorz\" width=\"192\">Bocchetta 150<\/td>\n<\/tr>\n<tr>\n<td class=\"thVert\" width=\"112\">Code<\/td>\n<td width=\"186\">BO50<\/td>\n<td width=\"202\">BO100<\/td>\n<td width=\"192\">BO125<\/td>\n<td width=\"192\">BO150<\/td>\n<\/tr>\n<tr>\n<td class=\"thVert\" width=\"112\">Connexion<\/td>\n<td width=\"186\">1\/2\u201d M<\/td>\n<td width=\"202\">1\u201d M<\/td>\n<td width=\"192\">1 1\/4\u201d M<\/td>\n<td width=\"192\">1 1\/2\u201d M<\/td>\n<\/tr>\n<tr>\n<td class=\"thVert\" width=\"112\">D\u00e9bit max*<\/td>\n<td width=\"186\">20 l\/min<\/td>\n<td width=\"202\">60 l\/min<\/td>\n<td width=\"192\">90 l\/min<\/td>\n<td width=\"192\">130 l\/min<\/td>\n<\/tr>\n<tr>\n<td class=\"thVert\" width=\"112\">Mat\u00e9riel<\/td>\n<td width=\"186\">Bronze<\/td>\n<td width=\"202\">Bronze<\/td>\n<td width=\"192\">Bronze<\/td>\n<td width=\"192\">Bronze<\/td>\n<\/tr>\n<\/tbody>\n<\/table>\n<\/div>\n<p>*Max d\u00e9bit conseill\u00e9.<\/p>\n<h3>Downloads<\/h3>\n<div class=\"divide-line text-left\"><\/div>\n<div>\n<div style=\"float: left; padding: 5px; text-align: center; width: 150px;\"><a href=\"https:\/\/www.cascade.it\/new\/wp-content\/uploads\/2022\/07\/CASCADE-Buse-murale-FR.pdf\" target=\"_blank\" rel=\"noopener\"><img loading=\"lazy\" decoding=\"async\" class=\"alignnone wp-image-783\" src=\"https:\/\/www.cascade.it\/new\/wp-content\/uploads\/2019\/02\/pdf-icon-png-7.jpg\" alt=\"\" width=\"91\" height=\"91\" srcset=\"https:\/\/www.cascade.it\/new\/wp-content\/uploads\/2019\/02\/pdf-icon-png-7.jpg 254w, https:\/\/www.cascade.it\/new\/wp-content\/uploads\/2019\/02\/pdf-icon-png-7-150x150.jpg 150w, https:\/\/www.cascade.it\/new\/wp-content\/uploads\/2019\/02\/pdf-icon-png-7-100x100.jpg 100w\" sizes=\"auto, (max-width: 91px) 100vw, 91px\" \/><\/a><br \/>\nFiche technique<\/div>\n<div style=\"clear: both;\"><\/div>\n<\/div>\n","protected":false},"excerpt":{"rendered":"<p>&nbsp; Buse \u00e0 mur Bocchetta Buse en\u00a0bronze,\u00a0en forme, avec\u00a0rosace\u00a0couvrant la fixation murale. &nbsp; Conseils d&rsquo;utilisation et applications Le mat\u00e9riau de fabrication et l&rsquo;esth\u00e9tique particuli\u00e8re font de cette buse un \u00e9l\u00e9ment de d\u00e9coration qui peut am\u00e9liorer esth\u00e9tiquement le contexte dans lequel elle est ins\u00e9r\u00e9e, m\u00eame lorsqu&rsquo;elle n&rsquo;est pas utilis\u00e9e. &nbsp; Donn\u00e9es techniques \u00a0 Bocchetta 50 Bocchetta [&hellip;]<\/p>\n","protected":false},"featured_media":3305,"template":"","meta":[],"product_brand":[],"product_cat":[319],"product_tag":[],"class_list":{"0":"post-3304","1":"product","2":"type-product","3":"status-publish","4":"has-post-thumbnail","6":"product_cat-ajutages-classiques","8":"first","9":"instock","10":"shipping-taxable","11":"product-type-simple"},"yoast_head":"<!-- This site is optimized with the Yoast SEO plugin v26.7 - https:\/\/yoast.com\/wordpress\/plugins\/seo\/ -->\n<title>Buse Bocchetta - Cascade<\/title>\n<meta name=\"description\" content=\"Buse en\u00a0bronze,\u00a0en forme, avec\u00a0rosace\u00a0couvrant la fixation murale.\" \/>\n<meta name=\"robots\" content=\"index, follow, max-snippet:-1, max-image-preview:large, max-video-preview:-1\" \/>\n<link rel=\"canonical\" href=\"https:\/\/www.cascade.it\/fr\/prodotto\/buse-bocchetta\/\" \/>\n<meta property=\"og:locale\" content=\"fr_FR\" \/>\n<meta property=\"og:type\" content=\"article\" \/>\n<meta property=\"og:title\" content=\"Buse Bocchetta - Cascade\" \/>\n<meta property=\"og:description\" content=\"Buse en\u00a0bronze,\u00a0en forme, avec\u00a0rosace\u00a0couvrant la fixation murale.\" \/>\n<meta property=\"og:url\" content=\"https:\/\/www.cascade.it\/fr\/prodotto\/buse-bocchetta\/\" \/>\n<meta property=\"og:site_name\" content=\"Cascade\" \/>\n<meta property=\"article:modified_time\" content=\"2022-07-01T10:17:01+00:00\" \/>\n<meta property=\"og:image\" content=\"https:\/\/www.cascade.it\/new\/wp-content\/uploads\/Prodotti\/Ugelli_per_fontane\/Ugelli_Classici\/BOCCHETTA-A-PARETE.jpg\" \/>\n\t<meta property=\"og:image:width\" content=\"1300\" \/>\n\t<meta property=\"og:image:height\" content=\"975\" \/>\n\t<meta property=\"og:image:type\" content=\"image\/jpeg\" \/>\n<meta name=\"twitter:card\" content=\"summary_large_image\" \/>\n<meta name=\"twitter:label1\" content=\"Dur\u00e9e de lecture estim\u00e9e\" \/>\n\t<meta name=\"twitter:data1\" content=\"1 minute\" \/>\n<!-- \/ Yoast SEO plugin. -->","yoast_head_json":{"title":"Buse Bocchetta - Cascade","description":"Buse en\u00a0bronze,\u00a0en forme, avec\u00a0rosace\u00a0couvrant la fixation murale.","robots":{"index":"index","follow":"follow","max-snippet":"max-snippet:-1","max-image-preview":"max-image-preview:large","max-video-preview":"max-video-preview:-1"},"canonical":"https:\/\/www.cascade.it\/fr\/prodotto\/buse-bocchetta\/","og_locale":"fr_FR","og_type":"article","og_title":"Buse Bocchetta - Cascade","og_description":"Buse en\u00a0bronze,\u00a0en forme, avec\u00a0rosace\u00a0couvrant la fixation murale.","og_url":"https:\/\/www.cascade.it\/fr\/prodotto\/buse-bocchetta\/","og_site_name":"Cascade","article_modified_time":"2022-07-01T10:17:01+00:00","og_image":[{"width":1300,"height":975,"url":"https:\/\/www.cascade.it\/new\/wp-content\/uploads\/Prodotti\/Ugelli_per_fontane\/Ugelli_Classici\/BOCCHETTA-A-PARETE.jpg","type":"image\/jpeg"}],"twitter_card":"summary_large_image","twitter_misc":{"Dur\u00e9e de lecture estim\u00e9e":"1 minute"},"schema":{"@context":"https:\/\/schema.org","@graph":[{"@type":"WebPage","@id":"https:\/\/www.cascade.it\/fr\/prodotto\/buse-bocchetta\/","url":"https:\/\/www.cascade.it\/fr\/prodotto\/buse-bocchetta\/","name":"Buse Bocchetta - Cascade","isPartOf":{"@id":"https:\/\/www.cascade.it\/fr\/#website"},"primaryImageOfPage":{"@id":"https:\/\/www.cascade.it\/fr\/prodotto\/buse-bocchetta\/#primaryimage"},"image":{"@id":"https:\/\/www.cascade.it\/fr\/prodotto\/buse-bocchetta\/#primaryimage"},"thumbnailUrl":"https:\/\/www.cascade.it\/new\/wp-content\/uploads\/Prodotti\/Ugelli_per_fontane\/Ugelli_Classici\/BOCCHETTA-A-PARETE.jpg","datePublished":"2019-02-15T08:49:39+00:00","dateModified":"2022-07-01T10:17:01+00:00","description":"Buse en\u00a0bronze,\u00a0en forme, avec\u00a0rosace\u00a0couvrant la fixation murale.","breadcrumb":{"@id":"https:\/\/www.cascade.it\/fr\/prodotto\/buse-bocchetta\/#breadcrumb"},"inLanguage":"fr-FR","potentialAction":[{"@type":"ReadAction","target":["https:\/\/www.cascade.it\/fr\/prodotto\/buse-bocchetta\/"]}]},{"@type":"ImageObject","inLanguage":"fr-FR","@id":"https:\/\/www.cascade.it\/fr\/prodotto\/buse-bocchetta\/#primaryimage","url":"https:\/\/www.cascade.it\/new\/wp-content\/uploads\/Prodotti\/Ugelli_per_fontane\/Ugelli_Classici\/BOCCHETTA-A-PARETE.jpg","contentUrl":"https:\/\/www.cascade.it\/new\/wp-content\/uploads\/Prodotti\/Ugelli_per_fontane\/Ugelli_Classici\/BOCCHETTA-A-PARETE.jpg","width":1300,"height":975},{"@type":"BreadcrumbList","@id":"https:\/\/www.cascade.it\/fr\/prodotto\/buse-bocchetta\/#breadcrumb","itemListElement":[{"@type":"ListItem","position":1,"name":"Home","item":"https:\/\/www.cascade.it\/fr\/"},{"@type":"ListItem","position":2,"name":"Boutique","item":"https:\/\/www.cascade.it\/fr\/boutique\/"},{"@type":"ListItem","position":3,"name":"Bocchetta"}]},{"@type":"WebSite","@id":"https:\/\/www.cascade.it\/fr\/#website","url":"https:\/\/www.cascade.it\/fr\/","name":"Cascade","description":"More than a fountain","potentialAction":[{"@type":"SearchAction","target":{"@type":"EntryPoint","urlTemplate":"https:\/\/www.cascade.it\/fr\/?s={search_term_string}"},"query-input":{"@type":"PropertyValueSpecification","valueRequired":true,"valueName":"search_term_string"}}],"inLanguage":"fr-FR"}]}},"_links":{"self":[{"href":"https:\/\/www.cascade.it\/fr\/wp-json\/wp\/v2\/product\/3304","targetHints":{"allow":["GET"]}}],"collection":[{"href":"https:\/\/www.cascade.it\/fr\/wp-json\/wp\/v2\/product"}],"about":[{"href":"https:\/\/www.cascade.it\/fr\/wp-json\/wp\/v2\/types\/product"}],"wp:featuredmedia":[{"embeddable":true,"href":"https:\/\/www.cascade.it\/fr\/wp-json\/wp\/v2\/media\/3305"}],"wp:attachment":[{"href":"https:\/\/www.cascade.it\/fr\/wp-json\/wp\/v2\/media?parent=3304"}],"wp:term":[{"taxonomy":"product_brand","embeddable":true,"href":"https:\/\/www.cascade.it\/fr\/wp-json\/wp\/v2\/product_brand?post=3304"},{"taxonomy":"product_cat","embeddable":true,"href":"https:\/\/www.cascade.it\/fr\/wp-json\/wp\/v2\/product_cat?post=3304"},{"taxonomy":"product_tag","embeddable":true,"href":"https:\/\/www.cascade.it\/fr\/wp-json\/wp\/v2\/product_tag?post=3304"}],"curies":[{"name":"wp","href":"https:\/\/api.w.org\/{rel}","templated":true}]}}