{"id":3299,"date":"2019-02-05T10:59:26","date_gmt":"2019-02-05T09:59:26","guid":{"rendered":"https:\/\/www.cascade.it\/new\/prodotto\/atomizzatore\/"},"modified":"2022-07-01T12:15:10","modified_gmt":"2022-07-01T10:15:10","slug":"ajutage-atomizzatore","status":"publish","type":"product","link":"https:\/\/www.cascade.it\/fr\/prodotto\/ajutage-atomizzatore\/","title":{"rendered":"Atomizzatore"},"content":{"rendered":"<p>&nbsp;<\/p>\n<div class=\"carousel-slider-outer carousel-slider-outer-image-carousel carousel-slider-outer-1391\" style=\"--carousel-slider-nav-color:#f1f1f1;--carousel-slider-active-nav-color:#00d1b2;--carousel-slider-arrow-size:48px;--carousel-slider-bullet-size:10px\">\n<div id=\"&#039;id-1391\" class=\"carousel-slider carousel-slider-1391 arrows-visibility-hover dots-visibility-never arrows-outside dots-center dots-square owl-carousel\" data-slide-type=\"image-carousel\" data-owl-settings='{\"nav\":true,\"dots\":false,\"slideBy\":1,\"stagePadding\":0,\"margin\":10,\"loop\":true,\"lazyLoad\":true,\"autoplay\":true,\"autoplayTimeout\":5000,\"autoplaySpeed\":500,\"autoplayHoverPause\":true,\"autoWidth\":false,\"responsive\":{\"300\":{\"items\":1},\"576\":{\"items\":2},\"768\":{\"items\":2},\"1024\":{\"items\":3},\"1280\":{\"items\":3},\"1536\":{\"items\":3}}}'>\n<div class=\"carousel-slider__item\">\n\t<img class=\"owl-lazy\" data-src=\"https:\/\/www.cascade.it\/new\/wp-content\/uploads\/2019\/07\/Atomizzatori.jpg\" alt=\"Ugello Nebulizzatore Atomizzatore - Cascade\"><\/a><\/div>\n\n<div class=\"carousel-slider__item\">\n\t<img class=\"owl-lazy\" data-src=\"https:\/\/www.cascade.it\/new\/wp-content\/uploads\/2019\/12\/1-Ugello-per-fontane-Atomizzatore.jpg\" alt=\"Ugello Nebulizzatore Atomizzatore - Cascade\"><\/a><\/div>\n\n<div class=\"carousel-slider__item\">\n\t<img class=\"owl-lazy\" data-src=\"https:\/\/www.cascade.it\/new\/wp-content\/uploads\/2019\/12\/2-Ugello-per-fontane-Atomizzatore.jpg\" alt=\"Ugello Nebulizzatore Atomizzatore - Cascade\"><\/a><\/div>\n\n<div class=\"carousel-slider__item\">\n\t<img class=\"owl-lazy\" data-src=\"https:\/\/www.cascade.it\/new\/wp-content\/uploads\/2019\/12\/3-Ugello-per-fontane-Atomizzatore.jpg\" alt=\"\"><\/a><\/div>\n\n<div class=\"carousel-slider__item\">\n\t<img class=\"owl-lazy\" data-src=\"https:\/\/www.cascade.it\/new\/wp-content\/uploads\/2019\/12\/4-Ugello-per-fontane-Atomizzatore.jpg\" alt=\"\"><\/a><\/div>\n\n<\/div><!-- .carousel-slider-1391 -->\n<\/div><!-- .carousel-slider-outer-1391 -->\n\n<h1><span style=\"color: #1e73be;\">Ajutage Atomizzatore pour fontaines<\/span><\/h1>\n<p>En <strong>laiton<\/strong>, l\u2019<strong>Atomizzatore<\/strong> est un ajutage <strong>ind\u00e9pendant<\/strong> du niveau d&rsquo;eau.<\/p>\n<p>Il vous permet de n\u00e9buliser l&rsquo;eau tr\u00e8s finement avec seulement la pression hydraulique, en obtenant un c\u00f4ne \u00e0 moiti\u00e9 plein.<\/p>\n<p>&nbsp;<\/p>\n<h3>Conseils d&rsquo;utilisation et applications<\/h3>\n<p>Gr\u00e2ce \u00e0 la <strong>basse pression<\/strong> n\u00e9cessaire pour son fonctionnement, cet ajutage <strong>simplifie<\/strong> et sollicite tr\u00e8s peu le syst\u00e8me hydraulique.<\/p>\n<p>Recommand\u00e9 pour une utilisation en groupes et mont\u00e9 sur des collecteurs avec petit entraxe (voir la section <a href=\"https:\/\/www.cascade.it\/fr\/produits\/anneaux-et-collecteurs-inox-pour-fontaines\/\"><span style=\"text-decoration: underline;\"><strong>ANNEAUX ET COLLECTEURS INOX POUR FONTAINES<\/strong><\/span><\/a>).<\/p>\n<p>Particuli\u00e8rement <strong>suggestif<\/strong> lorsqu&rsquo;il est utilis\u00e9 en <strong>combinaison<\/strong> avec d&rsquo;autres jets, comme dans les <a href=\"https:\/\/www.cascade.it\/fr\/produits\/fontaines-seches\/box-pour-fontaines-seches\/\"><span style=\"text-decoration: underline;\"><strong>Box pour fontaines s\u00e8ches<\/strong><\/span><\/a>, o\u00f9 <strong>l&rsquo;effet de brouillard<\/strong> g\u00e9n\u00e9r\u00e9 enrichit la sc\u00e9nographie aquatique principale.<\/p>\n<p>Nous recommandons de ne pas utiliser des pressions inf\u00e9rieures \u00e0 45\/50 mca.<\/p>\n<p><strong>\u00c9clairage immerg\u00e9<\/strong>: pour enrichir l&rsquo;effet d\u2019eau avec des jeux de lumi\u00e8re monochromatique ou RGBW, nous recommandons l&rsquo;utilisation des <a href=\"https:\/\/www.cascade.it\/fr\/produits\/eclairage-immerge-led\/projecteurs-led-mizar\/\"><span style=\"text-decoration: underline;\"><strong>projecteurs LED immerg\u00e9s pour fontaines de la s\u00e9rie Mizar<\/strong><\/span><\/a>, des produits professionnels sp\u00e9cifiques pour une utilisation dans les fontaines, avec un design \u00e9l\u00e9gant, une technologie \u00e0 la pointe et extraordinaire effets de lumi\u00e8re.<\/p>\n<p>&nbsp;<\/p>\n<h3>Donn\u00e9es techniques<\/h3>\n<div style=\"overflow-x: auto;\">\n<table width=\"975\">\n<tbody>\n<tr>\n<td width=\"149\"><strong>\u00a0<\/strong><\/td>\n<td class=\"thHorz\" width=\"104\">Atomizzatore 1,5<\/td>\n<td class=\"thHorz\" width=\"104\">Atomizzatore 4<\/td>\n<td class=\"thHorz\" width=\"113\">Atomizzatore 8<\/td>\n<td class=\"thHorz\" width=\"132\">Atomizzatore 18<\/td>\n<td class=\"thHorz\" width=\"123\">Atomizzatore 26<\/td>\n<td class=\"thHorz\" width=\"122\">Atomizzatore M22<\/td>\n<td class=\"thHorz\" width=\"128\">Atomizzatore MU7<\/td>\n<\/tr>\n<tr>\n<td class=\"thVert\" width=\"149\">Code<\/td>\n<td width=\"104\">AT15<\/td>\n<td width=\"104\">AT40<\/td>\n<td width=\"113\">AT80<\/td>\n<td width=\"132\">AT180<\/td>\n<td width=\"123\">AT260<\/td>\n<td width=\"122\">ATM220<\/td>\n<td width=\"128\">ATMU7<\/td>\n<\/tr>\n<tr>\n<td class=\"thVert\" width=\"149\">\u00f8 jet<\/td>\n<td width=\"104\">0,5 mm<\/td>\n<td width=\"104\">1,1 mm<\/td>\n<td width=\"113\">1,5 mm<\/td>\n<td width=\"132\">1,9 mm<\/td>\n<td width=\"123\">2,2 mm<\/td>\n<td width=\"122\">1,9 mm<\/td>\n<td width=\"128\">&#8211;<\/td>\n<\/tr>\n<tr>\n<td class=\"thVert\" width=\"149\">Angle d&rsquo;ouverture \u00e0 50 mce<\/td>\n<td width=\"104\">70\u00b0<\/td>\n<td width=\"104\">80\u00b0<\/td>\n<td width=\"113\">90\u00b0<\/td>\n<td width=\"132\">85\u00b0<\/td>\n<td width=\"123\">85\u00b0<\/td>\n<td width=\"122\">70\u00b0<\/td>\n<td width=\"128\">90\u00b0<\/td>\n<\/tr>\n<tr>\n<td class=\"thVert\" width=\"149\">Connexion<\/td>\n<td width=\"104\">3\/8\u201d M<\/td>\n<td width=\"104\">3\/8\u201d M<\/td>\n<td width=\"113\">3\/8\u201d M<\/td>\n<td width=\"132\">3\/8\u201d M<\/td>\n<td width=\"123\">3\/8\u201d M<\/td>\n<td width=\"122\">1\/4\u201d M<\/td>\n<td width=\"128\">3\/4\u201d F<\/td>\n<\/tr>\n<tr>\n<td class=\"thVert\" width=\"149\">Mat\u00e9riel<\/td>\n<td width=\"104\">Laiton<\/td>\n<td width=\"104\">\u00a0Laiton<\/td>\n<td width=\"113\">\u00a0Laiton<\/td>\n<td width=\"132\">\u00a0Laiton<\/td>\n<td width=\"123\">\u00a0Laiton<\/td>\n<td width=\"122\">\u00a0Laiton<\/td>\n<td width=\"128\">Acier inox<\/td>\n<\/tr>\n<tr>\n<td class=\"thVert\" width=\"149\">Poids<\/td>\n<td width=\"104\">72 g<\/td>\n<td width=\"104\">72 g<\/td>\n<td width=\"113\">72 g<\/td>\n<td width=\"132\">72 g<\/td>\n<td width=\"123\">72 g<\/td>\n<td width=\"122\">18 g<\/td>\n<td width=\"128\">&#8211;<\/td>\n<\/tr>\n<\/tbody>\n<\/table>\n<\/div>\n<p>&nbsp;<\/p>\n<h3>Downloads<\/h3>\n<div class=\"divide-line text-left\"><\/div>\n<div>\n<div style=\"float: left; padding: 5px; text-align: center; width: 150px;\"><a href=\"https:\/\/www.cascade.it\/new\/wp-content\/uploads\/2022\/07\/CASCADE-Atomizzatore-FR.pdf\" target=\"_blank\" rel=\"noopener\"><img loading=\"lazy\" decoding=\"async\" class=\"alignnone wp-image-783\" src=\"https:\/\/www.cascade.it\/new\/wp-content\/uploads\/2019\/02\/pdf-icon-png-7.jpg\" alt=\"\" width=\"91\" height=\"91\" srcset=\"https:\/\/www.cascade.it\/new\/wp-content\/uploads\/2019\/02\/pdf-icon-png-7.jpg 254w, https:\/\/www.cascade.it\/new\/wp-content\/uploads\/2019\/02\/pdf-icon-png-7-150x150.jpg 150w, https:\/\/www.cascade.it\/new\/wp-content\/uploads\/2019\/02\/pdf-icon-png-7-100x100.jpg 100w\" sizes=\"auto, (max-width: 91px) 100vw, 91px\" \/><\/a><br \/>\nFiche technique<\/div>\n<div style=\"clear: both;\"><\/div>\n<\/div>\n","protected":false},"excerpt":{"rendered":"<p>&nbsp; Ajutage Atomizzatore pour fontaines En laiton, l\u2019Atomizzatore est un ajutage ind\u00e9pendant du niveau d&rsquo;eau. Il vous permet de n\u00e9buliser l&rsquo;eau tr\u00e8s finement avec seulement la pression hydraulique, en obtenant un c\u00f4ne \u00e0 moiti\u00e9 plein. &nbsp; Conseils d&rsquo;utilisation et applications Gr\u00e2ce \u00e0 la basse pression n\u00e9cessaire pour son fonctionnement, cet ajutage simplifie et sollicite tr\u00e8s [&hellip;]<\/p>\n","protected":false},"featured_media":3301,"template":"","meta":[],"product_brand":[],"product_cat":[319],"product_tag":[],"class_list":{"0":"post-3299","1":"product","2":"type-product","3":"status-publish","4":"has-post-thumbnail","6":"product_cat-ajutages-classiques","8":"first","9":"instock","10":"virtual","11":"product-type-simple"},"yoast_head":"<!-- This site is optimized with the Yoast SEO plugin v26.7 - https:\/\/yoast.com\/wordpress\/plugins\/seo\/ -->\n<title>Ajutage Atomizzatore pour fontaines - Cascade<\/title>\n<meta name=\"description\" content=\"L&#039;Atomizzatore est un ajutage pour fontaines qui permet de n\u00e9buliser l&#039;eau tr\u00e8s finement avec seulement la pression hydraulique.\" \/>\n<meta name=\"robots\" content=\"index, follow, max-snippet:-1, max-image-preview:large, max-video-preview:-1\" \/>\n<link rel=\"canonical\" href=\"https:\/\/www.cascade.it\/fr\/prodotto\/ajutage-atomizzatore\/\" \/>\n<meta property=\"og:locale\" content=\"fr_FR\" \/>\n<meta property=\"og:type\" content=\"article\" \/>\n<meta property=\"og:title\" content=\"Ajutage Atomizzatore pour fontaines - Cascade\" \/>\n<meta property=\"og:description\" content=\"L&#039;Atomizzatore est un ajutage pour fontaines qui permet de n\u00e9buliser l&#039;eau tr\u00e8s finement avec seulement la pression hydraulique.\" \/>\n<meta property=\"og:url\" content=\"https:\/\/www.cascade.it\/fr\/prodotto\/ajutage-atomizzatore\/\" \/>\n<meta property=\"og:site_name\" content=\"Cascade\" \/>\n<meta property=\"article:modified_time\" content=\"2022-07-01T10:15:10+00:00\" \/>\n<meta property=\"og:image\" content=\"https:\/\/www.cascade.it\/new\/wp-content\/uploads\/Prodotti\/Ugelli_per_fontane\/Ugelli_Classici\/ATOMIZZATORE.jpg\" \/>\n\t<meta property=\"og:image:width\" content=\"1300\" \/>\n\t<meta property=\"og:image:height\" content=\"975\" \/>\n\t<meta property=\"og:image:type\" content=\"image\/jpeg\" \/>\n<meta name=\"twitter:card\" content=\"summary_large_image\" \/>\n<meta name=\"twitter:label1\" content=\"Dur\u00e9e de lecture estim\u00e9e\" \/>\n\t<meta name=\"twitter:data1\" content=\"2 minutes\" \/>\n<!-- \/ Yoast SEO plugin. -->","yoast_head_json":{"title":"Ajutage Atomizzatore pour fontaines - Cascade","description":"L'Atomizzatore est un ajutage pour fontaines qui permet de n\u00e9buliser l'eau tr\u00e8s finement avec seulement la pression hydraulique.","robots":{"index":"index","follow":"follow","max-snippet":"max-snippet:-1","max-image-preview":"max-image-preview:large","max-video-preview":"max-video-preview:-1"},"canonical":"https:\/\/www.cascade.it\/fr\/prodotto\/ajutage-atomizzatore\/","og_locale":"fr_FR","og_type":"article","og_title":"Ajutage Atomizzatore pour fontaines - Cascade","og_description":"L'Atomizzatore est un ajutage pour fontaines qui permet de n\u00e9buliser l'eau tr\u00e8s finement avec seulement la pression hydraulique.","og_url":"https:\/\/www.cascade.it\/fr\/prodotto\/ajutage-atomizzatore\/","og_site_name":"Cascade","article_modified_time":"2022-07-01T10:15:10+00:00","og_image":[{"width":1300,"height":975,"url":"https:\/\/www.cascade.it\/new\/wp-content\/uploads\/Prodotti\/Ugelli_per_fontane\/Ugelli_Classici\/ATOMIZZATORE.jpg","type":"image\/jpeg"}],"twitter_card":"summary_large_image","twitter_misc":{"Dur\u00e9e de lecture estim\u00e9e":"2 minutes"},"schema":{"@context":"https:\/\/schema.org","@graph":[{"@type":"WebPage","@id":"https:\/\/www.cascade.it\/fr\/prodotto\/ajutage-atomizzatore\/","url":"https:\/\/www.cascade.it\/fr\/prodotto\/ajutage-atomizzatore\/","name":"Ajutage Atomizzatore pour fontaines - Cascade","isPartOf":{"@id":"https:\/\/www.cascade.it\/fr\/#website"},"primaryImageOfPage":{"@id":"https:\/\/www.cascade.it\/fr\/prodotto\/ajutage-atomizzatore\/#primaryimage"},"image":{"@id":"https:\/\/www.cascade.it\/fr\/prodotto\/ajutage-atomizzatore\/#primaryimage"},"thumbnailUrl":"https:\/\/www.cascade.it\/new\/wp-content\/uploads\/Prodotti\/Ugelli_per_fontane\/Ugelli_Classici\/ATOMIZZATORE.jpg","datePublished":"2019-02-05T09:59:26+00:00","dateModified":"2022-07-01T10:15:10+00:00","description":"L'Atomizzatore est un ajutage pour fontaines qui permet de n\u00e9buliser l'eau tr\u00e8s finement avec seulement la pression hydraulique.","breadcrumb":{"@id":"https:\/\/www.cascade.it\/fr\/prodotto\/ajutage-atomizzatore\/#breadcrumb"},"inLanguage":"fr-FR","potentialAction":[{"@type":"ReadAction","target":["https:\/\/www.cascade.it\/fr\/prodotto\/ajutage-atomizzatore\/"]}]},{"@type":"ImageObject","inLanguage":"fr-FR","@id":"https:\/\/www.cascade.it\/fr\/prodotto\/ajutage-atomizzatore\/#primaryimage","url":"https:\/\/www.cascade.it\/new\/wp-content\/uploads\/Prodotti\/Ugelli_per_fontane\/Ugelli_Classici\/ATOMIZZATORE.jpg","contentUrl":"https:\/\/www.cascade.it\/new\/wp-content\/uploads\/Prodotti\/Ugelli_per_fontane\/Ugelli_Classici\/ATOMIZZATORE.jpg","width":1300,"height":975,"caption":"Ugello nebulizzatore atomizzatore - Cascade"},{"@type":"BreadcrumbList","@id":"https:\/\/www.cascade.it\/fr\/prodotto\/ajutage-atomizzatore\/#breadcrumb","itemListElement":[{"@type":"ListItem","position":1,"name":"Home","item":"https:\/\/www.cascade.it\/fr\/"},{"@type":"ListItem","position":2,"name":"Boutique","item":"https:\/\/www.cascade.it\/fr\/boutique\/"},{"@type":"ListItem","position":3,"name":"Atomizzatore"}]},{"@type":"WebSite","@id":"https:\/\/www.cascade.it\/fr\/#website","url":"https:\/\/www.cascade.it\/fr\/","name":"Cascade","description":"More than a fountain","potentialAction":[{"@type":"SearchAction","target":{"@type":"EntryPoint","urlTemplate":"https:\/\/www.cascade.it\/fr\/?s={search_term_string}"},"query-input":{"@type":"PropertyValueSpecification","valueRequired":true,"valueName":"search_term_string"}}],"inLanguage":"fr-FR"}]}},"_links":{"self":[{"href":"https:\/\/www.cascade.it\/fr\/wp-json\/wp\/v2\/product\/3299","targetHints":{"allow":["GET"]}}],"collection":[{"href":"https:\/\/www.cascade.it\/fr\/wp-json\/wp\/v2\/product"}],"about":[{"href":"https:\/\/www.cascade.it\/fr\/wp-json\/wp\/v2\/types\/product"}],"wp:featuredmedia":[{"embeddable":true,"href":"https:\/\/www.cascade.it\/fr\/wp-json\/wp\/v2\/media\/3301"}],"wp:attachment":[{"href":"https:\/\/www.cascade.it\/fr\/wp-json\/wp\/v2\/media?parent=3299"}],"wp:term":[{"taxonomy":"product_brand","embeddable":true,"href":"https:\/\/www.cascade.it\/fr\/wp-json\/wp\/v2\/product_brand?post=3299"},{"taxonomy":"product_cat","embeddable":true,"href":"https:\/\/www.cascade.it\/fr\/wp-json\/wp\/v2\/product_cat?post=3299"},{"taxonomy":"product_tag","embeddable":true,"href":"https:\/\/www.cascade.it\/fr\/wp-json\/wp\/v2\/product_tag?post=3299"}],"curies":[{"name":"wp","href":"https:\/\/api.w.org\/{rel}","templated":true}]}}