{"id":3282,"date":"2019-02-27T09:54:36","date_gmt":"2019-02-27T08:54:36","guid":{"rendered":"https:\/\/www.cascade.it\/new\/prodotto\/multiple-pwm-station-mps4-mod\/"},"modified":"2020-07-20T15:03:33","modified_gmt":"2020-07-20T13:03:33","slug":"multiple-pwm-station-mps4-mod","status":"publish","type":"product","link":"https:\/\/www.cascade.it\/fr\/prodotto\/multiple-pwm-station-mps4-mod\/","title":{"rendered":"Multiple PWM Station MPS4-mod"},"content":{"rendered":"<p>[vc_row][vc_column][vc_empty_space height=\u00a0\u00bb50&Prime; height_mobile=\u00a0\u00bb150&Prime;][vc_column_text spacing_heading=\u00a0\u00bb\u00a0\u00bb spacing_heading_tab=\u00a0\u00bb\u00a0\u00bb spacing_heading_mobile=\u00a0\u00bb\u00a0\u00bb]<\/p>\n<div class=\"carousel-slider-outer carousel-slider-outer-image-carousel carousel-slider-outer-1386\" style=\"--carousel-slider-nav-color:#f1f1f1;--carousel-slider-active-nav-color:#00d1b2;--carousel-slider-arrow-size:48px;--carousel-slider-bullet-size:10px\">\n<div id=\"&#039;id-1386\" class=\"carousel-slider carousel-slider-1386 arrows-visibility-hover dots-visibility-never arrows-outside dots-center dots-square owl-carousel\" data-slide-type=\"image-carousel\" data-owl-settings='{\"nav\":true,\"dots\":false,\"slideBy\":1,\"stagePadding\":0,\"margin\":10,\"loop\":true,\"lazyLoad\":true,\"autoplay\":true,\"autoplayTimeout\":5000,\"autoplaySpeed\":500,\"autoplayHoverPause\":true,\"autoWidth\":false,\"responsive\":{\"300\":{\"items\":1},\"576\":{\"items\":2},\"768\":{\"items\":2},\"1024\":{\"items\":3},\"1280\":{\"items\":3},\"1536\":{\"items\":3}}}'>\n<div class=\"carousel-slider__item\">\n\t<img class=\"owl-lazy\" data-src=\"https:\/\/www.cascade.it\/new\/wp-content\/uploads\/2019\/07\/Multiple-PWm-Station-MPS4-mod.jpg\" alt=\"\"><\/a><\/div>\n\n<div class=\"carousel-slider__item\">\n\t<img class=\"owl-lazy\" data-src=\"https:\/\/www.cascade.it\/new\/wp-content\/uploads\/2019\/12\/1-Multiple-PWM-Station-MPS4-mod.jpg\" alt=\"\"><\/a><\/div>\n\n<div class=\"carousel-slider__item\">\n\t<img class=\"owl-lazy\" data-src=\"https:\/\/www.cascade.it\/new\/wp-content\/uploads\/2019\/12\/2-Multiple-PWM-Station-MPS4-mod.jpg\" alt=\"\"><\/a><\/div>\n\n<\/div><!-- .carousel-slider-1386 -->\n<\/div><!-- .carousel-slider-outer-1386 -->\n\n<h1><span style=\"color: #1e73be;\">Multiple PWM Station MPS4-mod<\/span><\/h1>\n<p>L&rsquo;unit\u00e9 de commande <strong>Multiple PWM Station MPS4-mod<\/strong> est un driver PWM intelligent \u00e0 quatre canaux con\u00e7u pour <strong>piloter des projecteurs \u00e0 LED<\/strong> avec driver int\u00e9gr\u00e9s ou actifs (voir <a href=\"https:\/\/www.cascade.it\/fr\/produits\/eclairage-immerge-led\/projecteurs-led-mizar\/\"><span style=\"text-decoration: underline;\"><strong>PROJECTEURS LED MIZAR<\/strong><\/span><\/a>).<\/p>\n<p>La MPS4-mod a plusieurs utilisations possibles:<\/p>\n<ul>\n<li><strong>Unit\u00e9 de contr\u00f4le AUTONOME<\/strong> capable de piloter quatre canaux (RGBW); selon 16 sc\u00e9narios diff\u00e9rents;<\/li>\n<li><strong>Contr\u00f4leur DMX<\/strong> capable de piloter, via un bus DMX, d&rsquo;autres MPS4 d\u00e9finis comme driver slave (pour augmenter le nombre de projecteurs pouvant \u00eatre pilot\u00e9s dans le syst\u00e8me) ou d&rsquo;autres dispositifs slave DMX standard;<\/li>\n<li><strong>Slave DMX<\/strong> capable de piloter les sorties selon les instructions re\u00e7ues d&rsquo;un <strong>contr\u00f4leur DMX<\/strong> via le r\u00e9seau DMX auquel elle est connect\u00e9e.<\/li>\n<\/ul>\n<p>L&rsquo;unit\u00e9 de commande est \u00e9quip\u00e9e d&rsquo;un conteneur pour montage sur rail DIN.<\/p>\n<p>&nbsp;<\/p>\n<h3>Donn\u00e9es techniques<\/h3>\n<div style=\"overflow-x: auto;\">\n<table width=\"80%\">\n<tbody>\n<tr>\n<td width=\"20%\"><strong>\u00a0<\/strong><\/td>\n<td class=\"thHorz\" width=\"79%\">Multiple PWM Station-mod<\/td>\n<\/tr>\n<tr>\n<td class=\"thVert\" width=\"20%\">Code<\/td>\n<td width=\"79%\">MPS4-mod<\/td>\n<\/tr>\n<tr>\n<td class=\"thVert\" width=\"20%\">Alimentation<\/td>\n<td width=\"79%\">24 Vcc<\/td>\n<\/tr>\n<tr>\n<td class=\"thVert\" width=\"20%\">Puissance absorb\u00e9e<\/td>\n<td width=\"79%\">20 VA<\/td>\n<\/tr>\n<tr>\n<td class=\"thVert\" width=\"20%\">Tension PWM de sortie<\/td>\n<td width=\"79%\">10 V typique (48 V max)<\/td>\n<\/tr>\n<tr>\n<td class=\"thVert\" width=\"20%\">Courant de sortie<\/td>\n<td width=\"79%\">200 mA<\/td>\n<\/tr>\n<tr>\n<td class=\"thVert\" width=\"20%\">Sorties PWM<\/td>\n<td width=\"79%\">4 (R+, R-, B+, B-, G+, G-, W+, W-)<\/td>\n<\/tr>\n<tr>\n<td class=\"thVert\" width=\"20%\">DMX in<\/td>\n<td width=\"79%\">1<\/td>\n<\/tr>\n<tr>\n<td class=\"thVert\" width=\"20%\">DMX through<\/td>\n<td width=\"79%\">1<\/td>\n<\/tr>\n<tr>\n<td class=\"thVert\" width=\"20%\">Dimensions<\/td>\n<td width=\"79%\">152 x 95 x 125 mm<\/td>\n<\/tr>\n<\/tbody>\n<\/table>\n<\/div>\n","protected":false},"excerpt":{"rendered":"<p>[vc_row][vc_column][vc_empty_space height=\u00a0\u00bb50&Prime; height_mobile=\u00a0\u00bb150&Prime;][vc_column_text spacing_heading=\u00a0\u00bb\u00a0\u00bb spacing_heading_tab=\u00a0\u00bb\u00a0\u00bb spacing_heading_mobile=\u00a0\u00bb\u00a0\u00bb] Multiple PWM Station MPS4-mod L&rsquo;unit\u00e9 de commande Multiple PWM Station MPS4-mod est un driver PWM intelligent \u00e0 quatre canaux con\u00e7u pour piloter des projecteurs \u00e0 LED avec driver int\u00e9gr\u00e9s ou actifs (voir PROJECTEURS LED MIZAR). La MPS4-mod a plusieurs utilisations possibles: Unit\u00e9 de contr\u00f4le AUTONOME capable de piloter quatre [&hellip;]<\/p>\n","protected":false},"featured_media":3283,"template":"","meta":[],"product_brand":[],"product_cat":[316],"product_tag":[],"class_list":{"0":"post-3282","1":"product","2":"type-product","3":"status-publish","4":"has-post-thumbnail","6":"product_cat-systemes-de-controle-fontaines-dynamiques-musicales","8":"first","9":"instock","10":"shipping-taxable","11":"product-type-simple"},"yoast_head":"<!-- This site is optimized with the Yoast SEO plugin v26.7 - https:\/\/yoast.com\/wordpress\/plugins\/seo\/ -->\n<title>Unit\u00e9 de commande MPS4-mod pour projecteurs LED - Cascade<\/title>\n<meta name=\"description\" content=\"La carte MPS4-mod est un driver PWM intelligent \u00e0 quatre canaux con\u00e7u pour piloter des projecteurs \u00e0 LED avec driver int\u00e9gr\u00e9s ou actifs.\" \/>\n<meta name=\"robots\" content=\"index, follow, max-snippet:-1, max-image-preview:large, max-video-preview:-1\" \/>\n<link rel=\"canonical\" href=\"https:\/\/www.cascade.it\/fr\/prodotto\/multiple-pwm-station-mps4-mod\/\" \/>\n<meta property=\"og:locale\" content=\"fr_FR\" \/>\n<meta property=\"og:type\" content=\"article\" \/>\n<meta property=\"og:title\" content=\"Unit\u00e9 de commande MPS4-mod pour projecteurs LED - Cascade\" \/>\n<meta property=\"og:description\" content=\"La carte MPS4-mod est un driver PWM intelligent \u00e0 quatre canaux con\u00e7u pour piloter des projecteurs \u00e0 LED avec driver int\u00e9gr\u00e9s ou actifs.\" \/>\n<meta property=\"og:url\" content=\"https:\/\/www.cascade.it\/fr\/prodotto\/multiple-pwm-station-mps4-mod\/\" \/>\n<meta property=\"og:site_name\" content=\"Cascade\" \/>\n<meta property=\"article:modified_time\" content=\"2020-07-20T13:03:33+00:00\" \/>\n<meta property=\"og:image\" content=\"https:\/\/www.cascade.it\/new\/wp-content\/uploads\/Prodotti\/Sistemi_elettronici_di_controllo_per_fontane\/Sistema_di_controllo_scenografie_dinamiche_e_musicali\/MULTIPLE-PWM-STATION-MPS4-MOD.jpg\" \/>\n\t<meta property=\"og:image:width\" content=\"1300\" \/>\n\t<meta property=\"og:image:height\" content=\"1300\" \/>\n\t<meta property=\"og:image:type\" content=\"image\/jpeg\" \/>\n<meta name=\"twitter:card\" content=\"summary_large_image\" \/>\n<meta name=\"twitter:label1\" content=\"Dur\u00e9e de lecture estim\u00e9e\" \/>\n\t<meta name=\"twitter:data1\" content=\"1 minute\" \/>\n<!-- \/ Yoast SEO plugin. -->","yoast_head_json":{"title":"Unit\u00e9 de commande MPS4-mod pour projecteurs LED - Cascade","description":"La carte MPS4-mod est un driver PWM intelligent \u00e0 quatre canaux con\u00e7u pour piloter des projecteurs \u00e0 LED avec driver int\u00e9gr\u00e9s ou actifs.","robots":{"index":"index","follow":"follow","max-snippet":"max-snippet:-1","max-image-preview":"max-image-preview:large","max-video-preview":"max-video-preview:-1"},"canonical":"https:\/\/www.cascade.it\/fr\/prodotto\/multiple-pwm-station-mps4-mod\/","og_locale":"fr_FR","og_type":"article","og_title":"Unit\u00e9 de commande MPS4-mod pour projecteurs LED - Cascade","og_description":"La carte MPS4-mod est un driver PWM intelligent \u00e0 quatre canaux con\u00e7u pour piloter des projecteurs \u00e0 LED avec driver int\u00e9gr\u00e9s ou actifs.","og_url":"https:\/\/www.cascade.it\/fr\/prodotto\/multiple-pwm-station-mps4-mod\/","og_site_name":"Cascade","article_modified_time":"2020-07-20T13:03:33+00:00","og_image":[{"width":1300,"height":1300,"url":"https:\/\/www.cascade.it\/new\/wp-content\/uploads\/Prodotti\/Sistemi_elettronici_di_controllo_per_fontane\/Sistema_di_controllo_scenografie_dinamiche_e_musicali\/MULTIPLE-PWM-STATION-MPS4-MOD.jpg","type":"image\/jpeg"}],"twitter_card":"summary_large_image","twitter_misc":{"Dur\u00e9e de lecture estim\u00e9e":"1 minute"},"schema":{"@context":"https:\/\/schema.org","@graph":[{"@type":"WebPage","@id":"https:\/\/www.cascade.it\/fr\/prodotto\/multiple-pwm-station-mps4-mod\/","url":"https:\/\/www.cascade.it\/fr\/prodotto\/multiple-pwm-station-mps4-mod\/","name":"Unit\u00e9 de commande MPS4-mod pour projecteurs LED - Cascade","isPartOf":{"@id":"https:\/\/www.cascade.it\/fr\/#website"},"primaryImageOfPage":{"@id":"https:\/\/www.cascade.it\/fr\/prodotto\/multiple-pwm-station-mps4-mod\/#primaryimage"},"image":{"@id":"https:\/\/www.cascade.it\/fr\/prodotto\/multiple-pwm-station-mps4-mod\/#primaryimage"},"thumbnailUrl":"https:\/\/www.cascade.it\/new\/wp-content\/uploads\/Prodotti\/Sistemi_elettronici_di_controllo_per_fontane\/Sistema_di_controllo_scenografie_dinamiche_e_musicali\/MULTIPLE-PWM-STATION-MPS4-MOD.jpg","datePublished":"2019-02-27T08:54:36+00:00","dateModified":"2020-07-20T13:03:33+00:00","description":"La carte MPS4-mod est un driver PWM intelligent \u00e0 quatre canaux con\u00e7u pour piloter des projecteurs \u00e0 LED avec driver int\u00e9gr\u00e9s ou actifs.","breadcrumb":{"@id":"https:\/\/www.cascade.it\/fr\/prodotto\/multiple-pwm-station-mps4-mod\/#breadcrumb"},"inLanguage":"fr-FR","potentialAction":[{"@type":"ReadAction","target":["https:\/\/www.cascade.it\/fr\/prodotto\/multiple-pwm-station-mps4-mod\/"]}]},{"@type":"ImageObject","inLanguage":"fr-FR","@id":"https:\/\/www.cascade.it\/fr\/prodotto\/multiple-pwm-station-mps4-mod\/#primaryimage","url":"https:\/\/www.cascade.it\/new\/wp-content\/uploads\/Prodotti\/Sistemi_elettronici_di_controllo_per_fontane\/Sistema_di_controllo_scenografie_dinamiche_e_musicali\/MULTIPLE-PWM-STATION-MPS4-MOD.jpg","contentUrl":"https:\/\/www.cascade.it\/new\/wp-content\/uploads\/Prodotti\/Sistemi_elettronici_di_controllo_per_fontane\/Sistema_di_controllo_scenografie_dinamiche_e_musicali\/MULTIPLE-PWM-STATION-MPS4-MOD.jpg","width":1300,"height":1300},{"@type":"BreadcrumbList","@id":"https:\/\/www.cascade.it\/fr\/prodotto\/multiple-pwm-station-mps4-mod\/#breadcrumb","itemListElement":[{"@type":"ListItem","position":1,"name":"Home","item":"https:\/\/www.cascade.it\/fr\/"},{"@type":"ListItem","position":2,"name":"Boutique","item":"https:\/\/www.cascade.it\/fr\/boutique\/"},{"@type":"ListItem","position":3,"name":"Multiple PWM Station MPS4-mod"}]},{"@type":"WebSite","@id":"https:\/\/www.cascade.it\/fr\/#website","url":"https:\/\/www.cascade.it\/fr\/","name":"Cascade","description":"More than a fountain","potentialAction":[{"@type":"SearchAction","target":{"@type":"EntryPoint","urlTemplate":"https:\/\/www.cascade.it\/fr\/?s={search_term_string}"},"query-input":{"@type":"PropertyValueSpecification","valueRequired":true,"valueName":"search_term_string"}}],"inLanguage":"fr-FR"}]}},"_links":{"self":[{"href":"https:\/\/www.cascade.it\/fr\/wp-json\/wp\/v2\/product\/3282","targetHints":{"allow":["GET"]}}],"collection":[{"href":"https:\/\/www.cascade.it\/fr\/wp-json\/wp\/v2\/product"}],"about":[{"href":"https:\/\/www.cascade.it\/fr\/wp-json\/wp\/v2\/types\/product"}],"wp:featuredmedia":[{"embeddable":true,"href":"https:\/\/www.cascade.it\/fr\/wp-json\/wp\/v2\/media\/3283"}],"wp:attachment":[{"href":"https:\/\/www.cascade.it\/fr\/wp-json\/wp\/v2\/media?parent=3282"}],"wp:term":[{"taxonomy":"product_brand","embeddable":true,"href":"https:\/\/www.cascade.it\/fr\/wp-json\/wp\/v2\/product_brand?post=3282"},{"taxonomy":"product_cat","embeddable":true,"href":"https:\/\/www.cascade.it\/fr\/wp-json\/wp\/v2\/product_cat?post=3282"},{"taxonomy":"product_tag","embeddable":true,"href":"https:\/\/www.cascade.it\/fr\/wp-json\/wp\/v2\/product_tag?post=3282"}],"curies":[{"name":"wp","href":"https:\/\/api.w.org\/{rel}","templated":true}]}}