{"id":3270,"date":"2019-02-27T09:50:21","date_gmt":"2019-02-27T08:50:21","guid":{"rendered":"https:\/\/www.cascade.it\/new\/prodotto\/multiple-analogical-station-mas8\/"},"modified":"2020-07-20T14:35:58","modified_gmt":"2020-07-20T12:35:58","slug":"multiple-analog-station-mas8","status":"publish","type":"product","link":"https:\/\/www.cascade.it\/fr\/prodotto\/multiple-analog-station-mas8\/","title":{"rendered":"Multiple Analog Station MAS8"},"content":{"rendered":"<p>[vc_row][vc_column][vc_empty_space height=\u00a0\u00bb50&Prime; height_mobile=\u00a0\u00bb150&Prime;][vc_column_text spacing_heading=\u00a0\u00bb\u00a0\u00bb spacing_heading_tab=\u00a0\u00bb\u00a0\u00bb spacing_heading_mobile=\u00a0\u00bb\u00a0\u00bb]<\/p>\n<div class=\"carousel-slider-outer carousel-slider-outer-image-carousel carousel-slider-outer-1368\" style=\"--carousel-slider-nav-color:#f1f1f1;--carousel-slider-active-nav-color:#00d1b2;--carousel-slider-arrow-size:48px;--carousel-slider-bullet-size:10px\">\n<div id=\"&#039;id-1368\" class=\"carousel-slider carousel-slider-1368 arrows-visibility-hover dots-visibility-never arrows-outside dots-center dots-square owl-carousel\" data-slide-type=\"image-carousel\" data-owl-settings='{\"nav\":true,\"dots\":false,\"slideBy\":1,\"stagePadding\":0,\"margin\":10,\"loop\":true,\"lazyLoad\":true,\"autoplay\":true,\"autoplayTimeout\":5000,\"autoplaySpeed\":500,\"autoplayHoverPause\":true,\"autoWidth\":false,\"responsive\":{\"300\":{\"items\":1},\"576\":{\"items\":2},\"768\":{\"items\":2},\"1024\":{\"items\":3},\"1280\":{\"items\":3},\"1536\":{\"items\":3}}}'>\n<div class=\"carousel-slider__item\">\n\t<img class=\"owl-lazy\" data-src=\"https:\/\/www.cascade.it\/new\/wp-content\/uploads\/2019\/07\/MAS8.jpg\" alt=\"\"><\/a><\/div>\n\n<div class=\"carousel-slider__item\">\n\t<img class=\"owl-lazy\" data-src=\"https:\/\/www.cascade.it\/new\/wp-content\/uploads\/2019\/12\/1-Multiple-Analogical-Station-MAS8.jpg\" alt=\"\"><\/a><\/div>\n\n<div class=\"carousel-slider__item\">\n\t<img class=\"owl-lazy\" data-src=\"https:\/\/www.cascade.it\/new\/wp-content\/uploads\/2019\/12\/2-Multiple-Analogical-Station-MAS8.jpg\" alt=\"\"><\/a><\/div>\n\n<div class=\"carousel-slider__item\">\n\t<img class=\"owl-lazy\" data-src=\"https:\/\/www.cascade.it\/new\/wp-content\/uploads\/2019\/12\/3-Multiple-Analogical-Station-MAS8.jpg\" alt=\"\"><\/a><\/div>\n\n<div class=\"carousel-slider__item\">\n\t<img class=\"owl-lazy\" data-src=\"https:\/\/www.cascade.it\/new\/wp-content\/uploads\/2019\/12\/4-Multiple-Analogical-Station-MAS8.jpg\" alt=\"\"><\/a><\/div>\n\n<\/div><!-- .carousel-slider-1368 -->\n<\/div><!-- .carousel-slider-outer-1368 -->\n\n<h1><span style=\"color: #1e73be;\">Multiple Analog Station MAS8 pour fontaines<\/span><\/h1>\n<p>L&rsquo;unit\u00e9 de contr\u00f4le <strong>Multiple Analog Station\u00a0MAS8<\/strong> a \u00e9t\u00e9 sp\u00e9cifiquement d\u00e9velopp\u00e9e pour offrir un syst\u00e8me simple, fiable et sophistiqu\u00e9 <strong>pour animer tous les types de fontaines avec des effets d&rsquo;eau et de lumi\u00e8re<\/strong>.<\/p>\n<p>Elle est \u00e9quip\u00e9 de <strong>8 sorties analogiques<\/strong> (contacts normalement ouverts) pour pouvoir piloter autant de drivers de puissance. Elle dispose de <strong>3 entr\u00e9es<\/strong> par lesquelles il est possible de s\u00e9lectionner les <strong>8 cycles m\u00e9morables<\/strong> et 1 entr\u00e9e auxiliaire. Elle peut \u00eatre programm\u00e9 pour balayer <strong>32 \u00e9tapes<\/strong> dans le temps pour chacun des 8 cycles m\u00e9morisables.<\/p>\n<p>Elle est simple \u00e0 programmer gr\u00e2ce au grand <strong>\u00e9cran LCD<\/strong> et au clavier \u00e0 membrane.<\/p>\n<p>Log\u00e9 dans un conteneur modulaire confortable selon les normes DIN, il offre un h\u00e9bergement facile dans tous les tableaux du march\u00e9.<\/p>\n<p>Elle a \u00e9t\u00e9 con\u00e7ue conform\u00e9ment \u00e0 toutes les r\u00e9glementations en mati\u00e8re de s\u00e9curit\u00e9 \u00e9lectrique et de compatibilit\u00e9 \u00e9lectromagn\u00e9tique.<\/p>\n<p>&nbsp;<\/p>\n<h3>\u00a0Donn\u00e9es techniques<\/h3>\n<div style=\"overflow-x: auto;\">\n<table width=\"80%\">\n<tbody>\n<tr>\n<td width=\"20%\"><strong>\u00a0<\/strong><\/td>\n<td class=\"thHorz\" width=\"79%\">Multiple Analog Station<\/td>\n<\/tr>\n<tr>\n<td class=\"thVert\" width=\"20%\">Code<\/td>\n<td width=\"79%\">MAS8<\/td>\n<\/tr>\n<tr>\n<td class=\"thVert\" width=\"20%\">Alimentation<\/td>\n<td width=\"79%\">230 Vca<\/td>\n<\/tr>\n<tr>\n<td class=\"thVert\" width=\"20%\">Puissance absorb\u00e9e<\/td>\n<td width=\"79%\">4 VA<\/td>\n<\/tr>\n<tr>\n<td class=\"thVert\" width=\"20%\">Sorties<\/td>\n<td width=\"79%\">8 contacts N.O.<\/td>\n<\/tr>\n<tr>\n<td class=\"thVert\" width=\"20%\">Tension de sortie<\/td>\n<td width=\"79%\">10 Vca\/cc max<\/td>\n<\/tr>\n<tr>\n<td class=\"thVert\" width=\"20%\">Courant pour chaque sortie<\/td>\n<td width=\"79%\">5 mA max<\/td>\n<\/tr>\n<tr>\n<td class=\"thVert\" width=\"20%\">Entr\u00e9es auxiliaires<\/td>\n<td width=\"79%\">3<\/td>\n<\/tr>\n<tr>\n<td class=\"thVert\" width=\"20%\">Dimensions<\/td>\n<td width=\"79%\">158 x 90 x 68 mm<\/td>\n<\/tr>\n<\/tbody>\n<\/table>\n<\/div>\n","protected":false},"excerpt":{"rendered":"<p>[vc_row][vc_column][vc_empty_space height=\u00a0\u00bb50&Prime; height_mobile=\u00a0\u00bb150&Prime;][vc_column_text spacing_heading=\u00a0\u00bb\u00a0\u00bb spacing_heading_tab=\u00a0\u00bb\u00a0\u00bb spacing_heading_mobile=\u00a0\u00bb\u00a0\u00bb] Multiple Analog Station MAS8 pour fontaines L&rsquo;unit\u00e9 de contr\u00f4le Multiple Analog Station\u00a0MAS8 a \u00e9t\u00e9 sp\u00e9cifiquement d\u00e9velopp\u00e9e pour offrir un syst\u00e8me simple, fiable et sophistiqu\u00e9 pour animer tous les types de fontaines avec des effets d&rsquo;eau et de lumi\u00e8re. Elle est \u00e9quip\u00e9 de 8 sorties analogiques (contacts normalement ouverts) pour [&hellip;]<\/p>\n","protected":false},"featured_media":3271,"template":"","meta":[],"product_brand":[],"product_cat":[316],"product_tag":[],"class_list":{"0":"post-3270","1":"product","2":"type-product","3":"status-publish","4":"has-post-thumbnail","6":"product_cat-systemes-de-controle-fontaines-dynamiques-musicales","8":"first","9":"instock","10":"shipping-taxable","11":"product-type-simple"},"yoast_head":"<!-- This site is optimized with the Yoast SEO plugin v26.7 - https:\/\/yoast.com\/wordpress\/plugins\/seo\/ -->\n<title>Unit\u00e9 de contr\u00f4le\u00a0MAS8 pour fontaines - Cascade<\/title>\n<meta name=\"description\" content=\"La MAS8 a \u00e9t\u00e9 sp\u00e9cifiquement d\u00e9velopp\u00e9e pour offrir un syst\u00e8me simple, fiable et sophistiqu\u00e9 pour animer tous les types de fontaines.\" \/>\n<meta name=\"robots\" content=\"index, follow, max-snippet:-1, max-image-preview:large, max-video-preview:-1\" \/>\n<link rel=\"canonical\" href=\"https:\/\/www.cascade.it\/fr\/prodotto\/multiple-analog-station-mas8\/\" \/>\n<meta property=\"og:locale\" content=\"fr_FR\" \/>\n<meta property=\"og:type\" content=\"article\" \/>\n<meta property=\"og:title\" content=\"Unit\u00e9 de contr\u00f4le\u00a0MAS8 pour fontaines - Cascade\" \/>\n<meta property=\"og:description\" content=\"La MAS8 a \u00e9t\u00e9 sp\u00e9cifiquement d\u00e9velopp\u00e9e pour offrir un syst\u00e8me simple, fiable et sophistiqu\u00e9 pour animer tous les types de fontaines.\" \/>\n<meta property=\"og:url\" content=\"https:\/\/www.cascade.it\/fr\/prodotto\/multiple-analog-station-mas8\/\" \/>\n<meta property=\"og:site_name\" content=\"Cascade\" \/>\n<meta property=\"article:modified_time\" content=\"2020-07-20T12:35:58+00:00\" \/>\n<meta property=\"og:image\" content=\"https:\/\/www.cascade.it\/new\/wp-content\/uploads\/Prodotti\/Sistemi_elettronici_di_controllo_per_fontane\/Sistema_di_controllo_scenografie_dinamiche_e_musicali\/MULTIPLE-ANALOGICAL-STATION-MAS8.jpg\" \/>\n\t<meta property=\"og:image:width\" content=\"1300\" \/>\n\t<meta property=\"og:image:height\" content=\"1300\" \/>\n\t<meta property=\"og:image:type\" content=\"image\/jpeg\" \/>\n<meta name=\"twitter:card\" content=\"summary_large_image\" \/>\n<meta name=\"twitter:label1\" content=\"Dur\u00e9e de lecture estim\u00e9e\" \/>\n\t<meta name=\"twitter:data1\" content=\"1 minute\" \/>\n<!-- \/ Yoast SEO plugin. -->","yoast_head_json":{"title":"Unit\u00e9 de contr\u00f4le\u00a0MAS8 pour fontaines - Cascade","description":"La MAS8 a \u00e9t\u00e9 sp\u00e9cifiquement d\u00e9velopp\u00e9e pour offrir un syst\u00e8me simple, fiable et sophistiqu\u00e9 pour animer tous les types de fontaines.","robots":{"index":"index","follow":"follow","max-snippet":"max-snippet:-1","max-image-preview":"max-image-preview:large","max-video-preview":"max-video-preview:-1"},"canonical":"https:\/\/www.cascade.it\/fr\/prodotto\/multiple-analog-station-mas8\/","og_locale":"fr_FR","og_type":"article","og_title":"Unit\u00e9 de contr\u00f4le\u00a0MAS8 pour fontaines - Cascade","og_description":"La MAS8 a \u00e9t\u00e9 sp\u00e9cifiquement d\u00e9velopp\u00e9e pour offrir un syst\u00e8me simple, fiable et sophistiqu\u00e9 pour animer tous les types de fontaines.","og_url":"https:\/\/www.cascade.it\/fr\/prodotto\/multiple-analog-station-mas8\/","og_site_name":"Cascade","article_modified_time":"2020-07-20T12:35:58+00:00","og_image":[{"width":1300,"height":1300,"url":"https:\/\/www.cascade.it\/new\/wp-content\/uploads\/Prodotti\/Sistemi_elettronici_di_controllo_per_fontane\/Sistema_di_controllo_scenografie_dinamiche_e_musicali\/MULTIPLE-ANALOGICAL-STATION-MAS8.jpg","type":"image\/jpeg"}],"twitter_card":"summary_large_image","twitter_misc":{"Dur\u00e9e de lecture estim\u00e9e":"1 minute"},"schema":{"@context":"https:\/\/schema.org","@graph":[{"@type":"WebPage","@id":"https:\/\/www.cascade.it\/fr\/prodotto\/multiple-analog-station-mas8\/","url":"https:\/\/www.cascade.it\/fr\/prodotto\/multiple-analog-station-mas8\/","name":"Unit\u00e9 de contr\u00f4le\u00a0MAS8 pour fontaines - Cascade","isPartOf":{"@id":"https:\/\/www.cascade.it\/fr\/#website"},"primaryImageOfPage":{"@id":"https:\/\/www.cascade.it\/fr\/prodotto\/multiple-analog-station-mas8\/#primaryimage"},"image":{"@id":"https:\/\/www.cascade.it\/fr\/prodotto\/multiple-analog-station-mas8\/#primaryimage"},"thumbnailUrl":"https:\/\/www.cascade.it\/new\/wp-content\/uploads\/Prodotti\/Sistemi_elettronici_di_controllo_per_fontane\/Sistema_di_controllo_scenografie_dinamiche_e_musicali\/MULTIPLE-ANALOGICAL-STATION-MAS8.jpg","datePublished":"2019-02-27T08:50:21+00:00","dateModified":"2020-07-20T12:35:58+00:00","description":"La MAS8 a \u00e9t\u00e9 sp\u00e9cifiquement d\u00e9velopp\u00e9e pour offrir un syst\u00e8me simple, fiable et sophistiqu\u00e9 pour animer tous les types de fontaines.","breadcrumb":{"@id":"https:\/\/www.cascade.it\/fr\/prodotto\/multiple-analog-station-mas8\/#breadcrumb"},"inLanguage":"fr-FR","potentialAction":[{"@type":"ReadAction","target":["https:\/\/www.cascade.it\/fr\/prodotto\/multiple-analog-station-mas8\/"]}]},{"@type":"ImageObject","inLanguage":"fr-FR","@id":"https:\/\/www.cascade.it\/fr\/prodotto\/multiple-analog-station-mas8\/#primaryimage","url":"https:\/\/www.cascade.it\/new\/wp-content\/uploads\/Prodotti\/Sistemi_elettronici_di_controllo_per_fontane\/Sistema_di_controllo_scenografie_dinamiche_e_musicali\/MULTIPLE-ANALOGICAL-STATION-MAS8.jpg","contentUrl":"https:\/\/www.cascade.it\/new\/wp-content\/uploads\/Prodotti\/Sistemi_elettronici_di_controllo_per_fontane\/Sistema_di_controllo_scenografie_dinamiche_e_musicali\/MULTIPLE-ANALOGICAL-STATION-MAS8.jpg","width":1300,"height":1300},{"@type":"BreadcrumbList","@id":"https:\/\/www.cascade.it\/fr\/prodotto\/multiple-analog-station-mas8\/#breadcrumb","itemListElement":[{"@type":"ListItem","position":1,"name":"Home","item":"https:\/\/www.cascade.it\/fr\/"},{"@type":"ListItem","position":2,"name":"Boutique","item":"https:\/\/www.cascade.it\/fr\/boutique\/"},{"@type":"ListItem","position":3,"name":"Multiple Analog Station MAS8"}]},{"@type":"WebSite","@id":"https:\/\/www.cascade.it\/fr\/#website","url":"https:\/\/www.cascade.it\/fr\/","name":"Cascade","description":"More than a fountain","potentialAction":[{"@type":"SearchAction","target":{"@type":"EntryPoint","urlTemplate":"https:\/\/www.cascade.it\/fr\/?s={search_term_string}"},"query-input":{"@type":"PropertyValueSpecification","valueRequired":true,"valueName":"search_term_string"}}],"inLanguage":"fr-FR"}]}},"_links":{"self":[{"href":"https:\/\/www.cascade.it\/fr\/wp-json\/wp\/v2\/product\/3270","targetHints":{"allow":["GET"]}}],"collection":[{"href":"https:\/\/www.cascade.it\/fr\/wp-json\/wp\/v2\/product"}],"about":[{"href":"https:\/\/www.cascade.it\/fr\/wp-json\/wp\/v2\/types\/product"}],"wp:featuredmedia":[{"embeddable":true,"href":"https:\/\/www.cascade.it\/fr\/wp-json\/wp\/v2\/media\/3271"}],"wp:attachment":[{"href":"https:\/\/www.cascade.it\/fr\/wp-json\/wp\/v2\/media?parent=3270"}],"wp:term":[{"taxonomy":"product_brand","embeddable":true,"href":"https:\/\/www.cascade.it\/fr\/wp-json\/wp\/v2\/product_brand?post=3270"},{"taxonomy":"product_cat","embeddable":true,"href":"https:\/\/www.cascade.it\/fr\/wp-json\/wp\/v2\/product_cat?post=3270"},{"taxonomy":"product_tag","embeddable":true,"href":"https:\/\/www.cascade.it\/fr\/wp-json\/wp\/v2\/product_tag?post=3270"}],"curies":[{"name":"wp","href":"https:\/\/api.w.org\/{rel}","templated":true}]}}