{"id":3266,"date":"2019-02-27T09:49:04","date_gmt":"2019-02-27T08:49:04","guid":{"rendered":"https:\/\/www.cascade.it\/new\/prodotto\/dmx-splitter-16ch\/"},"modified":"2023-01-13T14:28:06","modified_gmt":"2023-01-13T13:28:06","slug":"dmx-splitter-16ch","status":"publish","type":"product","link":"https:\/\/www.cascade.it\/fr\/prodotto\/dmx-splitter-16ch\/","title":{"rendered":"DMX Splitter 16CH"},"content":{"rendered":"<p>[vc_row][vc_column][vc_empty_space height=\u00a0\u00bb50&Prime; height_mobile=\u00a0\u00bb150&Prime;][vc_column_text spacing_heading=\u00a0\u00bb\u00a0\u00bb spacing_heading_tab=\u00a0\u00bb\u00a0\u00bb spacing_heading_mobile=\u00a0\u00bb\u00a0\u00bb]<\/p>\n<div class=\"carousel-slider-outer carousel-slider-outer-image-carousel carousel-slider-outer-1364\" style=\"--carousel-slider-nav-color:#f1f1f1;--carousel-slider-active-nav-color:#00d1b2;--carousel-slider-arrow-size:48px;--carousel-slider-bullet-size:10px\">\n<div id=\"&#039;id-1364\" class=\"carousel-slider carousel-slider-1364 arrows-visibility-hover dots-visibility-never arrows-outside dots-center dots-square owl-carousel\" data-slide-type=\"image-carousel\" data-owl-settings='{\"nav\":true,\"dots\":false,\"slideBy\":1,\"stagePadding\":0,\"margin\":10,\"loop\":true,\"lazyLoad\":true,\"autoplay\":true,\"autoplayTimeout\":5000,\"autoplaySpeed\":500,\"autoplayHoverPause\":true,\"autoWidth\":false,\"responsive\":{\"300\":{\"items\":1},\"576\":{\"items\":2},\"768\":{\"items\":2},\"1024\":{\"items\":2},\"1280\":{\"items\":2},\"1536\":{\"items\":2}}}'>\n<div class=\"carousel-slider__item\">\n\t<img class=\"owl-lazy\" data-src=\"https:\/\/www.cascade.it\/new\/wp-content\/uploads\/2019\/07\/DMX-SPLITTER-16CH-1.jpg\" alt=\"\"><\/a><\/div>\n\n<div class=\"carousel-slider__item\">\n\t<img class=\"owl-lazy\" data-src=\"https:\/\/www.cascade.it\/new\/wp-content\/uploads\/2019\/12\/DMX-Splitter-16CH.jpg\" alt=\"\"><\/a><\/div>\n\n<\/div><!-- .carousel-slider-1364 -->\n<\/div><!-- .carousel-slider-outer-1364 -->\n\n<h1><span style=\"color: #1e73be;\">DMX Splitter 16CH<\/span><\/h1>\n<p>Le <strong>DMX\u00a0Splitter 16CH<\/strong> permet de reproduire sur <strong>16 sorties<\/strong> le signal DMX re\u00e7u en entr\u00e9e, inchang\u00e9 et identique pour toutes les sorties. Cela permet de connecter sur le m\u00eame r\u00e9seau DMX un plus grand nombre des 32 appareils DMX standard autoris\u00e9s comme limite maximale par le protocole. En fait, gr\u00e2ce au DMX Splitter 16CH, un maximum de 31 autres appareils DMX standard peuvent \u00eatre connect\u00e9s \u00e0 chacune des 16 sorties.<\/p>\n<p>Un seul Splitter DMX 16CH vous permet d&rsquo;<strong>\u00e9tendre le r\u00e9seau DMX<\/strong> d&rsquo;autres 16&#215;31 appareils DMX standard, pour un total de 496 utilisateurs standard suppl\u00e9mentaires.<\/p>\n<p>Gr\u00e2ce aux <strong>16 sorties opto-isol\u00e9es par deux<\/strong>, le DMX Splitter 16CH garantit une <strong>grande fiabilit\u00e9<\/strong> dans la <strong>transmission du signal DMX<\/strong> de sortie, introduisant un <strong>niveau suppl\u00e9mentaire de protection<\/strong> des utilisateurs contre les perturbations qui pourraient autrement se propager sur l&rsquo;ensemble du r\u00e9seau DMX.<\/p>\n<p>L&rsquo;appareil est livr\u00e9 complet avec un conteneur \u00e9quip\u00e9 d&rsquo;une fixation sur rail DIN.<\/p>\n<p>&nbsp;<\/p>\n<h3>Donn\u00e9es techniques<\/h3>\n<div style=\"overflow-x: auto;\">\n<table width=\"80%\">\n<tbody>\n<tr>\n<td width=\"20%\"><strong>\u00a0<\/strong><\/td>\n<td class=\"thHorz\" width=\"79%\">DMX Splitter 16 CH<\/td>\n<\/tr>\n<tr>\n<td class=\"thVert\" width=\"20%\">Code<\/td>\n<td width=\"79%\">DMXS16<\/td>\n<\/tr>\n<tr>\n<td class=\"thVert\" width=\"20%\">Alimentation<\/td>\n<td width=\"79%\">24 Vcc<\/td>\n<\/tr>\n<tr>\n<td class=\"thVert\" width=\"20%\">Puissance absorb\u00e9e<\/td>\n<td width=\"79%\">6 VA<\/td>\n<\/tr>\n<tr>\n<td class=\"thVert\" width=\"20%\">DMX in<\/td>\n<td width=\"79%\">1<\/td>\n<\/tr>\n<tr>\n<td class=\"thVert\" width=\"20%\">DMX through<\/td>\n<td width=\"79%\">1<\/td>\n<\/tr>\n<tr>\n<td class=\"thVert\" width=\"20%\">DMX out<\/td>\n<td width=\"79%\">16<\/td>\n<\/tr>\n<tr>\n<td class=\"thVert\" width=\"20%\">Dimensions<\/td>\n<td width=\"79%\">150 x 95 x 125 mm<\/td>\n<\/tr>\n<\/tbody>\n<\/table>\n<\/div>\n<p>&nbsp;<\/p>\n<h3>Downloads<\/h3>\n<div class=\"divide-line text-left\"><\/div>\n<div>\n<div style=\"float: left; padding: 5px; text-align: center; width: 150px;\"><a href=\"https:\/\/www.cascade.it\/new\/wp-content\/uploads\/2023\/01\/CASCADE-DMX-Splitter-16CH-FR.pdf\" target=\"_blank\" rel=\"noopener\"><img loading=\"lazy\" decoding=\"async\" class=\"alignnone wp-image-783\" src=\"https:\/\/www.cascade.it\/new\/wp-content\/uploads\/2019\/02\/pdf-icon-png-7.jpg\" alt=\"\" width=\"91\" height=\"91\" srcset=\"https:\/\/www.cascade.it\/new\/wp-content\/uploads\/2019\/02\/pdf-icon-png-7.jpg 254w, https:\/\/www.cascade.it\/new\/wp-content\/uploads\/2019\/02\/pdf-icon-png-7-150x150.jpg 150w, https:\/\/www.cascade.it\/new\/wp-content\/uploads\/2019\/02\/pdf-icon-png-7-100x100.jpg 100w\" sizes=\"auto, (max-width: 91px) 100vw, 91px\" \/><\/a><br \/>\nFiche technique<\/div>\n<\/div>\n","protected":false},"excerpt":{"rendered":"<p>[vc_row][vc_column][vc_empty_space height=\u00a0\u00bb50&Prime; height_mobile=\u00a0\u00bb150&Prime;][vc_column_text spacing_heading=\u00a0\u00bb\u00a0\u00bb spacing_heading_tab=\u00a0\u00bb\u00a0\u00bb spacing_heading_mobile=\u00a0\u00bb\u00a0\u00bb] DMX Splitter 16CH Le DMX\u00a0Splitter 16CH permet de reproduire sur 16 sorties le signal DMX re\u00e7u en entr\u00e9e, inchang\u00e9 et identique pour toutes les sorties. Cela permet de connecter sur le m\u00eame r\u00e9seau DMX un plus grand nombre des 32 appareils DMX standard autoris\u00e9s comme limite maximale par le [&hellip;]<\/p>\n","protected":false},"featured_media":3267,"template":"","meta":[],"product_brand":[],"product_cat":[316],"product_tag":[],"class_list":{"0":"post-3266","1":"product","2":"type-product","3":"status-publish","4":"has-post-thumbnail","6":"product_cat-systemes-de-controle-fontaines-dynamiques-musicales","8":"first","9":"instock","10":"shipping-taxable","11":"product-type-simple"},"yoast_head":"<!-- This site is optimized with the Yoast SEO plugin v26.7 - https:\/\/yoast.com\/wordpress\/plugins\/seo\/ -->\n<title>DMX Splitter 16CH - Cascade<\/title>\n<meta name=\"description\" content=\"Le DMX\u00a0Splitter 16CH permet de reproduire sur 16 sorties le signal DMX re\u00e7u en entr\u00e9e, inchang\u00e9 et identique pour toutes les sorties.\" \/>\n<meta name=\"robots\" content=\"index, follow, max-snippet:-1, max-image-preview:large, max-video-preview:-1\" \/>\n<link rel=\"canonical\" href=\"https:\/\/www.cascade.it\/fr\/prodotto\/dmx-splitter-16ch\/\" \/>\n<meta property=\"og:locale\" content=\"fr_FR\" \/>\n<meta property=\"og:type\" content=\"article\" \/>\n<meta property=\"og:title\" content=\"DMX Splitter 16CH - Cascade\" \/>\n<meta property=\"og:description\" content=\"Le DMX\u00a0Splitter 16CH permet de reproduire sur 16 sorties le signal DMX re\u00e7u en entr\u00e9e, inchang\u00e9 et identique pour toutes les sorties.\" \/>\n<meta property=\"og:url\" content=\"https:\/\/www.cascade.it\/fr\/prodotto\/dmx-splitter-16ch\/\" \/>\n<meta property=\"og:site_name\" content=\"Cascade\" \/>\n<meta property=\"article:modified_time\" content=\"2023-01-13T13:28:06+00:00\" \/>\n<meta property=\"og:image\" content=\"https:\/\/www.cascade.it\/new\/wp-content\/uploads\/Prodotti\/Sistemi_elettronici_di_controllo_per_fontane\/Sistema_di_controllo_scenografie_dinamiche_e_musicali\/DMX-SPLITTER-16CH.jpg\" \/>\n\t<meta property=\"og:image:width\" content=\"1300\" \/>\n\t<meta property=\"og:image:height\" content=\"1300\" \/>\n\t<meta property=\"og:image:type\" content=\"image\/jpeg\" \/>\n<meta name=\"twitter:card\" content=\"summary_large_image\" \/>\n<meta name=\"twitter:label1\" content=\"Dur\u00e9e de lecture estim\u00e9e\" \/>\n\t<meta name=\"twitter:data1\" content=\"2 minutes\" \/>\n<!-- \/ Yoast SEO plugin. -->","yoast_head_json":{"title":"DMX Splitter 16CH - Cascade","description":"Le DMX\u00a0Splitter 16CH permet de reproduire sur 16 sorties le signal DMX re\u00e7u en entr\u00e9e, inchang\u00e9 et identique pour toutes les sorties.","robots":{"index":"index","follow":"follow","max-snippet":"max-snippet:-1","max-image-preview":"max-image-preview:large","max-video-preview":"max-video-preview:-1"},"canonical":"https:\/\/www.cascade.it\/fr\/prodotto\/dmx-splitter-16ch\/","og_locale":"fr_FR","og_type":"article","og_title":"DMX Splitter 16CH - Cascade","og_description":"Le DMX\u00a0Splitter 16CH permet de reproduire sur 16 sorties le signal DMX re\u00e7u en entr\u00e9e, inchang\u00e9 et identique pour toutes les sorties.","og_url":"https:\/\/www.cascade.it\/fr\/prodotto\/dmx-splitter-16ch\/","og_site_name":"Cascade","article_modified_time":"2023-01-13T13:28:06+00:00","og_image":[{"width":1300,"height":1300,"url":"https:\/\/www.cascade.it\/new\/wp-content\/uploads\/Prodotti\/Sistemi_elettronici_di_controllo_per_fontane\/Sistema_di_controllo_scenografie_dinamiche_e_musicali\/DMX-SPLITTER-16CH.jpg","type":"image\/jpeg"}],"twitter_card":"summary_large_image","twitter_misc":{"Dur\u00e9e de lecture estim\u00e9e":"2 minutes"},"schema":{"@context":"https:\/\/schema.org","@graph":[{"@type":"WebPage","@id":"https:\/\/www.cascade.it\/fr\/prodotto\/dmx-splitter-16ch\/","url":"https:\/\/www.cascade.it\/fr\/prodotto\/dmx-splitter-16ch\/","name":"DMX Splitter 16CH - Cascade","isPartOf":{"@id":"https:\/\/www.cascade.it\/fr\/#website"},"primaryImageOfPage":{"@id":"https:\/\/www.cascade.it\/fr\/prodotto\/dmx-splitter-16ch\/#primaryimage"},"image":{"@id":"https:\/\/www.cascade.it\/fr\/prodotto\/dmx-splitter-16ch\/#primaryimage"},"thumbnailUrl":"https:\/\/www.cascade.it\/new\/wp-content\/uploads\/Prodotti\/Sistemi_elettronici_di_controllo_per_fontane\/Sistema_di_controllo_scenografie_dinamiche_e_musicali\/DMX-SPLITTER-16CH.jpg","datePublished":"2019-02-27T08:49:04+00:00","dateModified":"2023-01-13T13:28:06+00:00","description":"Le DMX\u00a0Splitter 16CH permet de reproduire sur 16 sorties le signal DMX re\u00e7u en entr\u00e9e, inchang\u00e9 et identique pour toutes les sorties.","breadcrumb":{"@id":"https:\/\/www.cascade.it\/fr\/prodotto\/dmx-splitter-16ch\/#breadcrumb"},"inLanguage":"fr-FR","potentialAction":[{"@type":"ReadAction","target":["https:\/\/www.cascade.it\/fr\/prodotto\/dmx-splitter-16ch\/"]}]},{"@type":"ImageObject","inLanguage":"fr-FR","@id":"https:\/\/www.cascade.it\/fr\/prodotto\/dmx-splitter-16ch\/#primaryimage","url":"https:\/\/www.cascade.it\/new\/wp-content\/uploads\/Prodotti\/Sistemi_elettronici_di_controllo_per_fontane\/Sistema_di_controllo_scenografie_dinamiche_e_musicali\/DMX-SPLITTER-16CH.jpg","contentUrl":"https:\/\/www.cascade.it\/new\/wp-content\/uploads\/Prodotti\/Sistemi_elettronici_di_controllo_per_fontane\/Sistema_di_controllo_scenografie_dinamiche_e_musicali\/DMX-SPLITTER-16CH.jpg","width":1300,"height":1300},{"@type":"BreadcrumbList","@id":"https:\/\/www.cascade.it\/fr\/prodotto\/dmx-splitter-16ch\/#breadcrumb","itemListElement":[{"@type":"ListItem","position":1,"name":"Home","item":"https:\/\/www.cascade.it\/fr\/"},{"@type":"ListItem","position":2,"name":"Boutique","item":"https:\/\/www.cascade.it\/fr\/boutique\/"},{"@type":"ListItem","position":3,"name":"DMX Splitter 16CH"}]},{"@type":"WebSite","@id":"https:\/\/www.cascade.it\/fr\/#website","url":"https:\/\/www.cascade.it\/fr\/","name":"Cascade","description":"More than a fountain","potentialAction":[{"@type":"SearchAction","target":{"@type":"EntryPoint","urlTemplate":"https:\/\/www.cascade.it\/fr\/?s={search_term_string}"},"query-input":{"@type":"PropertyValueSpecification","valueRequired":true,"valueName":"search_term_string"}}],"inLanguage":"fr-FR"}]}},"_links":{"self":[{"href":"https:\/\/www.cascade.it\/fr\/wp-json\/wp\/v2\/product\/3266","targetHints":{"allow":["GET"]}}],"collection":[{"href":"https:\/\/www.cascade.it\/fr\/wp-json\/wp\/v2\/product"}],"about":[{"href":"https:\/\/www.cascade.it\/fr\/wp-json\/wp\/v2\/types\/product"}],"wp:featuredmedia":[{"embeddable":true,"href":"https:\/\/www.cascade.it\/fr\/wp-json\/wp\/v2\/media\/3267"}],"wp:attachment":[{"href":"https:\/\/www.cascade.it\/fr\/wp-json\/wp\/v2\/media?parent=3266"}],"wp:term":[{"taxonomy":"product_brand","embeddable":true,"href":"https:\/\/www.cascade.it\/fr\/wp-json\/wp\/v2\/product_brand?post=3266"},{"taxonomy":"product_cat","embeddable":true,"href":"https:\/\/www.cascade.it\/fr\/wp-json\/wp\/v2\/product_cat?post=3266"},{"taxonomy":"product_tag","embeddable":true,"href":"https:\/\/www.cascade.it\/fr\/wp-json\/wp\/v2\/product_tag?post=3266"}],"curies":[{"name":"wp","href":"https:\/\/api.w.org\/{rel}","templated":true}]}}