{"id":3262,"date":"2019-02-27T09:47:55","date_gmt":"2019-02-27T08:47:55","guid":{"rendered":"https:\/\/www.cascade.it\/new\/prodotto\/dmx-real-time\/"},"modified":"2020-07-20T12:56:15","modified_gmt":"2020-07-20T10:56:15","slug":"dmx-real-time","status":"publish","type":"product","link":"https:\/\/www.cascade.it\/fr\/prodotto\/dmx-real-time\/","title":{"rendered":"DMX Real Time"},"content":{"rendered":"<p>[vc_row][vc_column][vc_empty_space height=\u00a0\u00bb50&Prime; height_mobile=\u00a0\u00bb150&Prime;][vc_column_text spacing_heading=\u00a0\u00bb\u00a0\u00bb spacing_heading_tab=\u00a0\u00bb\u00a0\u00bb spacing_heading_mobile=\u00a0\u00bb\u00a0\u00bb]<\/p>\n<div class=\"carousel-slider-outer carousel-slider-outer-image-carousel carousel-slider-outer-1361\" style=\"--carousel-slider-nav-color:#f1f1f1;--carousel-slider-active-nav-color:#00d1b2;--carousel-slider-arrow-size:48px;--carousel-slider-bullet-size:10px\">\n<div id=\"&#039;id-1361\" class=\"carousel-slider carousel-slider-1361 arrows-visibility-hover dots-visibility-never arrows-outside dots-center dots-square owl-carousel\" data-slide-type=\"image-carousel\" data-owl-settings='{\"nav\":true,\"dots\":false,\"slideBy\":1,\"stagePadding\":0,\"margin\":10,\"loop\":true,\"lazyLoad\":true,\"autoplay\":true,\"autoplayTimeout\":5000,\"autoplaySpeed\":500,\"autoplayHoverPause\":true,\"autoWidth\":false,\"responsive\":{\"300\":{\"items\":1},\"576\":{\"items\":2},\"768\":{\"items\":2},\"1024\":{\"items\":2},\"1280\":{\"items\":2},\"1536\":{\"items\":2}}}'>\n<div class=\"carousel-slider__item\">\n\t<img class=\"owl-lazy\" data-src=\"https:\/\/www.cascade.it\/new\/wp-content\/uploads\/2019\/07\/DMX-REAL-TIME.jpg\" alt=\"\"><\/a><\/div>\n\n<div class=\"carousel-slider__item\">\n\t<img class=\"owl-lazy\" data-src=\"https:\/\/www.cascade.it\/new\/wp-content\/uploads\/2019\/07\/DMX-Real-Time.jpg\" alt=\"\"><\/a><\/div>\n\n<\/div><!-- .carousel-slider-1361 -->\n<\/div><!-- .carousel-slider-outer-1361 -->\n\n<h1><span style=\"color: #1e73be;\">DMX Real Time pour fontaines musicales<\/span><\/h1>\n<p>Le <strong>DMX Real Time<\/strong> est con\u00e7u pour synchroniser le contr\u00f4le de l&rsquo;\u00e9clairage, des pompes submersibles ou des variateurs de fr\u00e9quence avec <strong>tout morceau de musique non programm\u00e9 \u00e0 l&rsquo;avance<\/strong> dans les <a href=\"https:\/\/www.cascade.it\/fr\/prodotto\/fontaines-musicales-et-dynamiques\/\"><span style=\"text-decoration: underline;\"><strong>fontaines musicales<\/strong><\/span><\/a>.<\/p>\n<p>Ce dispositif de contr\u00f4le avanc\u00e9 fonctionne comme un <strong>contr\u00f4leur DMX<\/strong> qui, <strong>en temps r\u00e9el<\/strong>, traduit le <strong>signal audio<\/strong> du morceau de musique choisi <strong>en une s\u00e9quence DMX de contr\u00f4le sc\u00e9nographique<\/strong> de la fontaine, sans avoir besoin d&rsquo;une programmation manuelle des effets.<\/p>\n<p>L&rsquo;appareil est log\u00e9 dans un conteneur d&rsquo;une largeur de 6 modules DIN standard et \u00e9quip\u00e9 d&rsquo;un <strong>\u00e9cran LCD<\/strong> couleur. Cela vous permet de programmer et de contr\u00f4ler le fonctionnement de l&rsquo;appareil de mani\u00e8re tr\u00e8s intuitive.<\/p>\n<p>Le DMX Real Time peut \u00eatre contr\u00f4l\u00e9 en DMX ou agir ind\u00e9pendamment via 16 configurations programmables. Ces configurations peuvent modifier les param\u00e8tres de gestion du signal audio.<\/p>\n<p>La connexion USB vous permet de communiquer avec l&rsquo;ordinateur, via un logiciel d\u00e9di\u00e9, pour g\u00e9rer les param\u00e8tres de configuration du p\u00e9riph\u00e9rique sur le syst\u00e8me Microsoft Windows\u00ae.<\/p>\n<p>&nbsp;<\/p>\n<h3>Donn\u00e9es techniques<\/h3>\n<div style=\"overflow-x: auto;\">\n<table width=\"80%\">\n<tbody>\n<tr>\n<td width=\"20%\"><strong>\u00a0<\/strong><\/td>\n<td class=\"thHorz\" width=\"79%\">DMX Real Time<\/td>\n<\/tr>\n<tr>\n<td class=\"thVert\" width=\"20%\">Code<\/td>\n<td width=\"79%\">DMXRT<\/td>\n<\/tr>\n<tr>\n<td class=\"thVert\" width=\"20%\">Alimentation<\/td>\n<td width=\"79%\">12 VDC<\/td>\n<\/tr>\n<tr>\n<td class=\"thVert\" width=\"20%\">DMX in<\/td>\n<td width=\"79%\">1<\/td>\n<\/tr>\n<tr>\n<td class=\"thVert\" width=\"20%\">DMX through<\/td>\n<td width=\"79%\">1<\/td>\n<\/tr>\n<tr>\n<td class=\"thVert\" width=\"20%\">Connecteurs audio \u00e0 bornes<\/td>\n<td width=\"79%\">6: Right (IN, GND, THROUGH) e Left (IN, GND, THROUGH)<\/td>\n<\/tr>\n<tr>\n<td class=\"thVert\" width=\"20%\">Connecteurs audio RCA<\/td>\n<td width=\"79%\">4: Right IN, Right THROUGH, Left IN, Left THROUGH<\/td>\n<\/tr>\n<tr>\n<td class=\"thVert\" width=\"20%\">Dimensions<\/td>\n<td width=\"79%\">105 x 86 x 60 mm<\/td>\n<\/tr>\n<\/tbody>\n<\/table>\n<\/div>\n","protected":false},"excerpt":{"rendered":"<p>[vc_row][vc_column][vc_empty_space height=\u00a0\u00bb50&Prime; height_mobile=\u00a0\u00bb150&Prime;][vc_column_text spacing_heading=\u00a0\u00bb\u00a0\u00bb spacing_heading_tab=\u00a0\u00bb\u00a0\u00bb spacing_heading_mobile=\u00a0\u00bb\u00a0\u00bb] DMX Real Time pour fontaines musicales Le DMX Real Time est con\u00e7u pour synchroniser le contr\u00f4le de l&rsquo;\u00e9clairage, des pompes submersibles ou des variateurs de fr\u00e9quence avec tout morceau de musique non programm\u00e9 \u00e0 l&rsquo;avance dans les fontaines musicales. Ce dispositif de contr\u00f4le avanc\u00e9 fonctionne comme un contr\u00f4leur DMX [&hellip;]<\/p>\n","protected":false},"featured_media":3263,"template":"","meta":[],"product_brand":[],"product_cat":[316],"product_tag":[],"class_list":{"0":"post-3262","1":"product","2":"type-product","3":"status-publish","4":"has-post-thumbnail","6":"product_cat-systemes-de-controle-fontaines-dynamiques-musicales","8":"first","9":"instock","10":"shipping-taxable","11":"product-type-simple"},"yoast_head":"<!-- This site is optimized with the Yoast SEO plugin v26.7 - https:\/\/yoast.com\/wordpress\/plugins\/seo\/ -->\n<title>DMX Real Time pour fontaines musicales - Cascade<\/title>\n<meta name=\"description\" content=\"Le DMX Real Time est con\u00e7u pour synchroniser l&#039;\u00e9clairage et les pompes avec tout morceau de musique non programm\u00e9 \u00e0 l&#039;avance dans les fontaines musicales.\" \/>\n<meta name=\"robots\" content=\"index, follow, max-snippet:-1, max-image-preview:large, max-video-preview:-1\" \/>\n<link rel=\"canonical\" href=\"https:\/\/www.cascade.it\/fr\/prodotto\/dmx-real-time\/\" \/>\n<meta property=\"og:locale\" content=\"fr_FR\" \/>\n<meta property=\"og:type\" content=\"article\" \/>\n<meta property=\"og:title\" content=\"DMX Real Time pour fontaines musicales - Cascade\" \/>\n<meta property=\"og:description\" content=\"Le DMX Real Time est con\u00e7u pour synchroniser l&#039;\u00e9clairage et les pompes avec tout morceau de musique non programm\u00e9 \u00e0 l&#039;avance dans les fontaines musicales.\" \/>\n<meta property=\"og:url\" content=\"https:\/\/www.cascade.it\/fr\/prodotto\/dmx-real-time\/\" \/>\n<meta property=\"og:site_name\" content=\"Cascade\" \/>\n<meta property=\"article:modified_time\" content=\"2020-07-20T10:56:15+00:00\" \/>\n<meta property=\"og:image\" content=\"https:\/\/www.cascade.it\/new\/wp-content\/uploads\/Prodotti\/Sistemi_elettronici_di_controllo_per_fontane\/Sistema_di_controllo_scenografie_dinamiche_e_musicali\/DMX-REAL-TIME.jpg\" \/>\n\t<meta property=\"og:image:width\" content=\"1300\" \/>\n\t<meta property=\"og:image:height\" content=\"1300\" \/>\n\t<meta property=\"og:image:type\" content=\"image\/jpeg\" \/>\n<meta name=\"twitter:card\" content=\"summary_large_image\" \/>\n<meta name=\"twitter:label1\" content=\"Dur\u00e9e de lecture estim\u00e9e\" \/>\n\t<meta name=\"twitter:data1\" content=\"1 minute\" \/>\n<!-- \/ Yoast SEO plugin. -->","yoast_head_json":{"title":"DMX Real Time pour fontaines musicales - Cascade","description":"Le DMX Real Time est con\u00e7u pour synchroniser l'\u00e9clairage et les pompes avec tout morceau de musique non programm\u00e9 \u00e0 l'avance dans les fontaines musicales.","robots":{"index":"index","follow":"follow","max-snippet":"max-snippet:-1","max-image-preview":"max-image-preview:large","max-video-preview":"max-video-preview:-1"},"canonical":"https:\/\/www.cascade.it\/fr\/prodotto\/dmx-real-time\/","og_locale":"fr_FR","og_type":"article","og_title":"DMX Real Time pour fontaines musicales - Cascade","og_description":"Le DMX Real Time est con\u00e7u pour synchroniser l'\u00e9clairage et les pompes avec tout morceau de musique non programm\u00e9 \u00e0 l'avance dans les fontaines musicales.","og_url":"https:\/\/www.cascade.it\/fr\/prodotto\/dmx-real-time\/","og_site_name":"Cascade","article_modified_time":"2020-07-20T10:56:15+00:00","og_image":[{"width":1300,"height":1300,"url":"https:\/\/www.cascade.it\/new\/wp-content\/uploads\/Prodotti\/Sistemi_elettronici_di_controllo_per_fontane\/Sistema_di_controllo_scenografie_dinamiche_e_musicali\/DMX-REAL-TIME.jpg","type":"image\/jpeg"}],"twitter_card":"summary_large_image","twitter_misc":{"Dur\u00e9e de lecture estim\u00e9e":"1 minute"},"schema":{"@context":"https:\/\/schema.org","@graph":[{"@type":"WebPage","@id":"https:\/\/www.cascade.it\/fr\/prodotto\/dmx-real-time\/","url":"https:\/\/www.cascade.it\/fr\/prodotto\/dmx-real-time\/","name":"DMX Real Time pour fontaines musicales - Cascade","isPartOf":{"@id":"https:\/\/www.cascade.it\/fr\/#website"},"primaryImageOfPage":{"@id":"https:\/\/www.cascade.it\/fr\/prodotto\/dmx-real-time\/#primaryimage"},"image":{"@id":"https:\/\/www.cascade.it\/fr\/prodotto\/dmx-real-time\/#primaryimage"},"thumbnailUrl":"https:\/\/www.cascade.it\/new\/wp-content\/uploads\/Prodotti\/Sistemi_elettronici_di_controllo_per_fontane\/Sistema_di_controllo_scenografie_dinamiche_e_musicali\/DMX-REAL-TIME.jpg","datePublished":"2019-02-27T08:47:55+00:00","dateModified":"2020-07-20T10:56:15+00:00","description":"Le DMX Real Time est con\u00e7u pour synchroniser l'\u00e9clairage et les pompes avec tout morceau de musique non programm\u00e9 \u00e0 l'avance dans les fontaines musicales.","breadcrumb":{"@id":"https:\/\/www.cascade.it\/fr\/prodotto\/dmx-real-time\/#breadcrumb"},"inLanguage":"fr-FR","potentialAction":[{"@type":"ReadAction","target":["https:\/\/www.cascade.it\/fr\/prodotto\/dmx-real-time\/"]}]},{"@type":"ImageObject","inLanguage":"fr-FR","@id":"https:\/\/www.cascade.it\/fr\/prodotto\/dmx-real-time\/#primaryimage","url":"https:\/\/www.cascade.it\/new\/wp-content\/uploads\/Prodotti\/Sistemi_elettronici_di_controllo_per_fontane\/Sistema_di_controllo_scenografie_dinamiche_e_musicali\/DMX-REAL-TIME.jpg","contentUrl":"https:\/\/www.cascade.it\/new\/wp-content\/uploads\/Prodotti\/Sistemi_elettronici_di_controllo_per_fontane\/Sistema_di_controllo_scenografie_dinamiche_e_musicali\/DMX-REAL-TIME.jpg","width":1300,"height":1300},{"@type":"BreadcrumbList","@id":"https:\/\/www.cascade.it\/fr\/prodotto\/dmx-real-time\/#breadcrumb","itemListElement":[{"@type":"ListItem","position":1,"name":"Home","item":"https:\/\/www.cascade.it\/fr\/"},{"@type":"ListItem","position":2,"name":"Boutique","item":"https:\/\/www.cascade.it\/fr\/boutique\/"},{"@type":"ListItem","position":3,"name":"DMX Real Time"}]},{"@type":"WebSite","@id":"https:\/\/www.cascade.it\/fr\/#website","url":"https:\/\/www.cascade.it\/fr\/","name":"Cascade","description":"More than a fountain","potentialAction":[{"@type":"SearchAction","target":{"@type":"EntryPoint","urlTemplate":"https:\/\/www.cascade.it\/fr\/?s={search_term_string}"},"query-input":{"@type":"PropertyValueSpecification","valueRequired":true,"valueName":"search_term_string"}}],"inLanguage":"fr-FR"}]}},"_links":{"self":[{"href":"https:\/\/www.cascade.it\/fr\/wp-json\/wp\/v2\/product\/3262","targetHints":{"allow":["GET"]}}],"collection":[{"href":"https:\/\/www.cascade.it\/fr\/wp-json\/wp\/v2\/product"}],"about":[{"href":"https:\/\/www.cascade.it\/fr\/wp-json\/wp\/v2\/types\/product"}],"wp:featuredmedia":[{"embeddable":true,"href":"https:\/\/www.cascade.it\/fr\/wp-json\/wp\/v2\/media\/3263"}],"wp:attachment":[{"href":"https:\/\/www.cascade.it\/fr\/wp-json\/wp\/v2\/media?parent=3262"}],"wp:term":[{"taxonomy":"product_brand","embeddable":true,"href":"https:\/\/www.cascade.it\/fr\/wp-json\/wp\/v2\/product_brand?post=3262"},{"taxonomy":"product_cat","embeddable":true,"href":"https:\/\/www.cascade.it\/fr\/wp-json\/wp\/v2\/product_cat?post=3262"},{"taxonomy":"product_tag","embeddable":true,"href":"https:\/\/www.cascade.it\/fr\/wp-json\/wp\/v2\/product_tag?post=3262"}],"curies":[{"name":"wp","href":"https:\/\/api.w.org\/{rel}","templated":true}]}}