{"id":3258,"date":"2019-02-27T09:46:33","date_gmt":"2019-02-27T08:46:33","guid":{"rendered":"https:\/\/www.cascade.it\/new\/prodotto\/dmx-music-player\/"},"modified":"2020-07-20T12:47:44","modified_gmt":"2020-07-20T10:47:44","slug":"dmx-music-player","status":"publish","type":"product","link":"https:\/\/www.cascade.it\/fr\/prodotto\/dmx-music-player\/","title":{"rendered":"DMX Music Player"},"content":{"rendered":"<p>[vc_row][vc_column][vc_empty_space height=\u00a0\u00bb50&Prime; height_mobile=\u00a0\u00bb150&Prime;][vc_column_text spacing_heading=\u00a0\u00bb\u00a0\u00bb spacing_heading_tab=\u00a0\u00bb\u00a0\u00bb spacing_heading_mobile=\u00a0\u00bb\u00a0\u00bb]<\/p>\n<div class=\"carousel-slider-outer carousel-slider-outer-image-carousel carousel-slider-outer-1358\" style=\"--carousel-slider-nav-color:#f1f1f1;--carousel-slider-active-nav-color:#00d1b2;--carousel-slider-arrow-size:48px;--carousel-slider-bullet-size:10px\">\n<div id=\"&#039;id-1358\" class=\"carousel-slider carousel-slider-1358 arrows-visibility-hover dots-visibility-never arrows-outside dots-center dots-square owl-carousel\" data-slide-type=\"image-carousel\" data-owl-settings='{\"nav\":true,\"dots\":false,\"slideBy\":1,\"stagePadding\":0,\"margin\":10,\"loop\":true,\"lazyLoad\":true,\"autoplay\":true,\"autoplayTimeout\":5000,\"autoplaySpeed\":500,\"autoplayHoverPause\":true,\"autoWidth\":false,\"responsive\":{\"300\":{\"items\":1},\"576\":{\"items\":2},\"768\":{\"items\":2},\"1024\":{\"items\":2},\"1280\":{\"items\":2},\"1536\":{\"items\":2}}}'>\n<div class=\"carousel-slider__item\">\n\t<img class=\"owl-lazy\" data-src=\"https:\/\/www.cascade.it\/new\/wp-content\/uploads\/2019\/07\/DMX-MUSIC-PLAYER.jpg\" alt=\"\"><\/a><\/div>\n\n<div class=\"carousel-slider__item\">\n\t<img class=\"owl-lazy\" data-src=\"https:\/\/www.cascade.it\/new\/wp-content\/uploads\/2019\/12\/DMX-Music-Player.jpg\" alt=\"\"><\/a><\/div>\n\n<\/div><!-- .carousel-slider-1358 -->\n<\/div><!-- .carousel-slider-outer-1358 -->\n\n<h1><span style=\"color: #1e73be;\">DMX Music Player<\/span><\/h1>\n<p>Le lecteur audio <strong>DMX Music Player<\/strong>, g\u00e9r\u00e9 via le protocole DMX, peut \u00eatre contr\u00f4l\u00e9 via n&rsquo;importe quel contr\u00f4leur fonctionnant selon le protocole DMX (voir <a href=\"https:\/\/www.cascade.it\/fr\/prodotto\/dmx-controller-1024\/\"><span style=\"text-decoration: underline;\"><strong>DMX Controller 1024<\/strong><\/span><\/a>). Le lecteur peut \u00eatre g\u00e9r\u00e9 avec d&rsquo;autres appareils DMX, occupant de quatre \u00e0 sept canaux DMX.<\/p>\n<p>Jusqu&rsquo;\u00e0 <strong>85 morceaux<\/strong> au format WAV de n&rsquo;importe quelle longueur peuvent \u00eatre charg\u00e9s sur la carte SD\/MMC, la seule limitation est la capacit\u00e9 de la carte de m\u00e9moire.<\/p>\n<p>Les fonctions Player g\u00e9r\u00e9es via le contr\u00f4le DMX permettent la <strong>s\u00e9lection<\/strong> et la <strong>reproduction<\/strong> d&rsquo;un morceau de musique particulier, la <strong>lecture en boucle<\/strong> d&rsquo;un seul morceau ou d&rsquo;une s\u00e9quence de morceaux, le <strong>contr\u00f4le du volume,<\/strong> des <strong>graves,<\/strong> des <strong>aigus<\/strong> et de la <strong>balance.<\/strong> De plus, le menu de l&rsquo;appareil vous permet d&rsquo;\u00e9tablir le comportement de l&rsquo;appareil en l&rsquo;absence de signal DMX.<\/p>\n<p>L&rsquo;appareil est \u00e9quip\u00e9 d&rsquo;un conteneur pour la fixation sur un rail DIN de 35 mm qui facilite l&rsquo;installation.<\/p>\n<p>&nbsp;<\/p>\n<h3>Donn\u00e9es techniques<\/h3>\n<div style=\"overflow-x: auto;\">\n<table width=\"80%\">\n<tbody>\n<tr>\n<td width=\"20%\"><strong>\u00a0<\/strong><\/td>\n<td class=\"thHorz\" width=\"79%\">DMX Music Player<\/td>\n<\/tr>\n<tr>\n<td class=\"thVert\" width=\"20%\">Code<\/td>\n<td width=\"79%\">DMXMP<\/td>\n<\/tr>\n<tr>\n<td class=\"thVert\" width=\"20%\">Alimentation<\/td>\n<td width=\"79%\">12-24 Vcc<\/td>\n<\/tr>\n<tr>\n<td class=\"thVert\" width=\"20%\">Protoccole de communication<\/td>\n<td width=\"79%\">DMX<\/td>\n<\/tr>\n<tr>\n<td class=\"thVert\" width=\"20%\">Canaux DMX<\/td>\n<td width=\"79%\">4 ou 7<\/td>\n<\/tr>\n<tr>\n<td class=\"thVert\" width=\"20%\">Format audio adapt\u00e9<\/td>\n<td width=\"79%\">.wav<\/td>\n<\/tr>\n<tr>\n<td class=\"thVert\" width=\"20%\">Audio en sortie<\/td>\n<td width=\"79%\">Balanced out, Unbalanced out<\/td>\n<\/tr>\n<tr>\n<td class=\"thVert\" width=\"20%\">Memoire<\/td>\n<td width=\"79%\">SD-SDHC card<\/td>\n<\/tr>\n<tr>\n<td class=\"thVert\" width=\"20%\">Dimensions<\/td>\n<td width=\"79%\">105 x 86 x 60 mm<\/td>\n<\/tr>\n<\/tbody>\n<\/table>\n<\/div>\n","protected":false},"excerpt":{"rendered":"<p>[vc_row][vc_column][vc_empty_space height=\u00a0\u00bb50&Prime; height_mobile=\u00a0\u00bb150&Prime;][vc_column_text spacing_heading=\u00a0\u00bb\u00a0\u00bb spacing_heading_tab=\u00a0\u00bb\u00a0\u00bb spacing_heading_mobile=\u00a0\u00bb\u00a0\u00bb] DMX Music Player Le lecteur audio DMX Music Player, g\u00e9r\u00e9 via le protocole DMX, peut \u00eatre contr\u00f4l\u00e9 via n&rsquo;importe quel contr\u00f4leur fonctionnant selon le protocole DMX (voir DMX Controller 1024). Le lecteur peut \u00eatre g\u00e9r\u00e9 avec d&rsquo;autres appareils DMX, occupant de quatre \u00e0 sept canaux DMX. Jusqu&rsquo;\u00e0 85 morceaux [&hellip;]<\/p>\n","protected":false},"featured_media":3259,"template":"","meta":[],"product_brand":[],"product_cat":[316],"product_tag":[],"class_list":{"0":"post-3258","1":"product","2":"type-product","3":"status-publish","4":"has-post-thumbnail","6":"product_cat-systemes-de-controle-fontaines-dynamiques-musicales","8":"first","9":"instock","10":"shipping-taxable","11":"product-type-simple"},"yoast_head":"<!-- This site is optimized with the Yoast SEO plugin v26.7 - https:\/\/yoast.com\/wordpress\/plugins\/seo\/ -->\n<title>DMX Music Player - Cascade<\/title>\n<meta name=\"description\" content=\"Le lecteur audio DMX Music Player, g\u00e9r\u00e9 via le protocole DMX, peut \u00eatre contr\u00f4l\u00e9 via n&#039;importe quel contr\u00f4leur fonctionnant selon le protocole DMX.\" \/>\n<meta name=\"robots\" content=\"index, follow, max-snippet:-1, max-image-preview:large, max-video-preview:-1\" \/>\n<link rel=\"canonical\" href=\"https:\/\/www.cascade.it\/fr\/prodotto\/dmx-music-player\/\" \/>\n<meta property=\"og:locale\" content=\"fr_FR\" \/>\n<meta property=\"og:type\" content=\"article\" \/>\n<meta property=\"og:title\" content=\"DMX Music Player - Cascade\" \/>\n<meta property=\"og:description\" content=\"Le lecteur audio DMX Music Player, g\u00e9r\u00e9 via le protocole DMX, peut \u00eatre contr\u00f4l\u00e9 via n&#039;importe quel contr\u00f4leur fonctionnant selon le protocole DMX.\" \/>\n<meta property=\"og:url\" content=\"https:\/\/www.cascade.it\/fr\/prodotto\/dmx-music-player\/\" \/>\n<meta property=\"og:site_name\" content=\"Cascade\" \/>\n<meta property=\"article:modified_time\" content=\"2020-07-20T10:47:44+00:00\" \/>\n<meta property=\"og:image\" content=\"https:\/\/www.cascade.it\/new\/wp-content\/uploads\/Prodotti\/Sistemi_elettronici_di_controllo_per_fontane\/Sistema_di_controllo_scenografie_dinamiche_e_musicali\/DMX-MUSIC-PLAYER.jpg\" \/>\n\t<meta property=\"og:image:width\" content=\"1300\" \/>\n\t<meta property=\"og:image:height\" content=\"1300\" \/>\n\t<meta property=\"og:image:type\" content=\"image\/jpeg\" \/>\n<meta name=\"twitter:card\" content=\"summary_large_image\" \/>\n<meta name=\"twitter:label1\" content=\"Dur\u00e9e de lecture estim\u00e9e\" \/>\n\t<meta name=\"twitter:data1\" content=\"1 minute\" \/>\n<!-- \/ Yoast SEO plugin. -->","yoast_head_json":{"title":"DMX Music Player - Cascade","description":"Le lecteur audio DMX Music Player, g\u00e9r\u00e9 via le protocole DMX, peut \u00eatre contr\u00f4l\u00e9 via n'importe quel contr\u00f4leur fonctionnant selon le protocole DMX.","robots":{"index":"index","follow":"follow","max-snippet":"max-snippet:-1","max-image-preview":"max-image-preview:large","max-video-preview":"max-video-preview:-1"},"canonical":"https:\/\/www.cascade.it\/fr\/prodotto\/dmx-music-player\/","og_locale":"fr_FR","og_type":"article","og_title":"DMX Music Player - Cascade","og_description":"Le lecteur audio DMX Music Player, g\u00e9r\u00e9 via le protocole DMX, peut \u00eatre contr\u00f4l\u00e9 via n'importe quel contr\u00f4leur fonctionnant selon le protocole DMX.","og_url":"https:\/\/www.cascade.it\/fr\/prodotto\/dmx-music-player\/","og_site_name":"Cascade","article_modified_time":"2020-07-20T10:47:44+00:00","og_image":[{"width":1300,"height":1300,"url":"https:\/\/www.cascade.it\/new\/wp-content\/uploads\/Prodotti\/Sistemi_elettronici_di_controllo_per_fontane\/Sistema_di_controllo_scenografie_dinamiche_e_musicali\/DMX-MUSIC-PLAYER.jpg","type":"image\/jpeg"}],"twitter_card":"summary_large_image","twitter_misc":{"Dur\u00e9e de lecture estim\u00e9e":"1 minute"},"schema":{"@context":"https:\/\/schema.org","@graph":[{"@type":"WebPage","@id":"https:\/\/www.cascade.it\/fr\/prodotto\/dmx-music-player\/","url":"https:\/\/www.cascade.it\/fr\/prodotto\/dmx-music-player\/","name":"DMX Music Player - Cascade","isPartOf":{"@id":"https:\/\/www.cascade.it\/fr\/#website"},"primaryImageOfPage":{"@id":"https:\/\/www.cascade.it\/fr\/prodotto\/dmx-music-player\/#primaryimage"},"image":{"@id":"https:\/\/www.cascade.it\/fr\/prodotto\/dmx-music-player\/#primaryimage"},"thumbnailUrl":"https:\/\/www.cascade.it\/new\/wp-content\/uploads\/Prodotti\/Sistemi_elettronici_di_controllo_per_fontane\/Sistema_di_controllo_scenografie_dinamiche_e_musicali\/DMX-MUSIC-PLAYER.jpg","datePublished":"2019-02-27T08:46:33+00:00","dateModified":"2020-07-20T10:47:44+00:00","description":"Le lecteur audio DMX Music Player, g\u00e9r\u00e9 via le protocole DMX, peut \u00eatre contr\u00f4l\u00e9 via n'importe quel contr\u00f4leur fonctionnant selon le protocole DMX.","breadcrumb":{"@id":"https:\/\/www.cascade.it\/fr\/prodotto\/dmx-music-player\/#breadcrumb"},"inLanguage":"fr-FR","potentialAction":[{"@type":"ReadAction","target":["https:\/\/www.cascade.it\/fr\/prodotto\/dmx-music-player\/"]}]},{"@type":"ImageObject","inLanguage":"fr-FR","@id":"https:\/\/www.cascade.it\/fr\/prodotto\/dmx-music-player\/#primaryimage","url":"https:\/\/www.cascade.it\/new\/wp-content\/uploads\/Prodotti\/Sistemi_elettronici_di_controllo_per_fontane\/Sistema_di_controllo_scenografie_dinamiche_e_musicali\/DMX-MUSIC-PLAYER.jpg","contentUrl":"https:\/\/www.cascade.it\/new\/wp-content\/uploads\/Prodotti\/Sistemi_elettronici_di_controllo_per_fontane\/Sistema_di_controllo_scenografie_dinamiche_e_musicali\/DMX-MUSIC-PLAYER.jpg","width":1300,"height":1300},{"@type":"BreadcrumbList","@id":"https:\/\/www.cascade.it\/fr\/prodotto\/dmx-music-player\/#breadcrumb","itemListElement":[{"@type":"ListItem","position":1,"name":"Home","item":"https:\/\/www.cascade.it\/fr\/"},{"@type":"ListItem","position":2,"name":"Boutique","item":"https:\/\/www.cascade.it\/fr\/boutique\/"},{"@type":"ListItem","position":3,"name":"DMX Music Player"}]},{"@type":"WebSite","@id":"https:\/\/www.cascade.it\/fr\/#website","url":"https:\/\/www.cascade.it\/fr\/","name":"Cascade","description":"More than a fountain","potentialAction":[{"@type":"SearchAction","target":{"@type":"EntryPoint","urlTemplate":"https:\/\/www.cascade.it\/fr\/?s={search_term_string}"},"query-input":{"@type":"PropertyValueSpecification","valueRequired":true,"valueName":"search_term_string"}}],"inLanguage":"fr-FR"}]}},"_links":{"self":[{"href":"https:\/\/www.cascade.it\/fr\/wp-json\/wp\/v2\/product\/3258","targetHints":{"allow":["GET"]}}],"collection":[{"href":"https:\/\/www.cascade.it\/fr\/wp-json\/wp\/v2\/product"}],"about":[{"href":"https:\/\/www.cascade.it\/fr\/wp-json\/wp\/v2\/types\/product"}],"wp:featuredmedia":[{"embeddable":true,"href":"https:\/\/www.cascade.it\/fr\/wp-json\/wp\/v2\/media\/3259"}],"wp:attachment":[{"href":"https:\/\/www.cascade.it\/fr\/wp-json\/wp\/v2\/media?parent=3258"}],"wp:term":[{"taxonomy":"product_brand","embeddable":true,"href":"https:\/\/www.cascade.it\/fr\/wp-json\/wp\/v2\/product_brand?post=3258"},{"taxonomy":"product_cat","embeddable":true,"href":"https:\/\/www.cascade.it\/fr\/wp-json\/wp\/v2\/product_cat?post=3258"},{"taxonomy":"product_tag","embeddable":true,"href":"https:\/\/www.cascade.it\/fr\/wp-json\/wp\/v2\/product_tag?post=3258"}],"curies":[{"name":"wp","href":"https:\/\/api.w.org\/{rel}","templated":true}]}}