{"id":3254,"date":"2019-02-27T09:44:15","date_gmt":"2019-02-27T08:44:15","guid":{"rendered":"https:\/\/www.cascade.it\/new\/prodotto\/digital-driver-8ch\/"},"modified":"2020-07-20T12:33:19","modified_gmt":"2020-07-20T10:33:19","slug":"digital-driver-8ch","status":"publish","type":"product","link":"https:\/\/www.cascade.it\/fr\/prodotto\/digital-driver-8ch\/","title":{"rendered":"Digital Driver 8CH"},"content":{"rendered":"<p>[vc_row][vc_column][vc_empty_space height=\u00a0\u00bb50&Prime; height_mobile=\u00a0\u00bb120&Prime;][vc_column_text spacing_heading=\u00a0\u00bb\u00a0\u00bb spacing_heading_tab=\u00a0\u00bb\u00a0\u00bb spacing_heading_mobile=\u00a0\u00bb\u00a0\u00bb]<\/p>\n<div class=\"carousel-slider-outer carousel-slider-outer-image-carousel carousel-slider-outer-1347\" style=\"--carousel-slider-nav-color:#f1f1f1;--carousel-slider-active-nav-color:#00d1b2;--carousel-slider-arrow-size:48px;--carousel-slider-bullet-size:10px\">\n<div id=\"&#039;id-1347\" class=\"carousel-slider carousel-slider-1347 arrows-visibility-hover dots-visibility-never arrows-outside dots-center dots-square owl-carousel\" data-slide-type=\"image-carousel\" data-owl-settings='{\"nav\":true,\"dots\":false,\"slideBy\":1,\"stagePadding\":0,\"margin\":10,\"loop\":true,\"lazyLoad\":true,\"autoplay\":true,\"autoplayTimeout\":5000,\"autoplaySpeed\":500,\"autoplayHoverPause\":true,\"autoWidth\":false,\"responsive\":{\"300\":{\"items\":1},\"576\":{\"items\":2},\"768\":{\"items\":2},\"1024\":{\"items\":2},\"1280\":{\"items\":2},\"1536\":{\"items\":2}}}'>\n<div class=\"carousel-slider__item\">\n\t<img class=\"owl-lazy\" data-src=\"https:\/\/www.cascade.it\/new\/wp-content\/uploads\/2019\/07\/DIGITAL-DRIVER-8CH-1.jpg\" alt=\"\"><\/a><\/div>\n\n<div class=\"carousel-slider__item\">\n\t<img class=\"owl-lazy\" data-src=\"https:\/\/www.cascade.it\/new\/wp-content\/uploads\/2019\/07\/Digital-Driver-8CH.jpg\" alt=\"\"><\/a><\/div>\n\n<\/div><!-- .carousel-slider-1347 -->\n<\/div><!-- .carousel-slider-outer-1347 -->\n\n<h1><span style=\"color: #1e73be;\">Digital driver 8CH<\/span><\/h1>\n<p>Le <strong>Digital Driver 8CH<\/strong> est une carte \u00e9lectronique permettant de convertir un maximum de <strong>8 signaux analogiques<\/strong> en autant de <strong>signaux num\u00e9riques<\/strong>, gr\u00e2ce aux 8 sorties \u00e9quip\u00e9es de relais.<\/p>\n<p>Particuli\u00e8rement utile comme interface \u00e0 utiliser avec la <a href=\"https:\/\/www.cascade.it\/fr\/prodotto\/multiple-analog-station-mas8\/\"><span style=\"text-decoration: underline;\"><strong>Multiple Analog Station MAS8<\/strong><\/span><\/a>, dans le cas o\u00f9 certaines de ses 8 sorties doivent \u00eatre utilis\u00e9es en mode num\u00e9rique plut\u00f4t qu&rsquo;en mode analogique.<\/p>\n<p>Elle est dot\u00e9e de:<\/p>\n<ul>\n<li><strong>8 entr\u00e9es de commande analogiques<\/strong> avec tension de 5 \u00e0 10 Vcc;<\/li>\n<li><strong>8 sorties num\u00e9riques<\/strong> avec tension de fonctionnement de 24 \u00e0 230 Vca.<\/li>\n<\/ul>\n<p>Livr\u00e9 avec conteneur pour montage sur rail DIN.<\/p>\n<p>&nbsp;<\/p>\n<h3>Donn\u00e9es techniques<\/h3>\n<div style=\"overflow-x: auto;\">\n<table width=\"80%\">\n<tbody>\n<tr>\n<td width=\"21%\"><strong>\u00a0<\/strong><\/td>\n<td class=\"thHorz\" width=\"78%\">Digital Driver 8 CH<\/td>\n<\/tr>\n<tr>\n<td class=\"thVert\" width=\"21%\">Code<\/td>\n<td width=\"78%\">DD8<\/td>\n<\/tr>\n<tr>\n<td class=\"thVert\" width=\"21%\">Tension de contr\u00f4le pour canal<\/td>\n<td width=\"78%\">5 &#8211; 24 Vcc (10 Vcc typique)<\/td>\n<\/tr>\n<tr>\n<td class=\"thVert\" width=\"21%\">Courant de contr\u00f4le pour canal<\/td>\n<td width=\"78%\">0,5 &#8211; 3,4 mAcc (1,3 mAcc typique)<\/td>\n<\/tr>\n<tr>\n<td class=\"thVert\" width=\"21%\">Tension de travail pour canal<\/td>\n<td width=\"78%\">24 &#8211; 230 Vca<\/td>\n<\/tr>\n<tr>\n<td class=\"thVert\" width=\"21%\">Courant de sortie pour canal<\/td>\n<td width=\"78%\">10 &#8211; 500 mAca<\/td>\n<\/tr>\n<tr>\n<td class=\"thVert\" width=\"21%\">Dimensions<\/td>\n<td width=\"78%\">130 x 93 x 508 mm<\/td>\n<\/tr>\n<\/tbody>\n<\/table>\n<\/div>\n","protected":false},"excerpt":{"rendered":"<p>[vc_row][vc_column][vc_empty_space height=\u00a0\u00bb50&Prime; height_mobile=\u00a0\u00bb120&Prime;][vc_column_text spacing_heading=\u00a0\u00bb\u00a0\u00bb spacing_heading_tab=\u00a0\u00bb\u00a0\u00bb spacing_heading_mobile=\u00a0\u00bb\u00a0\u00bb] Digital driver 8CH Le Digital Driver 8CH est une carte \u00e9lectronique permettant de convertir un maximum de 8 signaux analogiques en autant de signaux num\u00e9riques, gr\u00e2ce aux 8 sorties \u00e9quip\u00e9es de relais. Particuli\u00e8rement utile comme interface \u00e0 utiliser avec la Multiple Analog Station MAS8, dans le cas o\u00f9 certaines [&hellip;]<\/p>\n","protected":false},"featured_media":3255,"template":"","meta":[],"product_brand":[],"product_cat":[316],"product_tag":[],"class_list":{"0":"post-3254","1":"product","2":"type-product","3":"status-publish","4":"has-post-thumbnail","6":"product_cat-systemes-de-controle-fontaines-dynamiques-musicales","8":"first","9":"instock","10":"shipping-taxable","11":"product-type-simple"},"yoast_head":"<!-- This site is optimized with the Yoast SEO plugin v26.7 - https:\/\/yoast.com\/wordpress\/plugins\/seo\/ -->\n<title>Digital Driver 8CH - Cascade<\/title>\n<meta name=\"description\" content=\"Carte \u00e9lectronique permettant de convertir un maximum de 8 signaux analogiques en autant de signaux num\u00e9riques, gr\u00e2ce aux 8 sorties \u00e9quip\u00e9es de relais.\" \/>\n<meta name=\"robots\" content=\"index, follow, max-snippet:-1, max-image-preview:large, max-video-preview:-1\" \/>\n<link rel=\"canonical\" href=\"https:\/\/www.cascade.it\/fr\/prodotto\/digital-driver-8ch\/\" \/>\n<meta property=\"og:locale\" content=\"fr_FR\" \/>\n<meta property=\"og:type\" content=\"article\" \/>\n<meta property=\"og:title\" content=\"Digital Driver 8CH - Cascade\" \/>\n<meta property=\"og:description\" content=\"Carte \u00e9lectronique permettant de convertir un maximum de 8 signaux analogiques en autant de signaux num\u00e9riques, gr\u00e2ce aux 8 sorties \u00e9quip\u00e9es de relais.\" \/>\n<meta property=\"og:url\" content=\"https:\/\/www.cascade.it\/fr\/prodotto\/digital-driver-8ch\/\" \/>\n<meta property=\"og:site_name\" content=\"Cascade\" \/>\n<meta property=\"article:modified_time\" content=\"2020-07-20T10:33:19+00:00\" \/>\n<meta property=\"og:image\" content=\"https:\/\/www.cascade.it\/new\/wp-content\/uploads\/Prodotti\/Sistemi_elettronici_di_controllo_per_fontane\/Sistema_di_controllo_scenografie_dinamiche_e_musicali\/DIGITAL-DRIVER-8CH.jpg\" \/>\n\t<meta property=\"og:image:width\" content=\"1300\" \/>\n\t<meta property=\"og:image:height\" content=\"1300\" \/>\n\t<meta property=\"og:image:type\" content=\"image\/jpeg\" \/>\n<meta name=\"twitter:card\" content=\"summary_large_image\" \/>\n<meta name=\"twitter:label1\" content=\"Dur\u00e9e de lecture estim\u00e9e\" \/>\n\t<meta name=\"twitter:data1\" content=\"1 minute\" \/>\n<!-- \/ Yoast SEO plugin. -->","yoast_head_json":{"title":"Digital Driver 8CH - Cascade","description":"Carte \u00e9lectronique permettant de convertir un maximum de 8 signaux analogiques en autant de signaux num\u00e9riques, gr\u00e2ce aux 8 sorties \u00e9quip\u00e9es de relais.","robots":{"index":"index","follow":"follow","max-snippet":"max-snippet:-1","max-image-preview":"max-image-preview:large","max-video-preview":"max-video-preview:-1"},"canonical":"https:\/\/www.cascade.it\/fr\/prodotto\/digital-driver-8ch\/","og_locale":"fr_FR","og_type":"article","og_title":"Digital Driver 8CH - Cascade","og_description":"Carte \u00e9lectronique permettant de convertir un maximum de 8 signaux analogiques en autant de signaux num\u00e9riques, gr\u00e2ce aux 8 sorties \u00e9quip\u00e9es de relais.","og_url":"https:\/\/www.cascade.it\/fr\/prodotto\/digital-driver-8ch\/","og_site_name":"Cascade","article_modified_time":"2020-07-20T10:33:19+00:00","og_image":[{"width":1300,"height":1300,"url":"https:\/\/www.cascade.it\/new\/wp-content\/uploads\/Prodotti\/Sistemi_elettronici_di_controllo_per_fontane\/Sistema_di_controllo_scenografie_dinamiche_e_musicali\/DIGITAL-DRIVER-8CH.jpg","type":"image\/jpeg"}],"twitter_card":"summary_large_image","twitter_misc":{"Dur\u00e9e de lecture estim\u00e9e":"1 minute"},"schema":{"@context":"https:\/\/schema.org","@graph":[{"@type":"WebPage","@id":"https:\/\/www.cascade.it\/fr\/prodotto\/digital-driver-8ch\/","url":"https:\/\/www.cascade.it\/fr\/prodotto\/digital-driver-8ch\/","name":"Digital Driver 8CH - Cascade","isPartOf":{"@id":"https:\/\/www.cascade.it\/fr\/#website"},"primaryImageOfPage":{"@id":"https:\/\/www.cascade.it\/fr\/prodotto\/digital-driver-8ch\/#primaryimage"},"image":{"@id":"https:\/\/www.cascade.it\/fr\/prodotto\/digital-driver-8ch\/#primaryimage"},"thumbnailUrl":"https:\/\/www.cascade.it\/new\/wp-content\/uploads\/Prodotti\/Sistemi_elettronici_di_controllo_per_fontane\/Sistema_di_controllo_scenografie_dinamiche_e_musicali\/DIGITAL-DRIVER-8CH.jpg","datePublished":"2019-02-27T08:44:15+00:00","dateModified":"2020-07-20T10:33:19+00:00","description":"Carte \u00e9lectronique permettant de convertir un maximum de 8 signaux analogiques en autant de signaux num\u00e9riques, gr\u00e2ce aux 8 sorties \u00e9quip\u00e9es de relais.","breadcrumb":{"@id":"https:\/\/www.cascade.it\/fr\/prodotto\/digital-driver-8ch\/#breadcrumb"},"inLanguage":"fr-FR","potentialAction":[{"@type":"ReadAction","target":["https:\/\/www.cascade.it\/fr\/prodotto\/digital-driver-8ch\/"]}]},{"@type":"ImageObject","inLanguage":"fr-FR","@id":"https:\/\/www.cascade.it\/fr\/prodotto\/digital-driver-8ch\/#primaryimage","url":"https:\/\/www.cascade.it\/new\/wp-content\/uploads\/Prodotti\/Sistemi_elettronici_di_controllo_per_fontane\/Sistema_di_controllo_scenografie_dinamiche_e_musicali\/DIGITAL-DRIVER-8CH.jpg","contentUrl":"https:\/\/www.cascade.it\/new\/wp-content\/uploads\/Prodotti\/Sistemi_elettronici_di_controllo_per_fontane\/Sistema_di_controllo_scenografie_dinamiche_e_musicali\/DIGITAL-DRIVER-8CH.jpg","width":1300,"height":1300},{"@type":"BreadcrumbList","@id":"https:\/\/www.cascade.it\/fr\/prodotto\/digital-driver-8ch\/#breadcrumb","itemListElement":[{"@type":"ListItem","position":1,"name":"Home","item":"https:\/\/www.cascade.it\/fr\/"},{"@type":"ListItem","position":2,"name":"Boutique","item":"https:\/\/www.cascade.it\/fr\/boutique\/"},{"@type":"ListItem","position":3,"name":"Digital Driver 8CH"}]},{"@type":"WebSite","@id":"https:\/\/www.cascade.it\/fr\/#website","url":"https:\/\/www.cascade.it\/fr\/","name":"Cascade","description":"More than a fountain","potentialAction":[{"@type":"SearchAction","target":{"@type":"EntryPoint","urlTemplate":"https:\/\/www.cascade.it\/fr\/?s={search_term_string}"},"query-input":{"@type":"PropertyValueSpecification","valueRequired":true,"valueName":"search_term_string"}}],"inLanguage":"fr-FR"}]}},"_links":{"self":[{"href":"https:\/\/www.cascade.it\/fr\/wp-json\/wp\/v2\/product\/3254","targetHints":{"allow":["GET"]}}],"collection":[{"href":"https:\/\/www.cascade.it\/fr\/wp-json\/wp\/v2\/product"}],"about":[{"href":"https:\/\/www.cascade.it\/fr\/wp-json\/wp\/v2\/types\/product"}],"wp:featuredmedia":[{"embeddable":true,"href":"https:\/\/www.cascade.it\/fr\/wp-json\/wp\/v2\/media\/3255"}],"wp:attachment":[{"href":"https:\/\/www.cascade.it\/fr\/wp-json\/wp\/v2\/media?parent=3254"}],"wp:term":[{"taxonomy":"product_brand","embeddable":true,"href":"https:\/\/www.cascade.it\/fr\/wp-json\/wp\/v2\/product_brand?post=3254"},{"taxonomy":"product_cat","embeddable":true,"href":"https:\/\/www.cascade.it\/fr\/wp-json\/wp\/v2\/product_cat?post=3254"},{"taxonomy":"product_tag","embeddable":true,"href":"https:\/\/www.cascade.it\/fr\/wp-json\/wp\/v2\/product_tag?post=3254"}],"curies":[{"name":"wp","href":"https:\/\/api.w.org\/{rel}","templated":true}]}}