{"id":3250,"date":"2019-02-27T09:45:26","date_gmt":"2019-02-27T08:45:26","guid":{"rendered":"https:\/\/www.cascade.it\/new\/prodotto\/dmx-controller-1024\/"},"modified":"2023-01-20T15:34:48","modified_gmt":"2023-01-20T14:34:48","slug":"dmx-controller-1024","status":"publish","type":"product","link":"https:\/\/www.cascade.it\/fr\/prodotto\/dmx-controller-1024\/","title":{"rendered":"DMX Controller 1024"},"content":{"rendered":"<p>[vc_row][vc_column][vc_empty_space height=\u00a0\u00bb50&Prime; height_mobile=\u00a0\u00bb150&Prime;][vc_column_text spacing_heading=\u00a0\u00bb\u00a0\u00bb spacing_heading_tab=\u00a0\u00bb\u00a0\u00bb spacing_heading_mobile=\u00a0\u00bb\u00a0\u00bb]<\/p>\n<div class=\"carousel-slider-outer carousel-slider-outer-image-carousel carousel-slider-outer-1352\" style=\"--carousel-slider-nav-color:#f1f1f1;--carousel-slider-active-nav-color:#00d1b2;--carousel-slider-arrow-size:48px;--carousel-slider-bullet-size:10px\">\n<div id=\"&#039;id-1352\" class=\"carousel-slider carousel-slider-1352 arrows-visibility-hover dots-visibility-never arrows-outside dots-center dots-square owl-carousel\" data-slide-type=\"image-carousel\" data-owl-settings='{\"nav\":true,\"dots\":false,\"slideBy\":1,\"stagePadding\":0,\"margin\":10,\"loop\":true,\"lazyLoad\":true,\"autoplay\":true,\"autoplayTimeout\":5000,\"autoplaySpeed\":500,\"autoplayHoverPause\":true,\"autoWidth\":false,\"responsive\":{\"300\":{\"items\":1},\"576\":{\"items\":2},\"768\":{\"items\":2},\"1024\":{\"items\":2},\"1280\":{\"items\":3},\"1536\":{\"items\":3}}}'>\n<div class=\"carousel-slider__item\">\n\t<img class=\"owl-lazy\" data-src=\"https:\/\/www.cascade.it\/new\/wp-content\/uploads\/2023\/01\/DMX-Controller-1024.jpg\" alt=\"\"><\/a><\/div>\n\n<div class=\"carousel-slider__item\">\n\t<img class=\"owl-lazy\" data-src=\"https:\/\/www.cascade.it\/new\/wp-content\/uploads\/2019\/12\/4-DMX-Controller-1024.jpg\" alt=\"\"><\/a><\/div>\n\n<div class=\"carousel-slider__item\">\n\t<img class=\"owl-lazy\" data-src=\"https:\/\/www.cascade.it\/new\/wp-content\/uploads\/2019\/10\/5-Fontana-Park-Semedela-1.jpg\" alt=\"\"><\/a><\/div>\n\n<div class=\"carousel-slider__item\">\n\t<img class=\"owl-lazy\" data-src=\"https:\/\/www.cascade.it\/new\/wp-content\/uploads\/2019\/12\/1-DMX-Controller-1024.jpg\" alt=\"\"><\/a><\/div>\n\n<div class=\"carousel-slider__item\">\n\t<img class=\"owl-lazy\" data-src=\"https:\/\/www.cascade.it\/new\/wp-content\/uploads\/2019\/12\/3-DMX-Controller-1024.jpg\" alt=\"\"><\/a><\/div>\n\n<\/div><!-- .carousel-slider-1352 -->\n<\/div><!-- .carousel-slider-outer-1352 -->\n\n<h1><span style=\"color: #1e73be;\">DMX Controller 1024 pour fontaines<\/span><\/h1>\n<p>Le <strong>DMX Controller 1024<\/strong> permet de programmer l&rsquo;ensemble du r\u00e9seau d&rsquo;appareils DMX qui composent m\u00eame <strong>les fontaines les plus complexes<\/strong>.<\/p>\n<p>L&rsquo;appareil permet de g\u00e9rer jusqu&rsquo;\u00e0 <strong>1024 canaux DMX<\/strong> (2 univers), il est \u00e9quip\u00e9 d&rsquo;une <strong>horloge interne et d&rsquo;un calendrier astronomique<\/strong>, d&rsquo;une connexion via <strong>Ethernet<\/strong> et, sur demande, <strong>APP<\/strong> pour controle remote et <strong>Wi-Fi<\/strong>.<\/p>\n<p>Gr\u00e2ce \u00e0 un logiciel d\u00e9di\u00e9, l&rsquo;appareil vous permet de programmer <strong>d&rsquo;incroyables jeux d&rsquo;eau et des lumi\u00e8res pour les fontaines<\/strong>.<\/p>\n<p>Les sc\u00e9nographies programm\u00e9es peuvent \u00eatre synchronis\u00e9es avec la musique en int\u00e9grant le syst\u00e8me avec le <a href=\"https:\/\/www.cascade.it\/fr\/prodotto\/dmx-music-player\/\"><span style=\"text-decoration: underline;\"><strong>DMX Music Player Cascade<\/strong><\/span><\/a>.<\/p>\n<p>&nbsp;<\/p>\n<h3>Donn\u00e9es techniques<\/h3>\n<div style=\"overflow-x: auto;\">\n<table width=\"80%\">\n<tbody>\n<tr>\n<td width=\"20%\"><strong>\u00a0<\/strong><\/td>\n<td class=\"thHorz\" width=\"79%\">DMX Controller 1024<\/td>\n<\/tr>\n<tr>\n<td class=\"thVert\" width=\"20%\">Code<\/td>\n<td width=\"79%\">DMX1024<\/td>\n<\/tr>\n<tr>\n<td class=\"thVert\" width=\"20%\">Alimentation<\/td>\n<td width=\"79%\">5 Vcc &#8211; 0,6 A<\/td>\n<\/tr>\n<tr>\n<td class=\"thVert\" width=\"20%\">Protocole de communication<\/td>\n<td width=\"79%\">DMX\/RDM<\/td>\n<\/tr>\n<tr>\n<td class=\"thVert\" width=\"20%\">Univers DMX<\/td>\n<td width=\"79%\">2 (2 x 512 canaux)<\/td>\n<\/tr>\n<tr>\n<td class=\"thVert\" width=\"20%\">Memoire<\/td>\n<td width=\"79%\">Micro SD Card, 32 GB max<\/td>\n<\/tr>\n<tr>\n<td class=\"thVert\" width=\"20%\">Dimensions<\/td>\n<td width=\"79%\">160 x 90 x 45 mm<\/td>\n<\/tr>\n<\/tbody>\n<\/table>\n<\/div>\n<p>&nbsp;<\/p>\n<h3>Downloads<\/h3>\n<div class=\"divide-line text-left\"><\/div>\n<div>\n<div style=\"float: left; padding: 5px; text-align: center; width: 150px;\"><a href=\"https:\/\/www.cascade.it\/new\/wp-content\/uploads\/2023\/01\/CASCADE-DMX-Controller-1024-FR.pdf\" target=\"_blank\" rel=\"noopener\"><img loading=\"lazy\" decoding=\"async\" class=\"alignnone wp-image-783\" src=\"https:\/\/www.cascade.it\/new\/wp-content\/uploads\/2019\/02\/pdf-icon-png-7.jpg\" alt=\"\" width=\"91\" height=\"91\" srcset=\"https:\/\/www.cascade.it\/new\/wp-content\/uploads\/2019\/02\/pdf-icon-png-7.jpg 254w, https:\/\/www.cascade.it\/new\/wp-content\/uploads\/2019\/02\/pdf-icon-png-7-150x150.jpg 150w, https:\/\/www.cascade.it\/new\/wp-content\/uploads\/2019\/02\/pdf-icon-png-7-100x100.jpg 100w\" sizes=\"auto, (max-width: 91px) 100vw, 91px\" \/><\/a><br \/>\nFiche technique<\/div>\n<div style=\"clear: both;\"><\/div>\n<\/div>\n","protected":false},"excerpt":{"rendered":"<p>[vc_row][vc_column][vc_empty_space height=\u00a0\u00bb50&Prime; height_mobile=\u00a0\u00bb150&Prime;][vc_column_text spacing_heading=\u00a0\u00bb\u00a0\u00bb spacing_heading_tab=\u00a0\u00bb\u00a0\u00bb spacing_heading_mobile=\u00a0\u00bb\u00a0\u00bb] DMX Controller 1024 pour fontaines Le DMX Controller 1024 permet de programmer l&rsquo;ensemble du r\u00e9seau d&rsquo;appareils DMX qui composent m\u00eame les fontaines les plus complexes. L&rsquo;appareil permet de g\u00e9rer jusqu&rsquo;\u00e0 1024 canaux DMX (2 univers), il est \u00e9quip\u00e9 d&rsquo;une horloge interne et d&rsquo;un calendrier astronomique, d&rsquo;une connexion via Ethernet [&hellip;]<\/p>\n","protected":false},"featured_media":11607,"template":"","meta":[],"product_brand":[],"product_cat":[316],"product_tag":[],"class_list":{"0":"post-3250","1":"product","2":"type-product","3":"status-publish","4":"has-post-thumbnail","6":"product_cat-systemes-de-controle-fontaines-dynamiques-musicales","8":"first","9":"instock","10":"shipping-taxable","11":"product-type-simple"},"yoast_head":"<!-- This site is optimized with the Yoast SEO plugin v26.7 - https:\/\/yoast.com\/wordpress\/plugins\/seo\/ -->\n<title>DMX Controller 1024 pour fontaines - Cascade<\/title>\n<meta name=\"description\" content=\"Le DMX Controller 1024 permet de programmer l&#039;ensemble du r\u00e9seau d&#039;appareils DMX qui composent m\u00eame les fontaines les plus complexes.\" \/>\n<meta name=\"robots\" content=\"index, follow, max-snippet:-1, max-image-preview:large, max-video-preview:-1\" \/>\n<link rel=\"canonical\" href=\"https:\/\/www.cascade.it\/fr\/prodotto\/dmx-controller-1024\/\" \/>\n<meta property=\"og:locale\" content=\"fr_FR\" \/>\n<meta property=\"og:type\" content=\"article\" \/>\n<meta property=\"og:title\" content=\"DMX Controller 1024 pour fontaines - Cascade\" \/>\n<meta property=\"og:description\" content=\"Le DMX Controller 1024 permet de programmer l&#039;ensemble du r\u00e9seau d&#039;appareils DMX qui composent m\u00eame les fontaines les plus complexes.\" \/>\n<meta property=\"og:url\" content=\"https:\/\/www.cascade.it\/fr\/prodotto\/dmx-controller-1024\/\" \/>\n<meta property=\"og:site_name\" content=\"Cascade\" \/>\n<meta property=\"article:modified_time\" content=\"2023-01-20T14:34:48+00:00\" \/>\n<meta property=\"og:image\" content=\"https:\/\/www.cascade.it\/new\/wp-content\/uploads\/2023\/01\/DMX-Controller-1024-NEW-noL.jpg\" \/>\n\t<meta property=\"og:image:width\" content=\"400\" \/>\n\t<meta property=\"og:image:height\" content=\"400\" \/>\n\t<meta property=\"og:image:type\" content=\"image\/jpeg\" \/>\n<meta name=\"twitter:card\" content=\"summary_large_image\" \/>\n<meta name=\"twitter:label1\" content=\"Dur\u00e9e de lecture estim\u00e9e\" \/>\n\t<meta name=\"twitter:data1\" content=\"1 minute\" \/>\n<!-- \/ Yoast SEO plugin. -->","yoast_head_json":{"title":"DMX Controller 1024 pour fontaines - Cascade","description":"Le DMX Controller 1024 permet de programmer l'ensemble du r\u00e9seau d'appareils DMX qui composent m\u00eame les fontaines les plus complexes.","robots":{"index":"index","follow":"follow","max-snippet":"max-snippet:-1","max-image-preview":"max-image-preview:large","max-video-preview":"max-video-preview:-1"},"canonical":"https:\/\/www.cascade.it\/fr\/prodotto\/dmx-controller-1024\/","og_locale":"fr_FR","og_type":"article","og_title":"DMX Controller 1024 pour fontaines - Cascade","og_description":"Le DMX Controller 1024 permet de programmer l'ensemble du r\u00e9seau d'appareils DMX qui composent m\u00eame les fontaines les plus complexes.","og_url":"https:\/\/www.cascade.it\/fr\/prodotto\/dmx-controller-1024\/","og_site_name":"Cascade","article_modified_time":"2023-01-20T14:34:48+00:00","og_image":[{"width":400,"height":400,"url":"https:\/\/www.cascade.it\/new\/wp-content\/uploads\/2023\/01\/DMX-Controller-1024-NEW-noL.jpg","type":"image\/jpeg"}],"twitter_card":"summary_large_image","twitter_misc":{"Dur\u00e9e de lecture estim\u00e9e":"1 minute"},"schema":{"@context":"https:\/\/schema.org","@graph":[{"@type":"WebPage","@id":"https:\/\/www.cascade.it\/fr\/prodotto\/dmx-controller-1024\/","url":"https:\/\/www.cascade.it\/fr\/prodotto\/dmx-controller-1024\/","name":"DMX Controller 1024 pour fontaines - Cascade","isPartOf":{"@id":"https:\/\/www.cascade.it\/fr\/#website"},"primaryImageOfPage":{"@id":"https:\/\/www.cascade.it\/fr\/prodotto\/dmx-controller-1024\/#primaryimage"},"image":{"@id":"https:\/\/www.cascade.it\/fr\/prodotto\/dmx-controller-1024\/#primaryimage"},"thumbnailUrl":"https:\/\/www.cascade.it\/new\/wp-content\/uploads\/2023\/01\/DMX-Controller-1024-NEW-noL.jpg","datePublished":"2019-02-27T08:45:26+00:00","dateModified":"2023-01-20T14:34:48+00:00","description":"Le DMX Controller 1024 permet de programmer l'ensemble du r\u00e9seau d'appareils DMX qui composent m\u00eame les fontaines les plus complexes.","breadcrumb":{"@id":"https:\/\/www.cascade.it\/fr\/prodotto\/dmx-controller-1024\/#breadcrumb"},"inLanguage":"fr-FR","potentialAction":[{"@type":"ReadAction","target":["https:\/\/www.cascade.it\/fr\/prodotto\/dmx-controller-1024\/"]}]},{"@type":"ImageObject","inLanguage":"fr-FR","@id":"https:\/\/www.cascade.it\/fr\/prodotto\/dmx-controller-1024\/#primaryimage","url":"https:\/\/www.cascade.it\/new\/wp-content\/uploads\/2023\/01\/DMX-Controller-1024-NEW-noL.jpg","contentUrl":"https:\/\/www.cascade.it\/new\/wp-content\/uploads\/2023\/01\/DMX-Controller-1024-NEW-noL.jpg","width":400,"height":400},{"@type":"BreadcrumbList","@id":"https:\/\/www.cascade.it\/fr\/prodotto\/dmx-controller-1024\/#breadcrumb","itemListElement":[{"@type":"ListItem","position":1,"name":"Home","item":"https:\/\/www.cascade.it\/fr\/"},{"@type":"ListItem","position":2,"name":"Boutique","item":"https:\/\/www.cascade.it\/fr\/boutique\/"},{"@type":"ListItem","position":3,"name":"DMX Controller 1024"}]},{"@type":"WebSite","@id":"https:\/\/www.cascade.it\/fr\/#website","url":"https:\/\/www.cascade.it\/fr\/","name":"Cascade","description":"More than a fountain","potentialAction":[{"@type":"SearchAction","target":{"@type":"EntryPoint","urlTemplate":"https:\/\/www.cascade.it\/fr\/?s={search_term_string}"},"query-input":{"@type":"PropertyValueSpecification","valueRequired":true,"valueName":"search_term_string"}}],"inLanguage":"fr-FR"}]}},"_links":{"self":[{"href":"https:\/\/www.cascade.it\/fr\/wp-json\/wp\/v2\/product\/3250","targetHints":{"allow":["GET"]}}],"collection":[{"href":"https:\/\/www.cascade.it\/fr\/wp-json\/wp\/v2\/product"}],"about":[{"href":"https:\/\/www.cascade.it\/fr\/wp-json\/wp\/v2\/types\/product"}],"wp:featuredmedia":[{"embeddable":true,"href":"https:\/\/www.cascade.it\/fr\/wp-json\/wp\/v2\/media\/11607"}],"wp:attachment":[{"href":"https:\/\/www.cascade.it\/fr\/wp-json\/wp\/v2\/media?parent=3250"}],"wp:term":[{"taxonomy":"product_brand","embeddable":true,"href":"https:\/\/www.cascade.it\/fr\/wp-json\/wp\/v2\/product_brand?post=3250"},{"taxonomy":"product_cat","embeddable":true,"href":"https:\/\/www.cascade.it\/fr\/wp-json\/wp\/v2\/product_cat?post=3250"},{"taxonomy":"product_tag","embeddable":true,"href":"https:\/\/www.cascade.it\/fr\/wp-json\/wp\/v2\/product_tag?post=3250"}],"curies":[{"name":"wp","href":"https:\/\/api.w.org\/{rel}","templated":true}]}}