{"id":3246,"date":"2019-02-27T09:42:20","date_gmt":"2019-02-27T08:42:20","guid":{"rendered":"https:\/\/www.cascade.it\/new\/prodotto\/convertitore-dmx-pwm4\/"},"modified":"2022-07-29T12:39:39","modified_gmt":"2022-07-29T10:39:39","slug":"convertisseur-dmx-pwm4","status":"publish","type":"product","link":"https:\/\/www.cascade.it\/fr\/prodotto\/convertisseur-dmx-pwm4\/","title":{"rendered":"Convertisseur DMX-PWM4"},"content":{"rendered":"<p>[vc_row][vc_column][vc_empty_space height=\u00a0\u00bb50&Prime; height_mobile=\u00a0\u00bb150&Prime;][vc_column_text spacing_heading=\u00a0\u00bb\u00a0\u00bb spacing_heading_tab=\u00a0\u00bb\u00a0\u00bb spacing_heading_mobile=\u00a0\u00bb\u00a0\u00bb]<\/p>\n<div class=\"carousel-slider-outer carousel-slider-outer-image-carousel carousel-slider-outer-1340\" style=\"--carousel-slider-nav-color:#f1f1f1;--carousel-slider-active-nav-color:#00d1b2;--carousel-slider-arrow-size:48px;--carousel-slider-bullet-size:10px\">\n<div id=\"&#039;id-1340\" class=\"carousel-slider carousel-slider-1340 arrows-visibility-hover dots-visibility-never arrows-outside dots-center dots-square owl-carousel\" data-slide-type=\"image-carousel\" data-owl-settings='{\"nav\":true,\"dots\":false,\"slideBy\":1,\"stagePadding\":0,\"margin\":10,\"loop\":true,\"lazyLoad\":true,\"autoplay\":true,\"autoplayTimeout\":5000,\"autoplaySpeed\":500,\"autoplayHoverPause\":true,\"autoWidth\":false,\"responsive\":{\"300\":{\"items\":1},\"576\":{\"items\":2},\"768\":{\"items\":2},\"1024\":{\"items\":3},\"1280\":{\"items\":3},\"1536\":{\"items\":3}}}'>\n<div class=\"carousel-slider__item\">\n\t<img class=\"owl-lazy\" data-src=\"https:\/\/www.cascade.it\/new\/wp-content\/uploads\/2019\/07\/CONVERTITORE-DMX-PWM4.jpg\" alt=\"\"><\/a><\/div>\n\n<div class=\"carousel-slider__item\">\n\t<img class=\"owl-lazy\" data-src=\"https:\/\/www.cascade.it\/new\/wp-content\/uploads\/2019\/07\/2-Convertitore-DMX-PWM4.jpg\" alt=\"\"><\/a><\/div>\n\n<div class=\"carousel-slider__item\">\n\t<img class=\"owl-lazy\" data-src=\"https:\/\/www.cascade.it\/new\/wp-content\/uploads\/2019\/07\/1-Convertitore-DMX-PWM4.jpg\" alt=\"\"><\/a><\/div>\n\n<\/div><!-- .carousel-slider-1340 -->\n<\/div><!-- .carousel-slider-outer-1340 -->\n\n<h1><span style=\"color: #1e73be;\">Convertisseur DMX-PWM4<\/span><\/h1>\n<p>Le <strong>Convertisseur DMX-PWM4<\/strong> permet l&rsquo;interfa\u00e7age entre un r\u00e9seau de communication <strong>DMX-RDM<\/strong> et tout appareil contr\u00f4lable par PWM.<\/p>\n<p>Le Convertisseur est \u00e9quip\u00e9 de <strong>4 sorties PWM opto-isol\u00e9es<\/strong>, ce qui le rend id\u00e9al pour contr\u00f4ler la nouvelle technologie de <a href=\"https:\/\/www.cascade.it\/fr\/produits\/eclairage-immerge-led\/projecteurs-led-mizar\/\"><span style=\"text-decoration: underline;\"><strong>projecteurs LED RGBW<\/strong><\/span><\/a> (rouge, vert, bleu et blanc). Alternativement, il est possible de contr\u00f4ler plusieurs appareils avec le m\u00eame convertisseur, comme un groupe de <a href=\"https:\/\/www.cascade.it\/fr\/produits\/eclairage-immerge-led\/projecteurs-led-mizar\/\"><strong>projecteurs LED RGB pour fontaines<\/strong><\/a> avec un variateur de fr\u00e9quence ou une <a href=\"https:\/\/www.cascade.it\/fr\/produits\/pompes-pour-fontaines\/pompes-submersibles-basse-tension\/\"><span style=\"text-decoration: underline;\"><strong>pompe submersible<\/strong><\/span><\/a>.<\/p>\n<p>Deux entr\u00e9es analogiques vous permettent de choisir entre <strong>quatre modes<\/strong> de fonctionnement diff\u00e9rents des sorties. Parmi ceux-ci, le \u00ab\u00a0<strong>mode an\u00e9mom\u00e8tre<\/strong>\u00a0\u00bb permet de faire varier l&rsquo;amplitude des sorties et donc la hauteur des jets d&rsquo;eau <strong>en fonction du vent<\/strong>, laissant la programmation DMX de la fontaine <strong>inchang\u00e9e;<\/strong> tout cela en association avec l&rsquo;<a href=\"https:\/\/www.cascade.it\/fr\/prodotto\/anemometre-a-quatre-seuils-scv4\/\"><span style=\"text-decoration: underline;\"><strong>An\u00e9mom\u00e8tre \u00e0 4 seuils SCV4<\/strong><\/span><\/a>.<\/p>\n<p>Le <strong>port DMX sp\u00e9cial<\/strong> vous permet de connecter jusqu&rsquo;\u00e0 <strong>95 Convertisseurs<\/strong> sur le m\u00eame r\u00e9seau de communication sans utiliser de r\u00e9partiteurs DMX.<\/p>\n<p>L&rsquo;adresse DMX du convertisseur peut \u00eatre configur\u00e9e via le <strong>protocole RDM<\/strong> avec un logiciel sp\u00e9cifique.<\/p>\n<p>La <strong>compacit\u00e9<\/strong> et les <strong>petites dimensions<\/strong> permettent le placement de nombreux Convertisseurs sur le m\u00eame rail DIN, assurant le contr\u00f4le d&rsquo;un grand nombre d&rsquo;appareils <strong>dans un espace extr\u00eamement limit\u00e9<\/strong>.<\/p>\n<p>&nbsp;<\/p>\n<h3>Donn\u00e9es techniques<\/h3>\n<div style=\"overflow-x: auto;\">\n<table width=\"80%\">\n<tbody>\n<tr>\n<td width=\"18%\"><strong>\u00a0<\/strong><\/td>\n<td class=\"thHorz\" width=\"81%\">Convertisseur DMX-PWM4<\/td>\n<\/tr>\n<tr>\n<td class=\"thVert\" width=\"18%\">Code<\/td>\n<td width=\"81%\">DMXPWM4<\/td>\n<\/tr>\n<tr>\n<td class=\"thVert\" width=\"18%\">Alimentation<\/td>\n<td width=\"81%\">24 Vcc<\/td>\n<\/tr>\n<tr>\n<td class=\"thVert\" width=\"18%\">Puissance absorb\u00e9e<\/td>\n<td width=\"81%\">1 W<\/td>\n<\/tr>\n<tr>\n<td class=\"thVert\" width=\"18%\">Sorties<\/td>\n<td width=\"81%\">4 opto-isol\u00e9es<\/td>\n<\/tr>\n<tr>\n<td class=\"thVert\" width=\"18%\">Tension des sorties PWM<\/td>\n<td width=\"81%\">10 V typique (48 V max)<\/td>\n<\/tr>\n<tr>\n<td class=\"thVert\" width=\"18%\">Courant pour chaque sortie<\/td>\n<td width=\"81%\">50 mA max<\/td>\n<\/tr>\n<tr>\n<td class=\"thVert\" width=\"18%\">Protocole de communication<\/td>\n<td width=\"81%\">DMX-RDM<\/td>\n<\/tr>\n<tr>\n<td class=\"thVert\" width=\"18%\">Cannaux DMX<\/td>\n<td width=\"81%\">4<\/td>\n<\/tr>\n<tr>\n<td class=\"thVert\" width=\"18%\">Dimensions<\/td>\n<td width=\"81%\">110 x 90 x 17,5 mm<\/td>\n<\/tr>\n<tr>\n<td class=\"thVert\" width=\"18%\">Mat\u00e9riel<\/td>\n<td width=\"81%\">Polyamide<\/td>\n<\/tr>\n<\/tbody>\n<\/table>\n<\/div>\n<p>&nbsp;<\/p>\n<h3>Downloads<\/h3>\n<div class=\"divide-line text-left\"><\/div>\n<div>\n<div style=\"float: left; padding: 5px; text-align: center; width: 150px;\"><a href=\"https:\/\/www.cascade.it\/new\/wp-content\/uploads\/2022\/07\/CASCADE-Convertisseur-DMX-PWM4-FR.pdf\" target=\"_blank\" rel=\"noopener\"><img loading=\"lazy\" decoding=\"async\" class=\"alignnone wp-image-783\" src=\"https:\/\/www.cascade.it\/new\/wp-content\/uploads\/2019\/02\/pdf-icon-png-7.jpg\" alt=\"\" width=\"91\" height=\"91\" srcset=\"https:\/\/www.cascade.it\/new\/wp-content\/uploads\/2019\/02\/pdf-icon-png-7.jpg 254w, https:\/\/www.cascade.it\/new\/wp-content\/uploads\/2019\/02\/pdf-icon-png-7-150x150.jpg 150w, https:\/\/www.cascade.it\/new\/wp-content\/uploads\/2019\/02\/pdf-icon-png-7-100x100.jpg 100w\" sizes=\"auto, (max-width: 91px) 100vw, 91px\" \/><\/a><br \/>\nFiche technique<\/div>\n<\/div>\n","protected":false},"excerpt":{"rendered":"<p>[vc_row][vc_column][vc_empty_space height=\u00a0\u00bb50&Prime; height_mobile=\u00a0\u00bb150&Prime;][vc_column_text spacing_heading=\u00a0\u00bb\u00a0\u00bb spacing_heading_tab=\u00a0\u00bb\u00a0\u00bb spacing_heading_mobile=\u00a0\u00bb\u00a0\u00bb] Convertisseur DMX-PWM4 Le Convertisseur DMX-PWM4 permet l&rsquo;interfa\u00e7age entre un r\u00e9seau de communication DMX-RDM et tout appareil contr\u00f4lable par PWM. Le Convertisseur est \u00e9quip\u00e9 de 4 sorties PWM opto-isol\u00e9es, ce qui le rend id\u00e9al pour contr\u00f4ler la nouvelle technologie de projecteurs LED RGBW (rouge, vert, bleu et blanc). Alternativement, il [&hellip;]<\/p>\n","protected":false},"featured_media":3247,"template":"","meta":[],"product_brand":[],"product_cat":[316],"product_tag":[],"class_list":{"0":"post-3246","1":"product","2":"type-product","3":"status-publish","4":"has-post-thumbnail","6":"product_cat-systemes-de-controle-fontaines-dynamiques-musicales","8":"first","9":"instock","10":"shipping-taxable","11":"product-type-simple"},"yoast_head":"<!-- This site is optimized with the Yoast SEO plugin v26.7 - https:\/\/yoast.com\/wordpress\/plugins\/seo\/ -->\n<title>Convertisseur DMX-PWM4 - Cascade<\/title>\n<meta name=\"description\" content=\"Le Convertisseur DMX-PWM4 permet l&#039;interfa\u00e7age entre un r\u00e9seau de communication DMX-RDM et tout appareil contr\u00f4lable par PWM.\" \/>\n<meta name=\"robots\" content=\"index, follow, max-snippet:-1, max-image-preview:large, max-video-preview:-1\" \/>\n<link rel=\"canonical\" href=\"https:\/\/www.cascade.it\/fr\/prodotto\/convertisseur-dmx-pwm4\/\" \/>\n<meta property=\"og:locale\" content=\"fr_FR\" \/>\n<meta property=\"og:type\" content=\"article\" \/>\n<meta property=\"og:title\" content=\"Convertisseur DMX-PWM4 - Cascade\" \/>\n<meta property=\"og:description\" content=\"Le Convertisseur DMX-PWM4 permet l&#039;interfa\u00e7age entre un r\u00e9seau de communication DMX-RDM et tout appareil contr\u00f4lable par PWM.\" \/>\n<meta property=\"og:url\" content=\"https:\/\/www.cascade.it\/fr\/prodotto\/convertisseur-dmx-pwm4\/\" \/>\n<meta property=\"og:site_name\" content=\"Cascade\" \/>\n<meta property=\"article:modified_time\" content=\"2022-07-29T10:39:39+00:00\" \/>\n<meta property=\"og:image\" content=\"https:\/\/www.cascade.it\/new\/wp-content\/uploads\/Prodotti\/Sistemi_elettronici_di_controllo_per_fontane\/Sistema_di_controllo_scenografie_dinamiche_e_musicali\/CONVERTITORE-DMX-PWM4.jpg\" \/>\n\t<meta property=\"og:image:width\" content=\"1300\" \/>\n\t<meta property=\"og:image:height\" content=\"1300\" \/>\n\t<meta property=\"og:image:type\" content=\"image\/jpeg\" \/>\n<meta name=\"twitter:card\" content=\"summary_large_image\" \/>\n<meta name=\"twitter:label1\" content=\"Dur\u00e9e de lecture estim\u00e9e\" \/>\n\t<meta name=\"twitter:data1\" content=\"2 minutes\" \/>\n<!-- \/ Yoast SEO plugin. -->","yoast_head_json":{"title":"Convertisseur DMX-PWM4 - Cascade","description":"Le Convertisseur DMX-PWM4 permet l'interfa\u00e7age entre un r\u00e9seau de communication DMX-RDM et tout appareil contr\u00f4lable par PWM.","robots":{"index":"index","follow":"follow","max-snippet":"max-snippet:-1","max-image-preview":"max-image-preview:large","max-video-preview":"max-video-preview:-1"},"canonical":"https:\/\/www.cascade.it\/fr\/prodotto\/convertisseur-dmx-pwm4\/","og_locale":"fr_FR","og_type":"article","og_title":"Convertisseur DMX-PWM4 - Cascade","og_description":"Le Convertisseur DMX-PWM4 permet l'interfa\u00e7age entre un r\u00e9seau de communication DMX-RDM et tout appareil contr\u00f4lable par PWM.","og_url":"https:\/\/www.cascade.it\/fr\/prodotto\/convertisseur-dmx-pwm4\/","og_site_name":"Cascade","article_modified_time":"2022-07-29T10:39:39+00:00","og_image":[{"width":1300,"height":1300,"url":"https:\/\/www.cascade.it\/new\/wp-content\/uploads\/Prodotti\/Sistemi_elettronici_di_controllo_per_fontane\/Sistema_di_controllo_scenografie_dinamiche_e_musicali\/CONVERTITORE-DMX-PWM4.jpg","type":"image\/jpeg"}],"twitter_card":"summary_large_image","twitter_misc":{"Dur\u00e9e de lecture estim\u00e9e":"2 minutes"},"schema":{"@context":"https:\/\/schema.org","@graph":[{"@type":"WebPage","@id":"https:\/\/www.cascade.it\/fr\/prodotto\/convertisseur-dmx-pwm4\/","url":"https:\/\/www.cascade.it\/fr\/prodotto\/convertisseur-dmx-pwm4\/","name":"Convertisseur DMX-PWM4 - Cascade","isPartOf":{"@id":"https:\/\/www.cascade.it\/fr\/#website"},"primaryImageOfPage":{"@id":"https:\/\/www.cascade.it\/fr\/prodotto\/convertisseur-dmx-pwm4\/#primaryimage"},"image":{"@id":"https:\/\/www.cascade.it\/fr\/prodotto\/convertisseur-dmx-pwm4\/#primaryimage"},"thumbnailUrl":"https:\/\/www.cascade.it\/new\/wp-content\/uploads\/Prodotti\/Sistemi_elettronici_di_controllo_per_fontane\/Sistema_di_controllo_scenografie_dinamiche_e_musicali\/CONVERTITORE-DMX-PWM4.jpg","datePublished":"2019-02-27T08:42:20+00:00","dateModified":"2022-07-29T10:39:39+00:00","description":"Le Convertisseur DMX-PWM4 permet l'interfa\u00e7age entre un r\u00e9seau de communication DMX-RDM et tout appareil contr\u00f4lable par PWM.","breadcrumb":{"@id":"https:\/\/www.cascade.it\/fr\/prodotto\/convertisseur-dmx-pwm4\/#breadcrumb"},"inLanguage":"fr-FR","potentialAction":[{"@type":"ReadAction","target":["https:\/\/www.cascade.it\/fr\/prodotto\/convertisseur-dmx-pwm4\/"]}]},{"@type":"ImageObject","inLanguage":"fr-FR","@id":"https:\/\/www.cascade.it\/fr\/prodotto\/convertisseur-dmx-pwm4\/#primaryimage","url":"https:\/\/www.cascade.it\/new\/wp-content\/uploads\/Prodotti\/Sistemi_elettronici_di_controllo_per_fontane\/Sistema_di_controllo_scenografie_dinamiche_e_musicali\/CONVERTITORE-DMX-PWM4.jpg","contentUrl":"https:\/\/www.cascade.it\/new\/wp-content\/uploads\/Prodotti\/Sistemi_elettronici_di_controllo_per_fontane\/Sistema_di_controllo_scenografie_dinamiche_e_musicali\/CONVERTITORE-DMX-PWM4.jpg","width":1300,"height":1300},{"@type":"BreadcrumbList","@id":"https:\/\/www.cascade.it\/fr\/prodotto\/convertisseur-dmx-pwm4\/#breadcrumb","itemListElement":[{"@type":"ListItem","position":1,"name":"Home","item":"https:\/\/www.cascade.it\/fr\/"},{"@type":"ListItem","position":2,"name":"Boutique","item":"https:\/\/www.cascade.it\/fr\/boutique\/"},{"@type":"ListItem","position":3,"name":"Convertisseur DMX-PWM4"}]},{"@type":"WebSite","@id":"https:\/\/www.cascade.it\/fr\/#website","url":"https:\/\/www.cascade.it\/fr\/","name":"Cascade","description":"More than a fountain","potentialAction":[{"@type":"SearchAction","target":{"@type":"EntryPoint","urlTemplate":"https:\/\/www.cascade.it\/fr\/?s={search_term_string}"},"query-input":{"@type":"PropertyValueSpecification","valueRequired":true,"valueName":"search_term_string"}}],"inLanguage":"fr-FR"}]}},"_links":{"self":[{"href":"https:\/\/www.cascade.it\/fr\/wp-json\/wp\/v2\/product\/3246","targetHints":{"allow":["GET"]}}],"collection":[{"href":"https:\/\/www.cascade.it\/fr\/wp-json\/wp\/v2\/product"}],"about":[{"href":"https:\/\/www.cascade.it\/fr\/wp-json\/wp\/v2\/types\/product"}],"wp:featuredmedia":[{"embeddable":true,"href":"https:\/\/www.cascade.it\/fr\/wp-json\/wp\/v2\/media\/3247"}],"wp:attachment":[{"href":"https:\/\/www.cascade.it\/fr\/wp-json\/wp\/v2\/media?parent=3246"}],"wp:term":[{"taxonomy":"product_brand","embeddable":true,"href":"https:\/\/www.cascade.it\/fr\/wp-json\/wp\/v2\/product_brand?post=3246"},{"taxonomy":"product_cat","embeddable":true,"href":"https:\/\/www.cascade.it\/fr\/wp-json\/wp\/v2\/product_cat?post=3246"},{"taxonomy":"product_tag","embeddable":true,"href":"https:\/\/www.cascade.it\/fr\/wp-json\/wp\/v2\/product_tag?post=3246"}],"curies":[{"name":"wp","href":"https:\/\/api.w.org\/{rel}","templated":true}]}}