{"id":3234,"date":"2019-02-27T09:31:17","date_gmt":"2019-02-27T08:31:17","guid":{"rendered":"https:\/\/www.cascade.it\/new\/prodotto\/controllo-di-livello-a-vista\/"},"modified":"2022-07-01T10:43:48","modified_gmt":"2022-07-01T08:43:48","slug":"controle-de-niveau-visible","status":"publish","type":"product","link":"https:\/\/www.cascade.it\/fr\/prodotto\/controle-de-niveau-visible\/","title":{"rendered":"Contr\u00f4le de niveau visible"},"content":{"rendered":"<p>[vc_row][vc_column][vc_empty_space height=\u00a0\u00bb50&Prime; height_mobile=\u00a0\u00bb150&Prime;][vc_column_text spacing_heading=\u00a0\u00bb\u00a0\u00bb spacing_heading_tab=\u00a0\u00bb\u00a0\u00bb spacing_heading_mobile=\u00a0\u00bb\u00a0\u00bb]<\/p>\n<div class=\"carousel-slider-outer carousel-slider-outer-image-carousel carousel-slider-outer-1326\" style=\"--carousel-slider-nav-color:#f1f1f1;--carousel-slider-active-nav-color:#00d1b2;--carousel-slider-arrow-size:48px;--carousel-slider-bullet-size:10px\">\n<div id=\"&#039;id-1326\" class=\"carousel-slider carousel-slider-1326 arrows-visibility-hover dots-visibility-never arrows-outside dots-center dots-square owl-carousel\" data-slide-type=\"image-carousel\" data-owl-settings='{\"nav\":true,\"dots\":false,\"slideBy\":1,\"stagePadding\":0,\"margin\":10,\"loop\":true,\"lazyLoad\":true,\"autoplay\":true,\"autoplayTimeout\":5000,\"autoplaySpeed\":500,\"autoplayHoverPause\":true,\"autoWidth\":false,\"responsive\":{\"300\":{\"items\":1},\"576\":{\"items\":2},\"768\":{\"items\":2},\"1024\":{\"items\":3},\"1280\":{\"items\":3},\"1536\":{\"items\":3}}}'>\n<div class=\"carousel-slider__item\">\n\t<img class=\"owl-lazy\" data-src=\"https:\/\/www.cascade.it\/new\/wp-content\/uploads\/2019\/07\/Controllo-di-livello-a-vista.jpg\" alt=\"\"><\/a><\/div>\n\n<div class=\"carousel-slider__item\">\n\t<img class=\"owl-lazy\" data-src=\"https:\/\/www.cascade.it\/new\/wp-content\/uploads\/2022\/04\/1-Controllo-di-livello-per-fontane-CLV.jpg\" alt=\"\"><\/a><\/div>\n\n<div class=\"carousel-slider__item\">\n\t<img class=\"owl-lazy\" data-src=\"https:\/\/www.cascade.it\/new\/wp-content\/uploads\/2019\/07\/Controllo-di-livello-a-vista-1.jpg\" alt=\"\"><\/a><\/div>\n\n<\/div><!-- .carousel-slider-1326 -->\n<\/div><!-- .carousel-slider-outer-1326 -->\n\n<h1><span style=\"color: #1e73be;\">Contr\u00f4le de niveau visible pour fontaines<\/span><\/h1>\n<p>Le <strong>Contr\u00f4le du niveau visible<\/strong> pour fontaines se compose d&rsquo;un conteneur en <strong>PVC<\/strong> rigide avec <strong>3 ou 4 capteurs<\/strong> avec 5 m de c\u00e2ble mont\u00e9s sur une <strong>glissi\u00e8re sp\u00e9ciale<\/strong> pour leur r\u00e9glage. Il vous permet de garantir un <strong>niveau minimum<\/strong> d&rsquo;eau dans le <strong>r\u00e9servoir de compensation<\/strong> de la fontaine et de <strong>r\u00e9tablir<\/strong> le niveau normal gr\u00e2ce \u00e0 la fonction de remplissage.<\/p>\n<p>L&rsquo;<strong>insertion du quatri\u00e8me capteur<\/strong> en cas de besoin, en plus du remplissage, permet \u00e9galement de <strong>bloquer la pompe<\/strong> pour \u00e9viter la marche \u00e0 sec.<\/p>\n<p>Particuli\u00e8rement <strong>simple \u00e0 installer et \u00e0 g\u00e9rer<\/strong>: il suffit de retirer le <strong>couvercle amovible<\/strong> par le haut,\u00a0 \u00e0 partir duquel le rail coulissant avec les capteurs est fix\u00e9, et d&rsquo;ajuster sa position au besoin.<\/p>\n<p>\u00c0 utiliser avec les articles <a href=\"https:\/\/www.cascade.it\/fr\/prodotto\/controleur-de-niveau-3-4-capteurs\/\"><span style=\"text-decoration: underline;\"><strong>Contr\u00f4leur de niveau \u00e0 3-4 capteurs<\/strong><\/span><\/a> ou <a href=\"https:\/\/www.cascade.it\/fr\/prodotto\/group-controleur-de-niveau-a-3-4-capteurs\/\"><span style=\"text-decoration: underline;\"><strong>Group contr\u00f4leur de niveau \u00e0 3-4 capteurs<\/strong><\/span><\/a>.<\/p>\n<p>&nbsp;<\/p>\n<h3>Donn\u00e9es techniques<\/h3>\n<div style=\"overflow-x: auto;\">\n<table width=\"86%\">\n<tbody>\n<tr>\n<td width=\"14%\"><strong>\u00a0<\/strong><\/td>\n<td class=\"thHorz\" width=\"41%\">Contr\u00f4le de niveu visible \u00e0 3 capteurs<\/td>\n<td class=\"thHorz\" width=\"44%\">Contr\u00f4le de niveu visible \u00e0 4 capteurs<\/td>\n<\/tr>\n<tr>\n<td class=\"thVert\" width=\"14%\">Code<\/td>\n<td width=\"41%\">CLV<\/td>\n<td width=\"44%\">CLV4<\/td>\n<\/tr>\n<tr>\n<td class=\"thVert\" width=\"14%\">Capteurs<\/td>\n<td width=\"41%\">3<\/td>\n<td width=\"44%\">4<\/td>\n<\/tr>\n<tr>\n<td class=\"thVert\" width=\"14%\">C\u00e2ble<\/td>\n<td width=\"41%\">H07RN-F 3&#215;1,5 mm\u00b2 &#8211; longueur 5 m<\/td>\n<td width=\"44%\">H07RN-F 4&#215;1,5 mm\u00b2 &#8211; longueur 5 m<\/td>\n<\/tr>\n<tr>\n<td class=\"thVert\" width=\"14%\">Dimensions<\/td>\n<td width=\"41%\">Conteneur \u00d8 75mm, H variable<\/td>\n<td width=\"44%\">Conteneur \u00d8 75mm, H variable<\/td>\n<\/tr>\n<tr>\n<td class=\"thVert\" width=\"14%\">Mat\u00e9riel<\/td>\n<td width=\"41%\">Acier inox &#8211; PVC<\/td>\n<td width=\"44%\">Acier inox &#8211; PVC<\/td>\n<\/tr>\n<\/tbody>\n<\/table>\n<\/div>\n<p>&nbsp;<\/p>\n<h3>Downloads<\/h3>\n<div class=\"divide-line text-left\"><\/div>\n<div>\n<div style=\"float: left; padding: 5px; text-align: center; width: 150px;\"><a href=\"https:\/\/www.cascade.it\/new\/wp-content\/uploads\/2022\/07\/CASCADE-CLV-FR.pdf\" target=\"_blank\" rel=\"noopener\"><img loading=\"lazy\" decoding=\"async\" class=\"alignnone wp-image-783\" src=\"https:\/\/www.cascade.it\/new\/wp-content\/uploads\/2019\/02\/pdf-icon-png-7.jpg\" alt=\"\" width=\"91\" height=\"91\" srcset=\"https:\/\/www.cascade.it\/new\/wp-content\/uploads\/2019\/02\/pdf-icon-png-7.jpg 254w, https:\/\/www.cascade.it\/new\/wp-content\/uploads\/2019\/02\/pdf-icon-png-7-150x150.jpg 150w, https:\/\/www.cascade.it\/new\/wp-content\/uploads\/2019\/02\/pdf-icon-png-7-100x100.jpg 100w\" sizes=\"auto, (max-width: 91px) 100vw, 91px\" \/><\/a><br \/>\nFiche technique<\/div>\n<div style=\"clear: both;\"><\/div>\n<\/div>\n","protected":false},"excerpt":{"rendered":"<p>[vc_row][vc_column][vc_empty_space height=\u00a0\u00bb50&Prime; height_mobile=\u00a0\u00bb150&Prime;][vc_column_text spacing_heading=\u00a0\u00bb\u00a0\u00bb spacing_heading_tab=\u00a0\u00bb\u00a0\u00bb spacing_heading_mobile=\u00a0\u00bb\u00a0\u00bb] Contr\u00f4le de niveau visible pour fontaines Le Contr\u00f4le du niveau visible pour fontaines se compose d&rsquo;un conteneur en PVC rigide avec 3 ou 4 capteurs avec 5 m de c\u00e2ble mont\u00e9s sur une glissi\u00e8re sp\u00e9ciale pour leur r\u00e9glage. Il vous permet de garantir un niveau minimum d&rsquo;eau dans le [&hellip;]<\/p>\n","protected":false},"featured_media":3235,"template":"","meta":[],"product_brand":[],"product_cat":[289],"product_tag":[],"class_list":{"0":"post-3234","1":"product","2":"type-product","3":"status-publish","4":"has-post-thumbnail","6":"product_cat-systemes-de-controle-niveau-eau","8":"first","9":"instock","10":"shipping-taxable","11":"product-type-simple"},"yoast_head":"<!-- This site is optimized with the Yoast SEO plugin v26.7 - https:\/\/yoast.com\/wordpress\/plugins\/seo\/ -->\n<title>Contr\u00f4le de niveau visible pour fontaines - Cascade<\/title>\n<meta name=\"description\" content=\"Il garantit un niveau minimum d&#039;eau dans le r\u00e9servoir de compensation de la fontaine et de r\u00e9tablir le niveau normal gr\u00e2ce \u00e0 la fonction de remplissage.\" \/>\n<meta name=\"robots\" content=\"index, follow, max-snippet:-1, max-image-preview:large, max-video-preview:-1\" \/>\n<link rel=\"canonical\" href=\"https:\/\/www.cascade.it\/fr\/prodotto\/controle-de-niveau-visible\/\" \/>\n<meta property=\"og:locale\" content=\"fr_FR\" \/>\n<meta property=\"og:type\" content=\"article\" \/>\n<meta property=\"og:title\" content=\"Contr\u00f4le de niveau visible pour fontaines - Cascade\" \/>\n<meta property=\"og:description\" content=\"Il garantit un niveau minimum d&#039;eau dans le r\u00e9servoir de compensation de la fontaine et de r\u00e9tablir le niveau normal gr\u00e2ce \u00e0 la fonction de remplissage.\" \/>\n<meta property=\"og:url\" content=\"https:\/\/www.cascade.it\/fr\/prodotto\/controle-de-niveau-visible\/\" \/>\n<meta property=\"og:site_name\" content=\"Cascade\" \/>\n<meta property=\"article:modified_time\" content=\"2022-07-01T08:43:48+00:00\" \/>\n<meta property=\"og:image\" content=\"https:\/\/www.cascade.it\/new\/wp-content\/uploads\/Prodotti\/Sistemi_elettronici_di_controllo_per_fontane\/Sistemi_di_controllo_livello_vasca\/CONTROLLO-DI-LIVELLO-A-VISTA.jpg\" \/>\n\t<meta property=\"og:image:width\" content=\"1300\" \/>\n\t<meta property=\"og:image:height\" content=\"1300\" \/>\n\t<meta property=\"og:image:type\" content=\"image\/jpeg\" \/>\n<meta name=\"twitter:card\" content=\"summary_large_image\" \/>\n<meta name=\"twitter:label1\" content=\"Dur\u00e9e de lecture estim\u00e9e\" \/>\n\t<meta name=\"twitter:data1\" content=\"1 minute\" \/>\n<!-- \/ Yoast SEO plugin. -->","yoast_head_json":{"title":"Contr\u00f4le de niveau visible pour fontaines - Cascade","description":"Il garantit un niveau minimum d'eau dans le r\u00e9servoir de compensation de la fontaine et de r\u00e9tablir le niveau normal gr\u00e2ce \u00e0 la fonction de remplissage.","robots":{"index":"index","follow":"follow","max-snippet":"max-snippet:-1","max-image-preview":"max-image-preview:large","max-video-preview":"max-video-preview:-1"},"canonical":"https:\/\/www.cascade.it\/fr\/prodotto\/controle-de-niveau-visible\/","og_locale":"fr_FR","og_type":"article","og_title":"Contr\u00f4le de niveau visible pour fontaines - Cascade","og_description":"Il garantit un niveau minimum d'eau dans le r\u00e9servoir de compensation de la fontaine et de r\u00e9tablir le niveau normal gr\u00e2ce \u00e0 la fonction de remplissage.","og_url":"https:\/\/www.cascade.it\/fr\/prodotto\/controle-de-niveau-visible\/","og_site_name":"Cascade","article_modified_time":"2022-07-01T08:43:48+00:00","og_image":[{"width":1300,"height":1300,"url":"https:\/\/www.cascade.it\/new\/wp-content\/uploads\/Prodotti\/Sistemi_elettronici_di_controllo_per_fontane\/Sistemi_di_controllo_livello_vasca\/CONTROLLO-DI-LIVELLO-A-VISTA.jpg","type":"image\/jpeg"}],"twitter_card":"summary_large_image","twitter_misc":{"Dur\u00e9e de lecture estim\u00e9e":"1 minute"},"schema":{"@context":"https:\/\/schema.org","@graph":[{"@type":"WebPage","@id":"https:\/\/www.cascade.it\/fr\/prodotto\/controle-de-niveau-visible\/","url":"https:\/\/www.cascade.it\/fr\/prodotto\/controle-de-niveau-visible\/","name":"Contr\u00f4le de niveau visible pour fontaines - Cascade","isPartOf":{"@id":"https:\/\/www.cascade.it\/fr\/#website"},"primaryImageOfPage":{"@id":"https:\/\/www.cascade.it\/fr\/prodotto\/controle-de-niveau-visible\/#primaryimage"},"image":{"@id":"https:\/\/www.cascade.it\/fr\/prodotto\/controle-de-niveau-visible\/#primaryimage"},"thumbnailUrl":"https:\/\/www.cascade.it\/new\/wp-content\/uploads\/Prodotti\/Sistemi_elettronici_di_controllo_per_fontane\/Sistemi_di_controllo_livello_vasca\/CONTROLLO-DI-LIVELLO-A-VISTA.jpg","datePublished":"2019-02-27T08:31:17+00:00","dateModified":"2022-07-01T08:43:48+00:00","description":"Il garantit un niveau minimum d'eau dans le r\u00e9servoir de compensation de la fontaine et de r\u00e9tablir le niveau normal gr\u00e2ce \u00e0 la fonction de remplissage.","breadcrumb":{"@id":"https:\/\/www.cascade.it\/fr\/prodotto\/controle-de-niveau-visible\/#breadcrumb"},"inLanguage":"fr-FR","potentialAction":[{"@type":"ReadAction","target":["https:\/\/www.cascade.it\/fr\/prodotto\/controle-de-niveau-visible\/"]}]},{"@type":"ImageObject","inLanguage":"fr-FR","@id":"https:\/\/www.cascade.it\/fr\/prodotto\/controle-de-niveau-visible\/#primaryimage","url":"https:\/\/www.cascade.it\/new\/wp-content\/uploads\/Prodotti\/Sistemi_elettronici_di_controllo_per_fontane\/Sistemi_di_controllo_livello_vasca\/CONTROLLO-DI-LIVELLO-A-VISTA.jpg","contentUrl":"https:\/\/www.cascade.it\/new\/wp-content\/uploads\/Prodotti\/Sistemi_elettronici_di_controllo_per_fontane\/Sistemi_di_controllo_livello_vasca\/CONTROLLO-DI-LIVELLO-A-VISTA.jpg","width":1300,"height":1300},{"@type":"BreadcrumbList","@id":"https:\/\/www.cascade.it\/fr\/prodotto\/controle-de-niveau-visible\/#breadcrumb","itemListElement":[{"@type":"ListItem","position":1,"name":"Home","item":"https:\/\/www.cascade.it\/fr\/"},{"@type":"ListItem","position":2,"name":"Boutique","item":"https:\/\/www.cascade.it\/fr\/boutique\/"},{"@type":"ListItem","position":3,"name":"Contr\u00f4le de niveau visible"}]},{"@type":"WebSite","@id":"https:\/\/www.cascade.it\/fr\/#website","url":"https:\/\/www.cascade.it\/fr\/","name":"Cascade","description":"More than a fountain","potentialAction":[{"@type":"SearchAction","target":{"@type":"EntryPoint","urlTemplate":"https:\/\/www.cascade.it\/fr\/?s={search_term_string}"},"query-input":{"@type":"PropertyValueSpecification","valueRequired":true,"valueName":"search_term_string"}}],"inLanguage":"fr-FR"}]}},"_links":{"self":[{"href":"https:\/\/www.cascade.it\/fr\/wp-json\/wp\/v2\/product\/3234","targetHints":{"allow":["GET"]}}],"collection":[{"href":"https:\/\/www.cascade.it\/fr\/wp-json\/wp\/v2\/product"}],"about":[{"href":"https:\/\/www.cascade.it\/fr\/wp-json\/wp\/v2\/types\/product"}],"wp:featuredmedia":[{"embeddable":true,"href":"https:\/\/www.cascade.it\/fr\/wp-json\/wp\/v2\/media\/3235"}],"wp:attachment":[{"href":"https:\/\/www.cascade.it\/fr\/wp-json\/wp\/v2\/media?parent=3234"}],"wp:term":[{"taxonomy":"product_brand","embeddable":true,"href":"https:\/\/www.cascade.it\/fr\/wp-json\/wp\/v2\/product_brand?post=3234"},{"taxonomy":"product_cat","embeddable":true,"href":"https:\/\/www.cascade.it\/fr\/wp-json\/wp\/v2\/product_cat?post=3234"},{"taxonomy":"product_tag","embeddable":true,"href":"https:\/\/www.cascade.it\/fr\/wp-json\/wp\/v2\/product_tag?post=3234"}],"curies":[{"name":"wp","href":"https:\/\/api.w.org\/{rel}","templated":true}]}}