{"id":3224,"date":"2019-02-27T09:33:28","date_gmt":"2019-02-27T08:33:28","guid":{"rendered":"https:\/\/www.cascade.it\/new\/prodotto\/gruppo-centralina-di-livello-a-3-4-sensori\/"},"modified":"2023-06-28T17:18:07","modified_gmt":"2023-06-28T15:18:07","slug":"group-controleur-de-niveau-a-3-4-capteurs","status":"publish","type":"product","link":"https:\/\/www.cascade.it\/fr\/prodotto\/group-controleur-de-niveau-a-3-4-capteurs\/","title":{"rendered":"Group contr\u00f4leur de niveau \u00e0 3-4 capteurs"},"content":{"rendered":"<p>[vc_row][vc_column][vc_empty_space height=\u00a0\u00bb50&Prime; height_mobile=\u00a0\u00bb150&Prime;][vc_column_text spacing_heading=\u00a0\u00bb\u00a0\u00bb spacing_heading_tab=\u00a0\u00bb\u00a0\u00bb spacing_heading_mobile=\u00a0\u00bb\u00a0\u00bb]<\/p>\n<div class=\"carousel-slider-outer carousel-slider-outer-image-carousel carousel-slider-outer-1333\" style=\"--carousel-slider-nav-color:#f1f1f1;--carousel-slider-active-nav-color:#00d1b2;--carousel-slider-arrow-size:48px;--carousel-slider-bullet-size:10px\">\n<div id=\"&#039;id-1333\" class=\"carousel-slider carousel-slider-1333 arrows-visibility-hover dots-visibility-never arrows-outside dots-center dots-square owl-carousel\" data-slide-type=\"image-carousel\" data-owl-settings='{\"nav\":true,\"dots\":false,\"slideBy\":1,\"stagePadding\":0,\"margin\":10,\"loop\":true,\"lazyLoad\":true,\"autoplay\":true,\"autoplayTimeout\":5000,\"autoplaySpeed\":500,\"autoplayHoverPause\":true,\"autoWidth\":false,\"responsive\":{\"300\":{\"items\":1},\"576\":{\"items\":2},\"768\":{\"items\":2},\"1024\":{\"items\":2},\"1280\":{\"items\":2},\"1536\":{\"items\":2}}}'>\n<div class=\"carousel-slider__item\">\n\t<img class=\"owl-lazy\" data-src=\"https:\/\/www.cascade.it\/new\/wp-content\/uploads\/2023\/06\/CASCADE-GCL.jpg\" alt=\"\"><\/a><\/div>\n\n<div class=\"carousel-slider__item\">\n\t<img class=\"owl-lazy\" data-src=\"https:\/\/www.cascade.it\/new\/wp-content\/uploads\/2019\/07\/Gruppo-centralina-di-livello-a-3-4-sensori-1.jpg\" alt=\"\"><\/a><\/div>\n\n<\/div><!-- .carousel-slider-1333 -->\n<\/div><!-- .carousel-slider-outer-1333 -->\n\n<h1><span style=\"color: #1e73be;\">Group contr\u00f4leur de niveau \u00e0 3-4 capteurs pour fontaines<\/span><\/h1>\n<p>Syst\u00e8me <strong>autonome,<\/strong> d\u00e9j\u00e0 <strong>assembl\u00e9<\/strong> dans un bo\u00eetier IP55, comprenant le <strong><span style=\"text-decoration: underline;\">Contr\u00f4leur du niveau \u00e0 3-4<\/span> capteurs<\/strong>, le transformateur de puissance de l&rsquo;\u00e9lectrovanne et un timer.<\/p>\n<p>Utile pour maintenir le niveau d&rsquo;eau des fontaines <strong>au seuil souhait\u00e9.<\/strong> D\u00e9tection par <strong>3 ou 4 sondes<\/strong> (niveau nominal, remplissage, bloc, sonde de r\u00e9f\u00e9rence).<\/p>\n<p>\u00c0 utiliser en combinaison avec un parmi <a href=\"https:\/\/www.cascade.it\/fr\/prodotto\/controle-de-niveau-encastrable\/\"><span style=\"text-decoration: underline;\"><strong>Contr\u00f4le de niveau encastrable<\/strong><\/span><\/a>, <a href=\"https:\/\/www.cascade.it\/fr\/prodotto\/controle-de-niveau-visible\/\"><span style=\"text-decoration: underline;\"><strong>Contr\u00f4le de niveau visible<\/strong><\/span><\/a>, <a href=\"https:\/\/www.cascade.it\/fr\/prodotto\/trop-plein-encastrable-avec-controle-de-niveau\/\"><span style=\"text-decoration: underline;\"><strong>Trop-plein encastrable avec Contr\u00f4le de niveau<\/strong><\/span><\/a> et <a href=\"https:\/\/www.cascade.it\/fr\/prodotto\/trop-plein-au-sol-avec-controle-de-niveau\/\"><span style=\"text-decoration: underline;\"><strong>Trop-plein au sol avec Contr\u00f4le de niveau<\/strong><\/span><\/a>.<\/p>\n<p>&nbsp;<\/p>\n<h3>Donn\u00e9es techniques<\/h3>\n<div style=\"overflow-x: auto;\">\n<table width=\"81%\">\n<tbody>\n<tr>\n<td width=\"14%\"><strong>\u00a0<\/strong><\/td>\n<td class=\"thHorz\" width=\"38%\">Group contr\u00f4leur de niveau \u00e0 3 capteurs<\/td>\n<td class=\"thHorz\" width=\"46%\">Group contr\u00f4leur de niveau \u00e0 4 capteurs<\/td>\n<\/tr>\n<tr>\n<td class=\"thVert\" width=\"14%\">Code<\/td>\n<td width=\"38%\">GCL<\/td>\n<td width=\"46%\">GCL4<\/td>\n<\/tr>\n<tr>\n<td class=\"thVert\" width=\"14%\">Alimentation<\/td>\n<td width=\"38%\">220 VAC, 50 Hz<\/td>\n<td width=\"46%\">220 VAC, 50 Hz<\/td>\n<\/tr>\n<tr>\n<td class=\"thVert\" width=\"14%\">Protection<\/td>\n<td width=\"38%\">IP55<\/td>\n<td width=\"46%\">IP55<\/td>\n<\/tr>\n<tr>\n<td class=\"thVert\" width=\"14%\">Dimensions<\/td>\n<td width=\"38%\">340 x 236 x 126 mm<\/td>\n<td width=\"46%\">340 x 236 x 126 mm<\/td>\n<\/tr>\n<\/tbody>\n<\/table>\n<\/div>\n<p>&nbsp;<\/p>\n<h3>Downloads<\/h3>\n<div class=\"divide-line text-left\"><\/div>\n<div>\n<div style=\"float: left; padding: 5px; text-align: center; width: 150px;\"><a href=\"https:\/\/www.cascade.it\/new\/wp-content\/uploads\/2023\/06\/CASCADE-GCL-FR.pdf\" target=\"_blank\" rel=\"noopener\"><img loading=\"lazy\" decoding=\"async\" class=\"alignnone wp-image-783\" src=\"https:\/\/www.cascade.it\/new\/wp-content\/uploads\/2019\/02\/pdf-icon-png-7.jpg\" alt=\"\" width=\"91\" height=\"91\" srcset=\"https:\/\/www.cascade.it\/new\/wp-content\/uploads\/2019\/02\/pdf-icon-png-7.jpg 254w, https:\/\/www.cascade.it\/new\/wp-content\/uploads\/2019\/02\/pdf-icon-png-7-150x150.jpg 150w, https:\/\/www.cascade.it\/new\/wp-content\/uploads\/2019\/02\/pdf-icon-png-7-100x100.jpg 100w\" sizes=\"auto, (max-width: 91px) 100vw, 91px\" \/><\/a><br \/>\nGCL Fiche<\/div>\n<div style=\"padding: 5px; text-align: center; float: left; margin-left: 20px;\"><a href=\"https:\/\/www.cascade.it\/new\/wp-content\/uploads\/2023\/06\/CASCADE-GCL4-FR.pdf\" target=\"_blank\" rel=\"noopener\"><img loading=\"lazy\" decoding=\"async\" class=\"alignnone wp-image-783\" src=\"https:\/\/www.cascade.it\/new\/wp-content\/uploads\/2019\/02\/pdf-icon-png-7.jpg\" alt=\"\" width=\"91\" height=\"91\" srcset=\"https:\/\/www.cascade.it\/new\/wp-content\/uploads\/2019\/02\/pdf-icon-png-7.jpg 254w, https:\/\/www.cascade.it\/new\/wp-content\/uploads\/2019\/02\/pdf-icon-png-7-150x150.jpg 150w, https:\/\/www.cascade.it\/new\/wp-content\/uploads\/2019\/02\/pdf-icon-png-7-100x100.jpg 100w\" sizes=\"auto, (max-width: 91px) 100vw, 91px\" \/><\/a><br \/>\nGCL4 Fiche<\/div>\n<div style=\"clear: both;\"><\/div>\n<\/div>\n","protected":false},"excerpt":{"rendered":"<p>[vc_row][vc_column][vc_empty_space height=\u00a0\u00bb50&Prime; height_mobile=\u00a0\u00bb150&Prime;][vc_column_text spacing_heading=\u00a0\u00bb\u00a0\u00bb spacing_heading_tab=\u00a0\u00bb\u00a0\u00bb spacing_heading_mobile=\u00a0\u00bb\u00a0\u00bb] Group contr\u00f4leur de niveau \u00e0 3-4 capteurs pour fontaines Syst\u00e8me autonome, d\u00e9j\u00e0 assembl\u00e9 dans un bo\u00eetier IP55, comprenant le Contr\u00f4leur du niveau \u00e0 3-4 capteurs, le transformateur de puissance de l&rsquo;\u00e9lectrovanne et un timer. Utile pour maintenir le niveau d&rsquo;eau des fontaines au seuil souhait\u00e9. D\u00e9tection par 3 ou [&hellip;]<\/p>\n","protected":false},"featured_media":11718,"template":"","meta":[],"product_brand":[],"product_cat":[289],"product_tag":[],"class_list":{"0":"post-3224","1":"product","2":"type-product","3":"status-publish","4":"has-post-thumbnail","6":"product_cat-systemes-de-controle-niveau-eau","8":"first","9":"instock","10":"shipping-taxable","11":"product-type-simple"},"yoast_head":"<!-- This site is optimized with the Yoast SEO plugin v26.7 - https:\/\/yoast.com\/wordpress\/plugins\/seo\/ -->\n<title>Group contr\u00f4leur de niveau \u00e0 3-4 capteurs pour fontaines - Cascade<\/title>\n<meta name=\"description\" content=\"Syst\u00e8me autonome, d\u00e9j\u00e0 assembl\u00e9 dans un bo\u00eetier IP55, comprenant le Contr\u00f4leur du niveau, le transformateur de puissance de l&#039;\u00e9lectrovanne et un timer.\" \/>\n<meta name=\"robots\" content=\"index, follow, max-snippet:-1, max-image-preview:large, max-video-preview:-1\" \/>\n<link rel=\"canonical\" href=\"https:\/\/www.cascade.it\/fr\/prodotto\/group-controleur-de-niveau-a-3-4-capteurs\/\" \/>\n<meta property=\"og:locale\" content=\"fr_FR\" \/>\n<meta property=\"og:type\" content=\"article\" \/>\n<meta property=\"og:title\" content=\"Group contr\u00f4leur de niveau \u00e0 3-4 capteurs pour fontaines - Cascade\" \/>\n<meta property=\"og:description\" content=\"Syst\u00e8me autonome, d\u00e9j\u00e0 assembl\u00e9 dans un bo\u00eetier IP55, comprenant le Contr\u00f4leur du niveau, le transformateur de puissance de l&#039;\u00e9lectrovanne et un timer.\" \/>\n<meta property=\"og:url\" content=\"https:\/\/www.cascade.it\/fr\/prodotto\/group-controleur-de-niveau-a-3-4-capteurs\/\" \/>\n<meta property=\"og:site_name\" content=\"Cascade\" \/>\n<meta property=\"article:modified_time\" content=\"2023-06-28T15:18:07+00:00\" \/>\n<meta property=\"og:image\" content=\"https:\/\/www.cascade.it\/new\/wp-content\/uploads\/2019\/02\/NUOVO-GRUPPO-CENTRALINA-DI-LIVELLO-A-3-4-SENSORI-L.jpg\" \/>\n\t<meta property=\"og:image:width\" content=\"600\" \/>\n\t<meta property=\"og:image:height\" content=\"600\" \/>\n\t<meta property=\"og:image:type\" content=\"image\/jpeg\" \/>\n<meta name=\"twitter:card\" content=\"summary_large_image\" \/>\n<meta name=\"twitter:label1\" content=\"Dur\u00e9e de lecture estim\u00e9e\" \/>\n\t<meta name=\"twitter:data1\" content=\"2 minutes\" \/>\n<!-- \/ Yoast SEO plugin. -->","yoast_head_json":{"title":"Group contr\u00f4leur de niveau \u00e0 3-4 capteurs pour fontaines - Cascade","description":"Syst\u00e8me autonome, d\u00e9j\u00e0 assembl\u00e9 dans un bo\u00eetier IP55, comprenant le Contr\u00f4leur du niveau, le transformateur de puissance de l'\u00e9lectrovanne et un timer.","robots":{"index":"index","follow":"follow","max-snippet":"max-snippet:-1","max-image-preview":"max-image-preview:large","max-video-preview":"max-video-preview:-1"},"canonical":"https:\/\/www.cascade.it\/fr\/prodotto\/group-controleur-de-niveau-a-3-4-capteurs\/","og_locale":"fr_FR","og_type":"article","og_title":"Group contr\u00f4leur de niveau \u00e0 3-4 capteurs pour fontaines - Cascade","og_description":"Syst\u00e8me autonome, d\u00e9j\u00e0 assembl\u00e9 dans un bo\u00eetier IP55, comprenant le Contr\u00f4leur du niveau, le transformateur de puissance de l'\u00e9lectrovanne et un timer.","og_url":"https:\/\/www.cascade.it\/fr\/prodotto\/group-controleur-de-niveau-a-3-4-capteurs\/","og_site_name":"Cascade","article_modified_time":"2023-06-28T15:18:07+00:00","og_image":[{"width":600,"height":600,"url":"https:\/\/www.cascade.it\/new\/wp-content\/uploads\/2019\/02\/NUOVO-GRUPPO-CENTRALINA-DI-LIVELLO-A-3-4-SENSORI-L.jpg","type":"image\/jpeg"}],"twitter_card":"summary_large_image","twitter_misc":{"Dur\u00e9e de lecture estim\u00e9e":"2 minutes"},"schema":{"@context":"https:\/\/schema.org","@graph":[{"@type":"WebPage","@id":"https:\/\/www.cascade.it\/fr\/prodotto\/group-controleur-de-niveau-a-3-4-capteurs\/","url":"https:\/\/www.cascade.it\/fr\/prodotto\/group-controleur-de-niveau-a-3-4-capteurs\/","name":"Group contr\u00f4leur de niveau \u00e0 3-4 capteurs pour fontaines - Cascade","isPartOf":{"@id":"https:\/\/www.cascade.it\/fr\/#website"},"primaryImageOfPage":{"@id":"https:\/\/www.cascade.it\/fr\/prodotto\/group-controleur-de-niveau-a-3-4-capteurs\/#primaryimage"},"image":{"@id":"https:\/\/www.cascade.it\/fr\/prodotto\/group-controleur-de-niveau-a-3-4-capteurs\/#primaryimage"},"thumbnailUrl":"https:\/\/www.cascade.it\/new\/wp-content\/uploads\/2019\/02\/NUOVO-GRUPPO-CENTRALINA-DI-LIVELLO-A-3-4-SENSORI-L.jpg","datePublished":"2019-02-27T08:33:28+00:00","dateModified":"2023-06-28T15:18:07+00:00","description":"Syst\u00e8me autonome, d\u00e9j\u00e0 assembl\u00e9 dans un bo\u00eetier IP55, comprenant le Contr\u00f4leur du niveau, le transformateur de puissance de l'\u00e9lectrovanne et un timer.","breadcrumb":{"@id":"https:\/\/www.cascade.it\/fr\/prodotto\/group-controleur-de-niveau-a-3-4-capteurs\/#breadcrumb"},"inLanguage":"fr-FR","potentialAction":[{"@type":"ReadAction","target":["https:\/\/www.cascade.it\/fr\/prodotto\/group-controleur-de-niveau-a-3-4-capteurs\/"]}]},{"@type":"ImageObject","inLanguage":"fr-FR","@id":"https:\/\/www.cascade.it\/fr\/prodotto\/group-controleur-de-niveau-a-3-4-capteurs\/#primaryimage","url":"https:\/\/www.cascade.it\/new\/wp-content\/uploads\/2019\/02\/NUOVO-GRUPPO-CENTRALINA-DI-LIVELLO-A-3-4-SENSORI-L.jpg","contentUrl":"https:\/\/www.cascade.it\/new\/wp-content\/uploads\/2019\/02\/NUOVO-GRUPPO-CENTRALINA-DI-LIVELLO-A-3-4-SENSORI-L.jpg","width":600,"height":600},{"@type":"BreadcrumbList","@id":"https:\/\/www.cascade.it\/fr\/prodotto\/group-controleur-de-niveau-a-3-4-capteurs\/#breadcrumb","itemListElement":[{"@type":"ListItem","position":1,"name":"Home","item":"https:\/\/www.cascade.it\/fr\/"},{"@type":"ListItem","position":2,"name":"Boutique","item":"https:\/\/www.cascade.it\/fr\/boutique\/"},{"@type":"ListItem","position":3,"name":"Group contr\u00f4leur de niveau \u00e0 3-4 capteurs"}]},{"@type":"WebSite","@id":"https:\/\/www.cascade.it\/fr\/#website","url":"https:\/\/www.cascade.it\/fr\/","name":"Cascade","description":"More than a fountain","potentialAction":[{"@type":"SearchAction","target":{"@type":"EntryPoint","urlTemplate":"https:\/\/www.cascade.it\/fr\/?s={search_term_string}"},"query-input":{"@type":"PropertyValueSpecification","valueRequired":true,"valueName":"search_term_string"}}],"inLanguage":"fr-FR"}]}},"_links":{"self":[{"href":"https:\/\/www.cascade.it\/fr\/wp-json\/wp\/v2\/product\/3224","targetHints":{"allow":["GET"]}}],"collection":[{"href":"https:\/\/www.cascade.it\/fr\/wp-json\/wp\/v2\/product"}],"about":[{"href":"https:\/\/www.cascade.it\/fr\/wp-json\/wp\/v2\/types\/product"}],"wp:featuredmedia":[{"embeddable":true,"href":"https:\/\/www.cascade.it\/fr\/wp-json\/wp\/v2\/media\/11718"}],"wp:attachment":[{"href":"https:\/\/www.cascade.it\/fr\/wp-json\/wp\/v2\/media?parent=3224"}],"wp:term":[{"taxonomy":"product_brand","embeddable":true,"href":"https:\/\/www.cascade.it\/fr\/wp-json\/wp\/v2\/product_brand?post=3224"},{"taxonomy":"product_cat","embeddable":true,"href":"https:\/\/www.cascade.it\/fr\/wp-json\/wp\/v2\/product_cat?post=3224"},{"taxonomy":"product_tag","embeddable":true,"href":"https:\/\/www.cascade.it\/fr\/wp-json\/wp\/v2\/product_tag?post=3224"}],"curies":[{"name":"wp","href":"https:\/\/api.w.org\/{rel}","templated":true}]}}