{"id":3220,"date":"2019-02-27T09:29:40","date_gmt":"2019-02-27T08:29:40","guid":{"rendered":"https:\/\/www.cascade.it\/new\/prodotto\/centralina-di-livello-3-4-sensori\/"},"modified":"2022-07-01T10:54:04","modified_gmt":"2022-07-01T08:54:04","slug":"controleur-de-niveau-3-4-capteurs","status":"publish","type":"product","link":"https:\/\/www.cascade.it\/fr\/prodotto\/controleur-de-niveau-3-4-capteurs\/","title":{"rendered":"Contr\u00f4leur de niveau \u00e0 3-4 capteurs"},"content":{"rendered":"<p>[vc_row][vc_column][vc_empty_space height=\u00a0\u00bb50&Prime; height_mobile=\u00a0\u00bb130&Prime;][vc_column_text spacing_heading=\u00a0\u00bb\u00a0\u00bb spacing_heading_tab=\u00a0\u00bb\u00a0\u00bb spacing_heading_mobile=\u00a0\u00bb\u00a0\u00bb]<\/p>\n<div class=\"carousel-slider-outer carousel-slider-outer-image-carousel carousel-slider-outer-1323\" style=\"--carousel-slider-nav-color:#f1f1f1;--carousel-slider-active-nav-color:#00d1b2;--carousel-slider-arrow-size:48px;--carousel-slider-bullet-size:10px\">\n<div id=\"&#039;id-1323\" class=\"carousel-slider carousel-slider-1323 arrows-visibility-hover dots-visibility-never arrows-outside dots-center dots-square owl-carousel\" data-slide-type=\"image-carousel\" data-owl-settings='{\"nav\":true,\"dots\":false,\"slideBy\":1,\"stagePadding\":0,\"margin\":10,\"loop\":true,\"lazyLoad\":true,\"autoplay\":true,\"autoplayTimeout\":5000,\"autoplaySpeed\":500,\"autoplayHoverPause\":true,\"autoWidth\":false,\"responsive\":{\"300\":{\"items\":1},\"576\":{\"items\":2},\"768\":{\"items\":2},\"1024\":{\"items\":3},\"1280\":{\"items\":3},\"1536\":{\"items\":3}}}'>\n<div class=\"carousel-slider__item\">\n\t<img class=\"owl-lazy\" data-src=\"https:\/\/www.cascade.it\/new\/wp-content\/uploads\/2022\/07\/Centralina-di-livello-a-3-sensori.jpg\" alt=\"\"><\/a><\/div>\n\n<div class=\"carousel-slider__item\">\n\t<img class=\"owl-lazy\" data-src=\"https:\/\/www.cascade.it\/new\/wp-content\/uploads\/2022\/07\/Centralina-di-livello-4-sensori.jpg\" alt=\"\"><\/a><\/div>\n\n<div class=\"carousel-slider__item\">\n\t<img class=\"owl-lazy\" data-src=\"https:\/\/www.cascade.it\/new\/wp-content\/uploads\/2019\/07\/Centralina-di-livello-a-3-4-sensori-1.jpg\" alt=\"\"><\/a><\/div>\n\n<\/div><!-- .carousel-slider-1323 -->\n<\/div><!-- .carousel-slider-outer-1323 -->\n\n<h1><span style=\"color: #1e73be;\">Contr\u00f4leur de niveau \u00e0 3-4 capteurs pour fontaines<\/span><\/h1>\n<p><strong>R\u00e9gulateur de niveau d&rsquo;eau<\/strong> pour fontaines, utilis\u00e9 avec une fonction de <strong>remplissage.<\/strong> D\u00e9tection par <strong>3 ou 4 sondes<\/strong> (niveau nominal, remplissage, bloc, sonde de r\u00e9f\u00e9rence).<\/p>\n<p>En utilisant les <strong>potentiom\u00e8tres frontaux,<\/strong> il est possible de r\u00e9gler le <strong>retard des sondes<\/strong>\u00a0de 1 \u00e0 10 s, pour \u00e9viter les fausses interventions dues \u00e0 l&rsquo;eau en mouvement, et le <strong>retard de d\u00e9marrage de la pompe<\/strong> de 0 \u00e0 30 min.<\/p>\n<p>Equip\u00e9 de 2 sorties relais (1 N.O. + 1 \u00e9change).<\/p>\n<p>\u00c0 utiliser en combinaison avec un parmi <a href=\"https:\/\/www.cascade.it\/fr\/prodotto\/controle-de-niveau-encastrable\/\"><span style=\"text-decoration: underline;\"><strong>Contr\u00f4le de niveau encastrable<\/strong><\/span><\/a>, <a href=\"https:\/\/www.cascade.it\/fr\/prodotto\/controle-de-niveau-visible\/\"><span style=\"text-decoration: underline;\"><strong>Contr\u00f4le de niveau visible<\/strong><\/span><\/a>, <a href=\"https:\/\/www.cascade.it\/fr\/prodotto\/trop-plein-encastrable-avec-controle-de-niveau\/\"><strong><span style=\"text-decoration: underline;\">Trop-plein encastrable avec Contr\u00f4le de niveau<\/span><\/strong><\/a> et <a href=\"https:\/\/www.cascade.it\/fr\/prodotto\/trop-plein-au-sol-avec-controle-de-niveau\/\"><span style=\"text-decoration: underline;\"><strong>Trop-plein au sol avec Contr\u00f4le de niveau<\/strong><\/span><\/a>.<\/p>\n<p>&nbsp;<\/p>\n<h3>Donn\u00e9es techniques<\/h3>\n<div style=\"overflow-x: auto;\">\n<table width=\"81%\">\n<tbody>\n<tr>\n<td width=\"20%\"><strong>\u00a0<\/strong><\/td>\n<td class=\"thHorz\" width=\"39%\">Contr\u00f4leur de niveau \u00e0 3 capteurs<\/td>\n<td class=\"thHorz\" width=\"39%\">Contr\u00f4leur de niveau \u00e0 4 capteurs<\/td>\n<\/tr>\n<tr>\n<td class=\"thVert\" width=\"20%\">Code<\/td>\n<td width=\"39%\">CLQ<\/td>\n<td width=\"39%\">CLQ4<\/td>\n<\/tr>\n<tr>\n<td class=\"thVert\" width=\"20%\">Alimentation<\/td>\n<td width=\"39%\">0-24 Vca, 50-60 Hz<\/td>\n<td width=\"39%\">0-24 Vca, 50-60 Hz<\/td>\n<\/tr>\n<tr>\n<td class=\"thVert\" width=\"20%\">Puissance absorb\u00e9e<\/td>\n<td width=\"39%\">5,5 VA<\/td>\n<td width=\"39%\">4,5 VA<\/td>\n<\/tr>\n<tr>\n<td class=\"thVert\" width=\"20%\">Relais sorties<\/td>\n<td width=\"39%\">2 (inverseurs)<\/td>\n<td width=\"39%\">2 (1 N.O. + 1 inverseur)<\/td>\n<\/tr>\n<tr>\n<td class=\"thVert\" width=\"20%\">Tension nominale relais<\/td>\n<td width=\"39%\">250 Vca<\/td>\n<td width=\"39%\">250 Vca<\/td>\n<\/tr>\n<tr>\n<td class=\"thVert\" width=\"20%\">Dimensions<\/td>\n<td width=\"39%\">53,5 x 90 x 63 mm<\/td>\n<td width=\"39%\">53,5 x 90 x 63 mm<\/td>\n<\/tr>\n<tr>\n<td class=\"thVert\" width=\"20%\">Mat\u00e9riel<\/td>\n<td width=\"39%\">Polyamide<\/td>\n<td width=\"39%\">Polyamide<\/td>\n<\/tr>\n<\/tbody>\n<\/table>\n<\/div>\n<p>&nbsp;<\/p>\n<h3>Downloads<\/h3>\n<div class=\"divide-line text-left\"><\/div>\n<div>\n<div style=\"float: left; padding: 5px; text-align: center; width: 150px;\"><a href=\"https:\/\/www.cascade.it\/new\/wp-content\/uploads\/2022\/07\/CASCADE-CLQ-FR.pdf\" target=\"_blank\" rel=\"noopener\"><img loading=\"lazy\" decoding=\"async\" class=\"alignnone wp-image-783\" src=\"https:\/\/www.cascade.it\/new\/wp-content\/uploads\/2019\/02\/pdf-icon-png-7.jpg\" alt=\"\" width=\"91\" height=\"91\" srcset=\"https:\/\/www.cascade.it\/new\/wp-content\/uploads\/2019\/02\/pdf-icon-png-7.jpg 254w, https:\/\/www.cascade.it\/new\/wp-content\/uploads\/2019\/02\/pdf-icon-png-7-150x150.jpg 150w, https:\/\/www.cascade.it\/new\/wp-content\/uploads\/2019\/02\/pdf-icon-png-7-100x100.jpg 100w\" sizes=\"auto, (max-width: 91px) 100vw, 91px\" \/><\/a><br \/>\nCLQ Fiche<\/div>\n<div style=\"padding: 5px; text-align: center; float: left; margin-left: 20px;\"><a href=\"https:\/\/www.cascade.it\/new\/wp-content\/uploads\/2022\/07\/CASCADE-CLQ4-FR.pdf\" target=\"_blank\" rel=\"noopener\"><img loading=\"lazy\" decoding=\"async\" class=\"alignnone wp-image-783\" src=\"https:\/\/www.cascade.it\/new\/wp-content\/uploads\/2019\/02\/pdf-icon-png-7.jpg\" alt=\"\" width=\"91\" height=\"91\" srcset=\"https:\/\/www.cascade.it\/new\/wp-content\/uploads\/2019\/02\/pdf-icon-png-7.jpg 254w, https:\/\/www.cascade.it\/new\/wp-content\/uploads\/2019\/02\/pdf-icon-png-7-150x150.jpg 150w, https:\/\/www.cascade.it\/new\/wp-content\/uploads\/2019\/02\/pdf-icon-png-7-100x100.jpg 100w\" sizes=\"auto, (max-width: 91px) 100vw, 91px\" \/><\/a><br \/>\nCLQ4 Fiche<\/div>\n<div style=\"clear: both;\"><\/div>\n<\/div>\n","protected":false},"excerpt":{"rendered":"<p>[vc_row][vc_column][vc_empty_space height=\u00a0\u00bb50&Prime; height_mobile=\u00a0\u00bb130&Prime;][vc_column_text spacing_heading=\u00a0\u00bb\u00a0\u00bb spacing_heading_tab=\u00a0\u00bb\u00a0\u00bb spacing_heading_mobile=\u00a0\u00bb\u00a0\u00bb] Contr\u00f4leur de niveau \u00e0 3-4 capteurs pour fontaines R\u00e9gulateur de niveau d&rsquo;eau pour fontaines, utilis\u00e9 avec une fonction de remplissage. D\u00e9tection par 3 ou 4 sondes (niveau nominal, remplissage, bloc, sonde de r\u00e9f\u00e9rence). En utilisant les potentiom\u00e8tres frontaux, il est possible de r\u00e9gler le retard des sondes\u00a0de 1 \u00e0 [&hellip;]<\/p>\n","protected":false},"featured_media":3221,"template":"","meta":[],"product_brand":[],"product_cat":[289],"product_tag":[],"class_list":{"0":"post-3220","1":"product","2":"type-product","3":"status-publish","4":"has-post-thumbnail","6":"product_cat-systemes-de-controle-niveau-eau","8":"first","9":"instock","10":"shipping-taxable","11":"product-type-simple"},"yoast_head":"<!-- This site is optimized with the Yoast SEO plugin v26.7 - https:\/\/yoast.com\/wordpress\/plugins\/seo\/ -->\n<title>Contr\u00f4leur de niveau \u00e0 3-4 capteurs pour fontaines - Cascade<\/title>\n<meta name=\"description\" content=\"Utilis\u00e9 avec une fonction de remplissage. D\u00e9tection par 3 ou 4 sondes (niveau nominal, remplissage, bloc, sonde de r\u00e9f\u00e9rence).\" \/>\n<meta name=\"robots\" content=\"index, follow, max-snippet:-1, max-image-preview:large, max-video-preview:-1\" \/>\n<link rel=\"canonical\" href=\"https:\/\/www.cascade.it\/fr\/prodotto\/controleur-de-niveau-3-4-capteurs\/\" \/>\n<meta property=\"og:locale\" content=\"fr_FR\" \/>\n<meta property=\"og:type\" content=\"article\" \/>\n<meta property=\"og:title\" content=\"Contr\u00f4leur de niveau \u00e0 3-4 capteurs pour fontaines - Cascade\" \/>\n<meta property=\"og:description\" content=\"Utilis\u00e9 avec une fonction de remplissage. D\u00e9tection par 3 ou 4 sondes (niveau nominal, remplissage, bloc, sonde de r\u00e9f\u00e9rence).\" \/>\n<meta property=\"og:url\" content=\"https:\/\/www.cascade.it\/fr\/prodotto\/controleur-de-niveau-3-4-capteurs\/\" \/>\n<meta property=\"og:site_name\" content=\"Cascade\" \/>\n<meta property=\"article:modified_time\" content=\"2022-07-01T08:54:04+00:00\" \/>\n<meta property=\"og:image\" content=\"https:\/\/www.cascade.it\/new\/wp-content\/uploads\/Prodotti\/Sistemi_elettronici_di_controllo_per_fontane\/Sistemi_di_controllo_livello_vasca\/CENTRALINA-DI-LIVELLO-A-3-4-SENSORI.jpg\" \/>\n\t<meta property=\"og:image:width\" content=\"1300\" \/>\n\t<meta property=\"og:image:height\" content=\"1300\" \/>\n\t<meta property=\"og:image:type\" content=\"image\/jpeg\" \/>\n<meta name=\"twitter:card\" content=\"summary_large_image\" \/>\n<meta name=\"twitter:label1\" content=\"Dur\u00e9e de lecture estim\u00e9e\" \/>\n\t<meta name=\"twitter:data1\" content=\"2 minutes\" \/>\n<!-- \/ Yoast SEO plugin. -->","yoast_head_json":{"title":"Contr\u00f4leur de niveau \u00e0 3-4 capteurs pour fontaines - Cascade","description":"Utilis\u00e9 avec une fonction de remplissage. D\u00e9tection par 3 ou 4 sondes (niveau nominal, remplissage, bloc, sonde de r\u00e9f\u00e9rence).","robots":{"index":"index","follow":"follow","max-snippet":"max-snippet:-1","max-image-preview":"max-image-preview:large","max-video-preview":"max-video-preview:-1"},"canonical":"https:\/\/www.cascade.it\/fr\/prodotto\/controleur-de-niveau-3-4-capteurs\/","og_locale":"fr_FR","og_type":"article","og_title":"Contr\u00f4leur de niveau \u00e0 3-4 capteurs pour fontaines - Cascade","og_description":"Utilis\u00e9 avec une fonction de remplissage. D\u00e9tection par 3 ou 4 sondes (niveau nominal, remplissage, bloc, sonde de r\u00e9f\u00e9rence).","og_url":"https:\/\/www.cascade.it\/fr\/prodotto\/controleur-de-niveau-3-4-capteurs\/","og_site_name":"Cascade","article_modified_time":"2022-07-01T08:54:04+00:00","og_image":[{"width":1300,"height":1300,"url":"https:\/\/www.cascade.it\/new\/wp-content\/uploads\/Prodotti\/Sistemi_elettronici_di_controllo_per_fontane\/Sistemi_di_controllo_livello_vasca\/CENTRALINA-DI-LIVELLO-A-3-4-SENSORI.jpg","type":"image\/jpeg"}],"twitter_card":"summary_large_image","twitter_misc":{"Dur\u00e9e de lecture estim\u00e9e":"2 minutes"},"schema":{"@context":"https:\/\/schema.org","@graph":[{"@type":"WebPage","@id":"https:\/\/www.cascade.it\/fr\/prodotto\/controleur-de-niveau-3-4-capteurs\/","url":"https:\/\/www.cascade.it\/fr\/prodotto\/controleur-de-niveau-3-4-capteurs\/","name":"Contr\u00f4leur de niveau \u00e0 3-4 capteurs pour fontaines - Cascade","isPartOf":{"@id":"https:\/\/www.cascade.it\/fr\/#website"},"primaryImageOfPage":{"@id":"https:\/\/www.cascade.it\/fr\/prodotto\/controleur-de-niveau-3-4-capteurs\/#primaryimage"},"image":{"@id":"https:\/\/www.cascade.it\/fr\/prodotto\/controleur-de-niveau-3-4-capteurs\/#primaryimage"},"thumbnailUrl":"https:\/\/www.cascade.it\/new\/wp-content\/uploads\/Prodotti\/Sistemi_elettronici_di_controllo_per_fontane\/Sistemi_di_controllo_livello_vasca\/CENTRALINA-DI-LIVELLO-A-3-4-SENSORI.jpg","datePublished":"2019-02-27T08:29:40+00:00","dateModified":"2022-07-01T08:54:04+00:00","description":"Utilis\u00e9 avec une fonction de remplissage. D\u00e9tection par 3 ou 4 sondes (niveau nominal, remplissage, bloc, sonde de r\u00e9f\u00e9rence).","breadcrumb":{"@id":"https:\/\/www.cascade.it\/fr\/prodotto\/controleur-de-niveau-3-4-capteurs\/#breadcrumb"},"inLanguage":"fr-FR","potentialAction":[{"@type":"ReadAction","target":["https:\/\/www.cascade.it\/fr\/prodotto\/controleur-de-niveau-3-4-capteurs\/"]}]},{"@type":"ImageObject","inLanguage":"fr-FR","@id":"https:\/\/www.cascade.it\/fr\/prodotto\/controleur-de-niveau-3-4-capteurs\/#primaryimage","url":"https:\/\/www.cascade.it\/new\/wp-content\/uploads\/Prodotti\/Sistemi_elettronici_di_controllo_per_fontane\/Sistemi_di_controllo_livello_vasca\/CENTRALINA-DI-LIVELLO-A-3-4-SENSORI.jpg","contentUrl":"https:\/\/www.cascade.it\/new\/wp-content\/uploads\/Prodotti\/Sistemi_elettronici_di_controllo_per_fontane\/Sistemi_di_controllo_livello_vasca\/CENTRALINA-DI-LIVELLO-A-3-4-SENSORI.jpg","width":1300,"height":1300},{"@type":"BreadcrumbList","@id":"https:\/\/www.cascade.it\/fr\/prodotto\/controleur-de-niveau-3-4-capteurs\/#breadcrumb","itemListElement":[{"@type":"ListItem","position":1,"name":"Home","item":"https:\/\/www.cascade.it\/fr\/"},{"@type":"ListItem","position":2,"name":"Boutique","item":"https:\/\/www.cascade.it\/fr\/boutique\/"},{"@type":"ListItem","position":3,"name":"Contr\u00f4leur de niveau \u00e0 3-4 capteurs"}]},{"@type":"WebSite","@id":"https:\/\/www.cascade.it\/fr\/#website","url":"https:\/\/www.cascade.it\/fr\/","name":"Cascade","description":"More than a fountain","potentialAction":[{"@type":"SearchAction","target":{"@type":"EntryPoint","urlTemplate":"https:\/\/www.cascade.it\/fr\/?s={search_term_string}"},"query-input":{"@type":"PropertyValueSpecification","valueRequired":true,"valueName":"search_term_string"}}],"inLanguage":"fr-FR"}]}},"_links":{"self":[{"href":"https:\/\/www.cascade.it\/fr\/wp-json\/wp\/v2\/product\/3220","targetHints":{"allow":["GET"]}}],"collection":[{"href":"https:\/\/www.cascade.it\/fr\/wp-json\/wp\/v2\/product"}],"about":[{"href":"https:\/\/www.cascade.it\/fr\/wp-json\/wp\/v2\/types\/product"}],"wp:featuredmedia":[{"embeddable":true,"href":"https:\/\/www.cascade.it\/fr\/wp-json\/wp\/v2\/media\/3221"}],"wp:attachment":[{"href":"https:\/\/www.cascade.it\/fr\/wp-json\/wp\/v2\/media?parent=3220"}],"wp:term":[{"taxonomy":"product_brand","embeddable":true,"href":"https:\/\/www.cascade.it\/fr\/wp-json\/wp\/v2\/product_brand?post=3220"},{"taxonomy":"product_cat","embeddable":true,"href":"https:\/\/www.cascade.it\/fr\/wp-json\/wp\/v2\/product_cat?post=3220"},{"taxonomy":"product_tag","embeddable":true,"href":"https:\/\/www.cascade.it\/fr\/wp-json\/wp\/v2\/product_tag?post=3220"}],"curies":[{"name":"wp","href":"https:\/\/api.w.org\/{rel}","templated":true}]}}