{"id":3215,"date":"2019-02-27T09:24:27","date_gmt":"2019-02-27T08:24:27","guid":{"rendered":"https:\/\/www.cascade.it\/new\/prodotto\/sensore-vento\/"},"modified":"2020-07-20T15:04:40","modified_gmt":"2020-07-20T13:04:40","slug":"capteur-de-vent","status":"publish","type":"product","link":"https:\/\/www.cascade.it\/fr\/prodotto\/capteur-de-vent\/","title":{"rendered":"Capteur de vent"},"content":{"rendered":"<p>[vc_row][vc_column][vc_empty_space height=\u00a0\u00bb50&Prime; height_mobile=\u00a0\u00bb100&Prime;][vc_column_text spacing_heading=\u00a0\u00bb\u00a0\u00bb spacing_heading_tab=\u00a0\u00bb\u00a0\u00bb spacing_heading_mobile=\u00a0\u00bb\u00a0\u00bb]<\/p>\n<div class=\"carousel-slider-outer carousel-slider-outer-image-carousel carousel-slider-outer-1319\" style=\"--carousel-slider-nav-color:#f1f1f1;--carousel-slider-active-nav-color:#00d1b2;--carousel-slider-arrow-size:48px;--carousel-slider-bullet-size:10px\">\n<div id=\"&#039;id-1319\" class=\"carousel-slider carousel-slider-1319 arrows-visibility-hover dots-visibility-never arrows-outside dots-center dots-square owl-carousel\" data-slide-type=\"image-carousel\" data-owl-settings='{\"nav\":true,\"dots\":false,\"slideBy\":1,\"stagePadding\":0,\"margin\":10,\"loop\":true,\"lazyLoad\":true,\"autoplay\":true,\"autoplayTimeout\":5000,\"autoplaySpeed\":500,\"autoplayHoverPause\":true,\"autoWidth\":false,\"responsive\":{\"300\":{\"items\":1},\"576\":{\"items\":2},\"768\":{\"items\":2},\"1024\":{\"items\":3},\"1280\":{\"items\":3},\"1536\":{\"items\":3}}}'>\n<div class=\"carousel-slider__item\">\n\t<img class=\"owl-lazy\" data-src=\"https:\/\/www.cascade.it\/new\/wp-content\/uploads\/2019\/07\/Sensore-vento.jpg\" alt=\"\"><\/a><\/div>\n\n<div class=\"carousel-slider__item\">\n\t<img class=\"owl-lazy\" data-src=\"https:\/\/www.cascade.it\/new\/wp-content\/uploads\/2022\/06\/2-Anemometro-ad-una-soglia-SCV1-1.jpg\" alt=\"\"><\/a><\/div>\n\n<div class=\"carousel-slider__item\">\n\t<img class=\"owl-lazy\" data-src=\"https:\/\/www.cascade.it\/new\/wp-content\/uploads\/2022\/06\/3-Anemometro-ad-una-soglia-SCV1-1.jpg\" alt=\"\"><\/a><\/div>\n\n<\/div><!-- .carousel-slider-1319 -->\n<\/div><!-- .carousel-slider-outer-1319 -->\n\n<h1><span style=\"color: #1e73be;\">Capteur de vent<\/span><\/h1>\n<p>Vous permet de mesurer la vitesse du vent, produisant un signal analogique correspondant.<\/p>\n<p>\u00c0 utiliser en combinaison avec l&rsquo;<a href=\"https:\/\/www.cascade.it\/fr\/prodotto\/anemometre-scv1\/\"><span style=\"text-decoration: underline;\"><strong>An\u00e9mom\u00e8tre \u00e0 un seuil SCV1<\/strong><\/span><\/a> et l&rsquo;<a href=\"https:\/\/www.cascade.it\/fr\/prodotto\/anemometre-a-quatre-seuils-scv4\/\"><span style=\"text-decoration: underline;\"><strong>An\u00e9mom\u00e8tre \u00e0 quatre seuils SCV4<\/strong><\/span><\/a>.<\/p>\n<p>&nbsp;<\/p>\n<h3>Donn\u00e9es techniques<\/h3>\n<div style=\"overflow-x: auto;\">\n<table width=\"81%\">\n<tbody>\n<tr>\n<td width=\"19%\"><strong>\u00a0<\/strong><\/td>\n<td class=\"thHorz\" width=\"80%\">Capteur de vent<\/td>\n<\/tr>\n<tr>\n<td class=\"thVert\" width=\"19%\">Code<\/td>\n<td width=\"80%\">SCVS<\/td>\n<\/tr>\n<tr>\n<td class=\"thVert\" width=\"19%\">Intervalle vitesse du vent<\/td>\n<td width=\"80%\">10 \u2013 50 Km\/h<\/td>\n<\/tr>\n<tr>\n<td class=\"thVert\" width=\"19%\">Protection<\/td>\n<td width=\"80%\">IP33 class 2<\/td>\n<\/tr>\n<tr>\n<td class=\"thVert\" width=\"19%\">Mat\u00e9riel<\/td>\n<td width=\"80%\">ABS<\/td>\n<\/tr>\n<\/tbody>\n<\/table>\n<\/div>\n","protected":false},"excerpt":{"rendered":"<p>[vc_row][vc_column][vc_empty_space height=\u00a0\u00bb50&Prime; height_mobile=\u00a0\u00bb100&Prime;][vc_column_text spacing_heading=\u00a0\u00bb\u00a0\u00bb spacing_heading_tab=\u00a0\u00bb\u00a0\u00bb spacing_heading_mobile=\u00a0\u00bb\u00a0\u00bb] Capteur de vent Vous permet de mesurer la vitesse du vent, produisant un signal analogique correspondant. \u00c0 utiliser en combinaison avec l&rsquo;An\u00e9mom\u00e8tre \u00e0 un seuil SCV1 et l&rsquo;An\u00e9mom\u00e8tre \u00e0 quatre seuils SCV4. &nbsp; Donn\u00e9es techniques \u00a0 Capteur de vent Code SCVS Intervalle vitesse du vent 10 \u2013 50 Km\/h [&hellip;]<\/p>\n","protected":false},"featured_media":3216,"template":"","meta":[],"product_brand":[],"product_cat":[315],"product_tag":[],"class_list":{"0":"post-3215","1":"product","2":"type-product","3":"status-publish","4":"has-post-thumbnail","6":"product_cat-systemes-de-controle-anemometriques","8":"first","9":"instock","10":"shipping-taxable","11":"product-type-simple"},"yoast_head":"<!-- This site is optimized with the Yoast SEO plugin v26.7 - https:\/\/yoast.com\/wordpress\/plugins\/seo\/ -->\n<title>Capteur de vent pour fontaines - Cascade<\/title>\n<meta name=\"description\" content=\"Vous permet de mesurer la vitesse du vent, produisant un signal analogique correspondant. \u00c0 utiliser en combinaison avec l&#039;An\u00e9mom\u00e8tre \u00e0 un seuil SCV1 et l&#039;An\u00e9mom\u00e8tre \u00e0 quatre seuils SCV4.\" \/>\n<meta name=\"robots\" content=\"index, follow, max-snippet:-1, max-image-preview:large, max-video-preview:-1\" \/>\n<link rel=\"canonical\" href=\"https:\/\/www.cascade.it\/fr\/prodotto\/capteur-de-vent\/\" \/>\n<meta property=\"og:locale\" content=\"fr_FR\" \/>\n<meta property=\"og:type\" content=\"article\" \/>\n<meta property=\"og:title\" content=\"Capteur de vent pour fontaines - Cascade\" \/>\n<meta property=\"og:description\" content=\"Vous permet de mesurer la vitesse du vent, produisant un signal analogique correspondant. \u00c0 utiliser en combinaison avec l&#039;An\u00e9mom\u00e8tre \u00e0 un seuil SCV1 et l&#039;An\u00e9mom\u00e8tre \u00e0 quatre seuils SCV4.\" \/>\n<meta property=\"og:url\" content=\"https:\/\/www.cascade.it\/fr\/prodotto\/capteur-de-vent\/\" \/>\n<meta property=\"og:site_name\" content=\"Cascade\" \/>\n<meta property=\"article:modified_time\" content=\"2020-07-20T13:04:40+00:00\" \/>\n<meta property=\"og:image\" content=\"https:\/\/www.cascade.it\/new\/wp-content\/uploads\/Prodotti\/Sistemi_elettronici_di_controllo_per_fontane\/Sistemi_di_controllo_anemometrici\/SENSORE-VENTO.jpg\" \/>\n\t<meta property=\"og:image:width\" content=\"1300\" \/>\n\t<meta property=\"og:image:height\" content=\"1300\" \/>\n\t<meta property=\"og:image:type\" content=\"image\/jpeg\" \/>\n<meta name=\"twitter:card\" content=\"summary_large_image\" \/>\n<!-- \/ Yoast SEO plugin. -->","yoast_head_json":{"title":"Capteur de vent pour fontaines - Cascade","description":"Vous permet de mesurer la vitesse du vent, produisant un signal analogique correspondant. \u00c0 utiliser en combinaison avec l'An\u00e9mom\u00e8tre \u00e0 un seuil SCV1 et l'An\u00e9mom\u00e8tre \u00e0 quatre seuils SCV4.","robots":{"index":"index","follow":"follow","max-snippet":"max-snippet:-1","max-image-preview":"max-image-preview:large","max-video-preview":"max-video-preview:-1"},"canonical":"https:\/\/www.cascade.it\/fr\/prodotto\/capteur-de-vent\/","og_locale":"fr_FR","og_type":"article","og_title":"Capteur de vent pour fontaines - Cascade","og_description":"Vous permet de mesurer la vitesse du vent, produisant un signal analogique correspondant. \u00c0 utiliser en combinaison avec l'An\u00e9mom\u00e8tre \u00e0 un seuil SCV1 et l'An\u00e9mom\u00e8tre \u00e0 quatre seuils SCV4.","og_url":"https:\/\/www.cascade.it\/fr\/prodotto\/capteur-de-vent\/","og_site_name":"Cascade","article_modified_time":"2020-07-20T13:04:40+00:00","og_image":[{"width":1300,"height":1300,"url":"https:\/\/www.cascade.it\/new\/wp-content\/uploads\/Prodotti\/Sistemi_elettronici_di_controllo_per_fontane\/Sistemi_di_controllo_anemometrici\/SENSORE-VENTO.jpg","type":"image\/jpeg"}],"twitter_card":"summary_large_image","schema":{"@context":"https:\/\/schema.org","@graph":[{"@type":"WebPage","@id":"https:\/\/www.cascade.it\/fr\/prodotto\/capteur-de-vent\/","url":"https:\/\/www.cascade.it\/fr\/prodotto\/capteur-de-vent\/","name":"Capteur de vent pour fontaines - Cascade","isPartOf":{"@id":"https:\/\/www.cascade.it\/fr\/#website"},"primaryImageOfPage":{"@id":"https:\/\/www.cascade.it\/fr\/prodotto\/capteur-de-vent\/#primaryimage"},"image":{"@id":"https:\/\/www.cascade.it\/fr\/prodotto\/capteur-de-vent\/#primaryimage"},"thumbnailUrl":"https:\/\/www.cascade.it\/new\/wp-content\/uploads\/Prodotti\/Sistemi_elettronici_di_controllo_per_fontane\/Sistemi_di_controllo_anemometrici\/SENSORE-VENTO.jpg","datePublished":"2019-02-27T08:24:27+00:00","dateModified":"2020-07-20T13:04:40+00:00","description":"Vous permet de mesurer la vitesse du vent, produisant un signal analogique correspondant. \u00c0 utiliser en combinaison avec l'An\u00e9mom\u00e8tre \u00e0 un seuil SCV1 et l'An\u00e9mom\u00e8tre \u00e0 quatre seuils SCV4.","breadcrumb":{"@id":"https:\/\/www.cascade.it\/fr\/prodotto\/capteur-de-vent\/#breadcrumb"},"inLanguage":"fr-FR","potentialAction":[{"@type":"ReadAction","target":["https:\/\/www.cascade.it\/fr\/prodotto\/capteur-de-vent\/"]}]},{"@type":"ImageObject","inLanguage":"fr-FR","@id":"https:\/\/www.cascade.it\/fr\/prodotto\/capteur-de-vent\/#primaryimage","url":"https:\/\/www.cascade.it\/new\/wp-content\/uploads\/Prodotti\/Sistemi_elettronici_di_controllo_per_fontane\/Sistemi_di_controllo_anemometrici\/SENSORE-VENTO.jpg","contentUrl":"https:\/\/www.cascade.it\/new\/wp-content\/uploads\/Prodotti\/Sistemi_elettronici_di_controllo_per_fontane\/Sistemi_di_controllo_anemometrici\/SENSORE-VENTO.jpg","width":1300,"height":1300},{"@type":"BreadcrumbList","@id":"https:\/\/www.cascade.it\/fr\/prodotto\/capteur-de-vent\/#breadcrumb","itemListElement":[{"@type":"ListItem","position":1,"name":"Home","item":"https:\/\/www.cascade.it\/fr\/"},{"@type":"ListItem","position":2,"name":"Boutique","item":"https:\/\/www.cascade.it\/fr\/boutique\/"},{"@type":"ListItem","position":3,"name":"Capteur de vent"}]},{"@type":"WebSite","@id":"https:\/\/www.cascade.it\/fr\/#website","url":"https:\/\/www.cascade.it\/fr\/","name":"Cascade","description":"More than a fountain","potentialAction":[{"@type":"SearchAction","target":{"@type":"EntryPoint","urlTemplate":"https:\/\/www.cascade.it\/fr\/?s={search_term_string}"},"query-input":{"@type":"PropertyValueSpecification","valueRequired":true,"valueName":"search_term_string"}}],"inLanguage":"fr-FR"}]}},"_links":{"self":[{"href":"https:\/\/www.cascade.it\/fr\/wp-json\/wp\/v2\/product\/3215","targetHints":{"allow":["GET"]}}],"collection":[{"href":"https:\/\/www.cascade.it\/fr\/wp-json\/wp\/v2\/product"}],"about":[{"href":"https:\/\/www.cascade.it\/fr\/wp-json\/wp\/v2\/types\/product"}],"wp:featuredmedia":[{"embeddable":true,"href":"https:\/\/www.cascade.it\/fr\/wp-json\/wp\/v2\/media\/3216"}],"wp:attachment":[{"href":"https:\/\/www.cascade.it\/fr\/wp-json\/wp\/v2\/media?parent=3215"}],"wp:term":[{"taxonomy":"product_brand","embeddable":true,"href":"https:\/\/www.cascade.it\/fr\/wp-json\/wp\/v2\/product_brand?post=3215"},{"taxonomy":"product_cat","embeddable":true,"href":"https:\/\/www.cascade.it\/fr\/wp-json\/wp\/v2\/product_cat?post=3215"},{"taxonomy":"product_tag","embeddable":true,"href":"https:\/\/www.cascade.it\/fr\/wp-json\/wp\/v2\/product_tag?post=3215"}],"curies":[{"name":"wp","href":"https:\/\/api.w.org\/{rel}","templated":true}]}}