{"id":3211,"date":"2019-02-27T09:23:20","date_gmt":"2019-02-27T08:23:20","guid":{"rendered":"https:\/\/www.cascade.it\/new\/prodotto\/anemometro-a-una-soglia-scv1\/"},"modified":"2022-07-29T09:49:14","modified_gmt":"2022-07-29T07:49:14","slug":"anemometre-scv1","status":"publish","type":"product","link":"https:\/\/www.cascade.it\/fr\/prodotto\/anemometre-scv1\/","title":{"rendered":"An\u00e9mom\u00e8tre \u00e0 un seuil SCV1"},"content":{"rendered":"<p>[vc_row][vc_column][vc_empty_space height=\u00a0\u00bb50&Prime; height_mobile=\u00a0\u00bb150&Prime;][vc_column_text spacing_heading=\u00a0\u00bb\u00a0\u00bb spacing_heading_tab=\u00a0\u00bb\u00a0\u00bb spacing_heading_mobile=\u00a0\u00bb\u00a0\u00bb]<\/p>\n<div class=\"carousel-slider-outer carousel-slider-outer-image-carousel carousel-slider-outer-1313\" style=\"--carousel-slider-nav-color:#f1f1f1;--carousel-slider-active-nav-color:#00d1b2;--carousel-slider-arrow-size:48px;--carousel-slider-bullet-size:10px\">\n<div id=\"&#039;id-1313\" class=\"carousel-slider carousel-slider-1313 arrows-visibility-hover dots-visibility-never arrows-outside dots-center dots-square owl-carousel\" data-slide-type=\"image-carousel\" data-owl-settings='{\"nav\":true,\"dots\":false,\"slideBy\":1,\"stagePadding\":0,\"margin\":10,\"loop\":true,\"lazyLoad\":true,\"autoplay\":true,\"autoplayTimeout\":5000,\"autoplaySpeed\":500,\"autoplayHoverPause\":true,\"autoWidth\":false,\"responsive\":{\"300\":{\"items\":1},\"576\":{\"items\":2},\"768\":{\"items\":2},\"1024\":{\"items\":3},\"1280\":{\"items\":3},\"1536\":{\"items\":3}}}'>\n<div class=\"carousel-slider__item\">\n\t<img class=\"owl-lazy\" data-src=\"https:\/\/www.cascade.it\/new\/wp-content\/uploads\/2022\/06\/Nuovo-Anemometro-ad-una-soglia-SCV1.jpg\" alt=\"\"><\/a><\/div>\n\n<div class=\"carousel-slider__item\">\n\t<img class=\"owl-lazy\" data-src=\"https:\/\/www.cascade.it\/new\/wp-content\/uploads\/2019\/07\/Anemometro-ad-una-soglia-SCV1-1.jpg\" alt=\"\"><\/a><\/div>\n\n<div class=\"carousel-slider__item\">\n\t<img class=\"owl-lazy\" data-src=\"https:\/\/www.cascade.it\/new\/wp-content\/uploads\/2022\/06\/2-Anemometro-ad-una-soglia-SCV1-1.jpg\" alt=\"\"><\/a><\/div>\n\n<div class=\"carousel-slider__item\">\n\t<img class=\"owl-lazy\" data-src=\"https:\/\/www.cascade.it\/new\/wp-content\/uploads\/2022\/06\/3-Anemometro-ad-una-soglia-SCV1-1.jpg\" alt=\"\"><\/a><\/div>\n\n<\/div><!-- .carousel-slider-1313 -->\n<\/div><!-- .carousel-slider-outer-1313 -->\n\n<h1><span style=\"color: #1e73be;\">An\u00e9mom\u00e8tre \u00e0 un seuil SCV1 pour fontaines<\/span><\/h1>\n<p><strong>An\u00e9mom\u00e8tre \u00e0 un seuil<\/strong> pour fontaines r\u00e9glable par <strong>potentiom\u00e8tre.<\/strong> Le seuil fournit un <strong>contr\u00f4le ON-OFF<\/strong> des jets par rapport \u00e0 la vitesse du vent \u00e9tablie.<\/p>\n<p>L&rsquo;unit\u00e9 de contr\u00f4le an\u00e9mom\u00e9trique <strong>SCV1<\/strong> a \u00e9t\u00e9 con\u00e7ue et pr\u00e9par\u00e9e pour son insertion dans les circuits auxiliaires de la commande des pompes, avec logique ON-OFF, afin de r\u00e9guler le fonctionnement de la fontaine <strong>en fonction de la vitesse du vent<\/strong>.<\/p>\n<p>Le syst\u00e8me de contr\u00f4le se compose de: <strong>an\u00e9mom\u00e8tre<\/strong> (capteur) et <strong>unit\u00e9 de contr\u00f4le<\/strong> (carte \u00e9lectronique). Le capteur transmet la vitesse du vent \u00e0 l&rsquo;unit\u00e9 de contr\u00f4le. Une fois le seuil pr\u00e9d\u00e9fini d\u00e9pass\u00e9 (de 10 \u00e0 50 Km\/h), la centrale d\u00e9sactive les auxiliaires qui contr\u00f4lent la pompe de la fontaine, apr\u00e8s un temps d&rsquo;attente tr\u00e8s court. L&rsquo;activation ult\u00e9rieure a lieu automatiquement au bout de 10 minutes, uniquement si pendant ce temps la vitesse du vent d\u00e9tect\u00e9e est inf\u00e9rieure au seuil pr\u00e9d\u00e9fini. Il est possible de modifier la sensibilit\u00e9 du syst\u00e8me au vent \u00e0 l&rsquo;aide du potentiom\u00e8tre situ\u00e9 sur la carte. L&rsquo;intervalle de r\u00e9glage est comprise entre <strong>10 et 50 Km\/h<\/strong>.<\/p>\n<p>Le c\u00e2ble du capteur doit avoir un <strong>canal d\u00e9di\u00e9<\/strong>, c&rsquo;est-\u00e0-dire qu&rsquo;il ne doit pas \u00eatre coupl\u00e9 \u00e0 d&rsquo;autres c\u00e2bles. La distance entre le capteur et l&rsquo;unit\u00e9 de commande ne doit pas \u00eatre sup\u00e9rieure \u00e0 <strong>30 m<\/strong>.<\/p>\n<p>&nbsp;<\/p>\n<h3>Donn\u00e9es techniques<\/h3>\n<div style=\"overflow-x: auto;\">\n<table width=\"81%\">\n<tbody>\n<tr>\n<td width=\"19%\"><strong>\u00a0<\/strong><\/td>\n<td class=\"thHorz\" width=\"80%\">An\u00e9mom\u00e8tre \u00e0 un seuil SCV1<\/td>\n<\/tr>\n<tr>\n<td class=\"thVert\" width=\"19%\">Code<\/td>\n<td width=\"80%\">SCV1<\/td>\n<\/tr>\n<tr>\n<td class=\"thVert\" width=\"19%\">Alimentation<\/td>\n<td width=\"80%\">230 VAC, 50 Hz<\/td>\n<\/tr>\n<tr>\n<td class=\"thVert\" width=\"19%\">Intervalle vitesse du vent<\/td>\n<td width=\"80%\">10 \u2013 50 Km\/h<\/td>\n<\/tr>\n<tr>\n<td class=\"thVert\" width=\"19%\">Contacts sorties<\/td>\n<td width=\"80%\">1 N.C. + 1 N.A.<\/td>\n<\/tr>\n<tr>\n<td class=\"thVert\" width=\"19%\">Charge max en sortie<\/td>\n<td width=\"80%\">10 A, 250 V<\/td>\n<\/tr>\n<tr>\n<td class=\"thVert\" width=\"19%\">Dimensions<\/td>\n<td width=\"80%\">250 x 200 x 170 mm<\/td>\n<\/tr>\n<\/tbody>\n<\/table>\n<\/div>\n<p>&nbsp;<\/p>\n<h3>Downloads<\/h3>\n<div class=\"divide-line text-left\"><\/div>\n<div>\n<div style=\"float: left; padding: 5px; text-align: center; width: 150px;\"><a href=\"https:\/\/www.cascade.it\/new\/wp-content\/uploads\/2022\/07\/CASCADE-Anemometre-SCV1-FR.pdf\" target=\"_blank\" rel=\"noopener\"><img loading=\"lazy\" decoding=\"async\" class=\"alignnone wp-image-783\" src=\"https:\/\/www.cascade.it\/new\/wp-content\/uploads\/2019\/02\/pdf-icon-png-7.jpg\" alt=\"\" width=\"91\" height=\"91\" srcset=\"https:\/\/www.cascade.it\/new\/wp-content\/uploads\/2019\/02\/pdf-icon-png-7.jpg 254w, https:\/\/www.cascade.it\/new\/wp-content\/uploads\/2019\/02\/pdf-icon-png-7-150x150.jpg 150w, https:\/\/www.cascade.it\/new\/wp-content\/uploads\/2019\/02\/pdf-icon-png-7-100x100.jpg 100w\" sizes=\"auto, (max-width: 91px) 100vw, 91px\" \/><\/a><br \/>\nFiche technique<\/div>\n<\/div>\n","protected":false},"excerpt":{"rendered":"<p>[vc_row][vc_column][vc_empty_space height=\u00a0\u00bb50&Prime; height_mobile=\u00a0\u00bb150&Prime;][vc_column_text spacing_heading=\u00a0\u00bb\u00a0\u00bb spacing_heading_tab=\u00a0\u00bb\u00a0\u00bb spacing_heading_mobile=\u00a0\u00bb\u00a0\u00bb] An\u00e9mom\u00e8tre \u00e0 un seuil SCV1 pour fontaines An\u00e9mom\u00e8tre \u00e0 un seuil pour fontaines r\u00e9glable par potentiom\u00e8tre. Le seuil fournit un contr\u00f4le ON-OFF des jets par rapport \u00e0 la vitesse du vent \u00e9tablie. L&rsquo;unit\u00e9 de contr\u00f4le an\u00e9mom\u00e9trique SCV1 a \u00e9t\u00e9 con\u00e7ue et pr\u00e9par\u00e9e pour son insertion dans les circuits auxiliaires [&hellip;]<\/p>\n","protected":false},"featured_media":11269,"template":"","meta":[],"product_brand":[],"product_cat":[315],"product_tag":[],"class_list":{"0":"post-3211","1":"product","2":"type-product","3":"status-publish","4":"has-post-thumbnail","6":"product_cat-systemes-de-controle-anemometriques","8":"first","9":"instock","10":"shipping-taxable","11":"product-type-simple"},"yoast_head":"<!-- This site is optimized with the Yoast SEO plugin v26.7 - https:\/\/yoast.com\/wordpress\/plugins\/seo\/ -->\n<title>An\u00e9mom\u00e8tre \u00e0 un seuil SCV1 pour fontaines - Cascade<\/title>\n<meta name=\"description\" content=\"Le SCV1 a \u00e9t\u00e9 con\u00e7u et pr\u00e9par\u00e9 pour fournir un contr\u00f4le ON-OFF des jets par rapport \u00e0 la vitesse du vent \u00e9tablie, selon un seuil r\u00e9glable.\" \/>\n<meta name=\"robots\" content=\"index, follow, max-snippet:-1, max-image-preview:large, max-video-preview:-1\" \/>\n<link rel=\"canonical\" href=\"https:\/\/www.cascade.it\/fr\/prodotto\/anemometre-scv1\/\" \/>\n<meta property=\"og:locale\" content=\"fr_FR\" \/>\n<meta property=\"og:type\" content=\"article\" \/>\n<meta property=\"og:title\" content=\"An\u00e9mom\u00e8tre \u00e0 un seuil SCV1 pour fontaines - Cascade\" \/>\n<meta property=\"og:description\" content=\"Le SCV1 a \u00e9t\u00e9 con\u00e7u et pr\u00e9par\u00e9 pour fournir un contr\u00f4le ON-OFF des jets par rapport \u00e0 la vitesse du vent \u00e9tablie, selon un seuil r\u00e9glable.\" \/>\n<meta property=\"og:url\" content=\"https:\/\/www.cascade.it\/fr\/prodotto\/anemometre-scv1\/\" \/>\n<meta property=\"og:site_name\" content=\"Cascade\" \/>\n<meta property=\"article:modified_time\" content=\"2022-07-29T07:49:14+00:00\" \/>\n<meta property=\"og:image\" content=\"https:\/\/www.cascade.it\/new\/wp-content\/uploads\/2019\/02\/ANEMOMETRO-AD-UNA-SOGLIA-SCV1.jpg\" \/>\n\t<meta property=\"og:image:width\" content=\"1300\" \/>\n\t<meta property=\"og:image:height\" content=\"1300\" \/>\n\t<meta property=\"og:image:type\" content=\"image\/jpeg\" \/>\n<meta name=\"twitter:card\" content=\"summary_large_image\" \/>\n<meta name=\"twitter:label1\" content=\"Dur\u00e9e de lecture estim\u00e9e\" \/>\n\t<meta name=\"twitter:data1\" content=\"2 minutes\" \/>\n<!-- \/ Yoast SEO plugin. -->","yoast_head_json":{"title":"An\u00e9mom\u00e8tre \u00e0 un seuil SCV1 pour fontaines - Cascade","description":"Le SCV1 a \u00e9t\u00e9 con\u00e7u et pr\u00e9par\u00e9 pour fournir un contr\u00f4le ON-OFF des jets par rapport \u00e0 la vitesse du vent \u00e9tablie, selon un seuil r\u00e9glable.","robots":{"index":"index","follow":"follow","max-snippet":"max-snippet:-1","max-image-preview":"max-image-preview:large","max-video-preview":"max-video-preview:-1"},"canonical":"https:\/\/www.cascade.it\/fr\/prodotto\/anemometre-scv1\/","og_locale":"fr_FR","og_type":"article","og_title":"An\u00e9mom\u00e8tre \u00e0 un seuil SCV1 pour fontaines - Cascade","og_description":"Le SCV1 a \u00e9t\u00e9 con\u00e7u et pr\u00e9par\u00e9 pour fournir un contr\u00f4le ON-OFF des jets par rapport \u00e0 la vitesse du vent \u00e9tablie, selon un seuil r\u00e9glable.","og_url":"https:\/\/www.cascade.it\/fr\/prodotto\/anemometre-scv1\/","og_site_name":"Cascade","article_modified_time":"2022-07-29T07:49:14+00:00","og_image":[{"width":1300,"height":1300,"url":"https:\/\/www.cascade.it\/new\/wp-content\/uploads\/2019\/02\/ANEMOMETRO-AD-UNA-SOGLIA-SCV1.jpg","type":"image\/jpeg"}],"twitter_card":"summary_large_image","twitter_misc":{"Dur\u00e9e de lecture estim\u00e9e":"2 minutes"},"schema":{"@context":"https:\/\/schema.org","@graph":[{"@type":"WebPage","@id":"https:\/\/www.cascade.it\/fr\/prodotto\/anemometre-scv1\/","url":"https:\/\/www.cascade.it\/fr\/prodotto\/anemometre-scv1\/","name":"An\u00e9mom\u00e8tre \u00e0 un seuil SCV1 pour fontaines - Cascade","isPartOf":{"@id":"https:\/\/www.cascade.it\/fr\/#website"},"primaryImageOfPage":{"@id":"https:\/\/www.cascade.it\/fr\/prodotto\/anemometre-scv1\/#primaryimage"},"image":{"@id":"https:\/\/www.cascade.it\/fr\/prodotto\/anemometre-scv1\/#primaryimage"},"thumbnailUrl":"https:\/\/www.cascade.it\/new\/wp-content\/uploads\/2019\/02\/ANEMOMETRO-AD-UNA-SOGLIA-SCV1.jpg","datePublished":"2019-02-27T08:23:20+00:00","dateModified":"2022-07-29T07:49:14+00:00","description":"Le SCV1 a \u00e9t\u00e9 con\u00e7u et pr\u00e9par\u00e9 pour fournir un contr\u00f4le ON-OFF des jets par rapport \u00e0 la vitesse du vent \u00e9tablie, selon un seuil r\u00e9glable.","breadcrumb":{"@id":"https:\/\/www.cascade.it\/fr\/prodotto\/anemometre-scv1\/#breadcrumb"},"inLanguage":"fr-FR","potentialAction":[{"@type":"ReadAction","target":["https:\/\/www.cascade.it\/fr\/prodotto\/anemometre-scv1\/"]}]},{"@type":"ImageObject","inLanguage":"fr-FR","@id":"https:\/\/www.cascade.it\/fr\/prodotto\/anemometre-scv1\/#primaryimage","url":"https:\/\/www.cascade.it\/new\/wp-content\/uploads\/2019\/02\/ANEMOMETRO-AD-UNA-SOGLIA-SCV1.jpg","contentUrl":"https:\/\/www.cascade.it\/new\/wp-content\/uploads\/2019\/02\/ANEMOMETRO-AD-UNA-SOGLIA-SCV1.jpg","width":1300,"height":1300},{"@type":"BreadcrumbList","@id":"https:\/\/www.cascade.it\/fr\/prodotto\/anemometre-scv1\/#breadcrumb","itemListElement":[{"@type":"ListItem","position":1,"name":"Home","item":"https:\/\/www.cascade.it\/fr\/"},{"@type":"ListItem","position":2,"name":"Boutique","item":"https:\/\/www.cascade.it\/fr\/boutique\/"},{"@type":"ListItem","position":3,"name":"An\u00e9mom\u00e8tre \u00e0 un seuil SCV1"}]},{"@type":"WebSite","@id":"https:\/\/www.cascade.it\/fr\/#website","url":"https:\/\/www.cascade.it\/fr\/","name":"Cascade","description":"More than a fountain","potentialAction":[{"@type":"SearchAction","target":{"@type":"EntryPoint","urlTemplate":"https:\/\/www.cascade.it\/fr\/?s={search_term_string}"},"query-input":{"@type":"PropertyValueSpecification","valueRequired":true,"valueName":"search_term_string"}}],"inLanguage":"fr-FR"}]}},"_links":{"self":[{"href":"https:\/\/www.cascade.it\/fr\/wp-json\/wp\/v2\/product\/3211","targetHints":{"allow":["GET"]}}],"collection":[{"href":"https:\/\/www.cascade.it\/fr\/wp-json\/wp\/v2\/product"}],"about":[{"href":"https:\/\/www.cascade.it\/fr\/wp-json\/wp\/v2\/types\/product"}],"wp:featuredmedia":[{"embeddable":true,"href":"https:\/\/www.cascade.it\/fr\/wp-json\/wp\/v2\/media\/11269"}],"wp:attachment":[{"href":"https:\/\/www.cascade.it\/fr\/wp-json\/wp\/v2\/media?parent=3211"}],"wp:term":[{"taxonomy":"product_brand","embeddable":true,"href":"https:\/\/www.cascade.it\/fr\/wp-json\/wp\/v2\/product_brand?post=3211"},{"taxonomy":"product_cat","embeddable":true,"href":"https:\/\/www.cascade.it\/fr\/wp-json\/wp\/v2\/product_cat?post=3211"},{"taxonomy":"product_tag","embeddable":true,"href":"https:\/\/www.cascade.it\/fr\/wp-json\/wp\/v2\/product_tag?post=3211"}],"curies":[{"name":"wp","href":"https:\/\/api.w.org\/{rel}","templated":true}]}}