{"id":3206,"date":"2019-02-27T09:21:51","date_gmt":"2019-02-27T08:21:51","guid":{"rendered":"https:\/\/www.cascade.it\/new\/prodotto\/anemometro-a-quattro-soglie-scv4\/"},"modified":"2022-07-29T10:15:52","modified_gmt":"2022-07-29T08:15:52","slug":"anemometre-a-quatre-seuils-scv4","status":"publish","type":"product","link":"https:\/\/www.cascade.it\/fr\/prodotto\/anemometre-a-quatre-seuils-scv4\/","title":{"rendered":"An\u00e9mom\u00e8tre \u00e0 quatre seuils SCV4"},"content":{"rendered":"<p>[vc_row][vc_column][vc_empty_space height=\u00a0\u00bb50&Prime; height_mobile=\u00a0\u00bb130&Prime;][vc_column_text spacing_heading=\u00a0\u00bb\u00a0\u00bb spacing_heading_tab=\u00a0\u00bb\u00a0\u00bb spacing_heading_mobile=\u00a0\u00bb\u00a0\u00bb]<\/p>\n<div class=\"carousel-slider-outer carousel-slider-outer-image-carousel carousel-slider-outer-1316\" style=\"--carousel-slider-nav-color:#f1f1f1;--carousel-slider-active-nav-color:#00d1b2;--carousel-slider-arrow-size:48px;--carousel-slider-bullet-size:10px\">\n<div id=\"&#039;id-1316\" class=\"carousel-slider carousel-slider-1316 arrows-visibility-hover dots-visibility-never arrows-outside dots-center dots-square owl-carousel\" data-slide-type=\"image-carousel\" data-owl-settings='{\"nav\":true,\"dots\":false,\"slideBy\":1,\"stagePadding\":0,\"margin\":10,\"loop\":true,\"lazyLoad\":true,\"autoplay\":true,\"autoplayTimeout\":5000,\"autoplaySpeed\":500,\"autoplayHoverPause\":true,\"autoWidth\":false,\"responsive\":{\"300\":{\"items\":1},\"576\":{\"items\":2},\"768\":{\"items\":2},\"1024\":{\"items\":2},\"1280\":{\"items\":2},\"1536\":{\"items\":2}}}'>\n<div class=\"carousel-slider__item\">\n\t<img class=\"owl-lazy\" data-src=\"https:\/\/www.cascade.it\/new\/wp-content\/uploads\/2019\/07\/ANEMOMETRO-A-QUATTRO-SOGLIE-SCV4.jpg\" alt=\"\"><\/a><\/div>\n\n<div class=\"carousel-slider__item\">\n\t<img class=\"owl-lazy\" data-src=\"https:\/\/www.cascade.it\/new\/wp-content\/uploads\/2019\/07\/Anemometro-a-quattro-soglie-SCV4.jpg\" alt=\"\"><\/a><\/div>\n\n<\/div><!-- .carousel-slider-1316 -->\n<\/div><!-- .carousel-slider-outer-1316 -->\n\n<h1><span style=\"color: #1e73be;\">An\u00e9mom\u00e8tre digital SCV4 pour fontaines<\/span><\/h1>\n<p><strong>An\u00e9mom\u00e8tre digital multicanal \u00e0 quatre seuils<\/strong> pour fontaines. Il est possible de g\u00e9rer les quatre seuils \u00e0 la fois avec une <strong>commande ON-OFF<\/strong> et en combinaison avec des <a href=\"https:\/\/www.cascade.it\/fr\/prodotto\/variateurs-de-frequence\/\"><span style=\"text-decoration: underline;\"><strong>variateurs de fr\u00e9quence<\/strong><\/span><\/a> afin de r\u00e9duire la hauteur des jets en fonction de la vitesse du vent.<\/p>\n<p>La configuration comprend <strong>4 canaux ind\u00e9pendants<\/strong> avec <strong>interface de relais<\/strong>, chacun pouvant \u00eatre r\u00e9gl\u00e9 avec <strong>un seuil sp\u00e9cifique<\/strong> (destin\u00e9 \u00e0 la vitesse du vent), apr\u00e8s quoi le canal peut d\u00e9sactiver compl\u00e8tement l&rsquo;utilisateur ou activer des dispositifs de contr\u00f4le sp\u00e9cifiques, afin d&rsquo;ajuster l&rsquo;hauteur des jets de la fontaine en fonction de la vitesse du vent.<\/p>\n<p>Associ\u00e9 au <a href=\"https:\/\/www.cascade.it\/fr\/prodotto\/convertisseur-dmx-pwm4\/\"><span style=\"text-decoration: underline;\"><strong>Convertisseur DMX-PWM4<\/strong><\/span><\/a>, il permet de faire varier la largeur des sorties et donc l&rsquo;hauteur des jets d&rsquo;eau en fonction du vent, laissant inchang\u00e9e la programmation DMX de la fontaine.<\/p>\n<p>L&rsquo;an\u00e9mom\u00e8tre est \u00e9quip\u00e9 d&rsquo;un <strong>grand \u00e9cran<\/strong> qui affiche simultan\u00e9ment la vitesse instantan\u00e9e, la vitesse moyenne, les seuils d\u00e9finis pour les quatre canaux et l&rsquo;\u00e9tat des quatre sorties.<\/p>\n<p>La programmation est tr\u00e8s simple gr\u00e2ce \u00e0 l&rsquo;\u00e9cran et au clavier fournis.<\/p>\n<p>Log\u00e9 dans une bo\u00eete modulaire confortable selon les normes DIN.<\/p>\n<p>&nbsp;<\/p>\n<h3>Donn\u00e9es techniques<\/h3>\n<div style=\"overflow-x: auto;\">\n<table width=\"81%\">\n<tbody>\n<tr>\n<td width=\"19%\"><strong>\u00a0<\/strong><\/td>\n<td class=\"thHorz\" width=\"80%\">An\u00e9mom\u00e8tre digital \u00e0 quatre seuils SCV4<\/td>\n<\/tr>\n<tr>\n<td class=\"thVert\" width=\"19%\">Code<\/td>\n<td width=\"80%\">SCV4<\/td>\n<\/tr>\n<tr>\n<td class=\"thVert\" width=\"19%\">Alimentation<\/td>\n<td width=\"80%\">230 VAC typique (180 VAC min. \u2013 250 VAC max.)<\/td>\n<\/tr>\n<tr>\n<td class=\"thVert\" width=\"19%\">Intervalle vitesse du vent<\/td>\n<td width=\"80%\">0 \u2013 50 Km\/h<\/td>\n<\/tr>\n<tr>\n<td class=\"thVert\" width=\"19%\">Contacts de sortie<\/td>\n<td width=\"80%\">4 contacts N.O.<\/td>\n<\/tr>\n<tr>\n<td class=\"thVert\" width=\"19%\">Charge max de sortie<\/td>\n<td width=\"80%\">100 mA, 250 Vca\/cc<\/td>\n<\/tr>\n<tr>\n<td class=\"thVert\" width=\"19%\">Dimensions<\/td>\n<td width=\"80%\">159 x 90 x 74 mm (9 modules DIN 43880)<\/td>\n<\/tr>\n<\/tbody>\n<\/table>\n<\/div>\n<p>&nbsp;<\/p>\n<h3>Downloads<\/h3>\n<div class=\"divide-line text-left\"><\/div>\n<div>\n<div style=\"float: left; padding: 5px; text-align: center; width: 150px;\"><a href=\"https:\/\/www.cascade.it\/new\/wp-content\/uploads\/2022\/07\/CASCADE-Anemometre-SCV4-FR.pdf\" target=\"_blank\" rel=\"noopener\"><img loading=\"lazy\" decoding=\"async\" class=\"alignnone wp-image-783\" src=\"https:\/\/www.cascade.it\/new\/wp-content\/uploads\/2019\/02\/pdf-icon-png-7.jpg\" alt=\"\" width=\"91\" height=\"91\" srcset=\"https:\/\/www.cascade.it\/new\/wp-content\/uploads\/2019\/02\/pdf-icon-png-7.jpg 254w, https:\/\/www.cascade.it\/new\/wp-content\/uploads\/2019\/02\/pdf-icon-png-7-150x150.jpg 150w, https:\/\/www.cascade.it\/new\/wp-content\/uploads\/2019\/02\/pdf-icon-png-7-100x100.jpg 100w\" sizes=\"auto, (max-width: 91px) 100vw, 91px\" \/><\/a><br \/>\nFiche technique<\/div>\n<\/div>\n","protected":false},"excerpt":{"rendered":"<p>[vc_row][vc_column][vc_empty_space height=\u00a0\u00bb50&Prime; height_mobile=\u00a0\u00bb130&Prime;][vc_column_text spacing_heading=\u00a0\u00bb\u00a0\u00bb spacing_heading_tab=\u00a0\u00bb\u00a0\u00bb spacing_heading_mobile=\u00a0\u00bb\u00a0\u00bb] An\u00e9mom\u00e8tre digital SCV4 pour fontaines An\u00e9mom\u00e8tre digital multicanal \u00e0 quatre seuils pour fontaines. Il est possible de g\u00e9rer les quatre seuils \u00e0 la fois avec une commande ON-OFF et en combinaison avec des variateurs de fr\u00e9quence afin de r\u00e9duire la hauteur des jets en fonction de la vitesse du [&hellip;]<\/p>\n","protected":false},"featured_media":3207,"template":"","meta":[],"product_brand":[],"product_cat":[315],"product_tag":[],"class_list":{"0":"post-3206","1":"product","2":"type-product","3":"status-publish","4":"has-post-thumbnail","6":"product_cat-systemes-de-controle-anemometriques","8":"first","9":"instock","10":"shipping-taxable","11":"product-type-simple"},"yoast_head":"<!-- This site is optimized with the Yoast SEO plugin v26.7 - https:\/\/yoast.com\/wordpress\/plugins\/seo\/ -->\n<title>An\u00e9mom\u00e8tre \u00e0 quatre seuils SCV4 pour fontaines - Cascade<\/title>\n<meta name=\"description\" content=\"An\u00e9mom\u00e8tre digital pour fontaines. Les quatre seuils peuvent \u00eatre g\u00e9r\u00e9s \u00e0 la fois avec une commande ON-OFF et en combinaison avec des variateurs de fr\u00e9quence.\" \/>\n<meta name=\"robots\" content=\"index, follow, max-snippet:-1, max-image-preview:large, max-video-preview:-1\" \/>\n<link rel=\"canonical\" href=\"https:\/\/www.cascade.it\/fr\/prodotto\/anemometre-a-quatre-seuils-scv4\/\" \/>\n<meta property=\"og:locale\" content=\"fr_FR\" \/>\n<meta property=\"og:type\" content=\"article\" \/>\n<meta property=\"og:title\" content=\"An\u00e9mom\u00e8tre \u00e0 quatre seuils SCV4 pour fontaines - Cascade\" \/>\n<meta property=\"og:description\" content=\"An\u00e9mom\u00e8tre digital pour fontaines. Les quatre seuils peuvent \u00eatre g\u00e9r\u00e9s \u00e0 la fois avec une commande ON-OFF et en combinaison avec des variateurs de fr\u00e9quence.\" \/>\n<meta property=\"og:url\" content=\"https:\/\/www.cascade.it\/fr\/prodotto\/anemometre-a-quatre-seuils-scv4\/\" \/>\n<meta property=\"og:site_name\" content=\"Cascade\" \/>\n<meta property=\"article:modified_time\" content=\"2022-07-29T08:15:52+00:00\" \/>\n<meta property=\"og:image\" content=\"https:\/\/www.cascade.it\/new\/wp-content\/uploads\/Prodotti\/Sistemi_elettronici_di_controllo_per_fontane\/Sistemi_di_controllo_anemometrici\/ANEMOMETRO-A-QUATTRO-SOGLIE-SCV4.jpg\" \/>\n\t<meta property=\"og:image:width\" content=\"1300\" \/>\n\t<meta property=\"og:image:height\" content=\"1300\" \/>\n\t<meta property=\"og:image:type\" content=\"image\/jpeg\" \/>\n<meta name=\"twitter:card\" content=\"summary_large_image\" \/>\n<meta name=\"twitter:label1\" content=\"Dur\u00e9e de lecture estim\u00e9e\" \/>\n\t<meta name=\"twitter:data1\" content=\"2 minutes\" \/>\n<!-- \/ Yoast SEO plugin. -->","yoast_head_json":{"title":"An\u00e9mom\u00e8tre \u00e0 quatre seuils SCV4 pour fontaines - Cascade","description":"An\u00e9mom\u00e8tre digital pour fontaines. Les quatre seuils peuvent \u00eatre g\u00e9r\u00e9s \u00e0 la fois avec une commande ON-OFF et en combinaison avec des variateurs de fr\u00e9quence.","robots":{"index":"index","follow":"follow","max-snippet":"max-snippet:-1","max-image-preview":"max-image-preview:large","max-video-preview":"max-video-preview:-1"},"canonical":"https:\/\/www.cascade.it\/fr\/prodotto\/anemometre-a-quatre-seuils-scv4\/","og_locale":"fr_FR","og_type":"article","og_title":"An\u00e9mom\u00e8tre \u00e0 quatre seuils SCV4 pour fontaines - Cascade","og_description":"An\u00e9mom\u00e8tre digital pour fontaines. Les quatre seuils peuvent \u00eatre g\u00e9r\u00e9s \u00e0 la fois avec une commande ON-OFF et en combinaison avec des variateurs de fr\u00e9quence.","og_url":"https:\/\/www.cascade.it\/fr\/prodotto\/anemometre-a-quatre-seuils-scv4\/","og_site_name":"Cascade","article_modified_time":"2022-07-29T08:15:52+00:00","og_image":[{"width":1300,"height":1300,"url":"https:\/\/www.cascade.it\/new\/wp-content\/uploads\/Prodotti\/Sistemi_elettronici_di_controllo_per_fontane\/Sistemi_di_controllo_anemometrici\/ANEMOMETRO-A-QUATTRO-SOGLIE-SCV4.jpg","type":"image\/jpeg"}],"twitter_card":"summary_large_image","twitter_misc":{"Dur\u00e9e de lecture estim\u00e9e":"2 minutes"},"schema":{"@context":"https:\/\/schema.org","@graph":[{"@type":"WebPage","@id":"https:\/\/www.cascade.it\/fr\/prodotto\/anemometre-a-quatre-seuils-scv4\/","url":"https:\/\/www.cascade.it\/fr\/prodotto\/anemometre-a-quatre-seuils-scv4\/","name":"An\u00e9mom\u00e8tre \u00e0 quatre seuils SCV4 pour fontaines - Cascade","isPartOf":{"@id":"https:\/\/www.cascade.it\/fr\/#website"},"primaryImageOfPage":{"@id":"https:\/\/www.cascade.it\/fr\/prodotto\/anemometre-a-quatre-seuils-scv4\/#primaryimage"},"image":{"@id":"https:\/\/www.cascade.it\/fr\/prodotto\/anemometre-a-quatre-seuils-scv4\/#primaryimage"},"thumbnailUrl":"https:\/\/www.cascade.it\/new\/wp-content\/uploads\/Prodotti\/Sistemi_elettronici_di_controllo_per_fontane\/Sistemi_di_controllo_anemometrici\/ANEMOMETRO-A-QUATTRO-SOGLIE-SCV4.jpg","datePublished":"2019-02-27T08:21:51+00:00","dateModified":"2022-07-29T08:15:52+00:00","description":"An\u00e9mom\u00e8tre digital pour fontaines. Les quatre seuils peuvent \u00eatre g\u00e9r\u00e9s \u00e0 la fois avec une commande ON-OFF et en combinaison avec des variateurs de fr\u00e9quence.","breadcrumb":{"@id":"https:\/\/www.cascade.it\/fr\/prodotto\/anemometre-a-quatre-seuils-scv4\/#breadcrumb"},"inLanguage":"fr-FR","potentialAction":[{"@type":"ReadAction","target":["https:\/\/www.cascade.it\/fr\/prodotto\/anemometre-a-quatre-seuils-scv4\/"]}]},{"@type":"ImageObject","inLanguage":"fr-FR","@id":"https:\/\/www.cascade.it\/fr\/prodotto\/anemometre-a-quatre-seuils-scv4\/#primaryimage","url":"https:\/\/www.cascade.it\/new\/wp-content\/uploads\/Prodotti\/Sistemi_elettronici_di_controllo_per_fontane\/Sistemi_di_controllo_anemometrici\/ANEMOMETRO-A-QUATTRO-SOGLIE-SCV4.jpg","contentUrl":"https:\/\/www.cascade.it\/new\/wp-content\/uploads\/Prodotti\/Sistemi_elettronici_di_controllo_per_fontane\/Sistemi_di_controllo_anemometrici\/ANEMOMETRO-A-QUATTRO-SOGLIE-SCV4.jpg","width":1300,"height":1300},{"@type":"BreadcrumbList","@id":"https:\/\/www.cascade.it\/fr\/prodotto\/anemometre-a-quatre-seuils-scv4\/#breadcrumb","itemListElement":[{"@type":"ListItem","position":1,"name":"Home","item":"https:\/\/www.cascade.it\/fr\/"},{"@type":"ListItem","position":2,"name":"Boutique","item":"https:\/\/www.cascade.it\/fr\/boutique\/"},{"@type":"ListItem","position":3,"name":"An\u00e9mom\u00e8tre \u00e0 quatre seuils SCV4"}]},{"@type":"WebSite","@id":"https:\/\/www.cascade.it\/fr\/#website","url":"https:\/\/www.cascade.it\/fr\/","name":"Cascade","description":"More than a fountain","potentialAction":[{"@type":"SearchAction","target":{"@type":"EntryPoint","urlTemplate":"https:\/\/www.cascade.it\/fr\/?s={search_term_string}"},"query-input":{"@type":"PropertyValueSpecification","valueRequired":true,"valueName":"search_term_string"}}],"inLanguage":"fr-FR"}]}},"_links":{"self":[{"href":"https:\/\/www.cascade.it\/fr\/wp-json\/wp\/v2\/product\/3206","targetHints":{"allow":["GET"]}}],"collection":[{"href":"https:\/\/www.cascade.it\/fr\/wp-json\/wp\/v2\/product"}],"about":[{"href":"https:\/\/www.cascade.it\/fr\/wp-json\/wp\/v2\/types\/product"}],"wp:featuredmedia":[{"embeddable":true,"href":"https:\/\/www.cascade.it\/fr\/wp-json\/wp\/v2\/media\/3207"}],"wp:attachment":[{"href":"https:\/\/www.cascade.it\/fr\/wp-json\/wp\/v2\/media?parent=3206"}],"wp:term":[{"taxonomy":"product_brand","embeddable":true,"href":"https:\/\/www.cascade.it\/fr\/wp-json\/wp\/v2\/product_brand?post=3206"},{"taxonomy":"product_cat","embeddable":true,"href":"https:\/\/www.cascade.it\/fr\/wp-json\/wp\/v2\/product_cat?post=3206"},{"taxonomy":"product_tag","embeddable":true,"href":"https:\/\/www.cascade.it\/fr\/wp-json\/wp\/v2\/product_tag?post=3206"}],"curies":[{"name":"wp","href":"https:\/\/api.w.org\/{rel}","templated":true}]}}