{"id":3202,"date":"2019-02-27T09:17:41","date_gmt":"2019-02-27T08:17:41","guid":{"rendered":"https:\/\/www.cascade.it\/new\/prodotto\/quadri-di-comando-per-fontane\/"},"modified":"2020-07-17T16:35:03","modified_gmt":"2020-07-17T14:35:03","slug":"tableaux-electriques-fontaines","status":"publish","type":"product","link":"https:\/\/www.cascade.it\/fr\/prodotto\/tableaux-electriques-fontaines\/","title":{"rendered":"Tableaux \u00e9lectriques de contr\u00f4le"},"content":{"rendered":"<p>[vc_row][vc_column][vc_empty_space height=\u00a0\u00bb50&Prime; height_mobile=\u00a0\u00bb150&Prime;][vc_column_text spacing_heading=\u00a0\u00bb\u00a0\u00bb spacing_heading_tab=\u00a0\u00bb\u00a0\u00bb spacing_heading_mobile=\u00a0\u00bb\u00a0\u00bb]<\/p>\n<div class=\"carousel-slider-outer carousel-slider-outer-image-carousel carousel-slider-outer-1305\" style=\"--carousel-slider-nav-color:#f1f1f1;--carousel-slider-active-nav-color:#00d1b2;--carousel-slider-arrow-size:48px;--carousel-slider-bullet-size:10px\">\n<div id=\"&#039;id-1305\" class=\"carousel-slider carousel-slider-1305 arrows-visibility-hover dots-visibility-never arrows-outside dots-center dots-square owl-carousel\" data-slide-type=\"image-carousel\" data-owl-settings='{\"nav\":true,\"dots\":false,\"slideBy\":1,\"stagePadding\":0,\"margin\":10,\"loop\":true,\"lazyLoad\":true,\"autoplay\":true,\"autoplayTimeout\":5000,\"autoplaySpeed\":500,\"autoplayHoverPause\":true,\"autoWidth\":false,\"responsive\":{\"300\":{\"items\":1},\"576\":{\"items\":2},\"768\":{\"items\":2},\"1024\":{\"items\":3},\"1280\":{\"items\":3},\"1536\":{\"items\":3}}}'>\n<div class=\"carousel-slider__item\">\n\t<img class=\"owl-lazy\" data-src=\"https:\/\/www.cascade.it\/new\/wp-content\/uploads\/2019\/12\/1-Quadri-di-comando.jpg\" alt=\"\"><\/a><\/div>\n\n<div class=\"carousel-slider__item\">\n\t<img class=\"owl-lazy\" data-src=\"https:\/\/www.cascade.it\/new\/wp-content\/uploads\/2019\/12\/2-Quadri-di-comando.jpg\" alt=\"\"><\/a><\/div>\n\n<div class=\"carousel-slider__item\">\n\t<img class=\"owl-lazy\" data-src=\"https:\/\/www.cascade.it\/new\/wp-content\/uploads\/2019\/12\/3-Quadri-di-comando.jpg\" alt=\"\"><\/a><\/div>\n\n<div class=\"carousel-slider__item\">\n\t<img class=\"owl-lazy\" data-src=\"https:\/\/www.cascade.it\/new\/wp-content\/uploads\/2019\/12\/4-Quadri-di-comando.jpg\" alt=\"\"><\/a><\/div>\n\n<div class=\"carousel-slider__item\">\n\t<img class=\"owl-lazy\" data-src=\"https:\/\/www.cascade.it\/new\/wp-content\/uploads\/2019\/12\/5-Quadri-di-comando.jpg\" alt=\"\"><\/a><\/div>\n\n<div class=\"carousel-slider__item\">\n\t<img class=\"owl-lazy\" data-src=\"https:\/\/www.cascade.it\/new\/wp-content\/uploads\/2019\/12\/6-Quadri-di-comando.jpg\" alt=\"\"><\/a><\/div>\n\n<\/div><!-- .carousel-slider-1305 -->\n<\/div><!-- .carousel-slider-outer-1305 -->\n\n<p>&nbsp;<\/p>\n<h1><span style=\"color: #1e73be;\">Tableaux \u00e9lectriques de contr\u00f4le pour fontaines<\/span><\/h1>\n<p>CASCADE poss\u00e8de plus de trente ans d&rsquo;exp\u00e9rience dans la conception, l&rsquo;assemblage et les tests de <strong>tableaux\u00a0\u00e9lectriques de commande et gestion de tout type de fontaine<\/strong>.<\/p>\n<p>Les fonctions du tableau varie selon les besoins et les caract\u00e9ristiques du syst\u00e8me \u00e0 g\u00e9rer: des <strong>fontaines statiques,<\/strong> aux <strong>fontaines dynamiques,<\/strong> aux syst\u00e8mes plus complexes tels que les <strong>fontaines musicales.<\/strong> Dans tous les cas, les tableaux sont r\u00e9alis\u00e9s sur mesure selon les demandes et les besoins du client.<\/p>\n<p>Les tableaux de contr\u00f4le pour fontaines sont con\u00e7us et assembl\u00e9s comprenant tout ou partie des <strong>syst\u00e8mes de contr\u00f4le pour fontaines et accessoires \u00e9lectriques CASCADE<\/strong>: alimentateurs pour pompes, projecteurs et \u00e9lectronique de contr\u00f4le; variateurs de fr\u00e9quence pour pompes; syst\u00e8mes de contr\u00f4le an\u00e9mom\u00e9triques; syst\u00e8mes de contr\u00f4le de niveau d&rsquo;eau; r\u00e9seaux RS-485 pour le contr\u00f4le des projecteurs, pompes, vannes et tout autre appareil aquatique gr\u00e2ce au protocole <strong>DMX-RDM<\/strong>, avec la possibilit\u00e9 de surveiller l&rsquo;\u00e9tat de fonctionnement des appareils connect\u00e9s. Le tout programm\u00e9 selon des sc\u00e9nographies aquatiques dynamiques ou musicales.<\/p>\n<p>En fonction des besoins du client et pour assurer le fonctionnement de la fontaine dans tout type d&rsquo;\u00e9v\u00e9nement et de situation, y compris en cas d&rsquo;urgence, le tableau est con\u00e7u pour fonctionner de diff\u00e9rentes mani\u00e8res: du <strong>fonctionnement manuel<\/strong> avec la possibilit\u00e9 de v\u00e9rifier la couleur des projecteurs et la hauteur des jets au moyen de s\u00e9lecteurs et potentiom\u00e8tres, au <strong>fonctionnement DMX-RDM<\/strong> selon programmation dynamique ou aux morceaux de musique \u00e9tablis a priori, pour arriver \u00e0 un <strong>fonctionnement musical DMX-RDM en real-time<\/strong> qui permet de synchroniser la fontaine avec <strong>tout type de pi\u00e8ce musicale non programm\u00e9 a priori<\/strong>.<\/p>\n<p>Selon le type de syst\u00e8me et de local technique, les tableaux de contr\u00f4le CASCADE peuvent \u00eatre assembl\u00e9s dans des <strong>armoires \u00e0 mur<\/strong>, des <strong>armoires au sol<\/strong> ou <strong>des armoires de rue<\/strong>.<\/p>\n<p>&nbsp;<\/p>\n","protected":false},"excerpt":{"rendered":"<p>[vc_row][vc_column][vc_empty_space height=\u00a0\u00bb50&Prime; height_mobile=\u00a0\u00bb150&Prime;][vc_column_text spacing_heading=\u00a0\u00bb\u00a0\u00bb spacing_heading_tab=\u00a0\u00bb\u00a0\u00bb spacing_heading_mobile=\u00a0\u00bb\u00a0\u00bb] &nbsp; Tableaux \u00e9lectriques de contr\u00f4le pour fontaines CASCADE poss\u00e8de plus de trente ans d&rsquo;exp\u00e9rience dans la conception, l&rsquo;assemblage et les tests de tableaux\u00a0\u00e9lectriques de commande et gestion de tout type de fontaine. Les fonctions du tableau varie selon les besoins et les caract\u00e9ristiques du syst\u00e8me \u00e0 g\u00e9rer: des fontaines [&hellip;]<\/p>\n","protected":false},"featured_media":3203,"template":"","meta":[],"product_brand":[],"product_cat":[340],"product_tag":[],"class_list":{"0":"post-3202","1":"product","2":"type-product","3":"status-publish","4":"has-post-thumbnail","6":"product_cat-systemes-de-controle-pour-fontaines","8":"first","9":"instock","10":"shipping-taxable","11":"product-type-grouped"},"yoast_head":"<!-- This site is optimized with the Yoast SEO plugin v26.7 - https:\/\/yoast.com\/wordpress\/plugins\/seo\/ -->\n<title>Tableaux \u00e9lectriques de contr\u00f4le pour fontaines - Cascade<\/title>\n<meta name=\"description\" content=\"Cascade poss\u00e8de trente ans d&#039;exp\u00e9rience dans la conception, l&#039;assemblage et les tests de tableaux de commande et gestion de tout type de fontaine.\" \/>\n<meta name=\"robots\" content=\"index, follow, max-snippet:-1, max-image-preview:large, max-video-preview:-1\" \/>\n<link rel=\"canonical\" href=\"https:\/\/www.cascade.it\/fr\/prodotto\/tableaux-electriques-fontaines\/\" \/>\n<meta property=\"og:locale\" content=\"fr_FR\" \/>\n<meta property=\"og:type\" content=\"article\" \/>\n<meta property=\"og:title\" content=\"Tableaux \u00e9lectriques de contr\u00f4le pour fontaines - Cascade\" \/>\n<meta property=\"og:description\" content=\"Cascade poss\u00e8de trente ans d&#039;exp\u00e9rience dans la conception, l&#039;assemblage et les tests de tableaux de commande et gestion de tout type de fontaine.\" \/>\n<meta property=\"og:url\" content=\"https:\/\/www.cascade.it\/fr\/prodotto\/tableaux-electriques-fontaines\/\" \/>\n<meta property=\"og:site_name\" content=\"Cascade\" \/>\n<meta property=\"article:modified_time\" content=\"2020-07-17T14:35:03+00:00\" \/>\n<meta property=\"og:image\" content=\"https:\/\/www.cascade.it\/new\/wp-content\/uploads\/Prodotti\/Sistemi_elettronici_di_controllo_per_fontane\/QUADRI-DI-COMANDO-PER-FONTANE.jpg\" \/>\n\t<meta property=\"og:image:width\" content=\"1300\" \/>\n\t<meta property=\"og:image:height\" content=\"1300\" \/>\n\t<meta property=\"og:image:type\" content=\"image\/jpeg\" \/>\n<meta name=\"twitter:card\" content=\"summary_large_image\" \/>\n<meta name=\"twitter:label1\" content=\"Dur\u00e9e de lecture estim\u00e9e\" \/>\n\t<meta name=\"twitter:data1\" content=\"2 minutes\" \/>\n<!-- \/ Yoast SEO plugin. -->","yoast_head_json":{"title":"Tableaux \u00e9lectriques de contr\u00f4le pour fontaines - Cascade","description":"Cascade poss\u00e8de trente ans d'exp\u00e9rience dans la conception, l'assemblage et les tests de tableaux de commande et gestion de tout type de fontaine.","robots":{"index":"index","follow":"follow","max-snippet":"max-snippet:-1","max-image-preview":"max-image-preview:large","max-video-preview":"max-video-preview:-1"},"canonical":"https:\/\/www.cascade.it\/fr\/prodotto\/tableaux-electriques-fontaines\/","og_locale":"fr_FR","og_type":"article","og_title":"Tableaux \u00e9lectriques de contr\u00f4le pour fontaines - Cascade","og_description":"Cascade poss\u00e8de trente ans d'exp\u00e9rience dans la conception, l'assemblage et les tests de tableaux de commande et gestion de tout type de fontaine.","og_url":"https:\/\/www.cascade.it\/fr\/prodotto\/tableaux-electriques-fontaines\/","og_site_name":"Cascade","article_modified_time":"2020-07-17T14:35:03+00:00","og_image":[{"width":1300,"height":1300,"url":"https:\/\/www.cascade.it\/new\/wp-content\/uploads\/Prodotti\/Sistemi_elettronici_di_controllo_per_fontane\/QUADRI-DI-COMANDO-PER-FONTANE.jpg","type":"image\/jpeg"}],"twitter_card":"summary_large_image","twitter_misc":{"Dur\u00e9e de lecture estim\u00e9e":"2 minutes"},"schema":{"@context":"https:\/\/schema.org","@graph":[{"@type":"WebPage","@id":"https:\/\/www.cascade.it\/fr\/prodotto\/tableaux-electriques-fontaines\/","url":"https:\/\/www.cascade.it\/fr\/prodotto\/tableaux-electriques-fontaines\/","name":"Tableaux \u00e9lectriques de contr\u00f4le pour fontaines - Cascade","isPartOf":{"@id":"https:\/\/www.cascade.it\/fr\/#website"},"primaryImageOfPage":{"@id":"https:\/\/www.cascade.it\/fr\/prodotto\/tableaux-electriques-fontaines\/#primaryimage"},"image":{"@id":"https:\/\/www.cascade.it\/fr\/prodotto\/tableaux-electriques-fontaines\/#primaryimage"},"thumbnailUrl":"https:\/\/www.cascade.it\/new\/wp-content\/uploads\/Prodotti\/Sistemi_elettronici_di_controllo_per_fontane\/QUADRI-DI-COMANDO-PER-FONTANE.jpg","datePublished":"2019-02-27T08:17:41+00:00","dateModified":"2020-07-17T14:35:03+00:00","description":"Cascade poss\u00e8de trente ans d'exp\u00e9rience dans la conception, l'assemblage et les tests de tableaux de commande et gestion de tout type de fontaine.","breadcrumb":{"@id":"https:\/\/www.cascade.it\/fr\/prodotto\/tableaux-electriques-fontaines\/#breadcrumb"},"inLanguage":"fr-FR","potentialAction":[{"@type":"ReadAction","target":["https:\/\/www.cascade.it\/fr\/prodotto\/tableaux-electriques-fontaines\/"]}]},{"@type":"ImageObject","inLanguage":"fr-FR","@id":"https:\/\/www.cascade.it\/fr\/prodotto\/tableaux-electriques-fontaines\/#primaryimage","url":"https:\/\/www.cascade.it\/new\/wp-content\/uploads\/Prodotti\/Sistemi_elettronici_di_controllo_per_fontane\/QUADRI-DI-COMANDO-PER-FONTANE.jpg","contentUrl":"https:\/\/www.cascade.it\/new\/wp-content\/uploads\/Prodotti\/Sistemi_elettronici_di_controllo_per_fontane\/QUADRI-DI-COMANDO-PER-FONTANE.jpg","width":1300,"height":1300},{"@type":"BreadcrumbList","@id":"https:\/\/www.cascade.it\/fr\/prodotto\/tableaux-electriques-fontaines\/#breadcrumb","itemListElement":[{"@type":"ListItem","position":1,"name":"Home","item":"https:\/\/www.cascade.it\/fr\/"},{"@type":"ListItem","position":2,"name":"Boutique","item":"https:\/\/www.cascade.it\/fr\/boutique\/"},{"@type":"ListItem","position":3,"name":"Tableaux \u00e9lectriques de contr\u00f4le"}]},{"@type":"WebSite","@id":"https:\/\/www.cascade.it\/fr\/#website","url":"https:\/\/www.cascade.it\/fr\/","name":"Cascade","description":"More than a fountain","potentialAction":[{"@type":"SearchAction","target":{"@type":"EntryPoint","urlTemplate":"https:\/\/www.cascade.it\/fr\/?s={search_term_string}"},"query-input":{"@type":"PropertyValueSpecification","valueRequired":true,"valueName":"search_term_string"}}],"inLanguage":"fr-FR"}]}},"_links":{"self":[{"href":"https:\/\/www.cascade.it\/fr\/wp-json\/wp\/v2\/product\/3202","targetHints":{"allow":["GET"]}}],"collection":[{"href":"https:\/\/www.cascade.it\/fr\/wp-json\/wp\/v2\/product"}],"about":[{"href":"https:\/\/www.cascade.it\/fr\/wp-json\/wp\/v2\/types\/product"}],"wp:featuredmedia":[{"embeddable":true,"href":"https:\/\/www.cascade.it\/fr\/wp-json\/wp\/v2\/media\/3203"}],"wp:attachment":[{"href":"https:\/\/www.cascade.it\/fr\/wp-json\/wp\/v2\/media?parent=3202"}],"wp:term":[{"taxonomy":"product_brand","embeddable":true,"href":"https:\/\/www.cascade.it\/fr\/wp-json\/wp\/v2\/product_brand?post=3202"},{"taxonomy":"product_cat","embeddable":true,"href":"https:\/\/www.cascade.it\/fr\/wp-json\/wp\/v2\/product_cat?post=3202"},{"taxonomy":"product_tag","embeddable":true,"href":"https:\/\/www.cascade.it\/fr\/wp-json\/wp\/v2\/product_tag?post=3202"}],"curies":[{"name":"wp","href":"https:\/\/api.w.org\/{rel}","templated":true}]}}