{"id":3194,"date":"2019-08-08T10:30:49","date_gmt":"2019-08-08T08:30:49","guid":{"rendered":"https:\/\/www.cascade.it\/new\/prodotto\/punti-luminosi-per-pali\/"},"modified":"2020-07-23T12:25:22","modified_gmt":"2020-07-23T10:25:22","slug":"petit-spot-lumineux-poteaux","status":"publish","type":"product","link":"https:\/\/www.cascade.it\/fr\/prodotto\/petit-spot-lumineux-poteaux\/","title":{"rendered":"Points lumineux LED pour poteaux"},"content":{"rendered":"<p>[vc_row][vc_column][vc_column_text]<\/p>\n<p>&nbsp;<\/p>\n<div class=\"carousel-slider-outer carousel-slider-outer-image-carousel carousel-slider-outer-2216\" style=\"--carousel-slider-nav-color:#f1f1f1;--carousel-slider-active-nav-color:#00d1b2;--carousel-slider-arrow-size:48px;--carousel-slider-bullet-size:10px\">\n<div id=\"&#039;id-2216\" class=\"carousel-slider carousel-slider-2216 arrows-visibility-hover dots-visibility-never arrows-outside dots-center dots-square owl-carousel\" data-slide-type=\"image-carousel\" data-owl-settings='{\"nav\":true,\"dots\":false,\"slideBy\":1,\"stagePadding\":0,\"margin\":10,\"loop\":true,\"lazyLoad\":true,\"autoplay\":true,\"autoplayTimeout\":5000,\"autoplaySpeed\":500,\"autoplayHoverPause\":true,\"autoWidth\":false,\"responsive\":{\"300\":{\"items\":1},\"576\":{\"items\":2},\"768\":{\"items\":2},\"1024\":{\"items\":3},\"1280\":{\"items\":3},\"1536\":{\"items\":3}}}'>\n<div class=\"carousel-slider__item\">\n\t<img class=\"owl-lazy\" data-src=\"https:\/\/www.cascade.it\/new\/wp-content\/uploads\/2019\/08\/0-Punti-luminosi-per-pali.jpg\" alt=\"\"><\/a><\/div>\n\n<div class=\"carousel-slider__item\">\n\t<img class=\"owl-lazy\" data-src=\"https:\/\/www.cascade.it\/new\/wp-content\/uploads\/2019\/08\/1-Punti-luminosi-per-pali.jpg\" alt=\"\"><\/a><\/div>\n\n<div class=\"carousel-slider__item\">\n\t<img class=\"owl-lazy\" data-src=\"https:\/\/www.cascade.it\/new\/wp-content\/uploads\/2019\/09\/3-Punte-serie-200.jpg\" alt=\"\"><\/a><\/div>\n\n<\/div><!-- .carousel-slider-2216 -->\n<\/div><!-- .carousel-slider-outer-2216 -->\n\n<p>&nbsp;<\/p>\n<h1><span style=\"color: #1e73be;\">Points lumineux LED pour poteaux<\/span><\/h1>\n<p><strong>Tr\u00e8s petits<\/strong> \u00e9l\u00e9ments <strong>LED<\/strong> d\u00e9coratifs lumineux. Ils peuvent \u00eatre utilis\u00e9s sur des <strong>poteaux d&rsquo;\u00e9clairage public<\/strong>, dans des <strong>d\u00e9corations de jardin<\/strong> ou dans des applications o\u00f9 des signaux <strong>discrets<\/strong> et <strong>non invasifs<\/strong> sont n\u00e9cessaires.<\/p>\n<p>Malgr\u00e9 leur petite taille, ils ont toutes les caract\u00e9ristiques m\u00e9caniques d&rsquo;un produit professionnel.<\/p>\n<p><strong>Faciles<\/strong> <strong>\u00e0<\/strong> <strong>entretenir,<\/strong> ils peuvent \u00eatre utilis\u00e9s individuellement ou connect\u00e9s en s\u00e9rie au moyen d&rsquo;un <strong>driver sp\u00e9cial<\/strong>. Tension de sortie typique du driver 24 Vdc; tension plus \u00e9lev\u00e9e en fonction du nombre de points connect\u00e9s ensemble sur le m\u00eame driver.<\/p>\n<p>Le fonctionnement de la s\u00e9rie de points lumineux est <strong>toujours garanti<\/strong> m\u00eame en cas de d\u00e9faillance d&rsquo;un composant.<\/p>\n<p>&nbsp;<\/p>\n<h3>Donn\u00e9es techniques<\/h3>\n<div style=\"overflow-x: auto;\">\n<table width=\"89%\">\n<tbody>\n<tr>\n<td width=\"12%\"><strong>\u00a0<\/strong><\/td>\n<td class=\"thHorz\" width=\"87%\">Point lumineux<\/td>\n<\/tr>\n<tr>\n<td class=\"thVert\" width=\"12%\">Code<\/td>\n<td width=\"87%\">PNT1W<\/td>\n<\/tr>\n<tr>\n<td class=\"thVert\" width=\"12%\">Lampe<\/td>\n<td width=\"87%\">Power LED<\/td>\n<\/tr>\n<tr>\n<td class=\"thVert\" width=\"12%\">Alimentation<\/td>\n<td width=\"87%\">Avec driver<\/td>\n<\/tr>\n<tr>\n<td class=\"thVert\" width=\"12%\">Puissance<\/td>\n<td width=\"87%\">1 W<\/td>\n<\/tr>\n<tr>\n<td class=\"thVert\" width=\"12%\">C\u00e2ble<\/td>\n<td width=\"87%\">2 x 0,50 mm\u00b2 &#8211; longueur 300 mm<\/td>\n<\/tr>\n<tr>\n<td class=\"thVert\" width=\"12%\">Couleur<\/td>\n<td width=\"87%\">Standard: Bleu, sur demande: Vert\/Rouge<\/td>\n<\/tr>\n<tr>\n<td class=\"thVert\" width=\"12%\">Mat\u00e9riel<\/td>\n<td width=\"87%\">Laiton nickel\u00e9, PMMA<\/td>\n<\/tr>\n<tr>\n<td class=\"thVert\" width=\"12%\">Protection<\/td>\n<td width=\"87%\">IP67<\/td>\n<\/tr>\n<tr>\n<td class=\"thVert\" width=\"12%\">Connexion<\/td>\n<td width=\"87%\">1\/2&Prime; GAS<\/td>\n<\/tr>\n<\/tbody>\n<\/table>\n<\/div>\n<p>[\/vc_column_text][\/vc_column][\/vc_row][vc_row][vc_column][vc_column_text]<\/p>\n","protected":false},"excerpt":{"rendered":"<p>[vc_row][vc_column][vc_column_text] &nbsp; &nbsp; Points lumineux LED pour poteaux Tr\u00e8s petits \u00e9l\u00e9ments LED d\u00e9coratifs lumineux. Ils peuvent \u00eatre utilis\u00e9s sur des poteaux d&rsquo;\u00e9clairage public, dans des d\u00e9corations de jardin ou dans des applications o\u00f9 des signaux discrets et non invasifs sont n\u00e9cessaires. Malgr\u00e9 leur petite taille, ils ont toutes les caract\u00e9ristiques m\u00e9caniques d&rsquo;un produit professionnel. Faciles [&hellip;]<\/p>\n","protected":false},"featured_media":3197,"template":"","meta":[],"product_brand":[],"product_cat":[231],"product_tag":[],"class_list":{"0":"post-3194","1":"product","2":"type-product","3":"status-publish","4":"has-post-thumbnail","6":"product_cat-senza-categoria","8":"first","9":"instock","10":"shipping-taxable","11":"product-type-simple"},"yoast_head":"<!-- This site is optimized with the Yoast SEO plugin v26.7 - https:\/\/yoast.com\/wordpress\/plugins\/seo\/ -->\n<title>Points lumineux LED pour poteaux - Cascade<\/title>\n<meta name=\"description\" content=\"Ils peuvent \u00eatre utilis\u00e9s sur des poteaux d&#039;\u00e9clairage public ou dans des applications o\u00f9 des signaux discrets et non invasifs sont n\u00e9cessaires.\" \/>\n<meta name=\"robots\" content=\"index, follow, max-snippet:-1, max-image-preview:large, max-video-preview:-1\" \/>\n<link rel=\"canonical\" href=\"https:\/\/www.cascade.it\/fr\/prodotto\/petit-spot-lumineux-poteaux\/\" \/>\n<meta property=\"og:locale\" content=\"fr_FR\" \/>\n<meta property=\"og:type\" content=\"article\" \/>\n<meta property=\"og:title\" content=\"Points lumineux LED pour poteaux - Cascade\" \/>\n<meta property=\"og:description\" content=\"Ils peuvent \u00eatre utilis\u00e9s sur des poteaux d&#039;\u00e9clairage public ou dans des applications o\u00f9 des signaux discrets et non invasifs sont n\u00e9cessaires.\" \/>\n<meta property=\"og:url\" content=\"https:\/\/www.cascade.it\/fr\/prodotto\/petit-spot-lumineux-poteaux\/\" \/>\n<meta property=\"og:site_name\" content=\"Cascade\" \/>\n<meta property=\"article:modified_time\" content=\"2020-07-23T10:25:22+00:00\" \/>\n<meta property=\"og:image\" content=\"https:\/\/www.cascade.it\/new\/wp-content\/uploads\/2019\/08\/Punti-luminosi.jpg\" \/>\n\t<meta property=\"og:image:width\" content=\"1300\" \/>\n\t<meta property=\"og:image:height\" content=\"1300\" \/>\n\t<meta property=\"og:image:type\" content=\"image\/jpeg\" \/>\n<meta name=\"twitter:card\" content=\"summary_large_image\" \/>\n<meta name=\"twitter:label1\" content=\"Dur\u00e9e de lecture estim\u00e9e\" \/>\n\t<meta name=\"twitter:data1\" content=\"1 minute\" \/>\n<!-- \/ Yoast SEO plugin. -->","yoast_head_json":{"title":"Points lumineux LED pour poteaux - Cascade","description":"Ils peuvent \u00eatre utilis\u00e9s sur des poteaux d'\u00e9clairage public ou dans des applications o\u00f9 des signaux discrets et non invasifs sont n\u00e9cessaires.","robots":{"index":"index","follow":"follow","max-snippet":"max-snippet:-1","max-image-preview":"max-image-preview:large","max-video-preview":"max-video-preview:-1"},"canonical":"https:\/\/www.cascade.it\/fr\/prodotto\/petit-spot-lumineux-poteaux\/","og_locale":"fr_FR","og_type":"article","og_title":"Points lumineux LED pour poteaux - Cascade","og_description":"Ils peuvent \u00eatre utilis\u00e9s sur des poteaux d'\u00e9clairage public ou dans des applications o\u00f9 des signaux discrets et non invasifs sont n\u00e9cessaires.","og_url":"https:\/\/www.cascade.it\/fr\/prodotto\/petit-spot-lumineux-poteaux\/","og_site_name":"Cascade","article_modified_time":"2020-07-23T10:25:22+00:00","og_image":[{"width":1300,"height":1300,"url":"https:\/\/www.cascade.it\/new\/wp-content\/uploads\/2019\/08\/Punti-luminosi.jpg","type":"image\/jpeg"}],"twitter_card":"summary_large_image","twitter_misc":{"Dur\u00e9e de lecture estim\u00e9e":"1 minute"},"schema":{"@context":"https:\/\/schema.org","@graph":[{"@type":"WebPage","@id":"https:\/\/www.cascade.it\/fr\/prodotto\/petit-spot-lumineux-poteaux\/","url":"https:\/\/www.cascade.it\/fr\/prodotto\/petit-spot-lumineux-poteaux\/","name":"Points lumineux LED pour poteaux - Cascade","isPartOf":{"@id":"https:\/\/www.cascade.it\/fr\/#website"},"primaryImageOfPage":{"@id":"https:\/\/www.cascade.it\/fr\/prodotto\/petit-spot-lumineux-poteaux\/#primaryimage"},"image":{"@id":"https:\/\/www.cascade.it\/fr\/prodotto\/petit-spot-lumineux-poteaux\/#primaryimage"},"thumbnailUrl":"https:\/\/www.cascade.it\/new\/wp-content\/uploads\/2019\/08\/Punti-luminosi.jpg","datePublished":"2019-08-08T08:30:49+00:00","dateModified":"2020-07-23T10:25:22+00:00","description":"Ils peuvent \u00eatre utilis\u00e9s sur des poteaux d'\u00e9clairage public ou dans des applications o\u00f9 des signaux discrets et non invasifs sont n\u00e9cessaires.","breadcrumb":{"@id":"https:\/\/www.cascade.it\/fr\/prodotto\/petit-spot-lumineux-poteaux\/#breadcrumb"},"inLanguage":"fr-FR","potentialAction":[{"@type":"ReadAction","target":["https:\/\/www.cascade.it\/fr\/prodotto\/petit-spot-lumineux-poteaux\/"]}]},{"@type":"ImageObject","inLanguage":"fr-FR","@id":"https:\/\/www.cascade.it\/fr\/prodotto\/petit-spot-lumineux-poteaux\/#primaryimage","url":"https:\/\/www.cascade.it\/new\/wp-content\/uploads\/2019\/08\/Punti-luminosi.jpg","contentUrl":"https:\/\/www.cascade.it\/new\/wp-content\/uploads\/2019\/08\/Punti-luminosi.jpg","width":1300,"height":1300},{"@type":"BreadcrumbList","@id":"https:\/\/www.cascade.it\/fr\/prodotto\/petit-spot-lumineux-poteaux\/#breadcrumb","itemListElement":[{"@type":"ListItem","position":1,"name":"Home","item":"https:\/\/www.cascade.it\/fr\/"},{"@type":"ListItem","position":2,"name":"Boutique","item":"https:\/\/www.cascade.it\/fr\/boutique\/"},{"@type":"ListItem","position":3,"name":"Points lumineux LED pour poteaux"}]},{"@type":"WebSite","@id":"https:\/\/www.cascade.it\/fr\/#website","url":"https:\/\/www.cascade.it\/fr\/","name":"Cascade","description":"More than a fountain","potentialAction":[{"@type":"SearchAction","target":{"@type":"EntryPoint","urlTemplate":"https:\/\/www.cascade.it\/fr\/?s={search_term_string}"},"query-input":{"@type":"PropertyValueSpecification","valueRequired":true,"valueName":"search_term_string"}}],"inLanguage":"fr-FR"}]}},"_links":{"self":[{"href":"https:\/\/www.cascade.it\/fr\/wp-json\/wp\/v2\/product\/3194","targetHints":{"allow":["GET"]}}],"collection":[{"href":"https:\/\/www.cascade.it\/fr\/wp-json\/wp\/v2\/product"}],"about":[{"href":"https:\/\/www.cascade.it\/fr\/wp-json\/wp\/v2\/types\/product"}],"wp:featuredmedia":[{"embeddable":true,"href":"https:\/\/www.cascade.it\/fr\/wp-json\/wp\/v2\/media\/3197"}],"wp:attachment":[{"href":"https:\/\/www.cascade.it\/fr\/wp-json\/wp\/v2\/media?parent=3194"}],"wp:term":[{"taxonomy":"product_brand","embeddable":true,"href":"https:\/\/www.cascade.it\/fr\/wp-json\/wp\/v2\/product_brand?post=3194"},{"taxonomy":"product_cat","embeddable":true,"href":"https:\/\/www.cascade.it\/fr\/wp-json\/wp\/v2\/product_cat?post=3194"},{"taxonomy":"product_tag","embeddable":true,"href":"https:\/\/www.cascade.it\/fr\/wp-json\/wp\/v2\/product_tag?post=3194"}],"curies":[{"name":"wp","href":"https:\/\/api.w.org\/{rel}","templated":true}]}}