{"id":3165,"date":"2019-05-02T11:04:41","date_gmt":"2019-05-02T09:04:41","guid":{"rendered":"https:\/\/www.cascade.it\/new\/prodotto\/punta-20060\/"},"modified":"2020-07-17T16:06:16","modified_gmt":"2020-07-17T14:06:16","slug":"pointe-lumineuse-led-poteaux","status":"publish","type":"product","link":"https:\/\/www.cascade.it\/fr\/prodotto\/pointe-lumineuse-led-poteaux\/","title":{"rendered":"Pointes lumineuses LED s\u00e9rie 200"},"content":{"rendered":"<p>[vc_row][vc_column][vc_empty_space height=\u00a0\u00bb50&Prime; height_mobile=\u00a0\u00bb100&Prime;][vc_column_text spacing_heading=\u00a0\u00bb\u00a0\u00bb spacing_heading_tab=\u00a0\u00bb\u00a0\u00bb spacing_heading_mobile=\u00a0\u00bb\u00a0\u00bb]<\/p>\n<div class=\"carousel-slider-outer carousel-slider-outer-image-carousel carousel-slider-outer-3167\" style=\"--carousel-slider-nav-color:#f1f1f1;--carousel-slider-active-nav-color:#00d1b2;--carousel-slider-arrow-size:48px;--carousel-slider-bullet-size:10px\">\n<div id=\"&#039;id-3167\" class=\"carousel-slider carousel-slider-3167 arrows-visibility-hover dots-visibility-never arrows-outside dots-center dots-square owl-carousel\" data-slide-type=\"image-carousel\" data-owl-settings='{\"nav\":true,\"dots\":false,\"slideBy\":1,\"stagePadding\":0,\"margin\":10,\"loop\":true,\"lazyLoad\":true,\"autoplay\":true,\"autoplayTimeout\":5000,\"autoplaySpeed\":500,\"autoplayHoverPause\":true,\"autoWidth\":false,\"responsive\":{\"300\":{\"items\":1},\"576\":{\"items\":2},\"768\":{\"items\":2},\"1024\":{\"items\":3},\"1280\":{\"items\":3},\"1536\":{\"items\":3}}}'>\n<div class=\"carousel-slider__item\">\n\t<img class=\"owl-lazy\" data-src=\"https:\/\/www.cascade.it\/new\/wp-content\/uploads\/2019\/09\/1-Punte-serie-200.jpg\" alt=\"\"><\/a><\/div>\n\n<div class=\"carousel-slider__item\">\n\t<img class=\"owl-lazy\" data-src=\"https:\/\/www.cascade.it\/new\/wp-content\/uploads\/2019\/09\/2-Punte-serie-200.jpg\" alt=\"\"><\/a><\/div>\n\n<div class=\"carousel-slider__item\">\n\t<img class=\"owl-lazy\" data-src=\"https:\/\/www.cascade.it\/new\/wp-content\/uploads\/2019\/09\/3-Punte-serie-200.jpg\" alt=\"\"><\/a><\/div>\n\n<\/div><!-- .carousel-slider-3167 -->\n<\/div><!-- .carousel-slider-outer-3167 -->\n\n<h1><span style=\"color: #1e73be;\">Pointes lumineuses LED s\u00e9rie 200 pour t\u00eate poteau<\/span><\/h1>\n<p><strong>Pointes lumineuses \u00e0 LED<\/strong>, utilis\u00e9es comme \u00e9l\u00e9ments terminaux <strong>d\u00e9coratifs<\/strong> sur les poteaux pour <strong>l&rsquo;\u00e9clairage public ou d\u00e9coratif<\/strong>.<\/p>\n<p>Elles s&rsquo;adaptent \u00e0 n&rsquo;importe quel m\u00e2t d&rsquo;un diam\u00e8tre en t\u00eate de 60 mm ou 75 mm. La fixation au poteau se fait au moyen de vis qui rendent la <strong>connexion s\u00fbre et stable<\/strong> dans le temps; les diam\u00e8tres au voisinage de la t\u00eate du m\u00e2t sont tels qu&rsquo;elles le recouvrent <strong>compl\u00e8tement,<\/strong> \u00e9vitant \u00e9galement toute infiltration d&rsquo;eau \u00e0 l&rsquo;int\u00e9rieur du m\u00e2t.<\/p>\n<p>Les pointes lumineuses LED pour\u00a0la t\u00eate de poteau sont <strong>faciles \u00e0 installer<\/strong> et, surtout, <strong>faciles \u00e0 entretenir<\/strong> car elles utilisent des <strong>lampes LED standard<\/strong> avec connexion GU10. La lampe peut \u00eatre disponible dans les diff\u00e9rentes couleurs disponibles sur le march\u00e9, avec une puissance standard de 3 W. Sur demande, si disponible, des puissances encore plus \u00e9lev\u00e9es.<\/p>\n<p>Le mat\u00e9riau PEHD naturel est stabilis\u00e9 aux UV et les \u00e9paisseurs sont telles qu&rsquo;elles garantissent une r\u00e9sistance m\u00e9canique \u00e9lev\u00e9e.<\/p>\n<p>L&rsquo;adaptateur interne rend le c\u00e2blage c\u00e2ble-lampe <strong>fiable et s\u00fbr<\/strong>, avec un c\u00e2ble standard 2 x 0,75 mm<sup>2<\/sup> et une longueur de 10 m.<\/p>\n<p>Appareils de <strong>classe d&rsquo;isolation II<\/strong>.<\/p>\n<p>&nbsp;<\/p>\n<h3>Donn\u00e9es techniques<\/h3>\n<div>\n<table width=\"91%\">\n<tbody>\n<tr>\n<td width=\"20%\"><strong>\u00a0<\/strong><\/td>\n<td class=\"thHorz\" width=\"37%\">Pointe 20060<\/td>\n<td class=\"thHorz\" width=\"41%\">Pointe 20075<\/td>\n<\/tr>\n<tr>\n<td class=\"thVert\" width=\"20%\">Code<\/td>\n<td width=\"37%\">PL20060<\/td>\n<td width=\"41%\">PL20075<\/td>\n<\/tr>\n<tr>\n<td class=\"thVert\" width=\"20%\">Diam\u00e8tre\u00a0t\u00eate de poteau compatible<\/td>\n<td width=\"37%\">60 mm<\/td>\n<td width=\"41%\">75 mm<\/td>\n<\/tr>\n<tr>\n<td class=\"thVert\" width=\"20%\">Lampe<\/td>\n<td width=\"37%\">GU10 LED (interchangeable)<\/td>\n<td width=\"41%\">GU10 LED (interchangeable)<\/td>\n<\/tr>\n<tr>\n<td class=\"thVert\" width=\"20%\">Alimentation lampe<\/td>\n<td width=\"37%\">230 Vca sans driver<\/td>\n<td width=\"41%\">230 Vca sans driver<\/td>\n<\/tr>\n<tr>\n<td class=\"thVert\" width=\"20%\">Puissance lampe<\/td>\n<td width=\"37%\">3 W<\/td>\n<td width=\"41%\">3 W<\/td>\n<\/tr>\n<tr>\n<td class=\"thVert\" width=\"20%\">Couleur lampe<\/td>\n<td width=\"37%\">Bleu &#8211; Rouge &#8211; Vert &#8211; Blanc<\/td>\n<td width=\"41%\">Bleu &#8211; Rouge &#8211; Vert &#8211; Blanc<\/td>\n<\/tr>\n<tr>\n<td class=\"thVert\" width=\"20%\">C\u00e2ble<\/td>\n<td width=\"37%\">2 x 0,75 mm<sup>2<\/sup> &#8211; longueur 10 m<\/td>\n<td width=\"41%\">2 x 0,75 mm<sup>2<\/sup> &#8211; longueur 10 m<\/td>\n<\/tr>\n<tr>\n<td class=\"thVert\" width=\"20%\">Mat\u00e9riel pointe<\/td>\n<td width=\"37%\">PEHD naturel (couleur blanche)<\/td>\n<td width=\"41%\">PEHD naturel (couleur blanche)<\/td>\n<\/tr>\n<tr>\n<td class=\"thVert\" width=\"20%\">Protection<\/td>\n<td width=\"37%\">IP65<\/td>\n<td width=\"41%\">IP65<\/td>\n<\/tr>\n<tr>\n<td class=\"thVert\" width=\"20%\">Classe d&rsquo;isolation<\/td>\n<td width=\"37%\">II<\/td>\n<td width=\"41%\">II<\/td>\n<\/tr>\n<tr>\n<td class=\"thVert\" width=\"20%\">Longueur pointe<\/td>\n<td width=\"37%\">270 mm<\/td>\n<td width=\"41%\">270 mm<\/td>\n<\/tr>\n<\/tbody>\n<\/table>\n<\/div>\n","protected":false},"excerpt":{"rendered":"<p>[vc_row][vc_column][vc_empty_space height=\u00a0\u00bb50&Prime; height_mobile=\u00a0\u00bb100&Prime;][vc_column_text spacing_heading=\u00a0\u00bb\u00a0\u00bb spacing_heading_tab=\u00a0\u00bb\u00a0\u00bb spacing_heading_mobile=\u00a0\u00bb\u00a0\u00bb] Pointes lumineuses LED s\u00e9rie 200 pour t\u00eate poteau Pointes lumineuses \u00e0 LED, utilis\u00e9es comme \u00e9l\u00e9ments terminaux d\u00e9coratifs sur les poteaux pour l&rsquo;\u00e9clairage public ou d\u00e9coratif. Elles s&rsquo;adaptent \u00e0 n&rsquo;importe quel m\u00e2t d&rsquo;un diam\u00e8tre en t\u00eate de 60 mm ou 75 mm. La fixation au poteau se fait au moyen [&hellip;]<\/p>\n","protected":false},"featured_media":3166,"template":"","meta":[],"product_brand":[],"product_cat":[311],"product_tag":[],"class_list":{"0":"post-3165","1":"product","2":"type-product","3":"status-publish","4":"has-post-thumbnail","6":"product_cat-pointes-lumineuses-terminaux-poteaux","8":"first","9":"instock","10":"shipping-taxable","11":"product-type-simple"},"yoast_head":"<!-- This site is optimized with the Yoast SEO plugin v26.7 - https:\/\/yoast.com\/wordpress\/plugins\/seo\/ -->\n<title>Pointes lumineuses LED s\u00e9rie 200 pour poteaux d&#039;\u00e9clairage - Cascade<\/title>\n<meta name=\"description\" content=\"Utilis\u00e9es comme \u00e9l\u00e9ments terminaux d\u00e9coratifs sur les poteaux d&#039;\u00e9clairage public. Elles s&#039;adaptent aux m\u00e2ts de diam\u00e8tre en t\u00eate de 60 mm ou 75 mm.\" \/>\n<meta name=\"robots\" content=\"index, follow, max-snippet:-1, max-image-preview:large, max-video-preview:-1\" \/>\n<link rel=\"canonical\" href=\"https:\/\/www.cascade.it\/fr\/prodotto\/pointe-lumineuse-led-poteaux\/\" \/>\n<meta property=\"og:locale\" content=\"fr_FR\" \/>\n<meta property=\"og:type\" content=\"article\" \/>\n<meta property=\"og:title\" content=\"Pointes lumineuses LED s\u00e9rie 200 pour poteaux d&#039;\u00e9clairage - Cascade\" \/>\n<meta property=\"og:description\" content=\"Utilis\u00e9es comme \u00e9l\u00e9ments terminaux d\u00e9coratifs sur les poteaux d&#039;\u00e9clairage public. Elles s&#039;adaptent aux m\u00e2ts de diam\u00e8tre en t\u00eate de 60 mm ou 75 mm.\" \/>\n<meta property=\"og:url\" content=\"https:\/\/www.cascade.it\/fr\/prodotto\/pointe-lumineuse-led-poteaux\/\" \/>\n<meta property=\"og:site_name\" content=\"Cascade\" \/>\n<meta property=\"article:modified_time\" content=\"2020-07-17T14:06:16+00:00\" \/>\n<meta property=\"og:image\" content=\"https:\/\/www.cascade.it\/new\/wp-content\/uploads\/Prodotti\/Punte_luminose_pali\/Punte_luminose_terminali_pali\/PUNTA-20060.jpg\" \/>\n\t<meta property=\"og:image:width\" content=\"1300\" \/>\n\t<meta property=\"og:image:height\" content=\"1300\" \/>\n\t<meta property=\"og:image:type\" content=\"image\/jpeg\" \/>\n<meta name=\"twitter:card\" content=\"summary_large_image\" \/>\n<meta name=\"twitter:label1\" content=\"Dur\u00e9e de lecture estim\u00e9e\" \/>\n\t<meta name=\"twitter:data1\" content=\"2 minutes\" \/>\n<!-- \/ Yoast SEO plugin. -->","yoast_head_json":{"title":"Pointes lumineuses LED s\u00e9rie 200 pour poteaux d'\u00e9clairage - Cascade","description":"Utilis\u00e9es comme \u00e9l\u00e9ments terminaux d\u00e9coratifs sur les poteaux d'\u00e9clairage public. Elles s'adaptent aux m\u00e2ts de diam\u00e8tre en t\u00eate de 60 mm ou 75 mm.","robots":{"index":"index","follow":"follow","max-snippet":"max-snippet:-1","max-image-preview":"max-image-preview:large","max-video-preview":"max-video-preview:-1"},"canonical":"https:\/\/www.cascade.it\/fr\/prodotto\/pointe-lumineuse-led-poteaux\/","og_locale":"fr_FR","og_type":"article","og_title":"Pointes lumineuses LED s\u00e9rie 200 pour poteaux d'\u00e9clairage - Cascade","og_description":"Utilis\u00e9es comme \u00e9l\u00e9ments terminaux d\u00e9coratifs sur les poteaux d'\u00e9clairage public. Elles s'adaptent aux m\u00e2ts de diam\u00e8tre en t\u00eate de 60 mm ou 75 mm.","og_url":"https:\/\/www.cascade.it\/fr\/prodotto\/pointe-lumineuse-led-poteaux\/","og_site_name":"Cascade","article_modified_time":"2020-07-17T14:06:16+00:00","og_image":[{"width":1300,"height":1300,"url":"https:\/\/www.cascade.it\/new\/wp-content\/uploads\/Prodotti\/Punte_luminose_pali\/Punte_luminose_terminali_pali\/PUNTA-20060.jpg","type":"image\/jpeg"}],"twitter_card":"summary_large_image","twitter_misc":{"Dur\u00e9e de lecture estim\u00e9e":"2 minutes"},"schema":{"@context":"https:\/\/schema.org","@graph":[{"@type":"WebPage","@id":"https:\/\/www.cascade.it\/fr\/prodotto\/pointe-lumineuse-led-poteaux\/","url":"https:\/\/www.cascade.it\/fr\/prodotto\/pointe-lumineuse-led-poteaux\/","name":"Pointes lumineuses LED s\u00e9rie 200 pour poteaux d'\u00e9clairage - Cascade","isPartOf":{"@id":"https:\/\/www.cascade.it\/fr\/#website"},"primaryImageOfPage":{"@id":"https:\/\/www.cascade.it\/fr\/prodotto\/pointe-lumineuse-led-poteaux\/#primaryimage"},"image":{"@id":"https:\/\/www.cascade.it\/fr\/prodotto\/pointe-lumineuse-led-poteaux\/#primaryimage"},"thumbnailUrl":"https:\/\/www.cascade.it\/new\/wp-content\/uploads\/Prodotti\/Punte_luminose_pali\/Punte_luminose_terminali_pali\/PUNTA-20060.jpg","datePublished":"2019-05-02T09:04:41+00:00","dateModified":"2020-07-17T14:06:16+00:00","description":"Utilis\u00e9es comme \u00e9l\u00e9ments terminaux d\u00e9coratifs sur les poteaux d'\u00e9clairage public. Elles s'adaptent aux m\u00e2ts de diam\u00e8tre en t\u00eate de 60 mm ou 75 mm.","breadcrumb":{"@id":"https:\/\/www.cascade.it\/fr\/prodotto\/pointe-lumineuse-led-poteaux\/#breadcrumb"},"inLanguage":"fr-FR","potentialAction":[{"@type":"ReadAction","target":["https:\/\/www.cascade.it\/fr\/prodotto\/pointe-lumineuse-led-poteaux\/"]}]},{"@type":"ImageObject","inLanguage":"fr-FR","@id":"https:\/\/www.cascade.it\/fr\/prodotto\/pointe-lumineuse-led-poteaux\/#primaryimage","url":"https:\/\/www.cascade.it\/new\/wp-content\/uploads\/Prodotti\/Punte_luminose_pali\/Punte_luminose_terminali_pali\/PUNTA-20060.jpg","contentUrl":"https:\/\/www.cascade.it\/new\/wp-content\/uploads\/Prodotti\/Punte_luminose_pali\/Punte_luminose_terminali_pali\/PUNTA-20060.jpg","width":1300,"height":1300},{"@type":"BreadcrumbList","@id":"https:\/\/www.cascade.it\/fr\/prodotto\/pointe-lumineuse-led-poteaux\/#breadcrumb","itemListElement":[{"@type":"ListItem","position":1,"name":"Home","item":"https:\/\/www.cascade.it\/fr\/"},{"@type":"ListItem","position":2,"name":"Boutique","item":"https:\/\/www.cascade.it\/fr\/boutique\/"},{"@type":"ListItem","position":3,"name":"Pointes lumineuses LED s\u00e9rie 200"}]},{"@type":"WebSite","@id":"https:\/\/www.cascade.it\/fr\/#website","url":"https:\/\/www.cascade.it\/fr\/","name":"Cascade","description":"More than a fountain","potentialAction":[{"@type":"SearchAction","target":{"@type":"EntryPoint","urlTemplate":"https:\/\/www.cascade.it\/fr\/?s={search_term_string}"},"query-input":{"@type":"PropertyValueSpecification","valueRequired":true,"valueName":"search_term_string"}}],"inLanguage":"fr-FR"}]}},"_links":{"self":[{"href":"https:\/\/www.cascade.it\/fr\/wp-json\/wp\/v2\/product\/3165","targetHints":{"allow":["GET"]}}],"collection":[{"href":"https:\/\/www.cascade.it\/fr\/wp-json\/wp\/v2\/product"}],"about":[{"href":"https:\/\/www.cascade.it\/fr\/wp-json\/wp\/v2\/types\/product"}],"wp:featuredmedia":[{"embeddable":true,"href":"https:\/\/www.cascade.it\/fr\/wp-json\/wp\/v2\/media\/3166"}],"wp:attachment":[{"href":"https:\/\/www.cascade.it\/fr\/wp-json\/wp\/v2\/media?parent=3165"}],"wp:term":[{"taxonomy":"product_brand","embeddable":true,"href":"https:\/\/www.cascade.it\/fr\/wp-json\/wp\/v2\/product_brand?post=3165"},{"taxonomy":"product_cat","embeddable":true,"href":"https:\/\/www.cascade.it\/fr\/wp-json\/wp\/v2\/product_cat?post=3165"},{"taxonomy":"product_tag","embeddable":true,"href":"https:\/\/www.cascade.it\/fr\/wp-json\/wp\/v2\/product_tag?post=3165"}],"curies":[{"name":"wp","href":"https:\/\/api.w.org\/{rel}","templated":true}]}}