{"id":3146,"date":"2019-07-24T15:46:24","date_gmt":"2019-07-24T13:46:24","guid":{"rendered":"https:\/\/www.cascade.it\/new\/prodotto\/pompe-di-superficie-serie-cs-cs4\/"},"modified":"2020-10-26T16:41:49","modified_gmt":"2020-10-26T15:41:49","slug":"pompes-de-surface-cs-cs4","status":"publish","type":"product","link":"https:\/\/www.cascade.it\/fr\/prodotto\/pompes-de-surface-cs-cs4\/","title":{"rendered":"Pompes de surface CS &#8211; CS4"},"content":{"rendered":"<p>[vc_row][vc_column][vc_empty_space height=\u00a0\u00bb50&Prime; height_mobile=\u00a0\u00bb150&Prime;][vc_column_text spacing_heading=\u00a0\u00bb\u00a0\u00bb spacing_heading_tab=\u00a0\u00bb\u00a0\u00bb spacing_heading_mobile=\u00a0\u00bb\u00a0\u00bb]<\/p>\n<div class=\"carousel-slider-outer carousel-slider-outer-image-carousel carousel-slider-outer-1287\" style=\"--carousel-slider-nav-color:#f1f1f1;--carousel-slider-active-nav-color:#00d1b2;--carousel-slider-arrow-size:48px;--carousel-slider-bullet-size:10px\">\n<div id=\"&#039;id-1287\" class=\"carousel-slider carousel-slider-1287 arrows-visibility-hover dots-visibility-never arrows-outside dots-center dots-square owl-carousel\" data-slide-type=\"image-carousel\" data-owl-settings='{\"nav\":true,\"dots\":false,\"slideBy\":1,\"stagePadding\":0,\"margin\":10,\"loop\":true,\"lazyLoad\":true,\"autoplay\":true,\"autoplayTimeout\":5000,\"autoplaySpeed\":500,\"autoplayHoverPause\":true,\"autoWidth\":false,\"responsive\":{\"300\":{\"items\":1},\"576\":{\"items\":2},\"768\":{\"items\":2},\"1024\":{\"items\":3},\"1280\":{\"items\":3},\"1536\":{\"items\":3}}}'>\n<div class=\"carousel-slider__item\">\n\t<img class=\"owl-lazy\" data-src=\"https:\/\/www.cascade.it\/new\/wp-content\/uploads\/2019\/12\/3-Pompe-di-superficie.jpg\" alt=\"\"><\/a><\/div>\n\n<div class=\"carousel-slider__item\">\n\t<img class=\"owl-lazy\" data-src=\"https:\/\/www.cascade.it\/new\/wp-content\/uploads\/2019\/12\/1-Pompe-di-superficie.jpg\" alt=\"\"><\/a><\/div>\n\n<div class=\"carousel-slider__item\">\n\t<img class=\"owl-lazy\" data-src=\"https:\/\/www.cascade.it\/new\/wp-content\/uploads\/2019\/12\/2-Pompe-di-superficie.jpg\" alt=\"\"><\/a><\/div>\n\n<\/div><!-- .carousel-slider-1287 -->\n<\/div><!-- .carousel-slider-outer-1287 -->\n\n<p>&nbsp;<\/p>\n<h1><span style=\"color: #1e73be;\">Pompes de surface pour fontaines s\u00e9rie CS &#8211; CS4<\/span><\/h1>\n<p>Cascade propose une large gamme de <strong>pompes de surface pour fontaines<\/strong>, des s\u00e9ries CS et CS4, avec une puissance allant jusqu&rsquo;\u00e0 22 kW pour la s\u00e9rie CS et 15 kW pour la s\u00e9rie CS4.<\/p>\n<p>Le corps des pompes a une aspiration axiale et un refoulement en haut.<\/p>\n<p>Conditions d&rsquo;utilisation: temp\u00e9rature environnement maximale 40\u00b0 C. Service continu.<\/p>\n<p>Les pompes de surface s\u00e9rie CS pour fontaines utilisent un moteur 2 p\u00f4les, 50 Hz. Triphas\u00e9 230\/400 V jusqu&rsquo;\u00e0 3 kW; 400\/690 V de 4 \u00e0 22 kW; classe de protection IP 54-55.<\/p>\n<p>Les pompes de surface pour fontaines de la s\u00e9rie CS4 utilisent un moteur 4 p\u00f4les, 50 Hz. Triphas\u00e9 230\/400 V jusqu&rsquo;\u00e0 3 kW; 400\/690 V de 4 \u00e0 15 kW; classe de protection IP 54-55.<\/p>\n<p>Variations sur demande: fr\u00e9quence 60 Hz, protection IP 55, moteur monophas\u00e9 pour puissances jusqu&rsquo;\u00e0 1,5 kW.<\/p>\n","protected":false},"excerpt":{"rendered":"<p>[vc_row][vc_column][vc_empty_space height=\u00a0\u00bb50&Prime; height_mobile=\u00a0\u00bb150&Prime;][vc_column_text spacing_heading=\u00a0\u00bb\u00a0\u00bb spacing_heading_tab=\u00a0\u00bb\u00a0\u00bb spacing_heading_mobile=\u00a0\u00bb\u00a0\u00bb] &nbsp; Pompes de surface pour fontaines s\u00e9rie CS &#8211; CS4 Cascade propose une large gamme de pompes de surface pour fontaines, des s\u00e9ries CS et CS4, avec une puissance allant jusqu&rsquo;\u00e0 22 kW pour la s\u00e9rie CS et 15 kW pour la s\u00e9rie CS4. Le corps des pompes a [&hellip;]<\/p>\n","protected":false},"featured_media":3147,"template":"","meta":[],"product_brand":[],"product_cat":[231],"product_tag":[],"class_list":{"0":"post-3146","1":"product","2":"type-product","3":"status-publish","4":"has-post-thumbnail","6":"product_cat-senza-categoria","8":"first","9":"instock","10":"shipping-taxable","11":"product-type-simple"},"yoast_head":"<!-- This site is optimized with the Yoast SEO plugin v26.7 - https:\/\/yoast.com\/wordpress\/plugins\/seo\/ -->\n<title>Pompes de surface pour fontaines s\u00e9rie CS - CS4 - Cascade<\/title>\n<meta name=\"description\" content=\"Cascade propose une large gamme de pompes de surface pour fontaines, des s\u00e9ries CS et CS4, avec puissance jusqu&#039;\u00e0 22 kW pour les CS et 15 kW pour les CS4.\" \/>\n<meta name=\"robots\" content=\"index, follow, max-snippet:-1, max-image-preview:large, max-video-preview:-1\" \/>\n<link rel=\"canonical\" href=\"https:\/\/www.cascade.it\/fr\/prodotto\/pompes-de-surface-cs-cs4\/\" \/>\n<meta property=\"og:locale\" content=\"fr_FR\" \/>\n<meta property=\"og:type\" content=\"article\" \/>\n<meta property=\"og:title\" content=\"Pompes de surface pour fontaines s\u00e9rie CS - CS4 - Cascade\" \/>\n<meta property=\"og:description\" content=\"Cascade propose une large gamme de pompes de surface pour fontaines, des s\u00e9ries CS et CS4, avec puissance jusqu&#039;\u00e0 22 kW pour les CS et 15 kW pour les CS4.\" \/>\n<meta property=\"og:url\" content=\"https:\/\/www.cascade.it\/fr\/prodotto\/pompes-de-surface-cs-cs4\/\" \/>\n<meta property=\"og:site_name\" content=\"Cascade\" \/>\n<meta property=\"article:modified_time\" content=\"2020-10-26T15:41:49+00:00\" \/>\n<meta property=\"og:image\" content=\"https:\/\/www.cascade.it\/new\/wp-content\/uploads\/2019\/07\/2-Pompe-di-superficie.jpg\" \/>\n\t<meta property=\"og:image:width\" content=\"1300\" \/>\n\t<meta property=\"og:image:height\" content=\"856\" \/>\n\t<meta property=\"og:image:type\" content=\"image\/jpeg\" \/>\n<meta name=\"twitter:card\" content=\"summary_large_image\" \/>\n<meta name=\"twitter:label1\" content=\"Dur\u00e9e de lecture estim\u00e9e\" \/>\n\t<meta name=\"twitter:data1\" content=\"1 minute\" \/>\n<!-- \/ Yoast SEO plugin. -->","yoast_head_json":{"title":"Pompes de surface pour fontaines s\u00e9rie CS - CS4 - Cascade","description":"Cascade propose une large gamme de pompes de surface pour fontaines, des s\u00e9ries CS et CS4, avec puissance jusqu'\u00e0 22 kW pour les CS et 15 kW pour les CS4.","robots":{"index":"index","follow":"follow","max-snippet":"max-snippet:-1","max-image-preview":"max-image-preview:large","max-video-preview":"max-video-preview:-1"},"canonical":"https:\/\/www.cascade.it\/fr\/prodotto\/pompes-de-surface-cs-cs4\/","og_locale":"fr_FR","og_type":"article","og_title":"Pompes de surface pour fontaines s\u00e9rie CS - CS4 - Cascade","og_description":"Cascade propose une large gamme de pompes de surface pour fontaines, des s\u00e9ries CS et CS4, avec puissance jusqu'\u00e0 22 kW pour les CS et 15 kW pour les CS4.","og_url":"https:\/\/www.cascade.it\/fr\/prodotto\/pompes-de-surface-cs-cs4\/","og_site_name":"Cascade","article_modified_time":"2020-10-26T15:41:49+00:00","og_image":[{"width":1300,"height":856,"url":"https:\/\/www.cascade.it\/new\/wp-content\/uploads\/2019\/07\/2-Pompe-di-superficie.jpg","type":"image\/jpeg"}],"twitter_card":"summary_large_image","twitter_misc":{"Dur\u00e9e de lecture estim\u00e9e":"1 minute"},"schema":{"@context":"https:\/\/schema.org","@graph":[{"@type":"WebPage","@id":"https:\/\/www.cascade.it\/fr\/prodotto\/pompes-de-surface-cs-cs4\/","url":"https:\/\/www.cascade.it\/fr\/prodotto\/pompes-de-surface-cs-cs4\/","name":"Pompes de surface pour fontaines s\u00e9rie CS - CS4 - Cascade","isPartOf":{"@id":"https:\/\/www.cascade.it\/fr\/#website"},"primaryImageOfPage":{"@id":"https:\/\/www.cascade.it\/fr\/prodotto\/pompes-de-surface-cs-cs4\/#primaryimage"},"image":{"@id":"https:\/\/www.cascade.it\/fr\/prodotto\/pompes-de-surface-cs-cs4\/#primaryimage"},"thumbnailUrl":"https:\/\/www.cascade.it\/new\/wp-content\/uploads\/2019\/07\/2-Pompe-di-superficie.jpg","datePublished":"2019-07-24T13:46:24+00:00","dateModified":"2020-10-26T15:41:49+00:00","description":"Cascade propose une large gamme de pompes de surface pour fontaines, des s\u00e9ries CS et CS4, avec puissance jusqu'\u00e0 22 kW pour les CS et 15 kW pour les CS4.","breadcrumb":{"@id":"https:\/\/www.cascade.it\/fr\/prodotto\/pompes-de-surface-cs-cs4\/#breadcrumb"},"inLanguage":"fr-FR","potentialAction":[{"@type":"ReadAction","target":["https:\/\/www.cascade.it\/fr\/prodotto\/pompes-de-surface-cs-cs4\/"]}]},{"@type":"ImageObject","inLanguage":"fr-FR","@id":"https:\/\/www.cascade.it\/fr\/prodotto\/pompes-de-surface-cs-cs4\/#primaryimage","url":"https:\/\/www.cascade.it\/new\/wp-content\/uploads\/2019\/07\/2-Pompe-di-superficie.jpg","contentUrl":"https:\/\/www.cascade.it\/new\/wp-content\/uploads\/2019\/07\/2-Pompe-di-superficie.jpg","width":1300,"height":856},{"@type":"BreadcrumbList","@id":"https:\/\/www.cascade.it\/fr\/prodotto\/pompes-de-surface-cs-cs4\/#breadcrumb","itemListElement":[{"@type":"ListItem","position":1,"name":"Home","item":"https:\/\/www.cascade.it\/fr\/"},{"@type":"ListItem","position":2,"name":"Boutique","item":"https:\/\/www.cascade.it\/fr\/boutique\/"},{"@type":"ListItem","position":3,"name":"Pompes de surface CS &#8211; CS4"}]},{"@type":"WebSite","@id":"https:\/\/www.cascade.it\/fr\/#website","url":"https:\/\/www.cascade.it\/fr\/","name":"Cascade","description":"More than a fountain","potentialAction":[{"@type":"SearchAction","target":{"@type":"EntryPoint","urlTemplate":"https:\/\/www.cascade.it\/fr\/?s={search_term_string}"},"query-input":{"@type":"PropertyValueSpecification","valueRequired":true,"valueName":"search_term_string"}}],"inLanguage":"fr-FR"}]}},"_links":{"self":[{"href":"https:\/\/www.cascade.it\/fr\/wp-json\/wp\/v2\/product\/3146","targetHints":{"allow":["GET"]}}],"collection":[{"href":"https:\/\/www.cascade.it\/fr\/wp-json\/wp\/v2\/product"}],"about":[{"href":"https:\/\/www.cascade.it\/fr\/wp-json\/wp\/v2\/types\/product"}],"wp:featuredmedia":[{"embeddable":true,"href":"https:\/\/www.cascade.it\/fr\/wp-json\/wp\/v2\/media\/3147"}],"wp:attachment":[{"href":"https:\/\/www.cascade.it\/fr\/wp-json\/wp\/v2\/media?parent=3146"}],"wp:term":[{"taxonomy":"product_brand","embeddable":true,"href":"https:\/\/www.cascade.it\/fr\/wp-json\/wp\/v2\/product_brand?post=3146"},{"taxonomy":"product_cat","embeddable":true,"href":"https:\/\/www.cascade.it\/fr\/wp-json\/wp\/v2\/product_cat?post=3146"},{"taxonomy":"product_tag","embeddable":true,"href":"https:\/\/www.cascade.it\/fr\/wp-json\/wp\/v2\/product_tag?post=3146"}],"curies":[{"name":"wp","href":"https:\/\/api.w.org\/{rel}","templated":true}]}}