{"id":3134,"date":"2019-05-02T10:54:25","date_gmt":"2019-05-02T08:54:25","guid":{"rendered":"https:\/\/www.cascade.it\/new\/prodotto\/variatori-di-frequenza\/"},"modified":"2020-07-17T12:56:50","modified_gmt":"2020-07-17T10:56:50","slug":"variateurs-de-frequence","status":"publish","type":"product","link":"https:\/\/www.cascade.it\/fr\/prodotto\/variateurs-de-frequence\/","title":{"rendered":"Variateurs de fr\u00e9quence"},"content":{"rendered":"<div class=\"carousel-slider-outer carousel-slider-outer-image-carousel carousel-slider-outer-3136\" style=\"--carousel-slider-nav-color:#f1f1f1;--carousel-slider-active-nav-color:#00d1b2;--carousel-slider-arrow-size:48px;--carousel-slider-bullet-size:10px\">\n<div id=\"&#039;id-3136\" class=\"carousel-slider carousel-slider-3136 arrows-visibility-hover dots-visibility-never arrows-outside dots-center dots-square owl-carousel\" data-slide-type=\"image-carousel\" data-owl-settings='{\"nav\":true,\"dots\":false,\"slideBy\":1,\"stagePadding\":0,\"margin\":10,\"loop\":true,\"lazyLoad\":true,\"autoplay\":true,\"autoplayTimeout\":5000,\"autoplaySpeed\":500,\"autoplayHoverPause\":true,\"autoWidth\":false,\"responsive\":{\"300\":{\"items\":1},\"576\":{\"items\":2},\"768\":{\"items\":2},\"1024\":{\"items\":2},\"1280\":{\"items\":2},\"1536\":{\"items\":2}}}'>\n<div class=\"carousel-slider__item\">\n\t<img class=\"owl-lazy\" data-src=\"https:\/\/www.cascade.it\/new\/wp-content\/uploads\/2019\/09\/1-Variatori-di-frequenza.jpg\" alt=\"\"><\/a><\/div>\n\n<div class=\"carousel-slider__item\">\n\t<img class=\"owl-lazy\" data-src=\"https:\/\/www.cascade.it\/new\/wp-content\/uploads\/2019\/09\/2-Variatori-di-frequenza.jpg\" alt=\"\"><\/a><\/div>\n\n<\/div><!-- .carousel-slider-3136 -->\n<\/div><!-- .carousel-slider-outer-3136 -->\n\n<p>&nbsp;<\/p>\n<h1><span style=\"color: #1e73be;\">Variateurs de fr\u00e9quence pour pompes<\/span><\/h1>\n<p>Cascade propose une large gamme de <strong>variateurs de fr\u00e9quence pour \u00e9lectropompes pour fontaines<\/strong> triphas\u00e9es (400 VAC), avec des puissances disponibles de 0,37 \u00e0 22 kW.<\/p>\n<p>Ces appareils permettent de <strong>dynamiser la fontaine<\/strong> en faisant varier la fr\u00e9quence de rotation du moteur de l&rsquo;\u00e9lectropompe et, par cons\u00e9quent, la <strong>hauteur des jets d&rsquo;eau<\/strong>.<\/p>\n<p>Compatible avec les <a href=\"https:\/\/www.cascade.it\/fr\/produits\/systemes-de-controle-pour-fontaines\/systemes-de-controle-fontaines-dynamiques-musicales\/\"><strong><span style=\"text-decoration: underline;\">dispositifs de contr\u00f4le \u00e9lectronique Cascade<\/span><\/strong><\/a> gr\u00e2ce \u00e0 la possibilit\u00e9 de contr\u00f4le de tension 0-10V (analogique et PWM). Cela permet de rendre les variateurs de fr\u00e9quence compatibles \u00e9galement avec le protocole de communication DMX en utilisant le <a href=\"https:\/\/www.cascade.it\/fr\/prodotto\/convertisseur-dmx-pwm4\/\"><span style=\"text-decoration: underline;\"><strong>Convertisseur DMX-PWM4<\/strong><\/span><\/a> et, par cons\u00e9quent, il est possible de varier les jets d&rsquo;eau \u00e0 volont\u00e9 selon les sc\u00e9nographies dynamiques et m\u00eame musicaux les plus vari\u00e9s.<\/p>\n<p>Possibilit\u00e9 de s\u00e9lectionner les rampes d&rsquo;acc\u00e9l\u00e9ration\/d\u00e9c\u00e9l\u00e9ration des pompes. La <strong>conception optimis\u00e9e<\/strong> pour l&rsquo;installation dans l&rsquo;armoire \u00e9conomise de l&rsquo;espace et r\u00e9duit le temps d&rsquo;installation. Macros d&rsquo;application pr\u00e9d\u00e9finies qui acc\u00e9l\u00e8rent les param\u00e8tres de base. De nombreuses <strong>fonctionnalit\u00e9s int\u00e9gr\u00e9es<\/strong> offrent le potentiel et la flexibilit\u00e9 n\u00e9cessaires pour r\u00e9pondre aux exigences des applications. <strong>S\u00e9curit\u00e9 fonctionnelle<\/strong> (pr\u00e9vention contre les d\u00e9marrages accidentels [STO]).<\/p>\n<p>&nbsp;<\/p>\n","protected":false},"excerpt":{"rendered":"<p>&nbsp; Variateurs de fr\u00e9quence pour pompes Cascade propose une large gamme de variateurs de fr\u00e9quence pour \u00e9lectropompes pour fontaines triphas\u00e9es (400 VAC), avec des puissances disponibles de 0,37 \u00e0 22 kW. Ces appareils permettent de dynamiser la fontaine en faisant varier la fr\u00e9quence de rotation du moteur de l&rsquo;\u00e9lectropompe et, par cons\u00e9quent, la hauteur des [&hellip;]<\/p>\n","protected":false},"featured_media":3135,"template":"","meta":[],"product_brand":[],"product_cat":[308],"product_tag":[],"class_list":{"0":"post-3134","1":"product","2":"type-product","3":"status-publish","4":"has-post-thumbnail","6":"product_cat-accessoires-electriques-pompes","8":"first","9":"instock","10":"shipping-taxable","11":"product-type-simple"},"yoast_head":"<!-- This site is optimized with the Yoast SEO plugin v26.7 - https:\/\/yoast.com\/wordpress\/plugins\/seo\/ -->\n<title>Variateurs de fr\u00e9quence pour pompes pour fontaines - Cascade<\/title>\n<meta name=\"description\" content=\"Les variateurs de fr\u00e9quence dynamisent la fontaine en faisant varier la fr\u00e9quence des moteurs des \u00e9lectropompes et donc la hauteur des jets d&#039;eau.\" \/>\n<meta name=\"robots\" content=\"index, follow, max-snippet:-1, max-image-preview:large, max-video-preview:-1\" \/>\n<link rel=\"canonical\" href=\"https:\/\/www.cascade.it\/fr\/prodotto\/variateurs-de-frequence\/\" \/>\n<meta property=\"og:locale\" content=\"fr_FR\" \/>\n<meta property=\"og:type\" content=\"article\" \/>\n<meta property=\"og:title\" content=\"Variateurs de fr\u00e9quence pour pompes pour fontaines - Cascade\" \/>\n<meta property=\"og:description\" content=\"Les variateurs de fr\u00e9quence dynamisent la fontaine en faisant varier la fr\u00e9quence des moteurs des \u00e9lectropompes et donc la hauteur des jets d&#039;eau.\" \/>\n<meta property=\"og:url\" content=\"https:\/\/www.cascade.it\/fr\/prodotto\/variateurs-de-frequence\/\" \/>\n<meta property=\"og:site_name\" content=\"Cascade\" \/>\n<meta property=\"article:modified_time\" content=\"2020-07-17T10:56:50+00:00\" \/>\n<meta property=\"og:image\" content=\"https:\/\/www.cascade.it\/new\/wp-content\/uploads\/Prodotti\/Pompe_per_fontane\/Accessori_per_pompe\/VARIATORI-DI-FREQUENZA.jpg\" \/>\n\t<meta property=\"og:image:width\" content=\"1300\" \/>\n\t<meta property=\"og:image:height\" content=\"1300\" \/>\n\t<meta property=\"og:image:type\" content=\"image\/jpeg\" \/>\n<meta name=\"twitter:card\" content=\"summary_large_image\" \/>\n<meta name=\"twitter:label1\" content=\"Dur\u00e9e de lecture estim\u00e9e\" \/>\n\t<meta name=\"twitter:data1\" content=\"1 minute\" \/>\n<!-- \/ Yoast SEO plugin. -->","yoast_head_json":{"title":"Variateurs de fr\u00e9quence pour pompes pour fontaines - Cascade","description":"Les variateurs de fr\u00e9quence dynamisent la fontaine en faisant varier la fr\u00e9quence des moteurs des \u00e9lectropompes et donc la hauteur des jets d'eau.","robots":{"index":"index","follow":"follow","max-snippet":"max-snippet:-1","max-image-preview":"max-image-preview:large","max-video-preview":"max-video-preview:-1"},"canonical":"https:\/\/www.cascade.it\/fr\/prodotto\/variateurs-de-frequence\/","og_locale":"fr_FR","og_type":"article","og_title":"Variateurs de fr\u00e9quence pour pompes pour fontaines - Cascade","og_description":"Les variateurs de fr\u00e9quence dynamisent la fontaine en faisant varier la fr\u00e9quence des moteurs des \u00e9lectropompes et donc la hauteur des jets d'eau.","og_url":"https:\/\/www.cascade.it\/fr\/prodotto\/variateurs-de-frequence\/","og_site_name":"Cascade","article_modified_time":"2020-07-17T10:56:50+00:00","og_image":[{"width":1300,"height":1300,"url":"https:\/\/www.cascade.it\/new\/wp-content\/uploads\/Prodotti\/Pompe_per_fontane\/Accessori_per_pompe\/VARIATORI-DI-FREQUENZA.jpg","type":"image\/jpeg"}],"twitter_card":"summary_large_image","twitter_misc":{"Dur\u00e9e de lecture estim\u00e9e":"1 minute"},"schema":{"@context":"https:\/\/schema.org","@graph":[{"@type":"WebPage","@id":"https:\/\/www.cascade.it\/fr\/prodotto\/variateurs-de-frequence\/","url":"https:\/\/www.cascade.it\/fr\/prodotto\/variateurs-de-frequence\/","name":"Variateurs de fr\u00e9quence pour pompes pour fontaines - Cascade","isPartOf":{"@id":"https:\/\/www.cascade.it\/fr\/#website"},"primaryImageOfPage":{"@id":"https:\/\/www.cascade.it\/fr\/prodotto\/variateurs-de-frequence\/#primaryimage"},"image":{"@id":"https:\/\/www.cascade.it\/fr\/prodotto\/variateurs-de-frequence\/#primaryimage"},"thumbnailUrl":"https:\/\/www.cascade.it\/new\/wp-content\/uploads\/Prodotti\/Pompe_per_fontane\/Accessori_per_pompe\/VARIATORI-DI-FREQUENZA.jpg","datePublished":"2019-05-02T08:54:25+00:00","dateModified":"2020-07-17T10:56:50+00:00","description":"Les variateurs de fr\u00e9quence dynamisent la fontaine en faisant varier la fr\u00e9quence des moteurs des \u00e9lectropompes et donc la hauteur des jets d'eau.","breadcrumb":{"@id":"https:\/\/www.cascade.it\/fr\/prodotto\/variateurs-de-frequence\/#breadcrumb"},"inLanguage":"fr-FR","potentialAction":[{"@type":"ReadAction","target":["https:\/\/www.cascade.it\/fr\/prodotto\/variateurs-de-frequence\/"]}]},{"@type":"ImageObject","inLanguage":"fr-FR","@id":"https:\/\/www.cascade.it\/fr\/prodotto\/variateurs-de-frequence\/#primaryimage","url":"https:\/\/www.cascade.it\/new\/wp-content\/uploads\/Prodotti\/Pompe_per_fontane\/Accessori_per_pompe\/VARIATORI-DI-FREQUENZA.jpg","contentUrl":"https:\/\/www.cascade.it\/new\/wp-content\/uploads\/Prodotti\/Pompe_per_fontane\/Accessori_per_pompe\/VARIATORI-DI-FREQUENZA.jpg","width":1300,"height":1300},{"@type":"BreadcrumbList","@id":"https:\/\/www.cascade.it\/fr\/prodotto\/variateurs-de-frequence\/#breadcrumb","itemListElement":[{"@type":"ListItem","position":1,"name":"Home","item":"https:\/\/www.cascade.it\/fr\/"},{"@type":"ListItem","position":2,"name":"Boutique","item":"https:\/\/www.cascade.it\/fr\/boutique\/"},{"@type":"ListItem","position":3,"name":"Variateurs de fr\u00e9quence"}]},{"@type":"WebSite","@id":"https:\/\/www.cascade.it\/fr\/#website","url":"https:\/\/www.cascade.it\/fr\/","name":"Cascade","description":"More than a fountain","potentialAction":[{"@type":"SearchAction","target":{"@type":"EntryPoint","urlTemplate":"https:\/\/www.cascade.it\/fr\/?s={search_term_string}"},"query-input":{"@type":"PropertyValueSpecification","valueRequired":true,"valueName":"search_term_string"}}],"inLanguage":"fr-FR"}]}},"_links":{"self":[{"href":"https:\/\/www.cascade.it\/fr\/wp-json\/wp\/v2\/product\/3134","targetHints":{"allow":["GET"]}}],"collection":[{"href":"https:\/\/www.cascade.it\/fr\/wp-json\/wp\/v2\/product"}],"about":[{"href":"https:\/\/www.cascade.it\/fr\/wp-json\/wp\/v2\/types\/product"}],"wp:featuredmedia":[{"embeddable":true,"href":"https:\/\/www.cascade.it\/fr\/wp-json\/wp\/v2\/media\/3135"}],"wp:attachment":[{"href":"https:\/\/www.cascade.it\/fr\/wp-json\/wp\/v2\/media?parent=3134"}],"wp:term":[{"taxonomy":"product_brand","embeddable":true,"href":"https:\/\/www.cascade.it\/fr\/wp-json\/wp\/v2\/product_brand?post=3134"},{"taxonomy":"product_cat","embeddable":true,"href":"https:\/\/www.cascade.it\/fr\/wp-json\/wp\/v2\/product_cat?post=3134"},{"taxonomy":"product_tag","embeddable":true,"href":"https:\/\/www.cascade.it\/fr\/wp-json\/wp\/v2\/product_tag?post=3134"}],"curies":[{"name":"wp","href":"https:\/\/api.w.org\/{rel}","templated":true}]}}