{"id":3124,"date":"2019-03-06T13:18:47","date_gmt":"2019-03-06T12:18:47","guid":{"rendered":"https:\/\/www.cascade.it\/new\/prodotto\/ninfea\/"},"modified":"2020-07-17T12:45:41","modified_gmt":"2020-07-17T10:45:41","slug":"ninfea","status":"publish","type":"product","link":"https:\/\/www.cascade.it\/fr\/prodotto\/ninfea\/","title":{"rendered":"Ninfea"},"content":{"rendered":"<p>&nbsp;<\/p>\n<div class=\"carousel-slider-outer carousel-slider-outer-image-carousel carousel-slider-outer-2202\" style=\"--carousel-slider-nav-color:#f1f1f1;--carousel-slider-active-nav-color:#00d1b2;--carousel-slider-arrow-size:48px;--carousel-slider-bullet-size:10px\">\n<div id=\"&#039;id-2202\" class=\"carousel-slider carousel-slider-2202 arrows-visibility-hover dots-visibility-never arrows-outside dots-center dots-square owl-carousel\" data-slide-type=\"image-carousel\" data-owl-settings='{\"nav\":true,\"dots\":false,\"slideBy\":1,\"stagePadding\":0,\"margin\":10,\"loop\":true,\"lazyLoad\":true,\"autoplay\":true,\"autoplayTimeout\":5000,\"autoplaySpeed\":500,\"autoplayHoverPause\":true,\"autoWidth\":false,\"responsive\":{\"300\":{\"items\":1},\"576\":{\"items\":2},\"768\":{\"items\":2},\"1024\":{\"items\":3},\"1280\":{\"items\":3},\"1536\":{\"items\":3}}}'>\n<div class=\"carousel-slider__item\">\n\t<img class=\"owl-lazy\" data-src=\"https:\/\/www.cascade.it\/new\/wp-content\/uploads\/2019\/08\/1-Ninfea.jpg\" alt=\"\"><\/a><\/div>\n\n<div class=\"carousel-slider__item\">\n\t<img class=\"owl-lazy\" data-src=\"https:\/\/www.cascade.it\/new\/wp-content\/uploads\/2019\/08\/2-Ninfea.jpg\" alt=\"\"><\/a><\/div>\n\n<div class=\"carousel-slider__item\">\n\t<img class=\"owl-lazy\" data-src=\"https:\/\/www.cascade.it\/new\/wp-content\/uploads\/2019\/08\/3-Ninfea.jpg\" alt=\"\"><\/a><\/div>\n\n<div class=\"carousel-slider__item\">\n\t<img class=\"owl-lazy\" data-src=\"https:\/\/www.cascade.it\/new\/wp-content\/uploads\/2019\/08\/4-Ninfea.jpg\" alt=\"\"><\/a><\/div>\n\n<\/div><!-- .carousel-slider-2202 -->\n<\/div><!-- .carousel-slider-outer-2202 -->\n\n<p>&nbsp;<\/p>\n<h1><span style=\"color: #1e73be;\">Fontaine d&rsquo;int\u00e9rieur Ninfea<\/span><\/h1>\n<p>La <strong>fontaine d&rsquo;int\u00e9rieur Ninfea<\/strong>, de par sa <strong>forme ronde,<\/strong> elle est recommand\u00e9e pour les environnements o\u00f9 l&rsquo;on souhaite pr\u00e9server au maximum l&rsquo;espace disponible.<\/p>\n<p>L&rsquo;absence d&rsquo;ar\u00eates lui conf\u00e8re en effet un profil compact. Cela vous permet d&rsquo;avoir une grande flexibilit\u00e9 dans l&rsquo;organisation des espaces, qu&rsquo;il s&rsquo;agisse de grandes pi\u00e8ces ou, surtout, de petites pi\u00e8ces.<\/p>\n<p>La <strong>fontaine Ninfea<\/strong> est compos\u00e9e de:<\/p>\n<ul>\n<li>r\u00e9servoire circulaire en mat\u00e9riau composite renforc\u00e9, de couleur blanche, effet grain, diam\u00e8tre maximum 108 cm, hauteur 35 cm;<\/li>\n<li>couvercle en composite blanc, effet grain, diam\u00e8tre 120 cm avec support pour la plaque centrale;<\/li>\n<li>plaque centrale en acier inox AISI 304, diam\u00e8tre 500 mm et \u00e9paisseur 5 mm, per\u00e7age pour l&rsquo;ajutage et les projecteurs, fentes pour recueillir l&rsquo;eau de retour; verrouillage de la plaque par 8 vis \u00e0 t\u00eate frais\u00e9e en acier inoxydable;<\/li>\n<li>ajutage <a href=\"https:\/\/www.cascade.it\/fr\/prodotto\/ajutage-campana\/\"><span style=\"text-decoration: underline;\"><strong>Campana 30<\/strong><\/span><\/a> ou <a href=\"https:\/\/www.cascade.it\/fr\/prodotto\/ajutage-spumeggiante\/\"><span style=\"text-decoration: underline;\"><strong>Spumeggiante 32<\/strong><\/span><\/a>;<\/li>\n<li>filet anti-\u00e9claboussures en acier inoxydable (pour ajutage Spumeggiante), qui vous permet d&rsquo;avoir de plus grandes hauteurs de jet d&rsquo;eau, assurant une absence quasi totale d&rsquo;\u00e9claboussures d&rsquo;eau;<\/li>\n<li>support en acier inoxydable AISI 304 pour support de l&rsquo;ajutage et raccordement de la pompe;<\/li>\n<li>pompe submersible avec d\u00e9bit et alimentation appropri\u00e9s, 230 Vca ou 24 Vcc;<\/li>\n<li>de 2 \u00e0 4 projecteurs immerg\u00e9s pour fontaines <a href=\"https:\/\/www.cascade.it\/fr\/prodotto\/mizar-3-rgb\/\"><strong><span style=\"text-decoration: underline;\">Mizar 3<\/span><\/strong><\/a> ou <a href=\"https:\/\/www.cascade.it\/fr\/prodotto\/mizar-9-rgb\/\"><span style=\"text-decoration: underline;\"><strong>Mizar 9<\/strong><\/span><\/a>.<\/li>\n<\/ul>\n<p>A ins\u00e9rer dans le tableau \u00e9lectrique: n\u00b0 1 Unit\u00e9 de contr\u00f4le pour projecteurs <a href=\"https:\/\/www.cascade.it\/fr\/prodotto\/multiple-pwm-station-mps4\/\"><span style=\"text-decoration: underline;\"><strong>MPS4<\/strong><\/span><\/a> ou <a href=\"https:\/\/www.cascade.it\/fr\/prodotto\/multiple-pwm-station-mps4-mod\/\"><span style=\"text-decoration: underline;\"><strong>MPS4-mod<\/strong><\/span><\/a>.<\/p>\n<p>&nbsp;<\/p>\n<h3>Donn\u00e9es techniques<\/h3>\n<div style=\"overflow-x: auto;\">\n<table width=\"90%\">\n<tbody>\n<tr>\n<td width=\"16%\"><strong>\u00a0<\/strong><\/td>\n<td class=\"thHorz\" width=\"83%\">Ninfea<\/td>\n<\/tr>\n<tr>\n<td class=\"thVert\" width=\"16%\">Code<\/td>\n<td width=\"83%\">NINFEA<\/td>\n<\/tr>\n<tr>\n<td class=\"thVert\" width=\"16%\">Dimensions r\u00e9servoir<\/td>\n<td width=\"83%\">\u00d8 108 cm max, h 35 cm<\/td>\n<\/tr>\n<tr>\n<td class=\"thVert\" width=\"16%\">Dimensions couvercle<\/td>\n<td width=\"83%\">\u00d8 120 cm<\/td>\n<\/tr>\n<tr>\n<td class=\"thVert\" width=\"16%\">Ajutages adapt\u00e9s<\/td>\n<td width=\"83%\">SP32 \u2013 CA30<\/td>\n<\/tr>\n<tr>\n<td class=\"thVert\" width=\"16%\">Projecteurs adapt\u00e9s<\/td>\n<td width=\"83%\">Mizar 3 \u2013 Mizar 9<\/td>\n<\/tr>\n<tr>\n<td class=\"thVert\" width=\"16%\">Pompe<\/td>\n<td width=\"83%\">Pompe submersible incluse<\/td>\n<\/tr>\n<tr>\n<td class=\"thVert\" width=\"16%\">Carte de contr\u00f4le projecteurs<\/td>\n<td width=\"83%\">MPS4 \u2013 MPS4 mod<\/td>\n<\/tr>\n<tr>\n<td class=\"thVert\" width=\"16%\">Mat\u00e9riel r\u00e9servoir et couvercle<\/td>\n<td width=\"83%\">Mat\u00e9riau composite effet grain, blanc<\/td>\n<\/tr>\n<tr>\n<td class=\"thVert\" width=\"16%\">Mat\u00e9riel plaque<\/td>\n<td width=\"83%\">Acier inox<\/td>\n<\/tr>\n<\/tbody>\n<\/table>\n<\/div>\n","protected":false},"excerpt":{"rendered":"<p>&nbsp; &nbsp; Fontaine d&rsquo;int\u00e9rieur Ninfea La fontaine d&rsquo;int\u00e9rieur Ninfea, de par sa forme ronde, elle est recommand\u00e9e pour les environnements o\u00f9 l&rsquo;on souhaite pr\u00e9server au maximum l&rsquo;espace disponible. L&rsquo;absence d&rsquo;ar\u00eates lui conf\u00e8re en effet un profil compact. Cela vous permet d&rsquo;avoir une grande flexibilit\u00e9 dans l&rsquo;organisation des espaces, qu&rsquo;il s&rsquo;agisse de grandes pi\u00e8ces ou, surtout, [&hellip;]<\/p>\n","protected":false},"featured_media":3125,"template":"","meta":[],"product_brand":[],"product_cat":[307],"product_tag":[],"class_list":{"0":"post-3124","1":"product","2":"type-product","3":"status-publish","4":"has-post-thumbnail","6":"product_cat-fontaines-dinterieur","8":"first","9":"instock","10":"shipping-taxable","11":"product-type-simple"},"yoast_head":"<!-- This site is optimized with the Yoast SEO plugin v26.7 - https:\/\/yoast.com\/wordpress\/plugins\/seo\/ -->\n<title>Fontaine d\u00ecint\u00e9rieur Ninfea - design simple et moderne - Cascade<\/title>\n<meta name=\"description\" content=\"La fontaine d&#039;int\u00e9rieur Ninfea est une fontaine pr\u00eate \u00e0 l&#039;emploi. Con\u00e7ue pour l&#039;int\u00e9rieur, elle convient \u00e9galement aux espaces ext\u00e9rieurs.\" \/>\n<meta name=\"robots\" content=\"index, follow, max-snippet:-1, max-image-preview:large, max-video-preview:-1\" \/>\n<link rel=\"canonical\" href=\"https:\/\/www.cascade.it\/fr\/prodotto\/ninfea\/\" \/>\n<meta property=\"og:locale\" content=\"fr_FR\" \/>\n<meta property=\"og:type\" content=\"article\" \/>\n<meta property=\"og:title\" content=\"Fontaine d\u00ecint\u00e9rieur Ninfea - design simple et moderne - Cascade\" \/>\n<meta property=\"og:description\" content=\"La fontaine d&#039;int\u00e9rieur Ninfea est une fontaine pr\u00eate \u00e0 l&#039;emploi. Con\u00e7ue pour l&#039;int\u00e9rieur, elle convient \u00e9galement aux espaces ext\u00e9rieurs.\" \/>\n<meta property=\"og:url\" content=\"https:\/\/www.cascade.it\/fr\/prodotto\/ninfea\/\" \/>\n<meta property=\"og:site_name\" content=\"Cascade\" \/>\n<meta property=\"article:modified_time\" content=\"2020-07-17T10:45:41+00:00\" \/>\n<meta property=\"og:image\" content=\"https:\/\/www.cascade.it\/new\/wp-content\/uploads\/Prodotti\/Fontane_per_interni\/NINFEA.jpg\" \/>\n\t<meta property=\"og:image:width\" content=\"1300\" \/>\n\t<meta property=\"og:image:height\" content=\"1300\" \/>\n\t<meta property=\"og:image:type\" content=\"image\/jpeg\" \/>\n<meta name=\"twitter:card\" content=\"summary_large_image\" \/>\n<meta name=\"twitter:label1\" content=\"Dur\u00e9e de lecture estim\u00e9e\" \/>\n\t<meta name=\"twitter:data1\" content=\"1 minute\" \/>\n<!-- \/ Yoast SEO plugin. -->","yoast_head_json":{"title":"Fontaine d\u00ecint\u00e9rieur Ninfea - design simple et moderne - Cascade","description":"La fontaine d'int\u00e9rieur Ninfea est une fontaine pr\u00eate \u00e0 l'emploi. Con\u00e7ue pour l'int\u00e9rieur, elle convient \u00e9galement aux espaces ext\u00e9rieurs.","robots":{"index":"index","follow":"follow","max-snippet":"max-snippet:-1","max-image-preview":"max-image-preview:large","max-video-preview":"max-video-preview:-1"},"canonical":"https:\/\/www.cascade.it\/fr\/prodotto\/ninfea\/","og_locale":"fr_FR","og_type":"article","og_title":"Fontaine d\u00ecint\u00e9rieur Ninfea - design simple et moderne - Cascade","og_description":"La fontaine d'int\u00e9rieur Ninfea est une fontaine pr\u00eate \u00e0 l'emploi. Con\u00e7ue pour l'int\u00e9rieur, elle convient \u00e9galement aux espaces ext\u00e9rieurs.","og_url":"https:\/\/www.cascade.it\/fr\/prodotto\/ninfea\/","og_site_name":"Cascade","article_modified_time":"2020-07-17T10:45:41+00:00","og_image":[{"width":1300,"height":1300,"url":"https:\/\/www.cascade.it\/new\/wp-content\/uploads\/Prodotti\/Fontane_per_interni\/NINFEA.jpg","type":"image\/jpeg"}],"twitter_card":"summary_large_image","twitter_misc":{"Dur\u00e9e de lecture estim\u00e9e":"1 minute"},"schema":{"@context":"https:\/\/schema.org","@graph":[{"@type":"WebPage","@id":"https:\/\/www.cascade.it\/fr\/prodotto\/ninfea\/","url":"https:\/\/www.cascade.it\/fr\/prodotto\/ninfea\/","name":"Fontaine d\u00ecint\u00e9rieur Ninfea - design simple et moderne - Cascade","isPartOf":{"@id":"https:\/\/www.cascade.it\/fr\/#website"},"primaryImageOfPage":{"@id":"https:\/\/www.cascade.it\/fr\/prodotto\/ninfea\/#primaryimage"},"image":{"@id":"https:\/\/www.cascade.it\/fr\/prodotto\/ninfea\/#primaryimage"},"thumbnailUrl":"https:\/\/www.cascade.it\/new\/wp-content\/uploads\/Prodotti\/Fontane_per_interni\/NINFEA.jpg","datePublished":"2019-03-06T12:18:47+00:00","dateModified":"2020-07-17T10:45:41+00:00","description":"La fontaine d'int\u00e9rieur Ninfea est une fontaine pr\u00eate \u00e0 l'emploi. Con\u00e7ue pour l'int\u00e9rieur, elle convient \u00e9galement aux espaces ext\u00e9rieurs.","breadcrumb":{"@id":"https:\/\/www.cascade.it\/fr\/prodotto\/ninfea\/#breadcrumb"},"inLanguage":"fr-FR","potentialAction":[{"@type":"ReadAction","target":["https:\/\/www.cascade.it\/fr\/prodotto\/ninfea\/"]}]},{"@type":"ImageObject","inLanguage":"fr-FR","@id":"https:\/\/www.cascade.it\/fr\/prodotto\/ninfea\/#primaryimage","url":"https:\/\/www.cascade.it\/new\/wp-content\/uploads\/Prodotti\/Fontane_per_interni\/NINFEA.jpg","contentUrl":"https:\/\/www.cascade.it\/new\/wp-content\/uploads\/Prodotti\/Fontane_per_interni\/NINFEA.jpg","width":1300,"height":1300},{"@type":"BreadcrumbList","@id":"https:\/\/www.cascade.it\/fr\/prodotto\/ninfea\/#breadcrumb","itemListElement":[{"@type":"ListItem","position":1,"name":"Home","item":"https:\/\/www.cascade.it\/fr\/"},{"@type":"ListItem","position":2,"name":"Boutique","item":"https:\/\/www.cascade.it\/fr\/boutique\/"},{"@type":"ListItem","position":3,"name":"Ninfea"}]},{"@type":"WebSite","@id":"https:\/\/www.cascade.it\/fr\/#website","url":"https:\/\/www.cascade.it\/fr\/","name":"Cascade","description":"More than a fountain","potentialAction":[{"@type":"SearchAction","target":{"@type":"EntryPoint","urlTemplate":"https:\/\/www.cascade.it\/fr\/?s={search_term_string}"},"query-input":{"@type":"PropertyValueSpecification","valueRequired":true,"valueName":"search_term_string"}}],"inLanguage":"fr-FR"}]}},"_links":{"self":[{"href":"https:\/\/www.cascade.it\/fr\/wp-json\/wp\/v2\/product\/3124","targetHints":{"allow":["GET"]}}],"collection":[{"href":"https:\/\/www.cascade.it\/fr\/wp-json\/wp\/v2\/product"}],"about":[{"href":"https:\/\/www.cascade.it\/fr\/wp-json\/wp\/v2\/types\/product"}],"wp:featuredmedia":[{"embeddable":true,"href":"https:\/\/www.cascade.it\/fr\/wp-json\/wp\/v2\/media\/3125"}],"wp:attachment":[{"href":"https:\/\/www.cascade.it\/fr\/wp-json\/wp\/v2\/media?parent=3124"}],"wp:term":[{"taxonomy":"product_brand","embeddable":true,"href":"https:\/\/www.cascade.it\/fr\/wp-json\/wp\/v2\/product_brand?post=3124"},{"taxonomy":"product_cat","embeddable":true,"href":"https:\/\/www.cascade.it\/fr\/wp-json\/wp\/v2\/product_cat?post=3124"},{"taxonomy":"product_tag","embeddable":true,"href":"https:\/\/www.cascade.it\/fr\/wp-json\/wp\/v2\/product_tag?post=3124"}],"curies":[{"name":"wp","href":"https:\/\/api.w.org\/{rel}","templated":true}]}}