{"id":3108,"date":"2019-02-21T09:55:14","date_gmt":"2019-02-21T08:55:14","guid":{"rendered":"https:\/\/www.cascade.it\/new\/prodotto\/monogetto\/"},"modified":"2020-07-21T13:00:37","modified_gmt":"2020-07-21T11:00:37","slug":"fontaine-flottante-mono","status":"publish","type":"product","link":"https:\/\/www.cascade.it\/fr\/prodotto\/fontaine-flottante-mono\/","title":{"rendered":"Monogetto"},"content":{"rendered":"<p>&nbsp;<\/p>\n<div class=\"carousel-slider-outer carousel-slider-outer-image-carousel carousel-slider-outer-2169\" style=\"--carousel-slider-nav-color:#f1f1f1;--carousel-slider-active-nav-color:#00d1b2;--carousel-slider-arrow-size:48px;--carousel-slider-bullet-size:10px\">\n<div id=\"&#039;id-2169\" class=\"carousel-slider carousel-slider-2169 arrows-visibility-hover dots-visibility-never arrows-outside dots-center dots-square owl-carousel\" data-slide-type=\"image-carousel\" data-owl-settings='{\"nav\":true,\"dots\":false,\"slideBy\":1,\"stagePadding\":0,\"margin\":10,\"loop\":true,\"lazyLoad\":true,\"autoplay\":true,\"autoplayTimeout\":5000,\"autoplaySpeed\":500,\"autoplayHoverPause\":true,\"autoWidth\":false,\"responsive\":{\"300\":{\"items\":1},\"576\":{\"items\":2},\"768\":{\"items\":2},\"1024\":{\"items\":3},\"1280\":{\"items\":3},\"1536\":{\"items\":3}}}'>\n<div class=\"carousel-slider__item\">\n\t<img class=\"owl-lazy\" data-src=\"https:\/\/www.cascade.it\/new\/wp-content\/uploads\/2019\/12\/0-Monogetto.jpg\" alt=\"\"><\/a><\/div>\n\n<div class=\"carousel-slider__item\">\n\t<img class=\"owl-lazy\" data-src=\"https:\/\/www.cascade.it\/new\/wp-content\/uploads\/2019\/12\/1-Monogetto.jpg\" alt=\"\"><\/a><\/div>\n\n<div class=\"carousel-slider__item\">\n\t<img class=\"owl-lazy\" data-src=\"https:\/\/www.cascade.it\/new\/wp-content\/uploads\/2019\/12\/2-Monogetto.jpg\" alt=\"\"><\/a><\/div>\n\n<div class=\"carousel-slider__item\">\n\t<img class=\"owl-lazy\" data-src=\"https:\/\/www.cascade.it\/new\/wp-content\/uploads\/2019\/12\/3-Monogetto.jpg\" alt=\"\"><\/a><\/div>\n\n<div class=\"carousel-slider__item\">\n\t<img class=\"owl-lazy\" data-src=\"https:\/\/www.cascade.it\/new\/wp-content\/uploads\/2019\/12\/5-Monogetto.jpg\" alt=\"\"><\/a><\/div>\n\n<div class=\"carousel-slider__item\">\n\t<img class=\"owl-lazy\" data-src=\"https:\/\/www.cascade.it\/new\/wp-content\/uploads\/2019\/12\/4-Monogetto.jpg\" alt=\"\"><\/a><\/div>\n\n<\/div><!-- .carousel-slider-2169 -->\n<\/div><!-- .carousel-slider-outer-2169 -->\n\n<h1><span style=\"color: #1e73be;\">Fontaine flottante Monogetto<\/span><\/h1>\n<p>La <strong>fontaine flottante Monogetto<\/strong> est compos\u00e9e d&rsquo;un corps flottant en <strong>mat\u00e9riau composite<\/strong> et d&rsquo;une structure de support en <strong>acier inoxydable<\/strong>, auxquels il faut ajouter la pompe \u00e9lectrique appropri\u00e9e, <strong>l&rsquo;ajutage<\/strong> central choisi qui est \u00e9quip\u00e9 d&rsquo;une bride pour le r\u00e9glage axial et d&rsquo;un r\u00e9gulateur de flux et l&rsquo;\u00e9clairage ad\u00e9quats (voir la section <a href=\"https:\/\/www.cascade.it\/fr\/produits\/eclairage-immerge-led\/projecteurs-led-mizar\/\"><span style=\"text-decoration: underline;\"><strong>PROJECTEURS LED MIZAR<\/strong><\/span><\/a>).<\/p>\n<p>Ajutages adapt\u00e9s \u00e0 la fontaine flottante Monogetto: <span style=\"text-decoration: underline;\"><a href=\"https:\/\/www.cascade.it\/fr\/prodotto\/ajutage-cometa-plus\/\"><strong>Cometa Plus 10<\/strong>&#8211;<strong>12-14-15-16-17-18<\/strong><\/a><\/span> &#8211; <span style=\"text-decoration: underline;\"><a href=\"https:\/\/www.cascade.it\/fr\/prodotto\/ajutage-girandola\/\"><strong>Girandola<\/strong><\/a><\/span> &#8211; <span style=\"text-decoration: underline;\"><a href=\"https:\/\/www.cascade.it\/fr\/prodotto\/ajutage-giglio-reale\/\"><strong>Giglio Reale<\/strong><\/a><\/span> &#8211; <span style=\"text-decoration: underline;\"><a href=\"https:\/\/www.cascade.it\/fr\/prodotto\/ajutage-pirouette\/\"><strong>Pirouette<\/strong><\/a><\/span> &#8211; <span style=\"text-decoration: underline;\"><a href=\"https:\/\/www.cascade.it\/fr\/prodotto\/ajutage-spumeggiante\/\"><strong>Spumeggiante 32<\/strong><\/a><\/span> &#8211; <span style=\"text-decoration: underline;\"><a href=\"https:\/\/www.cascade.it\/fr\/prodotto\/ajutage-vulcano-30-31-46\/\"><strong>Vulcano 30-31-46<\/strong><\/a><\/span>.<\/p>\n<p>&nbsp;<\/p>\n<h3>Donn\u00e9es techniques<\/h3>\n<div style=\"overflow-x: auto;\">\n<table width=\"87%\">\n<tbody>\n<tr>\n<td width=\"20%\"><strong>\u00a0<\/strong><\/td>\n<td class=\"thHorz\" width=\"79%\">Monogetto<\/td>\n<\/tr>\n<tr>\n<td class=\"thVert\" width=\"20%\">Dimensions hors tout max<\/td>\n<td width=\"79%\">En fonction du flotteur<\/td>\n<\/tr>\n<tr>\n<td class=\"thVert\" width=\"20%\">Ajutages<\/td>\n<td width=\"79%\">1 entre CO10P &#8211; CO12 &#8211; CO14 &#8211; CO15 &#8211; CO16 &#8211; CO17 &#8211; CO18 &#8211; CO20 &#8211; GI100 &#8211; GR100 &#8211; PI100 &#8211; SP32 &#8211; VU30 &#8211; VU31 &#8211; VU46<\/td>\n<\/tr>\n<tr>\n<td class=\"thVert\" width=\"20%\">Pompe<\/td>\n<td width=\"79%\">1 pompe submersible 230\/400 Vca ou 24 Vcc, en fonction de l&rsquo;ajutage<\/td>\n<\/tr>\n<tr>\n<td class=\"thVert\" width=\"20%\">Mat\u00e9riau structure<\/td>\n<td width=\"79%\">Acier inox<\/td>\n<\/tr>\n<tr>\n<td class=\"thVert\" width=\"20%\">Mat\u00e9riau flotteur<\/td>\n<td width=\"79%\">Mat\u00e9riau composite noir ou c\u00e9leste<\/td>\n<\/tr>\n<\/tbody>\n<\/table>\n<\/div>\n<p>&nbsp;<\/p>\n","protected":false},"excerpt":{"rendered":"<p>&nbsp; Fontaine flottante Monogetto La fontaine flottante Monogetto est compos\u00e9e d&rsquo;un corps flottant en mat\u00e9riau composite et d&rsquo;une structure de support en acier inoxydable, auxquels il faut ajouter la pompe \u00e9lectrique appropri\u00e9e, l&rsquo;ajutage central choisi qui est \u00e9quip\u00e9 d&rsquo;une bride pour le r\u00e9glage axial et d&rsquo;un r\u00e9gulateur de flux et l&rsquo;\u00e9clairage ad\u00e9quats (voir la section [&hellip;]<\/p>\n","protected":false},"featured_media":3109,"template":"","meta":[],"product_brand":[],"product_cat":[304],"product_tag":[],"class_list":{"0":"post-3108","1":"product","2":"type-product","3":"status-publish","4":"has-post-thumbnail","6":"product_cat-fontaines-flottantes-standard","8":"first","9":"instock","10":"shipping-taxable","11":"product-type-simple"},"yoast_head":"<!-- This site is optimized with the Yoast SEO plugin v26.7 - https:\/\/yoast.com\/wordpress\/plugins\/seo\/ -->\n<title>Fontaine flottante Monogetto - Cascade<\/title>\n<meta name=\"description\" content=\"Corps flottant en mat\u00e9riau composite et structure de support en acier inoxydable, auquel il faut ajouter l&#039;\u00e9lectropompe, l&#039;ajutage et l&#039;\u00e9clairage.\" \/>\n<meta name=\"robots\" content=\"index, follow, max-snippet:-1, max-image-preview:large, max-video-preview:-1\" \/>\n<link rel=\"canonical\" href=\"https:\/\/www.cascade.it\/fr\/prodotto\/fontaine-flottante-mono\/\" \/>\n<meta property=\"og:locale\" content=\"fr_FR\" \/>\n<meta property=\"og:type\" content=\"article\" \/>\n<meta property=\"og:title\" content=\"Fontaine flottante Monogetto - Cascade\" \/>\n<meta property=\"og:description\" content=\"Corps flottant en mat\u00e9riau composite et structure de support en acier inoxydable, auquel il faut ajouter l&#039;\u00e9lectropompe, l&#039;ajutage et l&#039;\u00e9clairage.\" \/>\n<meta property=\"og:url\" content=\"https:\/\/www.cascade.it\/fr\/prodotto\/fontaine-flottante-mono\/\" \/>\n<meta property=\"og:site_name\" content=\"Cascade\" \/>\n<meta property=\"article:modified_time\" content=\"2020-07-21T11:00:37+00:00\" \/>\n<meta property=\"og:image\" content=\"https:\/\/www.cascade.it\/new\/wp-content\/uploads\/Prodotti\/Fontane_galleggianti\/MONOGETTO.jpg\" \/>\n\t<meta property=\"og:image:width\" content=\"1300\" \/>\n\t<meta property=\"og:image:height\" content=\"1300\" \/>\n\t<meta property=\"og:image:type\" content=\"image\/jpeg\" \/>\n<meta name=\"twitter:card\" content=\"summary_large_image\" \/>\n<meta name=\"twitter:label1\" content=\"Dur\u00e9e de lecture estim\u00e9e\" \/>\n\t<meta name=\"twitter:data1\" content=\"1 minute\" \/>\n<!-- \/ Yoast SEO plugin. -->","yoast_head_json":{"title":"Fontaine flottante Monogetto - Cascade","description":"Corps flottant en mat\u00e9riau composite et structure de support en acier inoxydable, auquel il faut ajouter l'\u00e9lectropompe, l'ajutage et l'\u00e9clairage.","robots":{"index":"index","follow":"follow","max-snippet":"max-snippet:-1","max-image-preview":"max-image-preview:large","max-video-preview":"max-video-preview:-1"},"canonical":"https:\/\/www.cascade.it\/fr\/prodotto\/fontaine-flottante-mono\/","og_locale":"fr_FR","og_type":"article","og_title":"Fontaine flottante Monogetto - Cascade","og_description":"Corps flottant en mat\u00e9riau composite et structure de support en acier inoxydable, auquel il faut ajouter l'\u00e9lectropompe, l'ajutage et l'\u00e9clairage.","og_url":"https:\/\/www.cascade.it\/fr\/prodotto\/fontaine-flottante-mono\/","og_site_name":"Cascade","article_modified_time":"2020-07-21T11:00:37+00:00","og_image":[{"width":1300,"height":1300,"url":"https:\/\/www.cascade.it\/new\/wp-content\/uploads\/Prodotti\/Fontane_galleggianti\/MONOGETTO.jpg","type":"image\/jpeg"}],"twitter_card":"summary_large_image","twitter_misc":{"Dur\u00e9e de lecture estim\u00e9e":"1 minute"},"schema":{"@context":"https:\/\/schema.org","@graph":[{"@type":"WebPage","@id":"https:\/\/www.cascade.it\/fr\/prodotto\/fontaine-flottante-mono\/","url":"https:\/\/www.cascade.it\/fr\/prodotto\/fontaine-flottante-mono\/","name":"Fontaine flottante Monogetto - Cascade","isPartOf":{"@id":"https:\/\/www.cascade.it\/fr\/#website"},"primaryImageOfPage":{"@id":"https:\/\/www.cascade.it\/fr\/prodotto\/fontaine-flottante-mono\/#primaryimage"},"image":{"@id":"https:\/\/www.cascade.it\/fr\/prodotto\/fontaine-flottante-mono\/#primaryimage"},"thumbnailUrl":"https:\/\/www.cascade.it\/new\/wp-content\/uploads\/Prodotti\/Fontane_galleggianti\/MONOGETTO.jpg","datePublished":"2019-02-21T08:55:14+00:00","dateModified":"2020-07-21T11:00:37+00:00","description":"Corps flottant en mat\u00e9riau composite et structure de support en acier inoxydable, auquel il faut ajouter l'\u00e9lectropompe, l'ajutage et l'\u00e9clairage.","breadcrumb":{"@id":"https:\/\/www.cascade.it\/fr\/prodotto\/fontaine-flottante-mono\/#breadcrumb"},"inLanguage":"fr-FR","potentialAction":[{"@type":"ReadAction","target":["https:\/\/www.cascade.it\/fr\/prodotto\/fontaine-flottante-mono\/"]}]},{"@type":"ImageObject","inLanguage":"fr-FR","@id":"https:\/\/www.cascade.it\/fr\/prodotto\/fontaine-flottante-mono\/#primaryimage","url":"https:\/\/www.cascade.it\/new\/wp-content\/uploads\/Prodotti\/Fontane_galleggianti\/MONOGETTO.jpg","contentUrl":"https:\/\/www.cascade.it\/new\/wp-content\/uploads\/Prodotti\/Fontane_galleggianti\/MONOGETTO.jpg","width":1300,"height":1300},{"@type":"BreadcrumbList","@id":"https:\/\/www.cascade.it\/fr\/prodotto\/fontaine-flottante-mono\/#breadcrumb","itemListElement":[{"@type":"ListItem","position":1,"name":"Home","item":"https:\/\/www.cascade.it\/fr\/"},{"@type":"ListItem","position":2,"name":"Boutique","item":"https:\/\/www.cascade.it\/fr\/boutique\/"},{"@type":"ListItem","position":3,"name":"Monogetto"}]},{"@type":"WebSite","@id":"https:\/\/www.cascade.it\/fr\/#website","url":"https:\/\/www.cascade.it\/fr\/","name":"Cascade","description":"More than a fountain","potentialAction":[{"@type":"SearchAction","target":{"@type":"EntryPoint","urlTemplate":"https:\/\/www.cascade.it\/fr\/?s={search_term_string}"},"query-input":{"@type":"PropertyValueSpecification","valueRequired":true,"valueName":"search_term_string"}}],"inLanguage":"fr-FR"}]}},"_links":{"self":[{"href":"https:\/\/www.cascade.it\/fr\/wp-json\/wp\/v2\/product\/3108","targetHints":{"allow":["GET"]}}],"collection":[{"href":"https:\/\/www.cascade.it\/fr\/wp-json\/wp\/v2\/product"}],"about":[{"href":"https:\/\/www.cascade.it\/fr\/wp-json\/wp\/v2\/types\/product"}],"wp:featuredmedia":[{"embeddable":true,"href":"https:\/\/www.cascade.it\/fr\/wp-json\/wp\/v2\/media\/3109"}],"wp:attachment":[{"href":"https:\/\/www.cascade.it\/fr\/wp-json\/wp\/v2\/media?parent=3108"}],"wp:term":[{"taxonomy":"product_brand","embeddable":true,"href":"https:\/\/www.cascade.it\/fr\/wp-json\/wp\/v2\/product_brand?post=3108"},{"taxonomy":"product_cat","embeddable":true,"href":"https:\/\/www.cascade.it\/fr\/wp-json\/wp\/v2\/product_cat?post=3108"},{"taxonomy":"product_tag","embeddable":true,"href":"https:\/\/www.cascade.it\/fr\/wp-json\/wp\/v2\/product_tag?post=3108"}],"curies":[{"name":"wp","href":"https:\/\/api.w.org\/{rel}","templated":true}]}}