{"id":3103,"date":"2019-07-24T11:55:52","date_gmt":"2019-07-24T09:55:52","guid":{"rendered":"https:\/\/www.cascade.it\/new\/prodotto\/corona-reale\/"},"modified":"2020-07-21T12:58:20","modified_gmt":"2020-07-21T10:58:20","slug":"fontaine-flottante-corona-reale","status":"publish","type":"product","link":"https:\/\/www.cascade.it\/fr\/prodotto\/fontaine-flottante-corona-reale\/","title":{"rendered":"Corona Reale"},"content":{"rendered":"<p>&nbsp;<\/p>\n<div class=\"carousel-slider-outer carousel-slider-outer-image-carousel carousel-slider-outer-2144\" style=\"--carousel-slider-nav-color:#f1f1f1;--carousel-slider-active-nav-color:#00d1b2;--carousel-slider-arrow-size:48px;--carousel-slider-bullet-size:10px\">\n<div id=\"&#039;id-2144\" class=\"carousel-slider carousel-slider-2144 arrows-visibility-hover dots-visibility-never arrows-outside dots-center dots-square owl-carousel\" data-slide-type=\"image-carousel\" data-owl-settings='{\"nav\":true,\"dots\":false,\"slideBy\":1,\"stagePadding\":0,\"margin\":10,\"loop\":true,\"lazyLoad\":true,\"autoplay\":true,\"autoplayTimeout\":5000,\"autoplaySpeed\":500,\"autoplayHoverPause\":true,\"autoWidth\":false,\"responsive\":{\"300\":{\"items\":1},\"576\":{\"items\":2},\"768\":{\"items\":2},\"1024\":{\"items\":3},\"1280\":{\"items\":3},\"1536\":{\"items\":3}}}'>\n<div class=\"carousel-slider__item\">\n\t<img class=\"owl-lazy\" data-src=\"https:\/\/www.cascade.it\/new\/wp-content\/uploads\/2019\/08\/0-Corona-reale.jpg\" alt=\"\"><\/a><\/div>\n\n<div class=\"carousel-slider__item\">\n\t<img class=\"owl-lazy\" data-src=\"https:\/\/www.cascade.it\/new\/wp-content\/uploads\/2019\/08\/1-Corona-reale.jpg\" alt=\"\"><\/a><\/div>\n\n<div class=\"carousel-slider__item\">\n\t<img class=\"owl-lazy\" data-src=\"https:\/\/www.cascade.it\/new\/wp-content\/uploads\/2019\/08\/2-Corona-reale.jpg\" alt=\"\"><\/a><\/div>\n\n<div class=\"carousel-slider__item\">\n\t<img class=\"owl-lazy\" data-src=\"https:\/\/www.cascade.it\/new\/wp-content\/uploads\/2019\/08\/3-Corona-reale.jpg\" alt=\"\"><\/a><\/div>\n\n<\/div><!-- .carousel-slider-2144 -->\n<\/div><!-- .carousel-slider-outer-2144 -->\n\n<p>&nbsp;<\/p>\n<h1><span style=\"color: #1e73be;\">Fontaine flottante Corona Reale<\/span><\/h1>\n<p>La <strong>fontaine flottante Corona Reale<\/strong> est compos\u00e9e d&rsquo;un corps flottant en <strong>mat\u00e9riau composite<\/strong>, d&rsquo;une structure de support en <strong>acier inoxydable<\/strong> avec ajutage central <a href=\"https:\/\/www.cascade.it\/fr\/prodotto\/ajutage-vulcano-30-31-46\/\"><span style=\"text-decoration: underline;\"><strong>Vulcano 31<\/strong><\/span><\/a> et d&rsquo;un <a href=\"https:\/\/www.cascade.it\/fr\/prodotto\/anneaux-inox-standard-pour-fontaines\/\"><span style=\"text-decoration: underline;\"><strong>anneau externe en acier inoxydable<\/strong><\/span><\/a> \u00d8 200 cm avec 44 ajutages <a href=\"https:\/\/www.cascade.it\/fr\/prodotto\/ajutage-cometa\/\"><span style=\"text-decoration: underline;\"><strong>Cometa 3<\/strong><\/span><\/a>, auxquels il faut ajouter la pompe \u00e9lectrique appropri\u00e9e .<\/p>\n<p>L&rsquo;ajutage central est \u00e9quip\u00e9 d&rsquo;une <a href=\"https:\/\/www.cascade.it\/fr\/prodotto\/bride-reglage\/\"><span style=\"text-decoration: underline;\"><strong>bride pour le r\u00e9glage axial<\/strong><\/span><\/a> et d&rsquo;un r\u00e9gulateur de d\u00e9bit.<\/p>\n<p>Les ajutages Cometa, plac\u00e9es sur l&rsquo;anneau, peuvent \u00eatre inclin\u00e9s <strong>vers l&rsquo;ext\u00e9rieur<\/strong>, de sorte que la fontaine en fonctionnement aura un diam\u00e8tre d&rsquo;environ 270 cm ou ils pourront \u00eatre inclin\u00e9s<strong> vers l&rsquo;int\u00e9rieur<\/strong>, de sorte que la fontaine en fonctionnement aura un diam\u00e8tre d&rsquo;environ 200 cm .<\/p>\n<p>Hauteur de la fontaine en fonctionnement de 205 cm environ.<\/p>\n<p>La <strong>Corona Reale \u00e0 Double Anneau<\/strong> est compos\u00e9e d&rsquo;un corps flottant en <strong>mat\u00e9riau composite<\/strong> et d&rsquo;une structure de support en <strong>acier inoxydable<\/strong> avec ajutage central <a href=\"https:\/\/www.cascade.it\/fr\/prodotto\/ajutage-corona\/\"><span style=\"text-decoration: underline;\"><strong>Corona 24-4<\/strong><\/span><\/a>, anneau en acier inoxydable \u00d8 250 cm interm\u00e9diaire avec 52 ajutages Cometa 4 inclin\u00e9s vers l&rsquo;int\u00e9rieur et anneau ext\u00e9rieur en acier inoxydable \u00d8 310 cm avec 64 ajutages Cometa 4 inclin\u00e9s <strong>vers l&rsquo;ext\u00e9rieur<\/strong>, auxquels il faut ajouter la pompe \u00e9lectrique appropri\u00e9e.<\/p>\n<p>L&rsquo;ajutage central est \u00e9quip\u00e9 d&rsquo;une bride pour le r\u00e9glage axial et d&rsquo;un r\u00e9gulateur de d\u00e9bit.<\/p>\n<p>La fontaine flottante en fonctionnement a un diam\u00e8tre d&rsquo;environ 650 cm.<\/p>\n<p>&nbsp;<\/p>\n<h3>Donn\u00e9e techniques<\/h3>\n<div style=\"overflow-x: auto;\">\n<table width=\"94%\">\n<tbody>\n<tr>\n<td width=\"15%\"><strong>\u00a0<\/strong><\/td>\n<td class=\"thHorz\" width=\"36%\">Corona Reale<\/td>\n<td class=\"thHorz\" width=\"47%\">Corona Reale \u00e0 double anneau<\/td>\n<\/tr>\n<tr>\n<td class=\"thVert\" width=\"15%\">Code<\/td>\n<td width=\"36%\">CRRE<\/td>\n<td width=\"47%\">CRDA<\/td>\n<\/tr>\n<tr>\n<td class=\"thVert\" width=\"15%\">Dimensions hors tout max<\/td>\n<td width=\"36%\">\u00d8 200 cm<\/td>\n<td width=\"47%\">\u00d8 310 cm<\/td>\n<\/tr>\n<tr>\n<td class=\"thVert\" width=\"15%\">Ajutages<\/td>\n<td width=\"36%\">1 Vulcano 31 central + 44 Cometa 3 sur anneau<\/td>\n<td width=\"47%\">1 Corona 24-4 central + 52 Cometa 4 sur anneau interne + 64 Cometa 4 sur anneau externe<\/td>\n<\/tr>\n<tr>\n<td class=\"thVert\" width=\"15%\">Pompe<\/td>\n<td width=\"36%\">1 pompe submersible 230\/400 Vac<\/td>\n<td width=\"47%\">1 pompe submersible 230\/400 Vac<\/td>\n<\/tr>\n<tr>\n<td class=\"thVert\" width=\"15%\">Dimensions effet d&rsquo;eau<\/td>\n<td width=\"36%\">h 205 cm, \u00d8 270 cm max<\/td>\n<td width=\"47%\">\u00d8 650 cm max<\/td>\n<\/tr>\n<tr>\n<td class=\"thVert\" width=\"15%\">Mat\u00e9riel structure<\/td>\n<td width=\"36%\">Acier inox<\/td>\n<td width=\"47%\">Acier inox<\/td>\n<\/tr>\n<tr>\n<td class=\"thVert\" width=\"15%\">Mat\u00e9riel flotteurs<\/td>\n<td width=\"36%\">Mat\u00e9riau composite noir ou c\u00e9leste<\/td>\n<td width=\"47%\">Mat\u00e9riau composite noir ou c\u00e9leste<\/td>\n<\/tr>\n<\/tbody>\n<\/table>\n<\/div>\n<p>&nbsp;<\/p>\n","protected":false},"excerpt":{"rendered":"<p>&nbsp; &nbsp; Fontaine flottante Corona Reale La fontaine flottante Corona Reale est compos\u00e9e d&rsquo;un corps flottant en mat\u00e9riau composite, d&rsquo;une structure de support en acier inoxydable avec ajutage central Vulcano 31 et d&rsquo;un anneau externe en acier inoxydable \u00d8 200 cm avec 44 ajutages Cometa 3, auxquels il faut ajouter la pompe \u00e9lectrique appropri\u00e9e . [&hellip;]<\/p>\n","protected":false},"featured_media":3104,"template":"","meta":[],"product_brand":[],"product_cat":[304],"product_tag":[],"class_list":{"0":"post-3103","1":"product","2":"type-product","3":"status-publish","4":"has-post-thumbnail","6":"product_cat-fontaines-flottantes-standard","8":"first","9":"instock","10":"shipping-taxable","11":"product-type-simple"},"yoast_head":"<!-- This site is optimized with the Yoast SEO plugin v26.7 - https:\/\/yoast.com\/wordpress\/plugins\/seo\/ -->\n<title>Fontaine flottante Corona Reale - Cascade<\/title>\n<meta name=\"description\" content=\"Corps flottant en mat\u00e9riau composite, structure de support en acier inox, compl\u00e8te avec ajutage central VU31 et anneau inox avec 44 ajutages CO3.\" \/>\n<meta name=\"robots\" content=\"index, follow, max-snippet:-1, max-image-preview:large, max-video-preview:-1\" \/>\n<link rel=\"canonical\" href=\"https:\/\/www.cascade.it\/fr\/prodotto\/fontaine-flottante-corona-reale\/\" \/>\n<meta property=\"og:locale\" content=\"fr_FR\" \/>\n<meta property=\"og:type\" content=\"article\" \/>\n<meta property=\"og:title\" content=\"Fontaine flottante Corona Reale - Cascade\" \/>\n<meta property=\"og:description\" content=\"Corps flottant en mat\u00e9riau composite, structure de support en acier inox, compl\u00e8te avec ajutage central VU31 et anneau inox avec 44 ajutages CO3.\" \/>\n<meta property=\"og:url\" content=\"https:\/\/www.cascade.it\/fr\/prodotto\/fontaine-flottante-corona-reale\/\" \/>\n<meta property=\"og:site_name\" content=\"Cascade\" \/>\n<meta property=\"article:modified_time\" content=\"2020-07-21T10:58:20+00:00\" \/>\n<meta property=\"og:image\" content=\"https:\/\/www.cascade.it\/new\/wp-content\/uploads\/2019\/07\/CORONA-REALE.jpg\" \/>\n\t<meta property=\"og:image:width\" content=\"1300\" \/>\n\t<meta property=\"og:image:height\" content=\"1300\" \/>\n\t<meta property=\"og:image:type\" content=\"image\/jpeg\" \/>\n<meta name=\"twitter:card\" content=\"summary_large_image\" \/>\n<meta name=\"twitter:label1\" content=\"Dur\u00e9e de lecture estim\u00e9e\" \/>\n\t<meta name=\"twitter:data1\" content=\"2 minutes\" \/>\n<!-- \/ Yoast SEO plugin. -->","yoast_head_json":{"title":"Fontaine flottante Corona Reale - Cascade","description":"Corps flottant en mat\u00e9riau composite, structure de support en acier inox, compl\u00e8te avec ajutage central VU31 et anneau inox avec 44 ajutages CO3.","robots":{"index":"index","follow":"follow","max-snippet":"max-snippet:-1","max-image-preview":"max-image-preview:large","max-video-preview":"max-video-preview:-1"},"canonical":"https:\/\/www.cascade.it\/fr\/prodotto\/fontaine-flottante-corona-reale\/","og_locale":"fr_FR","og_type":"article","og_title":"Fontaine flottante Corona Reale - Cascade","og_description":"Corps flottant en mat\u00e9riau composite, structure de support en acier inox, compl\u00e8te avec ajutage central VU31 et anneau inox avec 44 ajutages CO3.","og_url":"https:\/\/www.cascade.it\/fr\/prodotto\/fontaine-flottante-corona-reale\/","og_site_name":"Cascade","article_modified_time":"2020-07-21T10:58:20+00:00","og_image":[{"width":1300,"height":1300,"url":"https:\/\/www.cascade.it\/new\/wp-content\/uploads\/2019\/07\/CORONA-REALE.jpg","type":"image\/jpeg"}],"twitter_card":"summary_large_image","twitter_misc":{"Dur\u00e9e de lecture estim\u00e9e":"2 minutes"},"schema":{"@context":"https:\/\/schema.org","@graph":[{"@type":"WebPage","@id":"https:\/\/www.cascade.it\/fr\/prodotto\/fontaine-flottante-corona-reale\/","url":"https:\/\/www.cascade.it\/fr\/prodotto\/fontaine-flottante-corona-reale\/","name":"Fontaine flottante Corona Reale - Cascade","isPartOf":{"@id":"https:\/\/www.cascade.it\/fr\/#website"},"primaryImageOfPage":{"@id":"https:\/\/www.cascade.it\/fr\/prodotto\/fontaine-flottante-corona-reale\/#primaryimage"},"image":{"@id":"https:\/\/www.cascade.it\/fr\/prodotto\/fontaine-flottante-corona-reale\/#primaryimage"},"thumbnailUrl":"https:\/\/www.cascade.it\/new\/wp-content\/uploads\/2019\/07\/CORONA-REALE.jpg","datePublished":"2019-07-24T09:55:52+00:00","dateModified":"2020-07-21T10:58:20+00:00","description":"Corps flottant en mat\u00e9riau composite, structure de support en acier inox, compl\u00e8te avec ajutage central VU31 et anneau inox avec 44 ajutages CO3.","breadcrumb":{"@id":"https:\/\/www.cascade.it\/fr\/prodotto\/fontaine-flottante-corona-reale\/#breadcrumb"},"inLanguage":"fr-FR","potentialAction":[{"@type":"ReadAction","target":["https:\/\/www.cascade.it\/fr\/prodotto\/fontaine-flottante-corona-reale\/"]}]},{"@type":"ImageObject","inLanguage":"fr-FR","@id":"https:\/\/www.cascade.it\/fr\/prodotto\/fontaine-flottante-corona-reale\/#primaryimage","url":"https:\/\/www.cascade.it\/new\/wp-content\/uploads\/2019\/07\/CORONA-REALE.jpg","contentUrl":"https:\/\/www.cascade.it\/new\/wp-content\/uploads\/2019\/07\/CORONA-REALE.jpg","width":1300,"height":1300},{"@type":"BreadcrumbList","@id":"https:\/\/www.cascade.it\/fr\/prodotto\/fontaine-flottante-corona-reale\/#breadcrumb","itemListElement":[{"@type":"ListItem","position":1,"name":"Home","item":"https:\/\/www.cascade.it\/fr\/"},{"@type":"ListItem","position":2,"name":"Boutique","item":"https:\/\/www.cascade.it\/fr\/boutique\/"},{"@type":"ListItem","position":3,"name":"Corona Reale"}]},{"@type":"WebSite","@id":"https:\/\/www.cascade.it\/fr\/#website","url":"https:\/\/www.cascade.it\/fr\/","name":"Cascade","description":"More than a fountain","potentialAction":[{"@type":"SearchAction","target":{"@type":"EntryPoint","urlTemplate":"https:\/\/www.cascade.it\/fr\/?s={search_term_string}"},"query-input":{"@type":"PropertyValueSpecification","valueRequired":true,"valueName":"search_term_string"}}],"inLanguage":"fr-FR"}]}},"_links":{"self":[{"href":"https:\/\/www.cascade.it\/fr\/wp-json\/wp\/v2\/product\/3103","targetHints":{"allow":["GET"]}}],"collection":[{"href":"https:\/\/www.cascade.it\/fr\/wp-json\/wp\/v2\/product"}],"about":[{"href":"https:\/\/www.cascade.it\/fr\/wp-json\/wp\/v2\/types\/product"}],"wp:featuredmedia":[{"embeddable":true,"href":"https:\/\/www.cascade.it\/fr\/wp-json\/wp\/v2\/media\/3104"}],"wp:attachment":[{"href":"https:\/\/www.cascade.it\/fr\/wp-json\/wp\/v2\/media?parent=3103"}],"wp:term":[{"taxonomy":"product_brand","embeddable":true,"href":"https:\/\/www.cascade.it\/fr\/wp-json\/wp\/v2\/product_brand?post=3103"},{"taxonomy":"product_cat","embeddable":true,"href":"https:\/\/www.cascade.it\/fr\/wp-json\/wp\/v2\/product_cat?post=3103"},{"taxonomy":"product_tag","embeddable":true,"href":"https:\/\/www.cascade.it\/fr\/wp-json\/wp\/v2\/product_tag?post=3103"}],"curies":[{"name":"wp","href":"https:\/\/api.w.org\/{rel}","templated":true}]}}